{"id":593,"date":"2019-02-06T23:46:30","date_gmt":"2019-02-06T20:46:30","guid":{"rendered":"http:\/\/hortum.com.tr\/product\/import-placeholder-for-361\/"},"modified":"2024-03-21T17:45:05","modified_gmt":"2024-03-21T14:45:05","slug":"sonoafs-alu-forte-green","status":"publish","type":"product","link":"https:\/\/tuzlahortum.com.tr\/en\/product\/sonoafs-alu-forte-green\/","title":{"rendered":"SONOAFS-ALU FORTE GREEN"},"content":{"rendered":"<h2>SONOAFS-ALU FORTE GREEN<\/h2>\n<h3>Types<\/h3>\n<table class=\"table table-hover table-bordered\">\n<tbody>\n<tr>\n<th class=\"urunDetayth\">Flexible Channel Construction<\/th>\n<td>3 layers of Aluminum + 2 layers of Polyester<\/td>\n<\/tr>\n<tr>\n<th class=\"urunDetayth\">Flexible Duct Nominal Thickness<\/th>\n<td>70 micron<\/td>\n<\/tr>\n<tr>\n<th class=\"urunDetayth\">Jacket Construction<\/th>\n<td>1 layer of Aluminum + 2 layers of Polyester<\/td>\n<\/tr>\n<tr>\n<th class=\"urunDetayth\">Jacket Nominal Thickness<\/th>\n<td>45 micron<\/td>\n<\/tr>\n<tr>\n<th class=\"urunDetayth\">Insulation - Thickness - Density<\/th>\n<td>Glass Wool 25 mm \u2013 16 kg\/m\u00b3<\/td>\n<\/tr>\n<tr>\n<th class=\"urunDetayth\">Diameter Range<\/th>\n<td>52mm \u2013 800mm<\/td>\n<\/tr>\n<tr>\n<th class=\"urunDetayth\">Operating Temperature Range<\/th>\n<td>-30 \u00b0C \/ +150 \u00b0C<\/td>\n<\/tr>\n<tr>\n<th class=\"urunDetayth\">Air Flow Rate<\/th>\n<td>30 m\/s (maximum)<\/td>\n<\/tr>\n<tr>\n<th class=\"urunDetayth\">Operating pressure<\/th>\n<td>3000 Pa (maximum)<\/td>\n<\/tr>\n<tr>\n<th class=\"urunDetayth\">Standard Length<\/th>\n<td>10m<\/td>\n<\/tr>\n<tr>\n<th class=\"urunDetayth\">Packaging<\/th>\n<td>single cardboard box<\/td>\n<\/tr>\n<tr>\n<th class=\"urunDetayth\">Reaction to Fire<\/th>\n<td>No Flame<\/td>\n<\/tr>\n<\/tbody>\n<\/table>\n<div><\/div>\n<div class=\"txt\">\n<div class=\"video video-fit mb\" style=\"padding-top:56.25%;\"><p><iframe loading=\"lazy\" title=\"Measurement Confusion (Inch, Finger, Haze, Millimeter)\" width=\"1020\" height=\"574\" src=\"https:\/\/www.youtube.com\/embed\/uKk6AG_AZls?feature=oembed\" frameborder=\"0\" allow=\"accelerometer; autoplay; clipboard-write; encrypted-media; gyroscope; picture-in-picture; web-share\" referrerpolicy=\"strict-origin-when-cross-origin\" allowfullscreen><\/iframe><\/p>\n<\/div>\n<p><strong>SONOAFS-ALU.F FORTE GREEN<\/strong><\/p>\n<h4>General features<\/h4>\n<div class=\"txt\">SONOAFS-ALU FORTE GREEN heat and sound insulated aluminum flexible air ducts, low and medium pressure heating,<\/div>\n<div class=\"txt\">It is a multi-purpose heat insulated (heat insulated) specially designed for cooling, ventilation, air conditioning and waste gas systems.<\/div>\n<div class=\"txt\">flexible air duct. Reinforcement of multi-layer laminated aluminum and polyester material with high tensile spiral steel wire<\/div>\n<div class=\"txt\">ALUAFS FORTE GREEN aluminum flexible air ducts produced are perforated and then insulated with glass wool.<\/div>\n<div class=\"txt\">produced. An aluminum jacket, that is, a moisture barrier, is dressed on the insulation material. SONOAFS-ALU FORTE GREEN is extremely<\/div>\n<div class=\"txt\">It has high flexibility, bending and compressibility properties. It is easy to assemble in oval, round and corner joints.<\/div>\n<div class=\"txt\">SONOAFS-ALU FORTE GREEN flexible air ducts have been scanned for hundreds of chemicals, tested in a dynamic test room and both indoor and outdoor.<\/div>\n<div class=\"txt\">It complies with both the criteria and the lower level criteria developed for environments such as kindergartens and schools, taking into account the sensitive nature of children.<\/div>\n<div class=\"txt\">has been certified. Dimensions, tolerances and mechanical strength properties of SONOAFS-ALU FORTE GREEN flexible air ducts<\/div>\n<div class=\"txt\">\u00a0<u>EN 13180<\/u>\u00a0It is tested, classified and certified according to the standard<\/div>\n<\/div>","protected":false},"excerpt":{"rendered":"<p>SONOAFS-ALU FORTE GREEN Tipler Flexible Kanal Konstr\u00fcksiyonu 3 kat Al\u00fcminyum + 2 kat Polyester Flexible Kanal Nominal Kal\u0131nl\u0131\u011f\u0131 70 mikron Ceket Kontr\u00fcksiyonu 1 kat Al\u00fcminyum + 2 kat Polyester Ceket Nominal Kal\u0131nl\u0131\u011f\u0131 45 mikron \u0130zolasyon &#8211; Kal\u0131nl\u0131k &#8211; Yo\u011funluk Cam Y\u00fcn\u00fc 25 mm &#8211; 16 kg\/m\u00b3 \u00c7ap Aral\u0131\u011f\u0131 52 mm &#8211; 800 mm \u00c7al\u0131\u015fma S\u0131cakl\u0131\u011f\u0131 [&#8230;]\n","protected":false},"featured_media":6967,"comment_status":"open","ping_status":"closed","template":"","meta":{"jetpack_post_was_ever_published":false},"product_brand":[],"product_cat":[135],"product_tag":[265,264,260,261,258,266,262,259,267,263],"class_list":{"0":"post-593","1":"product","2":"type-product","3":"status-publish","4":"has-post-thumbnail","6":"product_cat-esnek-aluminyum-hava-kanali","7":"product_tag-bukulme","8":"product_tag-esneme","9":"product_tag-havalandirma-ve-iklimlendirme-sistemleri","10":"product_tag-helezon-celik","11":"product_tag-isitma","12":"product_tag-sikistirilabilme","13":"product_tag-sizdirmaz","14":"product_tag-sogutma","15":"product_tag-tasima-kolayligi","16":"product_tag-yogusmayi-engelleme","18":"first","19":"instock","20":"taxable","21":"shipping-taxable","22":"product-type-variable"},"jetpack-related-posts":[],"jetpack_sharing_enabled":true,"jetpack_likes_enabled":true,"_links":{"self":[{"href":"https:\/\/tuzlahortum.com.tr\/en\/wp-json\/wp\/v2\/product\/593","targetHints":{"allow":["GET"]}}],"collection":[{"href":"https:\/\/tuzlahortum.com.tr\/en\/wp-json\/wp\/v2\/product"}],"about":[{"href":"https:\/\/tuzlahortum.com.tr\/en\/wp-json\/wp\/v2\/types\/product"}],"replies":[{"embeddable":true,"href":"https:\/\/tuzlahortum.com.tr\/en\/wp-json\/wp\/v2\/comments?post=593"}],"wp:featuredmedia":[{"embeddable":true,"href":"https:\/\/tuzlahortum.com.tr\/en\/wp-json\/wp\/v2\/media\/6967"}],"wp:attachment":[{"href":"https:\/\/tuzlahortum.com.tr\/en\/wp-json\/wp\/v2\/media?parent=593"}],"wp:term":[{"taxonomy":"product_brand","embeddable":true,"href":"https:\/\/tuzlahortum.com.tr\/en\/wp-json\/wp\/v2\/product_brand?post=593"},{"taxonomy":"product_cat","embeddable":true,"href":"https:\/\/tuzlahortum.com.tr\/en\/wp-json\/wp\/v2\/product_cat?post=593"},{"taxonomy":"product_tag","embeddable":true,"href":"https:\/\/tuzlahortum.com.tr\/en\/wp-json\/wp\/v2\/product_tag?post=593"}],"curies":[{"name":"wp","href":"https:\/\/api.w.org\/{rel}","templated":true}]}}