{"id":592,"date":"2019-02-06T23:46:30","date_gmt":"2019-02-06T20:46:30","guid":{"rendered":"http:\/\/hortum.com.tr\/product\/import-placeholder-for-359\/"},"modified":"2024-03-22T08:07:55","modified_gmt":"2024-03-22T05:07:55","slug":"sonoafs-hijyen-green","status":"publish","type":"product","link":"https:\/\/tuzlahortum.com.tr\/en\/product\/sonoafs-hijyen-green\/","title":{"rendered":"SONOAFS-ALU HYGIENE GREEN"},"content":{"rendered":"<h2>SONOAFS-ALU H\u0130JYEN GREEN<\/h2>\n<div class=\"info txt\">Greenguard Sertifikal\u0131 Is\u0131 ve Ses \u0130zoleli Al\u00fcminyum Hijyen Flexible Hava Kanallar\u0131<\/div>\n<div><\/div>\n<div>\n<table class=\"table table-hover table-bordered\">\n<tbody>\n<tr>\n<th class=\"urunDetayth\">Flexible Kanal Konstr\u00fcksiyonu<\/th>\n<td>[3 kat Al\u00fcminyum + 2 kat Polyester + Hijyen Kaplama] (Perfore) \/ Bariyer<\/td>\n<\/tr>\n<tr>\n<th class=\"urunDetayth\">Flexible Kanal Nominal Kal\u0131nl\u0131\u011f\u0131<\/th>\n<td>70 mikron + Hijyen Kaplama<\/td>\n<\/tr>\n<tr>\n<th class=\"urunDetayth\">Ceket Kontr\u00fcksiyonu<\/th>\n<td>1 kat Al\u00fcminyum + 2 kat Polyester<\/td>\n<\/tr>\n<tr>\n<th class=\"urunDetayth\">Ceket Nominal Kal\u0131nl\u0131\u011f\u0131<\/th>\n<td>45 mikron<\/td>\n<\/tr>\n<tr>\n<th class=\"urunDetayth\">\u0130zolasyon &#8211; Kal\u0131nl\u0131k &#8211; Yo\u011funluk<\/th>\n<td>Cam Y\u00fcn\u00fc 25 mm &#8211; 16 kg\/m\u00b3<\/td>\n<\/tr>\n<tr>\n<th class=\"urunDetayth\">\u00c7ap Aral\u0131\u011f\u0131<\/th>\n<td>82 mm &#8211; 800 mm<\/td>\n<\/tr>\n<tr>\n<th class=\"urunDetayth\">\u00c7al\u0131\u015fma S\u0131cakl\u0131\u011f\u0131 Aral\u0131\u011f\u0131<\/th>\n<td>-30 \u00b0C \/ +150 \u00b0C<\/td>\n<\/tr>\n<tr>\n<th class=\"urunDetayth\">Hava Ak\u0131\u015f H\u0131z\u0131<\/th>\n<td>30 m\/s (maksimum)<\/td>\n<\/tr>\n<tr>\n<th class=\"urunDetayth\">\u00c7al\u0131\u015fma Bas\u0131nc\u0131<\/th>\n<td>3000 Pa (maksimum)<\/td>\n<\/tr>\n<tr>\n<th class=\"urunDetayth\">Standart Uzunluk<\/th>\n<td>10 m<\/td>\n<\/tr>\n<tr>\n<th class=\"urunDetayth\">Paketleme<\/th>\n<td>Tekli karton kutu<\/td>\n<\/tr>\n<tr>\n<th class=\"urunDetayth\">Ate\u015fe Tepki<\/th>\n<td>Alev Y\u00fcr\u00fctmez<\/td>\n<\/tr>\n<\/tbody>\n<\/table>\n<\/div>\n<h3><div class=\"video video-fit mb\" style=\"padding-top:56.25%;\"><p><iframe loading=\"lazy\" title=\"\u00d6l\u00e7\u00fc Karma\u015fas\u0131 (Inch, Parmak, Pus, Milimetre)\" width=\"1020\" height=\"574\" src=\"https:\/\/www.youtube.com\/embed\/uKk6AG_AZls?feature=oembed\" frameborder=\"0\" allow=\"accelerometer; autoplay; clipboard-write; encrypted-media; gyroscope; picture-in-picture; web-share\" referrerpolicy=\"strict-origin-when-cross-origin\" allowfullscreen><\/iframe><\/p>\n<\/div><\/h3>\n<h3>Tipler<\/h3>\n<div class=\"txt\">\n<p>SONOAFS-ALU.70 GREEN SONOAFS-ALU.F GREEN<\/p>\n<h4>Genel \u00d6zellikler<\/h4>\n<div class=\"txt\">\u00a0 <strong>SONOAFS-ALU HYGIENE GREEN<\/strong>\u00a0\u0131s\u0131 ve ses izoleli al\u00fcminyum flexible hava kanallar\u0131, d\u00fc\u015f\u00fck ve orta bas\u0131n\u00e7ta \u00e7al\u0131\u015fan \u0131s\u0131tma,<\/div>\n<div class=\"txt\">so\u011futma, havaland\u0131rma, iklimlendirme ve at\u0131k gaz sistemleri i\u00e7in \u00f6zel olarak dizayn edilmi\u015f, \u00e7ok ama\u00e7l\u0131 bir \u0131s\u0131 izoleli (\u0131s\u0131 yal\u0131t\u0131ml\u0131)<\/div>\n<div class=\"txt\">flexible hava kanal\u0131d\u0131r. \u00c7ok katl\u0131 laminasyonlu al\u00fcminyum ve polyester malzemenin y\u00fcksek gerilimli helezon \u00e7elik tel ile takviyesiyle<\/div>\n<div class=\"txt\">\u00fcretilen ALUAFS HYGIENE GREEN al\u00fcminyum flexible hava kanallar\u0131n\u0131n perfore hale getirilmesinden sonra cam y\u00fcn\u00fc ile izole edilmesiyle<\/div>\n<div class=\"txt\">\u00fcretilmi\u015ftir. \u0130zolasyon malzemesinin \u00fczerine al\u00fcminyum ceket yani nem bariyeri giydirilmi\u015ftir. SONOAFS-ALU HYGIENE GREEN son derece<\/div>\n<div class=\"txt\">y\u00fcksek esneme, b\u00fck\u00fclme ve s\u0131k\u0131\u015ft\u0131r\u0131labilme \u00f6zelli\u011fine sahiptir. Oval, yuvarlak ve k\u00f6\u015fe birle\u015ftirme yerlerinde montaj\u0131 kolayd\u0131r. SONOAFS-ALU<\/div>\n<div class=\"txt\">HYGIENE GREEN flexible hava kanallar\u0131 y\u00fczlerce kimyasal i\u00e7in taranm\u0131\u015f, dinamik test odas\u0131nda test edilmi\u015f ve hem i\u00e7 ortam kriterlerine hem<\/div>\n<div class=\"txt\">de \u00e7ocuklar\u0131n hassas yap\u0131s\u0131 dikkate al\u0131narak, kre\u015f, okul gibi ortamlar i\u00e7in geli\u015ftirilmi\u015f daha d\u00fc\u015f\u00fck seviyedeki kriterlere uymakta oldu\u011fu sertifikaland\u0131r\u0131lm\u0131\u015ft\u0131r.<\/div>\n<\/div>\n","protected":false},"excerpt":{"rendered":"<p>SONOAFS-ALU H\u0130JYEN GREEN Greenguard Sertifikal\u0131 Is\u0131 ve Ses \u0130zoleli Al\u00fcminyum Hijyen Flexible Hava Kanallar\u0131 Flexible Kanal Konstr\u00fcksiyonu [3 kat Al\u00fcminyum + 2 kat Polyester + Hijyen Kaplama] (Perfore) \/ Bariyer Flexible Kanal Nominal Kal\u0131nl\u0131\u011f\u0131 70 mikron + Hijyen Kaplama Ceket Kontr\u00fcksiyonu 1 kat Al\u00fcminyum + 2 kat Polyester Ceket Nominal Kal\u0131nl\u0131\u011f\u0131 45 mikron \u0130zolasyon &#8211; [&#8230;]\n","protected":false},"featured_media":6969,"comment_status":"open","ping_status":"closed","template":"","meta":{"jetpack_post_was_ever_published":false},"product_brand":[],"product_cat":[135],"product_tag":[265,264,260,261,258,266,262,259,267,263],"class_list":{"0":"post-592","1":"product","2":"type-product","3":"status-publish","4":"has-post-thumbnail","6":"product_cat-esnek-aluminyum-hava-kanali","7":"product_tag-bukulme","8":"product_tag-esneme","9":"product_tag-havalandirma-ve-iklimlendirme-sistemleri","10":"product_tag-helezon-celik","11":"product_tag-isitma","12":"product_tag-sikistirilabilme","13":"product_tag-sizdirmaz","14":"product_tag-sogutma","15":"product_tag-tasima-kolayligi","16":"product_tag-yogusmayi-engelleme","18":"first","19":"instock","20":"taxable","21":"shipping-taxable","22":"product-type-variable"},"jetpack-related-posts":[{"id":591,"url":"https:\/\/tuzlahortum.com.tr\/en\/product\/isoafs-alu-hijyen-green\/","url_meta":{"origin":592,"position":0},"title":"ISOAFS-ALU HYGIENE GREEN","author":"admin","date":"6 February 2019","format":false,"excerpt":"ISOAFS-ALU H\u0130JYEN GREENGreenguard sertifikal\u0131, \u0131s\u0131 izoleli anti mikrobiyal al\u00fcminyum flexible hava kanallar\u0131 Tipler ISOAFS-ALU.F HYGIENE GREEN Genel \u00d6zellikler Flexible Kanal Konstr\u00fcksiyonu 3 kat Al\u00fcminyum + 2 kat Polyester + Hijyen Kaplama Flexible Kanal Nominal Kal\u0131nl\u0131\u011f\u0131 70 mikron + Hijyen Kaplama Ceket Kontr\u00fcksiyonu 1 kat Al\u00fcminyum + 2 kat Polyester Ceket\u2026","rel":"","context":"Similar post","block_context":{"text":"Similar post","link":""},"img":{"alt_text":"","src":"https:\/\/i0.wp.com\/tuzlahortum.com.tr\/wp-content\/uploads\/2019\/03\/ISOAFS-ALU-HYGIENE-GREEN.png?fit=800%2C800&ssl=1&resize=350%2C200","width":350,"height":200,"srcset":"https:\/\/i0.wp.com\/tuzlahortum.com.tr\/wp-content\/uploads\/2019\/03\/ISOAFS-ALU-HYGIENE-GREEN.png?fit=800%2C800&ssl=1&resize=350%2C200 1x, https:\/\/i0.wp.com\/tuzlahortum.com.tr\/wp-content\/uploads\/2019\/03\/ISOAFS-ALU-HYGIENE-GREEN.png?fit=800%2C800&ssl=1&resize=525%2C300 1.5x, https:\/\/i0.wp.com\/tuzlahortum.com.tr\/wp-content\/uploads\/2019\/03\/ISOAFS-ALU-HYGIENE-GREEN.png?fit=800%2C800&ssl=1&resize=700%2C400 2x"},"classes":[]},{"id":585,"url":"https:\/\/tuzlahortum.com.tr\/en\/product\/sonoafs-alu-green\/","url_meta":{"origin":592,"position":1},"title":"SONOAFS-ALU GREEN","author":"admin","date":"6 February 2019","format":false,"excerpt":"SONOAFS-ALU GREENGreenguard Sertifikal\u0131 Is\u0131 ve Ses \u0130zoleli Al\u00fcminyum Flexible Hava Kanallar\u0131 Flexible Kanal Konstr\u00fcksiyonu [3 kat Al\u00fcminyum + 2 kat Polyester] (Perfore) \/ Bariyer Flexible Kanal Nominal Kal\u0131nl\u0131\u011f\u0131 70 mikron Ceket Kontr\u00fcksiyonu 1 kat Al\u00fcminyum + 2 kat Polyester Ceket Nominal Kal\u0131nl\u0131\u011f\u0131 45 mikron \u0130zolasyon - Kal\u0131nl\u0131k - Yo\u011funluk Cam\u2026","rel":"","context":"Similar post","block_context":{"text":"Similar post","link":""},"img":{"alt_text":"","src":"https:\/\/i0.wp.com\/tuzlahortum.com.tr\/wp-content\/uploads\/2019\/03\/SONOAFS-ALU.70B-GREEN.png?fit=800%2C800&ssl=1&resize=350%2C200","width":350,"height":200,"srcset":"https:\/\/i0.wp.com\/tuzlahortum.com.tr\/wp-content\/uploads\/2019\/03\/SONOAFS-ALU.70B-GREEN.png?fit=800%2C800&ssl=1&resize=350%2C200 1x, https:\/\/i0.wp.com\/tuzlahortum.com.tr\/wp-content\/uploads\/2019\/03\/SONOAFS-ALU.70B-GREEN.png?fit=800%2C800&ssl=1&resize=525%2C300 1.5x, https:\/\/i0.wp.com\/tuzlahortum.com.tr\/wp-content\/uploads\/2019\/03\/SONOAFS-ALU.70B-GREEN.png?fit=800%2C800&ssl=1&resize=700%2C400 2x"},"classes":[]},{"id":593,"url":"https:\/\/tuzlahortum.com.tr\/en\/product\/sonoafs-alu-forte-green\/","url_meta":{"origin":592,"position":2},"title":"SONOAFS-ALU FORTE GREEN","author":"admin","date":"6 February 2019","format":false,"excerpt":"SONOAFS-ALU FORTE GREENTipler Flexible Kanal Konstr\u00fcksiyonu 3 kat Al\u00fcminyum + 2 kat Polyester Flexible Kanal Nominal Kal\u0131nl\u0131\u011f\u0131 70 mikron Ceket Kontr\u00fcksiyonu 1 kat Al\u00fcminyum + 2 kat Polyester Ceket Nominal Kal\u0131nl\u0131\u011f\u0131 45 mikron \u0130zolasyon - Kal\u0131nl\u0131k - Yo\u011funluk Cam Y\u00fcn\u00fc 25 mm - 16 kg\/m\u00b3 \u00c7ap Aral\u0131\u011f\u0131 52 mm -\u2026","rel":"","context":"Similar post","block_context":{"text":"Similar post","link":""},"img":{"alt_text":"","src":"https:\/\/i0.wp.com\/tuzlahortum.com.tr\/wp-content\/uploads\/2019\/03\/SONOAFS-ALU.70B-FORTE-GREEN-1.png?fit=800%2C800&ssl=1&resize=350%2C200","width":350,"height":200,"srcset":"https:\/\/i0.wp.com\/tuzlahortum.com.tr\/wp-content\/uploads\/2019\/03\/SONOAFS-ALU.70B-FORTE-GREEN-1.png?fit=800%2C800&ssl=1&resize=350%2C200 1x, https:\/\/i0.wp.com\/tuzlahortum.com.tr\/wp-content\/uploads\/2019\/03\/SONOAFS-ALU.70B-FORTE-GREEN-1.png?fit=800%2C800&ssl=1&resize=525%2C300 1.5x, https:\/\/i0.wp.com\/tuzlahortum.com.tr\/wp-content\/uploads\/2019\/03\/SONOAFS-ALU.70B-FORTE-GREEN-1.png?fit=800%2C800&ssl=1&resize=700%2C400 2x"},"classes":[]},{"id":8675,"url":"https:\/\/tuzlahortum.com.tr\/en\/product\/sonoafs-alu-70b\/","url_meta":{"origin":592,"position":3},"title":"SONOAFS-ALU.70B (PE JACKET)","author":"\u0130smail \u00c7elik","date":"22 March 2019","format":false,"excerpt":"SONOAFS-ALU.70B (PE CEKET) Du\u0308\u015fu\u0308k ve orta bas\u0131n\u00e7ta \u00e7al\u0131\u015fan havaland\u0131rma ve iklimlendirme sistemlerine uygun Is\u0131 ve ses yal\u0131t\u0131ml\u0131 (izoleli) Formaldehit i\u00e7ermeyen cam y\u00fcn\u00fc ile izoleli flexible hava kanal\u0131 Flexible Kanal Konstr\u00fcksiyonu [3 kat Al\u00fcminyum + 2 kat Polyester] (Perfore) \/ Bariyer Flexible Kanal Nominal Kal\u0131nl\u0131\u011f\u0131 70 mikron Ceket Kontr\u00fcksiyonu 1 kat\u2026","rel":"","context":"Similar post","block_context":{"text":"Similar post","link":""},"img":{"alt_text":"","src":"https:\/\/i0.wp.com\/tuzlahortum.com.tr\/wp-content\/uploads\/2019\/03\/SONOAFS-ALU.70B-PE-CEKET.png?fit=800%2C800&ssl=1&resize=350%2C200","width":350,"height":200,"srcset":"https:\/\/i0.wp.com\/tuzlahortum.com.tr\/wp-content\/uploads\/2019\/03\/SONOAFS-ALU.70B-PE-CEKET.png?fit=800%2C800&ssl=1&resize=350%2C200 1x, https:\/\/i0.wp.com\/tuzlahortum.com.tr\/wp-content\/uploads\/2019\/03\/SONOAFS-ALU.70B-PE-CEKET.png?fit=800%2C800&ssl=1&resize=525%2C300 1.5x, https:\/\/i0.wp.com\/tuzlahortum.com.tr\/wp-content\/uploads\/2019\/03\/SONOAFS-ALU.70B-PE-CEKET.png?fit=800%2C800&ssl=1&resize=700%2C400 2x"},"classes":[]},{"id":588,"url":"https:\/\/tuzlahortum.com.tr\/en\/product\/aluafs-hijyen-green\/","url_meta":{"origin":592,"position":4},"title":"ALUAFS HYGIENE GREEN","author":"admin","date":"6 February 2019","format":false,"excerpt":"ALUAFS H\u0130JYEN GREENGreenguard sertifikal\u0131, izolesiz, hijyen al\u00fcminyum flexible hava kanallar\u0131 Genel \u00d6zellikler Flexible Kanal Konstr\u00fcksiyonu 3 kat Al\u00fcminyum + 2 kat Polyester + Hijyen Kaplama Flexible Kanal Nominal Kal\u0131nl\u0131\u011f\u0131 70 mikron + Hijyen Kaplama \u00c7ap Aral\u0131\u011f\u0131 82 mm - 800 mm \u00c7al\u0131\u015fma S\u0131cakl\u0131\u011f\u0131 Aral\u0131\u011f\u0131 -30 \u00b0C \/ +150 \u00b0C Hava\u2026","rel":"","context":"Similar post","block_context":{"text":"Similar post","link":""},"img":{"alt_text":"","src":"https:\/\/i0.wp.com\/tuzlahortum.com.tr\/wp-content\/uploads\/2019\/03\/ALUAFS-HYGIENE-GREEN.png?fit=800%2C800&ssl=1&resize=350%2C200","width":350,"height":200,"srcset":"https:\/\/i0.wp.com\/tuzlahortum.com.tr\/wp-content\/uploads\/2019\/03\/ALUAFS-HYGIENE-GREEN.png?fit=800%2C800&ssl=1&resize=350%2C200 1x, https:\/\/i0.wp.com\/tuzlahortum.com.tr\/wp-content\/uploads\/2019\/03\/ALUAFS-HYGIENE-GREEN.png?fit=800%2C800&ssl=1&resize=525%2C300 1.5x, https:\/\/i0.wp.com\/tuzlahortum.com.tr\/wp-content\/uploads\/2019\/03\/ALUAFS-HYGIENE-GREEN.png?fit=800%2C800&ssl=1&resize=700%2C400 2x"},"classes":[]},{"id":590,"url":"https:\/\/tuzlahortum.com.tr\/en\/product\/isoafs-alu-green\/","url_meta":{"origin":592,"position":5},"title":"ISOAFS-ALU GREEN","author":"admin","date":"6 February 2019","format":false,"excerpt":"ISOAFS-ALU GREENGreenguard Sertifikal\u0131 Is\u0131 \u0130zoleli Al\u00fcminyum Flexible Hava Kanallar\u0131 Tipler ISOAFS-ALU.70 GREEN ISOAFS-ALU F GREEN Genel \u00d6zellikler Flexible Kanal Konstr\u00fcksiyonu 3 kat Al\u00fcminyum + 1 kat Polyester Flexible Kanal Nominal Kal\u0131nl\u0131\u011f\u0131 74 mikron Ceket Kontr\u00fcksiyonu 1 kat Al\u00fcminyum + 2 kat Polyester Ceket Nominal Kal\u0131nl\u0131\u011f\u0131 45 mikron \u0130zolasyon - Kal\u0131nl\u0131k\u2026","rel":"","context":"Similar post","block_context":{"text":"Similar post","link":""},"img":{"alt_text":"","src":"https:\/\/i0.wp.com\/tuzlahortum.com.tr\/wp-content\/uploads\/2019\/03\/ISOAFS-ALU.70-GREEN.png?fit=800%2C800&ssl=1&resize=350%2C200","width":350,"height":200,"srcset":"https:\/\/i0.wp.com\/tuzlahortum.com.tr\/wp-content\/uploads\/2019\/03\/ISOAFS-ALU.70-GREEN.png?fit=800%2C800&ssl=1&resize=350%2C200 1x, https:\/\/i0.wp.com\/tuzlahortum.com.tr\/wp-content\/uploads\/2019\/03\/ISOAFS-ALU.70-GREEN.png?fit=800%2C800&ssl=1&resize=525%2C300 1.5x, https:\/\/i0.wp.com\/tuzlahortum.com.tr\/wp-content\/uploads\/2019\/03\/ISOAFS-ALU.70-GREEN.png?fit=800%2C800&ssl=1&resize=700%2C400 2x"},"classes":[]}],"jetpack_sharing_enabled":true,"jetpack_likes_enabled":true,"_links":{"self":[{"href":"https:\/\/tuzlahortum.com.tr\/en\/wp-json\/wp\/v2\/product\/592","targetHints":{"allow":["GET"]}}],"collection":[{"href":"https:\/\/tuzlahortum.com.tr\/en\/wp-json\/wp\/v2\/product"}],"about":[{"href":"https:\/\/tuzlahortum.com.tr\/en\/wp-json\/wp\/v2\/types\/product"}],"replies":[{"embeddable":true,"href":"https:\/\/tuzlahortum.com.tr\/en\/wp-json\/wp\/v2\/comments?post=592"}],"wp:featuredmedia":[{"embeddable":true,"href":"https:\/\/tuzlahortum.com.tr\/en\/wp-json\/wp\/v2\/media\/6969"}],"wp:attachment":[{"href":"https:\/\/tuzlahortum.com.tr\/en\/wp-json\/wp\/v2\/media?parent=592"}],"wp:term":[{"taxonomy":"product_brand","embeddable":true,"href":"https:\/\/tuzlahortum.com.tr\/en\/wp-json\/wp\/v2\/product_brand?post=592"},{"taxonomy":"product_cat","embeddable":true,"href":"https:\/\/tuzlahortum.com.tr\/en\/wp-json\/wp\/v2\/product_cat?post=592"},{"taxonomy":"product_tag","embeddable":true,"href":"https:\/\/tuzlahortum.com.tr\/en\/wp-json\/wp\/v2\/product_tag?post=592"}],"curies":[{"name":"wp","href":"https:\/\/api.w.org\/{rel}","templated":true}]}}