{"id":590,"date":"2019-02-06T23:46:29","date_gmt":"2019-02-06T20:46:29","guid":{"rendered":"http:\/\/hortum.com.tr\/product\/import-placeholder-for-219\/"},"modified":"2024-03-21T17:45:08","modified_gmt":"2024-03-21T14:45:08","slug":"isoafs-alu-green","status":"publish","type":"product","link":"https:\/\/tuzlahortum.com.tr\/en\/product\/isoafs-alu-green\/","title":{"rendered":"ISOAFS-ALU GREEN"},"content":{"rendered":"<h2>ISOAFS-ALU GREEN<\/h2>\n<div>Greenguard Certified Heat Insulated Aluminum Flexible Air Ducts<\/div>\n<div><\/div>\n<div>\n<h3>Types<\/h3>\n<div class=\"txt\">\n<p>ISOAFS-ALU.70 GREEN ISOAFS-ALU F GREEN<\/p>\n<h4>General features<\/h4>\n<table class=\"table table-hover table-bordered\">\n<tbody>\n<tr>\n<th class=\"urunDetayth\">Flexible Channel Construction<\/th>\n<td>3 layers of Aluminum + 1 layer of Polyester<\/td>\n<\/tr>\n<tr>\n<th class=\"urunDetayth\">Flexible Duct Nominal Thickness<\/th>\n<td>74 micron<\/td>\n<\/tr>\n<tr>\n<th class=\"urunDetayth\">Jacket Construction<\/th>\n<td>1 layer of Aluminum + 2 layers of Polyester<\/td>\n<\/tr>\n<tr>\n<th class=\"urunDetayth\">Jacket Nominal Thickness<\/th>\n<td>45 micron<\/td>\n<\/tr>\n<tr>\n<th class=\"urunDetayth\">Insulation - Thickness - Density<\/th>\n<td>Glass Wool 25 mm \u2013 16 kg\/m\u00b3<\/td>\n<\/tr>\n<tr>\n<th class=\"urunDetayth\">Diameter Range<\/th>\n<td>82mm \u2013 800mm<\/td>\n<\/tr>\n<tr>\n<th class=\"urunDetayth\">Operating Temperature Range<\/th>\n<td>-30 \u00b0C \/ +250 \u00b0C<\/td>\n<\/tr>\n<tr>\n<th class=\"urunDetayth\">Air Flow Rate<\/th>\n<td>30 m\/s (maximum)<\/td>\n<\/tr>\n<tr>\n<th class=\"urunDetayth\">Operating pressure<\/th>\n<td>3000 Pa (maximum)<\/td>\n<\/tr>\n<tr>\n<th class=\"urunDetayth\">Standard Length<\/th>\n<td>10m<\/td>\n<\/tr>\n<tr>\n<th class=\"urunDetayth\">Packaging<\/th>\n<td>single cardboard box<\/td>\n<\/tr>\n<tr>\n<th class=\"urunDetayth\">Reaction to Fire<\/th>\n<td>Hard Flammable<\/td>\n<\/tr>\n<\/tbody>\n<\/table>\n<div><\/div>\n<\/div>\n<\/div>\n<div><div class=\"video video-fit mb\" style=\"padding-top:56.25%;\"><p><iframe loading=\"lazy\" title=\"Measurement Confusion (Inch, Finger, Haze, Millimeter)\" width=\"1020\" height=\"574\" src=\"https:\/\/www.youtube.com\/embed\/uKk6AG_AZls?feature=oembed\" frameborder=\"0\" allow=\"accelerometer; autoplay; clipboard-write; encrypted-media; gyroscope; picture-in-picture; web-share\" referrerpolicy=\"strict-origin-when-cross-origin\" allowfullscreen><\/iframe><\/p>\n<\/div><\/div>\n<div><\/div>\n<div>\n<div class=\"txt\">\n<div class=\"txt\"><strong>ISOAFS-ALU GREEN<\/strong>\u00a0heat insulated aluminum flexible air ducts, low and medium pressure<\/div>\n<div class=\"txt\">specially for working heating, cooling, ventilation, air conditioning and waste gas systems<\/div>\n<div class=\"txt\">It is a designed, multi-purpose heat insulated (heat insulated) flexible air duct. Multi-layer laminated<\/div>\n<div class=\"txt\">produced by reinforcement of aluminum and polyester material with high tensile spiral steel wire.<\/div>\n<div class=\"txt\">ALUAFS GREEN is produced by insulating aluminum flexible air ducts with glass wool.<\/div>\n<div class=\"txt\">An aluminum jacket, that is, a moisture barrier, is dressed on the insulation material. ISOAFS-ALU GREEN<\/div>\n<div class=\"txt\">It has extremely high flexibility, bending and compressibility properties. Oval, round and corner joint<\/div>\n<div class=\"txt\">easy to install in place. ISOAFS-ALU GREEN flexible air ducts have been scanned for hundreds of chemicals,<\/div>\n<div class=\"txt\">It has been tested in a dynamic test room and takes into account both the indoor criteria and the sensitive nature of children.<\/div>\n<div class=\"txt\">It has been determined that it complies with the lower level criteria developed for environments such as kindergartens and schools.<\/div>\n<div class=\"txt\">has been certified. Certified, virtually compliant with Greenguard chemical emission criteria<\/div>\n<div class=\"txt\">You can improve your indoor air quality by using ISOAFS-ALU GREEN flexible air ducts that do not emit any emissions.<\/div>\n<div class=\"txt\">get it guaranteed. Dimensions, tolerances and mechanical strength of ISOAFS-ALU GREEN flexible air ducts<\/div>\n<div class=\"txt\">properties are tested, classified and certified according to the EN 13180 standard.<\/div>\n<\/div>\n<\/div>","protected":false},"excerpt":{"rendered":"<p>ISOAFS-ALU GREEN Greenguard Sertifikal\u0131 Is\u0131 \u0130zoleli Al\u00fcminyum Flexible Hava Kanallar\u0131 Tipler ISOAFS-ALU.70 GREEN ISOAFS-ALU F GREEN Genel \u00d6zellikler Flexible Kanal Konstr\u00fcksiyonu 3 kat Al\u00fcminyum + 1 kat Polyester Flexible Kanal Nominal Kal\u0131nl\u0131\u011f\u0131 74 mikron Ceket Kontr\u00fcksiyonu 1 kat Al\u00fcminyum + 2 kat Polyester Ceket Nominal Kal\u0131nl\u0131\u011f\u0131 45 mikron \u0130zolasyon &#8211; Kal\u0131nl\u0131k &#8211; Yo\u011funluk Cam Y\u00fcn\u00fc [&#8230;]\n","protected":false},"featured_media":6966,"comment_status":"open","ping_status":"closed","template":"","meta":{"jetpack_post_was_ever_published":false},"product_brand":[],"product_cat":[135],"product_tag":[265,264,260,261,258,268,266,262,259,267,263],"class_list":{"0":"post-590","1":"product","2":"type-product","3":"status-publish","4":"has-post-thumbnail","6":"product_cat-esnek-aluminyum-hava-kanali","7":"product_tag-bukulme","8":"product_tag-esneme","9":"product_tag-havalandirma-ve-iklimlendirme-sistemleri","10":"product_tag-helezon-celik","11":"product_tag-isitma","12":"product_tag-kimyasal-direnc","13":"product_tag-sikistirilabilme","14":"product_tag-sizdirmaz","15":"product_tag-sogutma","16":"product_tag-tasima-kolayligi","17":"product_tag-yogusmayi-engelleme","19":"first","20":"instock","21":"taxable","22":"shipping-taxable","23":"product-type-variable"},"jetpack-related-posts":[{"id":583,"url":"https:\/\/tuzlahortum.com.tr\/en\/product\/isoafs-alu-forte-green\/","url_meta":{"origin":590,"position":0},"title":"ISOAFS-ALU FORTE GREEN","author":"admin","date":"6 February 2019","format":false,"excerpt":"ISOAFS-ALU FORTE GREENGreenguard Sertifikal\u0131 Is\u0131 \u0130zoleli Al\u00fcminyum Y\u00fcksek Mukavemetli Flexible Hava Kanallar\u0131 Tipler ISOAFS-ALU.F FORTE GREEN Genel \u00d6zellikler Flexible Kanal Konstr\u00fcksiyonu 3 kat Al\u00fcminyum + 2 kat Polyester Flexible Kanal Nominal Kal\u0131nl\u0131\u011f\u0131 70 mikron Ceket Kontr\u00fcksiyonu 1 kat Al\u00fcminyum + 2 kat Polyester Ceket Nominal Kal\u0131nl\u0131\u011f\u0131 45 mikron \u0130zolasyon -\u2026","rel":"","context":"Similar post","block_context":{"text":"Similar post","link":""},"img":{"alt_text":"","src":"https:\/\/i0.wp.com\/tuzlahortum.com.tr\/wp-content\/uploads\/2019\/03\/ISOAFS-ALU.70-FORTE-GREEN.png?fit=800%2C800&ssl=1&resize=350%2C200","width":350,"height":200,"srcset":"https:\/\/i0.wp.com\/tuzlahortum.com.tr\/wp-content\/uploads\/2019\/03\/ISOAFS-ALU.70-FORTE-GREEN.png?fit=800%2C800&ssl=1&resize=350%2C200 1x, https:\/\/i0.wp.com\/tuzlahortum.com.tr\/wp-content\/uploads\/2019\/03\/ISOAFS-ALU.70-FORTE-GREEN.png?fit=800%2C800&ssl=1&resize=525%2C300 1.5x, https:\/\/i0.wp.com\/tuzlahortum.com.tr\/wp-content\/uploads\/2019\/03\/ISOAFS-ALU.70-FORTE-GREEN.png?fit=800%2C800&ssl=1&resize=700%2C400 2x"},"classes":[]},{"id":591,"url":"https:\/\/tuzlahortum.com.tr\/en\/product\/isoafs-alu-hijyen-green\/","url_meta":{"origin":590,"position":1},"title":"ISOAFS-ALU HYGIENE GREEN","author":"admin","date":"6 February 2019","format":false,"excerpt":"ISOAFS-ALU H\u0130JYEN GREENGreenguard sertifikal\u0131, \u0131s\u0131 izoleli anti mikrobiyal al\u00fcminyum flexible hava kanallar\u0131 Tipler ISOAFS-ALU.F HYGIENE GREEN Genel \u00d6zellikler Flexible Kanal Konstr\u00fcksiyonu 3 kat Al\u00fcminyum + 2 kat Polyester + Hijyen Kaplama Flexible Kanal Nominal Kal\u0131nl\u0131\u011f\u0131 70 mikron + Hijyen Kaplama Ceket Kontr\u00fcksiyonu 1 kat Al\u00fcminyum + 2 kat Polyester Ceket\u2026","rel":"","context":"Similar post","block_context":{"text":"Similar post","link":""},"img":{"alt_text":"","src":"https:\/\/i0.wp.com\/tuzlahortum.com.tr\/wp-content\/uploads\/2019\/03\/ISOAFS-ALU-HYGIENE-GREEN.png?fit=800%2C800&ssl=1&resize=350%2C200","width":350,"height":200,"srcset":"https:\/\/i0.wp.com\/tuzlahortum.com.tr\/wp-content\/uploads\/2019\/03\/ISOAFS-ALU-HYGIENE-GREEN.png?fit=800%2C800&ssl=1&resize=350%2C200 1x, https:\/\/i0.wp.com\/tuzlahortum.com.tr\/wp-content\/uploads\/2019\/03\/ISOAFS-ALU-HYGIENE-GREEN.png?fit=800%2C800&ssl=1&resize=525%2C300 1.5x, https:\/\/i0.wp.com\/tuzlahortum.com.tr\/wp-content\/uploads\/2019\/03\/ISOAFS-ALU-HYGIENE-GREEN.png?fit=800%2C800&ssl=1&resize=700%2C400 2x"},"classes":[]},{"id":585,"url":"https:\/\/tuzlahortum.com.tr\/en\/product\/sonoafs-alu-green\/","url_meta":{"origin":590,"position":2},"title":"SONOAFS-ALU GREEN","author":"admin","date":"6 February 2019","format":false,"excerpt":"SONOAFS-ALU GREENGreenguard Sertifikal\u0131 Is\u0131 ve Ses \u0130zoleli Al\u00fcminyum Flexible Hava Kanallar\u0131 Flexible Kanal Konstr\u00fcksiyonu [3 kat Al\u00fcminyum + 2 kat Polyester] (Perfore) \/ Bariyer Flexible Kanal Nominal Kal\u0131nl\u0131\u011f\u0131 70 mikron Ceket Kontr\u00fcksiyonu 1 kat Al\u00fcminyum + 2 kat Polyester Ceket Nominal Kal\u0131nl\u0131\u011f\u0131 45 mikron \u0130zolasyon - Kal\u0131nl\u0131k - Yo\u011funluk Cam\u2026","rel":"","context":"Similar post","block_context":{"text":"Similar post","link":""},"img":{"alt_text":"","src":"https:\/\/i0.wp.com\/tuzlahortum.com.tr\/wp-content\/uploads\/2019\/03\/SONOAFS-ALU.70B-GREEN.png?fit=800%2C800&ssl=1&resize=350%2C200","width":350,"height":200,"srcset":"https:\/\/i0.wp.com\/tuzlahortum.com.tr\/wp-content\/uploads\/2019\/03\/SONOAFS-ALU.70B-GREEN.png?fit=800%2C800&ssl=1&resize=350%2C200 1x, https:\/\/i0.wp.com\/tuzlahortum.com.tr\/wp-content\/uploads\/2019\/03\/SONOAFS-ALU.70B-GREEN.png?fit=800%2C800&ssl=1&resize=525%2C300 1.5x, https:\/\/i0.wp.com\/tuzlahortum.com.tr\/wp-content\/uploads\/2019\/03\/SONOAFS-ALU.70B-GREEN.png?fit=800%2C800&ssl=1&resize=700%2C400 2x"},"classes":[]},{"id":593,"url":"https:\/\/tuzlahortum.com.tr\/en\/product\/sonoafs-alu-forte-green\/","url_meta":{"origin":590,"position":3},"title":"SONOAFS-ALU FORTE GREEN","author":"admin","date":"6 February 2019","format":false,"excerpt":"SONOAFS-ALU FORTE GREENTipler Flexible Kanal Konstr\u00fcksiyonu 3 kat Al\u00fcminyum + 2 kat Polyester Flexible Kanal Nominal Kal\u0131nl\u0131\u011f\u0131 70 mikron Ceket Kontr\u00fcksiyonu 1 kat Al\u00fcminyum + 2 kat Polyester Ceket Nominal Kal\u0131nl\u0131\u011f\u0131 45 mikron \u0130zolasyon - Kal\u0131nl\u0131k - Yo\u011funluk Cam Y\u00fcn\u00fc 25 mm - 16 kg\/m\u00b3 \u00c7ap Aral\u0131\u011f\u0131 52 mm -\u2026","rel":"","context":"Similar post","block_context":{"text":"Similar post","link":""},"img":{"alt_text":"","src":"https:\/\/i0.wp.com\/tuzlahortum.com.tr\/wp-content\/uploads\/2019\/03\/SONOAFS-ALU.70B-FORTE-GREEN-1.png?fit=800%2C800&ssl=1&resize=350%2C200","width":350,"height":200,"srcset":"https:\/\/i0.wp.com\/tuzlahortum.com.tr\/wp-content\/uploads\/2019\/03\/SONOAFS-ALU.70B-FORTE-GREEN-1.png?fit=800%2C800&ssl=1&resize=350%2C200 1x, https:\/\/i0.wp.com\/tuzlahortum.com.tr\/wp-content\/uploads\/2019\/03\/SONOAFS-ALU.70B-FORTE-GREEN-1.png?fit=800%2C800&ssl=1&resize=525%2C300 1.5x, https:\/\/i0.wp.com\/tuzlahortum.com.tr\/wp-content\/uploads\/2019\/03\/SONOAFS-ALU.70B-FORTE-GREEN-1.png?fit=800%2C800&ssl=1&resize=700%2C400 2x"},"classes":[]},{"id":592,"url":"https:\/\/tuzlahortum.com.tr\/en\/product\/sonoafs-hijyen-green\/","url_meta":{"origin":590,"position":4},"title":"SONOAFS-ALU HYGIENE GREEN","author":"admin","date":"6 February 2019","format":false,"excerpt":"SONOAFS-ALU H\u0130JYEN GREEN Greenguard Sertifikal\u0131 Is\u0131 ve Ses \u0130zoleli Al\u00fcminyum Hijyen Flexible Hava Kanallar\u0131 Flexible Kanal Konstr\u00fcksiyonu [3 kat Al\u00fcminyum + 2 kat Polyester + Hijyen Kaplama] (Perfore) \/ Bariyer Flexible Kanal Nominal Kal\u0131nl\u0131\u011f\u0131 70 mikron + Hijyen Kaplama Ceket Kontr\u00fcksiyonu 1 kat Al\u00fcminyum + 2 kat Polyester Ceket Nominal\u2026","rel":"","context":"Similar post","block_context":{"text":"Similar post","link":""},"img":{"alt_text":"","src":"https:\/\/i0.wp.com\/tuzlahortum.com.tr\/wp-content\/uploads\/2019\/03\/SONOAFS-ALU.B-HYGIENE-GREEN-1.png?fit=800%2C800&ssl=1&resize=350%2C200","width":350,"height":200,"srcset":"https:\/\/i0.wp.com\/tuzlahortum.com.tr\/wp-content\/uploads\/2019\/03\/SONOAFS-ALU.B-HYGIENE-GREEN-1.png?fit=800%2C800&ssl=1&resize=350%2C200 1x, https:\/\/i0.wp.com\/tuzlahortum.com.tr\/wp-content\/uploads\/2019\/03\/SONOAFS-ALU.B-HYGIENE-GREEN-1.png?fit=800%2C800&ssl=1&resize=525%2C300 1.5x, https:\/\/i0.wp.com\/tuzlahortum.com.tr\/wp-content\/uploads\/2019\/03\/SONOAFS-ALU.B-HYGIENE-GREEN-1.png?fit=800%2C800&ssl=1&resize=700%2C400 2x"},"classes":[]},{"id":8675,"url":"https:\/\/tuzlahortum.com.tr\/en\/product\/sonoafs-alu-70b\/","url_meta":{"origin":590,"position":5},"title":"SONOAFS-ALU.70B (PE JACKET)","author":"\u0130smail \u00c7elik","date":"22 March 2019","format":false,"excerpt":"SONOAFS-ALU.70B (PE CEKET) Du\u0308\u015fu\u0308k ve orta bas\u0131n\u00e7ta \u00e7al\u0131\u015fan havaland\u0131rma ve iklimlendirme sistemlerine uygun Is\u0131 ve ses yal\u0131t\u0131ml\u0131 (izoleli) Formaldehit i\u00e7ermeyen cam y\u00fcn\u00fc ile izoleli flexible hava kanal\u0131 Flexible Kanal Konstr\u00fcksiyonu [3 kat Al\u00fcminyum + 2 kat Polyester] (Perfore) \/ Bariyer Flexible Kanal Nominal Kal\u0131nl\u0131\u011f\u0131 70 mikron Ceket Kontr\u00fcksiyonu 1 kat\u2026","rel":"","context":"Similar post","block_context":{"text":"Similar post","link":""},"img":{"alt_text":"","src":"https:\/\/i0.wp.com\/tuzlahortum.com.tr\/wp-content\/uploads\/2019\/03\/SONOAFS-ALU.70B-PE-CEKET.png?fit=800%2C800&ssl=1&resize=350%2C200","width":350,"height":200,"srcset":"https:\/\/i0.wp.com\/tuzlahortum.com.tr\/wp-content\/uploads\/2019\/03\/SONOAFS-ALU.70B-PE-CEKET.png?fit=800%2C800&ssl=1&resize=350%2C200 1x, https:\/\/i0.wp.com\/tuzlahortum.com.tr\/wp-content\/uploads\/2019\/03\/SONOAFS-ALU.70B-PE-CEKET.png?fit=800%2C800&ssl=1&resize=525%2C300 1.5x, https:\/\/i0.wp.com\/tuzlahortum.com.tr\/wp-content\/uploads\/2019\/03\/SONOAFS-ALU.70B-PE-CEKET.png?fit=800%2C800&ssl=1&resize=700%2C400 2x"},"classes":[]}],"jetpack_sharing_enabled":true,"jetpack_likes_enabled":true,"_links":{"self":[{"href":"https:\/\/tuzlahortum.com.tr\/en\/wp-json\/wp\/v2\/product\/590","targetHints":{"allow":["GET"]}}],"collection":[{"href":"https:\/\/tuzlahortum.com.tr\/en\/wp-json\/wp\/v2\/product"}],"about":[{"href":"https:\/\/tuzlahortum.com.tr\/en\/wp-json\/wp\/v2\/types\/product"}],"replies":[{"embeddable":true,"href":"https:\/\/tuzlahortum.com.tr\/en\/wp-json\/wp\/v2\/comments?post=590"}],"wp:featuredmedia":[{"embeddable":true,"href":"https:\/\/tuzlahortum.com.tr\/en\/wp-json\/wp\/v2\/media\/6966"}],"wp:attachment":[{"href":"https:\/\/tuzlahortum.com.tr\/en\/wp-json\/wp\/v2\/media?parent=590"}],"wp:term":[{"taxonomy":"product_brand","embeddable":true,"href":"https:\/\/tuzlahortum.com.tr\/en\/wp-json\/wp\/v2\/product_brand?post=590"},{"taxonomy":"product_cat","embeddable":true,"href":"https:\/\/tuzlahortum.com.tr\/en\/wp-json\/wp\/v2\/product_cat?post=590"},{"taxonomy":"product_tag","embeddable":true,"href":"https:\/\/tuzlahortum.com.tr\/en\/wp-json\/wp\/v2\/product_tag?post=590"}],"curies":[{"name":"wp","href":"https:\/\/api.w.org\/{rel}","templated":true}]}}