{"id":586,"date":"2019-02-06T23:46:28","date_gmt":"2019-02-06T20:46:28","guid":{"rendered":"http:\/\/hortum.com.tr\/product\/import-placeholder-for-356\/"},"modified":"2024-03-21T17:45:11","modified_gmt":"2024-03-21T14:45:11","slug":"aluafs-forte-green","status":"publish","type":"product","link":"https:\/\/tuzlahortum.com.tr\/en\/product\/aluafs-forte-green\/","title":{"rendered":"ALUAFS FORTE GREEN"},"content":{"rendered":"<h2>ALUAFS FORTE GREEN<\/h2>\n<div>Greenguard certified, high strength, non-insulated aluminum flexible air ducts<\/div>\n<div>\n<h4>General features<\/h4>\n<table class=\"table table-hover table-bordered\">\n<tbody>\n<tr>\n<th class=\"urunDetayth\">Flexible Channel Construction<\/th>\n<td>3 layers of Aluminum + 2 layers of Polyester<\/td>\n<\/tr>\n<tr>\n<th class=\"urunDetayth\">Flexible Duct Nominal Thickness<\/th>\n<td>70 micron<\/td>\n<\/tr>\n<tr>\n<th class=\"urunDetayth\">Diameter Range<\/th>\n<td>52mm \u2013 800mm<\/td>\n<\/tr>\n<tr>\n<th class=\"urunDetayth\">Operating Temperature Range<\/th>\n<td>-30 \u00b0C \/ +150 \u00b0C<\/td>\n<\/tr>\n<tr>\n<th class=\"urunDetayth\">Air Flow Rate<\/th>\n<td>30 m\/s (maximum)<\/td>\n<\/tr>\n<tr>\n<th class=\"urunDetayth\">Operating pressure<\/th>\n<td>3000 Pa (maximum)<\/td>\n<\/tr>\n<tr>\n<th class=\"urunDetayth\">Standard Length<\/th>\n<td>10m<\/td>\n<\/tr>\n<tr>\n<th class=\"urunDetayth\">Packaging<\/th>\n<td>single cardboard box<\/td>\n<\/tr>\n<tr>\n<th class=\"urunDetayth\">Reaction to Fire<\/th>\n<td>Hard Flammable<\/td>\n<\/tr>\n<\/tbody>\n<\/table>\n<div><\/div>\n<\/div>\n<div><div class=\"video video-fit mb\" style=\"padding-top:56.25%;\"><p><iframe loading=\"lazy\" title=\"Measurement Confusion (Inch, Finger, Haze, Millimeter)\" width=\"1020\" height=\"574\" src=\"https:\/\/www.youtube.com\/embed\/uKk6AG_AZls?feature=oembed\" frameborder=\"0\" allow=\"accelerometer; autoplay; clipboard-write; encrypted-media; gyroscope; picture-in-picture; web-share\" referrerpolicy=\"strict-origin-when-cross-origin\" allowfullscreen><\/iframe><\/p>\n<\/div><\/div>\n<div><\/div>\n<div>\n<div class=\"txt\"><strong>ALUAFS FORTE GREEN<\/strong>\u00a0non-insulated aluminum flexible air ducts, low and medium pressure<\/div>\n<div class=\"txt\">specially for working heating, cooling, ventilation, air conditioning and waste gas systems<\/div>\n<div class=\"txt\">It is a designed, multi-purpose non-insulated (non-insulated) flexible air duct. Multi-layer laminated<\/div>\n<div class=\"txt\">It is produced by reinforcing aluminum and polyester material with high tensile spiral steel wire.<\/div>\n<div class=\"txt\">ALUAFS FORTE GREEN flexible air ducts are impermeable. ALUAFS FORTE GREEN is extremely<\/div>\n<div class=\"txt\">It has high flexibility, bending and compressibility properties. Oval, round and corner joint<\/div>\n<div class=\"txt\">easy to install in place. ALUAFS FORTE GREEN flexible air ducts for hundreds of chemicals<\/div>\n<div class=\"txt\">scanned, tested in the dynamic test chamber and met both indoor criteria and children&#039;s sensitive<\/div>\n<div class=\"txt\">taking into account its structure, it has lower-level criteria developed for environments such as kindergartens and schools.<\/div>\n<div class=\"txt\">certified to comply. Certified, conforming to Greenguard chemical emission criteria,<\/div>\n<div class=\"txt\">By using ALUAFS FORTE GREEN flexible air ducts that make almost no emissions.<\/div>\n<div class=\"txt\">Ensure your indoor air quality. Dimensions of ALUAFS FORTE GREEN flexible air ducts,<\/div>\n<div class=\"txt\">tolerances and mechanical strength properties are tested and classified according to the EN 13180 standard.<\/div>\n<div class=\"txt\">and certified.<\/div>\n<\/div>","protected":false},"excerpt":{"rendered":"<p>ALUAFS FORTE GREEN Greenguard sertifikal\u0131, y\u00fcksek mukavemetli, izolesiz aluminyum flexible hava kanallar\u0131 Genel \u00d6zellikler Flexible Kanal Konstr\u00fcksiyonu 3 kat Al\u00fcminyum + 2 kat Polyester Flexible Kanal Nominal Kal\u0131nl\u0131\u011f\u0131 70 mikron \u00c7ap Aral\u0131\u011f\u0131 52 mm &#8211; 800 mm \u00c7al\u0131\u015fma S\u0131cakl\u0131\u011f\u0131 Aral\u0131\u011f\u0131 -30 \u00b0C \/ +150 \u00b0C Hava Ak\u0131\u015f H\u0131z\u0131 30 m\/s (maksimum) \u00c7al\u0131\u015fma Bas\u0131nc\u0131 3000 Pa [&#8230;]\n","protected":false},"featured_media":6960,"comment_status":"open","ping_status":"closed","template":"","meta":{"jetpack_post_was_ever_published":false},"product_brand":[],"product_cat":[135],"product_tag":[265,264,260,261,258,266,262,259,267,263],"class_list":{"0":"post-586","1":"product","2":"type-product","3":"status-publish","4":"has-post-thumbnail","6":"product_cat-esnek-aluminyum-hava-kanali","7":"product_tag-bukulme","8":"product_tag-esneme","9":"product_tag-havalandirma-ve-iklimlendirme-sistemleri","10":"product_tag-helezon-celik","11":"product_tag-isitma","12":"product_tag-sikistirilabilme","13":"product_tag-sizdirmaz","14":"product_tag-sogutma","15":"product_tag-tasima-kolayligi","16":"product_tag-yogusmayi-engelleme","18":"first","19":"instock","20":"taxable","21":"shipping-taxable","22":"product-type-variable"},"jetpack-related-posts":[],"jetpack_sharing_enabled":true,"jetpack_likes_enabled":true,"_links":{"self":[{"href":"https:\/\/tuzlahortum.com.tr\/en\/wp-json\/wp\/v2\/product\/586","targetHints":{"allow":["GET"]}}],"collection":[{"href":"https:\/\/tuzlahortum.com.tr\/en\/wp-json\/wp\/v2\/product"}],"about":[{"href":"https:\/\/tuzlahortum.com.tr\/en\/wp-json\/wp\/v2\/types\/product"}],"replies":[{"embeddable":true,"href":"https:\/\/tuzlahortum.com.tr\/en\/wp-json\/wp\/v2\/comments?post=586"}],"wp:featuredmedia":[{"embeddable":true,"href":"https:\/\/tuzlahortum.com.tr\/en\/wp-json\/wp\/v2\/media\/6960"}],"wp:attachment":[{"href":"https:\/\/tuzlahortum.com.tr\/en\/wp-json\/wp\/v2\/media?parent=586"}],"wp:term":[{"taxonomy":"product_brand","embeddable":true,"href":"https:\/\/tuzlahortum.com.tr\/en\/wp-json\/wp\/v2\/product_brand?post=586"},{"taxonomy":"product_cat","embeddable":true,"href":"https:\/\/tuzlahortum.com.tr\/en\/wp-json\/wp\/v2\/product_cat?post=586"},{"taxonomy":"product_tag","embeddable":true,"href":"https:\/\/tuzlahortum.com.tr\/en\/wp-json\/wp\/v2\/product_tag?post=586"}],"curies":[{"name":"wp","href":"https:\/\/api.w.org\/{rel}","templated":true}]}}