{"id":574,"date":"2019-02-06T23:46:07","date_gmt":"2019-02-06T20:46:07","guid":{"rendered":"http:\/\/hortum.com.tr\/product\/import-placeholder-for-504\/"},"modified":"2024-03-21T17:45:15","modified_gmt":"2024-03-21T14:45:15","slug":"trelleborg-klegaine-gsv","status":"publish","type":"product","link":"https:\/\/tuzlahortum.com.tr\/en\/product\/trelleborg-klegaine-gsv\/","title":{"rendered":"Trelleborg KLEGAINE GSV"},"content":{"rendered":"<h2>Trelleborg KLEGAINE GSV<\/h2>\n<div>Industrial hoses\/PVC<\/div>\n<div>Highly flexible, durable system with many uses including air, dust and smoke removal.<\/div>\n<div>It is particularly suitable for domestic and industrial vacuum cleaners due to its carrying properties and attractive appearance.<\/div>\n<div>Advantages<\/div>\n<div>* It is light and easy to carry.<\/div>\n<div>*Multi-layer structure and steel helix for high flexibility.<\/div>\n<div>* Does not break when bent, provides maximum flow.<\/div>\n<div>*Excellent flexibility due to high tensile strength and axial and helical wires.<\/div>\n<div>*Double-walled structure gives a good wear resistance.<\/div>\n<div>*Very special design, unique product.<\/div>\n<div>technical description<\/div>\n<div>Inner tube: PVC, black.<\/div>\n<div>Reinforcement: axial and helical synthetic fiber, white PVC coated, visible steel spring embedded in the body.<\/div>\n<div>Coating: PVC, transparent, corrugated.<\/div>\n<div>Temperature range : -5\u00b0C to +80\u00b0C.<\/div>\n<div>Electrical properties : non-conductive. If conductivity is required, both ends of the helix are exposed.<\/div>\n<div>can be connected to fasteners\/grommets.<\/div>\n<div>Unions\/Fittings<\/div>\n<div>Standard : clamp connection.<\/div>\n<div>Option : black PVC, can be screwed on fittings, left-hand step, INTERNAL 25, 32, 38, 51, 63mm on request<\/div>\n<div>is provided on.<\/div>\n<div>Additional Information<\/div>\n<div>Technical data for operating conditions at 20\u00b0C.<\/div>\n<div class=\"video video-fit mb\" style=\"padding-top:56.25%;\"><p><iframe loading=\"lazy\" title=\"Measurement Confusion (Inch, Finger, Haze, Millimeter)\" width=\"1020\" height=\"574\" src=\"https:\/\/www.youtube.com\/embed\/uKk6AG_AZls?feature=oembed\" frameborder=\"0\" allow=\"accelerometer; autoplay; clipboard-write; encrypted-media; gyroscope; picture-in-picture; web-share\" referrerpolicy=\"strict-origin-when-cross-origin\" allowfullscreen><\/iframe><\/p>\n<\/div>\n<div class=\"video video-fit mb\" style=\"padding-top:56.25%;\"><p>https:\/\/www.youtube.com\/watch?v=O8ZlzKEjfEQ%20<\/p>\n<\/div>\n<p><img data-recalc-dims=\"1\" loading=\"lazy\" decoding=\"async\" class=\"alignnone size-full wp-image-2145\" src=\"https:\/\/i0.wp.com\/tuzlahortum.com.tr\/wp-content\/uploads\/urunler\/trelleborg\/TRELLEBORG-KLEGAINE-GSV.jpg?resize=919%2C352&#038;ssl=1\" alt=\"\" width=\"919\" height=\"352\" title=\"\" srcset=\"https:\/\/i0.wp.com\/tuzlahortum.com.tr\/wp-content\/uploads\/urunler\/trelleborg\/TRELLEBORG-KLEGAINE-GSV.jpg?w=919&amp;ssl=1 919w, https:\/\/i0.wp.com\/tuzlahortum.com.tr\/wp-content\/uploads\/urunler\/trelleborg\/TRELLEBORG-KLEGAINE-GSV.jpg?resize=800%2C306&amp;ssl=1 800w, https:\/\/i0.wp.com\/tuzlahortum.com.tr\/wp-content\/uploads\/urunler\/trelleborg\/TRELLEBORG-KLEGAINE-GSV.jpg?resize=768%2C294&amp;ssl=1 768w, https:\/\/i0.wp.com\/tuzlahortum.com.tr\/wp-content\/uploads\/urunler\/trelleborg\/TRELLEBORG-KLEGAINE-GSV.jpg?resize=600%2C230&amp;ssl=1 600w\" sizes=\"auto, (max-width: 919px) 100vw, 919px\" \/><\/p>","protected":false},"excerpt":{"rendered":"<p>Trelleborg KLEGAINE GSV End\u00fcstriyel hortumlar\/PVC Hava, toz ve duman uzakla\u015ft\u0131rma da dahil olmak \u00fczere bir\u00e7ok kullan\u0131m\u0131 olan son derece\u00a0esnek, dayan\u0131kl\u0131 sistem. \u00d6zellikle ta\u015f\u0131ma \u00f6zellikleri ve \u00e7ekici g\u00f6r\u00fcn\u00fcm\u00fc nedeniyle evsel ve end\u00fcstriyel elektrikli\u00a0s\u00fcp\u00fcrgeler i\u00e7in uygundur. Avantajlar *Hafiftir ve kolay ta\u015f\u0131n\u0131r. *Y\u00fcksek esneklik i\u00e7in \u00e7ok katl\u0131 yap\u0131 ve \u00e7elik helis. *B\u00fck\u00fcld\u00fc\u011f\u00fcnde k\u0131r\u0131lma yapmaz, maksimum ak\u0131\u015f sa\u011flar. *Y\u00fcksek [&#8230;]\n","protected":false},"featured_media":2650,"comment_status":"open","ping_status":"closed","template":"","meta":{"jetpack_post_was_ever_published":false},"product_brand":[],"product_cat":[176],"product_tag":[294,425,357,427,222,426,424,290,358,361],"class_list":{"0":"post-574","1":"product","2":"type-product","3":"status-publish","4":"has-post-thumbnail","6":"product_cat-endustriyel-hortumlar","7":"product_tag-dayanikli","8":"product_tag-duman-uzaklastirma","9":"product_tag-endustriyel","10":"product_tag-endustriyel-supurge","11":"product_tag-esnek","12":"product_tag-evsel-supurge","13":"product_tag-hava","14":"product_tag-hortum","15":"product_tag-pvc","16":"product_tag-toz","18":"first","19":"instock","20":"taxable","21":"shipping-taxable","22":"product-type-variable"},"jetpack-related-posts":[],"jetpack_sharing_enabled":true,"jetpack_likes_enabled":true,"_links":{"self":[{"href":"https:\/\/tuzlahortum.com.tr\/en\/wp-json\/wp\/v2\/product\/574","targetHints":{"allow":["GET"]}}],"collection":[{"href":"https:\/\/tuzlahortum.com.tr\/en\/wp-json\/wp\/v2\/product"}],"about":[{"href":"https:\/\/tuzlahortum.com.tr\/en\/wp-json\/wp\/v2\/types\/product"}],"replies":[{"embeddable":true,"href":"https:\/\/tuzlahortum.com.tr\/en\/wp-json\/wp\/v2\/comments?post=574"}],"wp:featuredmedia":[{"embeddable":true,"href":"https:\/\/tuzlahortum.com.tr\/en\/wp-json\/wp\/v2\/media\/2650"}],"wp:attachment":[{"href":"https:\/\/tuzlahortum.com.tr\/en\/wp-json\/wp\/v2\/media?parent=574"}],"wp:term":[{"taxonomy":"product_brand","embeddable":true,"href":"https:\/\/tuzlahortum.com.tr\/en\/wp-json\/wp\/v2\/product_brand?post=574"},{"taxonomy":"product_cat","embeddable":true,"href":"https:\/\/tuzlahortum.com.tr\/en\/wp-json\/wp\/v2\/product_cat?post=574"},{"taxonomy":"product_tag","embeddable":true,"href":"https:\/\/tuzlahortum.com.tr\/en\/wp-json\/wp\/v2\/product_tag?post=574"}],"curies":[{"name":"wp","href":"https:\/\/api.w.org\/{rel}","templated":true}]}}