{"id":573,"date":"2019-02-06T23:46:06","date_gmt":"2019-02-06T20:46:06","guid":{"rendered":"http:\/\/hortum.com.tr\/product\/import-placeholder-for-503\/"},"modified":"2024-03-21T17:45:16","modified_gmt":"2024-03-21T14:45:16","slug":"trelleborg-klegaine-grv","status":"publish","type":"product","link":"https:\/\/tuzlahortum.com.tr\/en\/product\/trelleborg-klegaine-grv\/","title":{"rendered":"Trelleborg KLEGAINE GRV"},"content":{"rendered":"<h2>Trelleborg KLEGAINE GRV<\/h2>\n<p>Industrial hoses\/PVC<\/p>\n<p>Suitable for heavy-duty conditions for ventilation, dust and smoke extraction.<\/p>\n<p>Especially mobile applications that need constant stretching (pressureless plumbing: mobile<\/p>\n<p>suitable for home, boat, caravan, stand, etc.).<\/p>\n<p>Cable channel.<\/p>\n<p>Advantages<\/p>\n<p>* It is durable and easy to carry.<\/p>\n<p>*Very good flexibility.<\/p>\n<p>*Semi-rigid impact resistant PVC helix.<\/p>\n<p>*Very smooth inner surface that optimizes flow.<\/p>\n<p>*Unmatched resistance to weather conditions and many industrial chemicals in the medium-density vapor phase.<\/p>\n<p>*Fire resistant material.<\/p>\n<p>technical description<\/p>\n<p>Elastic PVC wall, grey, very smooth inner surface.<\/p>\n<p>Reinforcement: Cold impact resistant embedded PVC spring.<\/p>\n<p>Temperature range : -10\u00b0C to +60\u00b0C.<\/p>\n<p>Standard\/Approval : It is fire resistant according to UL 94-V0.<\/p>\n<p>Unions\/Fittings<\/p>\n<p>Standard : clamp connection.<\/p>\n<p>Option : can be screwed into the unions.<\/p>\n<p>Additional Information<\/p>\n<p>Technical data for operating conditions at 20\u00b0C.<\/p>\n<div class=\"video video-fit mb\" style=\"padding-top:56.25%;\"><p><iframe loading=\"lazy\" title=\"Measurement Confusion (Inch, Finger, Haze, Millimeter)\" width=\"1020\" height=\"574\" src=\"https:\/\/www.youtube.com\/embed\/uKk6AG_AZls?feature=oembed\" frameborder=\"0\" allow=\"accelerometer; autoplay; clipboard-write; encrypted-media; gyroscope; picture-in-picture; web-share\" referrerpolicy=\"strict-origin-when-cross-origin\" allowfullscreen><\/iframe><\/p>\n<\/div>\n<div class=\"video video-fit mb\" style=\"padding-top:56.25%;\"><p>https:\/\/www.youtube.com\/watch?v=O8ZlzKEjfEQ%20<\/p>\n<\/div>\n<p><img data-recalc-dims=\"1\" loading=\"lazy\" decoding=\"async\" class=\"alignnone size-medium wp-image-2106\" src=\"https:\/\/i0.wp.com\/hortum.com.tr\/wp-content\/uploads\/urunler\/trelleborg\/Trelleborg-KLEGAINE-GRV-652x400.jpg?resize=652%2C400\" alt=\"\" width=\"652\" height=\"400\" title=\"\" srcset=\"https:\/\/i0.wp.com\/tuzlahortum.com.tr\/wp-content\/uploads\/urunler\/trelleborg\/Trelleborg-KLEGAINE-GRV.jpg?resize=652%2C400&amp;ssl=1 652w, https:\/\/i0.wp.com\/tuzlahortum.com.tr\/wp-content\/uploads\/urunler\/trelleborg\/Trelleborg-KLEGAINE-GRV.jpg?resize=768%2C471&amp;ssl=1 768w, https:\/\/i0.wp.com\/tuzlahortum.com.tr\/wp-content\/uploads\/urunler\/trelleborg\/Trelleborg-KLEGAINE-GRV.jpg?resize=600%2C368&amp;ssl=1 600w, https:\/\/i0.wp.com\/tuzlahortum.com.tr\/wp-content\/uploads\/urunler\/trelleborg\/Trelleborg-KLEGAINE-GRV.jpg?w=908&amp;ssl=1 908w\" sizes=\"auto, (max-width: 652px) 100vw, 652px\" \/><\/p>","protected":false},"excerpt":{"rendered":"<p>Trelleborg KLEGAINE GRV End\u00fcstriyel hortumlar\/PVC Havaland\u0131rma, toz ve duman tahliyesi i\u00e7in a\u011f\u0131r hizmet ko\u015fullar\u0131na uygun. \u00d6zellikle s\u00fcrekli esnemeye ihtiya\u00e7 duyulan mobil uygulamalar (bas\u0131n\u00e7s\u0131z s\u0131hhi tesisatlar: mobil ev, tekne, karavan, stand, vs.) i\u00e7in uygundur. Kablo kanal\u0131. Avantajlar *Dayan\u0131kl\u0131d\u0131r ve ta\u015f\u0131mas\u0131 kolayd\u0131r. *\u00c7ok iyi esneklik. *Yar\u0131 rijit darbeye dayan\u0131kl\u0131 PVC helis. *Ak\u0131\u015f\u0131 optimize eden \u00e7ok d\u00fczg\u00fcn i\u00e7 [&#8230;]\n","protected":false},"featured_media":2649,"comment_status":"open","ping_status":"closed","template":"","meta":{"jetpack_post_was_ever_published":false},"product_brand":[],"product_cat":[176],"product_tag":[418,419,360,357,369,290,422,420,358,423,343,421,361],"class_list":{"0":"post-573","1":"product","2":"type-product","3":"status-publish","4":"has-post-thumbnail","6":"product_cat-endustriyel-hortumlar","7":"product_tag-agir-hizmet","8":"product_tag-basincsiz-sihhi-tesisat","9":"product_tag-duman","10":"product_tag-endustriyel","11":"product_tag-havalandirma","12":"product_tag-hortum","13":"product_tag-karavan","14":"product_tag-mobil-ev","15":"product_tag-pvc","16":"product_tag-stand","17":"product_tag-tahliye","18":"product_tag-tekne","19":"product_tag-toz","21":"first","22":"instock","23":"taxable","24":"shipping-taxable","25":"product-type-variable"},"jetpack-related-posts":[],"jetpack_sharing_enabled":true,"jetpack_likes_enabled":true,"_links":{"self":[{"href":"https:\/\/tuzlahortum.com.tr\/en\/wp-json\/wp\/v2\/product\/573","targetHints":{"allow":["GET"]}}],"collection":[{"href":"https:\/\/tuzlahortum.com.tr\/en\/wp-json\/wp\/v2\/product"}],"about":[{"href":"https:\/\/tuzlahortum.com.tr\/en\/wp-json\/wp\/v2\/types\/product"}],"replies":[{"embeddable":true,"href":"https:\/\/tuzlahortum.com.tr\/en\/wp-json\/wp\/v2\/comments?post=573"}],"wp:featuredmedia":[{"embeddable":true,"href":"https:\/\/tuzlahortum.com.tr\/en\/wp-json\/wp\/v2\/media\/2649"}],"wp:attachment":[{"href":"https:\/\/tuzlahortum.com.tr\/en\/wp-json\/wp\/v2\/media?parent=573"}],"wp:term":[{"taxonomy":"product_brand","embeddable":true,"href":"https:\/\/tuzlahortum.com.tr\/en\/wp-json\/wp\/v2\/product_brand?post=573"},{"taxonomy":"product_cat","embeddable":true,"href":"https:\/\/tuzlahortum.com.tr\/en\/wp-json\/wp\/v2\/product_cat?post=573"},{"taxonomy":"product_tag","embeddable":true,"href":"https:\/\/tuzlahortum.com.tr\/en\/wp-json\/wp\/v2\/product_tag?post=573"}],"curies":[{"name":"wp","href":"https:\/\/api.w.org\/{rel}","templated":true}]}}