{"id":572,"date":"2019-02-06T23:46:06","date_gmt":"2019-02-06T20:46:06","guid":{"rendered":"http:\/\/hortum.com.tr\/product\/import-placeholder-for-508\/"},"modified":"2024-03-21T17:45:17","modified_gmt":"2024-03-21T14:45:17","slug":"trelleborg-klegaine-gpu-s","status":"publish","type":"product","link":"https:\/\/tuzlahortum.com.tr\/en\/product\/trelleborg-klegaine-gpu-s\/","title":{"rendered":"Trelleborg KLEGAINE GPU-S"},"content":{"rendered":"<h2>Trelleborg KLEGAINE GPU-S<\/h2>\n<div>Industrial hoses\/Polyurethane<\/div>\n<div>It is extremely durable.<\/div>\n<div>Glass plants, steel industry, mineral processing, ports, cement plants, large industrial<\/div>\n<div>metal shavings, sand, gravel, ice, etc. in vacuum cleaners. Ideal for handling highly abrasive materials such as<\/div>\n<div>Advantages<\/div>\n<div>*Unmatched resistance to abrasion and puncture.<\/div>\n<div>*Crush, pressure, vacuum resistant copper plated steel helix. Welded with polyurethane body.<\/div>\n<div>*Very smooth inner surface provides optimum flow.<\/div>\n<div>*High resistance to ozone and UV.<\/div>\n<div>*Resistance to oils, solvents and industrial chemicals in the medium-density vapor phase.<\/div>\n<div>technical description<\/div>\n<div>Very dense ether-based polyurethane body, transparent, smooth inner surface.<\/div>\n<div>Reinforcement: copper-plated steel spring providing protection in the wear zone.<\/div>\n<div>Temperature range: -30\u00b0C to +100\u00b0C.<\/div>\n<div>Special features: Wear ISO 4649: 30mm3. It does not contain halogen and plasticizers.<\/div>\n<div>Unions\/Fittings<\/div>\n<div>Standard : clamp connection.<\/div>\n<div>Option : can be screwed into the unions.<\/div>\n<div>Additional Information<\/div>\n<div>Technical data for operating conditions at 20\u00b0C.<\/div>\n<div class=\"video video-fit mb\" style=\"padding-top:56.25%;\"><p><iframe loading=\"lazy\" title=\"Measurement Confusion (Inch, Finger, Haze, Millimeter)\" width=\"1020\" height=\"574\" src=\"https:\/\/www.youtube.com\/embed\/uKk6AG_AZls?feature=oembed\" frameborder=\"0\" allow=\"accelerometer; autoplay; clipboard-write; encrypted-media; gyroscope; picture-in-picture; web-share\" referrerpolicy=\"strict-origin-when-cross-origin\" allowfullscreen><\/iframe><\/p>\n<\/div>\n<div class=\"video video-fit mb\" style=\"padding-top:56.25%;\"><p>https:\/\/www.youtube.com\/watch?v=O8ZlzKEjfEQ%20<\/p>\n<\/div>\n<p><img data-recalc-dims=\"1\" loading=\"lazy\" decoding=\"async\" class=\"alignnone size-full wp-image-2107\" src=\"https:\/\/i0.wp.com\/tuzlahortum.com.tr\/wp-content\/uploads\/urunler\/trelleborg\/Trelleborg-KLEGAINE-GPU-S.jpg?resize=904%2C538&#038;ssl=1\" alt=\"\" width=\"904\" height=\"538\" title=\"\" srcset=\"https:\/\/i0.wp.com\/tuzlahortum.com.tr\/wp-content\/uploads\/urunler\/trelleborg\/Trelleborg-KLEGAINE-GPU-S.jpg?w=904&amp;ssl=1 904w, https:\/\/i0.wp.com\/tuzlahortum.com.tr\/wp-content\/uploads\/urunler\/trelleborg\/Trelleborg-KLEGAINE-GPU-S.jpg?resize=672%2C400&amp;ssl=1 672w, https:\/\/i0.wp.com\/tuzlahortum.com.tr\/wp-content\/uploads\/urunler\/trelleborg\/Trelleborg-KLEGAINE-GPU-S.jpg?resize=768%2C457&amp;ssl=1 768w, https:\/\/i0.wp.com\/tuzlahortum.com.tr\/wp-content\/uploads\/urunler\/trelleborg\/Trelleborg-KLEGAINE-GPU-S.jpg?resize=600%2C357&amp;ssl=1 600w\" sizes=\"auto, (max-width: 904px) 100vw, 904px\" \/><\/p>","protected":false},"excerpt":{"rendered":"<p>Trelleborg KLEGAINE GPU-S End\u00fcstriyel hortumlar\/Poli\u00fcretan Son derece dayan\u0131kl\u0131d\u0131r. Cam tesisleri, \u00e7elik end\u00fcstrisi, mineral i\u015fleme, limanlar, \u00e7imento tesisleri, b\u00fcy\u00fck end\u00fcstriyel elektrikli s\u00fcp\u00fcrgelerde metal tala\u015f\u0131, kum, \u00e7ak\u0131l, buz, vs. gibi son derece a\u015f\u0131nd\u0131r\u0131c\u0131 malzemelerin\u00a0ta\u015f\u0131nmas\u0131 i\u00e7in idealdir. Avantajlar *A\u015f\u0131nma ve delinmeye kar\u015f\u0131 benzersiz dayan\u0131m. *Ezilme, bas\u0131n\u00e7, vakuma dayan\u0131kl\u0131 bak\u0131r kapl\u0131 \u00e7elik helis. Poli\u00fcretan g\u00f6vdeyle kaynat\u0131lm\u0131\u015ft\u0131r. *\u00c7ok d\u00fczg\u00fcn olan [&#8230;]\n","protected":false},"featured_media":2648,"comment_status":"open","ping_status":"closed","template":"","meta":{"jetpack_post_was_ever_published":false},"product_brand":[],"product_cat":[176],"product_tag":[417,413,416,415,409,365,412,294,357,290,414,411,410,381],"class_list":{"0":"post-572","1":"product","2":"type-product","3":"status-publish","4":"has-post-thumbnail","6":"product_cat-endustriyel-hortumlar","7":"product_tag-asindirici-malzeme-tasinmasi","8":"product_tag-buyuk-endustriyel-elektrikli-supurgelerde-metal-talasi","9":"product_tag-buz","10":"product_tag-cakil","11":"product_tag-cam-tesisler","12":"product_tag-celik-endustrisi","13":"product_tag-cimento-tesisleri","14":"product_tag-dayanikli","15":"product_tag-endustriyel","16":"product_tag-hortum","17":"product_tag-kum","18":"product_tag-limanlar","19":"product_tag-mineral-isleme","20":"product_tag-poliuretan","22":"first","23":"instock","24":"taxable","25":"shipping-taxable","26":"product-type-variable"},"jetpack-related-posts":[{"id":571,"url":"https:\/\/tuzlahortum.com.tr\/en\/product\/trelleborg-klegaine-gpu-ms\/","url_meta":{"origin":572,"position":0},"title":"Trelleborg KLEGAINE GPU-MS","author":"admin","date":"6 February 2019","format":false,"excerpt":"Trelleborg KLEGAINE GPU-MSEIndustrial hoses\/Polyurethane Highly flexible and durable. Used in many industries such as metallurgy, wood processing, food and pharmaceutical industries. Ideal for transporting grains, granules, sawdust and wood chips, metal shavings in humid and\/or hot environments. Especially suitable for street sweepers and lawn mowers Flame retardant according to DIN4102B1 or preferably...","rel":"","context":"Similar post","block_context":{"text":"Similar post","link":""},"img":{"alt_text":"","src":"https:\/\/i0.wp.com\/tuzlahortum.com.tr\/wp-content\/uploads\/2019\/02\/KLEGAINE-GPU-MS.jpg?fit=800%2C800&ssl=1&resize=350%2C200","width":350,"height":200,"srcset":"https:\/\/i0.wp.com\/tuzlahortum.com.tr\/wp-content\/uploads\/2019\/02\/KLEGAINE-GPU-MS.jpg?fit=800%2C800&ssl=1&resize=350%2C200 1x, https:\/\/i0.wp.com\/tuzlahortum.com.tr\/wp-content\/uploads\/2019\/02\/KLEGAINE-GPU-MS.jpg?fit=800%2C800&ssl=1&resize=525%2C300 1.5x, https:\/\/i0.wp.com\/tuzlahortum.com.tr\/wp-content\/uploads\/2019\/02\/KLEGAINE-GPU-MS.jpg?fit=800%2C800&ssl=1&resize=700%2C400 2x"},"classes":[]},{"id":570,"url":"https:\/\/tuzlahortum.com.tr\/en\/product\/trelleborg-klegaine-gpu-m\/","url_meta":{"origin":572,"position":1},"title":"Trelleborg KLEGAINE GPU-M","author":"admin","date":"6 February 2019","format":false,"excerpt":"Trelleborg KLEGAINE GPU-MEnd\u00fcstriyel hortumlar\/Poli\u00fcretan Ah\u015fap i\u015fleme end\u00fcstrileri, d\u00f6k\u00fcmhaneler ve di\u011fer genel uygulamalar i\u00e7in uygundur. Tozlar, a\u015f\u0131nd\u0131r\u0131c\u0131 partik\u00fcller, toz, tala\u015f, z\u0131mba, tekstil lifleri, metal tala\u015flar\u0131n\u0131n ta\u015f\u0131nmas\u0131 i\u00e7in\u00a0uygundur. End\u00fcstriyel elektrik s\u00fcp\u00fcrgeleri. Kimya ve petrol end\u00fcstrilerinde duman tahliyesi i\u00e7in uygundur Robotlar ve tak\u0131m tezgahlar\u0131nda\u00a0kablo kanal\u0131. Avantajlar *Hafif ve olduk\u00e7a esnektir, d\u00fc\u015f\u00fck s\u0131cakl\u0131kta esnektir.\u2026","rel":"","context":"Similar post","block_context":{"text":"Similar post","link":""},"img":{"alt_text":"","src":"https:\/\/i0.wp.com\/tuzlahortum.com.tr\/wp-content\/uploads\/2019\/02\/KLEGAINE-GPU-M.jpg?fit=800%2C800&ssl=1&resize=350%2C200","width":350,"height":200,"srcset":"https:\/\/i0.wp.com\/tuzlahortum.com.tr\/wp-content\/uploads\/2019\/02\/KLEGAINE-GPU-M.jpg?fit=800%2C800&ssl=1&resize=350%2C200 1x, https:\/\/i0.wp.com\/tuzlahortum.com.tr\/wp-content\/uploads\/2019\/02\/KLEGAINE-GPU-M.jpg?fit=800%2C800&ssl=1&resize=525%2C300 1.5x, https:\/\/i0.wp.com\/tuzlahortum.com.tr\/wp-content\/uploads\/2019\/02\/KLEGAINE-GPU-M.jpg?fit=800%2C800&ssl=1&resize=700%2C400 2x"},"classes":[]},{"id":569,"url":"https:\/\/tuzlahortum.com.tr\/en\/product\/trelleborg-klegaine-gpu-fg\/","url_meta":{"origin":572,"position":2},"title":"Trelleborg KLEGAINE GPU-FG","author":"admin","date":"6 February 2019","format":false,"excerpt":"Trelleborg KLEGAINE GPU-FGEnd\u00fcstriyel hortumlar\/Poli\u00fcretan G\u0131daya uygun kalitede, son derece d\u00fczg\u00fcn. G\u0131da end\u00fcstrisinde a\u015f\u0131nd\u0131r\u0131c\u0131 malzemeler, tozlar ve gran\u00fcllerin ve ila\u00e7 laboratuvarlar\u0131nda\u00a0ila\u00e7lar\u0131n \u00e7ekilmesi ve ta\u015f\u0131nmas\u0131 i\u00e7in idealdir. End\u00fcstriyel elektrik s\u00fcp\u00fcrgeleri ve zemin bak\u0131m uygulamalar\u0131, \u00e7imen bi\u00e7me makineleri ve kaya\u00a0y\u00fcn\u00fc projeksiyonu. Ah\u015fap i\u015fleme end\u00fcstrileri. Robotikler, r\u00f6ntgen makineleri i\u00e7in kablo kanal\u0131. Avantajlar *G\u0131dada kullan\u0131ma\u2026","rel":"","context":"Similar post","block_context":{"text":"Similar post","link":""},"img":{"alt_text":"","src":"https:\/\/i0.wp.com\/tuzlahortum.com.tr\/wp-content\/uploads\/2019\/02\/KLEGAINE-GPU-FG.jpg?fit=800%2C800&ssl=1&resize=350%2C200","width":350,"height":200,"srcset":"https:\/\/i0.wp.com\/tuzlahortum.com.tr\/wp-content\/uploads\/2019\/02\/KLEGAINE-GPU-FG.jpg?fit=800%2C800&ssl=1&resize=350%2C200 1x, https:\/\/i0.wp.com\/tuzlahortum.com.tr\/wp-content\/uploads\/2019\/02\/KLEGAINE-GPU-FG.jpg?fit=800%2C800&ssl=1&resize=525%2C300 1.5x, https:\/\/i0.wp.com\/tuzlahortum.com.tr\/wp-content\/uploads\/2019\/02\/KLEGAINE-GPU-FG.jpg?fit=800%2C800&ssl=1&resize=700%2C400 2x"},"classes":[]},{"id":573,"url":"https:\/\/tuzlahortum.com.tr\/en\/product\/trelleborg-klegaine-grv\/","url_meta":{"origin":572,"position":3},"title":"Trelleborg KLEGAINE GRV","author":"admin","date":"6 February 2019","format":false,"excerpt":"Trelleborg KLEGAINE GRVEnd\u00fcstriyel hortumlar\/PVC Havaland\u0131rma, toz ve duman tahliyesi i\u00e7in a\u011f\u0131r hizmet ko\u015fullar\u0131na uygun. \u00d6zellikle s\u00fcrekli esnemeye ihtiya\u00e7 duyulan mobil uygulamalar (bas\u0131n\u00e7s\u0131z s\u0131hhi tesisatlar: mobil ev, tekne, karavan, stand, vs.) i\u00e7in uygundur. Kablo kanal\u0131. Avantajlar *Dayan\u0131kl\u0131d\u0131r ve ta\u015f\u0131mas\u0131 kolayd\u0131r. *\u00c7ok iyi esneklik. *Yar\u0131 rijit darbeye dayan\u0131kl\u0131 PVC helis. *Ak\u0131\u015f\u0131 optimize\u2026","rel":"","context":"Similar post","block_context":{"text":"Similar post","link":""},"img":{"alt_text":"","src":"https:\/\/i0.wp.com\/tuzlahortum.com.tr\/wp-content\/uploads\/2019\/02\/KLEGAINE-GRV.jpg?fit=800%2C800&ssl=1&resize=350%2C200","width":350,"height":200,"srcset":"https:\/\/i0.wp.com\/tuzlahortum.com.tr\/wp-content\/uploads\/2019\/02\/KLEGAINE-GRV.jpg?fit=800%2C800&ssl=1&resize=350%2C200 1x, https:\/\/i0.wp.com\/tuzlahortum.com.tr\/wp-content\/uploads\/2019\/02\/KLEGAINE-GRV.jpg?fit=800%2C800&ssl=1&resize=525%2C300 1.5x, https:\/\/i0.wp.com\/tuzlahortum.com.tr\/wp-content\/uploads\/2019\/02\/KLEGAINE-GRV.jpg?fit=800%2C800&ssl=1&resize=700%2C400 2x"},"classes":[]},{"id":911,"url":"https:\/\/tuzlahortum.com.tr\/en\/product\/trelleborg-klerheat\/","url_meta":{"origin":572,"position":4},"title":"Trelleborg KLERHEAT","author":"admin","date":"6 February 2019","format":false,"excerpt":"Trelleborg KLERHEATSu\/So\u011futma uygulamalar\u0131 \u00c7elikhaneler, cam \u00fcretim tesisleri, d\u00f6k\u00fcmhaneler, vs.'de bulunan ergitme y\u00fczeylerinde end\u00fcstriyel so\u011futma hortumu olarak ve kablo so\u011futma hortumu olarak kullan\u0131l\u0131r. Ayr\u0131ca y\u00fcksek s\u0131cakl\u0131klardaki \u00e7al\u0131\u015fma alanlar\u0131nda ve elektriksel a\u00e7\u0131dan izolasyonlu hortum gereken uygulamalarda kullan\u0131l\u0131r. Avantajlar *\u00c7elik s\u0131\u00e7ramas\u0131na ve +400\u00b0C ge\u00e7ici radyasyon s\u0131cakl\u0131\u011f\u0131na kar\u015f\u0131\u00a0dayan\u0131kl\u0131d\u0131r. *D\u0131\u015f kaplamas\u0131 cam \u00f6rg\u00fc kuma\u015ftan yap\u0131lm\u0131\u015ft\u0131r\u2026","rel":"","context":"Similar post","block_context":{"text":"Similar post","link":""},"img":{"alt_text":"","src":"https:\/\/i0.wp.com\/tuzlahortum.com.tr\/wp-content\/uploads\/2019\/02\/KLERHEAT.jpg?fit=800%2C800&ssl=1&resize=350%2C200","width":350,"height":200,"srcset":"https:\/\/i0.wp.com\/tuzlahortum.com.tr\/wp-content\/uploads\/2019\/02\/KLERHEAT.jpg?fit=800%2C800&ssl=1&resize=350%2C200 1x, https:\/\/i0.wp.com\/tuzlahortum.com.tr\/wp-content\/uploads\/2019\/02\/KLERHEAT.jpg?fit=800%2C800&ssl=1&resize=525%2C300 1.5x, https:\/\/i0.wp.com\/tuzlahortum.com.tr\/wp-content\/uploads\/2019\/02\/KLERHEAT.jpg?fit=800%2C800&ssl=1&resize=700%2C400 2x"},"classes":[]},{"id":11947,"url":"https:\/\/tuzlahortum.com.tr\/en\/product\/antistatik-granul-hortum\/","url_meta":{"origin":572,"position":5},"title":"Antistatic Granule Hose","author":"\u0130smail \u00c7elik","date":"17 June 2020","format":false,"excerpt":"Antistatik Gran\u00fcl Hortumu Antistatik Gran\u00fcl Hortumu PVC takviyeli, i\u00e7 y\u00fczeyi d\u00fcz ve PU (poli\u00fcretan) tabakadan mam\u00fcl, PVC spirallerin d\u0131\u015f\u0131 bak\u0131r tel ile sarg\u0131l\u0131 oldu\u011fundan antistatik \u00f6zellikli bir yap\u0131ya sahiptir. Bu \u00f6zellikleri sayesinde, a\u015f\u0131nmaya, kesilmeye, atmosferik partik\u00fcllere ve mikroorganizmalara kar\u015f\u0131 son derece diren\u00e7lidir. Gran\u00fcllerin, a\u015f\u0131nd\u0131r\u0131c\u0131 maddelerin, tozlar\u0131n, tah\u0131l ve kuru g\u0131da\u2026","rel":"","context":"Similar post","block_context":{"text":"Similar post","link":""},"img":{"alt_text":"","src":"https:\/\/i0.wp.com\/tuzlahortum.com.tr\/wp-content\/uploads\/2020\/06\/GRAN%C3%9CL-HORTUM-ANT%C4%B0STAT%C4%B0K.jpg?fit=791%2C361&ssl=1&resize=350%2C200","width":350,"height":200,"srcset":"https:\/\/i0.wp.com\/tuzlahortum.com.tr\/wp-content\/uploads\/2020\/06\/GRAN%C3%9CL-HORTUM-ANT%C4%B0STAT%C4%B0K.jpg?fit=791%2C361&ssl=1&resize=350%2C200 1x, https:\/\/i0.wp.com\/tuzlahortum.com.tr\/wp-content\/uploads\/2020\/06\/GRAN%C3%9CL-HORTUM-ANT%C4%B0STAT%C4%B0K.jpg?fit=791%2C361&ssl=1&resize=525%2C300 1.5x, https:\/\/i0.wp.com\/tuzlahortum.com.tr\/wp-content\/uploads\/2020\/06\/GRAN%C3%9CL-HORTUM-ANT%C4%B0STAT%C4%B0K.jpg?fit=791%2C361&ssl=1&resize=700%2C400 2x"},"classes":[]}],"jetpack_sharing_enabled":true,"jetpack_likes_enabled":true,"_links":{"self":[{"href":"https:\/\/tuzlahortum.com.tr\/en\/wp-json\/wp\/v2\/product\/572","targetHints":{"allow":["GET"]}}],"collection":[{"href":"https:\/\/tuzlahortum.com.tr\/en\/wp-json\/wp\/v2\/product"}],"about":[{"href":"https:\/\/tuzlahortum.com.tr\/en\/wp-json\/wp\/v2\/types\/product"}],"replies":[{"embeddable":true,"href":"https:\/\/tuzlahortum.com.tr\/en\/wp-json\/wp\/v2\/comments?post=572"}],"wp:featuredmedia":[{"embeddable":true,"href":"https:\/\/tuzlahortum.com.tr\/en\/wp-json\/wp\/v2\/media\/2648"}],"wp:attachment":[{"href":"https:\/\/tuzlahortum.com.tr\/en\/wp-json\/wp\/v2\/media?parent=572"}],"wp:term":[{"taxonomy":"product_brand","embeddable":true,"href":"https:\/\/tuzlahortum.com.tr\/en\/wp-json\/wp\/v2\/product_brand?post=572"},{"taxonomy":"product_cat","embeddable":true,"href":"https:\/\/tuzlahortum.com.tr\/en\/wp-json\/wp\/v2\/product_cat?post=572"},{"taxonomy":"product_tag","embeddable":true,"href":"https:\/\/tuzlahortum.com.tr\/en\/wp-json\/wp\/v2\/product_tag?post=572"}],"curies":[{"name":"wp","href":"https:\/\/api.w.org\/{rel}","templated":true}]}}