{"id":571,"date":"2019-02-06T23:46:06","date_gmt":"2019-02-06T20:46:06","guid":{"rendered":"http:\/\/hortum.com.tr\/product\/import-placeholder-for-507\/"},"modified":"2024-03-21T17:45:18","modified_gmt":"2024-03-21T14:45:18","slug":"trelleborg-klegaine-gpu-ms","status":"publish","type":"product","link":"https:\/\/tuzlahortum.com.tr\/en\/product\/trelleborg-klegaine-gpu-ms\/","title":{"rendered":"Trelleborg KLEGAINE GPU-MS"},"content":{"rendered":"<h2>Trelleborg KLEGAINE GPU-MS<\/h2>\n<div>Industrial hoses\/Polyurethane<\/div>\n<div>It is extremely flexible and durable.<\/div>\n<div>It is used in many industries such as metallurgy, woodworking, food, pharmaceutical industries.<\/div>\n<div>Grains, granules, sawdust and wood chips, metal in humid and\/or hot environments<\/div>\n<div>Ideal for transporting shavings.<\/div>\n<div>Especially suitable for street sweepers and lawnmowers Flame according to DIN4102B1<\/div>\n<div>retardant or preferably made of antistatic material.<\/div>\n<div>Advantages<\/div>\n<div>* It is light and easy to carry.<\/div>\n<div>* Non-toxic, food-grade polyurethane resistant to hydrolysis and microbiological attack.<\/div>\n<div>*Unmatched resistance to abrasion and puncture.<\/div>\n<div>* Extremely high mechanical flexibility due to perfect coupling between components<\/div>\n<div>(PVC coated spring steel helix welded to polyurethane body).<\/div>\n<div>* Smooth inner surface provides optimum flow.<\/div>\n<div>*High resistance to ozone and ultraviolet rays.<\/div>\n<div>*Good resistance to oils, solvents and medium-density vapor phase industrial chemicals.<\/div>\n<div>technical description<\/div>\n<div>Ether-based polyurethane body, transparent, smooth inner surface.<\/div>\n<div>Reinforcement: white PVC coated steel helix.<\/div>\n<div>Temperature range: -30\u00b0C to +100\u00b0C.<\/div>\n<div>Electrical properties : Standard : non-conductive.<\/div>\n<div>Antistatic option, R&lt;108\u03a9\/m : consult us.<\/div>\n<div>Special features: Wear ISO 4649: 40mm3. Flame retardant option, DIN 4102B1 : consult us.<\/div>\n<div>It does not contain halogen and plasticizers.<\/div>\n<div>Standard\/Approval : Food contact : EU regulation 10\/2011\/EC.<\/div>\n<div>Additional Information<\/div>\n<div>Technical data for operating conditions at 20\u00b0C.<\/div>\n<div>\n<div class=\"video video-fit mb\" style=\"padding-top:56.25%;\"><p><iframe loading=\"lazy\" title=\"Measurement Confusion (Inch, Finger, Haze, Millimeter)\" width=\"1020\" height=\"574\" src=\"https:\/\/www.youtube.com\/embed\/uKk6AG_AZls?feature=oembed\" frameborder=\"0\" allow=\"accelerometer; autoplay; clipboard-write; encrypted-media; gyroscope; picture-in-picture; web-share\" referrerpolicy=\"strict-origin-when-cross-origin\" allowfullscreen><\/iframe><\/p>\n<\/div>\n<div class=\"video video-fit mb\" style=\"padding-top:56.25%;\"><p>https:\/\/www.youtube.com\/watch?v=O8ZlzKEjfEQ%20<\/p>\n<\/div>\n<\/div>\n<p><img data-recalc-dims=\"1\" loading=\"lazy\" decoding=\"async\" class=\"alignnone size-medium wp-image-2108\" src=\"https:\/\/i0.wp.com\/hortum.com.tr\/wp-content\/uploads\/urunler\/trelleborg\/Trelleborg-KLEGAINE-GPU-MS-535x400.jpg?resize=535%2C400\" alt=\"\" width=\"535\" height=\"400\" title=\"\" srcset=\"https:\/\/i0.wp.com\/tuzlahortum.com.tr\/wp-content\/uploads\/urunler\/trelleborg\/Trelleborg-KLEGAINE-GPU-MS.jpg?resize=535%2C400&amp;ssl=1 535w, https:\/\/i0.wp.com\/tuzlahortum.com.tr\/wp-content\/uploads\/urunler\/trelleborg\/Trelleborg-KLEGAINE-GPU-MS.jpg?resize=600%2C449&amp;ssl=1 600w, https:\/\/i0.wp.com\/tuzlahortum.com.tr\/wp-content\/uploads\/urunler\/trelleborg\/Trelleborg-KLEGAINE-GPU-MS.jpg?w=762&amp;ssl=1 762w\" sizes=\"auto, (max-width: 535px) 100vw, 535px\" \/><\/p>","protected":false},"excerpt":{"rendered":"<p>Trelleborg KLEGAINE GPU-MS End\u00fcstriyel hortumlar\/Poli\u00fcretan Son derece esnek ve dayan\u0131kl\u0131d\u0131r. Metalurji, ah\u015fap i\u015fleme, g\u0131da, ila\u00e7 end\u00fcstrileri gibi bir\u00e7ok end\u00fcstride kullan\u0131l\u0131r. Nemli ve\/veya s\u0131cak ortamlarda tah\u0131llar\u0131n, gran\u00fcllerin, tala\u015f ve ah\u015fap par\u00e7alar\u0131, metal tala\u015flar\u0131n\u0131n ta\u015f\u0131nmas\u0131 i\u00e7in idealdir. \u00d6zellikle sokak tipi s\u00fcp\u00fcrgeler ve \u00e7im bi\u00e7me makineleri i\u00e7in uygundur DIN4102B1&#8217;e g\u00f6re alev geciktiricidir veya tercihen antistatik malzemeden yap\u0131l\u0131r. Avantajlar [&#8230;]\n","protected":false},"featured_media":2647,"comment_status":"open","ping_status":"closed","template":"","meta":[],"product_brand":[],"product_cat":[176],"product_tag":[407,401,294,357,222,402,389,290,403,408,400,404,381,405,406,362],"class_list":{"0":"post-571","1":"product","2":"type-product","3":"status-publish","4":"has-post-thumbnail","6":"product_cat-endustriyel-hortumlar","7":"product_tag-ahsap","8":"product_tag-ahsap-isleme","9":"product_tag-dayanikli","10":"product_tag-endustriyel","11":"product_tag-esnek","12":"product_tag-gida","13":"product_tag-granul","14":"product_tag-hortum","15":"product_tag-ilac-endustrileri","16":"product_tag-metal-talaslarinin-tasinmasi","17":"product_tag-metalurji","18":"product_tag-nemli","19":"product_tag-poliuretan","20":"product_tag-sicak-ortamlar","21":"product_tag-tahil","22":"product_tag-talas","24":"first","25":"instock","26":"taxable","27":"shipping-taxable","28":"product-type-variable"},"jetpack-related-posts":[{"id":570,"url":"https:\/\/tuzlahortum.com.tr\/en\/product\/trelleborg-klegaine-gpu-m\/","url_meta":{"origin":571,"position":0},"title":"Trelleborg KLEGAINE GPU-M","author":"admin","date":"6 February 2019","format":false,"excerpt":"Trelleborg KLEGAINE GPU-MEnd\u00fcstriyel hortumlar\/Poli\u00fcretan Ah\u015fap i\u015fleme end\u00fcstrileri, d\u00f6k\u00fcmhaneler ve di\u011fer genel uygulamalar i\u00e7in uygundur. Tozlar, a\u015f\u0131nd\u0131r\u0131c\u0131 partik\u00fcller, toz, tala\u015f, z\u0131mba, tekstil lifleri, metal tala\u015flar\u0131n\u0131n ta\u015f\u0131nmas\u0131 i\u00e7in\u00a0uygundur. End\u00fcstriyel elektrik s\u00fcp\u00fcrgeleri. Kimya ve petrol end\u00fcstrilerinde duman tahliyesi i\u00e7in uygundur Robotlar ve tak\u0131m tezgahlar\u0131nda\u00a0kablo kanal\u0131. Avantajlar *Hafif ve olduk\u00e7a esnektir, d\u00fc\u015f\u00fck s\u0131cakl\u0131kta esnektir.\u2026","rel":"","context":"Similar post","block_context":{"text":"Similar post","link":""},"img":{"alt_text":"","src":"https:\/\/i0.wp.com\/tuzlahortum.com.tr\/wp-content\/uploads\/2019\/02\/KLEGAINE-GPU-M.jpg?fit=800%2C800&ssl=1&resize=350%2C200","width":350,"height":200,"srcset":"https:\/\/i0.wp.com\/tuzlahortum.com.tr\/wp-content\/uploads\/2019\/02\/KLEGAINE-GPU-M.jpg?fit=800%2C800&ssl=1&resize=350%2C200 1x, https:\/\/i0.wp.com\/tuzlahortum.com.tr\/wp-content\/uploads\/2019\/02\/KLEGAINE-GPU-M.jpg?fit=800%2C800&ssl=1&resize=525%2C300 1.5x, https:\/\/i0.wp.com\/tuzlahortum.com.tr\/wp-content\/uploads\/2019\/02\/KLEGAINE-GPU-M.jpg?fit=800%2C800&ssl=1&resize=700%2C400 2x"},"classes":[]},{"id":569,"url":"https:\/\/tuzlahortum.com.tr\/en\/product\/trelleborg-klegaine-gpu-fg\/","url_meta":{"origin":571,"position":1},"title":"Trelleborg KLEGAINE GPU-FG","author":"admin","date":"6 February 2019","format":false,"excerpt":"Trelleborg KLEGAINE GPU-FGEnd\u00fcstriyel hortumlar\/Poli\u00fcretan G\u0131daya uygun kalitede, son derece d\u00fczg\u00fcn. G\u0131da end\u00fcstrisinde a\u015f\u0131nd\u0131r\u0131c\u0131 malzemeler, tozlar ve gran\u00fcllerin ve ila\u00e7 laboratuvarlar\u0131nda\u00a0ila\u00e7lar\u0131n \u00e7ekilmesi ve ta\u015f\u0131nmas\u0131 i\u00e7in idealdir. End\u00fcstriyel elektrik s\u00fcp\u00fcrgeleri ve zemin bak\u0131m uygulamalar\u0131, \u00e7imen bi\u00e7me makineleri ve kaya\u00a0y\u00fcn\u00fc projeksiyonu. Ah\u015fap i\u015fleme end\u00fcstrileri. Robotikler, r\u00f6ntgen makineleri i\u00e7in kablo kanal\u0131. Avantajlar *G\u0131dada kullan\u0131ma\u2026","rel":"","context":"Similar post","block_context":{"text":"Similar post","link":""},"img":{"alt_text":"","src":"https:\/\/i0.wp.com\/tuzlahortum.com.tr\/wp-content\/uploads\/2019\/02\/KLEGAINE-GPU-FG.jpg?fit=800%2C800&ssl=1&resize=350%2C200","width":350,"height":200,"srcset":"https:\/\/i0.wp.com\/tuzlahortum.com.tr\/wp-content\/uploads\/2019\/02\/KLEGAINE-GPU-FG.jpg?fit=800%2C800&ssl=1&resize=350%2C200 1x, https:\/\/i0.wp.com\/tuzlahortum.com.tr\/wp-content\/uploads\/2019\/02\/KLEGAINE-GPU-FG.jpg?fit=800%2C800&ssl=1&resize=525%2C300 1.5x, https:\/\/i0.wp.com\/tuzlahortum.com.tr\/wp-content\/uploads\/2019\/02\/KLEGAINE-GPU-FG.jpg?fit=800%2C800&ssl=1&resize=700%2C400 2x"},"classes":[]},{"id":572,"url":"https:\/\/tuzlahortum.com.tr\/en\/product\/trelleborg-klegaine-gpu-s\/","url_meta":{"origin":571,"position":2},"title":"Trelleborg KLEGAINE GPU-S","author":"admin","date":"6 February 2019","format":false,"excerpt":"Trelleborg KLEGAINE GPU-SEnd\u00fcstriyel hortumlar\/Poli\u00fcretan Son derece dayan\u0131kl\u0131d\u0131r. Cam tesisleri, \u00e7elik end\u00fcstrisi, mineral i\u015fleme, limanlar, \u00e7imento tesisleri, b\u00fcy\u00fck end\u00fcstriyel elektrikli s\u00fcp\u00fcrgelerde metal tala\u015f\u0131, kum, \u00e7ak\u0131l, buz, vs. gibi son derece a\u015f\u0131nd\u0131r\u0131c\u0131 malzemelerin\u00a0ta\u015f\u0131nmas\u0131 i\u00e7in idealdir. Avantajlar *A\u015f\u0131nma ve delinmeye kar\u015f\u0131 benzersiz dayan\u0131m. *Ezilme, bas\u0131n\u00e7, vakuma dayan\u0131kl\u0131 bak\u0131r kapl\u0131 \u00e7elik helis. Poli\u00fcretan g\u00f6vdeyle\u2026","rel":"","context":"Similar post","block_context":{"text":"Similar post","link":""},"img":{"alt_text":"","src":"https:\/\/i0.wp.com\/tuzlahortum.com.tr\/wp-content\/uploads\/2019\/02\/KLEGAINE-GPU-S.jpg?fit=800%2C800&ssl=1&resize=350%2C200","width":350,"height":200,"srcset":"https:\/\/i0.wp.com\/tuzlahortum.com.tr\/wp-content\/uploads\/2019\/02\/KLEGAINE-GPU-S.jpg?fit=800%2C800&ssl=1&resize=350%2C200 1x, https:\/\/i0.wp.com\/tuzlahortum.com.tr\/wp-content\/uploads\/2019\/02\/KLEGAINE-GPU-S.jpg?fit=800%2C800&ssl=1&resize=525%2C300 1.5x, https:\/\/i0.wp.com\/tuzlahortum.com.tr\/wp-content\/uploads\/2019\/02\/KLEGAINE-GPU-S.jpg?fit=800%2C800&ssl=1&resize=700%2C400 2x"},"classes":[]},{"id":919,"url":"https:\/\/tuzlahortum.com.tr\/en\/product\/trelleborg-starkler\/","url_meta":{"origin":571,"position":3},"title":"Trelleborg STARKLER","author":"admin","date":"6 February 2019","format":false,"excerpt":"Trelleborg STARKLERSu\/Tahliye uygulamalar\u0131 Y\u00fcksek bas\u0131n\u00e7la temizleme i\u015flemleri ve s\u0131cak veya so\u011fuk su ve bir\u00e7ok farkl\u0131 s\u0131v\u0131n\u0131n kullan\u0131ld\u0131\u011f\u0131 genel tahliye uygulamalar\u0131na y\u00f6nelik \u00e7ok ama\u00e7l\u0131 hortum (EPDM i\u00e7in kimyasal diren\u00e7 tablosuna\u00a0bak\u0131n\u0131z). T\u00fcm sekt\u00f6rler i\u00e7in uygundur: in\u015faat ve bay\u0131nd\u0131rl\u0131k hizmetleri, end\u00fcstri, tar\u0131m, vs. Avantajlar *Eskime ve atmosfer ko\u015fullar\u0131na kar\u015f\u0131 son derece dayan\u0131kl\u0131. *Geni\u015f\u2026","rel":"","context":"Similar post","block_context":{"text":"Similar post","link":""},"img":{"alt_text":"","src":"https:\/\/i0.wp.com\/tuzlahortum.com.tr\/wp-content\/uploads\/2019\/02\/STARKLER.jpg?fit=800%2C800&ssl=1&resize=350%2C200","width":350,"height":200,"srcset":"https:\/\/i0.wp.com\/tuzlahortum.com.tr\/wp-content\/uploads\/2019\/02\/STARKLER.jpg?fit=800%2C800&ssl=1&resize=350%2C200 1x, https:\/\/i0.wp.com\/tuzlahortum.com.tr\/wp-content\/uploads\/2019\/02\/STARKLER.jpg?fit=800%2C800&ssl=1&resize=525%2C300 1.5x, https:\/\/i0.wp.com\/tuzlahortum.com.tr\/wp-content\/uploads\/2019\/02\/STARKLER.jpg?fit=800%2C800&ssl=1&resize=700%2C400 2x"},"classes":[]},{"id":879,"url":"https:\/\/tuzlahortum.com.tr\/en\/product\/tc-24as\/","url_meta":{"origin":571,"position":4},"title":"TC 24AS","author":"admin","date":"6 February 2019","format":false,"excerpt":"TC 24AS MATERYAL: Kuma\u015f Duvar\u0131: PTFE lamine cam Elyaf kuma\u015f \u2022 A\u011f\u0131rl\u0131k : 155-270 gr\/m2 \u2022 \u00c7ekme Dayan\u0131m\u0131 : 800 N\/5 cm 1200 N\/5 cm \u2022 Ek Kal\u0131nl\u0131\u011f\u0131 : 0.08 - 0.25 mm \u2022 Renk : Siyah D\u0131\u015f Spiral : Galvaniz \u00c7elik UYGULAMALAR: \u2022 Boyahanelerde \u2022 \u0130la\u00e7 end\u00fcstrisi \u2022 Elektrik\u2026","rel":"","context":"Similar post","block_context":{"text":"Similar post","link":""},"img":{"alt_text":"","src":"https:\/\/i0.wp.com\/tuzlahortum.com.tr\/wp-content\/uploads\/2019\/03\/TC-24AS.jpg?fit=600%2C450&ssl=1&resize=350%2C200","width":350,"height":200,"srcset":"https:\/\/i0.wp.com\/tuzlahortum.com.tr\/wp-content\/uploads\/2019\/03\/TC-24AS.jpg?fit=600%2C450&ssl=1&resize=350%2C200 1x, https:\/\/i0.wp.com\/tuzlahortum.com.tr\/wp-content\/uploads\/2019\/03\/TC-24AS.jpg?fit=600%2C450&ssl=1&resize=525%2C300 1.5x"},"classes":[]},{"id":536,"url":"https:\/\/tuzlahortum.com.tr\/en\/product\/trelleborg-push-lock-hose-black\/","url_meta":{"origin":571,"position":5},"title":"Trelleborg PUSH-LOCK HOSE BLACK","author":"admin","date":"6 February 2019","format":false,"excerpt":"Trelleborg PUSH-LOCK HOSE BLACKOtomotiv End\u00fcstrileri Robotik ve otomotiv end\u00fcstrilerinde kullan\u0131lan hidrolik pn\u00f6matik d\u00fc\u015f\u00fck bas\u0131n\u00e7l\u0131 hatlar i\u00e7in ideal\u00a0olarak tasarlanm\u0131\u015ft\u0131r. Maksimum 16 bar (250psi) \u00e7al\u0131\u015fma bas\u0131nc\u0131nda kolay tak\u0131l\u0131r ba\u011flant\u0131 donan\u0131mlar\u0131 ile kullan\u0131l\u0131r. Fas\u0131lal\u0131 bas\u0131n\u00e7 uygulamalar\u0131 i\u00e7in uygun de\u011fildir. Avantajlar *Bir ah\u015fap kasnak \u00fczerinde 40, 80 ve 100m olarak teslim edilir. *\u00c7ok iyi\u2026","rel":"","context":"Similar post","block_context":{"text":"Similar post","link":""},"img":{"alt_text":"","src":"https:\/\/i0.wp.com\/tuzlahortum.com.tr\/wp-content\/uploads\/2019\/02\/PUSH-LOCK-BLACK.jpg?fit=800%2C800&ssl=1&resize=350%2C200","width":350,"height":200,"srcset":"https:\/\/i0.wp.com\/tuzlahortum.com.tr\/wp-content\/uploads\/2019\/02\/PUSH-LOCK-BLACK.jpg?fit=800%2C800&ssl=1&resize=350%2C200 1x, https:\/\/i0.wp.com\/tuzlahortum.com.tr\/wp-content\/uploads\/2019\/02\/PUSH-LOCK-BLACK.jpg?fit=800%2C800&ssl=1&resize=525%2C300 1.5x, https:\/\/i0.wp.com\/tuzlahortum.com.tr\/wp-content\/uploads\/2019\/02\/PUSH-LOCK-BLACK.jpg?fit=800%2C800&ssl=1&resize=700%2C400 2x"},"classes":[]}],"jetpack_sharing_enabled":true,"jetpack_likes_enabled":true,"_links":{"self":[{"href":"https:\/\/tuzlahortum.com.tr\/en\/wp-json\/wp\/v2\/product\/571","targetHints":{"allow":["GET"]}}],"collection":[{"href":"https:\/\/tuzlahortum.com.tr\/en\/wp-json\/wp\/v2\/product"}],"about":[{"href":"https:\/\/tuzlahortum.com.tr\/en\/wp-json\/wp\/v2\/types\/product"}],"replies":[{"embeddable":true,"href":"https:\/\/tuzlahortum.com.tr\/en\/wp-json\/wp\/v2\/comments?post=571"}],"wp:featuredmedia":[{"embeddable":true,"href":"https:\/\/tuzlahortum.com.tr\/en\/wp-json\/wp\/v2\/media\/2647"}],"wp:attachment":[{"href":"https:\/\/tuzlahortum.com.tr\/en\/wp-json\/wp\/v2\/media?parent=571"}],"wp:term":[{"taxonomy":"product_brand","embeddable":true,"href":"https:\/\/tuzlahortum.com.tr\/en\/wp-json\/wp\/v2\/product_brand?post=571"},{"taxonomy":"product_cat","embeddable":true,"href":"https:\/\/tuzlahortum.com.tr\/en\/wp-json\/wp\/v2\/product_cat?post=571"},{"taxonomy":"product_tag","embeddable":true,"href":"https:\/\/tuzlahortum.com.tr\/en\/wp-json\/wp\/v2\/product_tag?post=571"}],"curies":[{"name":"wp","href":"https:\/\/api.w.org\/{rel}","templated":true}]}}