{"id":569,"date":"2019-02-06T23:46:05","date_gmt":"2019-02-06T20:46:05","guid":{"rendered":"http:\/\/hortum.com.tr\/product\/import-placeholder-for-505\/"},"modified":"2024-03-21T17:45:20","modified_gmt":"2024-03-21T14:45:20","slug":"trelleborg-klegaine-gpu-fg","status":"publish","type":"product","link":"https:\/\/tuzlahortum.com.tr\/en\/product\/trelleborg-klegaine-gpu-fg\/","title":{"rendered":"Trelleborg KLEGAINE GPU-FG"},"content":{"rendered":"<h2>Trelleborg KLEGAINE GPU-FG<\/h2>\n<p>Industrial hoses\/Polyurethane<\/p>\n<p>Food grade quality, extremely smooth.<\/p>\n<p>Extraction of abrasive materials, powders and granules in the food industry and drugs in pharmaceutical laboratories and<\/p>\n<p>Ideal for transport.<\/p>\n<p>Industrial vacuums and floor care applications, lawn mowers and rock wool projection.<\/p>\n<p>woodworking industries.<\/p>\n<p>Cable duct for robotics, x-ray machines.<\/p>\n<p>Advantages<\/p>\n<p>*Food grade polyurethane.<\/p>\n<p>*High resistance against abrasion, puncture and impacts.<\/p>\n<p>*Unique flexible strength thanks to PVC helix and polyurethane body providing perfect bonding.<\/p>\n<p>*High resistance against hydrolysis and microbiological attacks.<\/p>\n<p>*Lightweight, flexible at low temperature. Smooth inner surface provides optimum flow.<\/p>\n<p>*High resistance to ozone and UV.<\/p>\n<p>*High resistance to many oils, solvents, medium density, vapor phase industrial chemicals.<\/p>\n<p>technical description<\/p>\n<p>Ether-based polyurethane body, transparent, smooth inner surface.<\/p>\n<p>Reinforcement: Impact resistant rigid PVC spring embedded in the polyurethane body.<\/p>\n<p>Temperature range: -30\u00b0C to +80\u00b0C.<\/p>\n<p>Electrical properties : Non-conductive.<\/p>\n<p>Option : PVC coated copper wire to achieve electrical equipotential bonding.<\/p>\n<p>Special features: Wear ISO 4649: 40mm3.<\/p>\n<p>Food grade quality.<\/p>\n<p>Standard\/Approval: EU regulation 10\/2011\/EC.<\/p>\n<p>Unions\/Fittings<\/p>\n<p>Standard : clamp connection.<\/p>\n<p>Option : can be screwed into the unions.<\/p>\n<p>Additional Information<\/p>\n<p>Technical data for operating conditions at 20\u00b0C.<\/p>\n<div class=\"video video-fit mb\" style=\"padding-top:56.25%;\"><p><iframe loading=\"lazy\" title=\"Measurement Confusion (Inch, Finger, Haze, Millimeter)\" width=\"1020\" height=\"574\" src=\"https:\/\/www.youtube.com\/embed\/uKk6AG_AZls?feature=oembed\" frameborder=\"0\" allow=\"accelerometer; autoplay; clipboard-write; encrypted-media; gyroscope; picture-in-picture; web-share\" referrerpolicy=\"strict-origin-when-cross-origin\" allowfullscreen><\/iframe><\/p>\n<\/div>\n<div class=\"video video-fit mb\" style=\"padding-top:56.25%;\"><p>https:\/\/www.youtube.com\/watch?v=O8ZlzKEjfEQ%20<\/p>\n<\/div>\n<p><img data-recalc-dims=\"1\" loading=\"lazy\" decoding=\"async\" class=\"alignnone size-medium wp-image-2110\" src=\"https:\/\/i0.wp.com\/hortum.com.tr\/wp-content\/uploads\/urunler\/trelleborg\/Trelleborg-KLEGAINE-GPU-FG-651x400.jpg?resize=651%2C400\" alt=\"\" width=\"651\" height=\"400\" title=\"\" srcset=\"https:\/\/i0.wp.com\/tuzlahortum.com.tr\/wp-content\/uploads\/urunler\/trelleborg\/Trelleborg-KLEGAINE-GPU-FG.jpg?resize=651%2C400&amp;ssl=1 651w, https:\/\/i0.wp.com\/tuzlahortum.com.tr\/wp-content\/uploads\/urunler\/trelleborg\/Trelleborg-KLEGAINE-GPU-FG.jpg?resize=768%2C472&amp;ssl=1 768w, https:\/\/i0.wp.com\/tuzlahortum.com.tr\/wp-content\/uploads\/urunler\/trelleborg\/Trelleborg-KLEGAINE-GPU-FG.jpg?resize=600%2C369&amp;ssl=1 600w, https:\/\/i0.wp.com\/tuzlahortum.com.tr\/wp-content\/uploads\/urunler\/trelleborg\/Trelleborg-KLEGAINE-GPU-FG.jpg?w=905&amp;ssl=1 905w\" sizes=\"auto, (max-width: 651px) 100vw, 651px\" \/><\/p>","protected":false},"excerpt":{"rendered":"<p>Trelleborg KLEGAINE GPU-FG End\u00fcstriyel hortumlar\/Poli\u00fcretan G\u0131daya uygun kalitede, son derece d\u00fczg\u00fcn. G\u0131da end\u00fcstrisinde a\u015f\u0131nd\u0131r\u0131c\u0131 malzemeler, tozlar ve gran\u00fcllerin ve ila\u00e7 laboratuvarlar\u0131nda\u00a0ila\u00e7lar\u0131n \u00e7ekilmesi ve ta\u015f\u0131nmas\u0131 i\u00e7in idealdir. End\u00fcstriyel elektrik s\u00fcp\u00fcrgeleri ve zemin bak\u0131m uygulamalar\u0131, \u00e7imen bi\u00e7me makineleri ve kaya\u00a0y\u00fcn\u00fc projeksiyonu. Ah\u015fap i\u015fleme end\u00fcstrileri. Robotikler, r\u00f6ntgen makineleri i\u00e7in kablo kanal\u0131. Avantajlar *G\u0131dada kullan\u0131ma uygun poli\u00fcretan. *A\u015f\u0131nma, delinme [&#8230;]\n","protected":false},"featured_media":2645,"comment_status":"open","ping_status":"closed","template":"","meta":[],"product_brand":[],"product_cat":[176],"product_tag":[401,388,391,385,357,2163,387,389,290,390,381,343,361,384],"class_list":{"0":"post-569","1":"product","2":"type-product","3":"status-publish","4":"has-post-thumbnail","6":"product_cat-endustriyel-hortumlar","7":"product_tag-ahsap-isleme","8":"product_tag-asindirici-malzemeler","9":"product_tag-cekilme","10":"product_tag-cimen-bicme-makineleri","11":"product_tag-endustriyel","12":"product_tag-gida-endustri","13":"product_tag-gidaya-uygun","14":"product_tag-granul","15":"product_tag-hortum","16":"product_tag-ilac","17":"product_tag-poliuretan","18":"product_tag-tahliye","19":"product_tag-toz","20":"product_tag-zemin-bakim-uygulamalari","22":"first","23":"instock","24":"taxable","25":"shipping-taxable","26":"product-type-variable"},"jetpack-related-posts":[],"jetpack_sharing_enabled":true,"jetpack_likes_enabled":true,"_links":{"self":[{"href":"https:\/\/tuzlahortum.com.tr\/en\/wp-json\/wp\/v2\/product\/569","targetHints":{"allow":["GET"]}}],"collection":[{"href":"https:\/\/tuzlahortum.com.tr\/en\/wp-json\/wp\/v2\/product"}],"about":[{"href":"https:\/\/tuzlahortum.com.tr\/en\/wp-json\/wp\/v2\/types\/product"}],"replies":[{"embeddable":true,"href":"https:\/\/tuzlahortum.com.tr\/en\/wp-json\/wp\/v2\/comments?post=569"}],"wp:featuredmedia":[{"embeddable":true,"href":"https:\/\/tuzlahortum.com.tr\/en\/wp-json\/wp\/v2\/media\/2645"}],"wp:attachment":[{"href":"https:\/\/tuzlahortum.com.tr\/en\/wp-json\/wp\/v2\/media?parent=569"}],"wp:term":[{"taxonomy":"product_brand","embeddable":true,"href":"https:\/\/tuzlahortum.com.tr\/en\/wp-json\/wp\/v2\/product_brand?post=569"},{"taxonomy":"product_cat","embeddable":true,"href":"https:\/\/tuzlahortum.com.tr\/en\/wp-json\/wp\/v2\/product_cat?post=569"},{"taxonomy":"product_tag","embeddable":true,"href":"https:\/\/tuzlahortum.com.tr\/en\/wp-json\/wp\/v2\/product_tag?post=569"}],"curies":[{"name":"wp","href":"https:\/\/api.w.org\/{rel}","templated":true}]}}