{"id":561,"date":"2019-02-06T23:46:03","date_gmt":"2019-02-06T20:46:03","guid":{"rendered":"http:\/\/hortum.com.tr\/product\/import-placeholder-for-499\/"},"modified":"2024-03-21T17:45:21","modified_gmt":"2024-03-21T14:45:21","slug":"trelleborg-kuka-hortumu-kanal-acma","status":"publish","type":"product","link":"https:\/\/tuzlahortum.com.tr\/en\/product\/trelleborg-kuka-hortumu-kanal-acma\/","title":{"rendered":"Trelleborg Kuka Hose (CANALKLER 250 S )"},"content":{"rendered":"<h2>Trelleborg Kuka Hose (CANALKLER 250 S )<\/h2>\n<p>Drain and sewer cleaning<br \/>\nCleaning with sewer pressure jets and heavy-duty, high-pressure water.<br \/>\nAdvantages<br \/>\nHigher cleaning efficiency, savings in cleaning time, hence fuel consumption<br \/>\nVery low skid resistance, resulting in a reduction.<br \/>\nLonger service life thanks to the special coating compound with higher wear resistance.<br \/>\nBetter flexibility even at low temperatures.<br \/>\nit is easy to wear and user friendly.<br \/>\nDeformation resistance.<br \/>\nExtra high strength and safety thanks to aramid reinforcement.<br \/>\ntechnical description<br \/>\nInner tube: SBR, black, straight.<br \/>\nReinforcement: aramid textile, knitting.<br \/>\nCoating : SBR\/NR, black, plain. Very low slip resistance.<br \/>\nTemperature range: -30\u00b0C to +80\u00b0C.<br \/>\nStandard\/Approval :<br \/>\nZH 1\/406 (Principles for liquid spray jets).<br \/>\nUnions\/Fittings<br \/>\nAll hoses are assembled with BSP female\/BSP male.<br \/>\nAll hoses are pressure tested at 375 bar and have a special hose number.<\/p>\n<div class=\"video video-fit mb\" style=\"padding-top:56.25%;\"><p><iframe loading=\"lazy\" title=\"Measurement Confusion (Inch, Finger, Haze, Millimeter)\" width=\"1020\" height=\"574\" src=\"https:\/\/www.youtube.com\/embed\/uKk6AG_AZls?feature=oembed\" frameborder=\"0\" allow=\"accelerometer; autoplay; clipboard-write; encrypted-media; gyroscope; picture-in-picture; web-share\" referrerpolicy=\"strict-origin-when-cross-origin\" allowfullscreen><\/iframe><\/p>\n<\/div>\n<div class=\"video video-fit mb\" style=\"padding-top:56.25%;\"><p>https:\/\/www.youtube.com\/watch?v=O8ZlzKEjfEQ%20<\/p>\n<\/div>\n<p><img data-recalc-dims=\"1\" loading=\"lazy\" decoding=\"async\" class=\"alignnone size-medium wp-image-8120\" src=\"https:\/\/i0.wp.com\/hortum.com.tr\/wp-content\/uploads\/2019\/03\/canalkler-250-s-800x171.jpg?resize=800%2C171\" alt=\"\" width=\"800\" height=\"171\" title=\"\" srcset=\"https:\/\/i0.wp.com\/tuzlahortum.com.tr\/wp-content\/uploads\/2019\/03\/canalkler-250-s.jpg?resize=800%2C171&amp;ssl=1 800w, https:\/\/i0.wp.com\/tuzlahortum.com.tr\/wp-content\/uploads\/2019\/03\/canalkler-250-s.jpg?resize=768%2C164&amp;ssl=1 768w, https:\/\/i0.wp.com\/tuzlahortum.com.tr\/wp-content\/uploads\/2019\/03\/canalkler-250-s.jpg?resize=600%2C128&amp;ssl=1 600w, https:\/\/i0.wp.com\/tuzlahortum.com.tr\/wp-content\/uploads\/2019\/03\/canalkler-250-s.jpg?w=918&amp;ssl=1 918w\" sizes=\"auto, (max-width: 800px) 100vw, 800px\" \/><\/p>","protected":false},"excerpt":{"rendered":"<p>Trelleborg Kuka Hortumu (CANALKLER 250 S ) Drenaj ve kanalizasyon temizli\u011fi Kanalizasyon bas\u0131n\u00e7l\u0131 su p\u00fcsk\u00fcrtme ve a\u011f\u0131r hizmet ko\u015fullar\u0131nda, y\u00fcksek bas\u0131n\u00e7l\u0131 suyla temizlik. Avantajlar Daha y\u00fcksek temizlik verimi, temizlik s\u00fcresinden tasarruf, dolay\u0131s\u0131yla yak\u0131t t\u00fcketiminde azalma sa\u011flayan \u00e7ok d\u00fc\u015f\u00fck kayma direnci. Daha y\u00fcksek a\u015f\u0131nma dayan\u0131m\u0131na sahip \u00f6zel kaplama bile\u015fi\u011fi sayesinde daha uzun kullan\u0131m \u00f6mr\u00fc. D\u00fc\u015f\u00fck s\u0131cakl\u0131klarda [&#8230;]\n","protected":false},"featured_media":2688,"comment_status":"open","ping_status":"closed","template":"","meta":{"jetpack_post_was_ever_published":false},"product_brand":[],"product_cat":[176],"product_tag":[418,2165,2164,290,354,356,665,353,355,525,1023],"class_list":{"0":"post-561","1":"product","2":"type-product","3":"status-publish","4":"has-post-thumbnail","6":"product_cat-endustriyel-hortumlar","7":"product_tag-agir-hizmet","8":"product_tag-aramid-takviye","9":"product_tag-drenaj","10":"product_tag-hortum","11":"product_tag-kanal-acma","12":"product_tag-kanal-acma-hortumu","13":"product_tag-kanalizasyon","14":"product_tag-kuka","15":"product_tag-kuka-hortumu","16":"product_tag-temizlik","17":"product_tag-yuksek-basinc","19":"first","20":"instock","21":"taxable","22":"shipping-taxable","23":"product-type-variable"},"jetpack-related-posts":[],"jetpack_sharing_enabled":true,"jetpack_likes_enabled":true,"_links":{"self":[{"href":"https:\/\/tuzlahortum.com.tr\/en\/wp-json\/wp\/v2\/product\/561","targetHints":{"allow":["GET"]}}],"collection":[{"href":"https:\/\/tuzlahortum.com.tr\/en\/wp-json\/wp\/v2\/product"}],"about":[{"href":"https:\/\/tuzlahortum.com.tr\/en\/wp-json\/wp\/v2\/types\/product"}],"replies":[{"embeddable":true,"href":"https:\/\/tuzlahortum.com.tr\/en\/wp-json\/wp\/v2\/comments?post=561"}],"wp:featuredmedia":[{"embeddable":true,"href":"https:\/\/tuzlahortum.com.tr\/en\/wp-json\/wp\/v2\/media\/2688"}],"wp:attachment":[{"href":"https:\/\/tuzlahortum.com.tr\/en\/wp-json\/wp\/v2\/media?parent=561"}],"wp:term":[{"taxonomy":"product_brand","embeddable":true,"href":"https:\/\/tuzlahortum.com.tr\/en\/wp-json\/wp\/v2\/product_brand?post=561"},{"taxonomy":"product_cat","embeddable":true,"href":"https:\/\/tuzlahortum.com.tr\/en\/wp-json\/wp\/v2\/product_cat?post=561"},{"taxonomy":"product_tag","embeddable":true,"href":"https:\/\/tuzlahortum.com.tr\/en\/wp-json\/wp\/v2\/product_tag?post=561"}],"curies":[{"name":"wp","href":"https:\/\/api.w.org\/{rel}","templated":true}]}}