{"id":560,"date":"2019-02-06T23:46:03","date_gmt":"2019-02-06T20:46:03","guid":{"rendered":"http:\/\/hortum.com.tr\/product\/import-placeholder-for-403\/"},"modified":"2024-03-21T17:45:22","modified_gmt":"2024-03-21T14:45:22","slug":"tek-kapi-siva-ustu-sac-kapakli-ekonomik","status":"publish","type":"product","link":"https:\/\/tuzlahortum.com.tr\/en\/product\/tek-kapi-siva-ustu-sac-kapakli-ekonomik\/","title":{"rendered":"Single Door \u2013 Surface Mounted with Cover (Economic) (50\u00d760)"},"content":{"rendered":"<h2>Single Door \u2013 Surface Mounted with Cover (Economic) (50\u00d760)<\/h2>\n<h3>SIZE 50*60<\/h3>\n<ul class=\"list-style-2\">\n<li class=\"check-list\">0.80 mm DKP Sheet<\/li>\n<li class=\"check-list\">2\u2033 economical fire hose<\/li>\n<li class=\"check-list\">2\u2033 Economic launch<\/li>\n<\/ul>\n<div class=\"row\">\n<table class=\"table table-bordered span4\">\n<thead>\n<tr>\n<th>20 MT<\/th>\n<th>25 MT<\/th>\n<th>30 MT<\/th>\n<\/tr>\n<\/thead>\n<tbody>\n<tr>\n<td>PI-330<\/td>\n<td>PI-331<\/td>\n<td>PI-332<\/td>\n<\/tr>\n<\/tbody>\n<\/table>\n<\/div>","protected":false},"excerpt":{"rendered":"<p>Tek Kap\u0131 &#8211; S\u0131va \u00dcst\u00fc Sa\u00e7 Kapakl\u0131 (Ekonomik)(50&#215;60) \u00d6L\u00c7\u00dc 50*60 0,80 mm DKP Sa\u00e7 2&#8243; Ekonomik yang\u0131n hortumu 2&#8243; Ekonomik lans 20 MT 25 MT 30 MT P\u0130-330 P\u0130-331 P\u0130-332<\/p>","protected":false},"featured_media":8194,"comment_status":"open","ping_status":"closed","template":"","meta":{"jetpack_post_was_ever_published":false},"product_brand":[],"product_cat":[114],"product_tag":[348,347,350,351,352,349],"class_list":{"0":"post-560","1":"product","2":"type-product","3":"status-publish","4":"has-post-thumbnail","6":"product_cat-ekonomik-yangin-dolaplari","7":"product_tag-sac-kapak","8":"product_tag-siva-ustu","9":"product_tag-sprey-lans","10":"product_tag-tek-kapak","11":"product_tag-yangin-dolabi","12":"product_tag-yangin-hortumu","14":"first","15":"instock","16":"taxable","17":"shipping-taxable","18":"product-type-simple"},"jetpack-related-posts":[{"id":7287,"url":"https:\/\/tuzlahortum.com.tr\/en\/product\/tek-kapi-siva-alti-cam-kapakli-ekonomik\/","url_meta":{"origin":560,"position":0},"title":"Single Door \u2013 Recessed Glass Cover (Economic) (50\u00d760)","author":"\u0130smail \u00c7elik","date":"11 March 2019","format":false,"excerpt":"Tek Kap\u0131 - S\u0131va Alt\u0131 Cam Kapakl\u0131 (Ekonomik)(50x60)\u00d6L\u00c7\u00dc 50*60 0,80 mm DKP Sa\u00e7 P\u0130-333","rel":"","context":"Similar post","block_context":{"text":"Similar post","link":""},"img":{"alt_text":"","src":"https:\/\/i0.wp.com\/tuzlahortum.com.tr\/wp-content\/uploads\/2019\/03\/s%C4%B1va-alt%C4%B1-cam-kapakl%C4%B1-ekonomik.jpg?fit=347%2C408&ssl=1&resize=350%2C200","width":350,"height":200},"classes":[]},{"id":780,"url":"https:\/\/tuzlahortum.com.tr\/en\/product\/tek-kapi-siva-ustu-sac-kapakli-kuru-sistem\/","url_meta":{"origin":560,"position":1},"title":"Single Door \u2013 Surface Mounted with Sheet Cover (Dry System) (70\u00d765)","author":"admin","date":"6 February 2019","format":false,"excerpt":"Tek Kap\u0131 - S\u0131va \u00dcst\u00fc Sa\u00e7 Kapakl\u0131 (Kuru Sistem)(70x65)\u00d6L\u00c7\u00dc 70*65 1\" TS EN 694 yar\u0131 sert kau\u00e7uk yang\u0131n hortumu 1\" jet sprey lans(nozul) 20 MT 25 MT 30 MT 1\" TSE K\u00fcresel Vanal\u0131 P\u0130-110 P\u0130-111 P\u0130-112 2\" Yang\u0131n Vanal\u0131 ( 2>1'e D\u00f6n\u00fc\u015ft\u00fcr\u00fcc\u00fcl\u00fc ) P\u0130-210 P\u0130-211 P\u0130-212 \u00a0","rel":"","context":"Similar post","block_context":{"text":"Similar post","link":""},"img":{"alt_text":"","src":"https:\/\/i0.wp.com\/tuzlahortum.com.tr\/wp-content\/uploads\/2019\/03\/Tek-Kap%C4%B1-S%C4%B1va-%C3%9Cst%C3%BC-Sa%C3%A7-Kapakl%C4%B1-Kuru-Sistem.jpg?fit=417%2C486&ssl=1&resize=350%2C200","width":350,"height":200},"classes":[]},{"id":952,"url":"https:\/\/tuzlahortum.com.tr\/en\/product\/tek-kapi-siva-ustu-sac-kapakli-sulu-sistem\/","url_meta":{"origin":560,"position":2},"title":"Single Door \u2013 Surface Mounted with Cover (Water System) (70\u00d765)","author":"admin","date":"6 February 2019","format":false,"excerpt":"Tek Kap\u0131 - S\u0131va \u00dcst\u00fc Sa\u00e7 Kapakl\u0131 (Sulu Sistem)(70x65)\u00d6L\u00c7\u00dc 70*651\" TS EN 694 yar\u0131 sert kau\u00e7uk yang\u0131n hortumu1\" jet sprey lans(nozul)\u00a020 MT25 MT30 MT1\" TSE K\u00fcresel Vanal\u0131P\u0130-110P\u0130-111P\u0130-1122\" Yang\u0131n Vanal\u0131 ( 2>1'e D\u00f6n\u00fc\u015ft\u00fcr\u00fcc\u00fcl\u00fc )P\u0130-210P\u0130-211P\u0130-212","rel":"","context":"Similar post","block_context":{"text":"Similar post","link":""},"img":{"alt_text":"","src":"https:\/\/i0.wp.com\/tuzlahortum.com.tr\/wp-content\/uploads\/2019\/03\/tek-kap%C4%B1-s%C4%B1va-%C3%BCst%C3%BC-sa%C3%A7-kapakl%C4%B1-sulu.jpg?fit=415%2C489&ssl=1&resize=350%2C200","width":350,"height":200},"classes":[]},{"id":958,"url":"https:\/\/tuzlahortum.com.tr\/en\/product\/tek-kapi-bos-dolap-ekonomik\/","url_meta":{"origin":560,"position":3},"title":"Single Door \u2013 Empty Cabinet (Economic) (50\u00d760)","author":"admin","date":"6 February 2019","format":false,"excerpt":"Tek Kap\u0131 - Bo\u015f Dolap (Ekonomik)(50x60)\u00d6L\u00c7\u00dc 50*600,80 mm DKP SacP\u0130-333","rel":"","context":"Similar post","block_context":{"text":"Similar post","link":""},"img":{"alt_text":"","src":"https:\/\/i0.wp.com\/tuzlahortum.com.tr\/wp-content\/uploads\/2019\/03\/s%C4%B1va-%C3%BCst%C3%BC-sa%C3%A7-kapakl%C4%B1-ekonomik.jpg?fit=350%2C381&ssl=1&resize=350%2C200","width":350,"height":200},"classes":[]},{"id":957,"url":"https:\/\/tuzlahortum.com.tr\/en\/product\/cift-kapi-siva-ustu-sac-kapakli-kuru-sistem\/","url_meta":{"origin":560,"position":4},"title":"Double Door \u2013 Surface Mounted with Sheet Cover (Dry System) (65\u00d785)","author":"admin","date":"6 February 2019","format":false,"excerpt":"\u00c7ift Kap\u0131 - S\u0131va \u00dcst\u00fc Sa\u00e7 Kapakl\u0131 (Kuru Sistem)(65x85)\u00d6L\u00c7\u00dc 65*85 2\" bez yang\u0131n hortumu (30 AT\u00dc) 2\" yang\u0131n vanas\u0131(rakorlu) 2\" jet lans(rakorlu) 20 MT 25 MT 30 MT P\u0130-290 P\u0130-291 P\u0130-292","rel":"","context":"Similar post","block_context":{"text":"Similar post","link":""},"img":{"alt_text":"","src":"https:\/\/i0.wp.com\/tuzlahortum.com.tr\/wp-content\/uploads\/2019\/03\/%C3%87ift-Kap%C4%B1-S%C4%B1va-%C3%9Cst%C3%BC-Sa%C3%A7-Kapakl%C4%B1-Kuru-Sistem.jpg?fit=382%2C360&ssl=1&resize=350%2C200","width":350,"height":200},"classes":[]},{"id":781,"url":"https:\/\/tuzlahortum.com.tr\/en\/product\/tek-kapi-siva-alti-sac-kapakli-kuru-sistem\/","url_meta":{"origin":560,"position":5},"title":"Single Door \u2013 Recessed Metal Cover (Dry System) (56\u00d758)","author":"admin","date":"6 February 2019","format":false,"excerpt":"Tek Kap\u0131 - S\u0131va Alt\u0131 Sa\u00e7 Kapakl\u0131 (Kuru Sistem)(56x58)\u00d6L\u00c7\u00dc 56*582\" bez yang\u0131n hortumu (30 AT\u00dc)2\" yang\u0131n vanas\u0131(rakorlu)2\" jet lans(rakorlu)20 MT25 MT30 MTP\u0130-280P\u0130-281P\u0130-282","rel":"","context":"Similar post","block_context":{"text":"Similar post","link":""},"img":{"alt_text":"","src":"https:\/\/i0.wp.com\/tuzlahortum.com.tr\/wp-content\/uploads\/2019\/03\/Tek-Kap%C4%B1-S%C4%B1va-Alt%C4%B1-Sa%C3%A7-Kapakl%C4%B1-Kuru-Sistem.jpg?fit=405%2C491&ssl=1&resize=350%2C200","width":350,"height":200},"classes":[]}],"jetpack_sharing_enabled":true,"jetpack_likes_enabled":true,"_links":{"self":[{"href":"https:\/\/tuzlahortum.com.tr\/en\/wp-json\/wp\/v2\/product\/560","targetHints":{"allow":["GET"]}}],"collection":[{"href":"https:\/\/tuzlahortum.com.tr\/en\/wp-json\/wp\/v2\/product"}],"about":[{"href":"https:\/\/tuzlahortum.com.tr\/en\/wp-json\/wp\/v2\/types\/product"}],"replies":[{"embeddable":true,"href":"https:\/\/tuzlahortum.com.tr\/en\/wp-json\/wp\/v2\/comments?post=560"}],"wp:featuredmedia":[{"embeddable":true,"href":"https:\/\/tuzlahortum.com.tr\/en\/wp-json\/wp\/v2\/media\/8194"}],"wp:attachment":[{"href":"https:\/\/tuzlahortum.com.tr\/en\/wp-json\/wp\/v2\/media?parent=560"}],"wp:term":[{"taxonomy":"product_brand","embeddable":true,"href":"https:\/\/tuzlahortum.com.tr\/en\/wp-json\/wp\/v2\/product_brand?post=560"},{"taxonomy":"product_cat","embeddable":true,"href":"https:\/\/tuzlahortum.com.tr\/en\/wp-json\/wp\/v2\/product_cat?post=560"},{"taxonomy":"product_tag","embeddable":true,"href":"https:\/\/tuzlahortum.com.tr\/en\/wp-json\/wp\/v2\/product_tag?post=560"}],"curies":[{"name":"wp","href":"https:\/\/api.w.org\/{rel}","templated":true}]}}