{"id":554,"date":"2019-02-06T23:46:02","date_gmt":"2019-02-06T20:46:02","guid":{"rendered":"http:\/\/hortum.com.tr\/product\/import-placeholder-for-206\/"},"modified":"2024-03-21T17:45:28","modified_gmt":"2024-03-21T14:45:28","slug":"dogalgaz-vanasi-mop-5-20","status":"publish","type":"product","link":"https:\/\/tuzlahortum.com.tr\/en\/product\/dogalgaz-vanasi-mop-5-20\/","title":{"rendered":"Natural Gas Valve MOP 5-20"},"content":{"rendered":"<h2>Natural Gas Valve MOP 5-20<\/h2>\n<p>TS CEN\/EN 331\/A1 Turkish Standards Institute Approval.<\/p>\n<p>ISO 9001 Quality System Certificate.<\/p>\n<p>MOP5-20 working pressure.<\/p>\n<p>Full pass for maximum fluidity.<\/p>\n<p>Soot coated sphere for longer life.<\/p>\n<p>ISO 228 Female X Female connection.<\/p>\n<p>PTFE gasket and EPDM O-ring for maximum security.<\/p>\n<p>Wide usage area to be used in natural gas systems.<\/p>\n<p>Thick PVC coated steel handle.<\/p>\n<p>Temperature -10\u00b0C + 120\u00b0C<\/p>\n<table border=\"0\" cellspacing=\"0\" cellpadding=\"0\">\n<tbody>\n<tr bgcolor=\"#002f62\">\n<td>RATED SIZE<\/td>\n<td>DN<br \/>(G)<\/td>\n<td>d1<br \/>(mm)<\/td>\n<td>L<br \/>(mm)<\/td>\n<td>K<br \/>(mm)<\/td>\n<td>t<br \/>(mm)<\/td>\n<td>TO<br \/>(mm)<\/td>\n<\/tr>\n<tr>\n<td>1-2\u2033<\/td>\n<td>15<\/td>\n<td>14-14<\/td>\n<td>54<\/td>\n<td>80<\/td>\n<td>15<\/td>\n<td>37<\/td>\n<\/tr>\n<tr>\n<td>3\/4\u2033<\/td>\n<td>20<\/td>\n<td>19-19<\/td>\n<td>61<\/td>\n<td>95<\/td>\n<td>16<\/td>\n<td>53<\/td>\n<\/tr>\n<tr>\n<td>1\u2033<\/td>\n<td>25<\/td>\n<td>24-24<\/td>\n<td>73<\/td>\n<td>115<\/td>\n<td>17<\/td>\n<td>55<\/td>\n<\/tr>\n<tr>\n<td>1 1\/4\u2033<\/td>\n<td>32<\/td>\n<td>30-30<\/td>\n<td>83<\/td>\n<td>115<\/td>\n<td>20<\/td>\n<td>59<\/td>\n<\/tr>\n<tr>\n<td>1 1\/2\u2033<\/td>\n<td>40<\/td>\n<td>38-38<\/td>\n<td>95<\/td>\n<td>125<\/td>\n<td>22<\/td>\n<td>77<\/td>\n<\/tr>\n<tr>\n<td>2\u2033<\/td>\n<td>50<\/td>\n<td>46-47<\/td>\n<td>113<\/td>\n<td>145<\/td>\n<td>26<\/td>\n<td>90<\/td>\n<\/tr>\n<\/tbody>\n<\/table>","protected":false},"excerpt":{"rendered":"<p>Do\u011falgaz Vanas\u0131 MOP 5-20 TS CEN\/EN 331\/A1 T\u00fcrk Standartlar\u0131 Enstit\u00fcs\u00fc Onay\u0131. ISO 9001 Kalite Sistem Sertfikas\u0131. MOP5-20 \u00e7al\u0131\u015fma bas\u0131nc\u0131. Maksimum ak\u0131\u015fkanl\u0131k i\u00e7in tam ge\u00e7i\u015f. Daha uzun \u00f6m\u00fcr i\u00e7in kurum kaplama k\u00fcre. ISO 228 Di\u015fi X Di\u015fi ba\u011flant\u0131. Maksimum g\u00fcvenlik i\u00e7in PTFE conta ve EPDM O-ring. Do\u011falgaz sistemlerinde kullan\u0131lmak \u00fczere geni\u015f kullan\u0131m alan\u0131. Kal\u0131n PVC kapl\u0131 [&#8230;]\n","protected":false},"featured_media":2857,"comment_status":"open","ping_status":"closed","template":"","meta":{"jetpack_post_was_ever_published":false},"product_brand":[],"product_cat":[200],"product_tag":[330,332,2275,331],"class_list":{"0":"post-554","1":"product","2":"type-product","3":"status-publish","4":"has-post-thumbnail","6":"product_cat-dogalgaz-vanalari","7":"product_tag-dogalgaz","8":"product_tag-dogalgaz-vana","9":"product_tag-dogalgaz-vanasi","10":"product_tag-vana","12":"first","13":"instock","14":"taxable","15":"shipping-taxable","16":"product-type-variable"},"jetpack-related-posts":[],"jetpack_sharing_enabled":true,"jetpack_likes_enabled":true,"_links":{"self":[{"href":"https:\/\/tuzlahortum.com.tr\/en\/wp-json\/wp\/v2\/product\/554","targetHints":{"allow":["GET"]}}],"collection":[{"href":"https:\/\/tuzlahortum.com.tr\/en\/wp-json\/wp\/v2\/product"}],"about":[{"href":"https:\/\/tuzlahortum.com.tr\/en\/wp-json\/wp\/v2\/types\/product"}],"replies":[{"embeddable":true,"href":"https:\/\/tuzlahortum.com.tr\/en\/wp-json\/wp\/v2\/comments?post=554"}],"wp:featuredmedia":[{"embeddable":true,"href":"https:\/\/tuzlahortum.com.tr\/en\/wp-json\/wp\/v2\/media\/2857"}],"wp:attachment":[{"href":"https:\/\/tuzlahortum.com.tr\/en\/wp-json\/wp\/v2\/media?parent=554"}],"wp:term":[{"taxonomy":"product_brand","embeddable":true,"href":"https:\/\/tuzlahortum.com.tr\/en\/wp-json\/wp\/v2\/product_brand?post=554"},{"taxonomy":"product_cat","embeddable":true,"href":"https:\/\/tuzlahortum.com.tr\/en\/wp-json\/wp\/v2\/product_cat?post=554"},{"taxonomy":"product_tag","embeddable":true,"href":"https:\/\/tuzlahortum.com.tr\/en\/wp-json\/wp\/v2\/product_tag?post=554"}],"curies":[{"name":"wp","href":"https:\/\/api.w.org\/{rel}","templated":true}]}}