{"id":552,"date":"2019-02-06T23:46:01","date_gmt":"2019-02-06T20:46:01","guid":{"rendered":"http:\/\/hortum.com.tr\/product\/import-placeholder-for-214\/"},"modified":"2024-03-21T17:45:30","modified_gmt":"2024-03-21T14:45:30","slug":"calparali-cekvalf","status":"publish","type":"product","link":"https:\/\/tuzlahortum.com.tr\/en\/product\/calparali-cekvalf\/","title":{"rendered":"Swing Check Valve"},"content":{"rendered":"<h2>Swing Check Valve<\/h2>\n<p>ISO 9001 Quality System Certificate.<\/p>\n<p>Full pass for maximum fluidity.<\/p>\n<p><img data-recalc-dims=\"1\" loading=\"lazy\" decoding=\"async\" class=\"size-full wp-image-2855 alignright\" src=\"https:\/\/i0.wp.com\/hortum.com.tr\/wp-content\/uploads\/2019\/02\/%C3%87alparal%C4%B1-%C3%87ekvalf-T.jpg?resize=520%2C350\" alt=\"\" width=\"520\" height=\"350\" title=\"\"><\/p>\n<p>ISO 228 Female X Female connection.<\/p>\n<p>To be used in industrial, plumbing and irrigation systems<\/p>\n<p>wide area of use.<\/p>\n<p>Temperature -10\u00b0C + 90\u00b0C<\/p>","protected":false},"excerpt":{"rendered":"<p>\u00c7alparal\u0131 \u00c7ekvalf ISO 9001 Kalite Sistem Sertfikas\u0131. Maksimum ak\u0131\u015fkanl\u0131k i\u00e7in tam ge\u00e7i\u015f. ISO 228 Di\u015fi X Di\u015fi ba\u011flant\u0131. End\u00fcstriyel, Tesisat ve sulama sistemlerinde kullan\u0131lmak \u00fczere geni\u015f kullan\u0131m alan\u0131. S\u0131cakl\u0131k -10\u00b0C + 90\u00b0C<\/p>","protected":false},"featured_media":2854,"comment_status":"open","ping_status":"closed","template":"","meta":{"jetpack_post_was_ever_published":false},"product_brand":[],"product_cat":[197],"product_tag":[324,326,325],"class_list":{"0":"post-552","1":"product","2":"type-product","3":"status-publish","4":"has-post-thumbnail","6":"product_cat-cekvalf-tipleri","7":"product_tag-calparali","8":"product_tag-calparali-cekvalf","9":"product_tag-cekvalf","11":"first","12":"instock","13":"taxable","14":"shipping-taxable","15":"product-type-variable"},"jetpack-related-posts":[{"id":810,"url":"https:\/\/tuzlahortum.com.tr\/en\/product\/pislik-tutucu\/","url_meta":{"origin":552,"position":0},"title":"Strainer","author":"admin","date":"6 February 2019","format":false,"excerpt":"Pislik TutucuISO 9001 Kalite Sistem Sertfikas\u0131.ISO 228 Di\u015fi X Di\u015fi ba\u011flant\u0131.End\u00fcstriyel, Tesisat ve sulama sistemlerinde kullan\u0131lmak \u00fczere geni\u015f kullan\u0131m alan\u0131.S\u0131cakl\u0131k -10\u00b0C + 120\u00b0C","rel":"","context":"Similar post","block_context":{"text":"Similar post","link":""},"img":{"alt_text":"","src":"https:\/\/i0.wp.com\/tuzlahortum.com.tr\/wp-content\/uploads\/urunler\/vanalar\/pisliktutucu.png?fit=367%2C210&ssl=1&resize=350%2C200","width":350,"height":200},"classes":[]},{"id":782,"url":"https:\/\/tuzlahortum.com.tr\/en\/product\/kelebek-vana-pn16-disi\/","url_meta":{"origin":552,"position":1},"title":"Butterfly Valve PN16 Female","author":"admin","date":"6 February 2019","format":false,"excerpt":"Kelebek Vana PN16 Di\u015fiTS CEN\/EN 13547 T\u00fcrk Standartlar\u0131 Enstit\u00fcs\u00fc Onay\u0131.ISO 9001 Kalite Sistem Sertfikas\u0131.Daha uzun \u00f6m\u00fcr i\u00e7in kurum kaplama k\u00fcre.Maksimum g\u00fcvenlik i\u00e7in PTFE conta ve EPDM O-ring.Al\u00fcminyum kol.End\u00fcstriyel, Tesisat ve sulama sistemlerinde kullan\u0131lmak \u00fczere geni\u015f kullan\u0131m alan\u0131.S\u0131cakl\u0131k -10\u00b0C + 120\u00b0CANMA \u00d6L\u00c7\u00dcS\u00dcG(DN)d(mm)E(mm)L(mm)1\/2\"151441543\/4\"201951611\"25245373","rel":"","context":"Similar post","block_context":{"text":"Similar post","link":""},"img":{"alt_text":"","src":"https:\/\/i0.wp.com\/tuzlahortum.com.tr\/wp-content\/uploads\/2019\/02\/Kelebek-Vana-PN16-Di%C5%9Fi.jpg?fit=520%2C350&ssl=1&resize=350%2C200","width":350,"height":200},"classes":[]},{"id":609,"url":"https:\/\/tuzlahortum.com.tr\/en\/product\/sari-kose-rekor\/","url_meta":{"origin":552,"position":2},"title":"Yellow Corner Radiator Union","author":"admin","date":"6 February 2019","format":false,"excerpt":"Sar\u0131 K\u00f6\u015fe Radyat\u00f6r RekoruISO 9001 Kalite Sistem Sertfikas\u0131.ISO 228 Di\u015fi X Di\u015fi ba\u011flant\u0131.End\u00fcstriyel, Tesisat ve sulama sistemlerinde kullan\u0131lmak \u00fczere geni\u015f kullan\u0131m alan\u0131.S\u0131cakl\u0131k -10\u00b0C + 120\u00b0C\u00a0\u00a0","rel":"","context":"Similar post","block_context":{"text":"Similar post","link":""},"img":{"alt_text":"","src":"https:\/\/i0.wp.com\/tuzlahortum.com.tr\/wp-content\/uploads\/2019\/02\/Sar%C4%B1-K%C3%B6%C5%9Fe-Radyat%C3%B6r-Rekoru.jpg?fit=520%2C350&ssl=1&resize=350%2C200","width":350,"height":200},"classes":[]},{"id":553,"url":"https:\/\/tuzlahortum.com.tr\/en\/product\/yayli-dik-cekvalf\/","url_meta":{"origin":552,"position":3},"title":"Spring Vertical Check Valve","author":"admin","date":"6 February 2019","format":false,"excerpt":"Yayl\u0131 Dik \u00c7ekvalfISO 9001 Kalite Sistem Sertfikas\u0131.Maksimum ak\u0131\u015fkanl\u0131k i\u00e7in tam ge\u00e7i\u015f.ISO 228 Di\u015fi X Di\u015fi ba\u011flant\u0131.End\u00fcstriyel, Tesisat ve sulama sistemlerinde kullan\u0131lmak \u00fczere geni\u015f kullan\u0131m alan\u0131.S\u0131cakl\u0131k -10\u00b0C + 90\u00b0C","rel":"","context":"Similar post","block_context":{"text":"Similar post","link":""},"img":{"alt_text":"","src":"https:\/\/i0.wp.com\/tuzlahortum.com.tr\/wp-content\/uploads\/2019\/02\/Yayl%C4%B1-Dik-%C3%87ekvalf.jpg?fit=520%2C350&ssl=1&resize=350%2C200","width":350,"height":200},"classes":[]},{"id":756,"url":"https:\/\/tuzlahortum.com.tr\/en\/product\/yayli-klape\/","url_meta":{"origin":552,"position":4},"title":"Spring Valve","author":"admin","date":"6 February 2019","format":false,"excerpt":"Yayl\u0131 KlapeISO 9001 Kalite Sistem Sertfikas\u0131. Maksimum ak\u0131\u015fkanl\u0131k i\u00e7in tam ge\u00e7i\u015f. \u00a0 ISO 228 Di\u015fi X Di\u015fi ba\u011flant\u0131. Maksimum g\u00fcvenlik i\u00e7in EPDM O-ring. End\u00fcstriyel, Tesisat ve sulama sistemlerinde kullan\u0131lmak \u00fczere geni\u015f kullan\u0131m alan\u0131. S\u0131cakl\u0131k -10\u00b0C + 50\u00b0C ANMA \u00d6L\u00c7\u00dcS\u00dc d (mm) G (mm) L (mm) 3\/4\" 18 20 90 1\"\u2026","rel":"","context":"Similar post","block_context":{"text":"Similar post","link":""},"img":{"alt_text":"","src":"https:\/\/i0.wp.com\/tuzlahortum.com.tr\/wp-content\/uploads\/2019\/02\/yayliKlape1.jpg?fit=520%2C350&ssl=1&resize=350%2C200","width":350,"height":200},"classes":[]},{"id":875,"url":"https:\/\/tuzlahortum.com.tr\/en\/product\/hava-jak-cesitleri-erkek-disigovde-uc\/","url_meta":{"origin":552,"position":5},"title":"Air Jack Types (Male-Female,Body-Tip)","author":"admin","date":"6 February 2019","format":false,"excerpt":"Air Jack Types (Male-Female, Body-End)PN25 Series Pneumatic Automatic Connectors can be disassembled and assembled with one hand under pressure. PN25 series springs are chrome nickel.  Pn25 Series Pneumatic Automatic Connectors are used safely in compressed air lines in all industries thanks to their robust and durable structures, high air flow capacities and ease of use. Compatibility Rectus 26 (European Standard)...","rel":"","context":"Similar post","block_context":{"text":"Similar post","link":""},"img":{"alt_text":"","src":"https:\/\/i0.wp.com\/tuzlahortum.com.tr\/wp-content\/uploads\/2019\/03\/hava-jak-%C3%A7e%C5%9Fitleri.jpg?fit=502%2C570&ssl=1&resize=350%2C200","width":350,"height":200},"classes":[]}],"jetpack_sharing_enabled":true,"jetpack_likes_enabled":true,"_links":{"self":[{"href":"https:\/\/tuzlahortum.com.tr\/en\/wp-json\/wp\/v2\/product\/552","targetHints":{"allow":["GET"]}}],"collection":[{"href":"https:\/\/tuzlahortum.com.tr\/en\/wp-json\/wp\/v2\/product"}],"about":[{"href":"https:\/\/tuzlahortum.com.tr\/en\/wp-json\/wp\/v2\/types\/product"}],"replies":[{"embeddable":true,"href":"https:\/\/tuzlahortum.com.tr\/en\/wp-json\/wp\/v2\/comments?post=552"}],"wp:featuredmedia":[{"embeddable":true,"href":"https:\/\/tuzlahortum.com.tr\/en\/wp-json\/wp\/v2\/media\/2854"}],"wp:attachment":[{"href":"https:\/\/tuzlahortum.com.tr\/en\/wp-json\/wp\/v2\/media?parent=552"}],"wp:term":[{"taxonomy":"product_brand","embeddable":true,"href":"https:\/\/tuzlahortum.com.tr\/en\/wp-json\/wp\/v2\/product_brand?post=552"},{"taxonomy":"product_cat","embeddable":true,"href":"https:\/\/tuzlahortum.com.tr\/en\/wp-json\/wp\/v2\/product_cat?post=552"},{"taxonomy":"product_tag","embeddable":true,"href":"https:\/\/tuzlahortum.com.tr\/en\/wp-json\/wp\/v2\/product_tag?post=552"}],"curies":[{"name":"wp","href":"https:\/\/api.w.org\/{rel}","templated":true}]}}