{"id":5473,"date":"2019-02-28T12:26:27","date_gmt":"2019-02-28T09:26:27","guid":{"rendered":"http:\/\/hortum.com.tr\/?post_type=product&#038;p=5473"},"modified":"2024-03-21T17:39:02","modified_gmt":"2024-03-21T14:39:02","slug":"alcak-yogunluk-2-kalite-polietilen-su-borulari","status":"publish","type":"product","link":"https:\/\/tuzlahortum.com.tr\/en\/product\/alcak-yogunluk-2-kalite-polietilen-su-borulari\/","title":{"rendered":"Low Density 2nd Quality Polyethylene Water Pipes"},"content":{"rendered":"<h2>Low Density 2nd Quality Polyethylene Water Pipes<\/h2>\n<div class=\"col-md-6\">\n<div class=\"portfolio-item item\">\n<div class=\"portfolio-border\">\n<div class=\"portfolio-thumb\"><strong>Features<\/strong><\/div>\n<\/div>\n<\/div>\n<\/div>\n<p>It is produced from 2nd quality polyethylene raw material. Being soft and flexible provides ease of assembly. It is produced according to TS 418-2 norm.<\/p>\n<p><strong>Operating temperature<\/strong> -5\u00b0C to +60\u00b0C<\/p>\n<p><strong>Usage areas<\/strong> It is used in city mains water distribution and landscaping works. It is produced in light blue and white colors.<\/p>\n<div class=\"video video-fit mb\" style=\"padding-top:56.25%;\"><p><iframe loading=\"lazy\" title=\"Measurement Confusion (Inch, Finger, Haze, Millimeter)\" width=\"1020\" height=\"574\" src=\"https:\/\/www.youtube.com\/embed\/uKk6AG_AZls?feature=oembed\" frameborder=\"0\" allow=\"accelerometer; autoplay; clipboard-write; encrypted-media; gyroscope; picture-in-picture; web-share\" referrerpolicy=\"strict-origin-when-cross-origin\" allowfullscreen><\/iframe><\/p>\n<\/div>\n<table class=\"table table-bordered\">\n<thead>\n<tr>\n<th><\/th>\n<th>Diameter(inch)<\/th>\n<th>Outer Diameter(mm)<\/th>\n<th>\u00a0 \u00a0D.Pressure (bar)<\/th>\n<th>Length(mt)<\/th>\n<\/tr>\n<\/thead>\n<tbody>\n<tr>\n<th scope=\"row\"><\/th>\n<td>1\/2\u2033<\/td>\n<td>20<\/td>\n<td>10<\/td>\n<td>100<\/td>\n<\/tr>\n<tr>\n<th scope=\"row\"><\/th>\n<td>3\/4\u2033<\/td>\n<td>25<\/td>\n<td>10<\/td>\n<td>100<\/td>\n<\/tr>\n<tr>\n<th scope=\"row\"><\/th>\n<td>1\u2033<\/td>\n<td>32<\/td>\n<td>10<\/td>\n<td>100<\/td>\n<\/tr>\n<tr>\n<th scope=\"row\"><\/th>\n<td>1 1\/4\u2033<\/td>\n<td>40<\/td>\n<td>10<\/td>\n<td>100<\/td>\n<\/tr>\n<tr>\n<th scope=\"row\"><\/th>\n<td>1 1\/2\u2033<\/td>\n<td>50<\/td>\n<td>10<\/td>\n<td>100<\/td>\n<\/tr>\n<tr>\n<th scope=\"row\"><\/th>\n<td>2\u2033<\/td>\n<td>63<\/td>\n<td>10<\/td>\n<td>100<\/td>\n<\/tr>\n<tr>\n<th scope=\"row\"><\/th>\n<td>1\/2\u2033<\/td>\n<td>20<\/td>\n<td>6<\/td>\n<td>100<\/td>\n<\/tr>\n<tr>\n<th scope=\"row\"><\/th>\n<td>3,4\u2033<\/td>\n<td>25<\/td>\n<td>6<\/td>\n<td>100<\/td>\n<\/tr>\n<tr>\n<th scope=\"row\"><\/th>\n<td>1\u2033<\/td>\n<td>32<\/td>\n<td>6<\/td>\n<td>100<\/td>\n<\/tr>\n<tr>\n<th scope=\"row\"><\/th>\n<td>1 1\/4\u2033<\/td>\n<td>40<\/td>\n<td>6<\/td>\n<td>100<\/td>\n<\/tr>\n<tr>\n<th scope=\"row\"><\/th>\n<td>1 1\/2\u2033<\/td>\n<td>50<\/td>\n<td>6<\/td>\n<td>100<\/td>\n<\/tr>\n<tr>\n<th scope=\"row\"><\/th>\n<td>2\u2033<\/td>\n<td>63<\/td>\n<td>6<\/td>\n<td>100<\/td>\n<\/tr>\n<\/tbody>\n<\/table>","protected":false},"excerpt":{"rendered":"<p>Al\u00e7ak Yo\u011funluk 2. Kalite Polietilen Su Borular\u0131 \u00d6zellikler 2. kalite polietilen hammaddeden \u00fcretilmi\u015ftir. Yumu\u015fak ve esnek olmas\u0131 montaj kolayl\u0131\u011f\u0131 sa\u011flar. TS 418-2 normuna g\u00f6re \u00fcretilmi\u015ftir. \u00c7al\u0131\u015fma S\u0131cakl\u0131\u011f\u0131 -5\u00b0C ile +60\u00b0C aras\u0131 Kullan\u0131m Alanlar\u0131 \u015eehir \u015febeke suyu da\u011f\u0131t\u0131m\u0131nda ve peysaj d\u00fczenleme i\u015flerinde kullan\u0131l\u0131r. A\u00e7\u0131k mavi ve beyaz renkte \u00fcretilir. \u00c7ap(inch) D\u0131\u015f \u00c7ap(mm) \u00a0 \u00a0\u00c7.Bas\u0131nc\u0131 \u00a0 (bar) [&#8230;]\n","protected":false},"featured_media":5475,"comment_status":"open","ping_status":"closed","template":"","meta":{"jetpack_post_was_ever_published":false},"product_brand":[],"product_cat":[167],"product_tag":[1096,1098,1095,1094,1097],"class_list":{"0":"post-5473","1":"product","2":"type-product","3":"status-publish","4":"has-post-thumbnail","6":"product_cat-polietilen-su-borulari","7":"product_tag-beyaz","8":"product_tag-kangal","9":"product_tag-sebeke","10":"product_tag-sehir","11":"product_tag-toprak-alti","13":"first","14":"instock","15":"taxable","16":"shipping-taxable","17":"product-type-variable"},"jetpack-related-posts":[],"jetpack_sharing_enabled":true,"jetpack_likes_enabled":true,"_links":{"self":[{"href":"https:\/\/tuzlahortum.com.tr\/en\/wp-json\/wp\/v2\/product\/5473","targetHints":{"allow":["GET"]}}],"collection":[{"href":"https:\/\/tuzlahortum.com.tr\/en\/wp-json\/wp\/v2\/product"}],"about":[{"href":"https:\/\/tuzlahortum.com.tr\/en\/wp-json\/wp\/v2\/types\/product"}],"replies":[{"embeddable":true,"href":"https:\/\/tuzlahortum.com.tr\/en\/wp-json\/wp\/v2\/comments?post=5473"}],"wp:featuredmedia":[{"embeddable":true,"href":"https:\/\/tuzlahortum.com.tr\/en\/wp-json\/wp\/v2\/media\/5475"}],"wp:attachment":[{"href":"https:\/\/tuzlahortum.com.tr\/en\/wp-json\/wp\/v2\/media?parent=5473"}],"wp:term":[{"taxonomy":"product_brand","embeddable":true,"href":"https:\/\/tuzlahortum.com.tr\/en\/wp-json\/wp\/v2\/product_brand?post=5473"},{"taxonomy":"product_cat","embeddable":true,"href":"https:\/\/tuzlahortum.com.tr\/en\/wp-json\/wp\/v2\/product_cat?post=5473"},{"taxonomy":"product_tag","embeddable":true,"href":"https:\/\/tuzlahortum.com.tr\/en\/wp-json\/wp\/v2\/product_tag?post=5473"}],"curies":[{"name":"wp","href":"https:\/\/api.w.org\/{rel}","templated":true}]}}