{"id":539,"date":"2019-02-06T23:45:41","date_gmt":"2019-02-06T20:45:41","guid":{"rendered":"http:\/\/hortum.com.tr\/product\/import-placeholder-for-498\/"},"modified":"2024-03-21T17:45:41","modified_gmt":"2024-03-21T14:45:41","slug":"trelleborg-push-lock-hose-red","status":"publish","type":"product","link":"https:\/\/tuzlahortum.com.tr\/en\/product\/trelleborg-push-lock-hose-red\/","title":{"rendered":"Trelleborg PUSH-LOCK HOSE RED"},"content":{"rendered":"<h2>Trelleborg PUSH-LOCK HOSE RED<\/h2>\n<div>Automotive Industries<\/div>\n<div>It is ideally designed for hydraulic pneumatic low pressure lines used in the robotics and automotive industries.<\/div>\n<div>It is used with easy-to-fit connection hardware at a maximum working pressure of 16 bar (250psi).<\/div>\n<div>Not suitable for intermittent pressure applications.<\/div>\n<div>Advantages<\/div>\n<div>*Delivered as 40, 80 and 100m on a wooden pulley.<\/div>\n<div>*Very good abrasion resistance.<\/div>\n<div>* It is flexible, light and easy to carry.<\/div>\n<div>*Does not contain silicone.<\/div>\n<div>technical description<\/div>\n<div>Inner tube: oil resistant NBR\/PVC, black, plain.<\/div>\n<div>Reinforcement: single textile braid.<\/div>\n<div>Coating : abrasion, oil and aging resistant NBR\/PVC, red, plain.<\/div>\n<div>Temperature range :<\/div>\n<div>Weather : -20\u00b0C\/+110\u00b0C (peak +125\u00b0C).<\/div>\n<div>Water : 0\u00b0C\/+100\u00b0C (peak +110\u00b0C).<\/div>\n<div>Hydraulic oils : -20\u00b0C\/+70\u00b0C (peak +90\u00b0C).<\/div>\n<div>Water glycol : -20\u00b0C\/+70\u00b0C (peak +90\u00b0C).<\/div>\n<div>Electrical properties : non-conductive inner tube, R&gt;1012\u03a9\/m.<\/div>\n<div>Unions\/Fittings<\/div>\n<div>It is used with easy-to-fit connection hardware at a maximum working pressure of 16bar (250psi).<\/div>\n<div>Additional Information<\/div>\n<div>It is delivered as 40, 80 and 100m on a wooden pulley. 20m : delivered in PE coated coils on pallets.<\/div>\n<div>\n<div class=\"video video-fit mb\" style=\"padding-top:56.25%;\"><p><iframe loading=\"lazy\" title=\"Measurement Confusion (Inch, Finger, Haze, Millimeter)\" width=\"1020\" height=\"574\" src=\"https:\/\/www.youtube.com\/embed\/uKk6AG_AZls?feature=oembed\" frameborder=\"0\" allow=\"accelerometer; autoplay; clipboard-write; encrypted-media; gyroscope; picture-in-picture; web-share\" referrerpolicy=\"strict-origin-when-cross-origin\" allowfullscreen><\/iframe><\/p>\n<\/div>\n<div class=\"video video-fit mb\" style=\"padding-top:56.25%;\"><p>https:\/\/www.youtube.com\/watch?v=O8ZlzKEjfEQ%20<\/p>\n<\/div>\n<\/div>\n<p><img data-recalc-dims=\"1\" loading=\"lazy\" decoding=\"async\" class=\"alignnone size-medium wp-image-2554\" src=\"https:\/\/i0.wp.com\/hortum.com.tr\/wp-content\/uploads\/2019\/02\/PUSH-LOCK-HOSE-RED-800x128.jpg?resize=800%2C128\" alt=\"\" width=\"800\" height=\"128\" title=\"\" srcset=\"https:\/\/i0.wp.com\/tuzlahortum.com.tr\/wp-content\/uploads\/2019\/02\/PUSH-LOCK-HOSE-RED.jpg?resize=800%2C128&amp;ssl=1 800w, https:\/\/i0.wp.com\/tuzlahortum.com.tr\/wp-content\/uploads\/2019\/02\/PUSH-LOCK-HOSE-RED.jpg?resize=768%2C123&amp;ssl=1 768w, https:\/\/i0.wp.com\/tuzlahortum.com.tr\/wp-content\/uploads\/2019\/02\/PUSH-LOCK-HOSE-RED.jpg?resize=600%2C96&amp;ssl=1 600w, https:\/\/i0.wp.com\/tuzlahortum.com.tr\/wp-content\/uploads\/2019\/02\/PUSH-LOCK-HOSE-RED.jpg?w=922&amp;ssl=1 922w\" sizes=\"auto, (max-width: 800px) 100vw, 800px\" \/><\/p>","protected":false},"excerpt":{"rendered":"<p>Trelleborg PUSH-LOCK HOSE RED Otomotiv End\u00fcstrileri Robotik ve otomotiv end\u00fcstrilerinde kullan\u0131lan hidrolik pn\u00f6matik d\u00fc\u015f\u00fck bas\u0131n\u00e7l\u0131 hatlar i\u00e7in ideal\u00a0olarak tasarlanm\u0131\u015ft\u0131r. Maksimum 16 bar (250psi) \u00e7al\u0131\u015fma bas\u0131nc\u0131nda kolay tak\u0131l\u0131r ba\u011flant\u0131 donan\u0131mlar\u0131 ile kullan\u0131l\u0131r. Fas\u0131lal\u0131 bas\u0131n\u00e7 uygulamalar\u0131 i\u00e7in uygun de\u011fildir. Avantajlar *Bir ah\u015fap kasnak \u00fczerinde 40, 80 ve 100m olarak teslim edilir. *\u00c7ok iyi a\u015f\u0131nma dayan\u0131m\u0131. *Esnek, hafiftir [&#8230;]\n","protected":false},"featured_media":2671,"comment_status":"open","ping_status":"closed","template":"","meta":{"jetpack_post_was_ever_published":false},"product_brand":[],"product_cat":[174],"product_tag":[294,295,290,296],"class_list":{"0":"post-539","1":"product","2":"type-product","3":"status-publish","4":"has-post-thumbnail","6":"product_cat-araba-ve-otomobil-hortumlari","7":"product_tag-dayanikli","8":"product_tag-endustri","9":"product_tag-hortum","10":"product_tag-otomotiv","12":"first","13":"instock","14":"taxable","15":"shipping-taxable","16":"product-type-variable"},"jetpack-related-posts":[{"id":536,"url":"https:\/\/tuzlahortum.com.tr\/en\/product\/trelleborg-push-lock-hose-black\/","url_meta":{"origin":539,"position":0},"title":"Trelleborg PUSH-LOCK HOSE BLACK","author":"admin","date":"6 February 2019","format":false,"excerpt":"Trelleborg PUSH-LOCK HOSE BLACKOtomotiv End\u00fcstrileri Robotik ve otomotiv end\u00fcstrilerinde kullan\u0131lan hidrolik pn\u00f6matik d\u00fc\u015f\u00fck bas\u0131n\u00e7l\u0131 hatlar i\u00e7in ideal\u00a0olarak tasarlanm\u0131\u015ft\u0131r. Maksimum 16 bar (250psi) \u00e7al\u0131\u015fma bas\u0131nc\u0131nda kolay tak\u0131l\u0131r ba\u011flant\u0131 donan\u0131mlar\u0131 ile kullan\u0131l\u0131r. Fas\u0131lal\u0131 bas\u0131n\u00e7 uygulamalar\u0131 i\u00e7in uygun de\u011fildir. Avantajlar *Bir ah\u015fap kasnak \u00fczerinde 40, 80 ve 100m olarak teslim edilir. *\u00c7ok iyi\u2026","rel":"","context":"Similar post","block_context":{"text":"Similar post","link":""},"img":{"alt_text":"","src":"https:\/\/i0.wp.com\/tuzlahortum.com.tr\/wp-content\/uploads\/2019\/02\/PUSH-LOCK-BLACK.jpg?fit=800%2C800&ssl=1&resize=350%2C200","width":350,"height":200,"srcset":"https:\/\/i0.wp.com\/tuzlahortum.com.tr\/wp-content\/uploads\/2019\/02\/PUSH-LOCK-BLACK.jpg?fit=800%2C800&ssl=1&resize=350%2C200 1x, https:\/\/i0.wp.com\/tuzlahortum.com.tr\/wp-content\/uploads\/2019\/02\/PUSH-LOCK-BLACK.jpg?fit=800%2C800&ssl=1&resize=525%2C300 1.5x, https:\/\/i0.wp.com\/tuzlahortum.com.tr\/wp-content\/uploads\/2019\/02\/PUSH-LOCK-BLACK.jpg?fit=800%2C800&ssl=1&resize=700%2C400 2x"},"classes":[]},{"id":537,"url":"https:\/\/tuzlahortum.com.tr\/en\/product\/trelleborg-push-lock-hose-blue\/","url_meta":{"origin":539,"position":1},"title":"Trelleborg PUSH-LOCK HOSE BLUE","author":"admin","date":"6 February 2019","format":false,"excerpt":"Trelleborg PUSH-LOCK HOSE BLUEOtomotiv End\u00fcstrileri Robotik ve otomotiv end\u00fcstrilerinde kullan\u0131lan hidrolik pn\u00f6matik d\u00fc\u015f\u00fck bas\u0131n\u00e7l\u0131 hatlar i\u00e7in ideal\u00a0olarak tasarlanm\u0131\u015ft\u0131r. Maksimum 16 bar (250psi) \u00e7al\u0131\u015fma bas\u0131nc\u0131nda kolay tak\u0131l\u0131r ba\u011flant\u0131 donan\u0131mlar\u0131 ile kullan\u0131l\u0131r. Fas\u0131lal\u0131 bas\u0131n\u00e7 uygulamalar\u0131 i\u00e7in uygun de\u011fildir. Avantajlar *Bir ah\u015fap kasnak \u00fczerinde 40, 80 ve 100m olarak teslim edilir. *\u00c7ok iyi\u2026","rel":"","context":"Similar post","block_context":{"text":"Similar post","link":""},"img":{"alt_text":"","src":"https:\/\/i0.wp.com\/tuzlahortum.com.tr\/wp-content\/uploads\/2019\/02\/PUSH-LOCK-BLUE.jpg?fit=800%2C800&ssl=1&resize=350%2C200","width":350,"height":200,"srcset":"https:\/\/i0.wp.com\/tuzlahortum.com.tr\/wp-content\/uploads\/2019\/02\/PUSH-LOCK-BLUE.jpg?fit=800%2C800&ssl=1&resize=350%2C200 1x, https:\/\/i0.wp.com\/tuzlahortum.com.tr\/wp-content\/uploads\/2019\/02\/PUSH-LOCK-BLUE.jpg?fit=800%2C800&ssl=1&resize=525%2C300 1.5x, https:\/\/i0.wp.com\/tuzlahortum.com.tr\/wp-content\/uploads\/2019\/02\/PUSH-LOCK-BLUE.jpg?fit=800%2C800&ssl=1&resize=700%2C400 2x"},"classes":[]},{"id":538,"url":"https:\/\/tuzlahortum.com.tr\/en\/product\/trelleborg-push-lock-hose-green\/","url_meta":{"origin":539,"position":2},"title":"Trelleborg PUSH-LOCK HOSE GREEN","author":"admin","date":"6 February 2019","format":false,"excerpt":"Trelleborg PUSH-LOCK HOSE GREENOtomotiv End\u00fcstrileri Robotik ve otomotiv end\u00fcstrilerinde kullan\u0131lan hidrolik pn\u00f6matik d\u00fc\u015f\u00fck bas\u0131n\u00e7l\u0131 hatlar i\u00e7in ideal olarak tasarlanm\u0131\u015ft\u0131r. Maksimum 16 bar (250psi) \u00e7al\u0131\u015fma bas\u0131nc\u0131nda kolay tak\u0131l\u0131r ba\u011flant\u0131 donan\u0131mlar\u0131 ile kullan\u0131l\u0131r. Fas\u0131lal\u0131 bas\u0131n\u00e7 uygulamalar\u0131 i\u00e7in uygun de\u011fildir. Avantajlar *Bir ah\u015fap kasnak \u00fczerinde 40, 80 ve 100m olarak teslim edilir. *\u00c7ok\u2026","rel":"","context":"Similar post","block_context":{"text":"Similar post","link":""},"img":{"alt_text":"","src":"https:\/\/i0.wp.com\/tuzlahortum.com.tr\/wp-content\/uploads\/2019\/02\/PUSH-LOCK-GREEN.jpg?fit=800%2C800&ssl=1&resize=350%2C200","width":350,"height":200,"srcset":"https:\/\/i0.wp.com\/tuzlahortum.com.tr\/wp-content\/uploads\/2019\/02\/PUSH-LOCK-GREEN.jpg?fit=800%2C800&ssl=1&resize=350%2C200 1x, https:\/\/i0.wp.com\/tuzlahortum.com.tr\/wp-content\/uploads\/2019\/02\/PUSH-LOCK-GREEN.jpg?fit=800%2C800&ssl=1&resize=525%2C300 1.5x, https:\/\/i0.wp.com\/tuzlahortum.com.tr\/wp-content\/uploads\/2019\/02\/PUSH-LOCK-GREEN.jpg?fit=800%2C800&ssl=1&resize=700%2C400 2x"},"classes":[]},{"id":679,"url":"https:\/\/tuzlahortum.com.tr\/en\/product\/trelleborg-din-3-te\/","url_meta":{"origin":539,"position":3},"title":"Trelleborg DIN 3 TE","author":"admin","date":"6 February 2019","format":false,"excerpt":"Trelleborg DIN 3 TEHidrolik kontrol hatlar\u0131 Hidrolik kontrol hatlar\u0131 i\u00e7in tekstil takviyeli kau\u00e7uk hortum. Bas\u0131n\u00e7 alt\u0131ndaki hidrolik s\u0131v\u0131lar, ya\u011f, hava ve suyun tahliyesi. Avantajlar *Tekstil takviyesi sayesinde hafif ve esnektir. *Hidrolik hatlarda tire\u015fimleri engeller. *Hortum kapmalar\u0131 ya\u011f ve grese kar\u015f\u0131 son derece dayan\u0131kl\u0131d\u0131r. Teknik a\u00e7\u0131klama \u0130\u00e7 t\u00fcp :\u00a0ya\u011fa dayan\u0131kl\u0131 NBR,\u2026","rel":"","context":"Similar post","block_context":{"text":"Similar post","link":""},"img":{"alt_text":"","src":"https:\/\/i0.wp.com\/tuzlahortum.com.tr\/wp-content\/uploads\/2019\/02\/DIN-3TE.jpg?fit=800%2C800&ssl=1&resize=350%2C200","width":350,"height":200,"srcset":"https:\/\/i0.wp.com\/tuzlahortum.com.tr\/wp-content\/uploads\/2019\/02\/DIN-3TE.jpg?fit=800%2C800&ssl=1&resize=350%2C200 1x, https:\/\/i0.wp.com\/tuzlahortum.com.tr\/wp-content\/uploads\/2019\/02\/DIN-3TE.jpg?fit=800%2C800&ssl=1&resize=525%2C300 1.5x, https:\/\/i0.wp.com\/tuzlahortum.com.tr\/wp-content\/uploads\/2019\/02\/DIN-3TE.jpg?fit=800%2C800&ssl=1&resize=700%2C400 2x"},"classes":[]},{"id":678,"url":"https:\/\/tuzlahortum.com.tr\/en\/product\/trelleborg-din-2-te\/","url_meta":{"origin":539,"position":4},"title":"Trelleborg DIN 2 TE","author":"admin","date":"6 February 2019","format":false,"excerpt":"Trelleborg DIN 2 TEHidrolik kontrol hatlar\u0131 Hidrolik kontrol hatlar\u0131 i\u00e7in tekstil takviyeli kau\u00e7uk hortum. Bas\u0131n\u00e7 alt\u0131ndaki hidrolik s\u0131v\u0131lar, ya\u011f, hava ve suyun tahliyesi. Avantajlar *Tekstil takviyesi sayesinde hafif ve esnektir. *Hidrolik hatlarda tire\u015fimleri engeller. *Hortum kapmalar\u0131 ya\u011f ve grese kar\u015f\u0131 son derece dayan\u0131kl\u0131d\u0131r. Teknik a\u00e7\u0131klama \u0130\u00e7 t\u00fcp :\u00a0ya\u011fa dayan\u0131kl\u0131 NBR,\u2026","rel":"","context":"Similar post","block_context":{"text":"Similar post","link":""},"img":{"alt_text":"","src":"https:\/\/i0.wp.com\/tuzlahortum.com.tr\/wp-content\/uploads\/2019\/02\/DIN-2TE.jpg?fit=800%2C800&ssl=1&resize=350%2C200","width":350,"height":200,"srcset":"https:\/\/i0.wp.com\/tuzlahortum.com.tr\/wp-content\/uploads\/2019\/02\/DIN-2TE.jpg?fit=800%2C800&ssl=1&resize=350%2C200 1x, https:\/\/i0.wp.com\/tuzlahortum.com.tr\/wp-content\/uploads\/2019\/02\/DIN-2TE.jpg?fit=800%2C800&ssl=1&resize=525%2C300 1.5x, https:\/\/i0.wp.com\/tuzlahortum.com.tr\/wp-content\/uploads\/2019\/02\/DIN-2TE.jpg?fit=800%2C800&ssl=1&resize=700%2C400 2x"},"classes":[]},{"id":677,"url":"https:\/\/tuzlahortum.com.tr\/en\/product\/trelleborg-din-1-te\/","url_meta":{"origin":539,"position":5},"title":"Trelleborg DIN 1 TE","author":"admin","date":"6 February 2019","format":false,"excerpt":"Trelleborg DIN 1 TEHidrolik kontrol hatlar\u0131 Hidrolik kontrol hatlar\u0131 i\u00e7in tekstil takviyeli kau\u00e7uk hortum. Bas\u0131n\u00e7 alt\u0131ndaki hidrolik s\u0131v\u0131lar, ya\u011f, ya\u011fl\u0131 hava ve suyun tahliyesi. Avantajlar *Tekstil takviyesi sayesinde hafif ve esnektir. *Hidrolik hatlarda tire\u015fimleri engeller. *Hortum kapmalar\u0131 ya\u011f ve grese kar\u015f\u0131 son derece dayan\u0131kl\u0131d\u0131r. Teknik a\u00e7\u0131klama \u0130\u00e7 t\u00fcp :\u00a0ya\u011fa dayan\u0131kl\u0131\u2026","rel":"","context":"Similar post","block_context":{"text":"Similar post","link":""},"img":{"alt_text":"","src":"https:\/\/i0.wp.com\/tuzlahortum.com.tr\/wp-content\/uploads\/2019\/02\/DIN-1TE.jpg?fit=800%2C800&ssl=1&resize=350%2C200","width":350,"height":200,"srcset":"https:\/\/i0.wp.com\/tuzlahortum.com.tr\/wp-content\/uploads\/2019\/02\/DIN-1TE.jpg?fit=800%2C800&ssl=1&resize=350%2C200 1x, https:\/\/i0.wp.com\/tuzlahortum.com.tr\/wp-content\/uploads\/2019\/02\/DIN-1TE.jpg?fit=800%2C800&ssl=1&resize=525%2C300 1.5x, https:\/\/i0.wp.com\/tuzlahortum.com.tr\/wp-content\/uploads\/2019\/02\/DIN-1TE.jpg?fit=800%2C800&ssl=1&resize=700%2C400 2x"},"classes":[]}],"jetpack_sharing_enabled":true,"jetpack_likes_enabled":true,"_links":{"self":[{"href":"https:\/\/tuzlahortum.com.tr\/en\/wp-json\/wp\/v2\/product\/539","targetHints":{"allow":["GET"]}}],"collection":[{"href":"https:\/\/tuzlahortum.com.tr\/en\/wp-json\/wp\/v2\/product"}],"about":[{"href":"https:\/\/tuzlahortum.com.tr\/en\/wp-json\/wp\/v2\/types\/product"}],"replies":[{"embeddable":true,"href":"https:\/\/tuzlahortum.com.tr\/en\/wp-json\/wp\/v2\/comments?post=539"}],"wp:featuredmedia":[{"embeddable":true,"href":"https:\/\/tuzlahortum.com.tr\/en\/wp-json\/wp\/v2\/media\/2671"}],"wp:attachment":[{"href":"https:\/\/tuzlahortum.com.tr\/en\/wp-json\/wp\/v2\/media?parent=539"}],"wp:term":[{"taxonomy":"product_brand","embeddable":true,"href":"https:\/\/tuzlahortum.com.tr\/en\/wp-json\/wp\/v2\/product_brand?post=539"},{"taxonomy":"product_cat","embeddable":true,"href":"https:\/\/tuzlahortum.com.tr\/en\/wp-json\/wp\/v2\/product_cat?post=539"},{"taxonomy":"product_tag","embeddable":true,"href":"https:\/\/tuzlahortum.com.tr\/en\/wp-json\/wp\/v2\/product_tag?post=539"}],"curies":[{"name":"wp","href":"https:\/\/api.w.org\/{rel}","templated":true}]}}