{"id":538,"date":"2019-02-06T23:45:41","date_gmt":"2019-02-06T20:45:41","guid":{"rendered":"http:\/\/hortum.com.tr\/product\/import-placeholder-for-497\/"},"modified":"2024-03-21T17:45:41","modified_gmt":"2024-03-21T14:45:41","slug":"trelleborg-push-lock-hose-green","status":"publish","type":"product","link":"https:\/\/tuzlahortum.com.tr\/en\/product\/trelleborg-push-lock-hose-green\/","title":{"rendered":"Trelleborg PUSH-LOCK HOSE GREEN"},"content":{"rendered":"<h2>Trelleborg PUSH-LOCK HOSE GREEN<\/h2>\n<p>Automotive Industries<\/p>\n<p>Ideal for hydraulic pneumatic low pressure lines used in the robotics and automotive industries<\/p>\n<p>was designed as<\/p>\n<p>It is used with easy-to-fit connection hardware at a maximum working pressure of 16 bar (250psi).<\/p>\n<p>Not suitable for intermittent pressure applications.<\/p>\n<p>Advantages<\/p>\n<p>*Delivered as 40, 80 and 100m on a wooden pulley.<\/p>\n<p>*Very good abrasion resistance.<\/p>\n<p>* It is flexible, light and easy to carry.<\/p>\n<p>*Does not contain silicone.<\/p>\n<p>technical description<\/p>\n<p>Inner tube: oil resistant NBR\/PVC, black, plain.<\/p>\n<p>Reinforcement: single textile braid.<\/p>\n<p>Coating : abrasion, oil and aging resistant NBR\/PVC, green, plain.<\/p>\n<p>Temperature range :<\/p>\n<p>Weather : -20\u00b0C\/+110\u00b0C (peak +125\u00b0C).<\/p>\n<p>Water : 0\u00b0C\/+100\u00b0C (peak +110\u00b0C).<\/p>\n<p>Hydraulic oils : -20\u00b0C\/+70\u00b0C (peak +90\u00b0C).<\/p>\n<p>Water glycol : -20\u00b0C\/+70\u00b0C (peak +90\u00b0C).<\/p>\n<p>Electrical properties : non-conductive inner tube, R&gt;1012\u03a9\/m.<\/p>\n<p>Unions\/Fittings<\/p>\n<p>It is used with easy-to-fit connection hardware at a maximum working pressure of 16bar (250psi).<\/p>\n<p>Additional Information<\/p>\n<p>It is delivered as 40, 80 and 100m on a wooden pulley. 20m : PE coated on pallet<\/p>\n<p>delivered in coils.<\/p>\n<div class=\"video video-fit mb\" style=\"padding-top:56.25%;\"><p><iframe loading=\"lazy\" title=\"Measurement Confusion (Inch, Finger, Haze, Millimeter)\" width=\"1020\" height=\"574\" src=\"https:\/\/www.youtube.com\/embed\/uKk6AG_AZls?feature=oembed\" frameborder=\"0\" allow=\"accelerometer; autoplay; clipboard-write; encrypted-media; gyroscope; picture-in-picture; web-share\" referrerpolicy=\"strict-origin-when-cross-origin\" allowfullscreen><\/iframe><\/p>\n<\/div>\n<div class=\"video video-fit mb\" style=\"padding-top:56.25%;\"><p>https:\/\/www.youtube.com\/watch?v=O8ZlzKEjfEQ%20<\/p>\n<\/div>\n<p><img data-recalc-dims=\"1\" loading=\"lazy\" decoding=\"async\" class=\"size-medium wp-image-2556 alignleft\" src=\"https:\/\/i0.wp.com\/hortum.com.tr\/wp-content\/uploads\/2019\/02\/PUSH-LOCK-HOSE-GREEN-800x128.jpg?resize=800%2C128\" alt=\"\" width=\"800\" height=\"128\" title=\"\" srcset=\"https:\/\/i0.wp.com\/tuzlahortum.com.tr\/wp-content\/uploads\/2019\/02\/PUSH-LOCK-HOSE-GREEN.jpg?resize=800%2C128&amp;ssl=1 800w, https:\/\/i0.wp.com\/tuzlahortum.com.tr\/wp-content\/uploads\/2019\/02\/PUSH-LOCK-HOSE-GREEN.jpg?resize=768%2C123&amp;ssl=1 768w, https:\/\/i0.wp.com\/tuzlahortum.com.tr\/wp-content\/uploads\/2019\/02\/PUSH-LOCK-HOSE-GREEN.jpg?resize=600%2C96&amp;ssl=1 600w, https:\/\/i0.wp.com\/tuzlahortum.com.tr\/wp-content\/uploads\/2019\/02\/PUSH-LOCK-HOSE-GREEN.jpg?w=920&amp;ssl=1 920w\" sizes=\"auto, (max-width: 800px) 100vw, 800px\" \/><\/p>","protected":false},"excerpt":{"rendered":"<p>Trelleborg PUSH-LOCK HOSE GREEN Otomotiv End\u00fcstrileri Robotik ve otomotiv end\u00fcstrilerinde kullan\u0131lan hidrolik pn\u00f6matik d\u00fc\u015f\u00fck bas\u0131n\u00e7l\u0131 hatlar i\u00e7in ideal olarak tasarlanm\u0131\u015ft\u0131r. Maksimum 16 bar (250psi) \u00e7al\u0131\u015fma bas\u0131nc\u0131nda kolay tak\u0131l\u0131r ba\u011flant\u0131 donan\u0131mlar\u0131 ile kullan\u0131l\u0131r. Fas\u0131lal\u0131 bas\u0131n\u00e7 uygulamalar\u0131 i\u00e7in uygun de\u011fildir. Avantajlar *Bir ah\u015fap kasnak \u00fczerinde 40, 80 ve 100m olarak teslim edilir. *\u00c7ok iyi a\u015f\u0131nma dayan\u0131m\u0131. *Esnek, [&#8230;]\n","protected":false},"featured_media":2670,"comment_status":"open","ping_status":"closed","template":"","meta":{"jetpack_post_was_ever_published":false},"product_brand":[],"product_cat":[174],"product_tag":[294,297,295,290,296],"class_list":{"0":"post-538","1":"product","2":"type-product","3":"status-publish","4":"has-post-thumbnail","6":"product_cat-araba-ve-otomobil-hortumlari","7":"product_tag-dayanikli","8":"product_tag-dusuk-basinc","9":"product_tag-endustri","10":"product_tag-hortum","11":"product_tag-otomotiv","13":"first","14":"instock","15":"taxable","16":"shipping-taxable","17":"product-type-variable"},"jetpack-related-posts":[],"jetpack_sharing_enabled":true,"jetpack_likes_enabled":true,"_links":{"self":[{"href":"https:\/\/tuzlahortum.com.tr\/en\/wp-json\/wp\/v2\/product\/538","targetHints":{"allow":["GET"]}}],"collection":[{"href":"https:\/\/tuzlahortum.com.tr\/en\/wp-json\/wp\/v2\/product"}],"about":[{"href":"https:\/\/tuzlahortum.com.tr\/en\/wp-json\/wp\/v2\/types\/product"}],"replies":[{"embeddable":true,"href":"https:\/\/tuzlahortum.com.tr\/en\/wp-json\/wp\/v2\/comments?post=538"}],"wp:featuredmedia":[{"embeddable":true,"href":"https:\/\/tuzlahortum.com.tr\/en\/wp-json\/wp\/v2\/media\/2670"}],"wp:attachment":[{"href":"https:\/\/tuzlahortum.com.tr\/en\/wp-json\/wp\/v2\/media?parent=538"}],"wp:term":[{"taxonomy":"product_brand","embeddable":true,"href":"https:\/\/tuzlahortum.com.tr\/en\/wp-json\/wp\/v2\/product_brand?post=538"},{"taxonomy":"product_cat","embeddable":true,"href":"https:\/\/tuzlahortum.com.tr\/en\/wp-json\/wp\/v2\/product_cat?post=538"},{"taxonomy":"product_tag","embeddable":true,"href":"https:\/\/tuzlahortum.com.tr\/en\/wp-json\/wp\/v2\/product_tag?post=538"}],"curies":[{"name":"wp","href":"https:\/\/api.w.org\/{rel}","templated":true}]}}