{"id":536,"date":"2019-02-06T23:45:41","date_gmt":"2019-02-06T20:45:41","guid":{"rendered":"http:\/\/hortum.com.tr\/product\/import-placeholder-for-495\/"},"modified":"2024-03-21T17:45:43","modified_gmt":"2024-03-21T14:45:43","slug":"trelleborg-push-lock-hose-black","status":"publish","type":"product","link":"https:\/\/tuzlahortum.com.tr\/en\/product\/trelleborg-push-lock-hose-black\/","title":{"rendered":"Trelleborg PUSH-LOCK HOSE BLACK"},"content":{"rendered":"<h2>Trelleborg PUSH-LOCK HOSE BLACK<\/h2>\n<div>Automotive Industries<\/div>\n<div>It is ideally designed for hydraulic pneumatic low pressure lines used in the robotics and automotive industries.<\/div>\n<div>It is used with easy-to-fit connection hardware at a maximum working pressure of 16 bar (250psi).<\/div>\n<div>Not suitable for intermittent pressure applications.<\/div>\n<div>Advantages<\/div>\n<div>*Delivered as 40, 80 and 100m on a wooden pulley.<\/div>\n<div>*Very good abrasion resistance.<\/div>\n<div>* It is flexible, light and easy to carry.<\/div>\n<div>*Does not contain silicone.<\/div>\n<div>technical description<\/div>\n<div>Inner tube: oil resistant NBR\/PVC, black, plain.<\/div>\n<div>Reinforcement: single textile braid.<\/div>\n<div>Coating : NBR\/PVC, black, smooth, resistant to abrasion, oil and aging.<\/div>\n<div>Temperature range :<\/div>\n<div>Weather : -20\u00b0C\/+110\u00b0C (peak +125\u00b0C).<\/div>\n<div>Water : 0\u00b0C\/+100\u00b0C (peak +110\u00b0C).<\/div>\n<div>Hydraulic oils : -20\u00b0C\/+70\u00b0C (peak +90\u00b0C).<\/div>\n<div>Water glycol : -20\u00b0C\/+70\u00b0C (peak +90\u00b0C).<\/div>\n<div>Electrical properties : non-conductive inner tube, R&gt;1012\u03a9\/m.<\/div>\n<div>Unions\/Fittings<\/div>\n<div>It is used with easy-to-fit connection hardware at a maximum working pressure of 16bar (250psi).<\/div>\n<div>Additional Information<\/div>\n<div>It is delivered as 40, 80 and 100m on a wooden pulley. 20m : delivered in PE coated coils on pallets.<\/div>\n<div>\n<div class=\"video video-fit mb\" style=\"padding-top:56.25%;\"><p><iframe loading=\"lazy\" title=\"Measurement Confusion (Inch, Finger, Haze, Millimeter)\" width=\"1020\" height=\"574\" src=\"https:\/\/www.youtube.com\/embed\/uKk6AG_AZls?feature=oembed\" frameborder=\"0\" allow=\"accelerometer; autoplay; clipboard-write; encrypted-media; gyroscope; picture-in-picture; web-share\" referrerpolicy=\"strict-origin-when-cross-origin\" allowfullscreen><\/iframe><\/p>\n<\/div>\n<div class=\"video video-fit mb\" style=\"padding-top:56.25%;\"><p>https:\/\/www.youtube.com\/watch?v=O8ZlzKEjfEQ%20<\/p>\n<\/div>\n<\/div>\n<p><img data-recalc-dims=\"1\" loading=\"lazy\" decoding=\"async\" class=\"alignnone size-medium wp-image-2557\" src=\"https:\/\/i0.wp.com\/hortum.com.tr\/wp-content\/uploads\/2019\/02\/PUSH-LOCK-HOSE-BLACK-1-800x130.png?resize=800%2C130\" alt=\"\" width=\"800\" height=\"130\" title=\"\" srcset=\"https:\/\/i0.wp.com\/tuzlahortum.com.tr\/wp-content\/uploads\/2019\/02\/PUSH-LOCK-HOSE-BLACK-1.png?resize=800%2C130&amp;ssl=1 800w, https:\/\/i0.wp.com\/tuzlahortum.com.tr\/wp-content\/uploads\/2019\/02\/PUSH-LOCK-HOSE-BLACK-1.png?resize=768%2C125&amp;ssl=1 768w, https:\/\/i0.wp.com\/tuzlahortum.com.tr\/wp-content\/uploads\/2019\/02\/PUSH-LOCK-HOSE-BLACK-1.png?resize=600%2C98&amp;ssl=1 600w, https:\/\/i0.wp.com\/tuzlahortum.com.tr\/wp-content\/uploads\/2019\/02\/PUSH-LOCK-HOSE-BLACK-1.png?w=923&amp;ssl=1 923w\" sizes=\"auto, (max-width: 800px) 100vw, 800px\" \/><\/p>","protected":false},"excerpt":{"rendered":"<p>Trelleborg PUSH-LOCK HOSE BLACK Otomotiv End\u00fcstrileri Robotik ve otomotiv end\u00fcstrilerinde kullan\u0131lan hidrolik pn\u00f6matik d\u00fc\u015f\u00fck bas\u0131n\u00e7l\u0131 hatlar i\u00e7in ideal\u00a0olarak tasarlanm\u0131\u015ft\u0131r. Maksimum 16 bar (250psi) \u00e7al\u0131\u015fma bas\u0131nc\u0131nda kolay tak\u0131l\u0131r ba\u011flant\u0131 donan\u0131mlar\u0131 ile kullan\u0131l\u0131r. Fas\u0131lal\u0131 bas\u0131n\u00e7 uygulamalar\u0131 i\u00e7in uygun de\u011fildir. Avantajlar *Bir ah\u015fap kasnak \u00fczerinde 40, 80 ve 100m olarak teslim edilir. *\u00c7ok iyi a\u015f\u0131nma dayan\u0131m\u0131. *Esnek, hafiftir [&#8230;]\n","protected":false},"featured_media":2668,"comment_status":"open","ping_status":"closed","template":"","meta":{"jetpack_post_was_ever_published":false},"product_brand":[],"product_cat":[174],"product_tag":[294,297,295,290,296],"class_list":{"0":"post-536","1":"product","2":"type-product","3":"status-publish","4":"has-post-thumbnail","6":"product_cat-araba-ve-otomobil-hortumlari","7":"product_tag-dayanikli","8":"product_tag-dusuk-basinc","9":"product_tag-endustri","10":"product_tag-hortum","11":"product_tag-otomotiv","13":"first","14":"instock","15":"taxable","16":"shipping-taxable","17":"product-type-variable"},"jetpack-related-posts":[],"jetpack_sharing_enabled":true,"jetpack_likes_enabled":true,"_links":{"self":[{"href":"https:\/\/tuzlahortum.com.tr\/en\/wp-json\/wp\/v2\/product\/536","targetHints":{"allow":["GET"]}}],"collection":[{"href":"https:\/\/tuzlahortum.com.tr\/en\/wp-json\/wp\/v2\/product"}],"about":[{"href":"https:\/\/tuzlahortum.com.tr\/en\/wp-json\/wp\/v2\/types\/product"}],"replies":[{"embeddable":true,"href":"https:\/\/tuzlahortum.com.tr\/en\/wp-json\/wp\/v2\/comments?post=536"}],"wp:featuredmedia":[{"embeddable":true,"href":"https:\/\/tuzlahortum.com.tr\/en\/wp-json\/wp\/v2\/media\/2668"}],"wp:attachment":[{"href":"https:\/\/tuzlahortum.com.tr\/en\/wp-json\/wp\/v2\/media?parent=536"}],"wp:term":[{"taxonomy":"product_brand","embeddable":true,"href":"https:\/\/tuzlahortum.com.tr\/en\/wp-json\/wp\/v2\/product_brand?post=536"},{"taxonomy":"product_cat","embeddable":true,"href":"https:\/\/tuzlahortum.com.tr\/en\/wp-json\/wp\/v2\/product_cat?post=536"},{"taxonomy":"product_tag","embeddable":true,"href":"https:\/\/tuzlahortum.com.tr\/en\/wp-json\/wp\/v2\/product_tag?post=536"}],"curies":[{"name":"wp","href":"https:\/\/api.w.org\/{rel}","templated":true}]}}