{"id":534,"date":"2019-02-06T23:45:40","date_gmt":"2019-02-06T20:45:40","guid":{"rendered":"http:\/\/hortum.com.tr\/product\/import-placeholder-for-435\/"},"modified":"2024-03-21T17:45:45","modified_gmt":"2024-03-21T14:45:45","slug":"amerikan-hortum-rekoru","status":"publish","type":"product","link":"https:\/\/tuzlahortum.com.tr\/en\/product\/amerikan-hortum-rekoru\/","title":{"rendered":"American Hose Record"},"content":{"rendered":"<h2>American Hose Record<\/h2>","protected":false},"excerpt":{"rendered":"<p>American Hose Record<\/p>","protected":false},"featured_media":3023,"comment_status":"open","ping_status":"closed","template":"","meta":[],"product_brand":[],"product_cat":[125],"product_tag":[289,291,290,252,256,254],"class_list":{"0":"post-534","1":"product","2":"type-product","3":"status-publish","4":"has-post-thumbnail","6":"product_cat-amerikan-tip-yangin-rekorlari","7":"product_tag-amerikan","8":"product_tag-amerikan-hortum-rekor","9":"product_tag-hortum","10":"product_tag-rekor","11":"product_tag-yangin","12":"product_tag-yangin-rekoru","14":"first","15":"instock","16":"taxable","17":"shipping-taxable","18":"product-type-variable"},"jetpack-related-posts":[{"id":597,"url":"https:\/\/tuzlahortum.com.tr\/en\/product\/galvaniz-demir-hortum-rekoru\/","url_meta":{"origin":534,"position":0},"title":"Galvanized Iron Hose Coupling","author":"admin","date":"6 February 2019","format":false,"excerpt":"Galvaniz Demir Hortum Rekoru \u00dcr\u00fcn \u00d6l\u00e7\u00fcs\u00fc Koli Adeti 1\/2\" 100 3\/4\" 80 1\" 100 1\u00bc\" 60 1\u00bd\" 40 2\" 40 2\u00bd\" 25 3\" 24 4\" 24 5\" 6 6\" 5 8\" 10\"","rel":"","context":"Similar post","block_context":{"text":"Similar post","link":""},"img":{"alt_text":"","src":"https:\/\/i0.wp.com\/tuzlahortum.com.tr\/wp-content\/uploads\/2019\/02\/Galvaniz-Demir-Hortum-Rekoru-300x300.jpg?fit=300%2C300&ssl=1&resize=350%2C200","width":350,"height":200},"classes":[]},{"id":13078,"url":"https:\/\/tuzlahortum.com.tr\/en\/product\/1-x-25-mm-akaryakit-hortum-rekoru\/","url_meta":{"origin":534,"position":1},"title":"Fuel Hose Fitting 1 Inch x 25 mm","author":"admin","date":"16 March 2024","format":false,"excerpt":"Akaryak\u0131t Hortum Rekoru 1 Inch x 25 mm Akaryak\u0131t Hortum Rekoru 1\" BSP x 25 mm \u00f6l\u00e7\u00fclerinde ba\u011flant\u0131. Yeniden kullan\u0131labilir akaryak\u0131t hortumu seti. NBR O-Halka ile sa\u011flanm\u0131\u015f s\u0131zd\u0131rmazl\u0131k \u00f6zelli\u011fi, krom kapl\u0131. Kaliteli ve dayan\u0131kl\u0131 malzemelerle \u00fcretilmi\u015f olan \u00fcr\u00fcnlerimiz, g\u00fcvenilirlik ve uzun \u00f6m\u00fcr i\u00e7in tasarlanm\u0131\u015ft\u0131r.\"","rel":"","context":"Similar post","block_context":{"text":"Similar post","link":""},"img":{"alt_text":"","src":"https:\/\/i0.wp.com\/tuzlahortum.com.tr\/wp-content\/uploads\/2024\/03\/Akaryakit_Hortum_Rekoru-1x25_2.jpg?fit=1200%2C1200&ssl=1&resize=350%2C200","width":350,"height":200,"srcset":"https:\/\/i0.wp.com\/tuzlahortum.com.tr\/wp-content\/uploads\/2024\/03\/Akaryakit_Hortum_Rekoru-1x25_2.jpg?fit=1200%2C1200&ssl=1&resize=350%2C200 1x, https:\/\/i0.wp.com\/tuzlahortum.com.tr\/wp-content\/uploads\/2024\/03\/Akaryakit_Hortum_Rekoru-1x25_2.jpg?fit=1200%2C1200&ssl=1&resize=525%2C300 1.5x, https:\/\/i0.wp.com\/tuzlahortum.com.tr\/wp-content\/uploads\/2024\/03\/Akaryakit_Hortum_Rekoru-1x25_2.jpg?fit=1200%2C1200&ssl=1&resize=700%2C400 2x, https:\/\/i0.wp.com\/tuzlahortum.com.tr\/wp-content\/uploads\/2024\/03\/Akaryakit_Hortum_Rekoru-1x25_2.jpg?fit=1200%2C1200&ssl=1&resize=1050%2C600 3x"},"classes":[]},{"id":13076,"url":"https:\/\/tuzlahortum.com.tr\/en\/product\/3-4-x-16-mm-akaryakit-hortum-rekoru\/","url_meta":{"origin":534,"position":2},"title":"Fuel Hose Fitting 3\/4 x 16 mm","author":"admin","date":"16 March 2024","format":false,"excerpt":"Akaryak\u0131t Hortum Rekoru 3\/4 x 16 mm 3\/4\" BSP x 16 mm \u00f6l\u00e7\u00fclerinde ba\u011flant\u0131. Yeniden kullan\u0131labilir akaryak\u0131t hortumu seti. NBR O-Halka ile sa\u011flanm\u0131\u015f s\u0131zd\u0131rmazl\u0131k \u00f6zelli\u011fi, krom kapl\u0131. Kaliteli ve dayan\u0131kl\u0131 malzemelerle \u00fcretilmi\u015f olan \u00fcr\u00fcnlerimiz, g\u00fcvenilirlik ve uzun \u00f6m\u00fcr i\u00e7in tasarlanm\u0131\u015ft\u0131r.\"","rel":"","context":"Similar post","block_context":{"text":"Similar post","link":""},"img":{"alt_text":"","src":"https:\/\/i0.wp.com\/tuzlahortum.com.tr\/wp-content\/uploads\/2024\/03\/Akaryakit_Hortum_Rekoru-3-4x16_2.jpg?fit=1200%2C1200&ssl=1&resize=350%2C200","width":350,"height":200,"srcset":"https:\/\/i0.wp.com\/tuzlahortum.com.tr\/wp-content\/uploads\/2024\/03\/Akaryakit_Hortum_Rekoru-3-4x16_2.jpg?fit=1200%2C1200&ssl=1&resize=350%2C200 1x, https:\/\/i0.wp.com\/tuzlahortum.com.tr\/wp-content\/uploads\/2024\/03\/Akaryakit_Hortum_Rekoru-3-4x16_2.jpg?fit=1200%2C1200&ssl=1&resize=525%2C300 1.5x, https:\/\/i0.wp.com\/tuzlahortum.com.tr\/wp-content\/uploads\/2024\/03\/Akaryakit_Hortum_Rekoru-3-4x16_2.jpg?fit=1200%2C1200&ssl=1&resize=700%2C400 2x, https:\/\/i0.wp.com\/tuzlahortum.com.tr\/wp-content\/uploads\/2024\/03\/Akaryakit_Hortum_Rekoru-3-4x16_2.jpg?fit=1200%2C1200&ssl=1&resize=1050%2C600 3x"},"classes":[]},{"id":13077,"url":"https:\/\/tuzlahortum.com.tr\/en\/product\/3-4-x-19-mm-akaryakit-hortum-rekoru\/","url_meta":{"origin":534,"position":3},"title":"Fuel Hose Fitting 3\/4 x 19 mm","author":"admin","date":"16 March 2024","format":false,"excerpt":"Akaryak\u0131t Hortum Rekoru 3\/4 x 19 mm 3\/4\" BSP x 19 mm \u00f6l\u00e7\u00fclerinde ba\u011flant\u0131. Yeniden kullan\u0131labilir akaryak\u0131t hortumu seti. NBR O-Halka ile sa\u011flanm\u0131\u015f s\u0131zd\u0131rmazl\u0131k \u00f6zelli\u011fi, krom kapl\u0131. Kaliteli ve dayan\u0131kl\u0131 malzemelerle \u00fcretilmi\u015f olan \u00fcr\u00fcnlerimiz, g\u00fcvenilirlik ve uzun \u00f6m\u00fcr i\u00e7in tasarlanm\u0131\u015ft\u0131r.\"","rel":"","context":"Similar post","block_context":{"text":"Similar post","link":""},"img":{"alt_text":"","src":"https:\/\/i0.wp.com\/tuzlahortum.com.tr\/wp-content\/uploads\/2024\/03\/Akaryakit_Hortum_Rekoru-3-4x19_1.jpg?fit=1200%2C1200&ssl=1&resize=350%2C200","width":350,"height":200,"srcset":"https:\/\/i0.wp.com\/tuzlahortum.com.tr\/wp-content\/uploads\/2024\/03\/Akaryakit_Hortum_Rekoru-3-4x19_1.jpg?fit=1200%2C1200&ssl=1&resize=350%2C200 1x, https:\/\/i0.wp.com\/tuzlahortum.com.tr\/wp-content\/uploads\/2024\/03\/Akaryakit_Hortum_Rekoru-3-4x19_1.jpg?fit=1200%2C1200&ssl=1&resize=525%2C300 1.5x, https:\/\/i0.wp.com\/tuzlahortum.com.tr\/wp-content\/uploads\/2024\/03\/Akaryakit_Hortum_Rekoru-3-4x19_1.jpg?fit=1200%2C1200&ssl=1&resize=700%2C400 2x, https:\/\/i0.wp.com\/tuzlahortum.com.tr\/wp-content\/uploads\/2024\/03\/Akaryakit_Hortum_Rekoru-3-4x19_1.jpg?fit=1200%2C1200&ssl=1&resize=1050%2C600 3x"},"classes":[]},{"id":7222,"url":"https:\/\/tuzlahortum.com.tr\/en\/product\/hava-jak-cesitleri-hortumgovde-uc\/","url_meta":{"origin":534,"position":4},"title":"Air Jack Types (Hose, Body-End)","author":"\u0130smail \u00c7elik","date":"8 March 2019","format":false,"excerpt":"Air Jack Types (Hose, Body-End)PN25 Series Pneumatic Automatic Connectors can be disassembled and assembled with one hand under pressure. PN25 series springs are chrome nickel.  Pn25 Series Pneumatic Automatic Connectors are used safely in compressed air lines in all industries thanks to their robust and durable structures, high air flow capacities and ease of use. Compatibility Rectus 26 (European Standard)...","rel":"","context":"Similar post","block_context":{"text":"Similar post","link":""},"img":{"alt_text":"","src":"https:\/\/i0.wp.com\/tuzlahortum.com.tr\/wp-content\/uploads\/2019\/03\/hava-jak-%C3%A7e%C5%9Fitleri.jpg?fit=502%2C570&ssl=1&resize=350%2C200","width":350,"height":200},"classes":[]},{"id":8095,"url":"https:\/\/tuzlahortum.com.tr\/en\/product\/trelleborg-chemikler-upe\/","url_meta":{"origin":534,"position":5},"title":"Trelleborg CHEMIKLER-UPE","author":"\u0130smail \u00c7elik","date":"14 March 2019","format":false,"excerpt":"Trelleborg CHEMIKLER-UPEKimyasal ve korozif \u00fcr\u00fcnler\/Transfer G\u00fc\u00e7l\u00fc asitler, y\u00fcksek aroma i\u00e7eri\u011fine sahip solventler, klorlanm\u0131\u015f veya oksijenlenmi\u015f solventler, aromatik hidrokarbonlar, vs. gibi korozif kimyasallar\u0131n t\u00fcm\u00fcn\u00fcn \u00e7ekilmesi ve tahliyesi. Karayolu ve demiryolu tankerleri, bo\u015faltma alanlar\u0131n\u0131n yan\u0131 s\u0131ra kimya tesisleri ve ilgili end\u00fcstrilerde kullan\u0131lan mobil ve sabit donan\u0131mlar i\u00e7indir. Avantajlar Geni\u015fi \u00e7e\u015fitlilikte kimyasallara uygun\u2026","rel":"","context":"Similar post","block_context":{"text":"Similar post","link":""},"img":{"alt_text":"","src":"https:\/\/i0.wp.com\/tuzlahortum.com.tr\/wp-content\/uploads\/2019\/02\/CHEMIKLER-UPE.jpg?fit=800%2C800&ssl=1&resize=350%2C200","width":350,"height":200,"srcset":"https:\/\/i0.wp.com\/tuzlahortum.com.tr\/wp-content\/uploads\/2019\/02\/CHEMIKLER-UPE.jpg?fit=800%2C800&ssl=1&resize=350%2C200 1x, https:\/\/i0.wp.com\/tuzlahortum.com.tr\/wp-content\/uploads\/2019\/02\/CHEMIKLER-UPE.jpg?fit=800%2C800&ssl=1&resize=525%2C300 1.5x, https:\/\/i0.wp.com\/tuzlahortum.com.tr\/wp-content\/uploads\/2019\/02\/CHEMIKLER-UPE.jpg?fit=800%2C800&ssl=1&resize=700%2C400 2x"},"classes":[]}],"jetpack_sharing_enabled":true,"jetpack_likes_enabled":true,"_links":{"self":[{"href":"https:\/\/tuzlahortum.com.tr\/en\/wp-json\/wp\/v2\/product\/534","targetHints":{"allow":["GET"]}}],"collection":[{"href":"https:\/\/tuzlahortum.com.tr\/en\/wp-json\/wp\/v2\/product"}],"about":[{"href":"https:\/\/tuzlahortum.com.tr\/en\/wp-json\/wp\/v2\/types\/product"}],"replies":[{"embeddable":true,"href":"https:\/\/tuzlahortum.com.tr\/en\/wp-json\/wp\/v2\/comments?post=534"}],"wp:featuredmedia":[{"embeddable":true,"href":"https:\/\/tuzlahortum.com.tr\/en\/wp-json\/wp\/v2\/media\/3023"}],"wp:attachment":[{"href":"https:\/\/tuzlahortum.com.tr\/en\/wp-json\/wp\/v2\/media?parent=534"}],"wp:term":[{"taxonomy":"product_brand","embeddable":true,"href":"https:\/\/tuzlahortum.com.tr\/en\/wp-json\/wp\/v2\/product_brand?post=534"},{"taxonomy":"product_cat","embeddable":true,"href":"https:\/\/tuzlahortum.com.tr\/en\/wp-json\/wp\/v2\/product_cat?post=534"},{"taxonomy":"product_tag","embeddable":true,"href":"https:\/\/tuzlahortum.com.tr\/en\/wp-json\/wp\/v2\/product_tag?post=534"}],"curies":[{"name":"wp","href":"https:\/\/api.w.org\/{rel}","templated":true}]}}