{"id":5256,"date":"2019-02-27T10:06:05","date_gmt":"2019-02-27T07:06:05","guid":{"rendered":"http:\/\/hortum.com.tr\/?post_type=product&#038;p=5256"},"modified":"2024-03-21T17:39:05","modified_gmt":"2024-03-21T14:39:05","slug":"telli-karbon-ufleme-hortumu","status":"publish","type":"product","link":"https:\/\/tuzlahortum.com.tr\/en\/product\/telli-karbon-ufleme-hortumu\/","title":{"rendered":"Wired Carbon Blow Hose"},"content":{"rendered":"<h2>Wired Carbon Blow Hose<\/h2>\n<div>AREAS OF USAGE: Special hoses used for suction and discharge of abrasive powders and coal dust in Iron and Steel Factories.<\/div>\n<div>\n<p>10 BAR<\/p>\n<p>-30\u00b0C+85\u00b0C<\/p>\n<\/div>\n<div class=\"video video-fit mb\" style=\"padding-top:56.25%;\"><p><iframe loading=\"lazy\" title=\"Measurement Confusion (Inch, Finger, Haze, Millimeter)\" width=\"1020\" height=\"574\" src=\"https:\/\/www.youtube.com\/embed\/uKk6AG_AZls?feature=oembed\" frameborder=\"0\" allow=\"accelerometer; autoplay; clipboard-write; encrypted-media; gyroscope; picture-in-picture; web-share\" referrerpolicy=\"strict-origin-when-cross-origin\" allowfullscreen><\/iframe><\/p>\n<\/div>","protected":false},"excerpt":{"rendered":"<p>Wire Carbon Blowing Hose AREAS OF USAGE : Special hoses used for suction and discharge of abrasive material powders and coal dust in Iron and Steel Factories. 10 BAR -30\u00b0C+85\u00b0C<\/p>","protected":false},"featured_media":1683,"comment_status":"open","ping_status":"closed","template":"","meta":{"jetpack_post_was_ever_published":false},"product_brand":[],"product_cat":[162],"product_tag":[620,307,2161,1119,2160,937,938,2301],"class_list":{"0":"post-5256","1":"product","2":"type-product","3":"status-publish","4":"has-post-thumbnail","6":"product_cat-kumlama-hortumlari","7":"product_tag-asindirici","8":"product_tag-asinmaya-dayanikli-hortum","9":"product_tag-bosaltim","10":"product_tag-emis","11":"product_tag-komur-tozu","12":"product_tag-kumlama-hortumu","13":"product_tag-raspa-hortumu","14":"product_tag-telli-karbon-ufleme-hortumu","16":"first","17":"instock","18":"featured","19":"taxable","20":"shipping-taxable","21":"product-type-variable"},"jetpack-related-posts":[{"id":21704,"url":"https:\/\/tuzlahortum.com.tr\/en\/product\/carbon\/","url_meta":{"origin":5256,"position":0},"title":"CARBON","author":"admin","date":"11 August 2025","format":false,"excerpt":"\u00a0 \u00dcr\u00fcn Ad\u0131: CARBON \u00dcr\u00fcn Kodu: CBH701 Karbon \u00dcfleme Hortumu Kullanim Alan\u0131 : \u00c7elik fabrikalar\u0131nda ve d\u00f6k\u00fcmhanelerde karbon \u00fcfleyici uygulamalar\u0131 i\u00e7in. Alt Katman : A\u015f\u0131nmaya Dayan\u0131kl\u0131, Antistatik Do\u011fal Kau\u00e7uk (NR). Takviye Katman\u0131 : Y\u00fcksek Mukavemetli Sentetik Tekstil ve Antistatik Bak\u0131r Tel. \u00dcst Katman : A\u015f\u0131nmaya, ozona ve hava ko\u015fullar\u0131na dayan\u0131kl\u0131,\u2026","rel":"","context":"Similar post","block_context":{"text":"Similar post","link":""},"img":{"alt_text":"","src":"https:\/\/i0.wp.com\/tuzlahortum.com.tr\/wp-content\/uploads\/2025\/08\/carbon-p.png?fit=540%2C540&ssl=1&resize=350%2C200","width":350,"height":200,"srcset":"https:\/\/i0.wp.com\/tuzlahortum.com.tr\/wp-content\/uploads\/2025\/08\/carbon-p.png?fit=540%2C540&ssl=1&resize=350%2C200 1x, https:\/\/i0.wp.com\/tuzlahortum.com.tr\/wp-content\/uploads\/2025\/08\/carbon-p.png?fit=540%2C540&ssl=1&resize=525%2C300 1.5x"},"classes":[]},{"id":930,"url":"https:\/\/tuzlahortum.com.tr\/en\/product\/telli-seffaf-hortumlar\/","url_meta":{"origin":5256,"position":1},"title":"Wire Transparent Hoses","author":"admin","date":"6 February 2019","format":false,"excerpt":"Telli \u015eeffaf Hortumlar\u00d6zellikler : \u2022 Emici ve verici olarak kullan\u0131labilir \u2022 Maksimum esneklik ve k\u0131r\u0131lmaya kar\u015f\u0131 son derece dayan\u0131kl\u0131d\u0131r. \u2022 -20\u00b0C and +65\u00b0C Dura\u011fan Halde \u2022 -5\u00b0C and +43\u00b0C Hareketli Halde\u00a0 Kullan\u0131m Alanlar\u0131 : \u2022 Hert\u00fcrl\u00fc s\u0131v\u0131 g\u0131da transferinde emme ve tahliye i\u015flerinde, emi\u015f pompalar\u0131nda, g\u0131da ve tar\u0131m sanayinde vb.\u2026","rel":"","context":"Similar post","block_context":{"text":"Similar post","link":""},"img":{"alt_text":"Telli \u015eeffaf Hortumlar","src":"https:\/\/i0.wp.com\/tuzlahortum.com.tr\/wp-content\/uploads\/2019\/02\/pvcflex.jpg?fit=510%2C433&ssl=1&resize=350%2C200","width":350,"height":200},"classes":[]},{"id":12156,"url":"https:\/\/tuzlahortum.com.tr\/en\/product\/telli-seffaf-hortumlar-kopya\/","url_meta":{"origin":5256,"position":2},"title":"Wire Transparent Hose Olive Oil","author":"\u0130smail \u00c7elik","date":"7 October 2020","format":false,"excerpt":"Telli \u015eeffaf Hortum Zeytinya\u011f\u0131G\u0131da s\u0131v\u0131lar\u0131n\u0131n ve bitkisel ya\u011flar\u0131n\u0131n emilmesi ve iletilmesi i\u00e7in\u00a0 \u00e7elik telli spiralli PU hortum. Avrupa Birli\u011fi EU 10\/2011 A B C\u00a0 D2\u00a0 Normlar\u0131na uygun\u00a0 ve bitkisel ya\u011flar\u0131n, End\u00fcstriyel ya\u011flar\u0131n emilmesi ve iletilmesi kullan\u0131l\u0131r ve kokusuzdur. Hafif kimyasallar\u0131n transferlerinde kullan\u0131ma uygundur.","rel":"","context":"Similar post","block_context":{"text":"Similar post","link":""},"img":{"alt_text":"","src":"https:\/\/i0.wp.com\/tuzlahortum.com.tr\/wp-content\/uploads\/2020\/10\/TELLI-SEFFAF-ZEYTINYAGI-HORTUMU-5.jpeg?fit=1200%2C900&ssl=1&resize=350%2C200","width":350,"height":200,"srcset":"https:\/\/i0.wp.com\/tuzlahortum.com.tr\/wp-content\/uploads\/2020\/10\/TELLI-SEFFAF-ZEYTINYAGI-HORTUMU-5.jpeg?fit=1200%2C900&ssl=1&resize=350%2C200 1x, https:\/\/i0.wp.com\/tuzlahortum.com.tr\/wp-content\/uploads\/2020\/10\/TELLI-SEFFAF-ZEYTINYAGI-HORTUMU-5.jpeg?fit=1200%2C900&ssl=1&resize=525%2C300 1.5x, https:\/\/i0.wp.com\/tuzlahortum.com.tr\/wp-content\/uploads\/2020\/10\/TELLI-SEFFAF-ZEYTINYAGI-HORTUMU-5.jpeg?fit=1200%2C900&ssl=1&resize=700%2C400 2x, https:\/\/i0.wp.com\/tuzlahortum.com.tr\/wp-content\/uploads\/2020\/10\/TELLI-SEFFAF-ZEYTINYAGI-HORTUMU-5.jpeg?fit=1200%2C900&ssl=1&resize=1050%2C600 3x"},"classes":[]},{"id":828,"url":"https:\/\/tuzlahortum.com.tr\/en\/product\/te-tipi-gri-toz-emis-hortumu-standart\/","url_meta":{"origin":5256,"position":3},"title":"TE Type Gray Dust Suction Hose (STANDARD)","author":"admin","date":"6 February 2019","format":false,"excerpt":"TE Tipi Gri Toz Emi\u015f Hortumu (STANDART)\u00d6zellikler Verici olarak kullan\u0131labilir. Esnek \u015feffaf PVC, y\u00fcksek mukavemetli, k\u0131r\u0131lmaya kar\u015f\u0131 maksimum dayan\u0131kl\u0131 sert PVC takviyesiyle \u00fcretilmektedir. \u0130\u00e7 y\u00fczey d\u00fcz, d\u0131\u015f y\u00fczey bo\u011fumludur. \u00c7al\u0131\u015fma S\u0131cakl\u0131\u011f\u0131 -5\u00b0C ile +60\u00b0C aras\u0131 Kullan\u0131m Alanlar\u0131 Her t\u00fcrl\u00fc hava, duman, gaz, tala\u015f vb. emme i\u015flerinde \u00f6zellikle tekstil ve mobilya\u2026","rel":"","context":"Similar post","block_context":{"text":"Similar post","link":""},"img":{"alt_text":"","src":"https:\/\/i0.wp.com\/tuzlahortum.com.tr\/wp-content\/uploads\/urunler\/plastik\/19.jpg?fit=588%2C373&ssl=1&resize=350%2C200","width":350,"height":200,"srcset":"https:\/\/i0.wp.com\/tuzlahortum.com.tr\/wp-content\/uploads\/urunler\/plastik\/19.jpg?fit=588%2C373&ssl=1&resize=350%2C200 1x, https:\/\/i0.wp.com\/tuzlahortum.com.tr\/wp-content\/uploads\/urunler\/plastik\/19.jpg?fit=588%2C373&ssl=1&resize=525%2C300 1.5x"},"classes":[]},{"id":21309,"url":"https:\/\/tuzlahortum.com.tr\/en\/product\/mars\/","url_meta":{"origin":5256,"position":4},"title":"MARS","author":"admin","date":"11 August 2025","format":false,"excerpt":"\u00a0 \u00dcr\u00fcn Ad\u0131: MARS \u00dcr\u00fcn Kodu: ADS240 Hava ve Toz Emme Kullanim Alan\u0131 : Hava, toz, tah\u0131l, toz madde vb. emi\u015f ve transferi i\u00e7in. Alt Katman : Do\u011fal ve Sentetik Kau\u00e7uk. Takviye Katman\u0131 : Sentetik Tekstil ve \u00c7elik Tel Spiral \u00dcst Katman : A\u015f\u0131nma, Ozon, Is\u0131 ve Hava Ko\u015fullar\u0131na Dayan\u0131kl\u0131\u2026","rel":"","context":"Similar post","block_context":{"text":"Similar post","link":""},"img":{"alt_text":"","src":"https:\/\/i0.wp.com\/tuzlahortum.com.tr\/wp-content\/uploads\/2025\/08\/mars-p.png?fit=539%2C539&ssl=1&resize=350%2C200","width":350,"height":200,"srcset":"https:\/\/i0.wp.com\/tuzlahortum.com.tr\/wp-content\/uploads\/2025\/08\/mars-p.png?fit=539%2C539&ssl=1&resize=350%2C200 1x, https:\/\/i0.wp.com\/tuzlahortum.com.tr\/wp-content\/uploads\/2025\/08\/mars-p.png?fit=539%2C539&ssl=1&resize=525%2C300 1.5x"},"classes":[]},{"id":866,"url":"https:\/\/tuzlahortum.com.tr\/en\/product\/te-tipi-gri-toz-emis-hortumu-orta-hizmet\/","url_meta":{"origin":5256,"position":5},"title":"TE Type Gray Dust Suction Hose (MEDIUM DUTY)","author":"admin","date":"6 February 2019","format":false,"excerpt":"TE Tipi Gri Toz Emi\u015f Hortumu (ORTA H\u0130ZMET)\u00d6zellikler Verici olarak kullan\u0131labilir. Esnek \u015feffaf PVC, y\u00fcksek mukavemetli, k\u0131r\u0131lmaya kar\u015f\u0131 maksimum dayan\u0131kl\u0131 sert PVC takviyesiyle \u00fcretilmektedir. \u0130\u00e7 y\u00fczey d\u00fcz, d\u0131\u015f y\u00fczey bo\u011fumludur. \u00c7al\u0131\u015fma S\u0131cakl\u0131\u011f\u0131 -5\u00b0C ile +60\u00b0C aras\u0131 Kullan\u0131m Alanlar\u0131 Her t\u00fcrl\u00fc hava, duman, gaz, tala\u015f vb. emme i\u015flerinde \u00f6zellikle tekstil ve\u2026","rel":"","context":"Similar post","block_context":{"text":"Similar post","link":""},"img":{"alt_text":"","src":"https:\/\/i0.wp.com\/tuzlahortum.com.tr\/wp-content\/uploads\/urunler\/plastik\/19.jpg?fit=588%2C373&ssl=1&resize=350%2C200","width":350,"height":200,"srcset":"https:\/\/i0.wp.com\/tuzlahortum.com.tr\/wp-content\/uploads\/urunler\/plastik\/19.jpg?fit=588%2C373&ssl=1&resize=350%2C200 1x, https:\/\/i0.wp.com\/tuzlahortum.com.tr\/wp-content\/uploads\/urunler\/plastik\/19.jpg?fit=588%2C373&ssl=1&resize=525%2C300 1.5x"},"classes":[]}],"jetpack_sharing_enabled":true,"jetpack_likes_enabled":true,"_links":{"self":[{"href":"https:\/\/tuzlahortum.com.tr\/en\/wp-json\/wp\/v2\/product\/5256","targetHints":{"allow":["GET"]}}],"collection":[{"href":"https:\/\/tuzlahortum.com.tr\/en\/wp-json\/wp\/v2\/product"}],"about":[{"href":"https:\/\/tuzlahortum.com.tr\/en\/wp-json\/wp\/v2\/types\/product"}],"replies":[{"embeddable":true,"href":"https:\/\/tuzlahortum.com.tr\/en\/wp-json\/wp\/v2\/comments?post=5256"}],"wp:featuredmedia":[{"embeddable":true,"href":"https:\/\/tuzlahortum.com.tr\/en\/wp-json\/wp\/v2\/media\/1683"}],"wp:attachment":[{"href":"https:\/\/tuzlahortum.com.tr\/en\/wp-json\/wp\/v2\/media?parent=5256"}],"wp:term":[{"taxonomy":"product_brand","embeddable":true,"href":"https:\/\/tuzlahortum.com.tr\/en\/wp-json\/wp\/v2\/product_brand?post=5256"},{"taxonomy":"product_cat","embeddable":true,"href":"https:\/\/tuzlahortum.com.tr\/en\/wp-json\/wp\/v2\/product_cat?post=5256"},{"taxonomy":"product_tag","embeddable":true,"href":"https:\/\/tuzlahortum.com.tr\/en\/wp-json\/wp\/v2\/product_tag?post=5256"}],"curies":[{"name":"wp","href":"https:\/\/api.w.org\/{rel}","templated":true}]}}