{"id":525,"date":"2019-02-06T23:45:38","date_gmt":"2019-02-06T20:45:38","guid":{"rendered":"http:\/\/hortum.com.tr\/product\/import-placeholder-for-364\/"},"modified":"2024-03-21T17:45:52","modified_gmt":"2024-03-21T14:45:52","slug":"combiafs-heavy","status":"publish","type":"product","link":"https:\/\/tuzlahortum.com.tr\/en\/product\/combiafs-heavy\/","title":{"rendered":"COMBIAFS HEAVY"},"content":{"rendered":"<h2>COMBIAFS HEAVY<\/h2>\n<div>Flexible air ducts with high strength, strong design<\/div>\n<div>\n<h4>General features<\/h4>\n<div class=\"txt\"><span id=\"ctl00_ContentPlaceHolder1_lblTxt\">COMBIAFS-HEAVY aluminum &amp; PVC combination flexible air ducts with high strength and strong design is a multi-purpose flexible air duct specially designed for applications where welding fume evacuation and high mechanical strength are required. COMBIAFS-HEAVY is also extremely suitable and efficient for heating, cooling, ventilation and air conditioning systems. It is produced by tightly covering the aluminum flexible air ducts with a PVC jacket, which is produced by the reinforcement of multi-layer laminated aluminum and polyester material with high tensile spiral steel wire. COMBIAFS-HEAVY flexible air ducts are sealed. PVC jacket not only increases the mechanical strength but also has a moisture barrier feature. It has the feature of preventing condensation. COMBIAFS-HEAVY has extremely high flexibility, bending and compressibility. It is easy to assemble in oval, round and corner joints.<\/span> <span id=\"ctl00_ContentPlaceHolder1_lblTxt\">Dimensions, tolerances and mechanical strength properties of COMBIAFS-HEAVY flexible air ducts\u00a0<u><strong>EN 13180<\/strong><\/u>\u00a0It is tested, classified and certified according to the standard.<\/span><\/div>\n<h4>Features and Benefits<\/h4>\n<table class=\"table table-hover table-bordered\">\n<tbody>\n<tr>\n<th class=\"urunDetayth\">Wall<\/th>\n<td>3 layers Aluminum + 2 layers Polyester 1 layer PVC<\/td>\n<\/tr>\n<tr>\n<th class=\"urunDetayth\">Wall Thickness<\/th>\n<td>150 micron<\/td>\n<\/tr>\n<tr>\n<th class=\"urunDetayth\">Air Flow Rate<\/th>\n<td>30 m\/s (maximum)<\/td>\n<\/tr>\n<tr>\n<th class=\"urunDetayth\">Packaging<\/th>\n<td>single cardboard box<\/td>\n<\/tr>\n<\/tbody>\n<\/table>\n<div class=\"wrp clearfix\">\n<div><\/div>\n<div class=\"tripleContent\">\n<div class=\"video video-fit mb\" style=\"padding-top:56.25%;\"><p><iframe loading=\"lazy\" title=\"Measurement Confusion (Inch, Finger, Haze, Millimeter)\" width=\"1020\" height=\"574\" src=\"https:\/\/www.youtube.com\/embed\/uKk6AG_AZls?feature=oembed\" frameborder=\"0\" allow=\"accelerometer; autoplay; clipboard-write; encrypted-media; gyroscope; picture-in-picture; web-share\" referrerpolicy=\"strict-origin-when-cross-origin\" allowfullscreen><\/iframe><\/p>\n<\/div>\n<p>&nbsp;<\/p>\n<p><b>ALUMINUM LAMINATED CONSTRUCTION<\/b><\/p>\n<div class=\"txt\">\n<ul>\n<li>Does not pass UV rays<\/li>\n<li>High resistance to UV rays<\/li>\n<li>chemical resistance<\/li>\n<\/ul>\n<\/div>\n<\/div>\n<div class=\"tripleContent\">\n<p><b>FLEXIBLE and CONTINUOUS STRUCTURE<\/b><\/p>\n<div class=\"txt\">\n<ul>\n<li>Ease of storage<\/li>\n<li>Ease of transport<\/li>\n<li>Low labor costs<\/li>\n<li>air tightness<\/li>\n<li>Energy efficiency<\/li>\n<li>Low operating and maintenance costs<\/li>\n<\/ul>\n<\/div>\n<\/div>\n<div class=\"tripleContent\">\n<p><b>SMOOTH INSIDE WALL<\/b><\/p>\n<div class=\"txt\">\n<ul>\n<li>Low pressure loss<\/li>\n<li>Low operating expenses<\/li>\n<li>No particle retention<\/li>\n<\/ul>\n<\/div>\n<\/div>\n<\/div>\n<div class=\"wrp clearfix\">\n<div class=\"tripleContent\">\n<p><b>HIGH TENSILE STEEL WIRE<\/b><\/p>\n<div class=\"txt\">\n<ul>\n<li>High strength<\/li>\n<li>Not deformed<\/li>\n<li>Easy montage<\/li>\n<\/ul>\n<\/div>\n<\/div>\n<div class=\"tripleContent\">\n<p><b>PVC JACKET<\/b><\/p>\n<div class=\"txt\">\n<ul>\n<li>High resistance to tearing and impacts<\/li>\n<li>Special mechanical strength<\/li>\n<li>High resistance to UV rays<\/li>\n<li>chemical resistance<\/li>\n<\/ul>\n<\/div>\n<\/div>\n<\/div>\n<\/div>","protected":false},"excerpt":{"rendered":"<p>COMBIAFS HEAVY Y\u00fcksek mukavemetli, g\u00fc\u00e7l\u00fc dizayna sahip flexible hava kanallar\u0131 Genel \u00d6zellikler COMBIAFS-HEAVY al\u00fcminyum &amp; PVC kombinasyonlu y\u00fcksek\u00a0mukavemetli g\u00fc\u00e7l\u00fc dizayna sahip flexible hava kanallar\u0131 kaynak duman\u0131 tahliyesi ve y\u00fcksek mekanik mukavemet istenilen uygulamalar i\u00e7in \u00f6zel olarak dizayn edilmi\u015f, \u00e7ok ama\u00e7l\u0131 bir flexible hava kanal\u0131d\u0131r. COMBIAFS-HEAVY \u0131s\u0131tma, so\u011futma, havaland\u0131rma ve iklimlendirme sistemleri i\u00e7in de son derece [&#8230;]\n","protected":false},"featured_media":6957,"comment_status":"open","ping_status":"closed","template":"","meta":{"jetpack_post_was_ever_published":false},"product_brand":[],"product_cat":[134],"product_tag":[265,264,260,261,258,268,266,262,259,267,263],"class_list":{"0":"post-525","1":"product","2":"type-product","3":"status-publish","4":"has-post-thumbnail","6":"product_cat-aluminyum-ve-pvc-hava-kanali","7":"product_tag-bukulme","8":"product_tag-esneme","9":"product_tag-havalandirma-ve-iklimlendirme-sistemleri","10":"product_tag-helezon-celik","11":"product_tag-isitma","12":"product_tag-kimyasal-direnc","13":"product_tag-sikistirilabilme","14":"product_tag-sizdirmaz","15":"product_tag-sogutma","16":"product_tag-tasima-kolayligi","17":"product_tag-yogusmayi-engelleme","19":"first","20":"instock","21":"taxable","22":"shipping-taxable","23":"product-type-variable"},"jetpack-related-posts":[{"id":524,"url":"https:\/\/tuzlahortum.com.tr\/en\/product\/combiafs\/","url_meta":{"origin":525,"position":0},"title":"COMBIAFS","author":"admin","date":"6 February 2019","format":false,"excerpt":"COMBIAFSAl\u00fcminyum & PVC kombinasyonlu flexible hava kanallar\u0131 Genel \u00d6zellikler COMBIAFS al\u00fcminyum & PVC kombinasyonlu flexible hava kanallar\u0131 kaynak duman\u0131 tahliyesi ve y\u00fcksek mekanik mukavemet istenilen uygulamalar i\u00e7in \u00f6zel olarak dizayn edilmi\u015f, \u00e7ok ama\u00e7l\u0131 bir flexible hava kanal\u0131d\u0131r. COMBIAFS \u0131s\u0131tma, so\u011futma, havaland\u0131rma ve iklimlendirme sistemleri i\u00e7in de son derece uygun ve\u2026","rel":"","context":"Similar post","block_context":{"text":"Similar post","link":""},"img":{"alt_text":"","src":"https:\/\/i0.wp.com\/tuzlahortum.com.tr\/wp-content\/uploads\/2019\/03\/COMBIAFS.png?fit=800%2C800&ssl=1&resize=350%2C200","width":350,"height":200,"srcset":"https:\/\/i0.wp.com\/tuzlahortum.com.tr\/wp-content\/uploads\/2019\/03\/COMBIAFS.png?fit=800%2C800&ssl=1&resize=350%2C200 1x, https:\/\/i0.wp.com\/tuzlahortum.com.tr\/wp-content\/uploads\/2019\/03\/COMBIAFS.png?fit=800%2C800&ssl=1&resize=525%2C300 1.5x, https:\/\/i0.wp.com\/tuzlahortum.com.tr\/wp-content\/uploads\/2019\/03\/COMBIAFS.png?fit=800%2C800&ssl=1&resize=700%2C400 2x"},"classes":[]},{"id":854,"url":"https:\/\/tuzlahortum.com.tr\/en\/product\/pvcafs-heavy\/","url_meta":{"origin":525,"position":1},"title":"PVCAFS-HEAVY","author":"admin","date":"6 February 2019","format":false,"excerpt":"PVCAFS-HEAVY\u0130zolesiz, end\u00fcstriyel takviyeli PVC flexible hava kanallar\u0131 Genel \u00d6zellikler PVCAFS-HEAVY izolesiz end\u00fcstriyel takviyeli PVC flexible hava kanallar\u0131, d\u00fc\u015f\u00fck ve orta bas\u0131n\u00e7ta \u00e7al\u0131\u015fan \u0131s\u0131tma, so\u011futma, havaland\u0131rma, iklimlendirme, at\u0131k gaz ve toz aktarma sistemleri i\u00e7in \u00f6zel olarak dizayn edilmi\u015f, \u00e7ok ama\u00e7l\u0131 bir izolesiz (yal\u0131t\u0131ms\u0131z) flexible hava kanal\u0131d\u0131r. A\u015f\u0131r\u0131 titre\u015fimli ve\/veya s\u00fcrekli hareketlilik\u2026","rel":"","context":"Similar post","block_context":{"text":"Similar post","link":""},"img":{"alt_text":"","src":"https:\/\/i0.wp.com\/tuzlahortum.com.tr\/wp-content\/uploads\/2019\/03\/PVC-AFS-Heavy-.jpg?fit=800%2C800&ssl=1&resize=350%2C200","width":350,"height":200,"srcset":"https:\/\/i0.wp.com\/tuzlahortum.com.tr\/wp-content\/uploads\/2019\/03\/PVC-AFS-Heavy-.jpg?fit=800%2C800&ssl=1&resize=350%2C200 1x, https:\/\/i0.wp.com\/tuzlahortum.com.tr\/wp-content\/uploads\/2019\/03\/PVC-AFS-Heavy-.jpg?fit=800%2C800&ssl=1&resize=525%2C300 1.5x, https:\/\/i0.wp.com\/tuzlahortum.com.tr\/wp-content\/uploads\/2019\/03\/PVC-AFS-Heavy-.jpg?fit=800%2C800&ssl=1&resize=700%2C400 2x"},"classes":[]},{"id":583,"url":"https:\/\/tuzlahortum.com.tr\/en\/product\/isoafs-alu-forte-green\/","url_meta":{"origin":525,"position":2},"title":"ISOAFS-ALU FORTE GREEN","author":"admin","date":"6 February 2019","format":false,"excerpt":"ISOAFS-ALU FORTE GREENGreenguard Sertifikal\u0131 Is\u0131 \u0130zoleli Al\u00fcminyum Y\u00fcksek Mukavemetli Flexible Hava Kanallar\u0131 Tipler ISOAFS-ALU.F FORTE GREEN Genel \u00d6zellikler Flexible Kanal Konstr\u00fcksiyonu 3 kat Al\u00fcminyum + 2 kat Polyester Flexible Kanal Nominal Kal\u0131nl\u0131\u011f\u0131 70 mikron Ceket Kontr\u00fcksiyonu 1 kat Al\u00fcminyum + 2 kat Polyester Ceket Nominal Kal\u0131nl\u0131\u011f\u0131 45 mikron \u0130zolasyon -\u2026","rel":"","context":"Similar post","block_context":{"text":"Similar post","link":""},"img":{"alt_text":"","src":"https:\/\/i0.wp.com\/tuzlahortum.com.tr\/wp-content\/uploads\/2019\/03\/ISOAFS-ALU.70-FORTE-GREEN.png?fit=800%2C800&ssl=1&resize=350%2C200","width":350,"height":200,"srcset":"https:\/\/i0.wp.com\/tuzlahortum.com.tr\/wp-content\/uploads\/2019\/03\/ISOAFS-ALU.70-FORTE-GREEN.png?fit=800%2C800&ssl=1&resize=350%2C200 1x, https:\/\/i0.wp.com\/tuzlahortum.com.tr\/wp-content\/uploads\/2019\/03\/ISOAFS-ALU.70-FORTE-GREEN.png?fit=800%2C800&ssl=1&resize=525%2C300 1.5x, https:\/\/i0.wp.com\/tuzlahortum.com.tr\/wp-content\/uploads\/2019\/03\/ISOAFS-ALU.70-FORTE-GREEN.png?fit=800%2C800&ssl=1&resize=700%2C400 2x"},"classes":[]},{"id":8675,"url":"https:\/\/tuzlahortum.com.tr\/en\/product\/sonoafs-alu-70b\/","url_meta":{"origin":525,"position":3},"title":"SONOAFS-ALU.70B (PE JACKET)","author":"\u0130smail \u00c7elik","date":"22 March 2019","format":false,"excerpt":"SONOAFS-ALU.70B (PE CEKET) Du\u0308\u015fu\u0308k ve orta bas\u0131n\u00e7ta \u00e7al\u0131\u015fan havaland\u0131rma ve iklimlendirme sistemlerine uygun Is\u0131 ve ses yal\u0131t\u0131ml\u0131 (izoleli) Formaldehit i\u00e7ermeyen cam y\u00fcn\u00fc ile izoleli flexible hava kanal\u0131 Flexible Kanal Konstr\u00fcksiyonu [3 kat Al\u00fcminyum + 2 kat Polyester] (Perfore) \/ Bariyer Flexible Kanal Nominal Kal\u0131nl\u0131\u011f\u0131 70 mikron Ceket Kontr\u00fcksiyonu 1 kat\u2026","rel":"","context":"Similar post","block_context":{"text":"Similar post","link":""},"img":{"alt_text":"","src":"https:\/\/i0.wp.com\/tuzlahortum.com.tr\/wp-content\/uploads\/2019\/03\/SONOAFS-ALU.70B-PE-CEKET.png?fit=800%2C800&ssl=1&resize=350%2C200","width":350,"height":200,"srcset":"https:\/\/i0.wp.com\/tuzlahortum.com.tr\/wp-content\/uploads\/2019\/03\/SONOAFS-ALU.70B-PE-CEKET.png?fit=800%2C800&ssl=1&resize=350%2C200 1x, https:\/\/i0.wp.com\/tuzlahortum.com.tr\/wp-content\/uploads\/2019\/03\/SONOAFS-ALU.70B-PE-CEKET.png?fit=800%2C800&ssl=1&resize=525%2C300 1.5x, https:\/\/i0.wp.com\/tuzlahortum.com.tr\/wp-content\/uploads\/2019\/03\/SONOAFS-ALU.70B-PE-CEKET.png?fit=800%2C800&ssl=1&resize=700%2C400 2x"},"classes":[]},{"id":590,"url":"https:\/\/tuzlahortum.com.tr\/en\/product\/isoafs-alu-green\/","url_meta":{"origin":525,"position":4},"title":"ISOAFS-ALU GREEN","author":"admin","date":"6 February 2019","format":false,"excerpt":"ISOAFS-ALU GREENGreenguard Sertifikal\u0131 Is\u0131 \u0130zoleli Al\u00fcminyum Flexible Hava Kanallar\u0131 Tipler ISOAFS-ALU.70 GREEN ISOAFS-ALU F GREEN Genel \u00d6zellikler Flexible Kanal Konstr\u00fcksiyonu 3 kat Al\u00fcminyum + 1 kat Polyester Flexible Kanal Nominal Kal\u0131nl\u0131\u011f\u0131 74 mikron Ceket Kontr\u00fcksiyonu 1 kat Al\u00fcminyum + 2 kat Polyester Ceket Nominal Kal\u0131nl\u0131\u011f\u0131 45 mikron \u0130zolasyon - Kal\u0131nl\u0131k\u2026","rel":"","context":"Similar post","block_context":{"text":"Similar post","link":""},"img":{"alt_text":"","src":"https:\/\/i0.wp.com\/tuzlahortum.com.tr\/wp-content\/uploads\/2019\/03\/ISOAFS-ALU.70-GREEN.png?fit=800%2C800&ssl=1&resize=350%2C200","width":350,"height":200,"srcset":"https:\/\/i0.wp.com\/tuzlahortum.com.tr\/wp-content\/uploads\/2019\/03\/ISOAFS-ALU.70-GREEN.png?fit=800%2C800&ssl=1&resize=350%2C200 1x, https:\/\/i0.wp.com\/tuzlahortum.com.tr\/wp-content\/uploads\/2019\/03\/ISOAFS-ALU.70-GREEN.png?fit=800%2C800&ssl=1&resize=525%2C300 1.5x, https:\/\/i0.wp.com\/tuzlahortum.com.tr\/wp-content\/uploads\/2019\/03\/ISOAFS-ALU.70-GREEN.png?fit=800%2C800&ssl=1&resize=700%2C400 2x"},"classes":[]},{"id":585,"url":"https:\/\/tuzlahortum.com.tr\/en\/product\/sonoafs-alu-green\/","url_meta":{"origin":525,"position":5},"title":"SONOAFS-ALU GREEN","author":"admin","date":"6 February 2019","format":false,"excerpt":"SONOAFS-ALU GREENGreenguard Sertifikal\u0131 Is\u0131 ve Ses \u0130zoleli Al\u00fcminyum Flexible Hava Kanallar\u0131 Flexible Kanal Konstr\u00fcksiyonu [3 kat Al\u00fcminyum + 2 kat Polyester] (Perfore) \/ Bariyer Flexible Kanal Nominal Kal\u0131nl\u0131\u011f\u0131 70 mikron Ceket Kontr\u00fcksiyonu 1 kat Al\u00fcminyum + 2 kat Polyester Ceket Nominal Kal\u0131nl\u0131\u011f\u0131 45 mikron \u0130zolasyon - Kal\u0131nl\u0131k - Yo\u011funluk Cam\u2026","rel":"","context":"Similar post","block_context":{"text":"Similar post","link":""},"img":{"alt_text":"","src":"https:\/\/i0.wp.com\/tuzlahortum.com.tr\/wp-content\/uploads\/2019\/03\/SONOAFS-ALU.70B-GREEN.png?fit=800%2C800&ssl=1&resize=350%2C200","width":350,"height":200,"srcset":"https:\/\/i0.wp.com\/tuzlahortum.com.tr\/wp-content\/uploads\/2019\/03\/SONOAFS-ALU.70B-GREEN.png?fit=800%2C800&ssl=1&resize=350%2C200 1x, https:\/\/i0.wp.com\/tuzlahortum.com.tr\/wp-content\/uploads\/2019\/03\/SONOAFS-ALU.70B-GREEN.png?fit=800%2C800&ssl=1&resize=525%2C300 1.5x, https:\/\/i0.wp.com\/tuzlahortum.com.tr\/wp-content\/uploads\/2019\/03\/SONOAFS-ALU.70B-GREEN.png?fit=800%2C800&ssl=1&resize=700%2C400 2x"},"classes":[]}],"jetpack_sharing_enabled":true,"jetpack_likes_enabled":true,"_links":{"self":[{"href":"https:\/\/tuzlahortum.com.tr\/en\/wp-json\/wp\/v2\/product\/525","targetHints":{"allow":["GET"]}}],"collection":[{"href":"https:\/\/tuzlahortum.com.tr\/en\/wp-json\/wp\/v2\/product"}],"about":[{"href":"https:\/\/tuzlahortum.com.tr\/en\/wp-json\/wp\/v2\/types\/product"}],"replies":[{"embeddable":true,"href":"https:\/\/tuzlahortum.com.tr\/en\/wp-json\/wp\/v2\/comments?post=525"}],"wp:featuredmedia":[{"embeddable":true,"href":"https:\/\/tuzlahortum.com.tr\/en\/wp-json\/wp\/v2\/media\/6957"}],"wp:attachment":[{"href":"https:\/\/tuzlahortum.com.tr\/en\/wp-json\/wp\/v2\/media?parent=525"}],"wp:term":[{"taxonomy":"product_brand","embeddable":true,"href":"https:\/\/tuzlahortum.com.tr\/en\/wp-json\/wp\/v2\/product_brand?post=525"},{"taxonomy":"product_cat","embeddable":true,"href":"https:\/\/tuzlahortum.com.tr\/en\/wp-json\/wp\/v2\/product_cat?post=525"},{"taxonomy":"product_tag","embeddable":true,"href":"https:\/\/tuzlahortum.com.tr\/en\/wp-json\/wp\/v2\/product_tag?post=525"}],"curies":[{"name":"wp","href":"https:\/\/api.w.org\/{rel}","templated":true}]}}