{"id":524,"date":"2019-02-06T23:45:38","date_gmt":"2019-02-06T20:45:38","guid":{"rendered":"http:\/\/hortum.com.tr\/product\/import-placeholder-for-363\/"},"modified":"2024-03-21T17:45:53","modified_gmt":"2024-03-21T14:45:53","slug":"combiafs","status":"publish","type":"product","link":"https:\/\/tuzlahortum.com.tr\/en\/product\/combiafs\/","title":{"rendered":"COMBIAFS"},"content":{"rendered":"<h2>COMBIAFS<\/h2>\n<p>Flexible air ducts with aluminum &amp; PVC combination<\/p>\n<h4>General features<\/h4>\n<div class=\"txt\">COMBIAFS flexible air ducts with aluminum &amp; PVC combination is a multi-purpose flexible air duct specially designed for welding fume evacuation and applications where high mechanical strength is required. COMBIAFS is also highly suitable and efficient for heating, cooling, ventilation and air conditioning systems. ALUAFS aluminum flexible air ducts, which are produced by reinforcing multi-layered laminated aluminum and polyester material with high tensile spiral steel wire, are produced by tightly covering a PVC jacket on top of aluminum flexible air ducts. COMBIAFS flexible air ducts are sealed. PVC jacket not only increases the mechanical strength but also has a moisture barrier feature. It has the feature of preventing condensation. COMBIAFS has extremely high flexibility, bending and compressibility. It is easy to assemble in oval, round and corner joints. Dimensions, tolerances and mechanical strength properties of COMBIAFS flexible air ducts are tested, classified and certified according to EN 13180 standard.<\/div>\n<h4>Features and Benefits<\/h4>\n<div id=\"collapseOne\" class=\"panel-collapse collapse in\" role=\"tabpanel\" aria-labelledby=\"headingOne\" aria-expanded=\"true\">\n<div class=\"panel-body\">\n<div class=\"table-responsive\">\n<table class=\"table table-hover table-bordered\">\n<tbody>\n<tr>\n<th class=\"urunDetayth\">Flexible Channel Construction<\/th>\n<td>3 layers Aluminum + 2 layers Polyester + 1 layer PVC<\/td>\n<\/tr>\n<tr>\n<th class=\"urunDetayth\">Flexible Duct Nominal Thickness<\/th>\n<td>150 micron<\/td>\n<\/tr>\n<tr>\n<th class=\"urunDetayth\">Diameter Range<\/th>\n<td>52mm \u2013 800mm<\/td>\n<\/tr>\n<tr>\n<th class=\"urunDetayth\">Operating Temperature Range<\/th>\n<td>-30 \u00b0C \/ +150 \u00b0C<\/td>\n<\/tr>\n<tr>\n<th class=\"urunDetayth\">Air Flow Rate<\/th>\n<td>30 m\/s (maximum)<\/td>\n<\/tr>\n<tr>\n<th class=\"urunDetayth\">Operating pressure<\/th>\n<td>3000 Pa (maximum)<\/td>\n<\/tr>\n<tr>\n<th class=\"urunDetayth\">Standard Length<\/th>\n<td>10m<\/td>\n<\/tr>\n<tr>\n<th class=\"urunDetayth\">Packaging<\/th>\n<td>single cardboard box<\/td>\n<\/tr>\n<\/tbody>\n<\/table>\n<\/div>\n<\/div>\n<\/div>\n<div class=\"wrp clearfix\">\n<div class=\"tripleContent\">\n<div class=\"video video-fit mb\" style=\"padding-top:56.25%;\"><p><iframe loading=\"lazy\" title=\"Measurement Confusion (Inch, Finger, Haze, Millimeter)\" width=\"1020\" height=\"574\" src=\"https:\/\/www.youtube.com\/embed\/uKk6AG_AZls?feature=oembed\" frameborder=\"0\" allow=\"accelerometer; autoplay; clipboard-write; encrypted-media; gyroscope; picture-in-picture\" allowfullscreen><\/iframe><\/p>\n<\/div>\n<p>&nbsp;<\/p>\n<p><b>ALUMINUM LAMINATED CONSTRUCTION<\/b><\/p>\n<div class=\"txt\">\n<ul>\n<li>Does not pass UV rays<\/li>\n<li>High resistance to UV rays<\/li>\n<li>chemical resistance<\/li>\n<\/ul>\n<\/div>\n<\/div>\n<div class=\"tripleContent\">\n<p><b>FLEXIBLE and CONTINUOUS STRUCTURE<\/b><\/p>\n<div class=\"txt\">\n<ul>\n<li>Ease of storage<\/li>\n<li>Ease of transport<\/li>\n<li>Low labor costs<\/li>\n<li>air tightness<\/li>\n<li>Energy efficiency<\/li>\n<li>Low operating and maintenance costs<\/li>\n<\/ul>\n<\/div>\n<\/div>\n<div class=\"tripleContent\">\n<p><b>SMOOTH INSIDE WALL<\/b><\/p>\n<div class=\"txt\">\n<ul>\n<li>Low pressure loss<\/li>\n<li>Low operating expenses<\/li>\n<li>No particle retention<\/li>\n<\/ul>\n<\/div>\n<\/div>\n<\/div>\n<div class=\"wrp clearfix\">\n<div class=\"tripleContent\">\n<p><b>HIGH TENSILE STEEL WIRE<\/b><\/p>\n<div class=\"txt\">\n<ul>\n<li>High strength<\/li>\n<li>\u00a0Not deformed<\/li>\n<li>\u00a0Easy montage<\/li>\n<\/ul>\n<\/div>\n<\/div>\n<div class=\"tripleContent\">\n<p><b>PVC JACKET<\/b><\/p>\n<div class=\"txt\">\n<ul>\n<li>High resistance to tearing and impacts<\/li>\n<li>\u00a0Special mechanical strength<\/li>\n<li>\u00a0High resistance to UV rays<\/li>\n<li>\u00a0chemical resistance<\/li>\n<\/ul>\n<\/div>\n<\/div>\n<\/div>","protected":false},"excerpt":{"rendered":"<p>COMBIAFS Al\u00fcminyum &amp; PVC kombinasyonlu flexible hava kanallar\u0131 Genel \u00d6zellikler COMBIAFS al\u00fcminyum &amp; PVC kombinasyonlu flexible hava kanallar\u0131 kaynak duman\u0131 tahliyesi ve y\u00fcksek mekanik mukavemet istenilen uygulamalar i\u00e7in \u00f6zel olarak dizayn edilmi\u015f, \u00e7ok ama\u00e7l\u0131 bir flexible hava kanal\u0131d\u0131r. COMBIAFS \u0131s\u0131tma, so\u011futma, havaland\u0131rma ve iklimlendirme sistemleri i\u00e7in de son derece uygun ve verimlidir. \u00c7ok katl\u0131 laminasyonlu [&#8230;]\n","protected":false},"featured_media":6958,"comment_status":"open","ping_status":"closed","template":"","meta":{"jetpack_post_was_ever_published":false},"product_brand":[],"product_cat":[134],"product_tag":[265,264,260,261,258,268,266,262,259,267,263],"class_list":{"0":"post-524","1":"product","2":"type-product","3":"status-publish","4":"has-post-thumbnail","6":"product_cat-aluminyum-ve-pvc-hava-kanali","7":"product_tag-bukulme","8":"product_tag-esneme","9":"product_tag-havalandirma-ve-iklimlendirme-sistemleri","10":"product_tag-helezon-celik","11":"product_tag-isitma","12":"product_tag-kimyasal-direnc","13":"product_tag-sikistirilabilme","14":"product_tag-sizdirmaz","15":"product_tag-sogutma","16":"product_tag-tasima-kolayligi","17":"product_tag-yogusmayi-engelleme","19":"first","20":"instock","21":"taxable","22":"shipping-taxable","23":"product-type-variable"},"jetpack-related-posts":[],"jetpack_sharing_enabled":true,"jetpack_likes_enabled":true,"_links":{"self":[{"href":"https:\/\/tuzlahortum.com.tr\/en\/wp-json\/wp\/v2\/product\/524","targetHints":{"allow":["GET"]}}],"collection":[{"href":"https:\/\/tuzlahortum.com.tr\/en\/wp-json\/wp\/v2\/product"}],"about":[{"href":"https:\/\/tuzlahortum.com.tr\/en\/wp-json\/wp\/v2\/types\/product"}],"replies":[{"embeddable":true,"href":"https:\/\/tuzlahortum.com.tr\/en\/wp-json\/wp\/v2\/comments?post=524"}],"wp:featuredmedia":[{"embeddable":true,"href":"https:\/\/tuzlahortum.com.tr\/en\/wp-json\/wp\/v2\/media\/6958"}],"wp:attachment":[{"href":"https:\/\/tuzlahortum.com.tr\/en\/wp-json\/wp\/v2\/media?parent=524"}],"wp:term":[{"taxonomy":"product_brand","embeddable":true,"href":"https:\/\/tuzlahortum.com.tr\/en\/wp-json\/wp\/v2\/product_brand?post=524"},{"taxonomy":"product_cat","embeddable":true,"href":"https:\/\/tuzlahortum.com.tr\/en\/wp-json\/wp\/v2\/product_cat?post=524"},{"taxonomy":"product_tag","embeddable":true,"href":"https:\/\/tuzlahortum.com.tr\/en\/wp-json\/wp\/v2\/product_tag?post=524"}],"curies":[{"name":"wp","href":"https:\/\/api.w.org\/{rel}","templated":true}]}}