{"id":519,"date":"2019-02-06T23:45:37","date_gmt":"2019-02-06T20:45:37","guid":{"rendered":"http:\/\/hortum.com.tr\/product\/import-placeholder-for-311\/"},"modified":"2024-03-21T17:45:58","modified_gmt":"2024-03-21T14:45:58","slug":"superflex","status":"publish","type":"product","link":"https:\/\/tuzlahortum.com.tr\/en\/product\/superflex\/","title":{"rendered":"SUPERFLEX"},"content":{"rendered":"<h2>SUPERFLEX<\/h2>\n<div class=\"span5\">\n<p><strong> +4 C \/ +60 C<\/strong> <img data-recalc-dims=\"1\" decoding=\"async\" src=\"https:\/\/i0.wp.com\/www.burcugroup.com\/images\/termo.png?w=1020\" alt=\"\" title=\"\"><\/p>\n<table class=\"table table-striped\">\n<tbody>\n<tr>\n<td>MATERIEL: <strong>NITRILE RUBBER PVC<\/strong><\/td>\n<\/tr>\n<tr>\n<td>WIRE TYPE: <strong>STEEL WIRE<\/strong><\/td>\n<\/tr>\n<tr>\n<td>COLOUR: <strong>GREY<\/strong><\/td>\n<\/tr>\n<tr>\n<td>MEAT THICKNESS: <strong>0.60MM<\/strong><\/td>\n<\/tr>\n<tr>\n<td>WIRE RANGE: <strong>15MM \u2013 32MM<\/strong><\/td>\n<\/tr>\n<\/tbody>\n<\/table>\n<div class=\"video video-fit mb\" style=\"padding-top:56.25%;\"><p><iframe loading=\"lazy\" title=\"Measurement Confusion (Inch, Finger, Haze, Millimeter)\" width=\"1020\" height=\"574\" src=\"https:\/\/www.youtube.com\/embed\/uKk6AG_AZls?feature=oembed\" frameborder=\"0\" allow=\"accelerometer; autoplay; clipboard-write; encrypted-media; gyroscope; picture-in-picture\" allowfullscreen><\/iframe><\/p>\n<\/div>\n<p><strong>WHY SUPERFLEX?<\/strong><br \/>\n&gt; SOFT INSIDE<br \/>\n&gt;STRONG, FLEXIBLE, RESISTANT<br \/>\n&gt; VERY MOVING<br \/>\n&gt; LOW COST<br \/>\n&gt; WIDE PITCH<\/p>\n<p><strong>AREA OF USE<\/strong><\/p>\n<ul class=\"links\">\n<li>IN TEXTILE, WOOD, FURNITURE WORKS<\/li>\n<li>IN HOT AIR SUCTION AND DISCHARGE<\/li>\n<li>IN DUST COLLECTION AND VENTILATION SYSTEMS<\/li>\n<li>AT AIR, SMOKE, DUST, GAS, FIBER, CHIP EXTRACTION<\/li>\n<\/ul>\n<\/div>","protected":false},"excerpt":{"rendered":"<p>S\u00dcPERFLEX +4 C \/ +60 C MATERYAL: N\u0130TR\u0130L KAU\u00c7UKLU P.V.C TEL C\u0130NS\u0130: \u00c7EL\u0130K TEL RENK: GR\u0130 ET KALINLI\u011eI: 0,60 MM TEL ARALI\u011eI: 15 MM \u2013 32 MM NEDEN SUPERFLEX ? &gt; YUMU\u015eAK \u0130\u00c7 Y\u00dcZEY &gt;KUVVETL\u0130 , ESNEK, D\u0130REN\u00c7L\u0130 &gt; \u00c7OK HARAKETL\u0130 &gt; D\u00dc\u015e\u00dcK MAL\u0130YET &gt; GEN\u0130\u015e HATVE KULLANIM ALANI TEKST\u0130L, A\u011eA\u00c7, MOB\u0130LYA \u0130\u015eLER\u0130NDE SICAK HAVA [&#8230;]\n","protected":false},"featured_media":5880,"comment_status":"open","ping_status":"closed","template":"","meta":{"jetpack_post_was_ever_published":false},"product_brand":[],"product_cat":[142,144,148],"product_tag":[229,224,223,225,222,230,221,219,227,226,228,220],"class_list":{"0":"post-519","1":"product","2":"type-product","3":"status-publish","4":"has-post-thumbnail","6":"product_cat-agac-isleri-hortumlari","7":"product_cat-havalandirma-ve-kaynak-hortumlari","8":"product_cat-pvc-ozellikli-flex-hortumlar","9":"product_tag-celik-tel","10":"product_tag-cok-hareketli","11":"product_tag-direncli","12":"product_tag-dusuk-maliyet","13":"product_tag-esnek","14":"product_tag-gri","15":"product_tag-kuvvetli","16":"product_tag-nitril-kaucuklu","17":"product_tag-sicak-hava-emis-ve-tahliyesinde","18":"product_tag-tekstil-agac-mobilya-islerinde","19":"product_tag-toz-toplama-ve-havalandirma-sistemlerinde","20":"product_tag-yumusak-ic-yuzey","22":"first","23":"instock","24":"taxable","25":"shipping-taxable","26":"product-type-variable"},"jetpack-related-posts":[],"jetpack_sharing_enabled":true,"jetpack_likes_enabled":true,"_links":{"self":[{"href":"https:\/\/tuzlahortum.com.tr\/en\/wp-json\/wp\/v2\/product\/519","targetHints":{"allow":["GET"]}}],"collection":[{"href":"https:\/\/tuzlahortum.com.tr\/en\/wp-json\/wp\/v2\/product"}],"about":[{"href":"https:\/\/tuzlahortum.com.tr\/en\/wp-json\/wp\/v2\/types\/product"}],"replies":[{"embeddable":true,"href":"https:\/\/tuzlahortum.com.tr\/en\/wp-json\/wp\/v2\/comments?post=519"}],"wp:featuredmedia":[{"embeddable":true,"href":"https:\/\/tuzlahortum.com.tr\/en\/wp-json\/wp\/v2\/media\/5880"}],"wp:attachment":[{"href":"https:\/\/tuzlahortum.com.tr\/en\/wp-json\/wp\/v2\/media?parent=519"}],"wp:term":[{"taxonomy":"product_brand","embeddable":true,"href":"https:\/\/tuzlahortum.com.tr\/en\/wp-json\/wp\/v2\/product_brand?post=519"},{"taxonomy":"product_cat","embeddable":true,"href":"https:\/\/tuzlahortum.com.tr\/en\/wp-json\/wp\/v2\/product_cat?post=519"},{"taxonomy":"product_tag","embeddable":true,"href":"https:\/\/tuzlahortum.com.tr\/en\/wp-json\/wp\/v2\/product_tag?post=519"}],"curies":[{"name":"wp","href":"https:\/\/api.w.org\/{rel}","templated":true}]}}