{"id":5184,"date":"2019-02-26T16:54:50","date_gmt":"2019-02-26T13:54:50","guid":{"rendered":"http:\/\/hortum.com.tr\/?post_type=product&#038;p=5184"},"modified":"2024-03-21T17:39:06","modified_gmt":"2024-03-21T14:39:06","slug":"ozel-asinma-ve-kesici-uclara-dayanikli-hortumlar","status":"publish","type":"product","link":"https:\/\/tuzlahortum.com.tr\/en\/product\/ozel-asinma-ve-kesici-uclara-dayanikli-hortumlar\/","title":{"rendered":"Special Wear and Insert Resistant Hoses (Para Sigma)"},"content":{"rendered":"<h2>Special Wear and Insert Resistant Hoses (Para Sigma)<\/h2>\n<p>It is a very special hose used for transporting materials such as glass, metal particles and quartz inside the factory or to tankers.<\/p>\n<p>10 BAR<\/p>\n<p>-30\u00b0C+85\u00b0C<\/p>\n<p>&nbsp;<\/p>\n<div class=\"video video-fit mb\" style=\"padding-top:56.25%;\"><p><iframe loading=\"lazy\" title=\"Measurement Confusion (Inch, Finger, Haze, Millimeter)\" width=\"1020\" height=\"574\" src=\"https:\/\/www.youtube.com\/embed\/uKk6AG_AZls?feature=oembed\" frameborder=\"0\" allow=\"accelerometer; autoplay; clipboard-write; encrypted-media; gyroscope; picture-in-picture; web-share\" referrerpolicy=\"strict-origin-when-cross-origin\" allowfullscreen><\/iframe><\/p>\n<\/div>\n<div><\/div>","protected":false},"excerpt":{"rendered":"<p>\u00d6zel A\u015f\u0131nma ve Kesici U\u00e7lara Dayan\u0131kl\u0131 Hortumlar(Para Sigma) Cam, metal par\u00e7ac\u0131klar\u0131 ve quartz gibi maddelerin fabrika i\u00e7i veya tankerlere ta\u015f\u0131ma uygulamalar\u0131nda kullan\u0131lan \u00e7ok \u00f6zel hortumdur. 10 BAR -30\u00b0C+85\u00b0C &nbsp;<\/p>","protected":false},"featured_media":5270,"comment_status":"open","ping_status":"closed","template":"","meta":[],"product_brand":[],"product_cat":[162],"product_tag":[307,1232,937,951,2159,2158,434],"class_list":{"0":"post-5184","1":"product","2":"type-product","3":"status-publish","4":"has-post-thumbnail","6":"product_cat-kumlama-hortumlari","7":"product_tag-asinmaya-dayanikli-hortum","8":"product_tag-cam","9":"product_tag-kumlama-hortumu","10":"product_tag-metal","11":"product_tag-para-sigma","12":"product_tag-quartz","13":"product_tag-tasima","15":"first","16":"instock","17":"featured","18":"taxable","19":"shipping-taxable","20":"product-type-variable"},"jetpack-related-posts":[{"id":21431,"url":"https:\/\/tuzlahortum.com.tr\/en\/product\/vibra\/","url_meta":{"origin":5184,"position":0},"title":"VIBRA","author":"admin","date":"11 August 2025","format":false,"excerpt":"\u00a0 \u00dcr\u00fcn Ad\u0131: VIBRA \u00dcr\u00fcn Kodu: CVH227 Beton Vibrasyon Hortumu Kullanim Alan\u0131 : Elle titre\u015fim uygulamas\u0131yla p\u00fcsk\u00fcrt\u00fclen beton s\u0131v\u0131s\u0131nda hava kabarc\u0131klar\u0131n\u0131 \u00f6nlemek i\u00e7in su alt\u0131 vibrat\u00f6rlerde kullan\u0131l\u0131r. Alt Katman : \u00d6zel Sentetik Kau\u00e7uk. Takviye Katman\u0131 : Y\u00fcksek Mukavemetli Sentetik Tekstil. \u00dcst Katman : A\u015f\u0131nma, Ozon ve Hava Ko\u015fullar\u0131na Dayan\u0131kl\u0131 \u00d6zel\u2026","rel":"","context":"Similar post","block_context":{"text":"Similar post","link":""},"img":{"alt_text":"","src":"https:\/\/i0.wp.com\/tuzlahortum.com.tr\/wp-content\/uploads\/2025\/08\/vibra-p.png?fit=522%2C522&ssl=1&resize=350%2C200","width":350,"height":200},"classes":[]},{"id":21440,"url":"https:\/\/tuzlahortum.com.tr\/en\/product\/pararub-l\/","url_meta":{"origin":5184,"position":1},"title":"PARARUB L","author":"admin","date":"11 August 2025","format":false,"excerpt":"\u00a0 \u00dcr\u00fcn Ad\u0131: PARARUB L \u00dcr\u00fcn Kodu: ABPL790 A\u015f\u0131nma - Pararub Kullanim Alan\u0131 : A\u015f\u0131nd\u0131r\u0131c\u0131 tozlar, gran\u00fcller, kum, \u00e7ak\u0131l, \u00e7imento ve benzeri tozlar\u0131n tahliyesi i\u00e7in. Alt Katman : A\u015f\u0131nmaya Dayan\u0131kl\u0131 Do\u011fal Kau\u00e7uk (Bej Renk) Takviye Katman\u0131 : Y\u00fcksek Mukavemetli Sentetik Tekstil ve Antistatik Bak\u0131r Tel. \u00dcst Katman : A\u015f\u0131nmaya, ozona\u2026","rel":"","context":"Similar post","block_context":{"text":"Similar post","link":""},"img":{"alt_text":"","src":"https:\/\/i0.wp.com\/tuzlahortum.com.tr\/wp-content\/uploads\/2025\/08\/pararubl-p.png?fit=547%2C547&ssl=1&resize=350%2C200","width":350,"height":200,"srcset":"https:\/\/i0.wp.com\/tuzlahortum.com.tr\/wp-content\/uploads\/2025\/08\/pararubl-p.png?fit=547%2C547&ssl=1&resize=350%2C200 1x, https:\/\/i0.wp.com\/tuzlahortum.com.tr\/wp-content\/uploads\/2025\/08\/pararubl-p.png?fit=547%2C547&ssl=1&resize=525%2C300 1.5x"},"classes":[]},{"id":21443,"url":"https:\/\/tuzlahortum.com.tr\/en\/product\/pararub-sd\/","url_meta":{"origin":5184,"position":2},"title":"PARARUB SD","author":"admin","date":"11 August 2025","format":false,"excerpt":"\u00dcr\u00fcn Ad\u0131: PARARUB SD \u00dcr\u00fcn Kodu: ABPSD791 A\u015f\u0131nma, Al\u0131c\u0131\/Verici, Pararub Kullanim Alan\u0131 : A\u015f\u0131nd\u0131r\u0131c\u0131 tozlar, gran\u00fcller, kum, \u00e7ak\u0131l, \u00e7imento ve benzeri tozlar\u0131n bo\u015falt\u0131lmas\u0131 i\u00e7in. Alt Katman : A\u015f\u0131nmaya Dayan\u0131kl\u0131 Do\u011fal Kau\u00e7uk (Bej Renk) Takviye Katman\u0131 : Y\u00fcksek Mukavemetli Sentetik Tekstil ve Antistatik Bak\u0131r Tel. \u00dcst Katman : A\u015f\u0131nmaya, ozona ve\u2026","rel":"","context":"Similar post","block_context":{"text":"Similar post","link":""},"img":{"alt_text":"","src":"https:\/\/i0.wp.com\/tuzlahortum.com.tr\/wp-content\/uploads\/2025\/08\/pararubsdc-p-1.png?fit=506%2C506&ssl=1&resize=350%2C200","width":350,"height":200},"classes":[]},{"id":21452,"url":"https:\/\/tuzlahortum.com.tr\/en\/product\/totem-mh\/","url_meta":{"origin":5184,"position":3},"title":"TOTEM MH","author":"admin","date":"11 August 2025","format":false,"excerpt":"\u00a0 \u00dcr\u00fcn Ad\u0131: TOTEM MH \u00dcr\u00fcn Kodu: ABRF742 A\u015f\u0131nmaya Dayan\u0131kl\u0131, Kau\u00e7uk U\u00e7lu Flan\u015fl\u0131 Hortum Kullanim Alan\u0131 : A\u015f\u0131nd\u0131r\u0131c\u0131 Malzemelerin Emme ve Bo\u015falt\u0131m\u0131 \u0130\u00e7in. Alt Katman : A\u015f\u0131nmaya Dayan\u0131kl\u0131 Antistatik Do\u011fal Kau\u00e7uk Takviye Katman\u0131 : Y\u00fcksek Mukavemetli Sentetik Tekstil, \u00c7elik Tel Spiral ve Antistaik Bak\u0131r Tel. \u00dcst Katman : A\u015f\u0131nmaya, Oksijene\u2026","rel":"","context":"Similar post","block_context":{"text":"Similar post","link":""},"img":{"alt_text":"","src":"https:\/\/i0.wp.com\/tuzlahortum.com.tr\/wp-content\/uploads\/2025\/08\/totemmh-p.png?fit=453%2C453&ssl=1&resize=350%2C200","width":350,"height":200},"classes":[]},{"id":21446,"url":"https:\/\/tuzlahortum.com.tr\/en\/product\/pararub-sdc\/","url_meta":{"origin":5184,"position":4},"title":"PARARUB SDC","author":"admin","date":"11 August 2025","format":false,"excerpt":"\u00a0 \u00dcr\u00fcn Ad\u0131: PARARUB SDC \u00dcr\u00fcn Kodu: ABPC792 A\u015f\u0131nma, Al\u0131c\u0131\/Verici, Pararub, Bo\u011fumlu Kullanim Alan\u0131 : A\u015f\u0131nd\u0131r\u0131c\u0131 tozlar, gran\u00fcller, kum, \u00e7ak\u0131l, \u00e7imento ve benzeri maddelerin emi\u015f ve tahliyesi i\u00e7in. Alt Katman : A\u015f\u0131nmaya Dayan\u0131kl\u0131 Do\u011fal Kau\u00e7uk (Bej Renk). Takviye Katman\u0131 : Y\u00fcksek Mukavemetli Sentetik Tekstil, \u00c7elik Tel Spiral ve Antistaik Bak\u0131r\u2026","rel":"","context":"Similar post","block_context":{"text":"Similar post","link":""},"img":{"alt_text":"","src":"https:\/\/i0.wp.com\/tuzlahortum.com.tr\/wp-content\/uploads\/2025\/08\/pararubsdc-p-1.png?fit=506%2C506&ssl=1&resize=350%2C200","width":350,"height":200},"classes":[]},{"id":21449,"url":"https:\/\/tuzlahortum.com.tr\/en\/product\/pararub-gr\/","url_meta":{"origin":5184,"position":5},"title":"PARARUB GR","author":"admin","date":"11 August 2025","format":false,"excerpt":"\u00a0 \u00dcr\u00fcn Ad\u0131: PARARUB GR \u00dcr\u00fcn Kodu: ABPGR793 A\u015f\u0131nma, Al\u0131c\u0131\/Verici, Pararub, Kanall\u0131 Kullanim Alan\u0131 : A\u015f\u0131nd\u0131r\u0131c\u0131 tozlar, gran\u00fcller, kum, \u00e7ak\u0131l, \u00e7imento ve benzeri tozlar\u0131n emi\u015f ve tahliyesi i\u00e7in. Alt Katman : A\u015f\u0131nmaya Dayan\u0131kl\u0131 Do\u011fal Kau\u00e7uk (Bej Renk). Takviye Katman\u0131 : Y\u00fcksek Mukavemetli Sentetik Tekstil, \u00c7elik Tel Spiral ve Antistaik Bak\u0131r\u2026","rel":"","context":"Similar post","block_context":{"text":"Similar post","link":""},"img":{"alt_text":"","src":"https:\/\/i0.wp.com\/tuzlahortum.com.tr\/wp-content\/uploads\/2025\/08\/pararubgr-p.png?fit=512%2C512&ssl=1&resize=350%2C200","width":350,"height":200},"classes":[]}],"jetpack_sharing_enabled":true,"jetpack_likes_enabled":true,"_links":{"self":[{"href":"https:\/\/tuzlahortum.com.tr\/en\/wp-json\/wp\/v2\/product\/5184","targetHints":{"allow":["GET"]}}],"collection":[{"href":"https:\/\/tuzlahortum.com.tr\/en\/wp-json\/wp\/v2\/product"}],"about":[{"href":"https:\/\/tuzlahortum.com.tr\/en\/wp-json\/wp\/v2\/types\/product"}],"replies":[{"embeddable":true,"href":"https:\/\/tuzlahortum.com.tr\/en\/wp-json\/wp\/v2\/comments?post=5184"}],"wp:featuredmedia":[{"embeddable":true,"href":"https:\/\/tuzlahortum.com.tr\/en\/wp-json\/wp\/v2\/media\/5270"}],"wp:attachment":[{"href":"https:\/\/tuzlahortum.com.tr\/en\/wp-json\/wp\/v2\/media?parent=5184"}],"wp:term":[{"taxonomy":"product_brand","embeddable":true,"href":"https:\/\/tuzlahortum.com.tr\/en\/wp-json\/wp\/v2\/product_brand?post=5184"},{"taxonomy":"product_cat","embeddable":true,"href":"https:\/\/tuzlahortum.com.tr\/en\/wp-json\/wp\/v2\/product_cat?post=5184"},{"taxonomy":"product_tag","embeddable":true,"href":"https:\/\/tuzlahortum.com.tr\/en\/wp-json\/wp\/v2\/product_tag?post=5184"}],"curies":[{"name":"wp","href":"https:\/\/api.w.org\/{rel}","templated":true}]}}