{"id":4643,"date":"2019-02-25T15:15:58","date_gmt":"2019-02-25T12:15:58","guid":{"rendered":"http:\/\/hortum.com.tr\/?post_type=product&#038;p=4643"},"modified":"2024-03-21T17:39:07","modified_gmt":"2024-03-21T14:39:07","slug":"yangin-tupu-kkt-12kg","status":"publish","type":"product","link":"https:\/\/tuzlahortum.com.tr\/en\/product\/yangin-tupu-kkt-12kg\/","title":{"rendered":"Fire Extinguisher KKT(12kg)"},"content":{"rendered":"<h2>Fire Extinguisher KKT(12kg)<\/h2>\n<p>Body made of A1 7114 Quality Plastered Sheet<br \/>\nGas Welding<br \/>\nBrass Trigger Valve Assembly<br \/>\nImported Manometer<br \/>\nImported ABC extinguisher<br \/>\n18 Bar Working Pressure<br \/>\n0.70 Micron Electro Static Powder Coating<br \/>\nSpecial Mounting Hanger<br \/>\nExtinguishing Agent 6-12 Kg.<br \/>\nAverage Working Time 18 Seconds<br \/>\nOperating Temperature -20 +60<\/p>","protected":false},"excerpt":{"rendered":"<p>Yang\u0131n T\u00fcp\u00fc KKT(12kg) A1 7114 Kalite S\u0131vama Sactan G\u00f6vde Gazalt\u0131 Kaynak Prin\u00e7 Tetik Vana Tertibat\u0131 \u0130thal Manometre \u0130thal ABC s\u00f6nd\u00fcr\u00fcc\u00fc 18 Bar \u00c7al\u0131\u015fma Bas\u0131nc\u0131 0.70 Mikron Elektro Statik Toz Boya \u00d6zel Montaj Ask\u0131s\u0131 S\u00f6nd\u00fcrme Maddesi 6-12 Kg. Ortalama \u00c7al\u0131\u015fma S\u00fcresi 18 Saniye \u00c7al\u0131\u015fma S\u0131cakl\u0131\u011f\u0131 -20 +60<\/p>","protected":false},"featured_media":391,"comment_status":"open","ping_status":"closed","template":"","meta":{"jetpack_post_was_ever_published":false},"product_brand":[],"product_cat":[121],"product_tag":[1296,1297,256,2289],"class_list":{"0":"post-4643","1":"product","2":"type-product","3":"status-publish","4":"has-post-thumbnail","6":"product_cat-yangin-tupu","7":"product_tag-sondurme","8":"product_tag-tupu","9":"product_tag-yangin","10":"product_tag-yangin-tupu","12":"first","13":"instock","14":"taxable","15":"shipping-taxable","16":"product-type-simple"},"jetpack-related-posts":[],"jetpack_sharing_enabled":true,"jetpack_likes_enabled":true,"_links":{"self":[{"href":"https:\/\/tuzlahortum.com.tr\/en\/wp-json\/wp\/v2\/product\/4643","targetHints":{"allow":["GET"]}}],"collection":[{"href":"https:\/\/tuzlahortum.com.tr\/en\/wp-json\/wp\/v2\/product"}],"about":[{"href":"https:\/\/tuzlahortum.com.tr\/en\/wp-json\/wp\/v2\/types\/product"}],"replies":[{"embeddable":true,"href":"https:\/\/tuzlahortum.com.tr\/en\/wp-json\/wp\/v2\/comments?post=4643"}],"wp:featuredmedia":[{"embeddable":true,"href":"https:\/\/tuzlahortum.com.tr\/en\/wp-json\/wp\/v2\/media\/391"}],"wp:attachment":[{"href":"https:\/\/tuzlahortum.com.tr\/en\/wp-json\/wp\/v2\/media?parent=4643"}],"wp:term":[{"taxonomy":"product_brand","embeddable":true,"href":"https:\/\/tuzlahortum.com.tr\/en\/wp-json\/wp\/v2\/product_brand?post=4643"},{"taxonomy":"product_cat","embeddable":true,"href":"https:\/\/tuzlahortum.com.tr\/en\/wp-json\/wp\/v2\/product_cat?post=4643"},{"taxonomy":"product_tag","embeddable":true,"href":"https:\/\/tuzlahortum.com.tr\/en\/wp-json\/wp\/v2\/product_tag?post=4643"}],"curies":[{"name":"wp","href":"https:\/\/api.w.org\/{rel}","templated":true}]}}