{"id":3244,"date":"2019-02-19T14:09:39","date_gmt":"2019-02-19T11:09:39","guid":{"rendered":"http:\/\/hortum.com.tr\/?post_type=product&#038;p=3244"},"modified":"2024-03-21T17:39:15","modified_gmt":"2024-03-21T14:39:15","slug":"galvaniz-konik-rekor","status":"publish","type":"product","link":"https:\/\/tuzlahortum.com.tr\/en\/product\/galvaniz-konik-rekor\/","title":{"rendered":"Galvanized Conical Union"},"content":{"rendered":"<h2>Galvanized Conical Union<\/h2>","protected":false},"excerpt":{"rendered":"<p>Galvanized Conical Union<\/p>","protected":false},"featured_media":3819,"comment_status":"open","ping_status":"closed","template":"","meta":[],"product_brand":[],"product_cat":[98],"product_tag":[453,452,456,2184,459],"class_list":{"0":"post-3244","1":"product","2":"type-product","3":"status-publish","4":"has-post-thumbnail","6":"product_cat-galvaniz-fittings","7":"product_tag-daldirma-galvaniz","8":"product_tag-dokme-demir","9":"product_tag-galvaniz","10":"product_tag-galvaniz-konik-rekor","11":"product_tag-konik-rekor","13":"first","14":"instock","15":"taxable","16":"shipping-taxable","17":"product-type-variable"},"jetpack-related-posts":[{"id":886,"url":"https:\/\/tuzlahortum.com.tr\/en\/product\/sari-konik-rekor\/","url_meta":{"origin":3244,"position":0},"title":"Yellow Conical Union","author":"admin","date":"6 February 2019","format":false,"excerpt":"Yellow Conical Union","rel":"","context":"Similar post","block_context":{"text":"Similar post","link":""},"img":{"alt_text":"","src":"https:\/\/i0.wp.com\/tuzlahortum.com.tr\/wp-content\/uploads\/2019\/02\/sarikonikrekor-300x300.jpg?fit=300%2C300&ssl=1&resize=350%2C200","width":350,"height":200},"classes":[]},{"id":598,"url":"https:\/\/tuzlahortum.com.tr\/en\/product\/siyah-konik-rekor\/","url_meta":{"origin":3244,"position":1},"title":"Black Conical Record","author":"admin","date":"6 February 2019","format":false,"excerpt":"Black Conical Record","rel":"","context":"Similar post","block_context":{"text":"Similar post","link":""},"img":{"alt_text":"","src":"https:\/\/i0.wp.com\/tuzlahortum.com.tr\/wp-content\/uploads\/2019\/02\/Siyah-Konik-Rekor.jpg?fit=600%2C600&ssl=1&resize=350%2C200","width":350,"height":200,"srcset":"https:\/\/i0.wp.com\/tuzlahortum.com.tr\/wp-content\/uploads\/2019\/02\/Siyah-Konik-Rekor.jpg?fit=600%2C600&ssl=1&resize=350%2C200 1x, https:\/\/i0.wp.com\/tuzlahortum.com.tr\/wp-content\/uploads\/2019\/02\/Siyah-Konik-Rekor.jpg?fit=600%2C600&ssl=1&resize=525%2C300 1.5x"},"classes":[]},{"id":625,"url":"https:\/\/tuzlahortum.com.tr\/en\/product\/galvaniz-demir-hortum-ekleme-rekoru\/","url_meta":{"origin":3244,"position":2},"title":"Galvanized Iron Hose Fitting Union","author":"admin","date":"6 February 2019","format":false,"excerpt":"Galvanized Iron Hose Fitting Union","rel":"","context":"Similar post","block_context":{"text":"Similar post","link":""},"img":{"alt_text":"","src":"https:\/\/i0.wp.com\/tuzlahortum.com.tr\/wp-content\/uploads\/2019\/02\/Galvaniz-Demir-Hortum-Ekleme-Rekoru-300x300.jpg?fit=300%2C300&ssl=1&resize=350%2C200","width":350,"height":200},"classes":[]},{"id":597,"url":"https:\/\/tuzlahortum.com.tr\/en\/product\/galvaniz-demir-hortum-rekoru\/","url_meta":{"origin":3244,"position":3},"title":"Galvanized Iron Hose Coupling","author":"admin","date":"6 February 2019","format":false,"excerpt":"Galvaniz Demir Hortum Rekoru \u00dcr\u00fcn \u00d6l\u00e7\u00fcs\u00fc Koli Adeti 1\/2\" 100 3\/4\" 80 1\" 100 1\u00bc\" 60 1\u00bd\" 40 2\" 40 2\u00bd\" 25 3\" 24 4\" 24 5\" 6 6\" 5 8\" 10\"","rel":"","context":"Similar post","block_context":{"text":"Similar post","link":""},"img":{"alt_text":"","src":"https:\/\/i0.wp.com\/tuzlahortum.com.tr\/wp-content\/uploads\/2019\/02\/Galvaniz-Demir-Hortum-Rekoru-300x300.jpg?fit=300%2C300&ssl=1&resize=350%2C200","width":350,"height":200},"classes":[]},{"id":669,"url":"https:\/\/tuzlahortum.com.tr\/en\/product\/hidrolik-bilya-gobekli-otomatik-rekor\/","url_meta":{"origin":3244,"position":4},"title":"Hydraulic Ball-Center Automatic Union","author":"admin","date":"6 February 2019","format":false,"excerpt":"Hidrolik Bilya G\u00f6bekli Otomatik RekorBT Serisi Hidrolik Bilya G\u00f6bekli Otomatik Rekorlar pek\u00e7ok end\u00fcstriyel alanda hidrolik \u00e7abuk ba\u011flant\u0131 eleman\u0131 olarak kullan\u0131lmaktad\u0131rlar.\u00a0BT Serisi'nde erkek u\u00e7lar \u0131s\u0131l i\u015flem uygulanarak sertle\u015ftirilmi\u015ftir.Valf SistemiBilyal\u0131Malzeme\u00a0Otomat \u00c7eli\u011fiVida \u00d6l\u00e7\u00fcs\u00fc\u00a0BSP (\u0130ste\u011fe Ba\u011fl\u0131: NPT, Metrik)S\u0131zd\u0131rmazl\u0131k\u00a0Nitril O-ring (NBR)\u00c7al\u0131\u015fma S\u0131cakl\u0131\u011f\u0131\u00a0-30 \u00b0C ile +110 \u00b0CKaplama\u00a0Galvaniz (Chrome III pasivasyon)Is\u0131l \u0130\u015flemOtomatik Erkek RekorTakma SistemiY\u00fcz\u00fck geri \u00e7ekilerek\u00c7\u0131karma\u2026","rel":"","context":"Similar post","block_context":{"text":"Similar post","link":""},"img":{"alt_text":"","src":"https:\/\/i0.wp.com\/tuzlahortum.com.tr\/wp-content\/uploads\/2019\/02\/Hidrolik-Bilya-G%C3%B6bekli-Otomatik-Rekor.jpg?fit=400%2C400&ssl=1&resize=350%2C200","width":350,"height":200},"classes":[]},{"id":874,"url":"https:\/\/tuzlahortum.com.tr\/en\/product\/hidrolik-otomatik-rekor\/","url_meta":{"origin":3244,"position":5},"title":"Hydraulic Automatic Record","author":"admin","date":"6 February 2019","format":false,"excerpt":"Hidrolik Otomatik RekorQC Serisi Hidrolik Otomatik Rekorlar pek \u00e7ok tar\u0131msal ve end\u00fcstriyel alanda hidrolik \u00e7abuk\u00a0ba\u011flant\u0131 eleman\u0131 olarak kullan\u0131lmaktad\u0131rlar.QC Serisi'nde erkek u\u00e7lar \u0131s\u0131l i\u015flem uygulanarak sertle\u015ftirilmi\u015ftir.UyumlulukISO 7241-AValf SistemiPimliMalzemeOtomat \u00c7eli\u011fiVida \u00d6l\u00e7\u00fcs\u00fcBSP (\u0130ste\u011fe Ba\u011fl\u0131: Metrik)S\u0131zd\u0131rmazl\u0131kNitril O-ring (NBR)\u00c7al\u0131\u015fma S\u0131cakl\u0131\u011f\u0131-30 \u00b0C ile +110 \u00b0CKaplamaGalvaniz (Chrome III pasivasyon)Is\u0131l \u0130\u015flemOtomatik Erkek RekorTakma SistemiY\u00fcz\u00fck geri \u00e7ekilerek\u00c7\u0131karma SistemiY\u00fcz\u00fck geri\u2026","rel":"","context":"Similar post","block_context":{"text":"Similar post","link":""},"img":{"alt_text":"","src":"https:\/\/i0.wp.com\/tuzlahortum.com.tr\/wp-content\/uploads\/2019\/02\/Hidrolik-Otomatik-Rekor.jpg?fit=400%2C400&ssl=1&resize=350%2C200","width":350,"height":200},"classes":[]}],"jetpack_sharing_enabled":true,"jetpack_likes_enabled":true,"_links":{"self":[{"href":"https:\/\/tuzlahortum.com.tr\/en\/wp-json\/wp\/v2\/product\/3244","targetHints":{"allow":["GET"]}}],"collection":[{"href":"https:\/\/tuzlahortum.com.tr\/en\/wp-json\/wp\/v2\/product"}],"about":[{"href":"https:\/\/tuzlahortum.com.tr\/en\/wp-json\/wp\/v2\/types\/product"}],"replies":[{"embeddable":true,"href":"https:\/\/tuzlahortum.com.tr\/en\/wp-json\/wp\/v2\/comments?post=3244"}],"wp:featuredmedia":[{"embeddable":true,"href":"https:\/\/tuzlahortum.com.tr\/en\/wp-json\/wp\/v2\/media\/3819"}],"wp:attachment":[{"href":"https:\/\/tuzlahortum.com.tr\/en\/wp-json\/wp\/v2\/media?parent=3244"}],"wp:term":[{"taxonomy":"product_brand","embeddable":true,"href":"https:\/\/tuzlahortum.com.tr\/en\/wp-json\/wp\/v2\/product_brand?post=3244"},{"taxonomy":"product_cat","embeddable":true,"href":"https:\/\/tuzlahortum.com.tr\/en\/wp-json\/wp\/v2\/product_cat?post=3244"},{"taxonomy":"product_tag","embeddable":true,"href":"https:\/\/tuzlahortum.com.tr\/en\/wp-json\/wp\/v2\/product_tag?post=3244"}],"curies":[{"name":"wp","href":"https:\/\/api.w.org\/{rel}","templated":true}]}}