{"id":22618,"date":"2025-08-11T15:45:09","date_gmt":"2025-08-11T12:45:09","guid":{"rendered":"https:\/\/tuzlahortum.com.tr\/urun\/fire-reel-tby72\/"},"modified":"2025-08-20T15:01:56","modified_gmt":"2025-08-20T12:01:56","slug":"fire-reel-tby72","status":"publish","type":"product","link":"https:\/\/tuzlahortum.com.tr\/en\/product\/fire-reel-tby72\/","title":{"rendered":"FIRE REEL TBY72"},"content":{"rendered":"<p>&nbsp;<\/p>\n<div class=\"report-container\">\n<div class=\"report-header\">\n<div class=\"standard-text\">Product Name: FIRE REEL - 70 BAR<\/div>\n<div class=\"standard-text\">Product Code: TBY72<\/div>\n<\/div>\n<div class=\"product-image-container\">\n<div class=\"key-feature\">Thermorub\u00ae Fire Reel<\/div>\n<\/div>\n<div class=\"horizontal-line\"><\/div>\n<div class=\"product-details\">\n<div class=\"detail-row\">\n<div class=\"detail-label\">Area of Use<\/div>\n<div class=\"detail-value\">: For Fire Extinguishing Applications in Fire Reels.<\/div>\n<\/div>\n<div class=\"detail-row\">\n<div class=\"detail-label\">Substrate<\/div>\n<div class=\"detail-value\">: Special Thermorub Compound.<\/div>\n<\/div>\n<div class=\"detail-row\">\n<div class=\"detail-label\">Reinforcement Layer<\/div>\n<div class=\"detail-value\">: High Strength Synthetic Textile.<\/div>\n<\/div>\n<div class=\"detail-row\">\n<div class=\"detail-label\">Top Layer<\/div>\n<div class=\"detail-value\">: Abrasion, Heat and Weather Resistant Thermorub Compound.<\/div>\n<\/div>\n<\/div>\n<div class=\"datasheet_table\"><img decoding=\"async\" class=\"alignnone size-full\" src=\"https:\/\/tuzlahortum.com.tr\/wp-content\/uploads\/2025\/08\/datasheet530.svg\" alt=\"\" title=\"\"><\/div>\n<div class=\"table-notes\">OPTIONS \/ TS EN 694<\/div>\n<div class=\"horizontal-line\"><\/div>\n<div class=\"footer\">\n<div class=\"standards-section\">\n<div class=\"standard-item\" style=\"margin-top: 9px;\"><img data-recalc-dims=\"1\" width=\"1020\" decoding=\"async\" style=\"margin-right: 10px;\" src=\"https:\/\/i0.wp.com\/tuzlahortum.com.tr\/wp-content\/uploads\/2025\/04\/tse-1.png?fit=1020%2C40&#038;ssl=1\" height=\"40\" alt=\"\" title=\"\"><\/div>\n<div class=\"standard-info\"><\/div>\n<\/div>\n<div class=\"horizontal-line\"><\/div>\n<div class=\"temperature-section\">\n<div class=\"temp-icon\"><img decoding=\"async\" src=\"data:image\/svg+xml;base64,PD94bWwgdmVyc2lvbj0iMS4wIiBlbmNvZGluZz0iVVRGLTgiPz4KPHN2ZyBpZD0ia2F0bWFuXzIiIGRhdGEtbmFtZT0ia2F0bWFuIDIiIHhtbG5zPSJodHRwOi8vd3d3LnczLm9yZy8yMDAwL3N2ZyIgdmlld0JveD0iMCAwIDcyLjI3IDE2Ljk4Ij4KICA8ZGVmcz4KICAgIDxzdHlsZT4KICAgICAgLmNscy0xIHsKICAgICAgICBzdHJva2Utd2lkdGg6IC41OXB4OwogICAgICB9CgogICAgICAuY2xzLTEsIC5jbHMtMiwgLmNscy0zLCAuY2xzLTQgewogICAgICAgIGZpbGw6IG5vbmU7CiAgICAgICAgc3Ryb2tlLW1pdGVybGltaXQ6IDMuODY7CiAgICAgIH0KCiAgICAgIC5jbHMtMSwgLmNscy0zLCAuY2xzLTQgewogICAgICAgIHN0cm9rZTogI2E3YTlhYjsKICAgICAgfQoKICAgICAgLmNscy01IHsKICAgICAgICBmaWxsOiAjYTdhOWFiOwogICAgICB9CgogICAgICAuY2xzLTIgewogICAgICAgIHN0cm9rZTogI2ZmZjsKICAgICAgfQoKICAgICAgLmNscy0zIHsKICAgICAgICBzdHJva2Utd2lkdGg6IDIuMDZweDsKICAgICAgfQoKICAgICAgLmNscy00IHsKICAgICAgICBzdHJva2Utd2lkdGg6IC4ycHg7CiAgICAgIH0KICAgIDwvc3R5bGU+CiAgPC9kZWZzPgogIDxnIGlkPSJrYXRtYW5fMSIgZGF0YS1uYW1lPSJrYXRtYW4gMSI+CiAgICA8Zz4KICAgICAgPHBhdGggY2xhc3M9ImNscy0zIiBkPSJNMTEuMzQsMTEuNTdjLS45NCwxLjcxLTIuNzEsMi42Ni00LjgsMi42Ni0zLjA1LDAtNS41MS0yLjQ3LTUuNTEtNS41MlMzLjUsMy4xOSw2LjU1LDMuMTljMS45NCwwLDMuNjUsMSw0LjYzLDIuNTIiLz4KICAgICAgPGNpcmNsZSBjbGFzcz0iY2xzLTUiIGN4PSI2LjU1IiBjeT0iOC42NiIgcj0iMi40Ii8+CiAgICAgIDxjaXJjbGUgY2xhc3M9ImNscy0yIiBjeD0iNi41NSIgY3k9IjguNjYiIHI9IjIuNCIvPgogICAgICA8bGluZSBjbGFzcz0iY2xzLTMiIHgxPSI2OC4zNCIgeTE9IjExLjc2IiB4Mj0iOS45MiIgeTI9IjExLjc2Ii8+CiAgICAgIDxsaW5lIGNsYXNzPSJjbHMtMyIgeDE9IjY4Ljc4IiB5MT0iNS41MSIgeDI9IjkuNzMiIHkyPSI1LjUxIi8+CiAgICAgIDxsaW5lIGNsYXNzPSJjbHMtMyIgeDE9IjU0LjA3IiB5MT0iOC43NSIgeDI9IjguNjQiIHkyPSI4Ljc1Ii8+CiAgICAgIDxwYXRoIGNsYXNzPSJjbHMtMyIgZD0iTTY4LjE1LDUuNTVjMS43MSwwLDMuMDksMS4zOSwzLjA5LDMuMDlzLTEuOTIsMy4wNi0zLjYyLDMuMDYiLz4KICAgICAgPHBhdGggY2xhc3M9ImNscy01IiBkPSJNNTMuOTEsOC43NWMwLS4xNC4xMi0uMjYuMjYtLjI2cy4yNy4xMi4yNy4yNi0uMTIuMjctLjI3LjI3LS4yNi0uMTItLjI2LS4yN1oiLz4KICAgICAgPHBhdGggY2xhc3M9ImNscy0zIiBkPSJNNTMuOTEsOC43NWMwLS4xNC4xMi0uMjYuMjYtLjI2cy4yNy4xMi4yNy4yNi0uMTIuMjctLjI3LjI3LS4yNi0uMTItLjI2LS4yN1oiLz4KICAgICAgPGxpbmUgY2xhc3M9ImNscy0xIiB4MT0iMzYuNDMiIHkxPSIxNi45OCIgeDI9IjM2LjQzIiB5Mj0iMTQuMjQiLz4KICAgICAgPGxpbmUgY2xhc3M9ImNscy0xIiB4MT0iMjguMDUiIHkxPSIxNi45OCIgeDI9IjI4LjA1IiB5Mj0iMTQuMjQiLz4KICAgICAgPGxpbmUgY2xhc3M9ImNscy0xIiB4MT0iMTkuNTkiIHkxPSIxNi45OCIgeDI9IjE5LjU5IiB5Mj0iMTQuMjQiLz4KICAgICAgPGxpbmUgY2xhc3M9ImNscy0xIiB4MT0iNDEuNTciIHkxPSIyLjc0IiB4Mj0iNDEuNTciLz4KICAgICAgPGxpbmUgY2xhc3M9ImNscy0xIiB4MT0iMzMuMjgiIHkxPSIyLjc0IiB4Mj0iMzMuMjgiLz4KICAgICAgPGxpbmUgY2xhc3M9ImNscy0xIiB4MT0iMjQuOTkiIHkxPSIyLjc0IiB4Mj0iMjQuOTkiLz4KICAgICAgPGxpbmUgY2xhc3M9ImNscy0xIiB4MT0iMTYuMDgiIHkxPSIyLjc0IiB4Mj0iMTYuMDgiLz4KICAgICAgPGxpbmUgY2xhc3M9ImNscy0xIiB4MT0iNDQuNjMiIHkxPSIxNi45OCIgeDI9IjQ0LjYzIiB5Mj0iMTQuMjQiLz4KICAgICAgPGxpbmUgY2xhc3M9ImNscy0xIiB4MT0iNDkuNDkiIHkxPSIyLjc0IiB4Mj0iNDkuNDkiLz4KICAgICAgPGxpbmUgY2xhc3M9ImNscy00IiB4MT0iNDAuODgiIHkxPSIxNi45OCIgeDI9IjQwLjg4IiB5Mj0iMTQuMjQiLz4KICAgICAgPGxpbmUgY2xhc3M9ImNscy00IiB4MT0iMzIuMzMiIHkxPSIxNi45OCIgeDI9IjMyLjMzIiB5Mj0iMTQuMjQiLz4KICAgICAgPGxpbmUgY2xhc3M9ImNscy00IiB4MT0iMjMuNzkiIHkxPSIxNi45OCIgeDI9IjIzLjc5IiB5Mj0iMTQuMjQiLz4KICAgICAgPGxpbmUgY2xhc3M9ImNscy00IiB4MT0iMjAuNTkiIHkxPSIyLjc0IiB4Mj0iMjAuNTkiLz4KICAgICAgPGxpbmUgY2xhc3M9ImNscy00IiB4MT0iMjkuMTMiIHkxPSIyLjc0IiB4Mj0iMjkuMTMiLz4KICAgICAgPGxpbmUgY2xhc3M9ImNscy00IiB4MT0iMzcuMTYiIHkxPSIyLjc0IiB4Mj0iMzcuMTYiLz4KICAgICAgPGxpbmUgY2xhc3M9ImNscy00IiB4MT0iNDUuNzEiIHkxPSIyLjc0IiB4Mj0iNDUuNzEiLz4KICAgIDwvZz4KICA8L2c+Cjwvc3ZnPg==\" alt=\"S\u0131cakl\u0131k\" width=\"100\" title=\"\"><\/div>\n<div class=\"temp-values\">\n<div>-5\u00b0C \/ +60\u00b0C<\/div>\n<div>-23\u00b0F \/ +140\u00b0F<\/div>\n<\/div>\n<\/div>\n<div class=\"marking-section\">\n<div class=\"detail-row\">\n<div class=\"detail-label\">Branding<\/div>\n<div class=\"detail-value\">: Inkjet<\/div>\n<\/div>\n<p><img decoding=\"async\" class=\"marking-image\" src=\"data:image\/png;base64,iVBORw0KGgoAAAANSUhEUgAABf0AAAAoCAYAAABEkVAiAAAACXBIWXMAACE3AAAhNwEzWJ96AAAcT0lEQVR4nO3dT4gj2X0H8O\/vaQIJtDq+OKCZMcnBLVibNYnk7GTXEA04iw0jvAZD6IE57CENuws5TJuxb208Rw\/uuWUGdB0yjS\/OEg0sJItHh931ji0dErwL6kMCSaZOC+vW3Lx6L4d6r\/RUqpKqpNK\/7u8Hltnulkqv\/qrq937v9+Szq1\/9SwBfAhERERERERERERERbbPPLwG4D+D6mhtCRERERERERERERESLearW3QIiIiIiIiIiIiIiIioGg\/5EREREREREREREROcEg\/5EREREREREREREROfEpUXe\/MFrr+AUpqi2FKK+u4uX33sfAPCf3\/02umdnAIArV6\/i9V\/8cp1NIyIiIiIiIiIiIiJaqrmD\/v\/16iu4\/fGHRbalEO9cexUv2\/\/vnp3hnz7+CABwTf4Gr6+vWURERERERERERERESzd3eZ+BFNkMIiIiIiIiIiIiIiJa1ELlfXxXr17FlatXi1rc3K5cuQrgN+tuBhERbZABgPK6G7Fm3AbbpycGXTGoG0HNMNuCiIiIiIiIsiks6P\/Pl\/8cf\/zBx0UtbgG\/XXcDiIhog3TEoCUaD3Tpwga9+2LwthriX4aXLuw22EaPRaMjBhVTQm3djSEiIiIiIqKtUVjQvwzgDwu8X3Z3cenrLy3cDn12huHvPl14ObReAwCnEk4SvWdkZUGqnv3MihFUZry2LwYv7P9naWMAIMixfCIqxrHSCGDwRDT2zdxV7bbaHaUxAHCiNA70xdwG26hjvzPqzPInIiIiIiKiHAoL+i\/q0tdfwl89+2Dh5bxz7VW8uXhzzo2W0miJnvm6h7oUlQ7oicFbaogKBO8OS6nveaX0BQDg2TD7YXSsNE5Eo2oEj3TystticF8NMfB+d6hVpmDdG6UhAhgc6RKaOYIkLgvW\/8yGERwlZAYPAPxIDdG1wRgg7PS6PeUz3Xr79o3CYULwrSMGd21bDoxigI7Wyp3n7w4vTe2o6ovBLTUEMHlNeDt2vvgqEBxqhcaSgpptMQhgUAbQWGPA320D\/1q7Sje14FgZnIjGPhSz\/beA64SuspN4wrT7jwGAW\/ZeoG4ED7x7jfj7OmJwRw1RBvB+wrJORONYadzTpcRrlFte2nntlj\/rfoqIiIiIaNkCALfs\/eu9NT2XLsq\/v3403L6R\/KtuP6OJlCqAQTslUDcvl7WYFhzvewFv37HS0XvT9MeCe9kvXgEwEfB3bW2pyQ6TeMAfCIMMd9UwCtL4WgkBfyAMJsSX37YXgHhbiNatM6PzcN5rRYDwmC\/6WuO4c2zfqAsdOA3XX6Jsf5rUUuE1OVh3Qyz3PVPD9t2Mr9OJHdkDAEcpyQVO1d4rDOx\/cc\/tpu8nXJ\/83+2l3HO4fRjAbMxxRUREREQXU9uO\/h4AqUl5m87F1gKYqDrINll1+xn0vyAqENRN+n87Ke9LCnrPq2OD8gBwIyXj1h+VsG\/C7H7X83U8oy0n9oRpmHxZrC174XOfeWCDY+EyxwNAfTupIhCWWziItfFxSnAfCPfBQcLyfU8yjMogWodZQflZnXJAGGCLX3uc+OieIvS9a84+R8zgpg6397I6WLZdS8KRccGGbJ8eWNonrwCj+4iDDB19\/t+TbrpP7T5w+yL+WeEy0sv7+dfFWR2nRERERETL1NRhLMrFB3uyfYkpLv7m4pg9MVuVNLvq9hdW3uf0T8vYe\/Varvf84aP0iX9\/\/Pp3sHeWf9Urm\/GsvnGaRuYqE+Oy\/fOUykkzyvJPD8q71\/jlfK6L4C01jDLl0h7i3QN13jIhbfs+\/zObAN6ww5663vq79lUwXjKgKoK7ajgR+PRP4IfDUtR2t\/yBfY0\/rKpqBDVI4ugAonXpS\/r55wfXpzk0amIIoSsLNEB4fhVxrXHaUUfg6uYF2WQ3jMIxwizovpgoy5k2j599s43Dbtfl2JYYqyD7PU\/dCLpi0IeZGFXh9sG0TP9qyqUvAMaui10x2Oc9KhERERGtSQWISk7eVRpt0SgDeDSjlO8maRiJynK68t7TyodvmlW3v7Cg\/9\/\/23u53\/Pj734HP3jv\/cS\/7Z0N8I0Pny3aLCrAE9FomsUOwAFGwfW0oLz\/UO2PBKjZgN0A4US4lZS6uQMgd2mfXspnVjAKBARiALtM1wsa\/wz\/Zz8w+tz+G6\/JXLG\/64vBcwA1rw1NI4WOsCAqSidlItxFMserRtAwgo4Y9AoO+rvs3HXW8t8k7vrYEYMeDKosG7Ox3HdTnR1WmfXERB3vP8mR5LAHQRcmLOXjXcr8exI3DNrfF3374rTzqOt1Ona8thERERERrdvA3ssOAAxS4myb7oVdh00ZqZ3XKtq\/1ol8nw5+jx+sswE0VQWCAGE5m3g2el5+hnxaUP6F9\/\/xIEfVBuD9AHnS8qcF9wYIh+\/vYFTHd88IHtoetSyBFZe1F3+t\/7PfMeFO3qRll73Xu06FIgOe50V8vwUIg88VSNQh5LgSUjVIYhZzkcu6iNopmaqLBrOqEHSQPFrAjYbpSzgpZ57rUN8LnG4ad3w1ZpQgCRAGD1\/MOBZdkLhmJBo1AUyOcnDbehVZxwHCupEVI2jadp167XT6YvAC4fXYb2va6\/2\/Zzk24suPb3v\/c4AwmLsjSL2G9DJcG7LujzSz6vm7daokTPI7a7v1bJm6LOdT33YQ7dghwEnH6rTr6rIm6E7yUzVKLMhznbhsAMiolI\/Tj73uNHYf5JIA0o6B0ehDhQA63JYL3ksRERERERXhwChUbZZ5AKCjNBpmu2IfR7qEvhg0TFgpYyBhWd9tSZpaRfvnDvpXDLC7u4uzs7MCmzPy88Hn2P3WN3O\/73tXvoLXf\/HLJbTo4rlsgDoU2rbO8YMFsv1dqZplBbWzlPY5FYO31BB1I9G6lJFeOsEFXbbponce+fvtNtTYpMtVE5ZZKmM0PM05MGqivEORy7qIkkr8uNI+rpOwSG0xY7X+WxJ2HN7TauZ56YKuYc3CzfK2Nxn4MTSOdCnx2nicMAl43Qh+Zo9T31u2rMn7w0t4Ww2jDo\/4cM26EbQE6C\/5sta2k7IDAAQ4sXOg3LG\/ezYc3X7cF42uGDzUpbHrsTtf4693y896bPjLb4uJzu1jaNyz29J9DhBud\/97Iu0zgbBc3VHCtSHr\/kgzq55\/WwxOJLwxvxcbCtqTcHLsCiQavguE5+odb5Lbloxf93wDJE9av28UDnNeV1cx1LZl16uM2ZP3xrlM\/XgJn753DXEJEPHOKiD9HsEfrdEXQR8GTxn0JyIiIqINUPUC\/N+2padPBFHpmW3QsFUD+mKiOUD7ykw8H22qVbR\/7r355Y+e4V+\/\/hJOX8rXB\/F48Dne\/+STma\/7NMNrktSv8WGqSAdaoV3SC2X7Bxg9HDenBE794URJgUUAuJzwvnlL+0zjZy4z6L8ZBsBYMAkIj4v7SqMCjAXpgXAyx7okZ3wWuayLYlSiYrzEj183\/0TmC\/onzd7S84PGngBh4PLRcDJQ6XOltS5v2Ei\/lg1A++6qIeqxQHArIeAPhJ2Rd9Uw9UbgR16A2fEnat+LSpUtb8MEwMS+64vBcUHzlMx7bCRt+6x3MGmf2RaNmkhqh\/as\/ZHEfWdO65S+bgQnMl6izvEnm3eSrnnA6LoX77hICvgDYQf+ZUFima+kz1hFls0Ao8SCgzkyY9w2HmD83sNl\/jeNoGVr\/jv+Pk3qwHHz+bhOx2h\/LfG8IyIiIiKaxw4EA2xniR8AKHvtrmxhCdtltn+hLpw\/+d2n+EbO9\/Re+2skV\/GnTVRBmMm4SLb\/Y9tjVYFE2Xiudn38s1zt\/rbSUWZ1W0aT4SYFS+KlfVxJCQBj2dk7CIMgexlOIhdASCtnQKvngmCHWmHHTnTct1m7rsOnaRS6NgMWCI+dpKBZkcu6KBpGoSPDiRI\/owm6w6BWXn7pE7+USc3ugwAmmuG+j7AHPICZOemvK621aV\/6XTE4MCrM\/sWoR\/+x0mMZ1PtaoaPCuvtuPV2WeidhxEV8+VUjaItGFePlZOLlc5YRlG2r8VEy8XVd1LzHRtcOnbxpFJ6KwSnCczqw7WxFI9ImJ5x+bP\/mMsnL9ncdMWgpjeYw+btx1v5Ie49bz2nbwH1fxidlHs1lMfrdE9HR9+ihVqgiLJnXknBU0wHGy0zdNgp3RKNpJOo8OLbXycfKYH+y\/yO6rrpM+xPROFjBfBr3lfbuEeY73102v1+ez+2HA63QKumx0TGu9E\/aSIx4x4vbl30vSYGIiIiIyBcAOFZDvEB4Tz0Qg\/uisQPgni6hpTR6XjztWGmcej\/fse+9bRQqRnDX+\/kFwiQot6y2GDwRjT0IHg5LCMRgL7aMeRJge\/YZI\/45NQgOtJraxrL9eceuf+Ct\/5Eu4Yl9\/nLL8tf\/kS5F5U\/f9paR975729sft7HjNl762tewu7ub+31XrlwF8JviG7TlWqLRKiUHXOIlFeKaRtCW8CE2LdA0jQvoBTBRVnBXhugllEVoeB0MfWVQhkRZ12VMZt0nTRAc2JMUAA4wWn41oVxDkratdwxgJQELyu6ed6zWTQlvlL4AEF4YXeZzwwigwoBTUqbqMpZ1ETS8oJW7DvilfbLcEPRhEI\/JPZZRuZH4SJ349aEGQd+E53zWSX83rdOu6ZWK8tcnXk+8DEyURakZQbdkolIjSevvl6JqpFzvXLA4XqO8KL0oQ3p8XZ8bJI5emMc8x0bdO7f99a5gFNgN2z0+qsfvmPKvG3umhO+XvkAAMxF4d7Lsj7ieTGbqJ6mZyUmZXSdAfB3b3neay9KvGUFPhcdSfARP1YyXBgKAe\/Y6GSD9XsDfPs0FSgJm1fPKNQGY2gEzTdUAgb3PqdkhtuHvJfrXD9i7TsW0JIIOJvdB3Yjd1sVOWE5ERERE50Nb6ei5o20D\/C4O0fPiXF0JR4qPnq00LkNF770PjQYk+rkDM7GsJzbG0YXBIcIAds\/eq7plzJP064+u9kdLd2FQFxlb\/g2vzR0YwIvFnSiNvtfmU68EThcGB1Bj69+0z3ktpceWkbdM87a3P25jg\/4\/LH8J3\/jg2Rzv\/G3hbbnoajbTr2szGpPqF6dxQcEkbdHYl\/Fg4YFW6JS0F2QZvTcpOJVlguA8BghPMgC5Jw2l5YsH6lwgphELvLhSCtNKmBS5rIugjNGoHxcg9Ev7ZDEt07tusnUc1Gwn5Lbuj2qs2X6nahZ1I2iLGZsAPP732W2QlXRixa+f7lxa5udNOzbSJsWd5dT7nvHXKRwVFJ4TfuDdN88k0rMm8fWX3bE35m70jeswqJrxEQVpJfZuGIWuDDNN7FxBcka8b9Xfma5klLt+B5ivFOFoMvFQ3\/u9+7cPE3WUuY6tpPJhfseLf22sQdC17WPQn4iIiIjiGt7zUlh1QtCVcK6uPS8ut2\/UWAxjz\/7dJXft2yz9FsLYWjVhWXsS3pv6z+B79nWuOsc83POF+xwXQ2iY5Da6n93\/t8TGHrRCXww6MkQZYXKmvyzE1t9xc9jNW\/57E9rvjoEiYpwbG\/SnYlUgqbWtZ9UXBsLswK4ME8sATOPXrz3UYYbhiego+NcWg8NY8PWeLuGntkyDPzloI+Gik2UC3zxOvEkOb29Bln9fDF6k\/M1dkM6LpODZvOtX5LLSnMd907BBVVfixy\/tswg3OW0Sl5HuvNjSYL+TFBieJsAoqziLIoOuSfXi83xO0hwsRcp7bMwTgPclfYe678KBAEkfn3d\/5Bk90zAKxxgfhTSrwyD+3e32Udq1Kn4dK9uM+CR5t28R18i+hNvqgQ5HXQyAuUoRVo0AXofRKNMfo3+9kQDP7aomnc9pHS\/uASS8b9n8+wsiIiIiWq2qkbGJdGsAmt7PD2LPzPGR4fFJeOM\/+8s61AqH9p70lp2HbN+oidG+eTWNjH3OkVY48u59Z7XxmfdzxcjYz\/FlufUPMJqM+J4ujb1nG9tf5GTKDPpfEE0jCw0LmTfbP3owNhKVDtg3KrWkhfssd6HpiMEdNUzspfNLLhSRNedPBtics37Zqt2fUnZmVtkmWq7zuG8aNojVt9nFeUr7AOF5FQ86Vk3yKJ0Bwlrd8UmVL4q+rf+3jIz8pImTk7yVMHGts8iN1KLWdWx0xeAVWwYsqU1FcB3lWQLofua9y26f9f6s7e\/IaI6EZSnqGnloJ+\/dt\/MyzFOK0F3DouG3GO88ccF9N5mv2y7TRiDGO178CYPTykEREREREa2aS3jpbWmCXSCjeUDdPG7bZJntn\/rU\/kevXpv60D+P\/\/vf\/8n0up8PPsfut76Ze\/k\/LH8Jf\/Hev0\/8\/tNPPsE\/zrG8Wcu9SOLZ\/lm4B+d4yRSXMTwrUOJP0hvP+vNL+xTx8OwmAywDC9fNIjqvXDkTV9suzxdSvFb6NCcXOOAPTA+ILsrd1GUZ5bWJNvHYSOrAnkeWSXx94RBgg6cSTryVVM8\/i753rA0A3FXDwjoylqnudRrua4UTWx4wbynCCkZzXQQY7Qd3bzGaiHeUyZ82Sbh7b0cMTmP30O4z0spBERERERGtgkvkcwm6HZvpv006Es6t5p4J+lJMQvCqrKL9M1P1Pv71rwv9wKw+\/eSTud53du215N+fnS20LmnLvUj8bP\/2lNrcWbgAfn9KUMufpDfpwO9EtXzHy1D0veBL1tq+fRlNBrifkI28qW4YhVpKsCmp3jKtznndN\/EOu0VLpqTxR934538fZurcAHH9LcxW6HsTAB1qNRYcbIspLOA9q7N0UycyL+rYyKtqBIcp26SoDpSsk\/g6ruZjz2b7A5NlZXwPU8po+Z7IqAP8SJfGlnUseur3dh5FXCOPvPXx51hoi8ZtTCYLTOPmuuim7ANXc9NdU+LzcwDj8xiFcx8kf5Y\/DwMRERER0apFSWYSlqg5XHeD5nDHJth0IBOljrbBKtq\/tvH5u7u7W9eLRGFAvCtDb5bp+WQJGD6xnxGfPNFxtYA7dnKMJG+pYaYyFPftZ5URZgumyRLY8V9TtnWApykv8ODfNJI4mSet33ndN67EjwsKLmvonLtGTGTrZvw4Vz87rWb4ujxHWJtxGtfmulcWzVk0+z9PwHbREU95M8W7GTtpFz02FrHMslw9O6wznGgrX3v6YtCJlaRJkqVW\/sC+fd+oifO7XODqF3GNjG+nA63QLoXf5ydK5zqG9+xEu+7+Zi+2Hd1kvm6UYWI9\/4ydjF27r7dxbhciIiIi2n4ubrXN96N+XGIbraL9U6Oh+uwM71x7tfAP3QHwt79\/gT\/78Fnhn1Xxnrfqu7uFtb\/CjCwAYYDPn1x3FvcQHc+2zRK4ahdYr3+anpfZd6CnZwZWIeggDK4ceL\/veOvjZ8+6oED8AX8Ar3wAh\/jTlmlEs85vbsetu4lZVomcefXFjAU6R1nDq7kOBPbfZY3Q8MXrEc7aF0Hs5+dLaNM8Kl5gPV4rvsibtFmT8CYpA6MReDZYfT1h37rv7Y6Yie\/Ubb5RjqsgvE\/pSBi8z1qKEBhN5tuX5HPSn8w36e\/A6G\/7RuEwpcPBTdLV28J6o0RERES0vQIAx2qICgRHuoRTMahkSAraJD0xaInGDaPwaHgJgS1zui1W3f6pQf\/h7z7Fm0v76OV\/1svvvY+XC17mtgowXgInLkv2n3OgVVTPexZXesA9gLtaYS6LP+2Bt29rWwFAM+XB+bZReJE0vN4r8eCXMggAtJVGxchY0OOnapTlX4VMbKeKl3XpBwXc+gQAWlGpofH18U\/e+0rjtl2X+14Jim26QBEBYUdcAFlJvbx4ia6sQXz\/XNykSTOfiEZTJCoV0rLXgqTOv35CNvCikyu57ZdWj7wIrrPXX9cASB0hVrOvb4tGVcKAac\/bNmnmPTZm6cNgR0bHkD9h7h01xJGd6L1jb9hqkNQAbx55JvH1ue0X\/Zzw\/roRtMXgvhqirEu2ZmTY\/gBIHE4aP9bcBLSb7qZR6MjQlgic7ORIczn2c3Xi58lyP3EuAWDaPqzZY2cbJxkjIiIiou3VVtrerxpcl+zz7W2Sli1L1JWwqse2lU5edfvXVt6HViuscZv+94e6lPmEbxpBK2O2v18K5FhpHEPH\/p4cKGl7D85pZQ5Sg3jer\/11CmyAow5B04QBjp5Xf3cAJE5cfWBUVCLAH+mQtD7x4EIZYd1pV2PYlR1w3PYh2iY1I3hgllszz2XrvqWGUQAtb9DRZUBv2qSZtxKuM\/61o+ZdN79f+iK61j0XZB5llcYFcpd5g3fddvYOML6uade6plZo2Wtj0nU1rohjI4nriDlWGvXYMe46u\/ticCtWTq4Pg5tYbC4Yf\/RX3n3TsKWsgPRgsyt7M8CodqTPD4675XXF4I3SEJftZnWdUJuuZsY71ZrDbNeq+HaP32PE\/x7f3\/6Iv2nB\/Lo9fjtitrJ2KhERERFtJ7\/89LYFyx03on+ZSWzLtOr2b25tBtpoeerkHqVMSHGkS6lBEjcS4MYGlg\/5SUoJoKT62wBwW6vEE7oCweEWTjZCtAoHZnSeuck182bsu8Bbe4Oyk5NKiDWNmggo3rbXBhcM7toOykVGLPgjqJaZYVwzgmbCtTBtHp9Kyt\/SXl\/EsZFkWkZ4M2WdgOnfZVn5E\/jm7Qj2J+5NKw1UQfp3cXxC5Kq3rgHM2OS223Jzve+1v5Pj\/HfHUFrnybS\/p00AHOf2UQAzUdKKiIiIiGhZ9o3CI13Cu8NLCz+\/rMs9XcJDXcKjjIk9m2bV7Z+a6f\/f3\/07\/Hzw+Uoasum+d+UreP0Xv1x3M3ILHz5nB879Xr6KERwYNbXnr2kEQcaAfMMI3h1ewmOlcQqDii0LkpbNGGD0wD5PYMq1P+33Ses6TfwBvmYEj7z12UE4YiEtYFQG8GhYwhPRUfChYQQ3TPr8AW6\/raLu9qabdjzeMAo1mIntlOcYmHdZF0WedU97rdu2ebIJqvY8ayuNnnee1Y1EZbpmaRiFY2j0xUyUglk1tw0aRqGmBSc2iN9I6SxsGsFlXcJTMWPXTQDoJhynWfbTiXf9WfYIoyOtULWl3XYQllwBEGWkxx1qhaoIOrbD96Y9T8sJq5X32Mh6\/O0bhR0tCCT5tUdaoSlhmZwABnsQ3NTJGf55rxnz1PP3Ve2olmnfGU0jqGf8Lj7SCjWRaDScW9eumIntk+WeoWiztm\/aPcqs94Ul+9K3o\/t7UgdT1QgOMnxvVy\/4dwoRERERrc+mlL1dxDaWJfKtsv3y2dWv\/grA9aQ\/\/sdrr+AfPv5wZY3ZZO9cexVvfvibdTeDiIhyuKOG6Nhg6IMLPLImAHDLTiB6pEsrmY8hrmdL8gDAsyGrC\/pu2dJBeUrt+V4pfQGA25WIiIiIiIgAAE+ZakREROeWyzDv2mz\/i6qlwnrulRVNwEzZBQhLL5UxX9ZHZwUlm4iIiIiIiGi7TE0Jq5gww52A+u7uuptAREQ51YxEE\/o+B1Bbd4PWxE0AfJhjPhZajXkn8B0AOLUT1AOza8kTERERERHRxTE16P\/lj57hzRU1hIiIaBmOdAltpS90hvvPdAktpZkNvoEuI6w1nzdof+qVSwLmnw+AiIiIiIiIzh8WfyUionOtAuDggme4l8Es\/01VmzKxfVYNI+diUi4iIiIiIiIqBoP+REREtHQVIzgw7Hgoyg6AplGoGmCf25WIiIiIiIg88tnVr\/4KwPV1N4SIiIiIiIiIiIiIiBbylKlhRERERERERERERETnxP8DZSOOojjooVgAAAAASUVORK5CYII=\" alt=\"Markalama G\u00f6rseli\" title=\"\"><\/p>\n<\/div>\n<div>\n<table style=\"width: 100%;\" cellspacing=\"0\" cellpadding=\"0\">\n<tbody>\n<tr>\n<td style=\"width: 120px; font-weight: bold;\">Norm<\/td>\n<td style=\"width: 400px; text-align: left;\">EN 694<br \/>\nKIWA<br \/>\nISO 1307<\/td>\n<td style=\"width: 120px; font-weight: bold;\">Colour<\/td>\n<td style=\"width: 400px;\">\n<div class=\"color-icons\"><img decoding=\"async\" src=\"data:image\/svg+xml;base64,PHN2ZyB2aWV3Qm94PSIwIDAgMTAwIDEwMCIgeG1sbnM9Imh0dHA6Ly93d3cudzMub3JnLzIwMDAvc3ZnIj4KICA8Y2lyY2xlIGN4PSI1MCIgY3k9IjUwIiByPSI0OSIgZmlsbD0iI0U4M0YzRiIgc3Ryb2tlPSJibGFjayIgc3Ryb2tlLXdpZHRoPSIwLjUiLz4KICA8Y2lyY2xlIGN4PSI1MCIgY3k9IjUwIiByPSIzOCIgZmlsbD0id2hpdGUiIHN0cm9rZT0iYmxhY2siIHN0cm9rZS13aWR0aD0iMC41Ii8+CiAgPGNpcmNsZSBjeD0iNTAiIGN5PSI1MCIgcj0iMzMiIGZpbGw9IiMwMDAwMDAiIHN0cm9rZT0iYmxhY2siIHN0cm9rZS13aWR0aD0iMC41Ii8+CiAgPGNpcmNsZSBjeD0iNTAiIGN5PSI1MCIgcj0iMjIiIGZpbGw9IndoaXRlIiBzdHJva2U9ImJsYWNrIiBzdHJva2Utd2lkdGg9IjAuNSIvPgo8L3N2Zz4=\" alt=\"\" title=\"\"><\/div>\n<\/td>\n<\/tr>\n<\/tbody>\n<\/table>\n<\/div>\n<\/div>\n<\/div>","protected":false},"excerpt":{"rendered":"<p>&nbsp; \u00dcr\u00fcn Ad\u0131: FIRE REEL &#8211; 70 BAR \u00dcr\u00fcn Kodu: TBY72 Thermorub\u00ae Yang\u0131n Makaras\u0131 Kullanim Alan\u0131 : Yang\u0131n Makaralar\u0131nda Yang\u0131n S\u00f6nd\u00fcrme Uygulamalar\u0131 \u0130\u00e7in. Alt Katman : \u00d6zel Thermorub Bile\u015fi\u011fi. Takviye Katman\u0131 : Y\u00fcksek Mukavemetli Sentetik Tekstil. \u00dcst Katman : A\u015f\u0131nmaya, Is\u0131ya ve Hava Ko\u015fullar\u0131na Dayan\u0131kl\u0131 Termorub Bile\u015fen. SE\u00c7ENEKLER \/ TS EN 694 -5\u00b0C \/ +60\u00b0C [&#8230;]\n","protected":false},"featured_media":22616,"comment_status":"open","ping_status":"closed","template":"","meta":{"jetpack_post_was_ever_published":false},"product_brand":[],"product_cat":[2385],"product_tag":[],"class_list":{"0":"post-22618","1":"product","2":"type-product","3":"status-publish","4":"has-post-thumbnail","6":"product_cat-oend","8":"first","9":"instock","10":"taxable","11":"shipping-taxable","12":"product-type-simple"},"jetpack-related-posts":[{"id":22615,"url":"https:\/\/tuzlahortum.com.tr\/en\/product\/fire-reel-tby71\/","url_meta":{"origin":22618,"position":0},"title":"FIRE REEL TBY71","author":"admin","date":"11 August 2025","format":false,"excerpt":"\u00a0 \u00dcr\u00fcn Ad\u0131: FIRE REEL TBY71 \u00dcr\u00fcn Kodu: TBY71 Thermorub\u00ae Ate\u015f K\u0131z\u0131 Kullanim Alan\u0131 : Yang\u0131n Makaralar\u0131nda Yang\u0131n S\u00f6nd\u00fcrme Uygulamalar\u0131 \u0130\u00e7in. Alt Katman : \u00d6zel Thermorub Bile\u015fi\u011fi. Takviye Katman\u0131 : Y\u00fcksek Mukavemetli Sentetik Tekstil. \u00dcst Katman : A\u015f\u0131nmaya, Is\u0131ya ve Hava Ko\u015fullar\u0131na Dayan\u0131kl\u0131 Termorub Bile\u015fen. SE\u00c7ENEKLER \/ TS EN 694\u2026","rel":"","context":"Similar post","block_context":{"text":"Similar post","link":""},"img":{"alt_text":"","src":"https:\/\/i0.wp.com\/tuzlahortum.com.tr\/wp-content\/uploads\/2025\/08\/PVC_106-1.png?fit=446%2C446&ssl=1&resize=350%2C200","width":350,"height":200},"classes":[]},{"id":21998,"url":"https:\/\/tuzlahortum.com.tr\/en\/product\/eden-platinium\/","url_meta":{"origin":22618,"position":1},"title":"EDEN - PLATINIUM","author":"admin","date":"11 August 2025","format":false,"excerpt":"\u00a0 \u00dcr\u00fcn Ad\u0131: EDEN - PLATINIUM \u00dcr\u00fcn Kodu: TBG95 3 Katl\u0131 Thermorub\u00ae Bah\u00e7e Kullanim Alan\u0131 : Bah\u00e7ecilik, Sulama ve Genel Su Tahliyesi. Kal\u0131n Duvar, G\u00fcvenli Kullan\u0131m \u0130\u00e7in Kal\u0131nl\u0131k, \u00d6zel THERMORUB\u00ae Bile\u015fi\u011fi, K\u0131vr\u0131lma Yapmaz, \u015eekil Bozulmas\u0131na Kar\u015f\u0131 En \u0130yi Diren\u00e7, Esnek, Kullan\u0131m\u0131 Kolay, Y\u00fcksek Performansl\u0131 Sulama Uygulamalar\u0131. Alt Katman : \u00d6zel\u2026","rel":"","context":"Similar post","block_context":{"text":"Similar post","link":""},"img":{"alt_text":"","src":"https:\/\/i0.wp.com\/tuzlahortum.com.tr\/wp-content\/uploads\/2025\/08\/PVC_94.png?fit=525%2C525&ssl=1&resize=350%2C200","width":350,"height":200,"srcset":"https:\/\/i0.wp.com\/tuzlahortum.com.tr\/wp-content\/uploads\/2025\/08\/PVC_94.png?fit=525%2C525&ssl=1&resize=350%2C200 1x, https:\/\/i0.wp.com\/tuzlahortum.com.tr\/wp-content\/uploads\/2025\/08\/PVC_94.png?fit=525%2C525&ssl=1&resize=525%2C300 1.5x"},"classes":[]},{"id":22025,"url":"https:\/\/tuzlahortum.com.tr\/en\/product\/air-pump\/","url_meta":{"origin":22618,"position":2},"title":"AIR-PUMP","author":"admin","date":"11 August 2025","format":false,"excerpt":"\u00a0 \u00dcr\u00fcn Ad\u0131: AIR-PUMP \u00dcr\u00fcn Kodu: TBA33 Thermorub\u00ae Hafif Hizmet Hava Kullanim Alan\u0131 : Ara\u00e7 Servis \u0130stasyonlar\u0131ndaki Pn\u00f6matik Ekipmanlar \u0130\u00e7in. Alt Katman : \u00d6zel Thermorub Bile\u015fi\u011fi. Takviye Katman\u0131 : Y\u00fcksek Mukavemetli Sentetik Tekstil. \u00dcst Katman : A\u015f\u0131nmaya, Hava Ko\u015fullar\u0131na ve Ya\u011fa Dayan\u0131kl\u0131 \u00d6zel Termorub Bile\u015fimi. SE\u00c7ENEKLER \/ TSE EN ISO\u2026","rel":"","context":"Similar post","block_context":{"text":"Similar post","link":""},"img":{"alt_text":"","src":"https:\/\/i0.wp.com\/tuzlahortum.com.tr\/wp-content\/uploads\/2025\/08\/PVC_101.png?fit=444%2C444&ssl=1&resize=350%2C200","width":350,"height":200},"classes":[]},{"id":22001,"url":"https:\/\/tuzlahortum.com.tr\/en\/product\/gordion\/","url_meta":{"origin":22618,"position":3},"title":"GORDION","author":"admin","date":"11 August 2025","format":false,"excerpt":"\u00a0 \u00dcr\u00fcn Ad\u0131: GORDION \u00dcr\u00fcn Kodu: TBW11 Thermorub\u00ae D\u00fc\u015f\u00fck Bas\u0131n\u00e7 Su Kullanim Alan\u0131 : Bah\u00e7ecilik ve Genel Su Tahliye Hizmetleri Alt Katman : \u00d6zel Sentetik Termorub Bile\u015fi\u011fi Takviye Katman\u0131 : Y\u00fcksek Mukavemetli Sentetik Tekstil. \u00dcst Katman : A\u015f\u0131nmaya ve Hava Ko\u015fullar\u0131na Dayan\u0131kl\u0131 \u00d6zel Termorub Bile\u015fimi. SE\u00c7ENEKLER \/ TS 8507 -5\u00b0C\u2026","rel":"","context":"Similar post","block_context":{"text":"Similar post","link":""},"img":{"alt_text":"","src":"https:\/\/i0.wp.com\/tuzlahortum.com.tr\/wp-content\/uploads\/2025\/08\/PVC_96.png?fit=444%2C444&ssl=1&resize=350%2C200","width":350,"height":200},"classes":[]},{"id":22630,"url":"https:\/\/tuzlahortum.com.tr\/en\/product\/wash\/","url_meta":{"origin":22618,"position":4},"title":"WASH","author":"admin","date":"11 August 2025","format":false,"excerpt":"\u00a0 \u00dcr\u00fcn Ad\u0131: WASH \u00dcr\u00fcn Kodu: TBD88 \u00c7ama\u015f\u0131r Makinesi Hortumu Kullanim Alan\u0131 : \u00c7ama\u015f\u0131r Makinelerinin Su Giri\u015f Ba\u011flant\u0131lar\u0131. Alt Katman : \u00d6zel Thermorub Bile\u015fi\u011fi. Takviye Katman\u0131 : Y\u00fcksek Mukavemetli Sentetik Tekstil. \u00dcst Katman : A\u015f\u0131nmaya, Is\u0131ya, Sabun ve Deterjan \u00c7\u00f6zeltilerine, Hipokloritlere ve Hava Ko\u015fullar\u0131na Dayan\u0131kl\u0131 Termorub Bile\u015fimi. -5\u00b0C \/ +60\u00b0C\u2026","rel":"","context":"Similar post","block_context":{"text":"Similar post","link":""},"img":{"alt_text":"","src":"https:\/\/i0.wp.com\/tuzlahortum.com.tr\/wp-content\/uploads\/2025\/08\/PVC_110.png?fit=445%2C445&ssl=1&resize=350%2C200","width":350,"height":200},"classes":[]},{"id":22019,"url":"https:\/\/tuzlahortum.com.tr\/en\/product\/assos-40-bar\/","url_meta":{"origin":22618,"position":5},"title":"ASSOS - 40 BAR","author":"admin","date":"11 August 2025","format":false,"excerpt":"\u00a0 \u00dcr\u00fcn Ad\u0131: ASSOS TBA31 \u00dcr\u00fcn Kodu: TBA31 Thermorub\u00ae Hafif Hizmet Hava Kullanim Alan\u0131 : Pn\u00f6matik Ekipmanlar ve Aletler \u0130\u00e7in. Alt Katman : \u00d6zel Ya\u011f Sisine Dayan\u0131kl\u0131 Sentetik Termorub Bile\u015fi\u011fi. Takviye Katman\u0131 : Y\u00fcksek Mukavemetli Sentetik Tekstil. \u00dcst Katman : A\u015f\u0131nmaya ve Hava Ko\u015fullar\u0131na Dayan\u0131kl\u0131 \u00d6zel Termorub Bile\u015fimi. SE\u00c7ENEKLER \/\u2026","rel":"","context":"Similar post","block_context":{"text":"Similar post","link":""},"img":{"alt_text":"","src":"https:\/\/i0.wp.com\/tuzlahortum.com.tr\/wp-content\/uploads\/2025\/08\/PVC_100-1.png?fit=443%2C443&ssl=1&resize=350%2C200","width":350,"height":200},"classes":[]}],"jetpack_sharing_enabled":true,"jetpack_likes_enabled":true,"_links":{"self":[{"href":"https:\/\/tuzlahortum.com.tr\/en\/wp-json\/wp\/v2\/product\/22618","targetHints":{"allow":["GET"]}}],"collection":[{"href":"https:\/\/tuzlahortum.com.tr\/en\/wp-json\/wp\/v2\/product"}],"about":[{"href":"https:\/\/tuzlahortum.com.tr\/en\/wp-json\/wp\/v2\/types\/product"}],"replies":[{"embeddable":true,"href":"https:\/\/tuzlahortum.com.tr\/en\/wp-json\/wp\/v2\/comments?post=22618"}],"wp:featuredmedia":[{"embeddable":true,"href":"https:\/\/tuzlahortum.com.tr\/en\/wp-json\/wp\/v2\/media\/22616"}],"wp:attachment":[{"href":"https:\/\/tuzlahortum.com.tr\/en\/wp-json\/wp\/v2\/media?parent=22618"}],"wp:term":[{"taxonomy":"product_brand","embeddable":true,"href":"https:\/\/tuzlahortum.com.tr\/en\/wp-json\/wp\/v2\/product_brand?post=22618"},{"taxonomy":"product_cat","embeddable":true,"href":"https:\/\/tuzlahortum.com.tr\/en\/wp-json\/wp\/v2\/product_cat?post=22618"},{"taxonomy":"product_tag","embeddable":true,"href":"https:\/\/tuzlahortum.com.tr\/en\/wp-json\/wp\/v2\/product_tag?post=22618"}],"curies":[{"name":"wp","href":"https:\/\/api.w.org\/{rel}","templated":true}]}}