{"id":22007,"date":"2025-08-11T11:58:22","date_gmt":"2025-08-11T08:58:22","guid":{"rendered":"https:\/\/tuzlahortum.com.tr\/urun\/odeon-l-20-bar\/"},"modified":"2025-08-20T15:02:34","modified_gmt":"2025-08-20T12:02:34","slug":"odeon-l-20-bar","status":"publish","type":"product","link":"https:\/\/tuzlahortum.com.tr\/en\/product\/odeon-l-20-bar\/","title":{"rendered":"ODEON L - 20 BAR"},"content":{"rendered":"<p>&nbsp;<\/p>\n<div class=\"report-container\">\n<div class=\"report-header\">\n<div class=\"standard-text\">Product Name: ODEON L - 20 BAR<\/div>\n<div class=\"standard-text\">Product Code: TBP21<\/div>\n<\/div>\n<div class=\"product-image-container\">\n<div class=\"key-feature\">Agricultural (Spraying) 20 Bar<\/div>\n<\/div>\n<div class=\"horizontal-line\"><\/div>\n<div class=\"product-details\">\n<div class=\"detail-row\">\n<div class=\"detail-label\">Area of Use<\/div>\n<div class=\"detail-value\">: For Pesticide and Fertilizer Spraying in Agriculture<\/div>\n<\/div>\n<div class=\"detail-row\">\n<div class=\"detail-label\">Substrate<\/div>\n<div class=\"detail-value\">: Special PVC compound resistant to pesticides and fertilizers.<\/div>\n<\/div>\n<div class=\"detail-row\">\n<div class=\"detail-label\">Reinforcement Layer<\/div>\n<div class=\"detail-value\">: High Strength Synthetic Textile.<\/div>\n<\/div>\n<div class=\"detail-row\">\n<div class=\"detail-label\">Top Layer<\/div>\n<div class=\"detail-value\">: Special PVC Composition Resistant to Abrasion, Ozone and Weathering.<\/div>\n<\/div>\n<\/div>\n<div class=\"datasheet_table\"><img decoding=\"async\" class=\"alignnone size-full\" src=\"https:\/\/tuzlahortum.com.tr\/wp-content\/uploads\/2025\/08\/datasheet495.svg\" alt=\"\" title=\"\"><\/div>\n<div class=\"table-notes\"><\/div>\n<div class=\"horizontal-line\"><\/div>\n<div class=\"footer\">\n<div class=\"standards-section\">\n<div class=\"standard-item\" style=\"margin-top: 9px;\"><\/div>\n<div class=\"standard-info\"><\/div>\n<\/div>\n<div class=\"temperature-section\">\n<div class=\"temp-icon\"><img decoding=\"async\" src=\"data:image\/svg+xml;base64,PD94bWwgdmVyc2lvbj0iMS4wIiBlbmNvZGluZz0iVVRGLTgiPz4KPHN2ZyBpZD0ia2F0bWFuXzIiIGRhdGEtbmFtZT0ia2F0bWFuIDIiIHhtbG5zPSJodHRwOi8vd3d3LnczLm9yZy8yMDAwL3N2ZyIgdmlld0JveD0iMCAwIDcyLjI3IDE2Ljk4Ij4KICA8ZGVmcz4KICAgIDxzdHlsZT4KICAgICAgLmNscy0xIHsKICAgICAgICBzdHJva2Utd2lkdGg6IC41OXB4OwogICAgICB9CgogICAgICAuY2xzLTEsIC5jbHMtMiwgLmNscy0zLCAuY2xzLTQgewogICAgICAgIGZpbGw6IG5vbmU7CiAgICAgICAgc3Ryb2tlLW1pdGVybGltaXQ6IDMuODY7CiAgICAgIH0KCiAgICAgIC5jbHMtMSwgLmNscy0zLCAuY2xzLTQgewogICAgICAgIHN0cm9rZTogI2E3YTlhYjsKICAgICAgfQoKICAgICAgLmNscy01IHsKICAgICAgICBmaWxsOiAjYTdhOWFiOwogICAgICB9CgogICAgICAuY2xzLTIgewogICAgICAgIHN0cm9rZTogI2ZmZjsKICAgICAgfQoKICAgICAgLmNscy0zIHsKICAgICAgICBzdHJva2Utd2lkdGg6IDIuMDZweDsKICAgICAgfQoKICAgICAgLmNscy00IHsKICAgICAgICBzdHJva2Utd2lkdGg6IC4ycHg7CiAgICAgIH0KICAgIDwvc3R5bGU+CiAgPC9kZWZzPgogIDxnIGlkPSJrYXRtYW5fMSIgZGF0YS1uYW1lPSJrYXRtYW4gMSI+CiAgICA8Zz4KICAgICAgPHBhdGggY2xhc3M9ImNscy0zIiBkPSJNMTEuMzQsMTEuNTdjLS45NCwxLjcxLTIuNzEsMi42Ni00LjgsMi42Ni0zLjA1LDAtNS41MS0yLjQ3LTUuNTEtNS41MlMzLjUsMy4xOSw2LjU1LDMuMTljMS45NCwwLDMuNjUsMSw0LjYzLDIuNTIiLz4KICAgICAgPGNpcmNsZSBjbGFzcz0iY2xzLTUiIGN4PSI2LjU1IiBjeT0iOC42NiIgcj0iMi40Ii8+CiAgICAgIDxjaXJjbGUgY2xhc3M9ImNscy0yIiBjeD0iNi41NSIgY3k9IjguNjYiIHI9IjIuNCIvPgogICAgICA8bGluZSBjbGFzcz0iY2xzLTMiIHgxPSI2OC4zNCIgeTE9IjExLjc2IiB4Mj0iOS45MiIgeTI9IjExLjc2Ii8+CiAgICAgIDxsaW5lIGNsYXNzPSJjbHMtMyIgeDE9IjY4Ljc4IiB5MT0iNS41MSIgeDI9IjkuNzMiIHkyPSI1LjUxIi8+CiAgICAgIDxsaW5lIGNsYXNzPSJjbHMtMyIgeDE9IjU0LjA3IiB5MT0iOC43NSIgeDI9IjguNjQiIHkyPSI4Ljc1Ii8+CiAgICAgIDxwYXRoIGNsYXNzPSJjbHMtMyIgZD0iTTY4LjE1LDUuNTVjMS43MSwwLDMuMDksMS4zOSwzLjA5LDMuMDlzLTEuOTIsMy4wNi0zLjYyLDMuMDYiLz4KICAgICAgPHBhdGggY2xhc3M9ImNscy01IiBkPSJNNTMuOTEsOC43NWMwLS4xNC4xMi0uMjYuMjYtLjI2cy4yNy4xMi4yNy4yNi0uMTIuMjctLjI3LjI3LS4yNi0uMTItLjI2LS4yN1oiLz4KICAgICAgPHBhdGggY2xhc3M9ImNscy0zIiBkPSJNNTMuOTEsOC43NWMwLS4xNC4xMi0uMjYuMjYtLjI2cy4yNy4xMi4yNy4yNi0uMTIuMjctLjI3LjI3LS4yNi0uMTItLjI2LS4yN1oiLz4KICAgICAgPGxpbmUgY2xhc3M9ImNscy0xIiB4MT0iMzYuNDMiIHkxPSIxNi45OCIgeDI9IjM2LjQzIiB5Mj0iMTQuMjQiLz4KICAgICAgPGxpbmUgY2xhc3M9ImNscy0xIiB4MT0iMjguMDUiIHkxPSIxNi45OCIgeDI9IjI4LjA1IiB5Mj0iMTQuMjQiLz4KICAgICAgPGxpbmUgY2xhc3M9ImNscy0xIiB4MT0iMTkuNTkiIHkxPSIxNi45OCIgeDI9IjE5LjU5IiB5Mj0iMTQuMjQiLz4KICAgICAgPGxpbmUgY2xhc3M9ImNscy0xIiB4MT0iNDEuNTciIHkxPSIyLjc0IiB4Mj0iNDEuNTciLz4KICAgICAgPGxpbmUgY2xhc3M9ImNscy0xIiB4MT0iMzMuMjgiIHkxPSIyLjc0IiB4Mj0iMzMuMjgiLz4KICAgICAgPGxpbmUgY2xhc3M9ImNscy0xIiB4MT0iMjQuOTkiIHkxPSIyLjc0IiB4Mj0iMjQuOTkiLz4KICAgICAgPGxpbmUgY2xhc3M9ImNscy0xIiB4MT0iMTYuMDgiIHkxPSIyLjc0IiB4Mj0iMTYuMDgiLz4KICAgICAgPGxpbmUgY2xhc3M9ImNscy0xIiB4MT0iNDQuNjMiIHkxPSIxNi45OCIgeDI9IjQ0LjYzIiB5Mj0iMTQuMjQiLz4KICAgICAgPGxpbmUgY2xhc3M9ImNscy0xIiB4MT0iNDkuNDkiIHkxPSIyLjc0IiB4Mj0iNDkuNDkiLz4KICAgICAgPGxpbmUgY2xhc3M9ImNscy00IiB4MT0iNDAuODgiIHkxPSIxNi45OCIgeDI9IjQwLjg4IiB5Mj0iMTQuMjQiLz4KICAgICAgPGxpbmUgY2xhc3M9ImNscy00IiB4MT0iMzIuMzMiIHkxPSIxNi45OCIgeDI9IjMyLjMzIiB5Mj0iMTQuMjQiLz4KICAgICAgPGxpbmUgY2xhc3M9ImNscy00IiB4MT0iMjMuNzkiIHkxPSIxNi45OCIgeDI9IjIzLjc5IiB5Mj0iMTQuMjQiLz4KICAgICAgPGxpbmUgY2xhc3M9ImNscy00IiB4MT0iMjAuNTkiIHkxPSIyLjc0IiB4Mj0iMjAuNTkiLz4KICAgICAgPGxpbmUgY2xhc3M9ImNscy00IiB4MT0iMjkuMTMiIHkxPSIyLjc0IiB4Mj0iMjkuMTMiLz4KICAgICAgPGxpbmUgY2xhc3M9ImNscy00IiB4MT0iMzcuMTYiIHkxPSIyLjc0IiB4Mj0iMzcuMTYiLz4KICAgICAgPGxpbmUgY2xhc3M9ImNscy00IiB4MT0iNDUuNzEiIHkxPSIyLjc0IiB4Mj0iNDUuNzEiLz4KICAgIDwvZz4KICA8L2c+Cjwvc3ZnPg==\" alt=\"S\u0131cakl\u0131k\" width=\"100\" title=\"\"><\/div>\n<div class=\"temp-values\">\n<div>-5\u00b0C \/ +60\u00b0C<\/div>\n<div>-23\u00b0F \/ +140\u00b0F<\/div>\n<\/div>\n<\/div>\n<div class=\"marking-section\">\n<div class=\"detail-row\">\n<div class=\"detail-label\">Branding<\/div>\n<div class=\"detail-value\">: Inkjet SEL ODEON L 20\/40 BAR<\/div>\n<\/div>\n<\/div>\n<div>\n<table style=\"width: 100%;\" cellspacing=\"0\" cellpadding=\"0\">\n<tbody>\n<tr>\n<td style=\"width: 120px; font-weight: bold;\">Norm<\/td>\n<td style=\"width: 400px; text-align: left;\">ISO 1307<\/td>\n<td style=\"width: 120px; font-weight: bold;\">Colour<\/td>\n<td style=\"width: 400px;\">\n<div class=\"color-icons\"><\/div>\n<\/td>\n<\/tr>\n<\/tbody>\n<\/table>\n<\/div>\n<\/div>\n<\/div>","protected":false},"excerpt":{"rendered":"<p>&nbsp; \u00dcr\u00fcn Ad\u0131: ODEON L &#8211; 20 BAR \u00dcr\u00fcn Kodu: TBP21 Tar\u0131msal (P\u00fcsk\u00fcrtme) 20 Bar Kullanim Alan\u0131 : Tar\u0131mda Pestisit ve G\u00fcbre P\u00fcsk\u00fcrtme \u0130\u00e7in Alt Katman : Pestisitlere ve g\u00fcbrelere dayan\u0131kl\u0131 \u00f6zel PVC bile\u015fi\u011fi. Takviye Katman\u0131 : Y\u00fcksek Mukavemetli Sentetik Tekstil. \u00dcst Katman : A\u015f\u0131nmaya, Ozona ve Hava Ko\u015fullar\u0131na Dayan\u0131kl\u0131 \u00d6zel PVC Bile\u015fimi. -5\u00b0C \/ [&#8230;]\n","protected":false},"featured_media":22008,"comment_status":"open","ping_status":"closed","template":"","meta":{"jetpack_post_was_ever_published":false},"product_brand":[],"product_cat":[2385],"product_tag":[],"class_list":{"0":"post-22007","1":"product","2":"type-product","3":"status-publish","4":"has-post-thumbnail","6":"product_cat-oend","8":"first","9":"instock","10":"taxable","11":"shipping-taxable","12":"product-type-simple"},"jetpack-related-posts":[{"id":22010,"url":"https:\/\/tuzlahortum.com.tr\/en\/product\/odeon-l-40-bar\/","url_meta":{"origin":22007,"position":0},"title":"ODEON L - 40 BAR","author":"admin","date":"11 August 2025","format":false,"excerpt":"\u00a0 \u00dcr\u00fcn Ad\u0131: ODEON L - 40 BAR \u00dcr\u00fcn Kodu: TBP22 Tar\u0131msal (P\u00fcsk\u00fcrtme) 40 Bar Kullanim Alan\u0131 : Tar\u0131mda Pestisit ve G\u00fcbre P\u00fcsk\u00fcrtme \u0130\u00e7in Alt Katman : Pestisitlere ve g\u00fcbrelere dayan\u0131kl\u0131 \u00f6zel PVC bile\u015fi\u011fi. Takviye Katman\u0131 : Y\u00fcksek Mukavemetli Sentetik Tekstil. \u00dcst Katman : A\u015f\u0131nmaya, Ozona ve Hava Ko\u015fullar\u0131na Dayan\u0131kl\u0131\u2026","rel":"","context":"Similar post","block_context":{"text":"Similar post","link":""},"img":{"alt_text":"","src":"https:\/\/i0.wp.com\/tuzlahortum.com.tr\/wp-content\/uploads\/2025\/08\/PVC_98-1.png?fit=446%2C446&ssl=1&resize=350%2C200","width":350,"height":200},"classes":[]},{"id":22013,"url":"https:\/\/tuzlahortum.com.tr\/en\/product\/odeon-50-bar\/","url_meta":{"origin":22007,"position":1},"title":"ODEON 50 BAR","author":"admin","date":"11 August 2025","format":false,"excerpt":"\u00a0 \u00dcr\u00fcn Ad\u0131: ODEON 50 BAR \u00dcr\u00fcn Kodu: TBP23 Tar\u0131msal (P\u00fcsk\u00fcrtme) 50 Bar Kullanim Alan\u0131 : Tar\u0131mda Pestisit ve G\u00fcbre P\u00fcsk\u00fcrtme \u0130\u00e7in. Alt Katman : Pestisitlere ve g\u00fcbrelere dayan\u0131kl\u0131 \u00f6zel PVC bile\u015fi\u011fi. Takviye Katman\u0131 : Y\u00fcksek Mukavemetli Sentetik Tekstil. \u00dcst Katman : A\u015f\u0131nmaya, Ozona ve Hava Ko\u015fullar\u0131na Dayan\u0131kl\u0131 \u00d6zel PVC\u2026","rel":"","context":"Similar post","block_context":{"text":"Similar post","link":""},"img":{"alt_text":"","src":"https:\/\/i0.wp.com\/tuzlahortum.com.tr\/wp-content\/uploads\/2025\/08\/PVC_99-1.png?fit=447%2C447&ssl=1&resize=350%2C200","width":350,"height":200},"classes":[]},{"id":22016,"url":"https:\/\/tuzlahortum.com.tr\/en\/product\/odeon-80-bar\/","url_meta":{"origin":22007,"position":2},"title":"ODEON 80 BAR","author":"admin","date":"11 August 2025","format":false,"excerpt":"\u00a0 \u00dcr\u00fcn Ad\u0131: ODEON 80 BAR \u00dcr\u00fcn Kodu: TBP24 Tar\u0131msal (P\u00fcsk\u00fcrtme) 80 Bar Kullanim Alan\u0131 : Tar\u0131mda Pestisit ve G\u00fcbre P\u00fcsk\u00fcrtme \u0130\u00e7in. Alt Katman : Pestisitlere ve g\u00fcbrelere dayan\u0131kl\u0131 \u00f6zel PVC bile\u015fi\u011fi. Takviye Katman\u0131 : Y\u00fcksek Mukavemetli Sentetik Tekstil. \u00dcst Katman : A\u015f\u0131nmaya, Ozona ve Hava Ko\u015fullar\u0131na Dayan\u0131kl\u0131 \u00d6zel PVC\u2026","rel":"","context":"Similar post","block_context":{"text":"Similar post","link":""},"img":{"alt_text":"","src":"https:\/\/i0.wp.com\/tuzlahortum.com.tr\/wp-content\/uploads\/2025\/08\/PVC_99-1.png?fit=447%2C447&ssl=1&resize=350%2C200","width":350,"height":200},"classes":[]},{"id":22004,"url":"https:\/\/tuzlahortum.com.tr\/en\/product\/soma-17-bar-wp\/","url_meta":{"origin":22007,"position":3},"title":"SOMA 17 BAR WP","author":"admin","date":"11 August 2025","format":false,"excerpt":"\u00a0 Product Name: SOMA 17 BAR WP Product Code: TBF87 Flame Retardant and Antistatic Hose Area of Use : High technology anti-static air and water supply hose designed for the mining industry. Bottom Layer : Conductive Black PVC Reinforcement Layer : High Tenacity Polyester Fiber Yarn. Top Layer : Abrasion Resistant Yellow...","rel":"","context":"Similar post","block_context":{"text":"Similar post","link":""},"img":{"alt_text":"","src":"https:\/\/i0.wp.com\/tuzlahortum.com.tr\/wp-content\/uploads\/2025\/08\/PVC_97.png?fit=449%2C449&ssl=1&resize=350%2C200","width":350,"height":200},"classes":[]},{"id":22814,"url":"https:\/\/tuzlahortum.com.tr\/en\/product\/soma-21-bar-wp\/","url_meta":{"origin":22007,"position":4},"title":"SOMA 21 BAR WP","author":"admin","date":"11 August 2025","format":false,"excerpt":"\u00a0 Product Name: SOMA 21 BAR WP Product Code: TBF87 Flame Retardant and Antistatic Hose Area of Use : High technology antistatic air and water supply hose designed for the mining industry. Bottom Layer: Conductive Black PVC Reinforcement Layer: High Tenacity Polyester Fiber Yarn. Top Layer : Abrasion Resistant Yellow...","rel":"","context":"Similar post","block_context":{"text":"Similar post","link":""},"img":{"alt_text":"","src":"https:\/\/i0.wp.com\/tuzlahortum.com.tr\/wp-content\/uploads\/2025\/08\/PVC_97.png?fit=449%2C449&ssl=1&resize=350%2C200","width":350,"height":200},"classes":[]},{"id":22816,"url":"https:\/\/tuzlahortum.com.tr\/en\/product\/soma-25-bar-wp\/","url_meta":{"origin":22007,"position":5},"title":"SOMA 25 BAR WP","author":"admin","date":"11 August 2025","format":false,"excerpt":"\u00a0 Product Name: SOMA 25 BAR WP Product Code: TBF87 Flame Retardant and Antistatic Hose Area of Use : High technology anti-static air and water supply hose designed for the mining industry. Bottom Layer : Conductive Black PVC Reinforcement Layer : High Tenacity Polyester Fiber Yarn. Top Layer : Abrasion Resistant Yellow...","rel":"","context":"Similar post","block_context":{"text":"Similar post","link":""},"img":{"alt_text":"","src":"https:\/\/i0.wp.com\/tuzlahortum.com.tr\/wp-content\/uploads\/2025\/08\/PVC_97.png?fit=449%2C449&ssl=1&resize=350%2C200","width":350,"height":200},"classes":[]}],"jetpack_sharing_enabled":true,"jetpack_likes_enabled":true,"_links":{"self":[{"href":"https:\/\/tuzlahortum.com.tr\/en\/wp-json\/wp\/v2\/product\/22007","targetHints":{"allow":["GET"]}}],"collection":[{"href":"https:\/\/tuzlahortum.com.tr\/en\/wp-json\/wp\/v2\/product"}],"about":[{"href":"https:\/\/tuzlahortum.com.tr\/en\/wp-json\/wp\/v2\/types\/product"}],"replies":[{"embeddable":true,"href":"https:\/\/tuzlahortum.com.tr\/en\/wp-json\/wp\/v2\/comments?post=22007"}],"wp:featuredmedia":[{"embeddable":true,"href":"https:\/\/tuzlahortum.com.tr\/en\/wp-json\/wp\/v2\/media\/22008"}],"wp:attachment":[{"href":"https:\/\/tuzlahortum.com.tr\/en\/wp-json\/wp\/v2\/media?parent=22007"}],"wp:term":[{"taxonomy":"product_brand","embeddable":true,"href":"https:\/\/tuzlahortum.com.tr\/en\/wp-json\/wp\/v2\/product_brand?post=22007"},{"taxonomy":"product_cat","embeddable":true,"href":"https:\/\/tuzlahortum.com.tr\/en\/wp-json\/wp\/v2\/product_cat?post=22007"},{"taxonomy":"product_tag","embeddable":true,"href":"https:\/\/tuzlahortum.com.tr\/en\/wp-json\/wp\/v2\/product_tag?post=22007"}],"curies":[{"name":"wp","href":"https:\/\/api.w.org\/{rel}","templated":true}]}}