{"id":21833,"date":"2025-08-11T11:40:52","date_gmt":"2025-08-11T08:40:52","guid":{"rendered":"https:\/\/tuzlahortum.com.tr\/urun\/ecosmart\/"},"modified":"2025-08-20T15:15:11","modified_gmt":"2025-08-20T12:15:11","slug":"ecosmart","status":"publish","type":"product","link":"https:\/\/tuzlahortum.com.tr\/en\/product\/ecosmart\/","title":{"rendered":"ECOSMART"},"content":{"rendered":"<p>&nbsp;<\/p>\n<div class=\"report-container\">\n<div class=\"report-header\">\n<div class=\"standard-text\">Product Name: ECOSMART<\/div>\n<div class=\"standard-text\">Product Code: TSC18<\/div>\n<\/div>\n<div class=\"product-image-container\">\n<div class=\"key-feature\">Superelastic Standard Service Water Transceiver (-30\u00b0C)<\/div>\n<\/div>\n<div class=\"horizontal-line\"><\/div>\n<div class=\"product-details\">\n<div class=\"detail-row\">\n<div class=\"detail-label\">Area of Use<\/div>\n<div class=\"detail-value\">: For light duty delivery of water and light chemicals in agriculture, industrial applications and construction, especially for use in cold climates.<\/div>\n<\/div>\n<div class=\"detail-row\">\n<div class=\"detail-label\">Substrate<\/div>\n<div class=\"detail-value\">: Strong, Flexible and Smooth Special Superelastic Material.<\/div>\n<\/div>\n<div class=\"detail-row\">\n<div class=\"detail-label\">Reinforcement Layer<\/div>\n<div class=\"detail-value\">: Impact Resistant PVC Spiral.<\/div>\n<\/div>\n<div class=\"detail-row\">\n<div class=\"detail-label\">Top Layer<\/div>\n<div class=\"detail-value\">: Crush, Chemical, Abrasion and Weather Resistant, Lightweight Corrugated Exterior.<\/div>\n<\/div>\n<\/div>\n<div class=\"datasheet_table\"><img decoding=\"async\" class=\"alignnone size-full\" src=\"https:\/\/tuzlahortum.com.tr\/wp-content\/uploads\/2025\/08\/datasheet429.svg\" alt=\"\" title=\"\"><\/div>\n<div class=\"table-notes\"><\/div>\n<div class=\"horizontal-line\"><\/div>\n<div class=\"footer\">\n<div class=\"standards-section\">\n<div class=\"standard-item\" style=\"margin-top: 9px;\"><\/div>\n<div class=\"standard-info\"><\/div>\n<\/div>\n<div class=\"temperature-section\">\n<div class=\"temp-icon\"><img decoding=\"async\" src=\"data:image\/svg+xml;base64,PD94bWwgdmVyc2lvbj0iMS4wIiBlbmNvZGluZz0iVVRGLTgiPz4KPHN2ZyBpZD0ia2F0bWFuXzIiIGRhdGEtbmFtZT0ia2F0bWFuIDIiIHhtbG5zPSJodHRwOi8vd3d3LnczLm9yZy8yMDAwL3N2ZyIgdmlld0JveD0iMCAwIDcyLjI3IDE2Ljk4Ij4KICA8ZGVmcz4KICAgIDxzdHlsZT4KICAgICAgLmNscy0xIHsKICAgICAgICBzdHJva2Utd2lkdGg6IC41OXB4OwogICAgICB9CgogICAgICAuY2xzLTEsIC5jbHMtMiwgLmNscy0zLCAuY2xzLTQgewogICAgICAgIGZpbGw6IG5vbmU7CiAgICAgICAgc3Ryb2tlLW1pdGVybGltaXQ6IDMuODY7CiAgICAgIH0KCiAgICAgIC5jbHMtMSwgLmNscy0zLCAuY2xzLTQgewogICAgICAgIHN0cm9rZTogI2E3YTlhYjsKICAgICAgfQoKICAgICAgLmNscy01IHsKICAgICAgICBmaWxsOiAjYTdhOWFiOwogICAgICB9CgogICAgICAuY2xzLTIgewogICAgICAgIHN0cm9rZTogI2ZmZjsKICAgICAgfQoKICAgICAgLmNscy0zIHsKICAgICAgICBzdHJva2Utd2lkdGg6IDIuMDZweDsKICAgICAgfQoKICAgICAgLmNscy00IHsKICAgICAgICBzdHJva2Utd2lkdGg6IC4ycHg7CiAgICAgIH0KICAgIDwvc3R5bGU+CiAgPC9kZWZzPgogIDxnIGlkPSJrYXRtYW5fMSIgZGF0YS1uYW1lPSJrYXRtYW4gMSI+CiAgICA8Zz4KICAgICAgPHBhdGggY2xhc3M9ImNscy0zIiBkPSJNMTEuMzQsMTEuNTdjLS45NCwxLjcxLTIuNzEsMi42Ni00LjgsMi42Ni0zLjA1LDAtNS41MS0yLjQ3LTUuNTEtNS41MlMzLjUsMy4xOSw2LjU1LDMuMTljMS45NCwwLDMuNjUsMSw0LjYzLDIuNTIiLz4KICAgICAgPGNpcmNsZSBjbGFzcz0iY2xzLTUiIGN4PSI2LjU1IiBjeT0iOC42NiIgcj0iMi40Ii8+CiAgICAgIDxjaXJjbGUgY2xhc3M9ImNscy0yIiBjeD0iNi41NSIgY3k9IjguNjYiIHI9IjIuNCIvPgogICAgICA8bGluZSBjbGFzcz0iY2xzLTMiIHgxPSI2OC4zNCIgeTE9IjExLjc2IiB4Mj0iOS45MiIgeTI9IjExLjc2Ii8+CiAgICAgIDxsaW5lIGNsYXNzPSJjbHMtMyIgeDE9IjY4Ljc4IiB5MT0iNS41MSIgeDI9IjkuNzMiIHkyPSI1LjUxIi8+CiAgICAgIDxsaW5lIGNsYXNzPSJjbHMtMyIgeDE9IjU0LjA3IiB5MT0iOC43NSIgeDI9IjguNjQiIHkyPSI4Ljc1Ii8+CiAgICAgIDxwYXRoIGNsYXNzPSJjbHMtMyIgZD0iTTY4LjE1LDUuNTVjMS43MSwwLDMuMDksMS4zOSwzLjA5LDMuMDlzLTEuOTIsMy4wNi0zLjYyLDMuMDYiLz4KICAgICAgPHBhdGggY2xhc3M9ImNscy01IiBkPSJNNTMuOTEsOC43NWMwLS4xNC4xMi0uMjYuMjYtLjI2cy4yNy4xMi4yNy4yNi0uMTIuMjctLjI3LjI3LS4yNi0uMTItLjI2LS4yN1oiLz4KICAgICAgPHBhdGggY2xhc3M9ImNscy0zIiBkPSJNNTMuOTEsOC43NWMwLS4xNC4xMi0uMjYuMjYtLjI2cy4yNy4xMi4yNy4yNi0uMTIuMjctLjI3LjI3LS4yNi0uMTItLjI2LS4yN1oiLz4KICAgICAgPGxpbmUgY2xhc3M9ImNscy0xIiB4MT0iMzYuNDMiIHkxPSIxNi45OCIgeDI9IjM2LjQzIiB5Mj0iMTQuMjQiLz4KICAgICAgPGxpbmUgY2xhc3M9ImNscy0xIiB4MT0iMjguMDUiIHkxPSIxNi45OCIgeDI9IjI4LjA1IiB5Mj0iMTQuMjQiLz4KICAgICAgPGxpbmUgY2xhc3M9ImNscy0xIiB4MT0iMTkuNTkiIHkxPSIxNi45OCIgeDI9IjE5LjU5IiB5Mj0iMTQuMjQiLz4KICAgICAgPGxpbmUgY2xhc3M9ImNscy0xIiB4MT0iNDEuNTciIHkxPSIyLjc0IiB4Mj0iNDEuNTciLz4KICAgICAgPGxpbmUgY2xhc3M9ImNscy0xIiB4MT0iMzMuMjgiIHkxPSIyLjc0IiB4Mj0iMzMuMjgiLz4KICAgICAgPGxpbmUgY2xhc3M9ImNscy0xIiB4MT0iMjQuOTkiIHkxPSIyLjc0IiB4Mj0iMjQuOTkiLz4KICAgICAgPGxpbmUgY2xhc3M9ImNscy0xIiB4MT0iMTYuMDgiIHkxPSIyLjc0IiB4Mj0iMTYuMDgiLz4KICAgICAgPGxpbmUgY2xhc3M9ImNscy0xIiB4MT0iNDQuNjMiIHkxPSIxNi45OCIgeDI9IjQ0LjYzIiB5Mj0iMTQuMjQiLz4KICAgICAgPGxpbmUgY2xhc3M9ImNscy0xIiB4MT0iNDkuNDkiIHkxPSIyLjc0IiB4Mj0iNDkuNDkiLz4KICAgICAgPGxpbmUgY2xhc3M9ImNscy00IiB4MT0iNDAuODgiIHkxPSIxNi45OCIgeDI9IjQwLjg4IiB5Mj0iMTQuMjQiLz4KICAgICAgPGxpbmUgY2xhc3M9ImNscy00IiB4MT0iMzIuMzMiIHkxPSIxNi45OCIgeDI9IjMyLjMzIiB5Mj0iMTQuMjQiLz4KICAgICAgPGxpbmUgY2xhc3M9ImNscy00IiB4MT0iMjMuNzkiIHkxPSIxNi45OCIgeDI9IjIzLjc5IiB5Mj0iMTQuMjQiLz4KICAgICAgPGxpbmUgY2xhc3M9ImNscy00IiB4MT0iMjAuNTkiIHkxPSIyLjc0IiB4Mj0iMjAuNTkiLz4KICAgICAgPGxpbmUgY2xhc3M9ImNscy00IiB4MT0iMjkuMTMiIHkxPSIyLjc0IiB4Mj0iMjkuMTMiLz4KICAgICAgPGxpbmUgY2xhc3M9ImNscy00IiB4MT0iMzcuMTYiIHkxPSIyLjc0IiB4Mj0iMzcuMTYiLz4KICAgICAgPGxpbmUgY2xhc3M9ImNscy00IiB4MT0iNDUuNzEiIHkxPSIyLjc0IiB4Mj0iNDUuNzEiLz4KICAgIDwvZz4KICA8L2c+Cjwvc3ZnPg==\" alt=\"S\u0131cakl\u0131k\" width=\"100\" title=\"\"><\/div>\n<div class=\"temp-values\">\n<div>-30\u00b0C \/ +50\u00b0C<\/div>\n<div>-22\u00b0F \/ +122\u00b0F<\/div>\n<\/div>\n<\/div>\n<div class=\"marking-section\">\n<div class=\"detail-row\">\n<div class=\"detail-label\">Branding<\/div>\n<div class=\"detail-value\">: Inkjet SEL-ECOSMART<\/div>\n<\/div>\n<\/div>\n<div>\n<table style=\"width: 100%;\" cellspacing=\"0\" cellpadding=\"0\">\n<tbody>\n<tr>\n<td style=\"width: 120px; font-weight: bold;\">Norm<\/td>\n<td style=\"width: 400px; text-align: left;\">ISO 1307<\/td>\n<td style=\"width: 120px; font-weight: bold;\">Colour<\/td>\n<td style=\"width: 400px;\">\n<div class=\"color-icons\"><\/div>\n<\/td>\n<\/tr>\n<\/tbody>\n<\/table>\n<\/div>\n<\/div>\n<\/div>","protected":false},"excerpt":{"rendered":"<p>&nbsp; \u00dcr\u00fcn Ad\u0131: ECOSMART \u00dcr\u00fcn Kodu: TSC18 S\u00fcperelastik Standart Hizmet Su Al\u0131c\u0131\/Verici (-30\u00b0C) Kullanim Alan\u0131 : Su ve hafif kimyasallar\u0131n tar\u0131m, sanayi uygulamalar\u0131 ve in\u015faatlarda hafif hizmet teslimat\u0131 i\u00e7in, \u00f6zellikle so\u011fuk iklimlerde kullan\u0131m amac\u0131yla. Alt Katman : G\u00fc\u00e7l\u00fc, Esnek ve P\u00fcr\u00fczs\u00fcz \u00d6zel S\u00fcperelastik Malzeme. Takviye Katman\u0131 : Darbeye Dayan\u0131kl\u0131 PVC Spiral. \u00dcst Katman : Ezilmeye, [&#8230;]\n","protected":false},"featured_media":21831,"comment_status":"open","ping_status":"closed","template":"","meta":{"jetpack_post_was_ever_published":false},"product_brand":[],"product_cat":[2377],"product_tag":[],"class_list":{"0":"post-21833","1":"product","2":"type-product","3":"status-publish","4":"has-post-thumbnail","6":"product_cat-sgk","8":"first","9":"instock","10":"taxable","11":"shipping-taxable","12":"product-type-simple"},"jetpack-related-posts":[{"id":21845,"url":"https:\/\/tuzlahortum.com.tr\/en\/product\/ecostar\/","url_meta":{"origin":21833,"position":0},"title":"ECOSTAR","author":"admin","date":"11 August 2025","format":false,"excerpt":"\u00a0 \u00dcr\u00fcn Ad\u0131: ECOSTAR \u00dcr\u00fcn Kodu: TCS17 S\u00fcperelastik Standart Hizmet Su Al\u0131c\u0131\/Verici (-40\u00b0C) Kullanim Alan\u0131 : Tar\u0131m, end\u00fcstriyel uygulamalar ve in\u015faatlarda su ve hafif kimyasallar\u0131n standart g\u00f6rev teslimat\u0131 i\u00e7in. \u00d6zellikle so\u011fuk iklimlerde kullan\u0131m i\u00e7in uygundur. Alt Katman : G\u00fc\u00e7l\u00fc, Esnek ve P\u00fcr\u00fczs\u00fcz \u00d6zel S\u00fcperelastik Malzeme. Takviye Katman\u0131 : Darbeye Dayan\u0131kl\u0131\u2026","rel":"","context":"Similar post","block_context":{"text":"Similar post","link":""},"img":{"alt_text":"","src":"https:\/\/i0.wp.com\/tuzlahortum.com.tr\/wp-content\/uploads\/2025\/08\/PVC_32.png?fit=444%2C444&ssl=1&resize=350%2C200","width":350,"height":200},"classes":[]},{"id":21839,"url":"https:\/\/tuzlahortum.com.tr\/en\/product\/lagina-lc\/","url_meta":{"origin":21833,"position":1},"title":"LAGINA \/ LC","author":"admin","date":"11 August 2025","format":false,"excerpt":"\u00a0 \u00dcr\u00fcn Ad\u0131: LAGINA \/ LC \u00dcr\u00fcn Kodu: TSC21 S\u00fcperelastik Orta Hizmet Al\u0131c\u0131\/Verici Hafif Bo\u011fumlu (-30\u00b0C) Kullanim Alan\u0131 : Tar\u0131msal, end\u00fcstriyel uygulamalar, in\u015faatlar, kanalizasyon temizleme, \u00e7amur, bulama\u00e7, at\u0131k madde, kum ve \u00e7ak\u0131l vb. i\u00e7in orta hizmet su, tuzlu su, hafif kimyasallar, s\u0131v\u0131lar vb. emme ve iletimi i\u00e7in. \u00d6zellikle \u00e7ok so\u011fuk\u2026","rel":"","context":"Similar post","block_context":{"text":"Similar post","link":""},"img":{"alt_text":"","src":"https:\/\/i0.wp.com\/tuzlahortum.com.tr\/wp-content\/uploads\/2025\/08\/PVC_30.png?fit=490%2C490&ssl=1&resize=350%2C200","width":350,"height":200},"classes":[]},{"id":21821,"url":"https:\/\/tuzlahortum.com.tr\/en\/product\/troy-sld-se\/","url_meta":{"origin":21833,"position":2},"title":"TROY SLD-SE","author":"admin","date":"11 August 2025","format":false,"excerpt":"\u00a0 \u00dcr\u00fcn Ad\u0131: TROY SLD-SE \u00dcr\u00fcn Kodu: TSG82 S\u00fcperelastik \u00c7ok Hafif Hizmet Su Al\u0131c\u0131\/Verici (-20\u00b0C) Kullanim Alan\u0131 : So\u011fuk iklimlerde sulama, su ta\u015f\u0131ma, \u00e7e\u015fitli hafif kimyasallar, at\u0131k maddeler, hafif bulama\u00e7lar, kum ve \u00e7ak\u0131l gibi malzemelerin ta\u015f\u0131nmas\u0131 i\u00e7in kullan\u0131l\u0131r. Alt Katman : G\u00fc\u00e7l\u00fc, Esnek ve P\u00fcr\u00fczs\u00fcz \u00d6zel S\u00fcperelastik Malzeme. Takviye Katman\u0131\u2026","rel":"","context":"Similar post","block_context":{"text":"Similar post","link":""},"img":{"alt_text":"","src":"https:\/\/i0.wp.com\/tuzlahortum.com.tr\/wp-content\/uploads\/2025\/08\/PVC_24.png?fit=456%2C456&ssl=1&resize=350%2C200","width":350,"height":200},"classes":[]},{"id":21824,"url":"https:\/\/tuzlahortum.com.tr\/en\/product\/troy-st-se\/","url_meta":{"origin":21833,"position":3},"title":"TROY ST - SE","author":"admin","date":"11 August 2025","format":false,"excerpt":"\u00a0 \u00dcr\u00fcn Ad\u0131: TROY ST - SE \u00dcr\u00fcn Kodu: TSG05 S\u00fcperelastik Standart Hizmet Su Al\u0131c\u0131\/Verici (-20\u00b0C) Kullanim Alan\u0131 : Sulama, su ta\u015f\u0131ma, \u00e7e\u015fitli hafif kimyasallar, at\u0131k maddeler, hafif bulama\u00e7lar, kum ve \u00e7ak\u0131l gibi uygulamalar i\u00e7in so\u011fuk iklimlerde kullan\u0131ma uygundur. Alt Katman : G\u00fc\u00e7l\u00fc, Esnek ve P\u00fcr\u00fczs\u00fcz \u00d6zel S\u00fcperelastik Malzeme. Takviye\u2026","rel":"","context":"Similar post","block_context":{"text":"Similar post","link":""},"img":{"alt_text":"","src":"https:\/\/i0.wp.com\/tuzlahortum.com.tr\/wp-content\/uploads\/2025\/08\/PVC_25.png?fit=460%2C460&ssl=1&resize=350%2C200","width":350,"height":200},"classes":[]},{"id":21848,"url":"https:\/\/tuzlahortum.com.tr\/en\/product\/knidos\/","url_meta":{"origin":21833,"position":4},"title":"KNIDOS","author":"admin","date":"11 August 2025","format":false,"excerpt":"\u00a0 \u00dcr\u00fcn Ad\u0131: KNIDOS \u00dcr\u00fcn Kodu: TSX30 S\u00fcperelastik Orta Hizmet Al\u0131c\u0131\/Verici (-40\u00b0C) Kullanim Alan\u0131 : Tar\u0131msal, end\u00fcstriyel uygulamalar, in\u015faatlar, kanalizasyon temizleme, \u00e7amur, bulama\u00e7, at\u0131k madde, kum ve \u00e7ak\u0131l vb. i\u00e7in orta hizmet su, tuzlu su, hafif kimyasallar, s\u0131v\u0131lar vb. emme ve iletimi i\u00e7in. \u00d6zellikle a\u015f\u0131r\u0131 so\u011fuk iklimlerde kullan\u0131m i\u00e7in. Alt\u2026","rel":"","context":"Similar post","block_context":{"text":"Similar post","link":""},"img":{"alt_text":"","src":"https:\/\/i0.wp.com\/tuzlahortum.com.tr\/wp-content\/uploads\/2025\/08\/PVC_33.png?fit=469%2C469&ssl=1&resize=350%2C200","width":350,"height":200},"classes":[]},{"id":21827,"url":"https:\/\/tuzlahortum.com.tr\/en\/product\/medusa-se\/","url_meta":{"origin":21833,"position":5},"title":"MEDUSA SE","author":"admin","date":"11 August 2025","format":false,"excerpt":"\u00a0 \u00dcr\u00fcn Ad\u0131: MEDUSA SE \u00dcr\u00fcn Kodu: TSG08 S\u00fcperelastik Orta Hizmet Al\u0131c\u0131\/Verici (-20\u00b0C) Kullanim Alan\u0131 : Tar\u0131m, sanayi uygulamalar\u0131, in\u015faat, kanal temizleme, \u00e7amur, bulama\u00e7, at\u0131k maddeler, kum ve \u00e7ak\u0131l gibi alanlarda orta y\u00fckte su, tuzlu su, hafif kimyasallar, s\u0131v\u0131lar vb. emi\u015f ve transferi i\u00e7in, \u00f6zellikle so\u011fuk iklimlerde kullan\u0131m i\u00e7in uygundur.\u2026","rel":"","context":"Similar post","block_context":{"text":"Similar post","link":""},"img":{"alt_text":"","src":"https:\/\/i0.wp.com\/tuzlahortum.com.tr\/wp-content\/uploads\/2025\/08\/PVC_26.png?fit=499%2C499&ssl=1&resize=350%2C200","width":350,"height":200},"classes":[]}],"jetpack_sharing_enabled":true,"jetpack_likes_enabled":true,"_links":{"self":[{"href":"https:\/\/tuzlahortum.com.tr\/en\/wp-json\/wp\/v2\/product\/21833","targetHints":{"allow":["GET"]}}],"collection":[{"href":"https:\/\/tuzlahortum.com.tr\/en\/wp-json\/wp\/v2\/product"}],"about":[{"href":"https:\/\/tuzlahortum.com.tr\/en\/wp-json\/wp\/v2\/types\/product"}],"replies":[{"embeddable":true,"href":"https:\/\/tuzlahortum.com.tr\/en\/wp-json\/wp\/v2\/comments?post=21833"}],"wp:featuredmedia":[{"embeddable":true,"href":"https:\/\/tuzlahortum.com.tr\/en\/wp-json\/wp\/v2\/media\/21831"}],"wp:attachment":[{"href":"https:\/\/tuzlahortum.com.tr\/en\/wp-json\/wp\/v2\/media?parent=21833"}],"wp:term":[{"taxonomy":"product_brand","embeddable":true,"href":"https:\/\/tuzlahortum.com.tr\/en\/wp-json\/wp\/v2\/product_brand?post=21833"},{"taxonomy":"product_cat","embeddable":true,"href":"https:\/\/tuzlahortum.com.tr\/en\/wp-json\/wp\/v2\/product_cat?post=21833"},{"taxonomy":"product_tag","embeddable":true,"href":"https:\/\/tuzlahortum.com.tr\/en\/wp-json\/wp\/v2\/product_tag?post=21833"}],"curies":[{"name":"wp","href":"https:\/\/api.w.org\/{rel}","templated":true}]}}