{"id":21775,"date":"2025-08-11T11:34:55","date_gmt":"2025-08-11T08:34:55","guid":{"rendered":"https:\/\/tuzlahortum.com.tr\/urun\/liman-doh-459\/"},"modified":"2025-08-20T17:47:08","modified_gmt":"2025-08-20T14:47:08","slug":"liman-doh-459","status":"publish","type":"product","link":"https:\/\/tuzlahortum.com.tr\/en\/product\/liman-doh-459\/","title":{"rendered":"LIMAN DOH 459"},"content":{"rendered":"<p><!DOCTYPE html><\/p>\n<div class=\"report-container\">\n<div class=\"report-header\">\n<div class=\"standard-text\">Product Name: LIMAN TYPE S10<\/div>\n<div class=\"standard-text\">Product Code: DOH 459<\/div>\n<\/p><\/div>\n<div class=\"product-image-container\">\n<div class=\"key-feature\" >\n      Scaffolding Type Oil Hose - EN 1765 Type S\n      <\/div>\n<\/p><\/div>\n<div class=\"horizontal-line\"><\/div>\n<div class=\"product-details\">\n<div class=\"detail-row\">\n<div class=\"detail-label\">Area of Use<\/div>\n<div class=\"detail-value\">: Tankerlere ve mavnalara yak\u0131t ikmali hizmetleri ile end\u00fcstriyel uygulamalarda, aromatik i\u00e7erik oran\u0131 %50&#039;ye kadar olan petrol \u00fcr\u00fcnlerinin emi\u015f ve de\u015farj\u0131 i\u00e7in.<\/div>\n<\/p><\/div>\n<div class=\"detail-row\">\n<div class=\"detail-label\">Substrate<\/div>\n<div class=\"detail-value\">: Oil and Petroleum Resistant NBR Rubber.<\/div>\n<\/p><\/div>\n<div class=\"detail-row\">\n<div class=\"detail-label\">Reinforcement Layer<\/div>\n<div class=\"detail-value\">: High Strength Synthetic Textile, 2 Steel Wire Spirals and Antistaic Copper Wire.<\/div>\n<\/p><\/div>\n<div class=\"detail-row\">\n<div class=\"detail-label\">Top Layer<\/div>\n<div class=\"detail-value\">: Special Synthetic Rubber Resistant to Oil, Weather, Ozone, Abrasion and Seawater.<\/div>\n<\/p><\/div>\n<\/p><\/div>\n<div class=\"datasheet_table\">\n        <img decoding=\"async\" class=\"alignnone size-full\" src=\"https:\/\/tuzlahortum.com.tr\/wp-content\/uploads\/2025\/08\/datasheet386.svg\">\n    <\/div>\n<div class=\"table-notes\">\n      AROMATIC CONTENT \u2264 % 50\n    <\/div>\n<div class=\"horizontal-line\"><\/div>\n<div class=\"footer\">\n<div class=\"standards-section\">\n<div class=\"standard-item\" style=\"margin-top: 9px;\">\n                    <img data-recalc-dims=\"1\" width=\"1020\" decoding=\"async\" src=\"https:\/\/i0.wp.com\/tuzlahortum.com.tr\/wp-content\/uploads\/2025\/04\/tse-1.png?fit=1020%2C40&#038;ssl=1\" height=\"40\" style=\"margin-right:10px;\" alt=\"\" title=\"\">\n                  <\/div>\n<div class=\"standard-info\"><\/div>\n<\/p><\/div>\n<div class=\"horizontal-line\"><\/div>\n<div class=\"temperature-section\">\n<div class=\"temp-icon\">\n          <img decoding=\"async\" src=\"data:image\/svg+xml;base64,PD94bWwgdmVyc2lvbj0iMS4wIiBlbmNvZGluZz0iVVRGLTgiPz4KPHN2ZyBpZD0ia2F0bWFuXzIiIGRhdGEtbmFtZT0ia2F0bWFuIDIiIHhtbG5zPSJodHRwOi8vd3d3LnczLm9yZy8yMDAwL3N2ZyIgdmlld0JveD0iMCAwIDcyLjI3IDE2Ljk4Ij4KICA8ZGVmcz4KICAgIDxzdHlsZT4KICAgICAgLmNscy0xIHsKICAgICAgICBzdHJva2Utd2lkdGg6IC41OXB4OwogICAgICB9CgogICAgICAuY2xzLTEsIC5jbHMtMiwgLmNscy0zLCAuY2xzLTQgewogICAgICAgIGZpbGw6IG5vbmU7CiAgICAgICAgc3Ryb2tlLW1pdGVybGltaXQ6IDMuODY7CiAgICAgIH0KCiAgICAgIC5jbHMtMSwgLmNscy0zLCAuY2xzLTQgewogICAgICAgIHN0cm9rZTogI2E3YTlhYjsKICAgICAgfQoKICAgICAgLmNscy01IHsKICAgICAgICBmaWxsOiAjYTdhOWFiOwogICAgICB9CgogICAgICAuY2xzLTIgewogICAgICAgIHN0cm9rZTogI2ZmZjsKICAgICAgfQoKICAgICAgLmNscy0zIHsKICAgICAgICBzdHJva2Utd2lkdGg6IDIuMDZweDsKICAgICAgfQoKICAgICAgLmNscy00IHsKICAgICAgICBzdHJva2Utd2lkdGg6IC4ycHg7CiAgICAgIH0KICAgIDwvc3R5bGU+CiAgPC9kZWZzPgogIDxnIGlkPSJrYXRtYW5fMSIgZGF0YS1uYW1lPSJrYXRtYW4gMSI+CiAgICA8Zz4KICAgICAgPHBhdGggY2xhc3M9ImNscy0zIiBkPSJNMTEuMzQsMTEuNTdjLS45NCwxLjcxLTIuNzEsMi42Ni00LjgsMi42Ni0zLjA1LDAtNS41MS0yLjQ3LTUuNTEtNS41MlMzLjUsMy4xOSw2LjU1LDMuMTljMS45NCwwLDMuNjUsMSw0LjYzLDIuNTIiLz4KICAgICAgPGNpcmNsZSBjbGFzcz0iY2xzLTUiIGN4PSI2LjU1IiBjeT0iOC42NiIgcj0iMi40Ii8+CiAgICAgIDxjaXJjbGUgY2xhc3M9ImNscy0yIiBjeD0iNi41NSIgY3k9IjguNjYiIHI9IjIuNCIvPgogICAgICA8bGluZSBjbGFzcz0iY2xzLTMiIHgxPSI2OC4zNCIgeTE9IjExLjc2IiB4Mj0iOS45MiIgeTI9IjExLjc2Ii8+CiAgICAgIDxsaW5lIGNsYXNzPSJjbHMtMyIgeDE9IjY4Ljc4IiB5MT0iNS41MSIgeDI9IjkuNzMiIHkyPSI1LjUxIi8+CiAgICAgIDxsaW5lIGNsYXNzPSJjbHMtMyIgeDE9IjU0LjA3IiB5MT0iOC43NSIgeDI9IjguNjQiIHkyPSI4Ljc1Ii8+CiAgICAgIDxwYXRoIGNsYXNzPSJjbHMtMyIgZD0iTTY4LjE1LDUuNTVjMS43MSwwLDMuMDksMS4zOSwzLjA5LDMuMDlzLTEuOTIsMy4wNi0zLjYyLDMuMDYiLz4KICAgICAgPHBhdGggY2xhc3M9ImNscy01IiBkPSJNNTMuOTEsOC43NWMwLS4xNC4xMi0uMjYuMjYtLjI2cy4yNy4xMi4yNy4yNi0uMTIuMjctLjI3LjI3LS4yNi0uMTItLjI2LS4yN1oiLz4KICAgICAgPHBhdGggY2xhc3M9ImNscy0zIiBkPSJNNTMuOTEsOC43NWMwLS4xNC4xMi0uMjYuMjYtLjI2cy4yNy4xMi4yNy4yNi0uMTIuMjctLjI3LjI3LS4yNi0uMTItLjI2LS4yN1oiLz4KICAgICAgPGxpbmUgY2xhc3M9ImNscy0xIiB4MT0iMzYuNDMiIHkxPSIxNi45OCIgeDI9IjM2LjQzIiB5Mj0iMTQuMjQiLz4KICAgICAgPGxpbmUgY2xhc3M9ImNscy0xIiB4MT0iMjguMDUiIHkxPSIxNi45OCIgeDI9IjI4LjA1IiB5Mj0iMTQuMjQiLz4KICAgICAgPGxpbmUgY2xhc3M9ImNscy0xIiB4MT0iMTkuNTkiIHkxPSIxNi45OCIgeDI9IjE5LjU5IiB5Mj0iMTQuMjQiLz4KICAgICAgPGxpbmUgY2xhc3M9ImNscy0xIiB4MT0iNDEuNTciIHkxPSIyLjc0IiB4Mj0iNDEuNTciLz4KICAgICAgPGxpbmUgY2xhc3M9ImNscy0xIiB4MT0iMzMuMjgiIHkxPSIyLjc0IiB4Mj0iMzMuMjgiLz4KICAgICAgPGxpbmUgY2xhc3M9ImNscy0xIiB4MT0iMjQuOTkiIHkxPSIyLjc0IiB4Mj0iMjQuOTkiLz4KICAgICAgPGxpbmUgY2xhc3M9ImNscy0xIiB4MT0iMTYuMDgiIHkxPSIyLjc0IiB4Mj0iMTYuMDgiLz4KICAgICAgPGxpbmUgY2xhc3M9ImNscy0xIiB4MT0iNDQuNjMiIHkxPSIxNi45OCIgeDI9IjQ0LjYzIiB5Mj0iMTQuMjQiLz4KICAgICAgPGxpbmUgY2xhc3M9ImNscy0xIiB4MT0iNDkuNDkiIHkxPSIyLjc0IiB4Mj0iNDkuNDkiLz4KICAgICAgPGxpbmUgY2xhc3M9ImNscy00IiB4MT0iNDAuODgiIHkxPSIxNi45OCIgeDI9IjQwLjg4IiB5Mj0iMTQuMjQiLz4KICAgICAgPGxpbmUgY2xhc3M9ImNscy00IiB4MT0iMzIuMzMiIHkxPSIxNi45OCIgeDI9IjMyLjMzIiB5Mj0iMTQuMjQiLz4KICAgICAgPGxpbmUgY2xhc3M9ImNscy00IiB4MT0iMjMuNzkiIHkxPSIxNi45OCIgeDI9IjIzLjc5IiB5Mj0iMTQuMjQiLz4KICAgICAgPGxpbmUgY2xhc3M9ImNscy00IiB4MT0iMjAuNTkiIHkxPSIyLjc0IiB4Mj0iMjAuNTkiLz4KICAgICAgPGxpbmUgY2xhc3M9ImNscy00IiB4MT0iMjkuMTMiIHkxPSIyLjc0IiB4Mj0iMjkuMTMiLz4KICAgICAgPGxpbmUgY2xhc3M9ImNscy00IiB4MT0iMzcuMTYiIHkxPSIyLjc0IiB4Mj0iMzcuMTYiLz4KICAgICAgPGxpbmUgY2xhc3M9ImNscy00IiB4MT0iNDUuNzEiIHkxPSIyLjc0IiB4Mj0iNDUuNzEiLz4KICAgIDwvZz4KICA8L2c+Cjwvc3ZnPg==\" alt=\"S\u0131cakl\u0131k\" width=\"100\" title=\"\">\n        <\/div>\n<div class=\"temp-values\">\n<div>-30\u00b0C \/ +82\u00b0C<\/div>\n<div>-50\u00b0F \/ +180\u00b0F <\/div>\n<\/p><\/div>\n<\/p><\/div>\n<div class=\"marking-section\">\n<div class=\"detail-row\">\n<div class=\"detail-label\">Branding<\/div>\n<div class=\"detail-value\">: Transfer Band or Embossed<\/div>\n<\/p><\/div>\n<p>                <img decoding=\"async\" src=\"data:image\/png;base64,iVBORw0KGgoAAAANSUhEUgAABf4AAAAoCAYAAACvpushAAAACXBIWXMAACE3AAAhNwEzWJ96AAAgAElEQVR4nO2dW4gbZ7bv\/93tSy7jGs55C6qwM+zZGyRDAhkYyZAwGWjJB3s8D1LZ2Nhw1MqOPX4YtWJ8eXC7k922Hxwbp7sDx7GTqDUQ4yZRN+fkxlhqOBlscGlgAjNgCfbesDekmrztPVM+iRNfus+DtKq\/KtVNd6l7\/cDgllRVq+qrr+r71rfWfw39\/d899xyAJBiGYRiGYRiGYRiGYRiGYRiGGXRymwA8B+CNHhvCMAzDMAzDMAzDMAzDMAzDMEzrfDncawsYhmEYhmEYhmEYhmEYhmEYhmkf7PhnGIZhGIZhGIZhGIZhGIZhmHXEplZ3IMsyArLcDlvaRqVchq7rkCQJwVDI+HxZ06BpWg8taw\/PYAi\/Wh3qtRkMw7TAV1jFn4ZWe20GwzAMwzAMwzAMwzAMsw5pyfGfzmSQzoy3y5a2cXD\/AZRUFcFQCNfnbxifz07PYHZ6uoeWtYc3VobxIjv+GWagOTT8uNcmMAzDMAzDMAzDMEzXCUciSCgJFAtFFAuFXpvDMOuWFh3\/\/ef0X+\/8bHWInf4MM+B8NrSKf+Fof4ZhGIZhGIZhGGYDIcsykqkxxBUFkiQhrijIZbOYnZ6Bruu9No9h1h2s8T9gTK6M9NoEhmFa4B6Atznan2EYhmGYPiYYCuGtSxd7bcbAkM5kEI3Fem0GwzBM3yJJEhKKguvzN5BMpSBJkvFdMpXC9fkb\/BxlmA7Qssa\/yGI+D01bbucum2J5Hej427F\/dRjP9NoIhmFaYn54Bfd6bQTDMAzDMIwLE5NnEI5EUFJLWMjne21OXxONxZDOjGNZ01iugmEYxgZZlnHl2lVTDU6g6kOMKwqA6oLzlWtXkctmcW7qbC\/M7AkJRUFcSfTaDE8q5bJju0xMnqlr235kMb9gO6YZdPu9aJvjv6SqOHn8RLt2x1jYBuC1FU7QYJhB5hsA7w2t9NoMV9wGHsVCEYv5vGcKJk2A6eVZKZcxOz3jORkOhkJIZ8aNSI9lTcPs9Iztyy0YCmFi8ozjAESSJFy5dtWwO5fNuh67GbuphszB\/QdMn9PA4dzUWVTKZc\/jWvE6N2Ctndxe\/ulMBgklgYAsAwCKhQJmp2dcbZIkCclUyrQdOTLs0m\/9DlSbvRZ20PXxg\/UayrKMdGYco7GYEWVUKZexkF\/wdY\/4HRSK9wRdI7f70E+bE8lUCtFYtO44Xra53SviNT16+EjD7dzO9rXa0wjWvkjQNVvWNJw8fsJz\/07Xqp33ezgSQTI1ZopsKxYKWMwv2D5zwpGIIbFp3X+32wdYu6YltWRbPyudySAcCdu2iXj9ndoMcD8vXdeRy86hpKpN2S\/LMk5PnoEkSXXt3ez94Xd7erf4kTOg94xdvxRx6\/\/NXKtwJIJwJAIA0CwBVQlFQTozbnq3nJ86W\/c7YC1rQHyvnps662hLOpNBMjVmPJ9Lqurr\/m21zRrtj9b3f6Vchq7rCMgyEorCCyUMwzACE5NnkEylTJ+Jz\/e57BzevXbVeK9UxxgxnDx+oun3\/CARkGXjnTuoBEOhgTiHklqy\/XzQ7feirRH\/rZJQFKOzt0I182B9Rf2\/tjKMbb02ogNs3hEGADy6W8GqTz23YTmAkWdlrOg6Ht+tmL4b2R7EsCTh8dcaVnxknzRyfPrtwzvunc3NvmZ+Z2VkexCbI2EM\/bg6KVr5WsODm0uO9g9JEjZtDwJA3XUhG9zwOl\/GP5cHQOLHbeBBjqeD+w84TsITioILFmkAP9EbVIxdTPkMyDIuXLqIcCRct7AsSZLry5kiFXVdx9HDRxx\/14rdTsengYN4Lo3gdW7AWjs5vfzfunTRiJ4horEYorEYjh4+YuvIkCQJ1+dv1DmPArKMZCqFuKLg1PETpm39DlSbvRZO+2pmYGZ3j9HnE5MhJJQETh4\/4epgamZQSNcoGAo5Lpz5PSe7dvVrm9tAMaEkEI5EDOeV0zk40c72pf35vc6Vctm4Z50cbmOpMQRkGbPTM772X3V61j932nW\/2z1vgLU+WiwUcOr4CaMtrL+37r\/b7UO4X8Ow4Ty2TtpDtXvVK0PX67yisRhOHT\/RsJPV+iyw9g2v+8Nr0uXn\/oorCl556WVXZ77ofA9HIq6L51793+3ZbwctMi3m86b2s7t3o7EYQqEQ9uzabTofu2cufbZn1+66Z62dYygcieD6\/A38etdu17lds33a6ZzovOz6I+1PRNM05LJzSGfGkc6Ms+OfYRgG1ecrLbITy5qGc1NnTe+jSrmMX7z0MpKplLGIG5BlXJ+\/gcV8HrPTM+vOv9dLdF3HUqGAcCTSFv9rL1jWNJRU1RTMNUh02\/6+cvzHaxPPVimp6rp6MDyDIexfXZ\/R\/ts++hAAcG\/fId8O5q37Enjy9d\/i0Z0S9H2HTN89\/cZpbNoRxuO7Ffztf\/zadT\/DcsD38Ue2B33\/luwDgL\/ueMVxAcLtPOwYkiQ8ffkCtuwcrfvuKV3H9x\/8Dvcvz9ZtI330IUZqjv\/7b79j+o1oqxP\/+ew\/eNrGePPV0Cr+sA4K+kqShHevXa2b4APVibA4eaZJPTnlkqkUioVinROIHM700lvWNGiaZrwP4oqCYqHo22FBThUAvqIqm7W7X0lnMibncElVIcuyMbC7cOkiSi+pddclmUoZ56zrunEdaNtqNsDYwMoYTAgTD7rHgGo7S5KEYCiEaCzW9shogrIp7KKj\/SDe1+2G9pvLznVk\/51E13UjTXw0Fq1zuImTmsUGnHFxRemIxIkkSTgtRCaLiy30zIvGYsiF1iK07ZySvYb6idtCMVDtX9ZnJ7VHuQ197cKliw2P+ycsTohOIT5HCboukiRhYvKMa7Y0ZfbQ\/1t99jo9+63IwoILLZaRzXTv0rnR+4EWiMXnm3idS6pqPGfpOzHbQ65tL+6bfi9JEtKZ8ZYzy+36dDP90YlcNmtkQtCCAcMwzEaEMmyt41YvJ34um8ViPm8KRKqO72J1wUdM8xw9fMR4L3\/1lz\/32pyG0XXd8EVEY0Ujy39Q6IX9feX4Z+x5gyV+GmZkexDDcsA16n\/rPv86alt2rk2+Nu8c9b1I8eSxNL49dsr3cdwQHfhWhiQJT77+W2yO\/NxYRBiWA\/jxzU8wNIAroOuRy30u8WNldnrGNIEnJ0W8lpkVV5Q62ZJkagwAjCh7miSHIxFcuXbVmLwf3G+ePMcVxXAOnJs6a+xXjBacmDzTcKRiSVV9ybc0a3e\/QudTKZdx9PARY3BNUTRODmjazi66kbY95eB4sd4vnaSkqvjpcz8xfXZ9\/gbCkQgO7j9g65wRo2Gd7u1wJOL7HJyO40UyNYZcNutL4sMJUQvVj21\/uH0LAVl2jK6O1iJNdF337GPdaudG2zgaiyGuKKZzIRI1qZhioVA30Sypap3UjKhBm0yN2Tr+W7kO4vPOei507Eq5XHeO1gVJO7rZD0WHtizLpmsr2hgK1Y9bwpFwbR\/+sh3tzkt8PidTYw1rAeu6jpKquhYRtLs\/GqFSLtdtL0kSLly6aNyzbs5scVHFb2CUXf+giHZJkhCNxTwXs0Zr16RSLpvale5dXddNmX\/UN6OxqNFO4jNXzMpIZzJIZ8aNrDjqq3RMXddNmRD0++r33o7\/Rvt0s\/3RDnERsh0LNQzDMIMGzTFEyTag+j6xZtXS4gAFA5w6fgKaphlOUTEbiyRc6b3ayjiaGfyaqPd0faDvgV7Yzx7lPudnq0N4cXWo12YMJKKz3o6te+P+9xVbi7L32q\/1GMNywPfv3fZDTv\/Hdyv49tgp3Nt3CPf2HcL9t98xZH4eqn80thl5Vm7I6X\/\/7Xds\/zGt89nQKv5lwKP9dV036SwmLLrL5FAAqk4acZJcUlWcrzll7CRwKKrR6qgnxzVQjRD1o62eUBTD2eDHEdSK3f1IVEgXPFkbQBMURVP9nfk5Jp6f1elP2774\/AsDm00XFRxZVgci3dt7du3uuB3i\/dYM56bONhT1KkmSZ3Q1aagvFQoDO4guFgrGJMa6KEIOxaVC0de+tFptEWAtG6SdUN\/LZbN1zkRN07Bn1+66Z9diPt93E11d141rbk0TDwnParsUcrn2WStZVCVVNZ5njWYLV8pl\/HrXbt8LD+1E13XjvQI4207R7nSd\/b4D7VjI54UMjbDn7+keXcgvmD6nbZcKBZPzhjKFRPvovJY1zeRoF9\/x4u\/l2ljZ+hyiNpYkqem+6Nanm+mPbhRrz5lB0AlmGIZpJ+FIBJ9+8TnSmXHTc\/ZUbYwtvjfCkQg++eJzxGvztnAkgi9v3zKNkRfyebz4\/Aum7YKhEL76y5+R6FAG7EbhyrWrSGcyuHLtKmanZ3D08JGOZTx3gkBtYZ6CA04dP2E7f+1XemF\/2yL+KTKzEZwKghHNRtkM0k3rxeTKSK9NGFi27o3j+w9ytt9RRoAfhuWAKdJ+WA54ZhOItCPqf3NtsWFFW4a+75BJz\/\/hnRK+fz+Hp948XSf1s6rr+PbYKfzo\/Suex7Buy7SHewDeHgBtf7\/ksnOGXrmI+LednEaxUMAFXDR+K06waYJsJzNSUlVDw5s0yJ0QU\/Zz2ayvd0ErdvcjYgFFu\/MvFoqIK4qjA8lJ4x3AwAym3HBrv06fn67rRvZIM\/IxJVV1tZ\/a206H2k5yBDAvRFidfIPGQn4B6cw4EkrCcC4mhAjlRq65GKnbqX7vphNvvRdblTjpFFrNIW3V8Q8KUf52DlCxcHgrFAtFk0SZXxrNDmg3fhZQqV+WVBX3dN1wjjQ7xykWigiGQr60fKnNrPf9UqGISrlS97nds5MKGFvb2Ok5S22oWcbW1kySZvuiV59upD\/6OU5AlusyYRiGYdYjYla4iFvhd1ocoPEpLcpaM7wp+j+ZShn1mgAYNeDOTZ1dF\/OTbhMMhRAMheoCogZJMofq8OSyWWOMHwwF62oF9Svdtr9tjv9miu1R4UUnKYZ+d7B0mv2rw3im10YMMCPbgxjZHrQtnNtItD8V9X1cKwC8aUcYW3ZGHRcV7I51\/\/Ks74UCext+DgD44eNF2yK+5OAXefy1hr\/t\/HVLx2VaZ354Bfd6bUQbMTt3QiYdeKDqyLEbgJGsAi0a0H6saaB2+I3EpkHkshDd50WzdvcrFDXpdC2tzg\/r7wYhq6EVenl+JAERkGXHIrStYOfMFBeC7KBJGhWY8gPpf2sNbNMNFvN5pDPjCIZChsNttBbN24i2f7fo1L3YzfYpqSWEIxHjuUPYLQxbawLouj4QTlFaHNM0zXVhtN1QdH1JLQmO\/7Av+bpWsKvzQjg9s2gb0cnvtFAp3hv9JDXQzv5ITqxgKDQQ9zjDMEyziMV4iUq5jHNTZx3HIGIdmfNTZ7GQzxuF3J0WTXPZLJYKBVPdgLiiIK4oDRWuZ8xQDTdd15vOKuw1ot2DeA7dsr\/nGv9uA61m0yS7OTDvFNsAvMba\/i2zdW8c3909b\/u5Xyja\/kFhCat\/I8f\/qKfj\/\/HdCoafDVT191uM+ifJnkc+awsAYId\/H\/ANgPcGTNvfC\/HZKj6\/KQLDzyRX3E58wbUyQRYLAzYS\/dGs3f3K2vl493+787GL3l1PjMZikKTeRAfp+j3ksnNIZ8abjvpvFNF5aAdJds35LOobjUWNGhpAfR2JXkKObiqCnMtm+zqbIa4k2n4PdLt9nOoOiPU00plxhGwWiQchO1eWZXx5+5bxrLTWgWkW8Xo57WtUiPhf1jRcwMWWZMIoC8NPYV+gsfah54yfYs39uvDTzv4oOv7ZGcUwzHokGArh3WtXTVlk1YDeOcxOT9dqv9SrgZRU1RScRe8BcbF4myRBrtWTs7KQX8BCfgFvXbpoHPvKtatY1jT8ZsDkavoBSZLw6RefQ9M0yLKMV156GQCMRZhBgCSmgOr99OLzLzSlRtMrumV\/S57lTkedXJ+\/0dS\/QVzpsfLayjC29dqIAYac3nZ6\/Ft2jmJIknw7xina\/tGdEh7WnCebdoQ99fNXdR3ff\/A7AK1r\/VOU\/+adox6\/bJ4nj6Xx499\/gh\/\/\/hM8fflCW2oTbHQuryOJn36Hij8BnC3WDCVVNRxCpDkoD8iAzw\/kfKEBbkIo6NhNqLAvRf13GnKy2U2EyDEFVItMpTMZz4ALu0huse\/1msWagz+hJIwJo5PslRuig7Xdk0hRA\/z6\/I2WnLlWut0+NGG3i1YSr7so\/UP\/b8d1JX32Tk30KRKOoOKCrTw7orEY3qq1iVMmCkkeUNS9GH3fTFBUMBQSpIPcA0jEiH8\/yLJs7NtPHY2xWhH5pS47xJ36dCf6o5+Fd4ZhmEFElmVMTJ6pcwwXCwUc3H\/AVcabELO9EkrCVGCdCscHaoV\/rf8oOOng\/gMmX2RAlnF9\/gaSqdRABGr1ExT0tZBfgKZp0DStLwNm3KA5TS47Z2TrD5I\/oBv2txTxf27qbMM6mTSwYpx5BkPYv8rR\/q3w4GYRT7yaxLAcwOYdYTwUIuWNCP7ab9ygRYJVXTf2sarrGJIkbN7xczy4ueS6\/f3Ls4bTv5Wo\/8d3K9i0I4yte+N4dKfkedxmePL13xr\/H9kexJadoywV1AJfDa3iDwNe0HdQiMZiJmdIMpXyNfDsd9xW+zvhlKdodNKhT2fGsaxpKBYKyGXnXKMzE0rCsWjkuamzPY\/AqZTLRjR4QJZx4dJFXMBFVMplLOQXsJjPN5QFMDF5xvH3bvWJdF3HUqGAuKIgmRrraNS\/2CfsBo9ige415\/A4FvN5V035YqGASrmCcCRsFGTrlyyRhXwepyfPGBNGwL52iBs0qQWcM0hbud9JkogkMqmdioUClgrFlu+JbraPteBepVw2CvuaHf92CwOtFdYNRyJGllcn771KuYxioQhZDiBeWzD0+44JRyL4t\/\/4d9vvSqrqOIey09gvqWrNgR91PV+7Z5P4LPDrcPfbPvTssBbxtSOdyRiOIr9yfO3ArU93sj\/6KaTMMAwzCJDsXTozbnL4V8pl5LJzdc\/KXHYOJbWEhJJAQJaxmM9D05axXHMs57JZJFMpxBUFuq47vg+XLU5oev9pmlaTEyoZMo9UIyAai2J2eqYvxqWtQO99MRBADOiRJMloC+vf4rZe+yK524SSMAISEkqibh+N4nQcGgc2YqPXvuj8k6kxU9Ydzf02ov1Wei71w9RzjCV+WmZVv4cHN5ewZecotuyNG077IUnCllrU\/A8fL3o6\/jfV9P0f3vmj8dmDm0vYujeOzTujvhzw9y\/P4unLF1rS+v\/h40Ujy+BH71\/BiraMBzeL1SyEO3+01f1vlSFJwo8uX4C+71Db970RWG8SP\/0KDfKAteKpCSWxLhz\/zdTOaYXZ6WnDuUUEahJKyVQKuWzWcWAekGXHlNB+ibw5evhIXVZgMBTCxGQI6cy4oTPqh1YyC2enZ4wCy510mIu623bOa6fI1riioKSWbK9FSVVx9PAR4+8\/3L7Vd\/JQtLBC952b1IabYxZwXjRo5X7XdR0H9x\/A9fkbpt9Ska90ZrzpdPVetA9NSmRZrk1WqhH95XIFWu3eE59ja0Vc\/cu80EKkE40u7viF2krsP6S13+p+KarLDspkECPoS2oJyVSq4awckXMORRabRXSUeznyaUILoOYA6ozMT6N9uhP9sdrXnO9XhmGYQUKWZZyePFM3bsxls5idnrF9lxULBRQLBYQjYQRkGQv5BdM4ZHZ6BoFaxlgylUJJLXlKo9lFQRcLBZRU1VRcOByJ4Mq1EBbz+YaDlPuFg\/sPGI7k6\/M38MpLL0PX9do4IGyM9a7P3zBqKgDVcd9cdg65bBaSJOHL27dw6vgJFAsFyLKMT7743LSvsdQYflGT95mYPIMvb98CUB0viPtodC6n67rpONFY1AiMunLtKkpqydHGL2\/fMjI\/KGic9pVQFMSVhGlf93TdCFj69IvP8dVf\/gygWiNQ3MdGst+OvvYwz07PNPWvn4pFNcrPVofwi9WhXpuxLnjwcXV1eIsgjyPK\/NgV\/bVCUkGitj79f4tP2Z0fPl40nP1PHkv7M95mHz98vGj8PSwH8MSrSfzo\/Sv4b3f\/1BZpnu\/ePI\/\/fPYf8F\/bf2YsaGzaEWbJnyb4bGgVf+Jo\/64QDIUQqDmcTtVemt2SUVmPnDx+Ant27baNlKEFgEFF13Xs2bUbRw8fQS6bNTlyJEnChUsXuyIVqGmaEVHj5sxslTV9\/3qHryw4rkkHXnTcUVFcYnZ6Gj997id12Qw0SeunyFaxXkGjmRwii\/l8xzIyKuUyXnnpZZw6fgKL+bxp3BqQZbzboJxML9tn2SL3Yy0oLUb9S5JkioxqB6eOn2i7E7mkqvjpcz\/Bi8+\/YLp\/RFkYP1ChefEf9f0r1646vqecIv4BGMWrG4Wee+2EJIuqmVPufWVi8owRBdfNaH8Rpz7d7v7IMAyzntgmSUY2H+G1gO2FruuGsxSovhPtAlJEyR+3fdH8haDsvE+\/+HwgpUvFMZQYwFPNpqyYfqfr94y\/NU0zttV13bStpml1+xLHT9b9ivtolHqb1+ZclXLF1Ubr+dPvrOdH+xLl9czfles+2yj229HXEf\/rIWKzUV5niZ+28eDmkiHLs2XnKB7cXDLJ\/Hgxsj1oOL3F3z+4uYSnUY2IH9ke9LWA0I6o\/2+PncLjuxVs3RvHyPag6bute+PYsnMU+r5DvuwhHt0p4T6A1b\/pRrHiVV3Hd2+eMxY2Rp6VWe6nAe4BeG+Yo\/27TTXds1oEsRql3lkZlW5AGpZ2pDOZjjmNxQEOpfaerjltxlJjts6jqlOruXd2tQCYvSONIl7aCUUhATCKh9G1HEuNucrctMsuivoXI2bbDU3SyjaSHWK0OhV\/pWuSzoz71rkWJxtudLON6f6tFtZ0f9eL2uniZ4v5BdfIs1bud\/E4C4IjMhgKGdeeouBafYZ1o33K5QriWNPutzqtS2oJ4UgEISEdutFJDEkDWD+by851VUasUQeHpmm290k4soDr8zdwevJMXRtT37OeM92rlCmkOdwbYntFYzFcuXYVQPvrICQUxXiOeEVUikUavWTjWqXZPt2N\/sgwDDOIVMpl7Nm1G3FFMbKsKdLZLRvYC1oIDtWCuCYmz9Q5o0WpH7d3sCxIPIoUC8WmFyd6yYVLF5HLziGZGqu9jzJGZkNAlg1nfFxRsFxzJlOG58SkhNnpGUMuhrLtEkrC2FelXDYkkpKpFJY1DcnUmBGcMDF5xrSPRrEepxqkV6lF0I8Zckx2NgLVhSA6fwB150+LFPQ9SeWEIxHkslkEQ6G6fWwk++3oa8f\/RuNXq8P4R472bysky7NlbwIP7\/zRJPPjxeZahNyKtmxyfK\/qOh7frdR08KO478PR\/sPHi3jyWLplrf\/vP8jh+w9yGJYD2LQ9iM07o0YWw5Ak4ek3TjckzfPwTslU\/4AQz3eTpUYC48788Aq+AUf7d5PFfN5wdMxOzxiR2\/0kPzKokDNE0zSjkJcsyx113HQT0TFHRcO6ddzFfN5YdGh3BKwY0W\/XB0SNULEtSe960KFJntdkr1Iuu9Zk6CaUeUFO+HAkPBCORnKyyrJs0j21fh8MBbGt5vhv9PmxkF9YV8FA4iK19T0lZmekMxnb7f3eG8VCwbQY3i7JA0mScLrm\/PFTgI7qAFQjRNubdWClXX26lf7YTYk+hmGYbkDP75KqmqTRqjIoMRzcf6CpuQE9sz\/54nMEZBlXrl01Re5ToVMARtagdWyXUBShVlWVkqp2JCOwW5DcHFEdm6+Nz8XzlWpOYiJo+dt+X2vQYo64iHPl2lXTPprBehw3m602NnL+ZC9QDWaiRf6v\/vJn34FM69F+K56O\/1YKOjjtzy\/NDpycirHJcqClwVgnHUjbALzO2v5t58HHi0Y0\/ON\/SgKoFsr1J\/NTXSSwyw54qJaqjv\/YKO5fnvVlizXqvxVWtGU80Jbx4OYSvpMkPH35ArbsHDWkedoRof\/oTsmoccD44xsA8+tc2198H4jPWdH547Wt3Xa0rd0Ajd5DdlGf1oJQVNyT9IS9ntvN2t2vkBag7CDR5dR+XojXMdBmx79bJGq3rjlpMjvptncCMepflhe8N2gAcazVyPUV27WdC2f90MaDAkXId\/NebKV97CRo7FKVzfdka4V91wOag+OfJnkBh+hFABiNxQB4ZyYB1UWTdGYccUVpyPHv9A4Bqo4eepec8siQErOazk+dHbj+3kp\/LKkcNMMwzPqiUi7jxedfwFuXLhqZXIGarjlp6ns95yVJMskCapqG81NnbSU3SeOeEDMu6Tvr3EaUEGKa496AvavtuFer\/TeotNt+T8f\/xOSZnkUuNFvEwCktOa4opqKFjfLT537S9LZe7F8dxraO7X3j8vBOCSvacjXS\/vXfAvAX7T8kSYbT+4lXk45FgEkOyI+j3Rr13y75HJbm6R\/eG16BP2GFwUV8H4jOHRrkBWTZNhrDOsizbkf7tpMvePfaVQRk2Sg0JGK30JvLzhkp+l7R6c3a3a+QtIfTIrtT+\/WSQS281SrWqP924qbv7xfx\/hAzBJpx3G3UNu4WvW4fiiqP11KcRce+XYHffs\/Eclts7iRipo4b9F7y8wynLJ5q4XvFM2qd9ulkhyin4KdIL9UBqMo19H8GSztwWzRhGIZZD5w8fgLnps7i+vwNY84RVxSMxmImx\/up4yeMWmyE6Mwnv511XFApl23HCiVVNd5DVr9eO2QYNxq6ruNorYD9xOQZI\/q\/FZ9pt6EMPQDG4lEwFOxqAE0rdMv+noeYD1rkRyd4BkN4jaP9O4Y1Yt+Pvr\/fwr0AsLmBqHiK9N+6N97WormdcPQPDfAKaS\/4amgVn63zaH\/ArEUnIg7O7ArAigMIp23JaSQiRtr5dRaJiwNeDtVW7O5HxOhbu0X7Ncdc\/bk4yUoA\/blg0AiyR8Fn0XHaTUi3tN2DuzXJFfuIU9IGtWa6iO0sjs\/SmXFcn79Rl3JKDq5mCn9tVKKxmGv2Ky3aNHIv9t26\/6gAAAupSURBVLp9yjVb6fhli+3WqP9+v1+isRiuz9+oe39Qf2nVftJxte5L\/Ozg\/gO2\/yqWa+2Fpmmu71gr1O+d7lG6Jn6K9DZSB4CeVVQrghDt6MSCUSf6Y8Am84VhGGa9oes69uzabZp3SZKEK9eu4q1LF43gq5KqmsaU4v+TqTGEIxFDPk78jd07UJIkXJ+\/UTc\/O7j\/ADv9m4AWWHRdR7FQRDKVsp0P9zPFQhFaLVCDNPnbKZHTabplf0+9zcVCwSggsZE5xk7\/jiJG+D++W\/HlJKdo\/1Vdx6M7Jdt\/tB8qGOzXFtpu69647+28FgmaddI\/9eZpSB99aGsLFRBe+bq\/J+j9wnvr3Okv13QXyTFBDksRep6nM+MmJ2s0FjOcBcVCoW7Bd7G2r3AkYkQH0t+keVdSVd+T6Gohv6oto7GYZ5pcs3b3I6QdDVT1AkWHRjqTMQYS1vajYsFXrl2tcwbLtYJbQNUhNQjXwcqFSxdx4dJFpDOZuvshHIk4Lmh1Gj\/62M3gtZBBxwxYFkScrgP9TZHDQNUhRxMvuwLCTD2SJOHCpYu4Pn\/DdiEqmUoJbef\/mva6fay21i\/uVp26lFVlFyXerkLX5FRvphgdQfbHFcXYjyRJxvvAurDRCPQuJcT+PxqLGp85\/aOC1WItAC\/Ed6ybrJ1ojyRJtguDfov0WusAeMku0HvL6oina96JxaJO9UfaZlC1pRmGYRrh3NRZvPLSy6bnfFxR8OXtW7bP1kq5bPyWFtppfuK0oExZAldqWeDAmtzrnl27+z6TsF8hmUZJknwFB\/Qj4UjYGLMMksOf6Jb9nlI\/i\/mFjmgUFguFuolBu45Fg8NlTWt7wbx287PVIfyCC\/p2FNL0H9ke9CXzA6xF\/H\/\/we8c9fifeDWJp9483VB2AAB8e+wUtn30YUPbbHv\/Ch6VK45FgZ9687Tx\/0c+6heIbNoRxvCzsunaiAsBLBvkzWdDq\/jT0Poq6JvOjDtGy1fKZdsCfXPZOcMpQI5WK7nsXN1nxUIBaW28JhVRlWQj6Qii0Wc56adXtf5TrlEgzdrthZdcXafk4+ayc5io1Tn49IvP674XF0YIciJRMSKSuBCljgDndnC7XwBnCb5uIJ4D2UmSKFZpDb\/3WTvbdnZ6Btfn2yep6EdShaJKgqEQLly6iGRqzJC7AuoXhnLZOSRTKUPHlWpJEBstiKPZ+12sm0XPGjFLh75rVBal1+0jjuftzttO898K9alWn4vkHCipatNFXsWiuJ9+8TlKqmpqn0WbhW87wpEI\/u0\/\/t3x+5Kq1tXVqB7fOTOV6pGEIxFbeTqn8zmtr9W+8Yq+p2eDVX6PFgYB5z5A7UfvXzovu+sg9hPRRrrm4vO5E3rNneiP1Ia6rnPEP8MwGwZN03D08BFEYzFMTJ4xnt3VoJtx\/KYmJ0OcnzqLe7puBGgtaxqKhULdfI3mcdb3zWI+j5MeNWYYZ\/bs2o1KuYxkKoUvb9\/qtTkNs6xp2LNrN3Rdx5VrV\/HVX\/7ca5Maohf2ezr+u6nH2O5jaZrW9yk\/r69ytD8AbNkbdy0ku\/K15ttpb8d3\/3wem3aEfe1jZHvQiKB3kwV6cLNoONy37BzFg5tLvmx5WMsY8Fs498ljaYxsD2JkexCbd4Tx4GYRD2vHGpYD2Cpcuwc3l7DaQDTuw5tLeOLVJIblAKSPPsT3H+QwLMt48li1HsKqruPhHS5O5sY9VLX9NwqVctlxoFUpl3Hq+AlbxzlQ1Xm0cwrpuo7fHD5iKtAkOmOdtnODUkspmtvtXdCs3f1KLptFKBS01Wek1Fmrs+jo4SOmjI6Ajdb0Yj4\/kBrNdM7vClFCdtHAp46f6EmEJkXytquekiin4uYUJG1WcRug2h+sjmJN05DLZo2inqKtfgq5MVVKqopTx08YBcgB1LU7PQ8bodft4+XY9+P47zfOTZ01IvPF61ksFNrihBY1XekYdE+4vW\/E78KRiC9bdF3HUqGAuKIgGov5kN2pLnSMxqKmZ34jReYaLUhH0kGUXWaVHetEIFcn+mOiFjG5xIUlGYbZgBQLBWiahrHUmKn47\/X5G5idnjECxzRNw8njJxAMzTnW1KHMa+sYNZedG8j5SD9BY7FBGZNZ0YQ5TqVcGbhI\/17Y7+n4ZzrHr1aH8Y8c7Q\/AW\/bm0Z1SS47\/h3dKvh3YZMuqruOxS\/T8irZsFA7etCPs2\/EPAPfffgfbfDr+H9ws4olX\/yeGJAnDcsCx2DAV+W0EcRFi044wfmSx6f7ldxra30ZkfngF32D9RPsvC3rAIlXHQdFzoLVQK\/aXTI0ZL7FioYBcds7VmVEpl\/HrXbuRzowb0R8lVUUuO2fr2NB13VP+Z3Z6BumabH04EnE9fjN2O33e6iDKz7lROznJH5w8fgIltYRkagzBUMhw\/MxOz9g6t8k5nlAUjMaipmjSkqpiMb9g2w5O94vd\/jsJXSun41TKZezZtbvm+IqatLRLqoq57Jyvdmumbb3aCli7V\/3u3+2aU9\/xyqCkiGi65+kecXIUVz+\/h4SSMAq1zU7PdCQS1w6vNm7kt376mB3tuN8X8nmUVNXQtRWLh5dUFbPTM673sdP+e9k+oo68XbS6+L3TfWl3Xf30HSuNtK3b\/ouFAo4ePmI4HapR3wu+AorIBieKhSIW83lTO8qybNjidY\/nsllTRDrgfc8v5BdMC59u12chv4BkKoVoLGZoNIvH8IOfvmK1NZfNYlnTjGvu9Uyy7quZPt1sf7Q7N0mSMGqMH7zriTEMw6xHKEispJaQzowbGaUTk2cQjoQxOz3j6ngOhkJ1Ouf0Ds5lsxxs0gaSqRRKqmosVg8awVAI0VgMmqYhGvMvu90v9ML+ob\/\/u+deAfB\/nX7Qrgi09QBJA7SDbQD+9+NN2NaWvQ0u\/\/3rf\/X1u0d3StD3HQJQjYB\/8vXfmj4jpI8+xKYdYdx\/+x1HiR6749\/bd8hYGPjx7z\/ByPYgHtxcwv\/7p6Ou2z99+QK27o1jRVvGX3e84mmfna1evwOqGv5PvXnacYHk0Z0Svv3n844LFXSedtdlSJKw7f3\/VZeB8P0HOXz35nlXuzY63wA4NPII93ptCMMwDMMwTJv49IvPEQyFWE6hAZKpFCYmz0DXdbz4\/Au9NodhGKbnyLKMdGbclIWs6zpy2TnbhfSEopiysIDqQuu5qbMDG53uB6q11u+4yShen78xEL7j2ekZ23tv0O334Jeejn83bcqNRjs1il9bHcZrXNQXm31Gva8I0ffDcgAjz8qmz4iR7UEMSxIef6350qan4z+6WzEkcugzP\/sgWwAYCwdu9tlt6\/U7kSFJwqbtQcNJv\/K1hkfliuf2fs5pcy3qf\/VvOh7cLLK2vw+mhlfw2Tov6sswDMMwzMYioSiG\/N0rL73MhWo9kCQJX96+BUmSmp2UMwzDrFvCkQjeunTRJCNaKZdxbuqsIXc5MXnGJOuzrGk4N3W2a5mlvSShKANRXJfazA5r+\/Uri\/kFWwWDQbffA3b8N0K7HP\/PYAj\/5\/FIGyxiGKZXfDW0it8MP+61GQzDMAzDMG3nD7dvISDL7Mj2QTQWw5VrV6HrOl556WWWomAYhrFgV6iXCqFb5evOTZ3FUq1eAMMwLfNLDjnvAcc40p9hBp73ONKfYRiGYZh1yslaYXt2+ntTLBSwmM\/jPBc7ZxiGsaVaqH0aB\/cfMGrrSJJkKm5PNbly2Sw7\/RmmjXhG\/Kczme5Z0+cs1oo\/tsIzGMIb7PhnmIHmT0Or7PhnGIZhGIZhGIZhmAag6P9kagySJGFZ0zA7PdOMhAnDMN54S\/0wDMMwDMMwDMMwDMMwDMO0A1mWEY5EUCwUOFuKYTrHLzf12gKGYRiGYRiGYRiGYRiGYTYGmqZB4yh\/huk4rDnDMAzDMAzDMAzDMAzDMAzDMOsIdvwzDMMwDMMwDMMwDMMwDMMwzDpiE4C\/Aviyx3YwDMMwDMMwDMMwDMMwDMMwDNM6f\/3\/YGqHigdL4IkAAAAASUVORK5CYII=\" alt=\"Markalama G\u00f6rseli\" class=\"marking-image\" title=\"\">\n              <\/div>\n<div>\n<table cellpadding=\"0\" cellspacing=\"0\" style=\"width: 100%\">\n<tr>\n<td style=\"width: 120px;font-weight: bold;\">\n            Norm\n          <\/td>\n<td style=\"width: 400px;text-align: left;\">\n                    TS EN 1765 TYPE S10<br \/>\n                    TS EN 1765 TYPE S 15<br \/>\n                    ISO 1307\n                    <\/td>\n<td style=\"width: 120px;font-weight: bold\">\n            Colour\n          <\/td>\n<td style=\"width: 400px;\">\n<div class = \"color-icons\">\n                                          <img decoding=\"async\" src=\"data:image\/svg+xml;base64,PHN2ZyB2aWV3Qm94PSIwIDAgMTAwIDEwMCIgeG1sbnM9Imh0dHA6Ly93d3cudzMub3JnLzIwMDAvc3ZnIj4KICA8Y2lyY2xlIGN4PSI1MCIgY3k9IjUwIiByPSI0OSIgZmlsbD0iIzAwMDAwMCIgc3Ryb2tlPSJibGFjayIgc3Ryb2tlLXdpZHRoPSIwLjUiLz4KICA8Y2lyY2xlIGN4PSI1MCIgY3k9IjUwIiByPSIzOCIgZmlsbD0id2hpdGUiIHN0cm9rZT0iYmxhY2siIHN0cm9rZS13aWR0aD0iMC41Ii8+CiAgPGNpcmNsZSBjeD0iNTAiIGN5PSI1MCIgcj0iMzMiIGZpbGw9IiMwMDAwMDAiIHN0cm9rZT0iYmxhY2siIHN0cm9rZS13aWR0aD0iMC41Ii8+CiAgPGNpcmNsZSBjeD0iNTAiIGN5PSI1MCIgcj0iMjIiIGZpbGw9IndoaXRlIiBzdHJva2U9ImJsYWNrIiBzdHJva2Utd2lkdGg9IjAuNSIvPgo8L3N2Zz4=\" alt=\"\" title=\"\">\n                                      <\/div>\n<\/td>\n<\/tr>\n<\/table><\/div>\n<\/p><\/div>\n<\/p><\/div>","protected":false},"excerpt":{"rendered":"<p>\u00dcr\u00fcn Ad\u0131: LIMAN TYPE S10 \u00dcr\u00fcn Kodu: DOH 459 \u0130skele Tipi Ya\u011f Hortumu \u2013 EN 1765 Tip S Kullanim Alan\u0131 : Tankerlere ve mavnalara yak\u0131t ikmali hizmetleri ile end\u00fcstriyel uygulamalarda, aromatik i\u00e7erik oran\u0131 %50&#039;ye kadar olan petrol \u00fcr\u00fcnlerinin emi\u015f ve de\u015farj\u0131 i\u00e7in. Alt Katman : Ya\u011fa ve Petrole Dayan\u0131kl\u0131 NBR Kau\u00e7uk. Takviye Katman\u0131 : Y\u00fcksek [&#8230;]\n","protected":false},"featured_media":22976,"comment_status":"open","ping_status":"closed","template":"","meta":{"jetpack_post_was_ever_published":false},"product_brand":[],"product_cat":[2364],"product_tag":[],"class_list":{"0":"post-21775","1":"product","2":"type-product","3":"status-publish","4":"has-post-thumbnail","6":"product_cat-sel_akaryakit_hortumlari","8":"first","9":"instock","10":"taxable","11":"shipping-taxable","12":"product-type-simple"},"jetpack-related-posts":[],"jetpack_sharing_enabled":true,"jetpack_likes_enabled":true,"_links":{"self":[{"href":"https:\/\/tuzlahortum.com.tr\/en\/wp-json\/wp\/v2\/product\/21775","targetHints":{"allow":["GET"]}}],"collection":[{"href":"https:\/\/tuzlahortum.com.tr\/en\/wp-json\/wp\/v2\/product"}],"about":[{"href":"https:\/\/tuzlahortum.com.tr\/en\/wp-json\/wp\/v2\/types\/product"}],"replies":[{"embeddable":true,"href":"https:\/\/tuzlahortum.com.tr\/en\/wp-json\/wp\/v2\/comments?post=21775"}],"wp:featuredmedia":[{"embeddable":true,"href":"https:\/\/tuzlahortum.com.tr\/en\/wp-json\/wp\/v2\/media\/22976"}],"wp:attachment":[{"href":"https:\/\/tuzlahortum.com.tr\/en\/wp-json\/wp\/v2\/media?parent=21775"}],"wp:term":[{"taxonomy":"product_brand","embeddable":true,"href":"https:\/\/tuzlahortum.com.tr\/en\/wp-json\/wp\/v2\/product_brand?post=21775"},{"taxonomy":"product_cat","embeddable":true,"href":"https:\/\/tuzlahortum.com.tr\/en\/wp-json\/wp\/v2\/product_cat?post=21775"},{"taxonomy":"product_tag","embeddable":true,"href":"https:\/\/tuzlahortum.com.tr\/en\/wp-json\/wp\/v2\/product_tag?post=21775"}],"curies":[{"name":"wp","href":"https:\/\/api.w.org\/{rel}","templated":true}]}}