{"id":21766,"date":"2025-08-11T11:34:01","date_gmt":"2025-08-11T08:34:01","guid":{"rendered":"https:\/\/tuzlahortum.com.tr\/urun\/flat-20\/"},"modified":"2025-08-20T15:23:21","modified_gmt":"2025-08-20T12:23:21","slug":"flat-20","status":"publish","type":"product","link":"https:\/\/tuzlahortum.com.tr\/en\/product\/flat-20\/","title":{"rendered":"FLAT-20"},"content":{"rendered":"<p>&nbsp;<\/p>\n<div class=\"report-container\">\n<div class=\"report-header\">\n<div class=\"standard-text\">Product Name: FLAT<\/div>\n<div class=\"standard-text\">Product Code: WLF-138<\/div>\n<\/div>\n<div class=\"product-image-container\">\n<div class=\"key-feature\">High Pressure Flat \/ Straight Water<\/div>\n<\/div>\n<div class=\"horizontal-line\"><\/div>\n<div class=\"product-details\">\n<div class=\"detail-row\">\n<div class=\"detail-label\">Area of Use<\/div>\n<div class=\"detail-value\">: For water drainage in agricultural and industrial applications.<\/div>\n<\/div>\n<div class=\"detail-row\">\n<div class=\"detail-label\">Substrate<\/div>\n<div class=\"detail-value\">: Natural and Synthetic Rubber.<\/div>\n<\/div>\n<div class=\"detail-row\">\n<div class=\"detail-label\">Reinforcement Layer<\/div>\n<div class=\"detail-value\">: High Strength Synthetic Textile.<\/div>\n<\/div>\n<div class=\"detail-row\">\n<div class=\"detail-label\">Top Layer<\/div>\n<div class=\"detail-value\">: Weather Resistant Synthetic Rubber.<\/div>\n<\/div>\n<\/div>\n<div class=\"table-notes\"><\/div>\n<div class=\"horizontal-line\"><\/div>\n<div class=\"footer\">\n<div class=\"standards-section\">\n<div class=\"standard-item\" style=\"margin-top: 9px;\"><\/div>\n<div class=\"standard-info\"><\/div>\n<\/div>\n<div class=\"temperature-section\">\n<div class=\"temp-icon\"><img decoding=\"async\" src=\"data:image\/svg+xml;base64,PD94bWwgdmVyc2lvbj0iMS4wIiBlbmNvZGluZz0iVVRGLTgiPz4KPHN2ZyBpZD0ia2F0bWFuXzIiIGRhdGEtbmFtZT0ia2F0bWFuIDIiIHhtbG5zPSJodHRwOi8vd3d3LnczLm9yZy8yMDAwL3N2ZyIgdmlld0JveD0iMCAwIDcyLjI3IDE2Ljk4Ij4KICA8ZGVmcz4KICAgIDxzdHlsZT4KICAgICAgLmNscy0xIHsKICAgICAgICBzdHJva2Utd2lkdGg6IC41OXB4OwogICAgICB9CgogICAgICAuY2xzLTEsIC5jbHMtMiwgLmNscy0zLCAuY2xzLTQgewogICAgICAgIGZpbGw6IG5vbmU7CiAgICAgICAgc3Ryb2tlLW1pdGVybGltaXQ6IDMuODY7CiAgICAgIH0KCiAgICAgIC5jbHMtMSwgLmNscy0zLCAuY2xzLTQgewogICAgICAgIHN0cm9rZTogI2E3YTlhYjsKICAgICAgfQoKICAgICAgLmNscy01IHsKICAgICAgICBmaWxsOiAjYTdhOWFiOwogICAgICB9CgogICAgICAuY2xzLTIgewogICAgICAgIHN0cm9rZTogI2ZmZjsKICAgICAgfQoKICAgICAgLmNscy0zIHsKICAgICAgICBzdHJva2Utd2lkdGg6IDIuMDZweDsKICAgICAgfQoKICAgICAgLmNscy00IHsKICAgICAgICBzdHJva2Utd2lkdGg6IC4ycHg7CiAgICAgIH0KICAgIDwvc3R5bGU+CiAgPC9kZWZzPgogIDxnIGlkPSJrYXRtYW5fMSIgZGF0YS1uYW1lPSJrYXRtYW4gMSI+CiAgICA8Zz4KICAgICAgPHBhdGggY2xhc3M9ImNscy0zIiBkPSJNMTEuMzQsMTEuNTdjLS45NCwxLjcxLTIuNzEsMi42Ni00LjgsMi42Ni0zLjA1LDAtNS41MS0yLjQ3LTUuNTEtNS41MlMzLjUsMy4xOSw2LjU1LDMuMTljMS45NCwwLDMuNjUsMSw0LjYzLDIuNTIiLz4KICAgICAgPGNpcmNsZSBjbGFzcz0iY2xzLTUiIGN4PSI2LjU1IiBjeT0iOC42NiIgcj0iMi40Ii8+CiAgICAgIDxjaXJjbGUgY2xhc3M9ImNscy0yIiBjeD0iNi41NSIgY3k9IjguNjYiIHI9IjIuNCIvPgogICAgICA8bGluZSBjbGFzcz0iY2xzLTMiIHgxPSI2OC4zNCIgeTE9IjExLjc2IiB4Mj0iOS45MiIgeTI9IjExLjc2Ii8+CiAgICAgIDxsaW5lIGNsYXNzPSJjbHMtMyIgeDE9IjY4Ljc4IiB5MT0iNS41MSIgeDI9IjkuNzMiIHkyPSI1LjUxIi8+CiAgICAgIDxsaW5lIGNsYXNzPSJjbHMtMyIgeDE9IjU0LjA3IiB5MT0iOC43NSIgeDI9IjguNjQiIHkyPSI4Ljc1Ii8+CiAgICAgIDxwYXRoIGNsYXNzPSJjbHMtMyIgZD0iTTY4LjE1LDUuNTVjMS43MSwwLDMuMDksMS4zOSwzLjA5LDMuMDlzLTEuOTIsMy4wNi0zLjYyLDMuMDYiLz4KICAgICAgPHBhdGggY2xhc3M9ImNscy01IiBkPSJNNTMuOTEsOC43NWMwLS4xNC4xMi0uMjYuMjYtLjI2cy4yNy4xMi4yNy4yNi0uMTIuMjctLjI3LjI3LS4yNi0uMTItLjI2LS4yN1oiLz4KICAgICAgPHBhdGggY2xhc3M9ImNscy0zIiBkPSJNNTMuOTEsOC43NWMwLS4xNC4xMi0uMjYuMjYtLjI2cy4yNy4xMi4yNy4yNi0uMTIuMjctLjI3LjI3LS4yNi0uMTItLjI2LS4yN1oiLz4KICAgICAgPGxpbmUgY2xhc3M9ImNscy0xIiB4MT0iMzYuNDMiIHkxPSIxNi45OCIgeDI9IjM2LjQzIiB5Mj0iMTQuMjQiLz4KICAgICAgPGxpbmUgY2xhc3M9ImNscy0xIiB4MT0iMjguMDUiIHkxPSIxNi45OCIgeDI9IjI4LjA1IiB5Mj0iMTQuMjQiLz4KICAgICAgPGxpbmUgY2xhc3M9ImNscy0xIiB4MT0iMTkuNTkiIHkxPSIxNi45OCIgeDI9IjE5LjU5IiB5Mj0iMTQuMjQiLz4KICAgICAgPGxpbmUgY2xhc3M9ImNscy0xIiB4MT0iNDEuNTciIHkxPSIyLjc0IiB4Mj0iNDEuNTciLz4KICAgICAgPGxpbmUgY2xhc3M9ImNscy0xIiB4MT0iMzMuMjgiIHkxPSIyLjc0IiB4Mj0iMzMuMjgiLz4KICAgICAgPGxpbmUgY2xhc3M9ImNscy0xIiB4MT0iMjQuOTkiIHkxPSIyLjc0IiB4Mj0iMjQuOTkiLz4KICAgICAgPGxpbmUgY2xhc3M9ImNscy0xIiB4MT0iMTYuMDgiIHkxPSIyLjc0IiB4Mj0iMTYuMDgiLz4KICAgICAgPGxpbmUgY2xhc3M9ImNscy0xIiB4MT0iNDQuNjMiIHkxPSIxNi45OCIgeDI9IjQ0LjYzIiB5Mj0iMTQuMjQiLz4KICAgICAgPGxpbmUgY2xhc3M9ImNscy0xIiB4MT0iNDkuNDkiIHkxPSIyLjc0IiB4Mj0iNDkuNDkiLz4KICAgICAgPGxpbmUgY2xhc3M9ImNscy00IiB4MT0iNDAuODgiIHkxPSIxNi45OCIgeDI9IjQwLjg4IiB5Mj0iMTQuMjQiLz4KICAgICAgPGxpbmUgY2xhc3M9ImNscy00IiB4MT0iMzIuMzMiIHkxPSIxNi45OCIgeDI9IjMyLjMzIiB5Mj0iMTQuMjQiLz4KICAgICAgPGxpbmUgY2xhc3M9ImNscy00IiB4MT0iMjMuNzkiIHkxPSIxNi45OCIgeDI9IjIzLjc5IiB5Mj0iMTQuMjQiLz4KICAgICAgPGxpbmUgY2xhc3M9ImNscy00IiB4MT0iMjAuNTkiIHkxPSIyLjc0IiB4Mj0iMjAuNTkiLz4KICAgICAgPGxpbmUgY2xhc3M9ImNscy00IiB4MT0iMjkuMTMiIHkxPSIyLjc0IiB4Mj0iMjkuMTMiLz4KICAgICAgPGxpbmUgY2xhc3M9ImNscy00IiB4MT0iMzcuMTYiIHkxPSIyLjc0IiB4Mj0iMzcuMTYiLz4KICAgICAgPGxpbmUgY2xhc3M9ImNscy00IiB4MT0iNDUuNzEiIHkxPSIyLjc0IiB4Mj0iNDUuNzEiLz4KICAgIDwvZz4KICA8L2c+Cjwvc3ZnPg==\" alt=\"S\u0131cakl\u0131k\" width=\"100\" title=\"\"><\/div>\n<div class=\"temp-values\">\n<div>-25\u00b0C \/ +70\u00b0C<\/div>\n<div>-13\u00b0F \/ +158\u00b0F<\/div>\n<\/div>\n<\/div>\n<div class=\"marking-section\">\n<div class=\"detail-row\">\n<div class=\"detail-label\">Branding<\/div>\n<div class=\"detail-value\">: Transfer Band or Embossed<\/div>\n<\/div>\n<p><img decoding=\"async\" class=\"marking-image\" src=\"data:image\/png;base64,iVBORw0KGgoAAAANSUhEUgAABf0AAAAwCAYAAACrFNDUAAAACXBIWXMAACE3AAAhNwEzWJ96AAAgAElEQVR4nO3dX2wb150v8G8NYxXf2GO7cVMDnGy0cR6WvEAl5KHk5s+NgjXpYheLpBIfbBhoJAI3uekCkrKwnYfYSmI7D7Z8t5IuWte+AKUUMOwHSmhuYKOhDNRpkoLsQ668wJIvTurdjIDUcRN7nCBRYRj7QJ6jw+HM8N+QM5S+HyBALA5nzvwjh7\/zO7\/znV0P974O4DUQEREREREREREREVFX2+B3A4iIiIiIiIiIiIiIyBsM+hMRERERERERERERrREM+hMRERERERERERERrREbW3mzrusYTCa9aotnZqamAADRWAzRWEz+fSGTgWEYfjXLM18+vh3f6Jv8bgbRuvTgb25go3nX72YQERERERERERHZajror+s6\/t+li9A0zcv2eEIN+o+Oj8m\/53O5rg\/6rzz4V\/ji77b73QyidWnTp98y4E9ERERERERERIHWdHmfkK4HMuC\/1v15YIffTSBatx78zQ2\/m0BEREREREREROSKNf27yNeP3o9vHrrP72YQrUtbP7rNLH8iIiIiIiIiIgq8lmr6q\/K5HGampr1aHdm4+cwDfjeBaF3asHIP3\/39l343g4iIKHA0TcNwKiXLaxJ1iqZpGEwmMZdO+90UIiKippy7cL5iLtKgmpmadnzWu3b9jx1uTXP2792HfC5X9fdub78bD4P++YY3TvX78vHtuKt5drqIqAHf\/f2X2LByz+9mEBERBc6JU5OIJxLQ9RAOHTjod3NondA0DecunEc4EkGxUODvUCIiIiKLwESRw5EIDk8c8WRd+\/fu82Q9QXGvZwNuPbbV72Z01ECoDwN6f13Lvp5\/CwDQq+3EcHhPxd+aIdZza+UrTC3N2y4zHN6DXm1n3etspT21PPfIE3g+vAfbejYDAN7+5EPHdgOlYzvWPySXv25+humleSzd\/LhtbexmG8272PrRbb+bUVM0FpMZAguZTMuTluu6jsFkEgAwl07DNE3b5YaSSYR0veZyIhMUAJYNA\/OZTNX766FmF4yOj1etrxWiLcVCAYvZrO0y6nGpl1P7RPvdtifOaz6XcwxoxBMJhCMRAKiZaSu2uZjNolgouG6zEaJ9jR4f67Gp5\/2maeJyNtvQNd7I\/SGOkdsxB1YzTOOJuPxbsVDAXHq27raFIxHEEwlEY1H5t2XDQD6Xd7ymWz3GKvW4uN2\/4pg4XV\/q\/V3ruAH17cOyYWAxm3VsU6PsztdidrHmtWT3vtIxnW8oyCiOoZt6jl3QxBMJxBMJAMAWm7m+mj3u0VgMQ8kh+f2wbBiYmZqueW9Z3ye2t5DJeHYtrTf1fCe4fY+pNE2Tn3nqOcrn8q6fzeqzgvgcCum6\/NvJU5P4p3\/4R55jIiKiGmamppHP5XB44oj8DdlNTNPEm0ePwTRNnDg12XVzzXa6\/YEJ+mua1hVDWvxw85kHcK9nfU2\/MKD347Uf\/qSuZWXQf8v35XtaCbKP9Q1ivH8IADBXfBe3Vr6qWub58B4MhPrqXme7gv4\/e+qnsq3CQKgPz4f34JmFf6lq+3B4D2Z3H6pcSagPw+E9+PHFCfz6kw\/b0s5u9uBvPve7CXWJxmIYHR8DUAoctRr0H06N2Abp7YjtAs5BwXgiIZdTS8ENJoca+uyvDPqv7m+rQX9N03Di1CSA1WCjnZCuV+xvPZzaJwJT+VzOcXtDySEMJpNYyIQcg4HDqRFEY7FyUMw56K+eA7eMXPVaqtfMVGk\/Gz0+1mNT7\/sPTxzBKwcO1n3eG7k\/Vq9TuHa02D2kRWMxDKdSmEuncfzoMdc2nTw16Rj4HkwmMTo+huNHj1VdG60eY5WurMsp4Kwu4xSUC0cicplXDhjI12hTvfvwqlk6z\/UEE92oGcEqcV3s37vPthMsHIng3IXztg\/jg8lkQ9dgfedsDPlcDi+98GLXBC9Fwo5pmnjF8pnS7HF3ujdqHXOn94mOgP1793XNcQ2Ser8TioUCDh046Nih7HY\/iW0sZDI4Xv4hrFKfFcT3XLFQwMzUNA5PHEFI11liioiIqIbSd2fpu\/L40WM4d+G8zy1q3EImI58Fw+lIw79b\/dbp9q+vSHIXWnnwr3Dnv2\/xuxnrijrC4LlHnvCxJe4GQn1VAX+hf8euqtd6tZ3VAX+F22vr1aZPv8WmT7\/xuxm+EJmbALBbydC0ms9ksFwOAg4l7a9HYDXgZZpmIGvvqvsb0vWOZD0UyoERt04P8Vo9yxQcAi2Cmmm7W9nfbiVKinRaNBbD6bNnXLMyhlMp19GLbgF\/IaTrOH32TFv3Ub1mnK4x9e\/1LFPrOmyEpmk4ffZMy0khp8+ecbynRWDa7nyerJF9c+LUJPQGRirVIxqLdc0PMDX7+k2bQG0zxz2eSLjeG07HvNb7vBxRTPbcgvpur6kGk8mGrv+5dFo+gwynRhprMBER0ToT0nX5XdyNWf5AZbvDkbCPLWlOp9vvWaa\/pjEw3Q5\/HtjhdxN8tXTzY7z8u593bHu92k7079gl\/\/3sI09grvhu1XIv\/+7nsjyO8NvBfy299v4vsPT5tfY2FMBYOah\/a+Ur\/PjiBK4sX0WvthO\/\/fH\/Rq+2E2N9gxUjDNQOjJHLJ+V+vR59Hq\/98CfY1rMZzz3yBLP9FQ\/+5obfTfBFOBKpGHYfTySgaZpjhuR8Zh6j42MI6TqGksmqLMxoLKaUAJp1XI+fpdmsHRtDySEcP1odvCwWCrbtFEGKUs99ZXktp\/3N5\/IyoCtqEqt0pXRBSNeh63pVlrX60JDPuedXq4F+UWLBLoN6IZOpyvhWA2bHjx6rauuyTfa33bGwcsu6dXq\/mnV64tQkFn\/QWhZ4o06WR4QApTJJM1PTKBYKsmSNaFsp47+61E84EpHBSTG8Uy1jE45EMJIawWAy6ToKBGj9GBcLBZimCU3THB861dJD0VjUNstavNc0TccsXydO+zCcGpH3x8lTk3j6yacaWq+gliYpFgp46YUXYRgG9HKnSjgSkfeDum\/hSETeX+r7gFJ2uxgJNTo+1lAde7tJ0HRdRzQWw6sTR8rnIuJ4fwaJCLLajQZr9rir2U7Hjx7DXDoNTdNweOKIvG\/sjvmg0uks3geUzuMvz55BqHx\/1lMiiJzZff5rmobR8TF5Tg9PHKk6P6PjYzLIoH5uiveLkWghXa85SspqZmpajryyewYhIiKiEk3TcOWD91EsFKBpGh77Qal6xTuXLjZUctdP0VgM733wvvzd8Wjv3yAcieCdSxf9blpdOt1+z4L+w6mU\/AFUr4VMxvGHUj6XW3O1+Rv19aP345uH7vO7Gb66tfIVrixf7dj2RGD81spX2Naz2bGEj1v9+6XPr3WkzaKtb\/zhV3J7183P8MYffoXZ3YewrWczerWduG5+BqDUgQEAv\/7kw4qOjNfzb+H5v02UOjy+9yiD\/mVbP7qNjeZdv5vhC5Gxv2wY8svfGphRzaXTGE6NlGs3D1Utp2bfLbj8GPerlrUIOACr+xxPJGwDD6ZpurbTMJbr3o+iJcvaGkixK4lhWI5fRFnGLdgqOm4AdR\/jtkFFwzBcg2L1TpjYyLFo5P35XA7hSFjuk5jzoBPiiYS8J0QZltX2lsormaYpO0jsgpNq5v5LL7xY1XZRImM+M2\/bmaJq9RiL7bnV7FavQ6dlIkpwvFFu5\/nchfOy09CuY6we6ggkNXBvGAZeeuFFXPngfQDVHRrqeTp04GDFPXH86DF5LXiRJWUYBoxy6STRgRiNRQMd9NeVfbfrtGn2uIt1LmazMnBvmiYOHTgorwW761CcL\/V9wGoJGFG+LRyJMOjfAqfP\/3wuhysfvA9N08odzPafe9bPTaB0fuczGSxms019ns9nMrLDbHcizqA\/ERGRC\/H7aWZqWiYHiSS+bhHSdYQA+XtdPJ90S8n4Trbf1\/I+g8lk15wUP9x85gG\/m7DuPF0O8r\/xh1\/JwH8QS\/z079iFK8tXS\/8ZSxWviSA\/UJrnwOqqTYfF9Tt\/8r6RXWzDyj189\/df+t0M36jBExF0civxUyrZMwugesI\/vRxAB7yZYLgdrME9oDMlftTARsQmy1rNsAbsh\/+pf3MLlIjSPsVCAbPlc9XNJX4uZxfl\/3fyOUItkeSUjaqWm7BrmzivpQl7nc+ZF3Nz1EOMENE0rapsisg6F9Qhweoyqx0htar5N0Z8rgDNn2fRUbdoM3Gs+m+37Ca7zgbxXi8\/J9TrIehDrtXPD7vO3GaOu3qOi4Vi1TrF95H7uap+n7q9oB\/XbmWaprwOrJ8b6nldcBmZZJpm0x1dYtt+lHwjIiLqRkPJIZnEMZQcQj6Xq5lwFDQi8TCeSCAciSCfy3XV\/E2daH\/Tmf7tPpCliePGm3rvWpjE6fZjW3FXC8w8y+uGCPBfMZbQt2MXhsN78HSoL3DZ70s3P8YzC\/9i+5padshtRIKdpxuYnHgt2\/bRbWxYued3M3yhlvbJ5\/II6cuIJxI1S\/wsZDIyO0A8NADWSX6nbd\/rt91KQFx80ZbKBNiX+PGS6NG3C0SJQIloj13QM1xnhvVuJctSnBu3Ej9B51fnkbg3apWxyedyGFTqndsJygNp6Xoo3afWLGj1mlOvQ\/WaCdc52qQZ6jGqVQvciVupELWTo1t+5IhJaUX5oWKhILPZnSZZVktz3TFNjI6PYXcigTvlwLzdxKm127HaeWW33VaPu921ZJp3GmojdZZ6fpzu13Z97uVzeTnivJOjv4iIiLpVSNflyMtXDhzEfCYjy\/80+9zdafFEAvF\/K\/3OHXjyKRiG0VXzY3Wi\/U1HlcUPDGsmYi1qjWI3IV1venhJtwf97\/VswBePb\/e7GeuOWtpn6ebHeG\/5KobDe\/DcI0\/g5fd\/4XPr6vessh+3Vr7yuTXdZ6N5F9vXcZa\/KMkgMu50XZcBI7cSP4ZhYCGTwWAyKesmm6Ypg8122Z5BoJb2ESUqLmezGEwmHUv8eEmUVrEG\/dVMyYVMBsOplKyXrAZNRFDWPct\/tbTPfGYexUKhZomfoFOPlx\/B2lrBbcNYlv9vnYtBrd3fbMkaL6nbD0ciFdeDGtgtFAqIJxJVZWfUjoFuC7Sp2epej1JohhoMt2uPOpeAIK6jwWQSL73wYtX9rHYYRiIRWQZFvDaYTMIwlht+dhYlnZo55\/Ucd+u1CAC6Hmp4W+Q\/9TtrMDnUlu8c9Tpk0J+IiKgx4rvaNE0sGwa0LhwZKfbB799WzWpX+1tKJW8muD46Pt5VtaL88MXj23Gvx9fKS+uSWvMegKyT36vtrKiNH2RqOaKgjU7oFjt++2e\/m+ArEQC\/XP5RbhgGioUCwpFIzVq5M1PTcqLFwWRSZgYDlWU6gkQtBSD2eTG7KLO02x2UdcpOVIPac+nZimVEwKQyw7q6pIUgStIsl88lUOqEGU6lbGsvB52maRhR5okoBPzBLmQJ+qsTOJ+7cL5qIt9OE6MWwpGITUmp1cCuYSyXg\/4xyzKlElPLhuH5PlSWe\/H2PKvXUStlRbxsz+mzZ2R7rCVzrCVT1BE74u8nTk0i\/6TzsGAR8BcdZSFdx7JhVNTAr5dI4FE7uOrhdtwrA7fVSUXq6CcKHvWcqferOmF4PJHA6bNnKiby9YJpmnIbmrbFs\/USERF12mI2i2KhKEu\/iOe0wWQSd0wT85l5Ob9ZsVDAYnZR\/rs0qjuPeCIuEyiKhSKGkkMI6bpc13AqJUv0atoWjI6PlZ8pwzBNEzNT03IdzbDbjq6HMJhMOrZR\/LtUEnjZdv9L65613f8TpyZxObuI3Yl41TrWW\/tVrB8TMHe1jbj92Fa\/mxEYvVu+j9ejz9u+dt38rGJC2laJSXvfUybFXbr5Mfp37MJzjzyBqSXnOqRB8bOnfirL+7zxh1\/53Jrus+nTb3H\/ta\/9boZvrKV9hNIXUaRmiR\/DMLCYzSKeSGA4NYI75eXUkjJu3Eq61buORu1WAuIiMKsGodpd4seaZS32UQS3RLvUMkCifRGbAKAdtbSPsJhdxHAq1dYSP9FY1PWc1prjwen94qEVKO1To4GjoeSQr\/MJiVJYpeCUhhOnJnECk3Jf8rl83eej1WMsiKC\/3eTRQOnzoLSesaplWsn4dhOOROQk4LUm0G7G6PiYvI7m0rMdCySXrr\/KgLY6CtY0Tbx59FjVeTNNE\/v37sNwKoXLlpFTw6kUDpcD+oPJpGsQf\/\/efVWfM43uuzoiodH7r9ZxF98h0VgMhyeOyA7jVyeOVNz3FCxDyjxtdvVo59KzMulLlAwUI4jyuXzVNd0Mp5FzRERE3aJYKMgJ70vfa9GKkefq74T3PngfL73wIgzDKP2m+7cEXnrhRZk8cu7Cedd1meYdmch97sJ5nDg1CQB47Ad9ch2i\/E8j5tJpxzaHIxHXNo6Oj8k59pYNw3X\/37l0EcePHpPPhdeu\/1EG0v\/pH\/5RrkPs13ppv1Vgg\/7FQqHtZRWC6MaPHvS7CYHSq+3Eaz\/8ie1rV5avehb079+xC73aTrleuQ1jCf07duHZLgj6D4T6MBzeAwCYWprvipEJQfPAlZt+N8FXorQPUBn4XsxmK36su2X7z6VnZedAo1n+bqPAZqa8D\/SopX2sQVYReGp3iR+jnB2taVrFZL4iKCj2OZ\/LlydJXg0Wigxr0zQdgyVqaZ9FZfJbde6CdpX4sU7qbFVrotpa7zdNs6lzI7Is\/CKCt+cunK\/I3BD7q2aU1BpR2eoxFgqFIgaxOpmvqCfptB4xKkWdxLfgMtrEjV0QXGxD8DooL44zgKYz3ZsVcilzKa4Nt0C6XVvn0mnZkWQ3KbiwkMlUfI42+5mqtr+R81LPcRffIUCpM8NazggIRimm9erwxJGqc24dhWI3f8\/M1JTMkBPEvRBPJHB44oicX6Jbh+UTERG1Sv1toP6etr4mWEcUC1s0DVvK7xff227rsr7WynN3vftg10brPlifmZ3W7eUcBI2cg3a03+v5FAIb9G9HVlfQffPQJnzz0H1+N2Ndem7XkwBKE9+qwfK3P\/kQ4\/1DGAj1YVvP5kDXyP\/Z\/\/hnAKVa\/szyb9yWf7+Dnht\/8bsZvlID4OoXl1oDvlaJH5GRr2aq+102w4la2kfU8xcuZxcRTyQ6VOInh3giURE0UTOsxTLAWEUgNFxHhrUo7WNXvkTMXdCNJX66PThULBQw8ORTiCcS2J2IIxqLVT3sjY6PQddDMlukndRrSEzmax1tIpYTHQ35XM623Eyj3ILgYr1eztWkaRpOKhkzhw4c7Gi5GKeJb8WcHe9cuignU2uEyHJ2O5ZuZcDard7jns\/l8MqBg65ZTdbSR9Q5tbLoZ6amHT8LDh04iNn0rBxtZTey6NyF8zU7voiIiNaqkK7jnUsXUSwUsLucvLWl\/Buh9LshgXg2Lp\/5Tp89g8vZrHxuf+fSReRzOfle67\/VdQGQCTwi8UR8F4v3NGMwmaxqczQWlVUFarVR7L9IFDh34TxM00Q8kYBpmhXrOnFqEtFMFPFEAnPpdHk0+0jVOtZT+60CG\/Rfj2786Ht+NyFwlm5+jJd\/93Pb17wMwIt6\/leMpYq\/q1n\/A6E+T+vk9+\/YJQP1dt4qvlv3SIbx\/iH079gFoFTWJ8idE0G0YeXeuq\/l71TaRxA14GuV+AGAhcy8fPCwy\/hzsn\/vPsfX2jFZ624lIG4NMCxmsziBUtCp\/SV+ihVBf7uJUe0mKRTLuQXy7Er7CGLugnaV+FnIZKo6U1S1gjrW9w+nRuQDaiv1oGt1Fpy7cL6p9TbKNE3MZzIyuKvruhzNoc6Nkc\/lHQPArR5ju+VECSnraJPS\/1eOOGlnzf1ioYC59GzDwe9aKsvLpDueYDKfmXfsxDh5ahKDySROnJqUZb2sSmVUolXB\/XpKmvg5mXojx32+PCJB\/aEjRoItZDKs6R9Ai9ks5tKzNe+n0kju1c8K0YkoyrZpmoZfnj2Dp598qt1NJiIiCiRryU01UU2UcnT6d0jXXf8dtwTyxWui\/GM+l8NwaqTlYLNbm2u10br\/6u8Nu\/0Xo0LVEeDnLpxvqdyfn+03TRPvXLroWbnCmkF\/r3\/86i4ZSKpwJNLUtt3KAtkNSfVivV64\/dhW3NXYB2N1a+WrisB7O2zr2SwD5v9x50+ytr8g6vo\/+8gTngb9t\/VsrtqW6r0693tbz2ZZAmnp5seBL0MURNs+uo0NK\/f8boav1NI+d0yzqmSIad6R\/1+rxI8aWGokyNTJ4Jta2kdkyFqJ0Q3tLvEjsvgBVGQ\/WjOCVydbjdm8v5pa2mfZUq6lelnvS\/wYxnJL59Tu\/eKcjY6PYf\/e5tZdqpsfvJGEhmHAKHcC5HN5mensNrqm1WOsWs3iLwX0V0eSrHYCisC+uJbsOgYaNTM17WkmvxtreZlGOiU74dCBgzJzazg1UnFcNU1r+QeMX5o57oZhyOvi8MQR+ffZgE4Kv16oc0J4QQQY5tJpeX13YoQdERERlZ7tRZm+fC4HvdwB303E6GPx7FBvzDkorO2PePysXzPK7Ndkd5qmeb7toP5QutezAV88vt3vZqxbz5Wz\/IHSRLhuy410okENUifvdRoVQc42mnex\/fdf+t0M36m92bUmi6lV4qcbqPtbGsbo\/H3T7gCEtbSKUyB19YEgXFV+yY4o7QM418YWuqHEj1o6KhqLydrzfmjkYbiZANl8JoPh1Igs+dIJIotfPHSK7TrVgFezWLohOOd3WZ96GeXORusD\/2Ay6dghCKDD10rldeB2jbd63NWMqGYm7qbuYJomZqamcfrsGQCt1bMN4n1NREQUNAuZjCwj+s6li4gn4oGNmToRJTE1TcOVD953TOYLqk6039fUctM021Kyodt88fh23OvZ4Hcz1q1nlaC\/GzEiYOnmx55s98ryVXzn\/\/x9S+tQJ++dK77b8qiIpc+vtfT+brTey\/oAlaV96lFPiZ+g260ExOvR\/hI\/pSz+SCRcVc9fyOfyGE6lEI3FcKd87IuFguN5aKQOY7tK\/HhtLj0rj8\/o+FhH6t2rxLEWAVanYx9v8Ppy21aniGCqpmly5I81uCxKYYUjEQwlh5SOgeBPrOp3WZ9GWT+TxTW1bBi2pU\/OXTjvy4+cWsHZVo+7KEFWej+z\/NeyVj\/z6il5R0RERCWGsSz\/36v68Z0mfqeYpmlbrSDoOtF+34L+YhI+P+uLBsFdbSNuP7bV72asa6LEzq8\/+RBXHQL6z\/9tAr3aTjwf3oOl93\/Ryea5amby3oe3fL\/qb2KkwO2\/fO1d47rApk+\/xf3X1tc+21FL+8yl0xWlfFS6HpIPA7VK\/ASZtbTPYnbRcVlRZ7gTJX5E6R67DGv135qmyYC+c5b\/ammfxWzWNQgiamW3o8SP1xazWVl2aTCZxMzUdEefI\/K5vLx2hlMp27I0aga83fEUE2bVylju9NBU9XqLu8wFIa5V9YdB0LOv1fIyIqO4EW6jSrxOXhHn3Wm9QblHreWg7LR63AFgJFUaY1nvpPC6HnJ9nclG\/hBz0bhp5TNPfS\/PMRERkbN8Lodlw8BwagTLhoEtljrz3WAhk0FI13F44ghmpqZt57sKMmv744l429pfM+j\/aO\/ftGXDVvlczvNtzUxNdaxObLNu\/OhBv5uwrg2E+mTA+438W45Z\/A9v+T6GtZ0Y0Ps72TxXr0efl3MRTF9dwHXzM9fllz6\/hoFQH5575Am83LNZTvbbv2OXXM96mwD4gSs3\/W5CIIgA37JhuAa21TIL3VziRy3tU2uiUE3bguFUqu0lfkRQPqQE\/KxBRjXLulaGtZpp\/maNDnYxlLMbSvwApRrwogRVp7P9L2ezsr746PhYudNoNRCp63pFKZPLNh1Kp8+eQTgSwczUNObSadvtnDw16TqxdjuI0ZchXXfdthhxos4XEeQEDmt5mVfqLC+jBg5LHUyrz5Pq3BoFjz4TNE3D4YkjyrG3D5AG5QeNGH7sNAy82eOuGkom5f7W6jAQ1+7uRAKadqxiW8Op1eKMXp0vql+phN555HM5vHLgoO3nRTgSwavlz1bxXdfoNgSeYyIiInvFQgH79+4DAByeMGuW9Q2iuXRaxizeuXRRlgbsFp1uP2eO9dE3D23CNw\/d53cz1qTfDv6r6+tvFd\/FXPFdWdrnuvmZa9metz\/5EMPhPejfsQu92s6aAfZOGOsblP\/\/dKjPdp9f\/t3P5X69\/cmHGO8fwraezfj\/e8\/ISYlFeSAAnk5UHHRb\/v0Oem78xe9mtEU9k5YvZOYxn8lAVwJ8tbIoTdPEYjaLeCIRqBI\/9U78Lh5w1MzUWvs8n5mXmartLPFjDVI4BfxE0N\/pfcJqmYNCzYDsfGYehycinpf4GUoOuWYBi\/Y1OoJiMZvFq+YR2Ql1\/Oixjl2HRnkSUjE64vTZMxUlltTAU7FQqOpQGkom5TKHJ45gdHysXKe81Omj66Fy0LIUUDdN07FjoLQ+b49xoVCoCCrbXYfWYJxbgO3a9T8C8H6yXhFEBGpPLKoG0oFSAFgNAgvW46ReZ6PjY4jGosjn8vIcCXYdO26czpm1Jr91wlrRCRFPJDA6Pl6xz2Kei05SO3\/sPjeaPe4qsbxpmjU7mecz8xgdH5M1URcyGZjmnYr6tMuGEfhRKWuR6PyJxmKyXm0+l5OjCq01hOfSsw1\/pouSfc10GBAREa0X6ver0+j+oFPbHYRYRKM63X4G\/X1040ff87sJa5Yo2ePkvXLtezGJb61a+OrrA6E+zAUg6C9GKADO+6suc2X5Kq4sX8VAqA+92k6M9w9VLDu1NB+IzoxO2LByb03X8q9nAh6RwasGr+rJKFbLm0RjsUCUmmh04ne1NE6tL1qxTDsml3faDuB8LvK5vBxt4RTcUOdoqKd+dmXwMOrZOVUzxr1UCoTPysC7U5mddpmZmqoodWV3vy0bBl564cWqv89nMghHwrIjSQRM4zbzL5imif1797leo14fY\/X+dsrgNwxDZlWL9wSZ9fjUex+bpok3jx6TGVB2gfV8LtfwiAvka5kAAAPPSURBVKd6ztkrBw5W3dszU9OyQ6h07Y81tF2vVZaDqi4N1uxxV5cX91Y9tfzn0mkZPNY0zXbi8k7PAUIl\/+uFF\/HLs2fkNaGWQLNayGQa\/jxXS\/ZdDsAzCRERUVBFY7FyguAd22SMbiDarWlbuq6GP9D59rsG\/cORiBzGTqtZol64\/dhW3NXY5+KnXm0nerWdAFY7AZzcWvkKSzc\/Rv+OXXj2kScwV3y3E0303I8vTuBnT\/20Irv\/1spXmL66gNfzb\/nYss7a9tFtbFi553czAkHU8xdZ\/LWo5U26oQa8lVrrfj4zX9d7LmezGEwmEY5EXGt7t0qUywCcg\/Xq352yGdU5GurZx2KhIIO47Z67wCtz6bQS9B8pz0XRuUyPQwcOIp\/LV0xSCpTuo1LQatqxPcePHpOdFmpWv7qOy9lsx+crACqvKbcOo3wuJzs91nJW7XwmA9M0q7LW1fPsFdM0kc\/lMJeetT32hmFg\/959OHlqsipgOpdOV5Qc6gRxDAaTybbMryHubwCuo13U9uzfuw+HJ45U1aUVowmCPnnzWlUsFPD0k09hKJnEcGrENuBfLBRqlttzonbw1Pu9TkREtF7ZJUZ0k9UEmO7U6fZ\/Z9fDva8DeM3uRXX4NHk3v8G9ng34j\/\/517jXs8GT9RE1Q4wOqDXKYa3ZaN7Fw\/\/3P\/1uBhGtEaJEVrNlJTRNqyg\/EuT6+OtZq+fZS+o142cgW\/2dsJDJBCqTXi1x1o1Dv9e6yrlpmr+GRTknTdOQz+U8TdAiIiLqBHUOoyDL53KO39mj4+Mdbk1zFjIZ299a3d5+Nwz6N8CroP\/NZx7A7ce2erIuImrMzrf\/hPuvfe13M4iIiLreuQvnZYC91vwKRF47ffaMLO3D64+IiIioElPNO+yutpEBfyKfbPr0Wwb8iYiIPPLKgYMyk54lQamTorGYDPgvZrMM+BMRERFZuGb6k\/e+eWgTvn3oPr+bQbQu\/bdrX6Pnxl\/8bgYREdGaMZxKYXR8DPv37vO99BGtLydPTWJ3IoGBJ59iGSciIiIiCwb9iYiIiIioae2c5JzIDa89IiIiInss70NERERERE1j0JX8wmuPiIiIyB6D\/kREREREREREREREawSD\/kREREREREREREREa8RGAHMArvjbDCIiIiIiIiIiIiIiIiIiIiIiIiIiIiIiIiIiIiIiIiIiIiIiIiIiIiIiIiIiIiIiIiIiIiIiIiIiIiIiIiIiIiIiIiIiIiIiIiIiIiIiIiIiIiIiIiIiIiIiIiIiIiIiIiIiIiIiIiIiIiLqpP8C8Q1N7XvTBPIAAAAASUVORK5CYII=\" alt=\"Markalama G\u00f6rseli\" title=\"\"><\/p>\n<\/div>\n<div>\n<table style=\"width: 100%;\" cellspacing=\"0\" cellpadding=\"0\">\n<tbody>\n<tr>\n<td style=\"width: 120px; font-weight: bold;\">Norm<\/td>\n<td style=\"width: 400px; text-align: left;\"><\/td>\n<td style=\"width: 120px; font-weight: bold;\">Colour<\/td>\n<td style=\"width: 400px;\">\n<div class=\"color-icons\"><img decoding=\"async\" src=\"data:image\/svg+xml;base64,PHN2ZyB2aWV3Qm94PSIwIDAgMTAwIDEwMCIgeG1sbnM9Imh0dHA6Ly93d3cudzMub3JnLzIwMDAvc3ZnIj4KICA8Y2lyY2xlIGN4PSI1MCIgY3k9IjUwIiByPSI0OSIgZmlsbD0iIzAwMDAwMCIgc3Ryb2tlPSJibGFjayIgc3Ryb2tlLXdpZHRoPSIwLjUiLz4KICA8Y2lyY2xlIGN4PSI1MCIgY3k9IjUwIiByPSIzOCIgZmlsbD0id2hpdGUiIHN0cm9rZT0iYmxhY2siIHN0cm9rZS13aWR0aD0iMC41Ii8+CiAgPGNpcmNsZSBjeD0iNTAiIGN5PSI1MCIgcj0iMzMiIGZpbGw9IiMwMDAwMDAiIHN0cm9rZT0iYmxhY2siIHN0cm9rZS13aWR0aD0iMC41Ii8+CiAgPGNpcmNsZSBjeD0iNTAiIGN5PSI1MCIgcj0iMjIiIGZpbGw9IndoaXRlIiBzdHJva2U9ImJsYWNrIiBzdHJva2Utd2lkdGg9IjAuNSIvPgo8L3N2Zz4=\" alt=\"\" title=\"\"><\/div>\n<\/td>\n<\/tr>\n<\/tbody>\n<\/table>\n<\/div>\n<\/div>\n<\/div>","protected":false},"excerpt":{"rendered":"<p>&nbsp; \u00dcr\u00fcn Ad\u0131: FLAT \u00dcr\u00fcn Kodu: WLF-138 Y\u00fcksek Bas\u0131n\u00e7l\u0131 Yass\u0131 \/ D\u00fcz Su Kullanim Alan\u0131 : Tar\u0131m ve end\u00fcstriyel uygulamalarda su tahliyesi i\u00e7in. Alt Katman : Do\u011fal ve Sentetik Kau\u00e7uk. Takviye Katman\u0131 : Y\u00fcksek Mukavemetli Sentetik Tekstil. \u00dcst Katman : Hava Ko\u015fullar\u0131na Dayan\u0131kl\u0131 Sentetik Kau\u00e7uk. -25\u00b0C \/ + 70\u00b0C -13\u00b0F \/ +158\u00b0F Markalama : Transfer [&#8230;]\n","protected":false},"featured_media":22514,"comment_status":"open","ping_status":"closed","template":"","meta":{"jetpack_post_was_ever_published":false},"product_brand":[],"product_cat":[2349],"product_tag":[],"class_list":{"0":"post-21766","1":"product","2":"type-product","3":"status-publish","4":"has-post-thumbnail","6":"product_cat-sel_su_hortumlari","8":"first","9":"instock","10":"taxable","11":"shipping-taxable","12":"product-type-simple"},"jetpack-related-posts":[],"jetpack_sharing_enabled":true,"jetpack_likes_enabled":true,"_links":{"self":[{"href":"https:\/\/tuzlahortum.com.tr\/en\/wp-json\/wp\/v2\/product\/21766","targetHints":{"allow":["GET"]}}],"collection":[{"href":"https:\/\/tuzlahortum.com.tr\/en\/wp-json\/wp\/v2\/product"}],"about":[{"href":"https:\/\/tuzlahortum.com.tr\/en\/wp-json\/wp\/v2\/types\/product"}],"replies":[{"embeddable":true,"href":"https:\/\/tuzlahortum.com.tr\/en\/wp-json\/wp\/v2\/comments?post=21766"}],"wp:featuredmedia":[{"embeddable":true,"href":"https:\/\/tuzlahortum.com.tr\/en\/wp-json\/wp\/v2\/media\/22514"}],"wp:attachment":[{"href":"https:\/\/tuzlahortum.com.tr\/en\/wp-json\/wp\/v2\/media?parent=21766"}],"wp:term":[{"taxonomy":"product_brand","embeddable":true,"href":"https:\/\/tuzlahortum.com.tr\/en\/wp-json\/wp\/v2\/product_brand?post=21766"},{"taxonomy":"product_cat","embeddable":true,"href":"https:\/\/tuzlahortum.com.tr\/en\/wp-json\/wp\/v2\/product_cat?post=21766"},{"taxonomy":"product_tag","embeddable":true,"href":"https:\/\/tuzlahortum.com.tr\/en\/wp-json\/wp\/v2\/product_tag?post=21766"}],"curies":[{"name":"wp","href":"https:\/\/api.w.org\/{rel}","templated":true}]}}