{"id":21749,"date":"2025-08-11T11:32:14","date_gmt":"2025-08-11T08:32:14","guid":{"rendered":"https:\/\/tuzlahortum.com.tr\/urun\/osris-lmd\/"},"modified":"2025-08-20T15:26:35","modified_gmt":"2025-08-20T12:26:35","slug":"osris-lmd","status":"publish","type":"product","link":"https:\/\/tuzlahortum.com.tr\/en\/product\/osris-lmd\/","title":{"rendered":"OSRIS - LMD"},"content":{"rendered":"<p>&nbsp;<\/p>\n<div class=\"report-container\">\n<div class=\"report-header\">\n<div class=\"standard-text\">Product Name: OSRIS - LMD<\/div>\n<div class=\"standard-text\">Product Code: RS735<\/div>\n<\/div>\n<div class=\"product-image-container\">\n<div class=\"key-feature\">Soft Walled Liquid Sludge Transfer<\/div>\n<\/div>\n<div class=\"horizontal-line\"><\/div>\n<div class=\"product-details\">\n<div class=\"detail-row\">\n<div class=\"detail-label\">Area of Use<\/div>\n<div class=\"detail-value\">: For Discharging High Pressure Liquid Sludge, Mineral Oils, etc.<\/div>\n<\/div>\n<div class=\"detail-row\">\n<div class=\"detail-label\">Substrate<\/div>\n<div class=\"detail-value\">: Black, Special Synthetic Rubber<\/div>\n<\/div>\n<div class=\"detail-row\">\n<div class=\"detail-label\">Reinforcement Layer<\/div>\n<div class=\"detail-value\">: High Strength Synthetic Textiles and Antistatic Copper Wire.<\/div>\n<\/div>\n<div class=\"detail-row\">\n<div class=\"detail-label\">Top Layer<\/div>\n<div class=\"detail-value\">: Seawater, Weather and Ozone Resistant Black CR.<\/div>\n<\/div>\n<\/div>\n<div class=\"datasheet_table\"><img decoding=\"async\" class=\"alignnone size-full\" src=\"https:\/\/tuzlahortum.com.tr\/wp-content\/uploads\/2025\/08\/datasheet354.svg\" alt=\"\" title=\"\"><\/div>\n<div class=\"table-notes\"><\/div>\n<div class=\"horizontal-line\"><\/div>\n<div class=\"footer\">\n<div class=\"standards-section\">\n<div class=\"standard-item\" style=\"margin-top: 9px;\"><\/div>\n<div class=\"standard-info\"><\/div>\n<\/div>\n<div class=\"temperature-section\">\n<div class=\"temp-icon\"><img decoding=\"async\" src=\"data:image\/svg+xml;base64,PD94bWwgdmVyc2lvbj0iMS4wIiBlbmNvZGluZz0iVVRGLTgiPz4KPHN2ZyBpZD0ia2F0bWFuXzIiIGRhdGEtbmFtZT0ia2F0bWFuIDIiIHhtbG5zPSJodHRwOi8vd3d3LnczLm9yZy8yMDAwL3N2ZyIgdmlld0JveD0iMCAwIDcyLjI3IDE2Ljk4Ij4KICA8ZGVmcz4KICAgIDxzdHlsZT4KICAgICAgLmNscy0xIHsKICAgICAgICBzdHJva2Utd2lkdGg6IC41OXB4OwogICAgICB9CgogICAgICAuY2xzLTEsIC5jbHMtMiwgLmNscy0zLCAuY2xzLTQgewogICAgICAgIGZpbGw6IG5vbmU7CiAgICAgICAgc3Ryb2tlLW1pdGVybGltaXQ6IDMuODY7CiAgICAgIH0KCiAgICAgIC5jbHMtMSwgLmNscy0zLCAuY2xzLTQgewogICAgICAgIHN0cm9rZTogI2E3YTlhYjsKICAgICAgfQoKICAgICAgLmNscy01IHsKICAgICAgICBmaWxsOiAjYTdhOWFiOwogICAgICB9CgogICAgICAuY2xzLTIgewogICAgICAgIHN0cm9rZTogI2ZmZjsKICAgICAgfQoKICAgICAgLmNscy0zIHsKICAgICAgICBzdHJva2Utd2lkdGg6IDIuMDZweDsKICAgICAgfQoKICAgICAgLmNscy00IHsKICAgICAgICBzdHJva2Utd2lkdGg6IC4ycHg7CiAgICAgIH0KICAgIDwvc3R5bGU+CiAgPC9kZWZzPgogIDxnIGlkPSJrYXRtYW5fMSIgZGF0YS1uYW1lPSJrYXRtYW4gMSI+CiAgICA8Zz4KICAgICAgPHBhdGggY2xhc3M9ImNscy0zIiBkPSJNMTEuMzQsMTEuNTdjLS45NCwxLjcxLTIuNzEsMi42Ni00LjgsMi42Ni0zLjA1LDAtNS41MS0yLjQ3LTUuNTEtNS41MlMzLjUsMy4xOSw2LjU1LDMuMTljMS45NCwwLDMuNjUsMSw0LjYzLDIuNTIiLz4KICAgICAgPGNpcmNsZSBjbGFzcz0iY2xzLTUiIGN4PSI2LjU1IiBjeT0iOC42NiIgcj0iMi40Ii8+CiAgICAgIDxjaXJjbGUgY2xhc3M9ImNscy0yIiBjeD0iNi41NSIgY3k9IjguNjYiIHI9IjIuNCIvPgogICAgICA8bGluZSBjbGFzcz0iY2xzLTMiIHgxPSI2OC4zNCIgeTE9IjExLjc2IiB4Mj0iOS45MiIgeTI9IjExLjc2Ii8+CiAgICAgIDxsaW5lIGNsYXNzPSJjbHMtMyIgeDE9IjY4Ljc4IiB5MT0iNS41MSIgeDI9IjkuNzMiIHkyPSI1LjUxIi8+CiAgICAgIDxsaW5lIGNsYXNzPSJjbHMtMyIgeDE9IjU0LjA3IiB5MT0iOC43NSIgeDI9IjguNjQiIHkyPSI4Ljc1Ii8+CiAgICAgIDxwYXRoIGNsYXNzPSJjbHMtMyIgZD0iTTY4LjE1LDUuNTVjMS43MSwwLDMuMDksMS4zOSwzLjA5LDMuMDlzLTEuOTIsMy4wNi0zLjYyLDMuMDYiLz4KICAgICAgPHBhdGggY2xhc3M9ImNscy01IiBkPSJNNTMuOTEsOC43NWMwLS4xNC4xMi0uMjYuMjYtLjI2cy4yNy4xMi4yNy4yNi0uMTIuMjctLjI3LjI3LS4yNi0uMTItLjI2LS4yN1oiLz4KICAgICAgPHBhdGggY2xhc3M9ImNscy0zIiBkPSJNNTMuOTEsOC43NWMwLS4xNC4xMi0uMjYuMjYtLjI2cy4yNy4xMi4yNy4yNi0uMTIuMjctLjI3LjI3LS4yNi0uMTItLjI2LS4yN1oiLz4KICAgICAgPGxpbmUgY2xhc3M9ImNscy0xIiB4MT0iMzYuNDMiIHkxPSIxNi45OCIgeDI9IjM2LjQzIiB5Mj0iMTQuMjQiLz4KICAgICAgPGxpbmUgY2xhc3M9ImNscy0xIiB4MT0iMjguMDUiIHkxPSIxNi45OCIgeDI9IjI4LjA1IiB5Mj0iMTQuMjQiLz4KICAgICAgPGxpbmUgY2xhc3M9ImNscy0xIiB4MT0iMTkuNTkiIHkxPSIxNi45OCIgeDI9IjE5LjU5IiB5Mj0iMTQuMjQiLz4KICAgICAgPGxpbmUgY2xhc3M9ImNscy0xIiB4MT0iNDEuNTciIHkxPSIyLjc0IiB4Mj0iNDEuNTciLz4KICAgICAgPGxpbmUgY2xhc3M9ImNscy0xIiB4MT0iMzMuMjgiIHkxPSIyLjc0IiB4Mj0iMzMuMjgiLz4KICAgICAgPGxpbmUgY2xhc3M9ImNscy0xIiB4MT0iMjQuOTkiIHkxPSIyLjc0IiB4Mj0iMjQuOTkiLz4KICAgICAgPGxpbmUgY2xhc3M9ImNscy0xIiB4MT0iMTYuMDgiIHkxPSIyLjc0IiB4Mj0iMTYuMDgiLz4KICAgICAgPGxpbmUgY2xhc3M9ImNscy0xIiB4MT0iNDQuNjMiIHkxPSIxNi45OCIgeDI9IjQ0LjYzIiB5Mj0iMTQuMjQiLz4KICAgICAgPGxpbmUgY2xhc3M9ImNscy0xIiB4MT0iNDkuNDkiIHkxPSIyLjc0IiB4Mj0iNDkuNDkiLz4KICAgICAgPGxpbmUgY2xhc3M9ImNscy00IiB4MT0iNDAuODgiIHkxPSIxNi45OCIgeDI9IjQwLjg4IiB5Mj0iMTQuMjQiLz4KICAgICAgPGxpbmUgY2xhc3M9ImNscy00IiB4MT0iMzIuMzMiIHkxPSIxNi45OCIgeDI9IjMyLjMzIiB5Mj0iMTQuMjQiLz4KICAgICAgPGxpbmUgY2xhc3M9ImNscy00IiB4MT0iMjMuNzkiIHkxPSIxNi45OCIgeDI9IjIzLjc5IiB5Mj0iMTQuMjQiLz4KICAgICAgPGxpbmUgY2xhc3M9ImNscy00IiB4MT0iMjAuNTkiIHkxPSIyLjc0IiB4Mj0iMjAuNTkiLz4KICAgICAgPGxpbmUgY2xhc3M9ImNscy00IiB4MT0iMjkuMTMiIHkxPSIyLjc0IiB4Mj0iMjkuMTMiLz4KICAgICAgPGxpbmUgY2xhc3M9ImNscy00IiB4MT0iMzcuMTYiIHkxPSIyLjc0IiB4Mj0iMzcuMTYiLz4KICAgICAgPGxpbmUgY2xhc3M9ImNscy00IiB4MT0iNDUuNzEiIHkxPSIyLjc0IiB4Mj0iNDUuNzEiLz4KICAgIDwvZz4KICA8L2c+Cjwvc3ZnPg==\" alt=\"S\u0131cakl\u0131k\" width=\"100\" title=\"\"><\/div>\n<div class=\"temp-values\">\n<div>-35\u00b0C \/ +80\u00b0C<\/div>\n<div>-31\u00b0F \/ +176\u00b0F<\/div>\n<\/div>\n<\/div>\n<div class=\"marking-section\">\n<div class=\"detail-row\">\n<div class=\"detail-label\">Branding<\/div>\n<div class=\"detail-value\">: Transfer Band or Embossed<\/div>\n<\/div>\n<p><img decoding=\"async\" class=\"marking-image\" src=\"data:image\/png;base64,iVBORw0KGgoAAAANSUhEUgAABf0AAAAoCAYAAABEkVAiAAAACXBIWXMAACE3AAAhNwEzWJ96AAAgAElEQVR4nO2dPW\/bWNbHzz7YNvwCIrAz2GnEYhfYRixmsFNELDKYp7BYJEgjq0ieNLIKOynG9i5sT+GxC9lNkBSymiApKDdBUkgpMkgKqQmQFFITICnoL8B8gaeQzvUlxXdRomT\/f4CRSCIvz+V9P\/fcc\/7y9799918i+g8BAAAAAAAAAAAAAAAAAGCl+Z+8BQAAAAAAAAAAAAAAAAAAQDZA6Q8AAAAAAAAAAAAAAAAAXBGg9AcAAAAAAAAAAAAAAAAArgh\/neXmsmFQtbaelSyZcff2HSIiqpgmrZkV8f3B3j6NhsO8xAIAAAAAAAAAAAAAAAAA5kpqpX9R0+jx0ydZypI5BVWlkq6Lz4qi5CgNAAAAAAAAAAAAAAAAADBfUrv3gQIdAAAAAAAAALJHURQq6ToVNS1vUQAAAAAAwAoyk3sfAAAAAAAAAEhKUdNovbZODze38hZlKSkbBh0eH1Gv26UH9+7nLU4iHj99Qr\/v7ZNt23mLAgAAACw1RU1bCaPqC9sOHNdlDyvLzGg4JMdxpr5fdfnDyEzpf25ZmLQDAAAAAAAAItne3aGSrtOgP6COZeUtztJx0ygTEdGgP8hZkmRs7+5Q2TDom+NgbQgAAABEwPOhZee0eUKnzabvb89ePF+wNOm4e\/sODfr9qe9XXf4wMlP62\/ZFVkmBBVNvNKhiVqigqkRE1Ot26bR5Ehr0WFEUqtZqrvsubFvc69198gZV9nJudXwXfEVNo+3dHRoNh3Swtz+zHFnCHQMHjo6C83Jh25GLIA6S7c03p+HHaDikdutsIVZVYXIQjReo7VYr8P3PUm5RzyaaLhNFUaje2KA10yRFUchxHGq3znwHre3dndCj9FHlzfcnCRweVZfKhkH1xoaQazQc0mnzhHrdbmoZgp4Z9b2XC9umjtWJPfhwX9Dr9qjdaoVeW280qKSXpvqHLPI3az6C6onjOPSm2wtUYM2rT1MUhbZ3d+imYbjqeFA7nOUdBl334N790LYb1rZY3qj37x2vzi2LTpsngf1enAlcUFl4+eP4iAqqSu3WmW\/be\/z0CV3Ytm9aXO+jnhU2VsZ9R2B1iGoT51YnsJ+Xiduvzjp2Z0lJ18UC9ypag6eZC3jh9\/MmRh1YJgb9AVVrNVozzdD+GQAAAAAAzJelcu\/z+euXTNL54bvvM0nnOvDH8RGtmabru7JhUNkw6MG9+76LTUVR6NmL51ML1YKqikn+o80t173eoMpexj5Li1PKEPZn6kcaObIk6W6snJeoRdCaWfFNP+x9lHSdqrUaPdrcmrvFXJgcLEvZKNOvt37xvXeWcot6th+Hx0dUNgxXGvXGBhHRlOK\/qGkz7bTz\/UmO6IU9r2KadHh8NPWMx0+fULvV8lUgxpEhrB4llXHNNGOf9uK+QFXVSKV\/tbZOiqJMWTnOI39EyfIRVk940+7u7TtTyrN59Gl+93EdLxtlXzlmeYfea\/i6kq6H9rdRbSts3CHyH6\/WTJNuGgbdvX3HV7GWpdXMjUnZDfoDXxm5j\/FrkyW9RCVdp4sI5VfUWFk2jIX08WAxxGkTYVZVDM8ZFEUJ7VdnGbuzhsfgc8ta2Y0sPo7vd9w9zVwgbtrLTq\/bpUG\/TyVdp3pjA9b+AAAAwBLB66bt3Z2ptdUqcGHbwijt8dMnKxf7aNHypw7kC1afeqPhauSDft+lkDg8PvJdrFRrNVExHcehQb\/vundsqbqeWJ5qrZZIQTMvORbBTUkB7UVRFJeCOimHx0dL0fEVNY3qjcbU94sut7ESY\/w+L2ybBv2+UIDWGxtL7T+vpOsuhf9oOHQpNpO2mXmyZppUrdViX19Q1dB6Wp5YrC+apPkIoqhpU5s1UaRtG\/Jkge\/jOj5uhxuzZCWU8sT9hPf\/aQkad8LGK0VR6I+E7zoNo+GIiMYKfC9yO\/Sr13wyYThJYxYOj49InaQHrgaj4VC0d+9crN7YCC1vWZFf1LSZ60bQ2J0lqrS5ddo8meuz5sn27g49e\/F8Lgtmfj+ruiHSbp0REYkTlgAAAADIH55rOo5DHauTtzip6FgdsidGEb1uL29xErNo+aH0v8aw8mg0HNLPP\/5Ed2\/foX\/\/+JOwUmQ3E0H39bpdcZ\/33kcBVj2nzRP64bvvXX+\/3vpFKKgqIS6AspQjb8LyGUfhP+j3p96jbF06TyVflBz\/+sc\/hWLaL59ZlZv32XyP15JWrue\/3vpFPI8JUprfvX1nKm+LPkXEsjuOQ3dv36Ffb\/0i8iBvXCwS7\/uYRZbwdjC7AjmMrPLhrSc\/\/\/iTqP9lw0i0AZembciWwueWJe6T5ajWanNTEsvtJ+4GlF\/b4nwFbXoGjVfnE4v3oqZRJUTx5teW5bKPA79Pv3cpl7PmU+b8buK6+fAbK+U6uqwb2iAdB3v7or1z3ZbrZZhS2dvu4rTDNGN3lrDhw2g4XDkr9kXBm4ur5s+f6XW7Yj42iyELAAAAALJDPqVdmbgeTeuGMC8qZoVUVZ2sG8tTBjPLzqLlz0zpr6oFUYHi\/oUhWzkm\/QPRyFa0Dze3XIuudqslFClexZt8VPnR5taUy4h2q0X\/+sc\/Ey3iRsOheF5cpdE85FgkYdZ4N1MqO9utlrCYy8tKmmjcdlmOgqq68jnPcitqRSIiGnoGLa5T7daZeB5bVY7vy\/9UhB+y8vO0eeLq2wb9Pv0+UQLP4j4gCwb9Pj24d5+Ikp9SCbs27DTMPJglHzL25Lhe0o3MtG2D5XQchw729sV9vFHEn+fxPhVFoaKmkeM4dGHbkac3wuhYlphwei3p5XdzsLfvegcPN7dE2wiLG5MFLF\/Bp+\/WJv2P3+9yHzjLHGXQ7yceK8Hq4i7v6dMlDP\/G9TPtHCJs7M4anluuqoXZIuC+fV4uKhcByx5WfwEAAACwWJ69eE6fv36hG4oijApXSY9aUFV6+\/4dffj0kTpWRxhHLiImVRYsWv7MfPqvmWbi462j4dDX17D8G5gPckBQv529XrdHa6YZqMAZDYeBlTJNZe11e1St1XyVKWFkLcciuWkYU753Z3Xt0261hJVyUdNy67y98Ry8ispZyo03BL319vIovNsqjhW5q7aDLbe9cx\/\/3b1ulw7pSFyb50DN5VHUNCpqWmwlBSuJvWWT16ZV2nx4GQfgtFzueuKStG2wMuXcsqZ+l+Uo6aXIGApJ4b5q0O\/TN8ehNdOkkq6nbmu9bo+KmjY1DshW8n71\/NzqxDImmBW5Hxv79r+URS5nr4JLDsg8KzxWLutmJcgW276IvEbeHH789MlM7SBq7M6KJK5rippGF7btGx+loKqx+5uiptE3x0mUp6BnpyGJvHKfl8WzeQMnTt55MzfJnCIob9xfYZMSAAAAWD7ktcloOFzJ8ZrzwEZoyoqtkRYhf67ufVixAhaPqhaIKFgRKi\/8\/MpoWfxzLoscafCzAJatdtPgOI4o02VuW7OUG28IeoNlyhtZMrLfuqSwy5A83qUqKQr9ZOfND6LlKOtLWYoRV7rxbwdjK9A8Nu7S5mM6ncEknWRlk7Rt8PWjAF\/xB3v79MN334vNryyR3U9wfudh0akoN4goeLzqWNbC3G9x\/fBaQcvl7C1znkB7TyEBMCuqqlJBVclxHOFOhZW2y4ocf8Rv8\/7z1y\/07MVzUhSFXr5+RS9fv6IPnz664nZUTJM+fPoofgszlqjWauLat+\/f0Z\/v3\/leH\/bsx0+fTPXNn79+EW273tigz1+\/BMqQRF6Whcjd33z++oU+f\/3iewKDLfa8LjnLhkF\/vn9Hbyd\/f75\/F1g3ippGz148pw+fPor0\/giIscK\/l3TdlTdv+vLpqFWerwMAAABXkTXTpMrkr2wYdNo8WbkThvXGBpUNQ8SjOm2erJSx5yLkT23pP2+fSTz5TANOCERTEFY\/0VZkfhP1wiQIW1bWxfIiMAlZy7EIZEti1WNJx8fy33S7qQPD8TvMc4ElL\/r8yjTrcpN3peOmyQvnoIFte3fHlY9etzsXxWkQhYSWeXnjON+IKL4s3A7KhjG1gcOuaGZpB2lJmo\/gdNK1w6Rtg+toHq7MbkqW\/he2TYd0NNNJJd5o8fYZl3mMHq\/mDVvByJtCXgVdSdddffvlJvvsQXzB9YLrWZBfd7kNEo3HqWqtRmXDSLVgiBq7s4DH3ij5nr147pJnzTTJti9oNBy6gqQrikKHx0c0ujUdH6Baq9H27o7ru4Kq0uOnT+ju7TuB\/az32WXDoG+7Dj1MESeqbJRdynhFUejx0yf0848\/BfbbvPHN5W7bthgzS7pOtuf0n9\/JibJh0OOnT1zXFVSVnr14Tj\/\/+JOrfHnN5R2v1kyTCqoauK7y5q2gqqRJp\/e8rt9Waa4OAAAAXHV4DkU09o7AepE\/379L7IEjL4qaJuY7\/\/rHP8VJ97fv3+UsWTwWIX9qpT\/7LU56BKSkl2LdoyjKSh4vueqwxTQvWtqtMzq3rJkUToqi0PokKGHcBcE85FgUbJFXNgyXix\/ZtQ+7V1pV2MWQ15JvXuUWN0gmb7SsmRUqqKqvmyD5WhnegT1tNmeSFYzpdXtUmFipyi5+2LXPOMBj\/kreRbFqfVpR00hRFFcbl5VSSZU7vAFEtNyBK7lO+ln2X8Yk0KmoaaLsgk4hpYGVgatkwQKSMx6nTNEm\/Fy8EU0Hex30B8KdVxqCxu4siWPkwWN6r9ulb45DNyfjQrW2Tt8miuRetyvaGv8mbyAriuLKz5tul25I86w\/jo\/o3z\/+FPvZa6ZJp80T0a4H\/b549oVtB\/bV1VqNLmybOlaHykZZ5L\/e2PDdRJBPashGCfy8kl6ijlQfWN6LycYAw5sdjuNQu3VGinKD1kxz8q5qrrnMhW2PjblUdeIq7hsVtSKVDYNKuk5lw\/A1kPDmTVEUl2xE4\/XiqigOAAAAgOvKMhgRzgqvTVeVeck\/k0\/\/NIFz640GlPkrTrt1RvXGhlhQ1RsbYgHWbp2FKqkqZmVqMcqLJiKiN93eQuTImzfdHpUNgypmRSj95aBtq9JZ+Z3IYXcDRGNLbS\/zKLdLxUd4f7S9u+OyiIuy3G+3WuQ436gy2SSo1tYn361G+Sw7bMlfMSt0sMdK\/8sAj1dh8pGEPPq07d2dVPXZz7KUlVJloxzaFv2eKc8L\/PoNL0EuTIJ8YAedHBwNh1MnTcLwc5\/GQXxlS345JkRWSv+SrgurWljMXi2C6qfjOPS7J3i1jLcdyqdNwhYOacburIk6+XKwty\/mRyW9IyzRvzmOK9jZ46dPhHJaRg4Afvf2HdH+KqZJh8dHgTFlvM8uamf08vUrkSZb2d+9fYeevXhOJV2njtUJNAi4sG2xuXDabAbKK8tNNN3Gg\/zj+10vx0aR8z4ajujw+IgqZsUlLwd+5\/8znL+SXvJV+l\/YtiiL02YzNPjzqp3KBQAAAPLiYG+fRsMhbe\/uUEFV6dHESGB7d4ds26bT5gkVNY22d3fo3LLE5nu1VqN2q0W9bo8qZoXWTFOkVW9sUFHTRFqHx0d0Ydt0sLdPiqJMvBwUxRpGTiMpjuP4PodlDpOxpOv0aHOLbNv2zb\/jOK60OP88t+1YHaqYFVcaSd1eBsmvqiodHh8tvfxeMgvkC64P44l9wdUBjBWiNdHRBClRCtKi0kuv252yEJqXHHnT63bpN2fH5eLn0rVP\/I2PvAk7kcOdo5d5lNulUi2++wzhCzlAEXfaPBGLYj5ilSbAHQimY3WENSuXeZ6uffImjz4t7SSi7NNfXVoZh2\/shz3zIETB6U3DT1Ea5LIjK2MDTltRFKFU5fzIPvt5I1LOa5JNG970CaLdOkskN1hNBv1+oAs6VmrLFt5soc8nboLuTTN2Lxo58Di7ECuo6pRhxLnVobJhTPUr\/Nl7oq9jWVRvbEy5ogl6NgcQL+l6Kov1jtXxpH1GZcMITMt7eoPhvse7WeF3vWxE4s37b5MFqNe9pN8GUa\/bE6cpgvIm3+fXxw36Axh7AQAAADEZ9PtiHnKwt09lo+wyJGLD60G\/PzGc2xex\/qq1mpjDsUtSTuu0Sa65YbF1OU8iIqrW1oVxERsCjIbDVOvxduvM9RyeSw36fSob5VAZ6w0SOsHT5klo\/stGmTpWR3ze3t2hemODBv2+Kw2vu8PU8hPR2uSds\/xFTVs6+b3kGsg3jEG\/LwLzJf0D8+fh5hb9eusXOm2eTClYWEGVhHarlcpfetZyLAo+ak5E4ui4vEhbdQb9vssSz0uW5SafFIlSxp9bHfFM9m3rtSa\/e\/sO\/fDd9y4rOFtSqmDxmh2yIofdu1y69lnekzrzZFX6tCBLf6JLN1pJeXDvvkvZtqxwTCNWhMmW\/N6TAPwestwoZMsPcHU4t6zJRvPl32g4pLJh+I5TRMEW4fyZN+aSEDV2Lwo\/RTzXeY67wkTJ6ucujNPyU7z7PXuWUzre8olKK2wuyN\/J85CgejB+1rQhhBxcN4ooWeFmDAAAAMgWWbfh3Xgv6SXxWVEUKkzcQfJ93n95jc2fZY8b47SKIi157eZNKynTz7mUmWNbBsmoqqrIPxuxXH4uinmPX1qMN415yu\/9vAzye4GlP0iNrOBgpfVvuzvCR7+f8ka2nlYUhT58+jhJK32AwzRyMHx02Y+wIG9ZwH77K2aFvk0Wravk2odovMiUA7y9fP2KippGF7YdmY9Zyk1Gk\/wDRynC5JMkHKBmzTRjPWuVymWV4MCTFbMiBjevZeR1I6u2EYewfu7z1y++37NSyuvH2mtl7A026fdMOdhkEgXSxeRoKxNmFU9EmRoEDIdD1wSVaHrzg4P5pnXt4+cj\/MK26ax1BkXbFYStfGROm00xR\/Ebp7zBXpk4J25mGbuJxovQIJdE3rTTkOd46\/ds70ZD1ukz4gRiQEyFQX8wcQ1Uonar5fLn7zf\/CXKp6UfFNKlaW0+0uMS8CAAAAMgW1pHxmoqI6MOnj\/TNcaigqlTSdaqYFfHb9u6O6\/PL169c93o\/y2kRjXUiNxSFzi2LDvb2qaTrU\/ckpaTrvjLfmJyUjpLx7ft3Lhnlz+wim9OS88\/BiOuNxlQa10l+L0tr6Q9WC8dxqGNZwlqfjw5H3cPB6aqTQL55yJEXrOAvaprI\/yq59vGDXU5wsLi4zFJucf35e2HFctqAh3mhqipVYh6zWwWf+FwOHNiaKL4\/6VXI36wsY58mt5l6o+H687smjF63Kyznk4wDY3+WTfG3SHiTWlULkguRgfT7pbU\/W9AkDUrdsTp09\/Yd19\/DzS0o\/K8Z56J\/dFvtyzEtSnrJ1Qa57SXpK9KO3SBbwqz2iS7HRr4u6npeqMp\/svUgw3EOsrAm87JqcywAAABgGZDHZLbq9\/st6WdvWoWJVXlvoofik\/izzgmCnpNGxrhp8YnIc8uauue6yS8TaekfZOk3b0q6nurZYRZGQVZJs6a7irD\/LFUt+P4uV8IkljzywqPg8RfqB\/v05qMtWSk04soR9rxFWDCx33LZ9+yscNnlYYHFsQoURYltQS+TtP4QpfPnL7OsCg6um16lzW+7O8LSOqqs5WCiMvNwUaQoN0JlCWI0HAoXP0TBFot+zCN\/afMxnU627TCobbBVgaqqNO3EItpyNA1c\/wqqGmhhP97A2YqVXsfqUL2xIQIheeFNAS6bvBmXxYZrcie\/W+6LZDdHUNaDNHA79\/Zp3AaJKNTX6k3DiDUOJx272XesH3HretD88zoT5M+fsW1bjJccYDfs+rGP2ODfGO7HR8OhWPQT0VSMmVlALCQAAABguWAjXEVRqGJWZophlBcXtk0dq0MlvUQV06SOZa1UXMBFyA\/3PtcUPqoctIMnLzDnqayQfXqv19bp4WY8JVFW5B2sjl38EFEmfsxl6788lEwcq2DNNDN3Q+KHnF+\/BaUq+bmLYw0cld4iYWUx7wTzZ3YFdXh8JK71ljVfG6RUYUVklhtD3Gek2XxhFz\/8\/yjmmb9Z8uFOpzRJZ77tkPNY0ku+gdBZmd7rdlPFTfHCmwhRcFuKk\/\/zSWDN8YTTnMoHW8kHbebICtBFtFuvT38idzlzQF\/ZB2Te\/Qm4WsS1nmY3MFEkHbtHw2FqQ5gkPuWzYFk2C+MQ57TboN+nNdMUlvv8nf+1g1hzHy6Lu7fvuMZNdi01C3mfTAMAAACAP+zSh4jo8dMnuRl8z8LB3r7QH3z49NGlI1kFFiF\/ru59ZL\/FYLHIARf9FClrZoWI\/BVWsgsHL2k2C9i9Bwe0jUvWcuSB7MM\/Cz\/mcpDPvPLN+WBLNC9ZlluQT23mhqJQvbFB9cbG1MLTTxHgOA49e\/Gcnr14PnW9KlmiLwI5P3K5PtzcEm6xGO+7Ysu+oDbF7TsrRaQcZChNvZPrfpx2MK\/8zZoPhq1lk6aTpm2EvQtFUYQSKcjaMymyD2mv+xn+Y\/lkZXwYtm2LsuKyk3G7y5neqA4br+aBPfF7rigKlXR9Kp6IN5jvovoMcPVgtz7eOsTt8LR54tsGeQEXtw0SRY\/dWcFznnm4kvHDLy95GkcEwYH7ok67sSW+bJ3vvZ7fcdJgzvM4IVrAaScAAAAAgNyItPSfl3XaoD+gdqvlmmBm8Sx5UnkhKRKyTPcqIFvYP376xKWoqTcaYqHoVcCNfcZuUFEr0u97+66FhqqqtL27Q0QUOxgckdvKs2wYvtaqXuYhR16wdV1cP+Z+KIpC1VpNLALzDAgs1y0+JsZkXW6XVtn+7XM0HArlXL2xIU6SFDVNKGW9ylB2l\/Lb7o6wjK7WamLhOlxgX3A+Od5Vb2xMjn6N24Z8QoSIptrNm26XtieBX5+9eE4P7t0n27ZFsBh+b1nEkKiYJv02KTfHcWJZ6nthFz\/8\/yjmkb8s8kE0rpMsG1H8zby0bUPuP5+9eC4sNdVJ386nRLwbRWm5KYKH9gPH1163N9lQju\/L+dzqCMtV1ePaa9Dvi3b8x\/GRy7d9tVYLHK\/mCbvI4\/974eOxRMF9RpSVblz4VEWWLpxA\/owDq443fOU6UtQ0MR6dW5avgnjQ74s+o6TrsepY2NidJZyuoihTbT3754zdcMkniOT+eZnaS9z+wPu73\/WyYY+cd1VV6fD4iA729n3z7i2PWa30OU+O4yz9XBwAAAC4LrRbLbLtC6E7Yj3cquA4Dp02T0hVC3R4fEQlqySMJ1YBr\/zF1njdPC\/5I5X+i\/Rjn\/WzOpYVS4F8XTlrnYnFz8vXr6Z+91MUsRKnbBhUNgxhkSS7RSEaW5\/Fha08S7pO1dp6rDKbhxxpCTsGFScWxMPNrcRujcJiXjiOQ7\/n7LbI66NbdkFClF25xQni226dCVluGoZLWUc07U6m3Tqjw+MjKhsG\/fn+nQi2TJTsdFJUDJEfvvs+Mo2z1plQ7h8eHwUe9zo8PqKhJJtt22LDoKhp9Pb9u6l7Lmw7lWI7rL4\/msE9179\/\/Cn2tVnkL6t8hJVzu9WKXV\/Stg17ks+yYVBR0+jDp4+uGAljOc4yU7hw2+mFbKiwso2DRsZ5tuxTvFpbd7lecxxHtOOiptHL16\/owrbphqK4YieEbWzM2k97kfsRv1MU7k0Bf1dRXHfi9AVhFDWNnr14fuViD10nosYLeUNL3mwKU5jzvKpslGMr8IPG7qzhzfWSrpM9p3m6vIlxeHxE1dq6KyjaoN+fecOBN6v5ROEsbTnKPz\/Dm3t+QcSZ0XAoyv\/w+IjqjQ3XXOaP4yP69dYvruu5H+G6pig3Znbtk9XGJgAAAACyYdDvi3UWG0auGu3WmXBFWdQ0l1eEVcAr\/7zLIFf3PiBf2q1WoJLEcZwp355ERA\/u3Z8KKCm7xCAaW54l3Ww5nywy5MCHYcxLjlXHcRx6tLk1N8u5uMj1St41zrrc4gTxlRWv7I7D7zemY1kun8OybIuOOTEaDkMV0I8ki+f12rrrtyBLPqJxPfm\/e\/czVeicNk9SW8enYV75yyofvW430abjLG1Drgd8r3xPHJ\/OcWAlPlG4Ekf+La6bEPYpTuTvkuS02XT1Kxzrgu\/1G6\/midzn+NXDqN8BiMujzS1XmypLp23CYGVwElc9QWN31rDsNxO6n0mKPGbLJyQcx8kkplPY5mdS+H3HGX\/k5wbVA3nTxjuXabfOXNfyWMXB2euNjUwW0JWJ67UsThUCAAAAYHZka\/JVinskI8u9Ktb9MouWH4F8rzkPN7do0B9QtbYu3AO8mSir\/BTHrFypmCbdNMouS85Bv0\/nVsd3wcKuloJ8G\/e6XVrrjxcHsuUXp+sXqDSNHFkSx3JJljsoL36E5TvMpca5ZS1E8RWVF7bEHi80i677sio3VVXF88PKgp\/Jbl8Kk\/varbPAzQW+nv2kswI3TtmlUfCFyd+ZuG+o1tZdSoF264wG\/T71ul16\/PTJlIKZ812t1ahiVqigqpHtO0yWoO\/5XcbdaIrqC+Jem3X+kuYjqJzHbpg6gc+ZR5\/m9y5GwyH1ur1AhT8\/P6y\/8OZBVVVRHlH9TLvVmjpmGfXMjtURSjm\/IMBJxyu\/PPiRps0OJ5a0Qc+Qfw9K3+++JO2DSTK2gOUirMzC+pJx3x+uSO11u1MuttKO3VnTsTrCNZfsUiZMPv7O2zbC5kV8+oXHT77WbzwPe3ZQu+S5gZ8rs7D+ziuvfHojzhyOT1OFXT8aDul\/b\/1C9caGay7DcwdvPh7cu0\/V2rqIU\/Km2xUnP7zvJM74wfMtTh8AAAAA+cOnph3HmWsMp3lSrdXEOnNRMaKyZNHy\/+Xvf\/vuv0T0H78fS7oeeeT4OjHrEXwAAAAAAACuOy9fv6KiptG5ZS38FN2ywTFd2q1WrBMI1VqNtnd3Yl+fB4+fPqGyYYgNBQAAAAD48+zF85VQwJ82TwINysJcqS4Td2\/f8TUWWXX5w4ClPwAAAAAAAGBhcPycNdMMPa1zHbh02RTuz5+J6\/8\/L8axJMYnE72uhAAAAADg5mBvfyXc1ISdRF6VuGJBp11XXf4woPQHAAAAAAAALIyOZVG9sVuSC9EAAADzSURBVEEFVZ0o\/rOJPbJqyEe747jBKWpaIv\/\/eSDHnUAQXwAAACCcq+Cic9XH+1WXPwwo\/QEAAAAAAAAL5eHmFtUbG9dW4U80Dp4bNyaHfPx\/mRen4zgHOj265m6bAAAAAADyJtSnPwAAAAAAAACAfJGV\/g\/u3V9aS38AAAAAALAcwNIfAAAAAAAAAJacQb9PvW4PCn8AAAAAABAJlP4AAAAAAAAAsMSsSpA5AAAAAACwHPxP3gIAAAAAAAAAAAAAAAAAACAboPQHAAAAAAAAAAAAAAAAAK4IfyWiNhG9zVcMAAAAAAAAAAAAAAAAAADMyv8Dr4PPkwvKmMMAAAAASUVORK5CYII=\" alt=\"Markalama G\u00f6rseli\" title=\"\"><\/p>\n<\/div>\n<div>\n<table style=\"width: 100%;\" cellspacing=\"0\" cellpadding=\"0\">\n<tbody>\n<tr>\n<td style=\"width: 120px; font-weight: bold;\">Norm<\/td>\n<td style=\"width: 400px; text-align: left;\">ISO 1307<\/td>\n<td style=\"width: 120px; font-weight: bold;\">Colour<\/td>\n<td style=\"width: 400px;\">\n<div class=\"color-icons\"><img decoding=\"async\" src=\"data:image\/svg+xml;base64,PHN2ZyB3aWR0aD0iNDUiIGhlaWdodD0iOTIiIHZpZXdCb3g9IjAgMCA0NSA5MiIgeG1sbnM9Imh0dHA6Ly93d3cudzMub3JnLzIwMDAvc3ZnIj4KICA8cmVjdCB4PSIwIiB5PSIwIiB3aWR0aD0iNDUiIGhlaWdodD0iOTIiIGZpbGw9ImJsYWNrIj48L3JlY3Q+CiAgPHJlY3QgeD0iMCIgeT0iMzYiIHdpZHRoPSI0NSIgaGVpZ2h0PSIyMCIgZmlsbD0iI0ZGQzEwNyI+PC9yZWN0Pgo8L3N2Zz4K\" alt=\"\" title=\"\"><\/div>\n<\/td>\n<\/tr>\n<\/tbody>\n<\/table>\n<\/div>\n<\/div>\n<\/div>","protected":false},"excerpt":{"rendered":"<p>&nbsp; \u00dcr\u00fcn Ad\u0131: OSRIS &#8211; LMD \u00dcr\u00fcn Kodu: RS735 Yumu\u015fak \u00c7eperli S\u0131v\u0131 \u00c7amur Transfer Kullanim Alan\u0131 : Y\u00fcksek Bas\u0131n\u00e7l\u0131 S\u0131v\u0131 \u00c7amur, Mineral Ya\u011flar vb. Bo\u015falt\u0131m\u0131 \u0130\u00e7in. Alt Katman : Siyah, \u00d6zel Sentetik Kau\u00e7uk Takviye Katman\u0131 : Y\u00fcksek Mukavemetli Sentetik Tekstil ve Antistatik Bak\u0131r Tel. \u00dcst Katman : Deniz Suyu, Hava Ko\u015fullar\u0131 ve Ozon Dayan\u0131kl\u0131 Siyah [&#8230;]\n","protected":false},"featured_media":22502,"comment_status":"open","ping_status":"closed","template":"","meta":{"jetpack_post_was_ever_published":false},"product_brand":[],"product_cat":[2370],"product_tag":[],"class_list":{"0":"post-21749","1":"product","2":"type-product","3":"status-publish","4":"has-post-thumbnail","6":"product_cat-sel_petrol_kuyusu_hortumlari","8":"first","9":"instock","10":"taxable","11":"shipping-taxable","12":"product-type-simple"},"jetpack-related-posts":[{"id":21752,"url":"https:\/\/tuzlahortum.com.tr\/en\/product\/osris-lmsd\/","url_meta":{"origin":21749,"position":0},"title":"OSRIS - LMSD","author":"admin","date":"11 August 2025","format":false,"excerpt":"\u00a0 \u00dcr\u00fcn Ad\u0131: OSRIS - LMSD \u00dcr\u00fcn Kodu: RS745 Sert Yap\u0131l\u0131 S\u0131v\u0131 \u00c7amur Emme ve Bo\u015faltma Kullanim Alan\u0131 : Y\u00fcksek bas\u0131n\u00e7l\u0131 s\u0131v\u0131 \u00e7amur, mineral ya\u011flar vb. emi\u015f ve de\u015farj\u0131 i\u00e7in. Alt Katman : Siyah, \u00d6zel Sentetik Kau\u00e7uk. Takviye Katman\u0131 : Y\u00fcksek Mukavemetli Sentetik Tekstil, 2 \u00c7elik Tel Spiral ve Antistaik\u2026","rel":"","context":"Similar post","block_context":{"text":"Similar post","link":""},"img":{"alt_text":"","src":"https:\/\/i0.wp.com\/tuzlahortum.com.tr\/wp-content\/uploads\/2025\/08\/osrislmsd-p.png?fit=506%2C506&ssl=1&resize=350%2C200","width":350,"height":200},"classes":[]},{"id":21737,"url":"https:\/\/tuzlahortum.com.tr\/en\/product\/osris-wd\/","url_meta":{"origin":21749,"position":1},"title":"OSRIS - WD","author":"admin","date":"11 August 2025","format":false,"excerpt":"\u00a0 \u00dcr\u00fcn Ad\u0131: OSRIS - WD \u00dcr\u00fcn Kodu: RS115 Yumu\u015fak \u00c7eperli Su Da\u011f\u0131t\u0131m\u0131 Kullanim Alan\u0131 : Su Tahliyesi \u0130\u00e7in Alt Katman : Siyah, \u00d6zel Sentetik Kau\u00e7uk. Takviye Katman\u0131 : Y\u00fcksek Mukavemetli Sentetik Tekstil. \u00dcst Katman : Ya\u011f, Yak\u0131t, Deniz Suyu, Hava ve Oksijene Dayan\u0131kl\u0131 Siyah CR. -35\u00b0C \/ +80\u00b0C -31\u00b0F\u2026","rel":"","context":"Similar post","block_context":{"text":"Similar post","link":""},"img":{"alt_text":"","src":"https:\/\/i0.wp.com\/tuzlahortum.com.tr\/wp-content\/uploads\/2025\/08\/osriswd-p.png?fit=497%2C497&ssl=1&resize=350%2C200","width":350,"height":200},"classes":[]},{"id":21734,"url":"https:\/\/tuzlahortum.com.tr\/en\/product\/osris-fd\/","url_meta":{"origin":21749,"position":2},"title":"OSRIS - FD","author":"admin","date":"11 August 2025","format":false,"excerpt":"\u00a0 \u00dcr\u00fcn Ad\u0131: OSRIS - FD \u00dcr\u00fcn Kodu: RS225 Yumu\u015fak \u00c7eperli Ya\u011f \/ Yak\u0131t Teslimat\u0131 Kullanim Alan\u0131 : A\u011f\u0131r hizmet tipi petrol \u00fcr\u00fcnlerinin %50'ye kadar aromatik i\u00e7erikle de\u015farj\u0131 i\u00e7in uygundur. Alt Katman : Siyah, Yak\u0131t ve Ya\u011fa Dayan\u0131kl\u0131 NBR. Takviye Katman\u0131 : Y\u00fcksek Mukavemetli Sentetik Tekstil ve Antistatik Bak\u0131r Tel.\u2026","rel":"","context":"Similar post","block_context":{"text":"Similar post","link":""},"img":{"alt_text":"","src":"https:\/\/i0.wp.com\/tuzlahortum.com.tr\/wp-content\/uploads\/2025\/08\/osrisfd-p.png?fit=488%2C488&ssl=1&resize=350%2C200","width":350,"height":200},"classes":[]},{"id":21740,"url":"https:\/\/tuzlahortum.com.tr\/en\/product\/osris-fsd\/","url_meta":{"origin":21749,"position":3},"title":"OSRIS - FSD","author":"admin","date":"11 August 2025","format":false,"excerpt":"\u00a0 \u00dcr\u00fcn Ad\u0131: OSRIS - FSD \u00dcr\u00fcn Kodu: RS455 Sert Yap\u0131l\u0131 Ya\u011f \/ Yak\u0131t Emme ve Bo\u015faltma Kullanim Alan\u0131 : A\u011f\u0131r hizmet tipi petrol \u00fcr\u00fcnlerinin %50'ye kadar aromatik i\u00e7erikle emi\u015f ve de\u015farj\u0131 i\u00e7in uygundur. Alt Katman : Siyah, Yak\u0131t ve Ya\u011fa Dayan\u0131kl\u0131 NBR. Takviye Katman\u0131 : Y\u00fcksek Mukavemetli Sentetik Tekstil,\u2026","rel":"","context":"Similar post","block_context":{"text":"Similar post","link":""},"img":{"alt_text":"","src":"https:\/\/i0.wp.com\/tuzlahortum.com.tr\/wp-content\/uploads\/2025\/08\/osrisfsd-p.png?fit=494%2C494&ssl=1&resize=350%2C200","width":350,"height":200},"classes":[]},{"id":21743,"url":"https:\/\/tuzlahortum.com.tr\/en\/product\/osris-md\/","url_meta":{"origin":21749,"position":4},"title":"OSRIS - MD","author":"admin","date":"11 August 2025","format":false,"excerpt":"\u00a0 \u00dcr\u00fcn Ad\u0131: OSRIS - MD \u00dcr\u00fcn Kodu: RS715 Kullanim Alan\u0131 : Barit, bentonit ve di\u011fer a\u015f\u0131nd\u0131r\u0131c\u0131 malzemelerin de\u015farj\u0131 i\u00e7in. Alt Katman : Y\u00fcksek A\u015f\u0131nma Diren\u00e7li Antistatik NR (A\u015f\u0131nma De\u011feri 70 MM3 DIN 53516) Takviye Katman\u0131 : Y\u00fcksek Mukavemetli Sentetik Tekstil ve Antistatik Bak\u0131r Tel. \u00dcst Katman : Deniz Suyuna,\u2026","rel":"","context":"Similar post","block_context":{"text":"Similar post","link":""},"img":{"alt_text":"","src":"https:\/\/i0.wp.com\/tuzlahortum.com.tr\/wp-content\/uploads\/2025\/08\/osrismd-p.png?fit=513%2C513&ssl=1&resize=350%2C200","width":350,"height":200},"classes":[]},{"id":21746,"url":"https:\/\/tuzlahortum.com.tr\/en\/product\/osris-msd\/","url_meta":{"origin":21749,"position":5},"title":"OSRIS - MSD","author":"admin","date":"11 August 2025","format":false,"excerpt":"\u00a0 \u00dcr\u00fcn Ad\u0131: OSRIS - MSD \u00dcr\u00fcn Kodu: RS725 Sert Yap\u0131l\u0131 D\u00f6kme Malzeme Emme ve Transfer Hortumu Kullanim Alan\u0131 : Barit, bentonit ve di\u011fer a\u015f\u0131nd\u0131r\u0131c\u0131 malzemelerin emi\u015f ve de\u015farj\u0131 i\u00e7in. Alt Katman : Y\u00fcksek A\u015f\u0131nma Diren\u00e7li Antistatik NR (A\u015f\u0131nma De\u011feri 70 MM3 DIN 53516) Takviye Katman\u0131 : Y\u00fcksek Mukavemetli Sentetik\u2026","rel":"","context":"Similar post","block_context":{"text":"Similar post","link":""},"img":{"alt_text":"","src":"https:\/\/i0.wp.com\/tuzlahortum.com.tr\/wp-content\/uploads\/2025\/08\/osrismsd-p.png?fit=517%2C517&ssl=1&resize=350%2C200","width":350,"height":200},"classes":[]}],"jetpack_sharing_enabled":true,"jetpack_likes_enabled":true,"_links":{"self":[{"href":"https:\/\/tuzlahortum.com.tr\/en\/wp-json\/wp\/v2\/product\/21749","targetHints":{"allow":["GET"]}}],"collection":[{"href":"https:\/\/tuzlahortum.com.tr\/en\/wp-json\/wp\/v2\/product"}],"about":[{"href":"https:\/\/tuzlahortum.com.tr\/en\/wp-json\/wp\/v2\/types\/product"}],"replies":[{"embeddable":true,"href":"https:\/\/tuzlahortum.com.tr\/en\/wp-json\/wp\/v2\/comments?post=21749"}],"wp:featuredmedia":[{"embeddable":true,"href":"https:\/\/tuzlahortum.com.tr\/en\/wp-json\/wp\/v2\/media\/22502"}],"wp:attachment":[{"href":"https:\/\/tuzlahortum.com.tr\/en\/wp-json\/wp\/v2\/media?parent=21749"}],"wp:term":[{"taxonomy":"product_brand","embeddable":true,"href":"https:\/\/tuzlahortum.com.tr\/en\/wp-json\/wp\/v2\/product_brand?post=21749"},{"taxonomy":"product_cat","embeddable":true,"href":"https:\/\/tuzlahortum.com.tr\/en\/wp-json\/wp\/v2\/product_cat?post=21749"},{"taxonomy":"product_tag","embeddable":true,"href":"https:\/\/tuzlahortum.com.tr\/en\/wp-json\/wp\/v2\/product_tag?post=21749"}],"curies":[{"name":"wp","href":"https:\/\/api.w.org\/{rel}","templated":true}]}}