{"id":21716,"date":"2025-08-11T11:28:54","date_gmt":"2025-08-11T08:28:54","guid":{"rendered":"https:\/\/tuzlahortum.com.tr\/urun\/ostro-2gf\/"},"modified":"2025-08-20T15:27:03","modified_gmt":"2025-08-20T12:27:03","slug":"ostro-2gf","status":"publish","type":"product","link":"https:\/\/tuzlahortum.com.tr\/en\/product\/ostro-2gf\/","title":{"rendered":"OSTRO 2GF"},"content":{"rendered":"<p>&nbsp;<\/p>\n<div class=\"report-container\">\n<div class=\"report-header\">\n<div class=\"standard-text\">Product Name: OSTRO 2GF<\/div>\n<div class=\"standard-text\">Product Code: CWFG855<\/div>\n<\/div>\n<div class=\"product-image-container\">\n<div class=\"key-feature\">Double Glass Fiber Coated, Cooling Water Outdoor Temperature Up to 600\u00b0C<\/div>\n<\/div>\n<div class=\"horizontal-line\"><\/div>\n<div class=\"product-details\">\n<div class=\"detail-row\">\n<div class=\"detail-label\">Area of Use<\/div>\n<div class=\"detail-value\">: For cooling water systems of steel mills and foundries, resistant to heat and molten metal contact. Used where the hose runs close to heat sources (up to 600\u00b0C).<\/div>\n<\/div>\n<div class=\"detail-row\">\n<div class=\"detail-label\">Substrate<\/div>\n<div class=\"detail-value\">: Insulator EPDM Rubber.<\/div>\n<\/div>\n<div class=\"detail-row\">\n<div class=\"detail-label\">Reinforcement Layer<\/div>\n<div class=\"detail-value\">: High Strength Synthetic Textile.<\/div>\n<\/div>\n<div class=\"detail-row\">\n<div class=\"detail-label\">Top Layer<\/div>\n<div class=\"detail-value\">: Abrasion, Heat, Ozone and Weather Resistant, Insulating Special Synthetic Rubber and 2 Layers of Glass Fiber<\/div>\n<\/div>\n<\/div>\n<div class=\"datasheet_table\"><img decoding=\"async\" class=\"alignnone size-full\" src=\"https:\/\/tuzlahortum.com.tr\/wp-content\/uploads\/2025\/08\/datasheet343.svg\" alt=\"\" title=\"\"><\/div>\n<div class=\"table-notes\">On Request: External Temperature Up to 1200 \u00b0C<\/div>\n<div class=\"horizontal-line\"><\/div>\n<div class=\"footer\">\n<div class=\"standards-section\">\n<div class=\"standard-item\" style=\"margin-top: 9px;\"><\/div>\n<div class=\"standard-info\"><\/div>\n<\/div>\n<div class=\"temperature-section\">\n<div class=\"temp-icon\"><img decoding=\"async\" src=\"data:image\/svg+xml;base64,PD94bWwgdmVyc2lvbj0iMS4wIiBlbmNvZGluZz0iVVRGLTgiPz4KPHN2ZyBpZD0ia2F0bWFuXzIiIGRhdGEtbmFtZT0ia2F0bWFuIDIiIHhtbG5zPSJodHRwOi8vd3d3LnczLm9yZy8yMDAwL3N2ZyIgdmlld0JveD0iMCAwIDcyLjI3IDE2Ljk4Ij4KICA8ZGVmcz4KICAgIDxzdHlsZT4KICAgICAgLmNscy0xIHsKICAgICAgICBzdHJva2Utd2lkdGg6IC41OXB4OwogICAgICB9CgogICAgICAuY2xzLTEsIC5jbHMtMiwgLmNscy0zLCAuY2xzLTQgewogICAgICAgIGZpbGw6IG5vbmU7CiAgICAgICAgc3Ryb2tlLW1pdGVybGltaXQ6IDMuODY7CiAgICAgIH0KCiAgICAgIC5jbHMtMSwgLmNscy0zLCAuY2xzLTQgewogICAgICAgIHN0cm9rZTogI2E3YTlhYjsKICAgICAgfQoKICAgICAgLmNscy01IHsKICAgICAgICBmaWxsOiAjYTdhOWFiOwogICAgICB9CgogICAgICAuY2xzLTIgewogICAgICAgIHN0cm9rZTogI2ZmZjsKICAgICAgfQoKICAgICAgLmNscy0zIHsKICAgICAgICBzdHJva2Utd2lkdGg6IDIuMDZweDsKICAgICAgfQoKICAgICAgLmNscy00IHsKICAgICAgICBzdHJva2Utd2lkdGg6IC4ycHg7CiAgICAgIH0KICAgIDwvc3R5bGU+CiAgPC9kZWZzPgogIDxnIGlkPSJrYXRtYW5fMSIgZGF0YS1uYW1lPSJrYXRtYW4gMSI+CiAgICA8Zz4KICAgICAgPHBhdGggY2xhc3M9ImNscy0zIiBkPSJNMTEuMzQsMTEuNTdjLS45NCwxLjcxLTIuNzEsMi42Ni00LjgsMi42Ni0zLjA1LDAtNS41MS0yLjQ3LTUuNTEtNS41MlMzLjUsMy4xOSw2LjU1LDMuMTljMS45NCwwLDMuNjUsMSw0LjYzLDIuNTIiLz4KICAgICAgPGNpcmNsZSBjbGFzcz0iY2xzLTUiIGN4PSI2LjU1IiBjeT0iOC42NiIgcj0iMi40Ii8+CiAgICAgIDxjaXJjbGUgY2xhc3M9ImNscy0yIiBjeD0iNi41NSIgY3k9IjguNjYiIHI9IjIuNCIvPgogICAgICA8bGluZSBjbGFzcz0iY2xzLTMiIHgxPSI2OC4zNCIgeTE9IjExLjc2IiB4Mj0iOS45MiIgeTI9IjExLjc2Ii8+CiAgICAgIDxsaW5lIGNsYXNzPSJjbHMtMyIgeDE9IjY4Ljc4IiB5MT0iNS41MSIgeDI9IjkuNzMiIHkyPSI1LjUxIi8+CiAgICAgIDxsaW5lIGNsYXNzPSJjbHMtMyIgeDE9IjU0LjA3IiB5MT0iOC43NSIgeDI9IjguNjQiIHkyPSI4Ljc1Ii8+CiAgICAgIDxwYXRoIGNsYXNzPSJjbHMtMyIgZD0iTTY4LjE1LDUuNTVjMS43MSwwLDMuMDksMS4zOSwzLjA5LDMuMDlzLTEuOTIsMy4wNi0zLjYyLDMuMDYiLz4KICAgICAgPHBhdGggY2xhc3M9ImNscy01IiBkPSJNNTMuOTEsOC43NWMwLS4xNC4xMi0uMjYuMjYtLjI2cy4yNy4xMi4yNy4yNi0uMTIuMjctLjI3LjI3LS4yNi0uMTItLjI2LS4yN1oiLz4KICAgICAgPHBhdGggY2xhc3M9ImNscy0zIiBkPSJNNTMuOTEsOC43NWMwLS4xNC4xMi0uMjYuMjYtLjI2cy4yNy4xMi4yNy4yNi0uMTIuMjctLjI3LjI3LS4yNi0uMTItLjI2LS4yN1oiLz4KICAgICAgPGxpbmUgY2xhc3M9ImNscy0xIiB4MT0iMzYuNDMiIHkxPSIxNi45OCIgeDI9IjM2LjQzIiB5Mj0iMTQuMjQiLz4KICAgICAgPGxpbmUgY2xhc3M9ImNscy0xIiB4MT0iMjguMDUiIHkxPSIxNi45OCIgeDI9IjI4LjA1IiB5Mj0iMTQuMjQiLz4KICAgICAgPGxpbmUgY2xhc3M9ImNscy0xIiB4MT0iMTkuNTkiIHkxPSIxNi45OCIgeDI9IjE5LjU5IiB5Mj0iMTQuMjQiLz4KICAgICAgPGxpbmUgY2xhc3M9ImNscy0xIiB4MT0iNDEuNTciIHkxPSIyLjc0IiB4Mj0iNDEuNTciLz4KICAgICAgPGxpbmUgY2xhc3M9ImNscy0xIiB4MT0iMzMuMjgiIHkxPSIyLjc0IiB4Mj0iMzMuMjgiLz4KICAgICAgPGxpbmUgY2xhc3M9ImNscy0xIiB4MT0iMjQuOTkiIHkxPSIyLjc0IiB4Mj0iMjQuOTkiLz4KICAgICAgPGxpbmUgY2xhc3M9ImNscy0xIiB4MT0iMTYuMDgiIHkxPSIyLjc0IiB4Mj0iMTYuMDgiLz4KICAgICAgPGxpbmUgY2xhc3M9ImNscy0xIiB4MT0iNDQuNjMiIHkxPSIxNi45OCIgeDI9IjQ0LjYzIiB5Mj0iMTQuMjQiLz4KICAgICAgPGxpbmUgY2xhc3M9ImNscy0xIiB4MT0iNDkuNDkiIHkxPSIyLjc0IiB4Mj0iNDkuNDkiLz4KICAgICAgPGxpbmUgY2xhc3M9ImNscy00IiB4MT0iNDAuODgiIHkxPSIxNi45OCIgeDI9IjQwLjg4IiB5Mj0iMTQuMjQiLz4KICAgICAgPGxpbmUgY2xhc3M9ImNscy00IiB4MT0iMzIuMzMiIHkxPSIxNi45OCIgeDI9IjMyLjMzIiB5Mj0iMTQuMjQiLz4KICAgICAgPGxpbmUgY2xhc3M9ImNscy00IiB4MT0iMjMuNzkiIHkxPSIxNi45OCIgeDI9IjIzLjc5IiB5Mj0iMTQuMjQiLz4KICAgICAgPGxpbmUgY2xhc3M9ImNscy00IiB4MT0iMjAuNTkiIHkxPSIyLjc0IiB4Mj0iMjAuNTkiLz4KICAgICAgPGxpbmUgY2xhc3M9ImNscy00IiB4MT0iMjkuMTMiIHkxPSIyLjc0IiB4Mj0iMjkuMTMiLz4KICAgICAgPGxpbmUgY2xhc3M9ImNscy00IiB4MT0iMzcuMTYiIHkxPSIyLjc0IiB4Mj0iMzcuMTYiLz4KICAgICAgPGxpbmUgY2xhc3M9ImNscy00IiB4MT0iNDUuNzEiIHkxPSIyLjc0IiB4Mj0iNDUuNzEiLz4KICAgIDwvZz4KICA8L2c+Cjwvc3ZnPg==\" alt=\"S\u0131cakl\u0131k\" width=\"100\" title=\"\"><\/div>\n<div class=\"temp-values\">\n<div>-40\u00b0C \/ +125\u00b0C<\/div>\n<div>-40\u00b0F \/ +257\u00b0F<\/div>\n<\/div>\n<\/div>\n<div class=\"marking-section\">\n<div class=\"detail-row\">\n<div class=\"detail-label\">Branding<\/div>\n<div class=\"detail-value\">:<\/div>\n<\/div>\n<\/div>\n<div>\n<table style=\"width: 100%;\" cellspacing=\"0\" cellpadding=\"0\">\n<tbody>\n<tr>\n<td style=\"width: 120px; font-weight: bold;\">Norm<\/td>\n<td style=\"width: 400px; text-align: left;\">ISO 1307<\/td>\n<td style=\"width: 120px; font-weight: bold;\">Colour<\/td>\n<td style=\"width: 400px;\">\n<div class=\"color-icons\"><img decoding=\"async\" src=\"data:image\/svg+xml;base64,PHN2ZyB2aWV3Qm94PSIwIDAgMTAwIDEwMCIgeG1sbnM9Imh0dHA6Ly93d3cudzMub3JnLzIwMDAvc3ZnIj4KICA8Y2lyY2xlIGN4PSI1MCIgY3k9IjUwIiByPSI0OSIgZmlsbD0id2hpdGUiIHN0cm9rZT0iYmxhY2siIHN0cm9rZS13aWR0aD0iMC41Ii8+CiAgPGNpcmNsZSBjeD0iNTAiIGN5PSI1MCIgcj0iMzgiIGZpbGw9IndoaXRlIiBzdHJva2U9ImJsYWNrIiBzdHJva2Utd2lkdGg9IjAuNSIvPgogIDxjaXJjbGUgY3g9IjUwIiBjeT0iNTAiIHI9IjMzIiBmaWxsPSJibGFjayIgc3Ryb2tlPSJibGFjayIgc3Ryb2tlLXdpZHRoPSIwLjUiLz4KICA8Y2lyY2xlIGN4PSI1MCIgY3k9IjUwIiByPSIyMiIgZmlsbD0id2hpdGUiIHN0cm9rZT0iYmxhY2siIHN0cm9rZS13aWR0aD0iMC41Ii8+Cjwvc3ZnPg==\" alt=\"\" title=\"\"><\/div>\n<\/td>\n<\/tr>\n<\/tbody>\n<\/table>\n<\/div>\n<\/div>\n<\/div>","protected":false},"excerpt":{"rendered":"<p>&nbsp; \u00dcr\u00fcn Ad\u0131: OSTRO 2GF \u00dcr\u00fcn Kodu: CWFG855 \u00c7ift Kat Cam Elyaf Kapl\u0131, So\u011futma Suyu D\u0131\u015f Ortam S\u0131cakl\u0131\u011f\u0131 600\u00b0C\u2019ye Kadar Kullanim Alan\u0131 : \u00c7elik fabrikalar\u0131 ve d\u00f6k\u00fcmhanelerin so\u011futma suyu sistemleri i\u00e7in, \u0131s\u0131ya ve erimi\u015f metal temas\u0131na dayan\u0131kl\u0131. Hortumun \u0131s\u0131 kaynaklar\u0131na (600\u00b0C&#8217;ye kadar) yak\u0131n \u00e7al\u0131\u015ft\u0131\u011f\u0131 yerlerde kullan\u0131l\u0131r. Alt Katman : Yal\u0131tkan EPDM Kau\u00e7uk. Takviye Katman\u0131 : [&#8230;]\n","protected":false},"featured_media":22481,"comment_status":"open","ping_status":"closed","template":"","meta":{"jetpack_post_was_ever_published":false},"product_brand":[],"product_cat":[2368],"product_tag":[],"class_list":{"0":"post-21716","1":"product","2":"type-product","3":"status-publish","4":"has-post-thumbnail","6":"product_cat-sel_celik_dokum_hortumlari","8":"first","9":"instock","10":"taxable","11":"shipping-taxable","12":"product-type-simple"},"jetpack-related-posts":[{"id":21719,"url":"https:\/\/tuzlahortum.com.tr\/en\/product\/ostro-flanged\/","url_meta":{"origin":21716,"position":0},"title":"OSTRO FLANGED","author":"admin","date":"11 August 2025","format":false,"excerpt":"\u00a0 \u00dcr\u00fcn Ad\u0131: OSTRO FLANGED \u00dcr\u00fcn Kodu: CWFG125 \u00c7ift Kat Cam Elyaf Kapl\u0131, Flan\u015fl\u0131, So\u011futma Suyu D\u0131\u015f Ortam S\u0131cakl\u0131\u011f\u0131 600\u00b0C\u2019ye Kadar Kullanim Alan\u0131 : \u00c7elik fabrikalar\u0131 ve d\u00f6k\u00fcmhanelerin so\u011futma suyu sistemleri i\u00e7in. Is\u0131ya ve erimi\u015f metal temas\u0131na dayan\u0131kl\u0131d\u0131r. Hortumun \u0131s\u0131 kaynaklar\u0131na (600\u00b0C'ye kadar) yak\u0131n \u00e7al\u0131\u015ft\u0131\u011f\u0131 yerlerde kullan\u0131l\u0131r. Alt Katman :\u2026","rel":"","context":"Similar post","block_context":{"text":"Similar post","link":""},"img":{"alt_text":"","src":"https:\/\/i0.wp.com\/tuzlahortum.com.tr\/wp-content\/uploads\/2025\/08\/ostro-flanged.png?fit=496%2C496&ssl=1&resize=350%2C200","width":350,"height":200},"classes":[]},{"id":21707,"url":"https:\/\/tuzlahortum.com.tr\/en\/product\/ege-gf\/","url_meta":{"origin":21716,"position":1},"title":"AEGEAN GF","author":"admin","date":"11 August 2025","format":false,"excerpt":"\u00a0 \u00dcr\u00fcn Ad\u0131: EGE GF \u00dcr\u00fcn Kodu: CPH855 Cam Elyaf Kaplama Su D\u0131\u015f S\u0131cakl\u0131k 600 \u00b0C Kullanim Alan\u0131 : \u00c7elik fabrikalar\u0131 ve d\u00f6k\u00fcmhanelerde so\u011futma suyu transferi i\u00e7in. Alt Katman : Siyah Do\u011fal ve Sentetik Kau\u00e7uk. Takviye Katman\u0131 : Y\u00fcksek Mukavemetli Sentetik Tekstil. \u00dcst Katman : Siyah, Is\u0131 (600 \u00b0C`a Kadar)\u2026","rel":"","context":"Similar post","block_context":{"text":"Similar post","link":""},"img":{"alt_text":"","src":"https:\/\/i0.wp.com\/tuzlahortum.com.tr\/wp-content\/uploads\/2025\/08\/egegf-p.png?fit=505%2C505&ssl=1&resize=350%2C200","width":350,"height":200},"classes":[]},{"id":21713,"url":"https:\/\/tuzlahortum.com.tr\/en\/product\/ostro-gf\/","url_meta":{"origin":21716,"position":2},"title":"OSTRO GF","author":"admin","date":"11 August 2025","format":false,"excerpt":"\u00a0 \u00dcr\u00fcn Ad\u0131: OSTRO GF \u00dcr\u00fcn Kodu: CWFG857 Cam Elyaf Kaplama So\u011futma Suyu D\u0131\u015f S\u0131cakl\u0131k 600\u00b0C Kullanim Alan\u0131 : \u00c7elik fabrikalar\u0131, d\u00f6k\u00fcmhaneler vb. yerlerde \u00e7ok y\u00fcksek ortam s\u0131cakl\u0131klar\u0131nda so\u011futma suyunun de\u015farj\u0131 i\u00e7in. Alt Katman : Yal\u0131tkan Beyaz EPDM Kau\u00e7uk. Takviye Katman\u0131 : Y\u00fcksek Mukavemetli Sentetik Tekstil. \u00dcst Katman : Hava\u2026","rel":"","context":"Similar post","block_context":{"text":"Similar post","link":""},"img":{"alt_text":"","src":"https:\/\/i0.wp.com\/tuzlahortum.com.tr\/wp-content\/uploads\/2025\/08\/ostrogf-p.png?fit=513%2C513&ssl=1&resize=350%2C200","width":350,"height":200},"classes":[]},{"id":21722,"url":"https:\/\/tuzlahortum.com.tr\/en\/product\/isi-cc\/","url_meta":{"origin":21716,"position":3},"title":"ISI CC","author":"admin","date":"11 August 2025","format":false,"excerpt":"\u00a0 \u00dcr\u00fcn Ad\u0131: ISI CC \u00dcr\u00fcn Kodu: HWCC115 S\u0131cak Su \u0130\u00e7in Seramik Kaplamal\u0131 D\u0131\u015f Y\u00fczey Kullanim Alan\u0131 : Sanayide su ve s\u0131cak su transferi i\u00e7in, hortumun \u0131s\u0131ya dayan\u0131kl\u0131 olmas\u0131 gereken durumlarda kullan\u0131l\u0131r. Alt Katman : EPDM Kau\u00e7uk. Takviye Katman\u0131 : Y\u00fcksek Mukavemetli Sentetik Tekstil. \u00dcst Katman : Is\u0131 (600\u00b0C`a Kadar),\u2026","rel":"","context":"Similar post","block_context":{"text":"Similar post","link":""},"img":{"alt_text":"","src":"https:\/\/i0.wp.com\/tuzlahortum.com.tr\/wp-content\/uploads\/2025\/08\/isicc-p.png?fit=505%2C505&ssl=1&resize=350%2C200","width":350,"height":200},"classes":[]},{"id":21725,"url":"https:\/\/tuzlahortum.com.tr\/en\/product\/buhar-gf\/","url_meta":{"origin":21716,"position":4},"title":"STEAM GF","author":"admin","date":"11 August 2025","format":false,"excerpt":"\u00a0 \u00dcr\u00fcn Ad\u0131: BUHAR GF \u00dcr\u00fcn Kodu: SGF521 Cam Elyaf Kaplama Buhar D\u0131\u015f S\u0131cakl\u0131k 600\u00b0C Kullanim Alan\u0131 : Maksimum 7 Bar (102 PSI) \u00e7al\u0131\u015fma bas\u0131nc\u0131nda, 600\u00b0C'ye kadar \u0131s\u0131 kaynaklar\u0131na yak\u0131n \u00e7al\u0131\u015fan genel doymu\u015f buhar hizmetleri i\u00e7in. Alt Katman : EPDM Kau\u00e7uk, Dayan\u0131kl\u0131, \u00d6zel Sentetik Kau\u00e7uk ve Cam Elyaf\u0131. Takviye Katman\u0131\u2026","rel":"","context":"Similar post","block_context":{"text":"Similar post","link":""},"img":{"alt_text":"","src":"https:\/\/i0.wp.com\/tuzlahortum.com.tr\/wp-content\/uploads\/2025\/08\/buhargf-p.png?fit=513%2C513&ssl=1&resize=350%2C200","width":350,"height":200},"classes":[]},{"id":21728,"url":"https:\/\/tuzlahortum.com.tr\/en\/product\/sirocco\/","url_meta":{"origin":21716,"position":5},"title":"SIROCCO","author":"admin","date":"11 August 2025","format":false,"excerpt":"\u00a0 \u00dcr\u00fcn Ad\u0131: SIROCCO \u00dcr\u00fcn Kodu: SD950 Silikon So\u011futma Kullanim Alan\u0131 : Deniz ara\u00e7lar\u0131n\u0131n so\u011futma sistemlerinde, y\u00fcksek performans ve ekstra esneklik gerektiren \u00e7ok y\u00fcksek s\u0131cakl\u0131ktaki egzoz gazlar\u0131n\u0131n ve deniz suyunun ta\u015f\u0131nmas\u0131 i\u00e7in. Alt Katman : Deniz Suyuna, Antifriz Kar\u0131\u015f\u0131ml\u0131 Suya, Mineral Ya\u011flara Dayan\u0131kl\u0131 D\u00fcz Silikon. Takviye Katman\u0131 : Y\u00fcksek Mukavemetli\u2026","rel":"","context":"Similar post","block_context":{"text":"Similar post","link":""},"img":{"alt_text":"","src":"https:\/\/i0.wp.com\/tuzlahortum.com.tr\/wp-content\/uploads\/2025\/08\/sirocco-p.png?fit=513%2C513&ssl=1&resize=350%2C200","width":350,"height":200},"classes":[]}],"jetpack_sharing_enabled":true,"jetpack_likes_enabled":true,"_links":{"self":[{"href":"https:\/\/tuzlahortum.com.tr\/en\/wp-json\/wp\/v2\/product\/21716","targetHints":{"allow":["GET"]}}],"collection":[{"href":"https:\/\/tuzlahortum.com.tr\/en\/wp-json\/wp\/v2\/product"}],"about":[{"href":"https:\/\/tuzlahortum.com.tr\/en\/wp-json\/wp\/v2\/types\/product"}],"replies":[{"embeddable":true,"href":"https:\/\/tuzlahortum.com.tr\/en\/wp-json\/wp\/v2\/comments?post=21716"}],"wp:featuredmedia":[{"embeddable":true,"href":"https:\/\/tuzlahortum.com.tr\/en\/wp-json\/wp\/v2\/media\/22481"}],"wp:attachment":[{"href":"https:\/\/tuzlahortum.com.tr\/en\/wp-json\/wp\/v2\/media?parent=21716"}],"wp:term":[{"taxonomy":"product_brand","embeddable":true,"href":"https:\/\/tuzlahortum.com.tr\/en\/wp-json\/wp\/v2\/product_brand?post=21716"},{"taxonomy":"product_cat","embeddable":true,"href":"https:\/\/tuzlahortum.com.tr\/en\/wp-json\/wp\/v2\/product_cat?post=21716"},{"taxonomy":"product_tag","embeddable":true,"href":"https:\/\/tuzlahortum.com.tr\/en\/wp-json\/wp\/v2\/product_tag?post=21716"}],"curies":[{"name":"wp","href":"https:\/\/api.w.org\/{rel}","templated":true}]}}