{"id":21710,"date":"2025-08-11T11:28:14","date_gmt":"2025-08-11T08:28:14","guid":{"rendered":"https:\/\/tuzlahortum.com.tr\/urun\/ostro\/"},"modified":"2025-08-20T15:27:09","modified_gmt":"2025-08-20T12:27:09","slug":"ostro","status":"publish","type":"product","link":"https:\/\/tuzlahortum.com.tr\/en\/product\/ostro\/","title":{"rendered":"OSTRO"},"content":{"rendered":"<p>&nbsp;<\/p>\n<div class=\"report-container\">\n<div class=\"report-header\">\n<div class=\"standard-text\">Product Name: OSTRO<\/div>\n<div class=\"standard-text\">Product Code: CWH855<\/div>\n<\/div>\n<div class=\"product-image-container\">\n<div class=\"key-feature\">Fireproof - Cooling Hose<\/div>\n<\/div>\n<div class=\"horizontal-line\"><\/div>\n<div class=\"product-details\">\n<div class=\"detail-row\">\n<div class=\"detail-label\">Area of Use<\/div>\n<div class=\"detail-value\">: For the discharge of cooling water at very high ambient temperatures in steel mills, foundries, etc.<\/div>\n<\/div>\n<div class=\"detail-row\">\n<div class=\"detail-label\">Substrate<\/div>\n<div class=\"detail-value\">: Insulator Gray EPDM Rubber.<\/div>\n<\/div>\n<div class=\"detail-row\">\n<div class=\"detail-label\">Reinforcement Layer<\/div>\n<div class=\"detail-value\">: High Strength Synthetic Textile.<\/div>\n<\/div>\n<div class=\"detail-row\">\n<div class=\"detail-label\">Top Layer<\/div>\n<div class=\"detail-value\">: Abrasion, Heat, Steam, Ozone and Weather Resistant, Special Synthetic Rubber.<\/div>\n<\/div>\n<\/div>\n<div class=\"datasheet_table\"><img decoding=\"async\" class=\"alignnone size-full\" src=\"https:\/\/tuzlahortum.com.tr\/wp-content\/uploads\/2025\/08\/datasheet341.svg\" alt=\"\" title=\"\"><\/div>\n<div class=\"table-notes\">Electrical resistance: \u2265 1x 10\u2079 \u03a9\/m<\/div>\n<div class=\"horizontal-line\"><\/div>\n<div class=\"footer\">\n<div class=\"standards-section\">\n<div class=\"standard-item\" style=\"margin-top: 9px;\"><\/div>\n<div class=\"standard-info\"><\/div>\n<\/div>\n<div class=\"temperature-section\">\n<div class=\"temp-icon\"><img decoding=\"async\" src=\"data:image\/svg+xml;base64,PD94bWwgdmVyc2lvbj0iMS4wIiBlbmNvZGluZz0iVVRGLTgiPz4KPHN2ZyBpZD0ia2F0bWFuXzIiIGRhdGEtbmFtZT0ia2F0bWFuIDIiIHhtbG5zPSJodHRwOi8vd3d3LnczLm9yZy8yMDAwL3N2ZyIgdmlld0JveD0iMCAwIDcyLjI3IDE2Ljk4Ij4KICA8ZGVmcz4KICAgIDxzdHlsZT4KICAgICAgLmNscy0xIHsKICAgICAgICBzdHJva2Utd2lkdGg6IC41OXB4OwogICAgICB9CgogICAgICAuY2xzLTEsIC5jbHMtMiwgLmNscy0zLCAuY2xzLTQgewogICAgICAgIGZpbGw6IG5vbmU7CiAgICAgICAgc3Ryb2tlLW1pdGVybGltaXQ6IDMuODY7CiAgICAgIH0KCiAgICAgIC5jbHMtMSwgLmNscy0zLCAuY2xzLTQgewogICAgICAgIHN0cm9rZTogI2E3YTlhYjsKICAgICAgfQoKICAgICAgLmNscy01IHsKICAgICAgICBmaWxsOiAjYTdhOWFiOwogICAgICB9CgogICAgICAuY2xzLTIgewogICAgICAgIHN0cm9rZTogI2ZmZjsKICAgICAgfQoKICAgICAgLmNscy0zIHsKICAgICAgICBzdHJva2Utd2lkdGg6IDIuMDZweDsKICAgICAgfQoKICAgICAgLmNscy00IHsKICAgICAgICBzdHJva2Utd2lkdGg6IC4ycHg7CiAgICAgIH0KICAgIDwvc3R5bGU+CiAgPC9kZWZzPgogIDxnIGlkPSJrYXRtYW5fMSIgZGF0YS1uYW1lPSJrYXRtYW4gMSI+CiAgICA8Zz4KICAgICAgPHBhdGggY2xhc3M9ImNscy0zIiBkPSJNMTEuMzQsMTEuNTdjLS45NCwxLjcxLTIuNzEsMi42Ni00LjgsMi42Ni0zLjA1LDAtNS41MS0yLjQ3LTUuNTEtNS41MlMzLjUsMy4xOSw2LjU1LDMuMTljMS45NCwwLDMuNjUsMSw0LjYzLDIuNTIiLz4KICAgICAgPGNpcmNsZSBjbGFzcz0iY2xzLTUiIGN4PSI2LjU1IiBjeT0iOC42NiIgcj0iMi40Ii8+CiAgICAgIDxjaXJjbGUgY2xhc3M9ImNscy0yIiBjeD0iNi41NSIgY3k9IjguNjYiIHI9IjIuNCIvPgogICAgICA8bGluZSBjbGFzcz0iY2xzLTMiIHgxPSI2OC4zNCIgeTE9IjExLjc2IiB4Mj0iOS45MiIgeTI9IjExLjc2Ii8+CiAgICAgIDxsaW5lIGNsYXNzPSJjbHMtMyIgeDE9IjY4Ljc4IiB5MT0iNS41MSIgeDI9IjkuNzMiIHkyPSI1LjUxIi8+CiAgICAgIDxsaW5lIGNsYXNzPSJjbHMtMyIgeDE9IjU0LjA3IiB5MT0iOC43NSIgeDI9IjguNjQiIHkyPSI4Ljc1Ii8+CiAgICAgIDxwYXRoIGNsYXNzPSJjbHMtMyIgZD0iTTY4LjE1LDUuNTVjMS43MSwwLDMuMDksMS4zOSwzLjA5LDMuMDlzLTEuOTIsMy4wNi0zLjYyLDMuMDYiLz4KICAgICAgPHBhdGggY2xhc3M9ImNscy01IiBkPSJNNTMuOTEsOC43NWMwLS4xNC4xMi0uMjYuMjYtLjI2cy4yNy4xMi4yNy4yNi0uMTIuMjctLjI3LjI3LS4yNi0uMTItLjI2LS4yN1oiLz4KICAgICAgPHBhdGggY2xhc3M9ImNscy0zIiBkPSJNNTMuOTEsOC43NWMwLS4xNC4xMi0uMjYuMjYtLjI2cy4yNy4xMi4yNy4yNi0uMTIuMjctLjI3LjI3LS4yNi0uMTItLjI2LS4yN1oiLz4KICAgICAgPGxpbmUgY2xhc3M9ImNscy0xIiB4MT0iMzYuNDMiIHkxPSIxNi45OCIgeDI9IjM2LjQzIiB5Mj0iMTQuMjQiLz4KICAgICAgPGxpbmUgY2xhc3M9ImNscy0xIiB4MT0iMjguMDUiIHkxPSIxNi45OCIgeDI9IjI4LjA1IiB5Mj0iMTQuMjQiLz4KICAgICAgPGxpbmUgY2xhc3M9ImNscy0xIiB4MT0iMTkuNTkiIHkxPSIxNi45OCIgeDI9IjE5LjU5IiB5Mj0iMTQuMjQiLz4KICAgICAgPGxpbmUgY2xhc3M9ImNscy0xIiB4MT0iNDEuNTciIHkxPSIyLjc0IiB4Mj0iNDEuNTciLz4KICAgICAgPGxpbmUgY2xhc3M9ImNscy0xIiB4MT0iMzMuMjgiIHkxPSIyLjc0IiB4Mj0iMzMuMjgiLz4KICAgICAgPGxpbmUgY2xhc3M9ImNscy0xIiB4MT0iMjQuOTkiIHkxPSIyLjc0IiB4Mj0iMjQuOTkiLz4KICAgICAgPGxpbmUgY2xhc3M9ImNscy0xIiB4MT0iMTYuMDgiIHkxPSIyLjc0IiB4Mj0iMTYuMDgiLz4KICAgICAgPGxpbmUgY2xhc3M9ImNscy0xIiB4MT0iNDQuNjMiIHkxPSIxNi45OCIgeDI9IjQ0LjYzIiB5Mj0iMTQuMjQiLz4KICAgICAgPGxpbmUgY2xhc3M9ImNscy0xIiB4MT0iNDkuNDkiIHkxPSIyLjc0IiB4Mj0iNDkuNDkiLz4KICAgICAgPGxpbmUgY2xhc3M9ImNscy00IiB4MT0iNDAuODgiIHkxPSIxNi45OCIgeDI9IjQwLjg4IiB5Mj0iMTQuMjQiLz4KICAgICAgPGxpbmUgY2xhc3M9ImNscy00IiB4MT0iMzIuMzMiIHkxPSIxNi45OCIgeDI9IjMyLjMzIiB5Mj0iMTQuMjQiLz4KICAgICAgPGxpbmUgY2xhc3M9ImNscy00IiB4MT0iMjMuNzkiIHkxPSIxNi45OCIgeDI9IjIzLjc5IiB5Mj0iMTQuMjQiLz4KICAgICAgPGxpbmUgY2xhc3M9ImNscy00IiB4MT0iMjAuNTkiIHkxPSIyLjc0IiB4Mj0iMjAuNTkiLz4KICAgICAgPGxpbmUgY2xhc3M9ImNscy00IiB4MT0iMjkuMTMiIHkxPSIyLjc0IiB4Mj0iMjkuMTMiLz4KICAgICAgPGxpbmUgY2xhc3M9ImNscy00IiB4MT0iMzcuMTYiIHkxPSIyLjc0IiB4Mj0iMzcuMTYiLz4KICAgICAgPGxpbmUgY2xhc3M9ImNscy00IiB4MT0iNDUuNzEiIHkxPSIyLjc0IiB4Mj0iNDUuNzEiLz4KICAgIDwvZz4KICA8L2c+Cjwvc3ZnPg==\" alt=\"S\u0131cakl\u0131k\" width=\"100\" title=\"\"><\/div>\n<div class=\"temp-values\">\n<div>-40\u00b0C \/ +150\u00b0C<\/div>\n<div>-40\u00b0F \/ +300\u00b0F<\/div>\n<\/div>\n<\/div>\n<div class=\"marking-section\">\n<div class=\"detail-row\">\n<div class=\"detail-label\">Branding<\/div>\n<div class=\"detail-value\">: Transfer Band or Embossed<\/div>\n<\/div>\n<p><img decoding=\"async\" class=\"marking-image\" src=\"data:image\/png;base64,iVBORw0KGgoAAAANSUhEUgAABf4AAAAoCAYAAACvpushAAAACXBIWXMAACE3AAAhNwEzWJ96AAAgAElEQVR4nO2dbWwb57Xn\/5Jsq9nagwusWzTLKW7i2hclA9y8FA3ZovGmhchd2Eg3kIjGhlFUZgD7Ou1K\/GDHBSLpg60AcewPkoA6tRehBQSGnQtK2yKwsSCNrW8cJGSDOi9AyGIdpAUybC7u+sPuyG1WtiXtB\/IMnxnOG8kZDimdHyAkJjkzZ5735zznpe9bf\/\/Q3wF4DAzDMAzDMAzDMAzDMAzDMAzD9DofbkJV6f+7oCVhGIZhGIZhGIZhGIZhGIZhGKZtftgftAQMwzAMwzAMwzAMwzAMwzAMw3gHK\/4ZhmEYhmEYhmEYhmEYhmEYZh3Bin+GYRiGYRiGYRiGYRiGYRiGWUdsauficCSCsfQ4JEnySh5PmD5xEuVSCQBw8fIl7fNyqYTpEyeDEssznn3kAUz\/578LWgyG2ZCcfe8Ozr67FLQYDMMwDMMwDMMwDMMwDGNJW4r\/X58\/h5AseyWLZ4gHEdFYLEBJvGfbYD+O\/7C7DloYZqPwF3UFb\/zhr0GLwTAMwzAMwzAMwzAMwzC2tBXqpxuV\/uudn37nq9g2yBGaGCYIzr67hKXl1aDFYBiGYRiGYRiGYRiGYRhb2rL4ZzpLSBrAC9\/bGrQYDLMhef\/zu\/jNJ18GLQbDMAzDMExPIcsyQrKMiqJAUZSgxWEYhmGYroHmyF6gWCiYfh6ORLouBLwZqqpqYeFFel1+JzxT\/FcUBc\/s2QtVVb26JWOAQ\/wwTHCcfY\/j+jMMwzAMs36YmJrEaCqFcqmEA\/v2+7aPG0uPYziZxPSJk5jPZHx5BsOIjKZSWFJVLGSzQYvStbx2\/hxePnGSD+MYJmCGk0mMpceDFsMVOx962PTzianJngizXiwUcGDf\/obPe11+JzxT\/CuK0vZi0atTlnKptO4OIL77zS340c6vBC0Gw2xIfvvJl3j\/87tBi8EwDMMwDOMJ8UQCw8kk5mZmEU\/EMTE1iRePHvPlWUOJBABrS0GG8RJJkjCWHockSSgWCqzYNmFiahLxRAJLqupbv2cYhmG6g64K9ePVKcuBffvX3cLy+NPr39q\/f\/subIo+j\/4du7XPVj97G\/eLr2P19i3bawd27MbAY8+hP\/S49tna7Vu4\/+GbWClf1T7b\/NQ4+r72D65lurv4cwDAluFf2f5u9bO3cf\/DN21\/0ze4FZueSmNgx25gcGtdxuLrWPnsbdcyMZ1laXkVZ9\/tfmv\/cCSCialJVBTFdgF\/8fIlALA8KY4nEhhLjyMciQCoHqTOzcwin8uZ\/n5iahLhSARzM7OW4+5IMonh5AgWswu2llf0OyemT5zUXNyc3scJemY+l7e1QnRbvkC1DEdTB1EulTB94qTuO5L3yKHDtgfUsizj1JnTAJzfze09qa7MUFUVi9kF03p2W39mMtlhVj5mhCMRjKXHEa8pjiqKgrmZWVeyNFNvdjJXFAUXMhdMXSupXMV26YSX5WPss8VCwbY\/AlWlyMTUJIYSCUiSBFVVcS2Xw\/SJk46GE2PpNEaSI5pLcj6Xw9zMrOW7N9tHqc6M7+\/VGNdOewLc1XcrMixkFzA3M2P77GgshtHUQe06oFr+Vn3Xy3bWLFRfVhQLRcxnMi0b6pBiLxyJWL5DPJHAxNSk1lYrioLpEyct57ONRjgSwWI2i7mZGZRLJYymDlr+rpX2Kl4vSRIqitKSe7rfjKZSiCfiKBaKpu80lk4jGoua9mexnduNcU79oZn51YjffaHVuTFIRlMpbW4Txxiqa8B5TorGYhhLj0NVVRw5dLjh+3br1G7Nq6oq5jMXbOfxkWQSo6mD2txP87hVfRjnpWKhiNFUSjv848MRhtk4zGcymD5xEtFYzNVasRs5cugw8rkcxtLpnvGWEOm0\/F2l+GfMefaRB\/Dtr28OWgxf6d++q6pcH9TnMOjfsRtbQk\/g3rVpS+X45qEJDIT3NHzet30XNg9NYNNjz+Fefhqrt2+h72v\/oDsccC2fwzX9occxEN6Du4s\/x9rynUZZBrdiy\/Cv0Ld9V6OMe19B3+9fx\/3i603LxfjPGzf\/hoq6ErQYjkiSpB2cLmQXLDcLdoerI8mkpmwmwpEIXjt\/TlsgGAlHIrXNEXBgn\/kzQ7KMaCyGYqFo+w70OydEz7B2D4uHkyOIxmKQJMlW8S+Wr9MGie5pBn0eTyRsN4RDiYSrd4vGYtrvorGY7Sae6sqKeCKBuZnZBsWH2\/ozyuUF4UgEFy9f0tV5qHYoEo1FXR3CkCxOSm0nmYeTSVPDAirXZjwWvSofsz5bXcTHcPzoMdM2JkkSLl6+pDsEkiQJw8kkhhIJ\/HjPXsv2\/eqZ0xhOJnWfxRMJxBMJbQFrpNl3Ffua1eetjnHttie6h1N9tyJDVbEaxzN79ppeZ1bXQL3887kcjh89pmvjQbosW9UjEY3FbN\/X6d7GNmwknkjgtfPndJ+FZBmvnT9n2VY3Iqq6VPuv+djYansVoXbQzUZZ9m01qs21xneI1MaDioPS1E1\/cDsGGe\/rd19odW4MCkmStEOsl4V532z+smOktpZbtFirOdVpu2veeCJhOY+bvQvN46TIN67ljM\/K53IoFgraAQdb\/TPMxiGfywOozssVRemZ\/AIiNHctZrM9qfjvtPz9vj+BaYttg\/3rPrY\/KcU1pf\/yHaxWPgBIgT64FZuHJtA32JjYeCC8R6f0X7t9C6uVD6rX0\/2370L\/t3Y3XOs1fdt3YeCx50y\/27z3lE7pv1r5AGvqF9q\/Nz35PPpDT\/guI9Mcf1FX8MYf\/hq0GE3TyuQRjcV0SqVyqaSzGBpNpVxsWrs\/Lp6IuGkLRyKQXS56hgRrW7N7xm2+r98jbvv9iAvPBwCa5Zrx\/+0ol0ooFgran6iwGEuPuy4HvyGFBimcKoqiUywMJ5OOZa0vH+d6AaArm2KhoFOIvWqieA0Kpz770tSkaV2+dv6czkJQfEdJkkyVy0DV6lVUNBjbzqkzpzuWFKuVMc6L9tQuTjJULavTpte9JFiWin2YiCcStsq\/bsTqfZ0YTaUc31W0xDWWlZ2V7kZCVVXEE3Hbw7ZW2quRaCwKwFkRGhQ0bjod2Ju1OVKWlDyweB9OJjHShGIa6Gxf6JW5MV7zZKt6plSV5tFYrCmlvyRJ2lrvQuaCL3K64dSZ0w3zuPFdqD70a\/aDrubj+dq7DSeTPZHUkmEYb6B9pngw32uh0mm+HE4mtXVxL9Fp+T2z+JddWmqKVBTF1mpybma2JVmcrC56iZ9+56vYNri+z2c2Pfm8pvRfKV\/FvWvT2neaNf\/gVmx68nncu6FvE5tI0b58B3cXf64LCdQnPVgN7bN9F1ZqYXgodI\/IV\/7ru7XvfoHVyk1bWc1+0yc9iC17X0Hf9l3Y9OhzDZb7Azt2ax4Da7dv6bwCBsJ7sHloovquu8exfOlnts9nOsvZd5ewtLwatBhNY2WZZgdZR5FLM10bjcXw2vlzmiu5lVU\/AMfv3WJmqeQHxjkrGotBceFqP5IcsfQOcKs4jAshVozIsuxagSe+g9s5ePrEyYa2Ibp6Vq3FvCl\/qwRQbhA3omJCSNECdWJq0tJaUZIkXTlGY1FXoRTM3P\/JDbPu\/eDN4qyd8rHqs2QZTn1WtOITvT4Ws1nNC4LKcjiZtBw\/6HnlUglHDh3W1m+jqRQmpiZrVpapjvXdZuuh3fbkBVYyyDXr23AkgtHUwYYQOOJ1RstautZu09BOO2sXsyRkopXySHKk5TazmM2aKvPCkYimkBXLi8a5UG2M7bbwJJ3mWi6HsfQ4bn78EQA0zGuttlcj3W7xL7YDWZZ1e1NxDolEwg3X0qFGuVR29Syz\/mAsz1ZC\/nSiL3RybmwHMqwwG8utysmIeHjgVDatJlokrKzzae09mjqo87ilubiiKDiwb7+uvdJ1L7sI2wdUy4isfZ08URmGWT+QdxAAPPGPj9YMARq9w7qZU2dO49SZ0yiXSpr34cTUJEZTqYAlc0en5fdMoxySZVy8fKmpv+vv3LBVkszNzLT0t15i1IWkAbzwvUYr9\/UGxfRfrXygU\/oDwL1r05r1\/kBY707cN7hVs6K\/d2OmIQ\/AmvoF7l75Je7+91+Yht\/xijX1i7qyf3Brg+W+lrOgdjghyrJSvor7v69e27d9F\/oNoYCY4Hj\/87v4zSdfBi1Gy7i1GAf0VurG2ODFQgEv1zYcbsJbdIu1uBvqG\/bqps7JCp+w8w5wew\/A+pDAzqNAhBTbqqpqG7dWLX6LhYLmzk7lEjRkrV8sFHQKKVI8A7B9Z1I21eu3dWvuuZkZzaigWzxbqP0Y4wAvZLOa4YTxnWlcoPjOpBhQa8n96B2N3iOkBAGAF48e062z5jMZre249TrxgmbGOMB9e\/KzfknmfC6nk0FRFE0GM+trkn0+k2lQrCmKgmf27PUlTr9fqKqqtdGQLDc9b6iqigP79mMhu2D6Pd3PaKEueqn00lzlF4qi4Md79mohoozl2Wp7FaF1Q7lU6tr9Gc2hABrCHUSE+cUsFAK1o3YU3kotzwhQz4fglqD7QjfPjcYymT5x0nU4G7vDg06gX5MZ54Pq+02fONnQp4qFAp7+wVNNKfDpHbtl7ccwTOeoKIpuL9CLiIezFL6wl+iU\/IGbkrtJ5LhRWe8hfoCqtXyf9CAAaFb5RrTPB7dqvwWAvu31JL1iaB8jYkgdvxC9AIwhicjaf6V8xfQAQnzvvq+x4r9bOPte700cQH3SHk4mXW\/mRMWpWSxTceNjlxwWaC0ER1CIhx1Ac5tWMyWy2zA\/9XuYK0ndh\/mpPkt03W9n460olZav9QN6l3kTN3vRrd3qnUlZupBdQEVRGjwAmqWblFbiO5t5n9Bnxnem\/8\/ncqYLfOrrxnISk32bWT9SrNBOhJppZYwDnNtTJ5RXVD6LJko6RbAstSpHu1ApvbZhE+cVUaHqpk7NDkBEqPzM+ix91mthkfyCysPMsrnd9gq4t\/a36ndyCwdDraBY9P+wYOVvJqOYLLcd3KyzzOiGvuBmbmwmnKJ4TbPhZ6iOVFXVtWfjga8d4lrO6kClEzjNq1b13uxcQM\/ploMbhmE6B+V7GUkmMTE1iflMBnMzsz21phxOJjGWTmM0lap5kc66Hu+7gU7J35bi3wt3PrsJ\/dM\/\/6mlv\/UwcX33m1vwo51fCVoM3+nbVlfkGy32zT4Xf9+1GBT\/dFhh9X5ry3e0wwnxYIMJjt9+8iXe\/\/xu0GK0hBjuwa0SXrQIM5voKQ44YL0BEeOE9oIlpSzLCMkyVFXVXJ2bUQybKedpo+h2sSRaUYtykRW\/E2LcZFIIrheLLbFcrNzsn9mzFzsfethycSQqnLw4GOkmxJjbVn1250MPY+dDDzeEsQCsw1JYKRpkOVS7zrwuWlVatUIrY5yb9vQff\/AUdj70sG+hisRx0bocqfwbQ4oA9mvm9cJwMolXO5gvgqkaYRkVnF60V8A8vv9YOo1P\/\/wnjKXTCEciuPnxR7h4+RI+\/fOfdDHuXz1zGtffuYHr79zAW1ev+Dq2kHw01hFWh6CAXsncTQfD3cRYOo2bH3+Et65ewfV3buBfLLz9o7EYPv3zn7Swa29dvYK3rl7BzY8\/aioPAdVPOzoKks9NmB9CkiSM1ELldWrs8uo59I4hWeZxl2E2IPFEQgs5M33iJOZmZkyNZLqZsfQ4JqYmtdBpZmFtu5lOyN+W4v\/IocO1xjHb1B\/jzPGnN97Ea2WZb\/n57f+l\/b+Y4DcIxPA+a+q\/mv7G6nMAWFuy\/o7pLEvLqzj7bm9a+xM0zrpVwpPFmpuNq9WmQFSu9oLV\/5BgLQ\/UFZdOFvuihaOxbMmC\/5oL13C6j\/F5JJebe4jv4FZ+O0h50w0JGEXlSisKFYprTFZ\/pKBqJxSNFwoFr7Cz4rTDbV839vP6dc5eIZ1QHDQ7xrXbnrxAtGpvtvyJ9eQlK9aJ8fBqOJnUJZVl\/INytBm9\/bxor2IYILNxU5ZDDfV86sxpRGMxLecIEY5EfE0ga+W9QPLTmCOG\/qkfpG7sXBFWc+OrZ05jLD2uq1+yLrU7hKf8H0Qz65r6IbW7nAtmNBvmR5ZlXH\/nBk6dOa2FMu6EkUEzyYrtEENdsScUw2xcxHlfkrYFKEnr6N+h99aQfsrfluJfVdWaO0hzMfgZe5595AF8++ubgxaj6xEt5Tc9+Ty27H0FAxRPv8MMUJJh6A8kmN7jjZt\/Q0VdCVqMtghKCd+sMi5IjFaIbi3myUMA0If7EV3DSclsB1lXGsP91GMq29+DXOBJsS26tTe74ZRlGWPptCa\/WbinXsOobGrH4j8ciWhJ9oxxkplg6LWDxnYRQzFcvHyprQO+boHqzRiSgwhHIrj+zg1WRPlMOBJxTM7bKuI4bHZ\/UlwuZrM6JSsltyuXSpjPZHRKSb\/avlnYG7MQZ6J3A\/2\/F4p\/8b165SDBaW6sr68KmvEftQMrK\/5oLIZwJILFbBaL2awuH4hbmYDWQ5+ZhfkJRyK2OayMlvKSJGnl0g5kqGBsD9RXxtLjePXMaU\/GSPZYYZjuYjGbxYF9+7X8TdMnTuLAvv3auHjk0GEc2LcfFUXREn0fOXRYW1PRv53uBQDHjx7DgX37NW8rOpwV79EKVjLTnCreP5\/L6WQkmWn8t7tXpZZ36MihwxhNHcRr58\/hratXtGe0anje6\/Ib2eTJXRjP2DbYvyFi+3vF\/Ruz2Lz3FQDVJLr9O3ZjM6ox\/1c\/e9syrn6rbN493nC\/vm3fqOcpKF\/1NZEw4y9\/UVfwxh\/+GrQYnrCYXUA0FsNwMqlL4uknFCc7JMsYTR1sOdnkSHLEUgF\/YN\/+dkTUsFMMk0Ldimu5POKJBEaSI1qYmbrS3zx2euM9cpiYmtTC\/aiqqgvz42RpZmZFWSwUaoqRuK1y+uLlS6afq6qKl02SxbWD1bPIndQvjAc7tBAmxZFd+X765z+Zfl5RFPxTGwtgM4Iqn\/WAF2OcWQxpK0W0kYmpyY7FQF3MZjXL2WgspvX\/fC6Ha7m8YyLHINtZOBJpeD6FWgMavZvmMxnIcgjDyaS2CT1+9FhTySoZ9+RzOd8SmJqF+TFCG1+gGhZmLD2OcCSCfC6nbajnZmbx1tUrteTbUV\/kFft8OBJBuVTSrPv1in+zg4HWrcuBan8gRTgd5Hcjzc6NC9ksioWCbk1RLBQ0i36rtdb0iZPa2kqWZ1tak7R6eEKHUWKYn4mpSURjMS0Eg9Xz8rm8buwaTaVaNniMxmIYTaUANHpSzGcuaGvO4WQSw8kkVFXFtVwOC9mFtowTorEYGzcwTBdAfblYKGix9wlxn0gHlNo+NhuthYCt72\/Fe4l7V6B6cEnrq+kTJ7Xx+cihw7p7tGI4ZXwOyZzP5XVhO6s5WC7oZKR1fbFQwFh6XLtXuVRquFf1v7UcZZmIZlhyYN9+3T02mvxGAk\/uawfFp232r5cnrJ9+56vYNtjV1dJVrHz2Nu5dm274vD\/0ODY9NY7Bny16Ggaob\/su9Ice1\/1pcfmX7+D+DfZo6WXOvruEpeXVoMXwhIVsVrOSo81DJxCt\/lu1dgrVQg+Y\/XkBKffFjV0zFvOk3BfD\/dTD\/Dhb+wNV6yqaq2gD10yYn7jJ8+peC62VkxgyyCus6tFvK964SVnWD3day4OwkF3w3BIzqPJZD3gxxk1MTeLi5Uu6P7fxpMkK1K9xSkRVVW0DIEJxWf\/FwTI+yHYmHlbQn5gQ1XjwoKoqXjx6DMePHtPe99SZ003F+Wa6A6fEvmKSdkDvbSYmFBaVHP7G+a\/KSfM6WfSXSmUotXwqYv9uJeQaxbIX\/66\/c0PrE70WVxmwnxuNZSN6f1jnjKorWzptiU5el80k9aXxeW5mBi8ePaa1Y7drjbH0eEObEA9LjW2iWCjg+NFjus8kSdJCpLUSJq0bQjwyDFOHxkez\/4o54sKRsDZXkccShYWUJEkzKqNr6U\/8N91LDIdqvEe77yALnlHhSNhRRjqENb4\/RRUQ70VjbXW9WR93jffYaPIbYYv\/LiIkDeCF7211\/iGjY6V8FaufvY3+HbsxsGM3+rbvqivjB7di89AE1tR\/xWrlpm8yrNYOINjav3d5\/\/O7+M0nXwYthqfMzczi1JnTGE0d9M2V38hCzTK1avXfurWTn1gpI0SLeTsFOFlWDSeTGEoksJjN6iz+3U7QZLE8lIhjIZt1HebH6h3EBMyyLFtumBez2YZY7fFEHPFEAvJl2VTB2EtQ2VQUxWBpWMRoKoV4ImFr5Wx0qZSkbYgnEhhLj0OWQ3jRsOFmgiOIMS4oyqUSnv7BU4gnEojGojoFekiW8evz5\/DMnr09UwbFQkFzSzdjIZtFNBbVNj6jqRTyuXxPG\/dsJEQPNqs6MyqLxfHa2C5U1f\/cS2JIIXEuJznLpZJ2YFZRFG3j7lWbXMxmu9qzxau5kcrR6rugEJU3bkIeFgsF7Hzo4YbP87k8hmuJftvl+NFjpms58qYYEuYDao\/RWAynzpxuK0QHwzDBMjE1qTN4eOvqFd33Nz\/+SPdv0SMrJMu6f7u9V7lUwhP\/+CiAqqeolZeXW5qR2Shjq++\/mM1i50MPa96m7RiN9Lr8Rljx30VwiJ\/WWVu+g5XyVayUrwIA+rfvwsBjz2nW\/pse+wnueqD4v7v4C+0AoW9wKwZ\/tggMbq3mG2Clf09z9r3eTuhrRlBKeKMyrpXr\/ZSVLBqMFk6kGHazWaON3UhyBEs1BYXbMD\/1e+RwCqcRTyQ0CwE3YX7okMGo2BbD2URjMSgWG1czV\/C5mRlcvHxJC53SSr2ZYbYp9pt6\/TYe7ADVBbHdwYhZ25ubmcX1d25gOJnEhcwFz5QTQZTPeqLdMW4xu6DL79GMoubAvv2WCr92N0tWqKqKBUE5GI5UXYLjiQRCsox4ImGqOGynndm9i5v7FgsFXYi2t65e0RSnVuMlxcim+iCL2l6Jfc44W\/sD\/ijzaR4zw67PAlXL\/mHULf0bQwIWEY3FEBEsJJttk2ahxFRVxWJ2wbeQS17R7NxYzR80jiHBOtWJIA8uyeuyXCq15WnQ7DsY13L0mdNaQ1EUzGcyupCTFCornkjYrnMYhmGM5HN5bfzK5\/I96X1M3loUoq8Tida9xE\/5HRX\/dgsov2l142S1sCP3ylbxc4P+3W9uwY92fsW3+280Vm\/fwmotBNBAeA\/6fUj6u7Z8ByufvY2B8B4M7NiN+7UDAKb3+O0nX+L9z+8GLYYvtKuEbwWjMq6bkCRJW8hEY1HNYrb63TYAzophQB\/uZzR1EID7MD8EKfnjiQRePXO6dg\/njb\/oBjiWTlv+plnLQfJAiCfiHWsrfkBrllAtabGIqqpa6BGrgxEzRC+PeCLBCsguop0xTuwjY+l0z20QyqUSjhw6rK3VW+n3nWY+cwGnzpy2zM1AVk6iYvXIocOswOox3MT37zZoXBctv8X9pJjgd1utfTbbLilZ33rBbm68ePmSbo3V7bQS5scLFrILnhi75HM5FAsFXH\/nRtPrnFZDIDIM0\/vkczmUS2XEE3HN24nGw16B1v+jqYM6I7heoRPyB27x3ysuyX5z\/Gm29u+THsSa+oXp562yUr7qaYz\/hvt\/+Gb1\/oNbMRDei\/sfvmn52z7pG0DF4rtt3\/BJQsaJpeVVnH13\/Vn7E6ISnizFjYibXStICeN2zCZl3EhypOObKDvEMqAQEmYMJRKOSkTa7JopCNxCiYLr93BWktA7hGrWdGZULdeaC0lDCoxuWCgZrQbNlCsUl1K0lhMVNnbx1im8UjNQeKRu2CC76bP07mKySFpMyrIMs5Zm1c\/J6kSWQ6bPEq05O72uczPGVYT245S82y\/ctGk6fGxWPrJE9kPJ5nVonXwuh5fUSS0mtXGcFWPXLmazHUtOz+gR26tTn6mYtGU3Fv9+YHco69SOjOHyjPczS\/DbbmLf9YDZ3DiSTAp5CzI6746R5IjvBwJWc5zd76le3RhgdCvkUdLqfMCh1BhmY0HGFfT\/19+5EbBEzTOfyWghXCemJhvC6HQ7nZI\/UMW\/qqoN8QI3Is8+8gC+\/fXNQYsRCGtLdUV\/f+hxrJgo\/vtDj5v+vhtYvX0La7dvoW\/7Lgw8+hNTxf+a+gX6pAfRH3pCC0Uk0ic9qB1umB18MP7yxs2\/oaKuBC2Gr5AS3kpJTJvhUC3ZjHFzLFrJu7V0FpVx3WQ14FZpG41FHRX\/FO4HaN01nML9iP+2Q5ZlV5s5qrNetUwX26CV1dqvz59DSJYxfeKkVlduDy264XCjHcQ+a6ZElmVZSw74zJ69UIUk1kA9lIUR6h+NoSiWateZu\/2K5RlEm3Ma48TyicZipv3MKgSYV4htOhyJmI4X9cOa7lEmem2dLFoIH7Tx0vA75Btjj6qqOg8psz5D40XJ0F7DkQhCsoyKonR8PLDL3+KGiqIgJMta4j6xL5ol+GVFqTmi0t9YJ0ZvSy9pVekt\/t5K8UXzC41LZsYHvUqryTsZhultRMOdZpOCdwu9\/g6dkt9R8e\/Xgq2iKJibmdVNlF49S9xcdfuCbNtgP174\/ragxQiMNfULTTE+EN5rqhgfCO\/V\/VZk81PjuP\/71y1D7PTLtUMDH0Pw3P\/wTWwemtCU+8YkwquVDzAgPWgZDkj0SFitfOCbnEwjS8ureOMPfw1aDN8hC0urjZA4TprFyRYt45sZpxeyC5ryv1ugDfvczKzp\/BCORDAxNWlpOSxC4X4kSWrZq0EM9+MmR4CYuNYqkd7E1KQW47WZ+iLFp5n1ZhAUC4VazoGRBut8cWMv1iMpovK5HOYzF0zvS2FEorFYU2uEbiofUe7hZNKyzxrjSZNlePWaWV17kyRJa\/fGdlN93rjmemost7qSLJiDJqcxDqh7OwwnRxqUmJRjg37nF9SmR1MHm5IhnkhAsVGiWh3YdCsL2QUM1yyCje1JVVUcOXS4rXjnYns10o6H1kajHsKlMeG9XKs7+p1IUNb+XlAqlXTeQyVDn3Hpe10AAAnJSURBVBIT\/ALdMR\/Y0Ym+YDc3diIps9nzrA63vYRi6i9ms7r1GCnR\/Wobo6kUFrNZ0\/ViK4Y6QP3go1fmEIZh2oP2SaOpg7h4+RLKpZKtJ3w3Mjczi3KphLH0uBYyt5feodPyOyr+27WcaAY\/ntXtcRR\/+p2v4j9IA0GLESgrf7yKTU8+j\/7Q49g8NIH7N2awtnwHfYNbsemptGbxv\/JH\/aHApseew8Bjz6FffgL3i69j5bO3G77f9OTz1WsN33nJ6mdvVw8WBreaJhHWwg0NbsWW4V\/h7pVfagcYooyrlQ\/Y4r\/DnPqdiqXl1aDF8B1VVTGfuWBpDQtUQyoMJ5MYS4+joiiaopU2NkDzyWvnMxmMpg52zek7WSEC1fc1s9AqFgqYmJoEAFeKYVKMtOMaTuF+3OQIGBIS11rJRgmZmglJM5JMavkYukVZQzkHorEYXj1zWttYR2MxvHb+HICqrOJGlZLzXcvlLd+DlK9uFf+SJGkJ86rXd0fMaqs+O5pKaX3WePixWPPEkSQJFy9fwoF9+7XDq1NnTmv9w3iQVSwUNEvY186f0yVaHUunNSVZUGG93Ixx1C+qY1paOyyRZVlbcLtJrt0OVm06HIlYykB1AwAvnzjZcAgmJiTvJk8BO8T2NJIc0fVDL\/KLkMJNkiSMplJC7NSUNh91u8K2G5ibmcVQIoHhZBKlUlkrR0q+DFTryziX9mJ8f6Ia5zgh\/Nt4CFo9PCXvSLswdGKYtVZp9xDFz77gZm40Cw\/np3U5HXREmkxKSQaJZlBoIuO6i9qGmNiYygRoPDTygmgshompSYwkRzB94qROHkmSMDE12XTiaTGJOodVY5iNgRje5+bHH\/WcJ3SxUNAZPdGapFcIQv7AY\/xvZELSAH76xL8LWozAWfnwTWx69LlanPw95jH5l+9gxRBGhxL29m3fhc17X8Hm5TtYvX2r+t32XcDgVt0z\/EJM8tu\/Y3dDroLVyk2sVj5Af+hx9G3fhcGfmStG7hdf901GppE\/\/ts9\/OaTL4MWo2M4KeEvZC5op8ynzpzWFE36e5hbUFvhRhnnFXaJ24uFAg7s26+LeW7nlk2K4Xgi7rjZfvHoMUvLe7csZLOu483TO+RtDglo4ysqJ0QoBIy1POZj1Fh63LYuD+zb31BeburFinwuhzFlvBZ2IYnhZFJTFhLiRp2ULXSt9XOLWv2ahRKxk9lOMexUrjsferipZzmVj7HPvlQ7sBLj9BuVqIqiaB4m4UjENI6k8TBFfB4pFd66eqXhe1VVtaRgZrTzrm5wGuPE76ktkxdA\/TfNjXHNYtamG+XUyyC2axqbxVjkovLOahzxu+xbgTzCrJL8toOiKNo4TkoyADpL2F4PzeE30VhMN6ZR35+bmdGNG6OpFMKRiK4N9bLFv95DqlF+s5j\/RiamJhGNxUznxGahOjCbP9zgZV9oZm4UleJVOep5APz0AqXnWoXBs0JRFMvQYiRzsVDU1Wc+l9PWJG9dvYJioaAbkxd9OAinvkVJ0EWvPlFxZ2XcYnfPXuyvDMO0BoWDtQrh2e3IQnjiXnyHIOTv78hTGFNe+P42bBvkKlhbvoO7iz+3DsdT+94YIufeleNVa3ticCv6Q49XPQQEpf+9a9PagYBfiAcLmx79ScP3964cx5qNDPeuTTeECGL85dT1jWXVQkp4K8qlEo7bKLCPHz3W0qagmtStO8o6LljL20FWa91m\/UCKfMD+HfShb5p7h1br2Q9UVcU\/HTqsaz+iwsAoqximxq7NmSlN3cpDFvLdgLHPSpKkU\/pbyXr86DFLhZWY5MvIfCZjqdjvhrJxGuPMZBQX24vZrO8x5c3atIiZDMVCAcePHmvIeyGOB3TfXkJsS25CqzWL6EUshlEyfsd4C7XLXj1ccVLsu1H8dxt+9wWzsTWfy+mU\/3TYGo3FfJ0nREX4kA\/jihGx\/MQxOZ\/L+eI9NjczozvQp7CFxjw7zdQrHQa58TplGGZ9cPHyJVy8fKnnLOUJOnC9ePlSRwwMvSYI+R0t\/i9evtR1yo+g8MJyg\/juN7fgvzzygCf3Wg+s3r6F5cs\/00L+kNX8auWDagx\/kxA4a8t3cPfKL9EfeqJqbf+1Xejbvqv63e1bWP3ftyyv1T2b4uovW8ehdPrN6u1bWClf1SXqbZB18ecYeOw5DOzYXZVz+Q5WKzdx\/8N\/ZqV\/h\/mfn\/4\/vP\/53aDF8BRVVS0tdYn5TMY2\/MtCzUJoNHVQU8RQDECrsY+eZ7WRoyTu8UTc0Z28UrNMa8bt3M2YbLTgs7OWB6rvbCwnN+Xr5rfNzCHG38o1V\/NKLcGgHfOZTINi2072qrXwgql8VC9ONJtfx01Zlksl\/HjPXoylxzGUSECSJBQLBcxnLjRsqiVpm6v6Fd31Q7KsJb61k7lcKmE+c8FUkdWK8ser8jH2WWp7FDfSDFLSjKZSWggDqn+ng7oXjx5DsVDEaOogwpGIlqjVmLOpnXe16j9ejHFm7Ynq1q3XjdOYBzi3pWZlWMhmUSwUMJo6qIsvXi6VtPo2k8erdtYKTvWlKAoWs1mEZLnleNx2zyiXSnimVs7ifGbXN5g6VLYiNDcbPxfL0431sN1cT9cZ2zNd43fdKcJ8ZzaXiN9bhTIyGyOaWUOIuF0z+NkXWp0bD+zbr3k\/hGQZ5VIJczOziMai2vzhRv5mWcguYGIqYpk8vNm9PMlk1l7zuRyOHDqshTyiudTNIXIra16getiQz+UxkhxpyHeUz+Utw6WZvbd4vZ9h7hiG6S7o0LCXCclyV+URbJZOy9\/3rb9\/6GkAv7P6ASv+63ip+L\/wk3+P735ziyf3YhimOf7Tf\/s3VNSVoMVgGIZhGIZZN9C+sd0EzQzTKpIkaeGojh895vpQdyPy2vlziCcS2gEGwzDBIPeQEttKH9qsJ3VQiJ5hIr0uvwM\/5Bj\/AfDsIw+w0p9hAuLse3dY6c8wDMMwDOMhogVht4SMYzYelG+GQgyx4t+caq6jqgeI3\/ltGIaxR1GUngyPJ9Lr3pS9Lr8Tjor\/9V4AzeBFTMJtg\/144fvbPJCGYZhmWVpexRt\/+GvQYjAMwzAMw6wrRKV\/t+RCYTYmczOzGE4mEZJlRGMxPogyQcx7xeXDMAyzvnFU\/HMCLO956X\/8n6BFYJgNyV\/+7wqWlleDFoNhGIZhGGZdQTlYFrMLQYvCbHAURcHczCwA9j6xoppvIYbjR48FLQrDMAzjM44x\/hmGYRiGYRiGYRiGYRiGYRiG6Rl+2B+0BAzDMAzDMAzDMAzDMAzDMAzDeAcr\/hmGYRiGYRiGYRiGYRiGYRhmHcGKf4ZhGIZhGIZhGIZhGIZhGIZZR\/x\/2I21OyrGcusAAAAASUVORK5CYII=\" alt=\"Markalama G\u00f6rseli\" title=\"\"><\/p>\n<\/div>\n<div>\n<table style=\"width: 100%;\" cellspacing=\"0\" cellpadding=\"0\">\n<tbody>\n<tr>\n<td style=\"width: 120px; font-weight: bold;\">Norm<\/td>\n<td style=\"width: 400px; text-align: left;\">ISO 1307<\/td>\n<td style=\"width: 120px; font-weight: bold;\">Colour<\/td>\n<td style=\"width: 400px;\">\n<div class=\"color-icons\"><img decoding=\"async\" src=\"data:image\/svg+xml;base64,PHN2ZyB2aWV3Qm94PSIwIDAgMTAwIDEwMCIgeG1sbnM9Imh0dHA6Ly93d3cudzMub3JnLzIwMDAvc3ZnIj4KICA8Y2lyY2xlIGN4PSI1MCIgY3k9IjUwIiByPSI0OSIgZmlsbD0iIzAwMDAwMCIgc3Ryb2tlPSJibGFjayIgc3Ryb2tlLXdpZHRoPSIwLjUiLz4KICA8Y2lyY2xlIGN4PSI1MCIgY3k9IjUwIiByPSIzOCIgZmlsbD0id2hpdGUiIHN0cm9rZT0iYmxhY2siIHN0cm9rZS13aWR0aD0iMC41Ii8+CiAgPGNpcmNsZSBjeD0iNTAiIGN5PSI1MCIgcj0iMzMiIGZpbGw9IiNGRkZGRkYiIHN0cm9rZT0iYmxhY2siIHN0cm9rZS13aWR0aD0iMC41Ii8+CiAgPGNpcmNsZSBjeD0iNTAiIGN5PSI1MCIgcj0iMjIiIGZpbGw9IndoaXRlIiBzdHJva2U9ImJsYWNrIiBzdHJva2Utd2lkdGg9IjAuNSIvPgo8L3N2Zz4=\" alt=\"\" title=\"\"><\/div>\n<\/td>\n<\/tr>\n<\/tbody>\n<\/table>\n<\/div>\n<\/div>\n<\/div>","protected":false},"excerpt":{"rendered":"<p>&nbsp; \u00dcr\u00fcn Ad\u0131: OSTRO \u00dcr\u00fcn Kodu: CWH855 Yanmaz &#8211; So\u011futma Hortumu Kullanim Alan\u0131 : \u00c7elik fabrikalar\u0131, d\u00f6k\u00fcmhaneler vb. yerlerde \u00e7ok y\u00fcksek ortam s\u0131cakl\u0131klar\u0131nda so\u011futma suyunun tahliyesi i\u00e7in. Alt Katman : Yal\u0131tkan Gri EPDM Kau\u00e7uk. Takviye Katman\u0131 : Y\u00fcksek Mukavemetli Sentetik Tekstil. \u00dcst Katman : A\u015f\u0131nma, Is\u0131, Buhar, Ozon ve Hava Ko\u015fullar\u0131na Dayan\u0131kl\u0131, \u00d6zel Sentetik Kau\u00e7uk. [&#8230;]\n","protected":false},"featured_media":22477,"comment_status":"open","ping_status":"closed","template":"","meta":{"jetpack_post_was_ever_published":false},"product_brand":[],"product_cat":[2368],"product_tag":[],"class_list":{"0":"post-21710","1":"product","2":"type-product","3":"status-publish","4":"has-post-thumbnail","6":"product_cat-sel_celik_dokum_hortumlari","8":"first","9":"instock","10":"taxable","11":"shipping-taxable","12":"product-type-simple"},"jetpack-related-posts":[],"jetpack_sharing_enabled":true,"jetpack_likes_enabled":true,"_links":{"self":[{"href":"https:\/\/tuzlahortum.com.tr\/en\/wp-json\/wp\/v2\/product\/21710","targetHints":{"allow":["GET"]}}],"collection":[{"href":"https:\/\/tuzlahortum.com.tr\/en\/wp-json\/wp\/v2\/product"}],"about":[{"href":"https:\/\/tuzlahortum.com.tr\/en\/wp-json\/wp\/v2\/types\/product"}],"replies":[{"embeddable":true,"href":"https:\/\/tuzlahortum.com.tr\/en\/wp-json\/wp\/v2\/comments?post=21710"}],"wp:featuredmedia":[{"embeddable":true,"href":"https:\/\/tuzlahortum.com.tr\/en\/wp-json\/wp\/v2\/media\/22477"}],"wp:attachment":[{"href":"https:\/\/tuzlahortum.com.tr\/en\/wp-json\/wp\/v2\/media?parent=21710"}],"wp:term":[{"taxonomy":"product_brand","embeddable":true,"href":"https:\/\/tuzlahortum.com.tr\/en\/wp-json\/wp\/v2\/product_brand?post=21710"},{"taxonomy":"product_cat","embeddable":true,"href":"https:\/\/tuzlahortum.com.tr\/en\/wp-json\/wp\/v2\/product_cat?post=21710"},{"taxonomy":"product_tag","embeddable":true,"href":"https:\/\/tuzlahortum.com.tr\/en\/wp-json\/wp\/v2\/product_tag?post=21710"}],"curies":[{"name":"wp","href":"https:\/\/api.w.org\/{rel}","templated":true}]}}