{"id":21686,"date":"2025-08-11T11:25:46","date_gmt":"2025-08-11T08:25:46","guid":{"rendered":"https:\/\/tuzlahortum.com.tr\/urun\/kablo-pe\/"},"modified":"2025-08-20T15:30:48","modified_gmt":"2025-08-20T12:30:48","slug":"kablo-pe","status":"publish","type":"product","link":"https:\/\/tuzlahortum.com.tr\/en\/product\/kablo-pe\/","title":{"rendered":"CABLE PE"},"content":{"rendered":"<p>&nbsp;<\/p>\n<div class=\"report-container\">\n<div class=\"report-header\">\n<div class=\"standard-text\">Product Name: CABLE PE<\/div>\n<div class=\"standard-text\">Product Code: CP137<\/div>\n<\/div>\n<div class=\"product-image-container\">\n<div class=\"key-feature\">Cable Protection for Electricity Supply<\/div>\n<\/div>\n<div class=\"horizontal-line\"><\/div>\n<div class=\"product-details\">\n<div class=\"detail-row\">\n<div class=\"detail-label\">Area of Use<\/div>\n<div class=\"detail-value\">: Cable Protection in Industrial Applications and Welding Machines.<\/div>\n<\/div>\n<div class=\"detail-row\">\n<div class=\"detail-label\">Substrate<\/div>\n<div class=\"detail-value\">: Rubber Coated Synthetic Textile.<\/div>\n<\/div>\n<div class=\"detail-row\">\n<div class=\"detail-label\">Top Layer<\/div>\n<div class=\"detail-value\">: Abrasion and Weather Resistant Black, Non-Conductive, Synthetic Rubber.<\/div>\n<\/div>\n<\/div>\n<div class=\"datasheet_table\"><img decoding=\"async\" class=\"alignnone size-full\" src=\"https:\/\/tuzlahortum.com.tr\/wp-content\/uploads\/2025\/08\/datasheet333.svg\" alt=\"\" title=\"\"><\/div>\n<div class=\"table-notes\"><\/div>\n<div class=\"horizontal-line\"><\/div>\n<div class=\"footer\">\n<div class=\"standards-section\">\n<div class=\"standard-item\" style=\"margin-top: 9px;\"><\/div>\n<div class=\"standard-info\"><\/div>\n<\/div>\n<div class=\"temperature-section\">\n<div class=\"temp-icon\"><img decoding=\"async\" src=\"data:image\/svg+xml;base64,PD94bWwgdmVyc2lvbj0iMS4wIiBlbmNvZGluZz0iVVRGLTgiPz4KPHN2ZyBpZD0ia2F0bWFuXzIiIGRhdGEtbmFtZT0ia2F0bWFuIDIiIHhtbG5zPSJodHRwOi8vd3d3LnczLm9yZy8yMDAwL3N2ZyIgdmlld0JveD0iMCAwIDcyLjI3IDE2Ljk4Ij4KICA8ZGVmcz4KICAgIDxzdHlsZT4KICAgICAgLmNscy0xIHsKICAgICAgICBzdHJva2Utd2lkdGg6IC41OXB4OwogICAgICB9CgogICAgICAuY2xzLTEsIC5jbHMtMiwgLmNscy0zLCAuY2xzLTQgewogICAgICAgIGZpbGw6IG5vbmU7CiAgICAgICAgc3Ryb2tlLW1pdGVybGltaXQ6IDMuODY7CiAgICAgIH0KCiAgICAgIC5jbHMtMSwgLmNscy0zLCAuY2xzLTQgewogICAgICAgIHN0cm9rZTogI2E3YTlhYjsKICAgICAgfQoKICAgICAgLmNscy01IHsKICAgICAgICBmaWxsOiAjYTdhOWFiOwogICAgICB9CgogICAgICAuY2xzLTIgewogICAgICAgIHN0cm9rZTogI2ZmZjsKICAgICAgfQoKICAgICAgLmNscy0zIHsKICAgICAgICBzdHJva2Utd2lkdGg6IDIuMDZweDsKICAgICAgfQoKICAgICAgLmNscy00IHsKICAgICAgICBzdHJva2Utd2lkdGg6IC4ycHg7CiAgICAgIH0KICAgIDwvc3R5bGU+CiAgPC9kZWZzPgogIDxnIGlkPSJrYXRtYW5fMSIgZGF0YS1uYW1lPSJrYXRtYW4gMSI+CiAgICA8Zz4KICAgICAgPHBhdGggY2xhc3M9ImNscy0zIiBkPSJNMTEuMzQsMTEuNTdjLS45NCwxLjcxLTIuNzEsMi42Ni00LjgsMi42Ni0zLjA1LDAtNS41MS0yLjQ3LTUuNTEtNS41MlMzLjUsMy4xOSw2LjU1LDMuMTljMS45NCwwLDMuNjUsMSw0LjYzLDIuNTIiLz4KICAgICAgPGNpcmNsZSBjbGFzcz0iY2xzLTUiIGN4PSI2LjU1IiBjeT0iOC42NiIgcj0iMi40Ii8+CiAgICAgIDxjaXJjbGUgY2xhc3M9ImNscy0yIiBjeD0iNi41NSIgY3k9IjguNjYiIHI9IjIuNCIvPgogICAgICA8bGluZSBjbGFzcz0iY2xzLTMiIHgxPSI2OC4zNCIgeTE9IjExLjc2IiB4Mj0iOS45MiIgeTI9IjExLjc2Ii8+CiAgICAgIDxsaW5lIGNsYXNzPSJjbHMtMyIgeDE9IjY4Ljc4IiB5MT0iNS41MSIgeDI9IjkuNzMiIHkyPSI1LjUxIi8+CiAgICAgIDxsaW5lIGNsYXNzPSJjbHMtMyIgeDE9IjU0LjA3IiB5MT0iOC43NSIgeDI9IjguNjQiIHkyPSI4Ljc1Ii8+CiAgICAgIDxwYXRoIGNsYXNzPSJjbHMtMyIgZD0iTTY4LjE1LDUuNTVjMS43MSwwLDMuMDksMS4zOSwzLjA5LDMuMDlzLTEuOTIsMy4wNi0zLjYyLDMuMDYiLz4KICAgICAgPHBhdGggY2xhc3M9ImNscy01IiBkPSJNNTMuOTEsOC43NWMwLS4xNC4xMi0uMjYuMjYtLjI2cy4yNy4xMi4yNy4yNi0uMTIuMjctLjI3LjI3LS4yNi0uMTItLjI2LS4yN1oiLz4KICAgICAgPHBhdGggY2xhc3M9ImNscy0zIiBkPSJNNTMuOTEsOC43NWMwLS4xNC4xMi0uMjYuMjYtLjI2cy4yNy4xMi4yNy4yNi0uMTIuMjctLjI3LjI3LS4yNi0uMTItLjI2LS4yN1oiLz4KICAgICAgPGxpbmUgY2xhc3M9ImNscy0xIiB4MT0iMzYuNDMiIHkxPSIxNi45OCIgeDI9IjM2LjQzIiB5Mj0iMTQuMjQiLz4KICAgICAgPGxpbmUgY2xhc3M9ImNscy0xIiB4MT0iMjguMDUiIHkxPSIxNi45OCIgeDI9IjI4LjA1IiB5Mj0iMTQuMjQiLz4KICAgICAgPGxpbmUgY2xhc3M9ImNscy0xIiB4MT0iMTkuNTkiIHkxPSIxNi45OCIgeDI9IjE5LjU5IiB5Mj0iMTQuMjQiLz4KICAgICAgPGxpbmUgY2xhc3M9ImNscy0xIiB4MT0iNDEuNTciIHkxPSIyLjc0IiB4Mj0iNDEuNTciLz4KICAgICAgPGxpbmUgY2xhc3M9ImNscy0xIiB4MT0iMzMuMjgiIHkxPSIyLjc0IiB4Mj0iMzMuMjgiLz4KICAgICAgPGxpbmUgY2xhc3M9ImNscy0xIiB4MT0iMjQuOTkiIHkxPSIyLjc0IiB4Mj0iMjQuOTkiLz4KICAgICAgPGxpbmUgY2xhc3M9ImNscy0xIiB4MT0iMTYuMDgiIHkxPSIyLjc0IiB4Mj0iMTYuMDgiLz4KICAgICAgPGxpbmUgY2xhc3M9ImNscy0xIiB4MT0iNDQuNjMiIHkxPSIxNi45OCIgeDI9IjQ0LjYzIiB5Mj0iMTQuMjQiLz4KICAgICAgPGxpbmUgY2xhc3M9ImNscy0xIiB4MT0iNDkuNDkiIHkxPSIyLjc0IiB4Mj0iNDkuNDkiLz4KICAgICAgPGxpbmUgY2xhc3M9ImNscy00IiB4MT0iNDAuODgiIHkxPSIxNi45OCIgeDI9IjQwLjg4IiB5Mj0iMTQuMjQiLz4KICAgICAgPGxpbmUgY2xhc3M9ImNscy00IiB4MT0iMzIuMzMiIHkxPSIxNi45OCIgeDI9IjMyLjMzIiB5Mj0iMTQuMjQiLz4KICAgICAgPGxpbmUgY2xhc3M9ImNscy00IiB4MT0iMjMuNzkiIHkxPSIxNi45OCIgeDI9IjIzLjc5IiB5Mj0iMTQuMjQiLz4KICAgICAgPGxpbmUgY2xhc3M9ImNscy00IiB4MT0iMjAuNTkiIHkxPSIyLjc0IiB4Mj0iMjAuNTkiLz4KICAgICAgPGxpbmUgY2xhc3M9ImNscy00IiB4MT0iMjkuMTMiIHkxPSIyLjc0IiB4Mj0iMjkuMTMiLz4KICAgICAgPGxpbmUgY2xhc3M9ImNscy00IiB4MT0iMzcuMTYiIHkxPSIyLjc0IiB4Mj0iMzcuMTYiLz4KICAgICAgPGxpbmUgY2xhc3M9ImNscy00IiB4MT0iNDUuNzEiIHkxPSIyLjc0IiB4Mj0iNDUuNzEiLz4KICAgIDwvZz4KICA8L2c+Cjwvc3ZnPg==\" alt=\"S\u0131cakl\u0131k\" width=\"100\" title=\"\"><\/div>\n<div class=\"temp-values\">\n<div>-30\u00b0C \/ +80\u00b0C<\/div>\n<div>-22\u00b0F \/ +80\u00b0F<\/div>\n<\/div>\n<\/div>\n<div class=\"marking-section\">\n<div class=\"detail-row\">\n<div class=\"detail-label\">Branding<\/div>\n<div class=\"detail-value\">:<\/div>\n<\/div>\n<\/div>\n<div>\n<table style=\"width: 100%;\" cellspacing=\"0\" cellpadding=\"0\">\n<tbody>\n<tr>\n<td style=\"width: 120px; font-weight: bold;\">Norm<\/td>\n<td style=\"width: 400px; text-align: left;\">ISO 1307<\/td>\n<td style=\"width: 120px; font-weight: bold;\">Colour<\/td>\n<td style=\"width: 400px;\">\n<div class=\"color-icons\"><img decoding=\"async\" src=\"data:image\/svg+xml;base64,PHN2ZyB2aWV3Qm94PSIwIDAgMTAwIDEwMCIgeG1sbnM9Imh0dHA6Ly93d3cudzMub3JnLzIwMDAvc3ZnIj4KICA8Y2lyY2xlIGN4PSI1MCIgY3k9IjUwIiByPSI0OSIgZmlsbD0iIzAwMDAwMCIgc3Ryb2tlPSJibGFjayIgc3Ryb2tlLXdpZHRoPSIwLjUiLz4KICA8Y2lyY2xlIGN4PSI1MCIgY3k9IjUwIiByPSIzOCIgZmlsbD0id2hpdGUiIHN0cm9rZT0iYmxhY2siIHN0cm9rZS13aWR0aD0iMC41Ii8+CiAgPGNpcmNsZSBjeD0iNTAiIGN5PSI1MCIgcj0iMzMiIGZpbGw9IiMwMDAwMDAiIHN0cm9rZT0iYmxhY2siIHN0cm9rZS13aWR0aD0iMC41Ii8+CiAgPGNpcmNsZSBjeD0iNTAiIGN5PSI1MCIgcj0iMjIiIGZpbGw9IndoaXRlIiBzdHJva2U9ImJsYWNrIiBzdHJva2Utd2lkdGg9IjAuNSIvPgo8L3N2Zz4=\" alt=\"\" title=\"\"><\/div>\n<\/td>\n<\/tr>\n<\/tbody>\n<\/table>\n<\/div>\n<\/div>\n<\/div>","protected":false},"excerpt":{"rendered":"<p>&nbsp; \u00dcr\u00fcn Ad\u0131: KABLO PE \u00dcr\u00fcn Kodu: CP137 Elektrik Kayna\u011f\u0131 \u0130\u00e7in Kablo Koruma Kullanim Alan\u0131 : End\u00fcstriyel Uygulamalarda ve Kaynak Makinelerinde Kablo Koruma. Alt Katman : Kau\u00e7uk Kapl\u0131 Sentetik Tekstil. \u00dcst Katman : A\u015f\u0131nmaya ve Hava Ko\u015fullar\u0131na Dayan\u0131kl\u0131 Siyah, \u0130letken Olmayan, Sentetik Kau\u00e7uk. -30\u00b0C \/ +80\u00b0C -22\u00b0F \/ +80\u00b0F Markalama : Norm ISO 1307 Renk<\/p>","protected":false},"featured_media":22461,"comment_status":"open","ping_status":"closed","template":"","meta":{"jetpack_post_was_ever_published":false},"product_brand":[],"product_cat":[2367],"product_tag":[],"class_list":{"0":"post-21686","1":"product","2":"type-product","3":"status-publish","4":"has-post-thumbnail","6":"product_cat-sel_kablo_koruma_hortumlari","8":"first","9":"instock","10":"taxable","11":"shipping-taxable","12":"product-type-simple"},"jetpack-related-posts":[{"id":21689,"url":"https:\/\/tuzlahortum.com.tr\/en\/product\/kablo-fl\/","url_meta":{"origin":21686,"position":0},"title":"CABLE FL","author":"admin","date":"11 August 2025","format":false,"excerpt":"\u00a0 \u00dcr\u00fcn Ad\u0131: KABLO FL \u00dcr\u00fcn Kodu: CP137 Elektrik Kayna\u011f\u0131 \u0130\u00e7in Kablo Koruma Kullanim Alan\u0131 : End\u00fcstriyel Uygulamalar ve Kaynak Makinelerinde Kablo Koruma. Takviye Katman\u0131 : A\u015f\u0131nmaya Dayan\u0131kl\u0131, Alev Dayan\u0131kl\u0131, \u0130letken Olmayan Siyah Sentetik Kau\u00e7uk. -30\u00b0C \/ +80\u00b0C -22\u00b0F \/ +176\u00b0F Markalama : Norm ISO 1307 Renk","rel":"","context":"Similar post","block_context":{"text":"Similar post","link":""},"img":{"alt_text":"","src":"https:\/\/i0.wp.com\/tuzlahortum.com.tr\/wp-content\/uploads\/2025\/08\/kablofl-p.png?fit=855%2C855&ssl=1&resize=350%2C200","width":350,"height":200,"srcset":"https:\/\/i0.wp.com\/tuzlahortum.com.tr\/wp-content\/uploads\/2025\/08\/kablofl-p.png?fit=855%2C855&ssl=1&resize=350%2C200 1x, https:\/\/i0.wp.com\/tuzlahortum.com.tr\/wp-content\/uploads\/2025\/08\/kablofl-p.png?fit=855%2C855&ssl=1&resize=525%2C300 1.5x, https:\/\/i0.wp.com\/tuzlahortum.com.tr\/wp-content\/uploads\/2025\/08\/kablofl-p.png?fit=855%2C855&ssl=1&resize=700%2C400 2x"},"classes":[]},{"id":21692,"url":"https:\/\/tuzlahortum.com.tr\/en\/product\/kablo-rw\/","url_meta":{"origin":21686,"position":1},"title":"CABLE RW","author":"admin","date":"11 August 2025","format":false,"excerpt":"\u00a0 \u00dcr\u00fcn Ad\u0131: KABLO RW \u00dcr\u00fcn Kodu: TEST137 Rayl\u0131 Sitemlerde, kablo koruma hortumu Kullanim Alan\u0131 : End\u00fcstriyel Uygulamalar ve Demiryolu \u0130\u00e7in Kablo Koruma. Alt Katman : Siyah, \u0130letken Olmayan, Sentetik Kau\u00e7uk. Takviye Katman\u0131 : Sentetik \u00dcst Katman : A\u015f\u0131nma ve Hava Ko\u015fullar\u0131na Dayan\u0131kl\u0131, Siyah, \u0130letken Olmayan, Sentetik Kau\u00e7uk. -30\u00b0C \/\u2026","rel":"","context":"Similar post","block_context":{"text":"Similar post","link":""},"img":{"alt_text":"","src":"https:\/\/i0.wp.com\/tuzlahortum.com.tr\/wp-content\/uploads\/2025\/08\/kablorw-p.png?fit=515%2C515&ssl=1&resize=350%2C200","width":350,"height":200},"classes":[]},{"id":21701,"url":"https:\/\/tuzlahortum.com.tr\/en\/product\/blanco\/","url_meta":{"origin":21686,"position":2},"title":"BLANCO","author":"admin","date":"11 August 2025","format":false,"excerpt":"\u00a0 \u00dcr\u00fcn Ad\u0131: BLANCO \u00dcr\u00fcn Kodu: CFH851 Kablo Koruma Hortumu Kullanim Alan\u0131 : \u00c7elik fabrikalar\u0131 ve d\u00f6k\u00fcmhanelerde elektrik kablolar\u0131n\u0131 so\u011futmak ve korumak i\u00e7in. Alt Katman : Yal\u0131tkan Beyaz EPDM Kau\u00e7uk. Takviye Katman\u0131 : Y\u00fcksek Mukavemetli Sentetik Tekstil. \u00dcst Katman : A\u015f\u0131nmaya Dayan\u0131kl\u0131 Is\u0131, Oksijen ve Hava Ko\u015fullar\u0131na Dayan\u0131kl\u0131 Yal\u0131tkan EPDM\u2026","rel":"","context":"Similar post","block_context":{"text":"Similar post","link":""},"img":{"alt_text":"","src":"https:\/\/i0.wp.com\/tuzlahortum.com.tr\/wp-content\/uploads\/2025\/08\/blanco-p.png?fit=528%2C528&ssl=1&resize=350%2C200","width":350,"height":200,"srcset":"https:\/\/i0.wp.com\/tuzlahortum.com.tr\/wp-content\/uploads\/2025\/08\/blanco-p.png?fit=528%2C528&ssl=1&resize=350%2C200 1x, https:\/\/i0.wp.com\/tuzlahortum.com.tr\/wp-content\/uploads\/2025\/08\/blanco-p.png?fit=528%2C528&ssl=1&resize=525%2C300 1.5x"},"classes":[]},{"id":21698,"url":"https:\/\/tuzlahortum.com.tr\/en\/product\/maestro-r\/","url_meta":{"origin":21686,"position":3},"title":"MAESTRO R","author":"admin","date":"11 August 2025","format":false,"excerpt":"\u00a0 \u00dcr\u00fcn Ad\u0131: MAESTRO R \u00dcr\u00fcn Kodu: MC035 Takviyeli Maden Hortumu Kullanim Alan\u0131 : Madenlerde ve madencilik ekipmanlar\u0131nda elektrik kablosu korumas\u0131 i\u00e7in. Alt Katman : Alev Dayan\u0131ml\u0131 ve \u0130letken Olmayan Siyah CR Kau\u00e7uk. Takviye Katman\u0131 : Y\u00fcksek Mukavemetli Sentetik Tekstil. \u00dcst Katman : Alev Diren\u00e7li Siyah CR Kau\u00e7uk. * MSHA\u2026","rel":"","context":"Similar post","block_context":{"text":"Similar post","link":""},"img":{"alt_text":"","src":"https:\/\/i0.wp.com\/tuzlahortum.com.tr\/wp-content\/uploads\/2025\/08\/maestror-p.png?fit=520%2C520&ssl=1&resize=350%2C200","width":350,"height":200},"classes":[]},{"id":21695,"url":"https:\/\/tuzlahortum.com.tr\/en\/product\/maestro\/","url_meta":{"origin":21686,"position":4},"title":"MAESTRO","author":"admin","date":"11 August 2025","format":false,"excerpt":"\u00a0 \u00dcr\u00fcn Ad\u0131: MAESTRO \u00dcr\u00fcn Kodu: MC035 Takviyesiz Maden Hortumu Kullanim Alan\u0131 : Madenlerde ve madencilik ekipmanlar\u0131nda elektrik kablosu korumas\u0131 i\u00e7in. Takviye Katman\u0131 : Alev Dayan\u0131kl\u0131 ve \u0130letken Olmayan Siyah CR Kau\u00e7uk. * MSHA 2G-1C-34\/3 ALEV DAYANIKLILIK GEREKS\u0130N\u0130MLER\u0130N\u0130 KAR\u015eILAR. -30\u00b0C \/ +80\u00b0C -22\u00b0F \/ +176\u00b0F Markalama : Norm ISO 1307\u2026","rel":"","context":"Similar post","block_context":{"text":"Similar post","link":""},"img":{"alt_text":"","src":"https:\/\/i0.wp.com\/tuzlahortum.com.tr\/wp-content\/uploads\/2025\/08\/maestro-p.png?fit=513%2C513&ssl=1&resize=350%2C200","width":350,"height":200},"classes":[]},{"id":8705,"url":"https:\/\/tuzlahortum.com.tr\/en\/product\/kablo-koruma-kilif-hortumu\/","url_meta":{"origin":21686,"position":5},"title":"Cable Protection Sleeve Hose","author":"\u0130smail \u00c7elik","date":"25 March 2019","format":false,"excerpt":"Cable Protection Sleeve Hose","rel":"","context":"Similar post","block_context":{"text":"Similar post","link":""},"img":{"alt_text":"","src":"https:\/\/i0.wp.com\/tuzlahortum.com.tr\/wp-content\/uploads\/urunler\/kaucuk\/superlas-kablo-koruma-k%C4%B1l%C4%B1f-hortumu.jpg?fit=360%2C270&ssl=1&resize=350%2C200","width":350,"height":200},"classes":[]}],"jetpack_sharing_enabled":true,"jetpack_likes_enabled":true,"_links":{"self":[{"href":"https:\/\/tuzlahortum.com.tr\/en\/wp-json\/wp\/v2\/product\/21686","targetHints":{"allow":["GET"]}}],"collection":[{"href":"https:\/\/tuzlahortum.com.tr\/en\/wp-json\/wp\/v2\/product"}],"about":[{"href":"https:\/\/tuzlahortum.com.tr\/en\/wp-json\/wp\/v2\/types\/product"}],"replies":[{"embeddable":true,"href":"https:\/\/tuzlahortum.com.tr\/en\/wp-json\/wp\/v2\/comments?post=21686"}],"wp:featuredmedia":[{"embeddable":true,"href":"https:\/\/tuzlahortum.com.tr\/en\/wp-json\/wp\/v2\/media\/22461"}],"wp:attachment":[{"href":"https:\/\/tuzlahortum.com.tr\/en\/wp-json\/wp\/v2\/media?parent=21686"}],"wp:term":[{"taxonomy":"product_brand","embeddable":true,"href":"https:\/\/tuzlahortum.com.tr\/en\/wp-json\/wp\/v2\/product_brand?post=21686"},{"taxonomy":"product_cat","embeddable":true,"href":"https:\/\/tuzlahortum.com.tr\/en\/wp-json\/wp\/v2\/product_cat?post=21686"},{"taxonomy":"product_tag","embeddable":true,"href":"https:\/\/tuzlahortum.com.tr\/en\/wp-json\/wp\/v2\/product_tag?post=21686"}],"curies":[{"name":"wp","href":"https:\/\/api.w.org\/{rel}","templated":true}]}}