{"id":21683,"date":"2025-08-11T11:25:28","date_gmt":"2025-08-11T08:25:28","guid":{"rendered":"https:\/\/tuzlahortum.com.tr\/urun\/statue-crf\/"},"modified":"2025-08-20T15:30:50","modified_gmt":"2025-08-20T12:30:50","slug":"statue-crf","status":"publish","type":"product","link":"https:\/\/tuzlahortum.com.tr\/en\/product\/statue-crf\/","title":{"rendered":"STATUE CRF"},"content":{"rendered":"<p>&nbsp;<\/p>\n<div class=\"report-container\">\n<div class=\"report-header\">\n<div class=\"standard-text\">Product Name: STATUE CRF<\/div>\n<div class=\"standard-text\">Product Code: CRF622<\/div>\n<\/div>\n<div class=\"product-image-container\">\n<div class=\"key-feature\">Chemical Hose with Rubber Bead End and Flange<\/div>\n<\/div>\n<div class=\"horizontal-line\"><\/div>\n<div class=\"product-details\">\n<div class=\"detail-row\">\n<div class=\"detail-label\">Area of Use<\/div>\n<div class=\"detail-value\">: For suction and discharge of all corrosive chemicals and solvents.<\/div>\n<\/div>\n<div class=\"detail-row\">\n<div class=\"detail-label\">Substrate<\/div>\n<div class=\"detail-value\">: Corrosion and Abrasion Resistant, Special Synthetic Rubber, XLPE or UHMW-PE.<\/div>\n<\/div>\n<div class=\"detail-row\">\n<div class=\"detail-label\">Reinforcement Layer<\/div>\n<div class=\"detail-value\">: High Strength Synthetic Textiles, Steel Wire Spiral and Antistaic Copper Wire.<\/div>\n<\/div>\n<div class=\"detail-row\">\n<div class=\"detail-label\">Top Layer<\/div>\n<div class=\"detail-value\">: Abrasion, Oxygen and Weather Resistant, Special Synthetic Rubber.<\/div>\n<\/div>\n<\/div>\n<div class=\"datasheet_table\"><img decoding=\"async\" class=\"alignnone size-full\" src=\"https:\/\/tuzlahortum.com.tr\/wp-content\/uploads\/2025\/08\/datasheet332.svg\" alt=\"\" title=\"\"><\/div>\n<div class=\"table-notes\">In the order: Operating conditions such as fluid properties, concentration and operating temperature must be clearly specified. Different diameter, pressure, color, sheath type and double steel winding can be produced on request.<\/div>\n<div class=\"horizontal-line\"><\/div>\n<div class=\"footer\">\n<div class=\"standards-section\">\n<div class=\"standard-item\" style=\"margin-top: 9px;\"><\/div>\n<div class=\"standard-info\"><\/div>\n<\/div>\n<div class=\"temperature-section\">\n<div class=\"temp-icon\"><img decoding=\"async\" src=\"data:image\/svg+xml;base64,PD94bWwgdmVyc2lvbj0iMS4wIiBlbmNvZGluZz0iVVRGLTgiPz4KPHN2ZyBpZD0ia2F0bWFuXzIiIGRhdGEtbmFtZT0ia2F0bWFuIDIiIHhtbG5zPSJodHRwOi8vd3d3LnczLm9yZy8yMDAwL3N2ZyIgdmlld0JveD0iMCAwIDcyLjI3IDE2Ljk4Ij4KICA8ZGVmcz4KICAgIDxzdHlsZT4KICAgICAgLmNscy0xIHsKICAgICAgICBzdHJva2Utd2lkdGg6IC41OXB4OwogICAgICB9CgogICAgICAuY2xzLTEsIC5jbHMtMiwgLmNscy0zLCAuY2xzLTQgewogICAgICAgIGZpbGw6IG5vbmU7CiAgICAgICAgc3Ryb2tlLW1pdGVybGltaXQ6IDMuODY7CiAgICAgIH0KCiAgICAgIC5jbHMtMSwgLmNscy0zLCAuY2xzLTQgewogICAgICAgIHN0cm9rZTogI2E3YTlhYjsKICAgICAgfQoKICAgICAgLmNscy01IHsKICAgICAgICBmaWxsOiAjYTdhOWFiOwogICAgICB9CgogICAgICAuY2xzLTIgewogICAgICAgIHN0cm9rZTogI2ZmZjsKICAgICAgfQoKICAgICAgLmNscy0zIHsKICAgICAgICBzdHJva2Utd2lkdGg6IDIuMDZweDsKICAgICAgfQoKICAgICAgLmNscy00IHsKICAgICAgICBzdHJva2Utd2lkdGg6IC4ycHg7CiAgICAgIH0KICAgIDwvc3R5bGU+CiAgPC9kZWZzPgogIDxnIGlkPSJrYXRtYW5fMSIgZGF0YS1uYW1lPSJrYXRtYW4gMSI+CiAgICA8Zz4KICAgICAgPHBhdGggY2xhc3M9ImNscy0zIiBkPSJNMTEuMzQsMTEuNTdjLS45NCwxLjcxLTIuNzEsMi42Ni00LjgsMi42Ni0zLjA1LDAtNS41MS0yLjQ3LTUuNTEtNS41MlMzLjUsMy4xOSw2LjU1LDMuMTljMS45NCwwLDMuNjUsMSw0LjYzLDIuNTIiLz4KICAgICAgPGNpcmNsZSBjbGFzcz0iY2xzLTUiIGN4PSI2LjU1IiBjeT0iOC42NiIgcj0iMi40Ii8+CiAgICAgIDxjaXJjbGUgY2xhc3M9ImNscy0yIiBjeD0iNi41NSIgY3k9IjguNjYiIHI9IjIuNCIvPgogICAgICA8bGluZSBjbGFzcz0iY2xzLTMiIHgxPSI2OC4zNCIgeTE9IjExLjc2IiB4Mj0iOS45MiIgeTI9IjExLjc2Ii8+CiAgICAgIDxsaW5lIGNsYXNzPSJjbHMtMyIgeDE9IjY4Ljc4IiB5MT0iNS41MSIgeDI9IjkuNzMiIHkyPSI1LjUxIi8+CiAgICAgIDxsaW5lIGNsYXNzPSJjbHMtMyIgeDE9IjU0LjA3IiB5MT0iOC43NSIgeDI9IjguNjQiIHkyPSI4Ljc1Ii8+CiAgICAgIDxwYXRoIGNsYXNzPSJjbHMtMyIgZD0iTTY4LjE1LDUuNTVjMS43MSwwLDMuMDksMS4zOSwzLjA5LDMuMDlzLTEuOTIsMy4wNi0zLjYyLDMuMDYiLz4KICAgICAgPHBhdGggY2xhc3M9ImNscy01IiBkPSJNNTMuOTEsOC43NWMwLS4xNC4xMi0uMjYuMjYtLjI2cy4yNy4xMi4yNy4yNi0uMTIuMjctLjI3LjI3LS4yNi0uMTItLjI2LS4yN1oiLz4KICAgICAgPHBhdGggY2xhc3M9ImNscy0zIiBkPSJNNTMuOTEsOC43NWMwLS4xNC4xMi0uMjYuMjYtLjI2cy4yNy4xMi4yNy4yNi0uMTIuMjctLjI3LjI3LS4yNi0uMTItLjI2LS4yN1oiLz4KICAgICAgPGxpbmUgY2xhc3M9ImNscy0xIiB4MT0iMzYuNDMiIHkxPSIxNi45OCIgeDI9IjM2LjQzIiB5Mj0iMTQuMjQiLz4KICAgICAgPGxpbmUgY2xhc3M9ImNscy0xIiB4MT0iMjguMDUiIHkxPSIxNi45OCIgeDI9IjI4LjA1IiB5Mj0iMTQuMjQiLz4KICAgICAgPGxpbmUgY2xhc3M9ImNscy0xIiB4MT0iMTkuNTkiIHkxPSIxNi45OCIgeDI9IjE5LjU5IiB5Mj0iMTQuMjQiLz4KICAgICAgPGxpbmUgY2xhc3M9ImNscy0xIiB4MT0iNDEuNTciIHkxPSIyLjc0IiB4Mj0iNDEuNTciLz4KICAgICAgPGxpbmUgY2xhc3M9ImNscy0xIiB4MT0iMzMuMjgiIHkxPSIyLjc0IiB4Mj0iMzMuMjgiLz4KICAgICAgPGxpbmUgY2xhc3M9ImNscy0xIiB4MT0iMjQuOTkiIHkxPSIyLjc0IiB4Mj0iMjQuOTkiLz4KICAgICAgPGxpbmUgY2xhc3M9ImNscy0xIiB4MT0iMTYuMDgiIHkxPSIyLjc0IiB4Mj0iMTYuMDgiLz4KICAgICAgPGxpbmUgY2xhc3M9ImNscy0xIiB4MT0iNDQuNjMiIHkxPSIxNi45OCIgeDI9IjQ0LjYzIiB5Mj0iMTQuMjQiLz4KICAgICAgPGxpbmUgY2xhc3M9ImNscy0xIiB4MT0iNDkuNDkiIHkxPSIyLjc0IiB4Mj0iNDkuNDkiLz4KICAgICAgPGxpbmUgY2xhc3M9ImNscy00IiB4MT0iNDAuODgiIHkxPSIxNi45OCIgeDI9IjQwLjg4IiB5Mj0iMTQuMjQiLz4KICAgICAgPGxpbmUgY2xhc3M9ImNscy00IiB4MT0iMzIuMzMiIHkxPSIxNi45OCIgeDI9IjMyLjMzIiB5Mj0iMTQuMjQiLz4KICAgICAgPGxpbmUgY2xhc3M9ImNscy00IiB4MT0iMjMuNzkiIHkxPSIxNi45OCIgeDI9IjIzLjc5IiB5Mj0iMTQuMjQiLz4KICAgICAgPGxpbmUgY2xhc3M9ImNscy00IiB4MT0iMjAuNTkiIHkxPSIyLjc0IiB4Mj0iMjAuNTkiLz4KICAgICAgPGxpbmUgY2xhc3M9ImNscy00IiB4MT0iMjkuMTMiIHkxPSIyLjc0IiB4Mj0iMjkuMTMiLz4KICAgICAgPGxpbmUgY2xhc3M9ImNscy00IiB4MT0iMzcuMTYiIHkxPSIyLjc0IiB4Mj0iMzcuMTYiLz4KICAgICAgPGxpbmUgY2xhc3M9ImNscy00IiB4MT0iNDUuNzEiIHkxPSIyLjc0IiB4Mj0iNDUuNzEiLz4KICAgIDwvZz4KICA8L2c+Cjwvc3ZnPg==\" alt=\"S\u0131cakl\u0131k\" width=\"100\" title=\"\"><\/div>\n<div class=\"temp-values\">\n<div>-40\u00b0C \/ +65\u00b0C<\/div>\n<div>-40\u00b0F \/ +149\u00b0F<\/div>\n<\/div>\n<\/div>\n<div class=\"marking-section\">\n<div class=\"detail-row\">\n<div class=\"detail-label\">Branding<\/div>\n<div class=\"detail-value\">: Transfer Band or Embossed<\/div>\n<\/div>\n<p><img decoding=\"async\" class=\"marking-image\" src=\"data:image\/png;base64,iVBORw0KGgoAAAANSUhEUgAABgMAAAAxCAYAAAD3L9laAAAACXBIWXMAACE3AAAhNwEzWJ96AAAgAElEQVR4nO3db2wbZ54f8O+l6W2G3hQxZb44kwV9EGlAqmSmG1rWm1KRUUCSDbQ6yAfUi9K7MK5OABWJz2u08GG9d4jS6k3OdRYnwE4P7tUCTm+kQm9sScAiivjiKsvcxcl0JdSkAQsljcXRYgIszElu++8F+YweDmfIITnDf\/p+gACxJA4fDmeGnN\/veX6\/3+n1n\/gzAH8KIiIiIiIiIiIiIiLqSm+0egBEREREREREREREROQsJgOIiIiIiIiIiIiIiLockwFERERERERERERERF3uTfkfZ979FmdC37ZqLEREREREREREREREZJOf\/9d3tP8vTQaEvsVHP\/qm6QMiIiIiIiIiIiIiIiJ7yckAlgkiIiIiIiIiIiIiIupyTAYQEREREREREREREXW5N6v\/CXWKXLYHuVfuVg+DiGziPpaD27Pf6mEQEREREREREVEXcCQZkPgfHyG2ctaJTdfNe7IHk\/\/inxX+obyPuZmr2u8mf\/wLeI\/9RYtGZp+Fu1GkdoKtHgYR2eTm5z9r9RCIiIiIiIiIiKhL2J8M+N13sfDzU1B\/k7F903ZK\/epgfOrUd8CxFg7GBluxYSYCiLrI+NRDrgogIiIiIiIiIiLb2N8z4B+8A\/U339m+WTKn5hWsLZ1r9TCIyCaKS0Vk4stWD4OIiIiIiIiIiLqI4z0DlLe\/h5F\/mXP6aao6+nu\/bvUQHBNbOYtctqfVwyAim0xeWoTiUls9DKKabMWG8Tg2jNORTQxFNls9HKK2kNnzwetPt3oYbS21G0SgL9nqYRARERG1ja3YML7ugDjfUc++6b3f2tL5Jo+mPr39zwy\/i3b6+CtxPBlw8aMnGPwnP3f6aQ6tXLYHGyujrR4GEdnE608zkEodKbYyisyeD5Hx9VYPhagtqHkFczNXMTSyicnoYquH05Yyez7c+\/MPMHlpkZ99REREREWPO6QUeKA\/afodbrVDKpiMA4bB9E4ffyXOrwywYXZr5tW\/bbj0kPL297qiSbDe2tI5qHml1cOom+JSEeh\/Bq\/\/oIdDIn4KmT1fyd8F+q0f2Oprpezx+u2YXVTdnn24PdZXsmReFJ7HeyKt\/dvs\/RDPncu6S1Zy1PKclbavNxje1vZrLutGIh4yfazXn4ZyxPxcrfS8tYy\/Ez7MWm3yUncEjHLZHiTip\/Bt3oW3XHkMjWyafh6kdgvHhdkHmJovnNOKSy2bYSseW4n+cZm9wvHs9aerfkaZ\/a2VbdSyD\/Sq7ZN6Xks1al5BIh7SZqAc9exjMLxtabviPQKAQP+zkn\/r1TpWK6\/Ryv5KxEN4WRzTcX8ag+FtS88vP+4tVx6D4Sem\/TzqOR4F8Trdx3KG289le5B75TZ8jSX7v8I+qPS+VHusFWKMZq9RzSvY2hjGt3kXAOuzWKqN247j3wmxlbPaa5aTAVbfL6D6PhW\/N1Nt31R6vNlz6lk9R4yu5bGVUa3cJZMBRERERK2huFR4T6Rrijm1GxGb6tS4UzPH73gywA7Lf\/XPSxr+1iPwAy+mr3dXMiC1G8RWbLjVw6jbYHgbFz+cL7tJHZt6gNRuEMv3L2g3y9M\/vW15u6ndIOZmrpb93OtPa9uZ+\/Sq4Qk2FHmEsakHlp9r7tOrJeMz2678N2tL50syjLU8Z6XtC4pLxfTN22U38JP5RSzciSIRD5U9ZvLSYtWAhH7cQi3j\/+Mfzln6u8NqMLzdFaUStmLDWLgTLfnZ2tJ505mf4nz9T389bbi9zJ4PczNXEehPll0LjM51Pf3jlucvILUTxGR0ESMT5rPY1byCz27cAABM37xd8t6Ibeh\/LtS6D2S5bI\/2uq7PzlYMxlUbh1VbsWEs379Q9sVvAVGMTz2seo6ndk4CKOxrxaWaXoeFocim5XJYVl5jpWNIzM7WB5O9\/jQufjhvun8zez7cu3WlrAzf8vwF08+veo5H4Wk8hNWlc6a\/X7gbRWoniJuf\/6ws0CrOEcD8PNL\/nRG3Zx+Xr31RV1kb+Rgyeg3iuUuOsWIA+OKH8xW3XW3cACwdp82k5hVt5aY8Lv1xVen9AoDl+Skk4iGMTKzDa7C64HFsuOKspWrXhmqPD\/QncfnaXcNztdZzxOhaPnlpEYl4CLlsD7Ziw0wIEBEREbXA9dlZuD37SMRDuHfrSquHUzO3Zx83P\/8ZgMJ30U6roNLs8dvfQJiaplPqVxkZDG\/j8rUvTANBgb4krs\/O1rQioPpzPtH+f+A9azNCO41ZIkD8rt4gD1AIZoxPPWx0iFTBZHSp1UNomFEQHCgExhbuRC3NnG6Wx1WSqUaJMysa3Qfy75sxKyC1G8TCnajpDJDVpXNa4tPMc4srGYSt2LClwHmjzBIBwEEg0+h1i8eZ9eNJxEOY+WjG1lkzx4vX5lzWeJa2+LnRa3kuJWMaIRJRtfYhSsRDFY8hAKb7eis2bMvEhtWlc3Wfs07Y2hgurPTw7GtJx1r3r1itA6Bl5bdSO8aJPbvOEcWlavtnrUOWYhMRERF1GzHZqFN7XcnVKo534Gto9vg7YmUAldvqkPphZuSg58bKKJ7+snCzq7jyiEysI9CXLCwnL5bh0Sc+5CYl+t+ZBVIGpJIQg+EnWJ6\/UPY3qd0goNve6cgm3J59pHaDWsBFfq5aygpVksv2VA1Omr02YWRiXbt4Z\/Z8iK2MIveqp6Sh5+VrX2Dm408MH2\/0GuXyJpGJL7FRXNJfz\/jJ3PjUQ9PSI51CzStYvl84r0SAp7f\/GZ7vnNRmni7ciWoZbztVSlQdNdmvmT0fctke0\/3+NH6q5nHYsQ\/k5336y1DF1Qt2ENdQebxA4ZxeWzqHXLanagJVfB6Jxwpuzz6GIo9KfrYVO4NctgeZPR\/Wls47Ops7tnJWKl+U1AKqsdVRpHaCyGV7EFs5WzYGUd4FKKxiOD1SuH6qr13aYwP9z0wT2vUcj+I4NAquqnlF+\/nLPV9ZiSPx2WD1y7vR+5LLurEVG9ZKtlSbrS8TJWIUl2r4+SBmfgOFfdPb\/wzqaxfWls5pn1VWZoR7\/emyUmpP4yEt8L48P2W5\/JPTxOehHMTPvXJDzSum+0lva6OwDa8\/XfXzIdCfNEzGuY9Z+45i9PjUbhCpnSAye76yWfuNniOy05FNrBavNWy4TERERNR8925dQWRiHbGVUYxMrENxqaaxn3aU2glibek8jvvTeBwbxvjUw5KVuu2u2eN3PBkQe\/BPgfP\/pqbHuHuew\/2PvjT83filf4ixP\/jr+gbTfuVk6yJu1DuVfFNrtPwlEQ9hKLIJNa9oFx79Ena5SYmVph5uz37JzWWhFtd+WdAltRMsS7L09j+D27NfEswr3bZNyYBX7oYblEQmCueNvhxDaieIl3s+TEYXi0GgTcOZmGav8ekvQ5j+6W0oLhWD4W3Dx9ox\/sNKJFo6ndyX4vJP7mqBpUBfEkc9+1i4Ey3W0Q\/ZHrCrN6CciJ8yDLbLM3Jr217j+yAlJeRSO0EteOiEXLZHu+Zd\/HC+dEx9SQyGt7G2dL5iQkIE8BSXWhZMdHtyZe9NZOJLbbb+VuyMo8mArdgZAOWleQbD27h36woS8RA2VkbLxiAeNzKxXtb4VeyT0xWC1\/W8JvkzKrUbLNmX8mqA1G4QY7rH5l4VPsusziIxel\/Ez8UM+4uwngwADpItRsuKRbLA60+XPe+9W1cq9gOQKUfKj7FAXxLH\/Wnt3KqU4GsWcU4ApasSgYNSTKIEWSUioVDpWBMCfcmGziWjx4\/hoDzh0\/ipkmRAo+eIzF3sT5KIh\/A0HmIygIiIiKjJEvEQEvEQAv1JTEa\/0H7eSTEeMVa5fGhmz9cxE6mbOX7HkwGJv\/l\/SPzNuzU9Rnn7DP7jf8kBf\/+35b\/8v98A6lf2DK5DxVbO1ryEv53IZQzMslx290IQwQPRoDHQl8Rg+EnHZAmtELW6AePG0hsro4iMr8Pt2cdA+ElN+1gOSNqV\/KADVmunt7vnxQ8poxmmQ5FNPC6uaHq+G2yr2btGge56y400ug9KmuUeUYsJypOO7S\/ROFQk+vQUl1oW6NPTmvfqVgWYUVwqJi8taiVGnJoJLFZ+ADB8DWNTD7XkjX4M4nFmwUynEhiB\/qS2YgHS8SOv2DJaISa+IDYaBBcztI32SSUD4W2t34+RzJ4XQHlgXD7mGjkOhiKbWmmu3Ct3y5MBYj\/oZ\/S7j+VwfXbW0vW+UkKhmU5HNrXrkMzuc2Qg\/ASJeMgw2UVEREREzaG+PogjdcqqAD153PLr6RTNGH9blglSf\/MdUv\/zNAK\/b5AMeOMdQHm\/zg1\/1ciw2kIu29PxAWxxE9zM2uEDxRvpp8XAT6AviYHwdsfvS5kceDQLZC7cjSLQl6xabshIZs+nzcAk+3j96a5pmChmJ5vVjR+beoBA30nTMimtYFYqqJ4SQUDj++Bp8dzVGvE2KXniPVH\/eS0SIL01NDAO9CW1Uim5bI8jyQD5S5TR9kWgVswmN\/ubZnIf2wcQxNe6hL8IpgOF7wHyahF5ckCjDcjl86CWL\/\/V9pOad1XdhpM3G6KMXWo3CK8\/jQGTZu2iVF5v\/zME+pJaGcOB97a1cnlWvJRKU8lqSVIkitcgKyWCnCSe2+z9sescEdvplJlbRERERN0os+fDZzduQDmiQn2tYPrmbaivXVX7g7WTjZXRwiS714pWZjTzwmdYKrwdNWP89icD1K8wfumHWL3\/W9s3DQCr93+L1ft\/WPPjAj\/wYvr6V\/YPqMmMZnx3GjF+ORjkNDFjNbUb1DJrzXz+ZqpUbsGoDJJV4kb9pcVyDmSNvv51JxM9PvR144VAn3FN61YR57++VJBcIsjrT1suYQI0vg9EALC3Lwm3Z79YsuVU1dn5jWqkHNHByoDa3lvvibRWwsyJZIeVprpuTw65bI\/pGJwoaVWJSLbqZ0fLfQ9EDXdxHInVHYe5tIr8Oa6vka9v6J3aCWKj2KNA3xdBlMobB\/B446CxsUjKXb72BawQ71ctCTK9WkoEAaUNyt2eHCLj6005du06R+Tjl30DiIiIiFpHfJedjC5q9xyxE6MdNWlDLoXr9acR6Et2TDIAcH78jqwMGBu\/grE\/eL+mx6jf9eFP\/tWAE8PpGqndoO3lc1pBDqxd\/HDe8QzjYHhbC\/qJE0oEvQL9z+ouB9KunNiXcgmibkuetNKgyezUTtVpx4bof6EvFSSuCYPhbUszmmWN7ANRmgWA1nhTcamO1kGXA6fL9y\/UXLJKXlnRTcE7sWJgbelcU2dmixUaIqkEHDQPVlwqBt7bLgSmd05q1w6R9LBjjPIqg04qXSYa7Yp+QILc0LvsMbFhDISfGAayRZNr2UANpXrE+6ccyVt+jKyeEkHySkfRC2QyuthwA3KxH\/THgxPniEh2ddpnCREREVE3er4bxMjEevF+pPbqEu0gtROseYJfO3Fq\/M6VCaqxJI+iAACTAZWsLZ1v9RBsIeohi4Zxg39ZaBr3fDeozXi0k5iZJ9e7FU2KRY3adlBITpgHhpuRhT3q2S8bg+LKY2zqofbvhEn5lErjV18rHXvxddJkdKnVQ2grpvXGX1Q\/dsweq7hU0yC16J2hLxUkSgQNhJ9os3ObQVyjvP60FngTCcvUbhBDTiQDiud8aqeQbBazfHv7k1oitfKYi6sCmpDUsnIc2GUo8girS+eQ2fNh5uNPCvuk2GvGStCznuMROJgdreYVLWktrp3eE+mDZIFUNkj8v9efsfbiKoitjloaZ6vksu6y70KJ+Clp9lLpNVVxqZi+eRuxlVGMTT2E27MPNa9oDawfx84YJgNy2R4MRTYxeWkRuWwPYsWVBFaJYHa9+1Bcd+Qg+9ynV4uvcdHydteWztdU3shIrJhk0PcEafQcqUTfM4OIiIjosLs+OwuvP42NlVHEVke1PlT3bl0BAFy+9gXUvILPbtzAUOQRxqYeILPnw9zMVYxNPcDIxLpWAmj65m2tJKZ+W2rehcvX7gIA7t36AH\/8wzkA0CaZiG3Uyu3ZrzjmyPi64RjFKl\/59a8tncfNn9803dZg+Akmo4Xv8Z\/duKHNqJe3Uess+04fv15b9gyoJPDuEQQG\/q7mxx39vV87MJrm2So2newW925dwfTN29oN6mB4W7shFzPN7FoFIWbVPZeCM893ghiKbGIwvI0FRM0e2lRefxrTP71t+ntxEXbSUGSzYsBjY2XUtHl1pfGndoOYm7lqyxi7xXgxMEUHGjlGzB4b6E+aHpfKkTwGw4VkpCgVJJcIGgxvNzUZIJIQclKtty+JRDyEp\/FTjvWWmIwWmvmKAPRWrFAeZQFRDEU2tSCqEXFd7a2xRFA9mrmsMzLxZUmQuXCMhLA8fwGB\/mSx94P5a67neARQbNK+r80MD\/QlD8odSSWm5OSquCablaYyYhRUz2Xd2uduuzT41stle7C6dK7s54pLxeWf3DV8T7z+dEk5IMWlYmzqIe7dulLWFFdwe\/a1x+gfX4t6g\/BbsTMASksEySsbzZ5r+uZteP1p7TNXzSvY2jBukq6X2g0CumMitXswQUO\/MqLRc8SIWc8MIiIiosNOTAbxnkjD7clp3zML5WULq70L9xI57b5ATCwZGtks2Yb4jjY0somnvwxp2xKTi7SJaX3Jg8lfxfu9eie7yGOWJzGJSUimY4xsIrYyWvL6vScOJs+djjzSSlmL1z9QvJdxe\/a10rTyZKd6+uXVO\/7B8DZi\/taPX6\/zkgEDf4exc\/+u1cNoujWDm99OJjKUkYn1stmn4ia8tz9ZUue3HvKsOnlGeyIewkXMaycUZ61Xl4iHumZ1SqspLhWRiS9bPQxC4cM3EQ9ppYLkRECzy6SI2eQDUiBWfOkyC1rawetPY\/rmbawtnStbKSVWC1yfnTVMCKSkQHU3EYHV5fsXkCg2nhcKvVeu4vK1LxwJmos+BpkXhWSAmPkv+gmIzyz9ygF9rfxKzILqwEGwvJOIckDyJINKxCx3p5vi1kOsVAKg3VRU0tv\/DOMoHB\/yzYdIdFrt81Opp5BRo3snzhFxI0tEREREpTZWRuE9kcbjjWFkXviQiIegHMlrk9eUI3mor13IvPBpKzszL3zI7PmwfP8CTo9saiut15bOo7f\/Wdm2EvFTUPOKdt+xFTuDQH8SuawbsZXRkm3USv88QOF7rPrahdTOycpj3POVvP7UTlDbloiVim1lXvgKcaupBwf3VP1JZF6UbuOwjV+v45IBh9Ha0nnT2didLLPnw8KdKBYQRaA\/Ca8\/jdORTe1mdiiyiccNrogQgTRRc1sQtbm9\/jQGw0\/aIhmQy\/Y0dRaykdRuUJuFChRm\/ikuFYl4SFu+ZKbS+Du1vpxTxqYedFQ97mYZNwlAyjOWa33s0SqrL0TQXwTg5BJBzSRfo+TAuigZpOYVpHaDjgXdvf601hw1tRvE0+JqiVy2pxBonZ8qa56a2i3U9m5WTf2hyKZpsNAssN0IxaXi4ofzuIh5ZPZ8SO0E8bhYVgoAFu5EMfiXxoHOeo9H4GAGztevCseDViZIlwzI7Pm064hYUdAoMQu+XVctGa2skFcT3rv1geHKi8yeD09rKAloR8mlej2WVmdYSmyYNCX3+jNIxEPIvWrs++NgeNt0ZUQj5wgRERERWadfJa2Pz8grk8WKTUGs\/BZWl84B0v2Tflvi3+NTDzE29QAAMPPxJw1V71DzSsUxVxtjLa9fTEwBoJXryWV7MPPxJ4d2\/Hr1JwOU920bBADgd9+19ndvvFP\/c5v1MXjzRP3b\/D\/fAH\/\/t\/U91gI1r5Q0hetWYkbaxspoyc3+6chmQ8kAMcPWqM69aMQxEN52JJBUq9wrd8vH8XznZMkY3nLlMSKt3qjU1K8dxt8J3J79hhs6divxRUPPSvN0s8daITcSllcGNFPCoESQIPoGyE1jnSSCi5PRRSzciWqrA\/S08jVNKBEEAKdHNk1fv9PXHm9x1vXIxLpW97FSgqaR41HMxBGz\/0U\/CxGgF79\/vnPyYLVAjUtFvf40Ji8tlvysXfsEVOP27GPy0qJWTlHfbHvu06sdVWYx0aKE5FBkE6d1KxHcx3KWE0O1niNGOHGAiIiIqH0cl+4NOnUyo7i\/UY7kWzyS+jg1\/rqTAXMzV5H6VfNnTq3e\/y1W7\/9hzY8L\/MCL6etfGf5u7t+\/A6D2bQLA+L9+jbFzziUDlu9fqBiA7UaikWVhFmj9sxMVl6rdgI5MrJsGYMWs1m5ZfWHnRTq2Oqrtt5GJdQb7bVBv7elOUC1h1K5EI2FxfAf6k3WfR\/XuA1F7P7UTNO0PkoifaijIXA8RZAVQFtQTZY1627RE0FsuZ77wibqVmT2fIwka8YVPLOuVfwbAsIlwrUF85YjaVaWdRAP71E6wpNl2p\/VbkksENTsh6fbkbDsm6j1HxCoGKytoiIiIiMh+YuUnADyOnYGaV\/Byz9cW1TSsEhOfctkeLNyJYiD8RKsA0AmaMf62LRPUrkvUmymz57OtiW6nsaN5XC030oG+JLbqfM5aa6aldp0NTFQKComZf+KiUk0u26MFAE9HNpkMaFCg37icQ7cQzW3Mgj9i9r3Xn8ZkdNFgC62hX\/ky8F79Qbh694HRzHs9uU58s5g9l5pXpGZS1hvXysS187hDs9FF0LxSMLjeMShHnHsPxPcfNa9oqy\/ksjVGTYSd2oedSP7+IEruDEU2yxKxZkk3O9Rb2kuUMnJ79hFbOWv4N483hmuasd8qjZwj7f7aiIiIiLrV0MimFkt7WSzt3WnGph4WvoP3JfG4uGK1kzRj\/G\/YvsUGKW9\/Dxev\/i+4v\/\/fWj2UltPXlOom1W707JjR2VssXSFuyI3+EzPwGlmOr+aVqkFEufGe+tqZmdNyksEsEaJdVGogmpO4PftNn6nYbS5+0L2rAgDAfay8WbcstjLatrN05WN7sIHrQT37QD53A\/1Jw\/9EUN5K0qBWlVYyyL+TEwMpqURQPckJ0W8AcC7wJzfUNUrCiuSK0Riqre4Q13GnVh+I0ktbsTMACg2lZF5\/uqTPRLsHT8V5od+v8r9raYBspFKJGX35G6eJRJT62lXX40WDZ\/k\/YSs2jNyrg9e6cCeKuU+vNn22lhPniLg2duoydCIiIqJOJ98jOT2R1Sli1b2aV+pueNxKzRh\/3SsDJn\/8C6hT39k5FgCA9x8\/hfLmf7f9uZS3dw\/+8dsXmP4P9pT2ceoGPBEPtW3QrFGiGd3cjPHNq9efxlDxxr2RA18E92IrZ01ntI9MrGMyuthwkDsRD2Eosomhkc2S5nlA4aZ2rNhMMpftceyGPbUT1GYNT0aXkNo5WXKzPj71UDtea1litBUbxuSlRSguFZGJdUeCkYfByMR62wfsGtXbn8RW8fgXpb6ELem8GGjDpJIoFdRoM9x69oGYDWzUHFUQtfuf7wRLttmozJ4PczNXMX3ztuGqInl2svx78QWlnpUual7B8v1Cstvt2XesTr2os5\/L9mD5\/gVM37xdEmQUCXf9GNS8gs9u3MDY1EPDfZ3aDR6U76mxVr9VXn9aq38v\/q3\/fUZartvuK45E4+dE\/JTpiphGzrtEPKTtK33ipBUKyY8gXu75HE+ii1U6sZXRktUPIpHkxLHhxDkil2rsxN4VRERERJ1M3A8u3Ili5qMZANUnf7QTt2cf0z\/9HAAw9+nHSMRPdVQp8GaPv+5kgPfYXwDH7BxKE5\/rf79A4Pf\/s40btN\/y\/FSrh+AIUX9Mcam4PjuLRDyEp\/FTWp3Ygfe2MTSyqQVsHtdZJsnrT0szac0D33JgYjC8XXeg+3Ex6Ke4VEzfvI2tjWF8my\/MCDwt9T6o9Hrcx3IYLyYNzGzFzlS8IMRWzmJs6gHcnn1cn51FbHUU6msFA+EnWkAis+er+XVubQxjZGIdgb5kV\/VXaJZCQqi5td5bYSiyqfU5WbgTxcs9H47703i+c9AA2KlSSWtL501\/d9SzXzWAPhjexvjUw4YDifXsA5H4rVSeSCQZzGZnPN4Y1krKGDE7\/pbnL2iBvaHIJnr7C+e4+tqFp\/FT2pj1+0+Mudr+ymXdJe+NmlewtTGsfbGMjDvbTDsyvo7l+Qta0kOs+kjET2nByqHIo5LHxFbOaqXUHseGMfDethbQfBoPYUtaLWV2LDd6PB49dhAYd3v2y2ZKy2WBzAKnc59eBQDTBJNVmT0flucvNFTeayC8jdWlc8hle3Dv1hVEJta1JA1gvayf\/ngSPxPHqdwrqPDvwqz02MpoyfeCSu+PHcT7k9oNYqyGx41NPTA9V0VZo+mbt0te40D4CRLxELZiw3B7cujtf4bYyqijyRE7zhE9cW1jIoCIiIioueT7006dADoUeaTF3YYijzquxHWzx9+2PQMOs7Wl810bbFXzijaLHigEAMyCABvF5nP1OF3cvppXKm5DlFlwe\/bR25es+6InNz1WXKphs+LMng8bK6Om23B79qsGjOXSRkY2VkYxEN7WZjfrAzciQFkruZHw2NTDjqu51mpjUw8OTdmDix\/O496tKwBQdrwXVq040yug0odloD9paTa9XQmbWvaBvFpIlIYxIr6cib\/XB8yq9Zcxe22nI5taYH8rNmy4HXl1kzwGfeDViCh3YiTQnzRt7G6XkYl1bbWWPJNe8PrTiEx8WfKzgfA2NlZGtRnXZqv0JqNLps\/b6PEoz6Y2Co7KvzebUW\/X6kK5P0S9vP601uA3EQ+Vfdae1iVkzFQ6noBCw2uZCJQn4iEk\/qh5NzXiXJZX7DllKLKJtWKiZXXpHCDtH68\/7Ujy1Y5zRO+51oOkvVe5EBEREXWbzAufdo8ZqxCzameJ+Cntvk6skO0kzR5\/\/ckA5X37RtHp1K\/s21ReqRgw7gYLd6J4Gj+FyeiSYRBDzSsVS\/tYcXAjbj5TVkjtBjHk2cdg+ElDfRoW7kShvlYMg1up3SDu\/fkHji+zUvMK5mau4vJP7pYFAMSMzHoSLHIj4cHwNpZdFzpqyVgruU2lhfQAAAQiSURBVD37jgc824koAyZmxwti1cxhmPVZyz4Qs2EVl1px38glb1I7Qdv241Bx5dLCnahhotHrT+Pih\/Ml12ox5nobB4uEabNWy0zfvI17tz4oC1gG+pO4fO1uWaDW60\/j+uwsFu5GDYOcYoWbk+Vf5Ot3r0EwV\/693Fy4nV38YN7wM2h86mHD+1JxqZi8tFiWZBmKbJasypF\/Xi2B1giRkM9le0omQDjl8rUvMDdzteR64\/WncfnaF448n93niJpXtPfjtMP7ioiIiIhKiZXinSyz58Of\/NFnrR5G3Zo9\/t\/p9Z\/4MwB\/CgAf\/egbfPSjbyw9cO6zZaR+1Rk3oE4K\/MCL6euTtm1P1IU+LLz+dPGmuVBPOLUbROaFr2qgWXGp2sxIoxtRkQzIZd1VV1kUgmw50215\/WkoR1RL2xLbK5TTyWmz5ioF4OXnr8bKvpHHLZp7pnbNZ+6Jv632GuVxyuMQP1dfV16FcVjpSzocFmIV0NfZHhz3pxHof2Y6OzZVpf68WOFjFDC30tRI\/zjRFEkuG2LG7G+tbMPKPshle5B75a6aDJCf030spwXn5QZPlVg5BjN7PqR2gvg278JbrjwC\/UnDMYnPqcnoommiq9KqrFrPByv7utoxJLYj+jOIFVTViETo11LJlUrPUc\/xWG1bZq\/b6u\/l8VY6l8zU8hgrf5uIh\/Byz4e3XHkMhp9Y6hVQbZVftWNKPrbFe2+0f8T5KJ9j9VpbOo\/VpXNwe\/Zx8\/Oflf3eyjFr9Pdm77f+emO99FJjr7mWc8Ts+NhYGcXy\/AXTfUVERER02Mx9erUj+ohW6nsnyly2u\/Gph4YT1Tp9\/HqBsye0\/2cyoEF2JgMye76Oz8YR0YFKH4xEnWrm40+Qy\/bg+uzsoVjpQVSPXLYHMx9\/AqBQOszp1QGdSs0rmPloBmpesXwjQ0REREREtZGTAW+0bhik10iJGiJqPxc\/mG\/1EIhsldnzaX1WmAggMueWGkWvLZ1jaT0TsZWzWl8Fff8OIiIiIiKyX909AyZ\/\/AuoU9\/ZOZaOpLy9a8t2EvFQRywBIiJrRibWGy4zQdRuxOfUYSx9RVSrsamHSMRDCPQlD00T+VodLyYVx6YecB8RERERETVB3WWCiIiI6HCxs6Y60WGQiIcq9kyhwj5ysiE3EREREdFhJ5cJqntlABERER0uhYbhTAIQWcUgd3XcR0REREREzcOeAUREREREREREREREXY7JACIiIiIiIiIiIiKiLldSJijz6zfxaPutVo2FiIiIiIiIiIiIiIgcUJIMWFr7PpbWvt+qsRARERERERERERERkQNYJoiIiIiIiIiIiIiIqMsxGUBERERERERERERE1OWYDCAiIiIiIiIiIiIi6nJvAvgrAF+1dhhEREREREREREREROSU\/w8j7+BuqhWZVwAAAABJRU5ErkJggg==\" alt=\"Markalama G\u00f6rseli\" title=\"\"><\/p>\n<\/div>\n<div>\n<table style=\"width: 100%;\" cellspacing=\"0\" cellpadding=\"0\">\n<tbody>\n<tr>\n<td style=\"width: 120px; font-weight: bold;\">Norm<\/td>\n<td style=\"width: 400px; text-align: left;\">FLANGERS NORM<br \/>\nPN 10<br \/>\nPN 16<\/td>\n<td style=\"width: 120px; font-weight: bold;\">Colour<\/td>\n<td style=\"width: 400px;\">\n<div class=\"color-icons\"><img decoding=\"async\" src=\"data:image\/svg+xml;base64,PHN2ZyB2aWV3Qm94PSIwIDAgMTAwIDEwMCIgeG1sbnM9Imh0dHA6Ly93d3cudzMub3JnLzIwMDAvc3ZnIj4KICA8Y2lyY2xlIGN4PSI1MCIgY3k9IjUwIiByPSI0OSIgZmlsbD0iIzAwMDAwMCIgc3Ryb2tlPSJibGFjayIgc3Ryb2tlLXdpZHRoPSIwLjUiLz4KICA8Y2lyY2xlIGN4PSI1MCIgY3k9IjUwIiByPSIzOCIgZmlsbD0id2hpdGUiIHN0cm9rZT0iYmxhY2siIHN0cm9rZS13aWR0aD0iMC41Ii8+CiAgPGNpcmNsZSBjeD0iNTAiIGN5PSI1MCIgcj0iMzMiIGZpbGw9IiMwMDAwMDAiIHN0cm9rZT0iYmxhY2siIHN0cm9rZS13aWR0aD0iMC41Ii8+CiAgPGNpcmNsZSBjeD0iNTAiIGN5PSI1MCIgcj0iMjIiIGZpbGw9IndoaXRlIiBzdHJva2U9ImJsYWNrIiBzdHJva2Utd2lkdGg9IjAuNSIvPgo8L3N2Zz4=\" alt=\"\" title=\"\"><\/div>\n<\/td>\n<\/tr>\n<\/tbody>\n<\/table>\n<\/div>\n<\/div>\n<\/div>","protected":false},"excerpt":{"rendered":"<p>&nbsp; \u00dcr\u00fcn Ad\u0131: STATUE CRF \u00dcr\u00fcn Kodu: CRF622 Lastik Boncuklu U\u00e7lu ve Flan\u015fl\u0131 Kimyasal Hortum Kullanim Alan\u0131 : T\u00fcm a\u015f\u0131nd\u0131r\u0131c\u0131 kimyasallar ve \u00e7\u00f6z\u00fcc\u00fclerin emi\u015f ve de\u015farj\u0131 i\u00e7in. Alt Katman : Korozyon ve A\u015f\u0131nmaya Dayan\u0131kl\u0131, \u00d6zel Sentetik Kau\u00e7uk, XLPE veya UHMW-PE. Takviye Katman\u0131 : Y\u00fcksek Mukavemetli Sentetik Tekstil, \u00c7elik Tel Spiral ve Antistaik Bak\u0131r Tel. \u00dcst [&#8230;]\n","protected":false},"featured_media":22459,"comment_status":"open","ping_status":"closed","template":"","meta":{"jetpack_post_was_ever_published":false},"product_brand":[],"product_cat":[2366],"product_tag":[],"class_list":{"0":"post-21683","1":"product","2":"type-product","3":"status-publish","4":"has-post-thumbnail","6":"product_cat-sel_kimyasal_hortumlar","8":"first","9":"instock","10":"taxable","11":"shipping-taxable","12":"product-type-simple"},"jetpack-related-posts":[],"jetpack_sharing_enabled":true,"jetpack_likes_enabled":true,"_links":{"self":[{"href":"https:\/\/tuzlahortum.com.tr\/en\/wp-json\/wp\/v2\/product\/21683","targetHints":{"allow":["GET"]}}],"collection":[{"href":"https:\/\/tuzlahortum.com.tr\/en\/wp-json\/wp\/v2\/product"}],"about":[{"href":"https:\/\/tuzlahortum.com.tr\/en\/wp-json\/wp\/v2\/types\/product"}],"replies":[{"embeddable":true,"href":"https:\/\/tuzlahortum.com.tr\/en\/wp-json\/wp\/v2\/comments?post=21683"}],"wp:featuredmedia":[{"embeddable":true,"href":"https:\/\/tuzlahortum.com.tr\/en\/wp-json\/wp\/v2\/media\/22459"}],"wp:attachment":[{"href":"https:\/\/tuzlahortum.com.tr\/en\/wp-json\/wp\/v2\/media?parent=21683"}],"wp:term":[{"taxonomy":"product_brand","embeddable":true,"href":"https:\/\/tuzlahortum.com.tr\/en\/wp-json\/wp\/v2\/product_brand?post=21683"},{"taxonomy":"product_cat","embeddable":true,"href":"https:\/\/tuzlahortum.com.tr\/en\/wp-json\/wp\/v2\/product_cat?post=21683"},{"taxonomy":"product_tag","embeddable":true,"href":"https:\/\/tuzlahortum.com.tr\/en\/wp-json\/wp\/v2\/product_tag?post=21683"}],"curies":[{"name":"wp","href":"https:\/\/api.w.org\/{rel}","templated":true}]}}