{"id":21635,"date":"2025-08-11T11:20:29","date_gmt":"2025-08-11T08:20:29","guid":{"rendered":"https:\/\/tuzlahortum.com.tr\/urun\/kemi-10-sdc-epdm\/"},"modified":"2025-08-20T15:38:30","modified_gmt":"2025-08-20T12:38:30","slug":"kemi-10-sdc-epdm","status":"publish","type":"product","link":"https:\/\/tuzlahortum.com.tr\/en\/product\/kemi-10-sdc-epdm\/","title":{"rendered":"KEMI 10 \/ SDC EPDM"},"content":{"rendered":"<p>&nbsp;<\/p>\n<div class=\"report-container\">\n<div class=\"report-header\">\n<div class=\"standard-text\">Product Name: KEMI 10\/SDC EPDM<\/div>\n<div class=\"standard-text\">Product Code: AC624<\/div>\n<\/div>\n<div class=\"product-image-container\">\n<div class=\"key-feature\">Chemical Transmitter\/Receiver EPDM CURVED<\/div>\n<\/div>\n<div class=\"horizontal-line\"><\/div>\n<div class=\"product-details\">\n<div class=\"detail-row\">\n<div class=\"detail-label\">Area of Use<\/div>\n<div class=\"detail-value\">: A wide range of chemicals for suction and discharge (see Flood Chemical Resistance Table), seawater and industrial water.<\/div>\n<\/div>\n<div class=\"detail-row\">\n<div class=\"detail-label\">Substrate<\/div>\n<div class=\"detail-value\">: Chemical Resistant Black EPDM Rubber.<\/div>\n<\/div>\n<div class=\"detail-row\">\n<div class=\"detail-label\">Reinforcement Layer<\/div>\n<div class=\"detail-value\">: High Strength Synthetic Textiles, Steel Wire Spiral and Antistaic Copper Wire.<\/div>\n<\/div>\n<div class=\"detail-row\">\n<div class=\"detail-label\">Top Layer<\/div>\n<div class=\"detail-value\">: Weather, ozone and abrasion resistant, knotted EPDM rubber.<\/div>\n<\/div>\n<\/div>\n<div class=\"datasheet_table\"><img decoding=\"async\" class=\"alignnone size-full\" src=\"https:\/\/tuzlahortum.com.tr\/wp-content\/uploads\/2025\/08\/datasheet316.svg\" alt=\"\" title=\"\"><\/div>\n<div class=\"table-notes\">In the order: Operating conditions such as fluid properties, concentration and operating temperature must be clearly specified. Different diameter, pressure, color, sheath type and double steel winding can be produced on request.<\/div>\n<div class=\"horizontal-line\"><\/div>\n<div class=\"footer\">\n<div class=\"standards-section\">\n<div class=\"standard-item\" style=\"margin-top: 9px;\"><\/div>\n<div class=\"standard-info\"><\/div>\n<\/div>\n<div class=\"temperature-section\">\n<div class=\"temp-icon\"><img decoding=\"async\" src=\"data:image\/svg+xml;base64,PD94bWwgdmVyc2lvbj0iMS4wIiBlbmNvZGluZz0iVVRGLTgiPz4KPHN2ZyBpZD0ia2F0bWFuXzIiIGRhdGEtbmFtZT0ia2F0bWFuIDIiIHhtbG5zPSJodHRwOi8vd3d3LnczLm9yZy8yMDAwL3N2ZyIgdmlld0JveD0iMCAwIDcyLjI3IDE2Ljk4Ij4KICA8ZGVmcz4KICAgIDxzdHlsZT4KICAgICAgLmNscy0xIHsKICAgICAgICBzdHJva2Utd2lkdGg6IC41OXB4OwogICAgICB9CgogICAgICAuY2xzLTEsIC5jbHMtMiwgLmNscy0zLCAuY2xzLTQgewogICAgICAgIGZpbGw6IG5vbmU7CiAgICAgICAgc3Ryb2tlLW1pdGVybGltaXQ6IDMuODY7CiAgICAgIH0KCiAgICAgIC5jbHMtMSwgLmNscy0zLCAuY2xzLTQgewogICAgICAgIHN0cm9rZTogI2E3YTlhYjsKICAgICAgfQoKICAgICAgLmNscy01IHsKICAgICAgICBmaWxsOiAjYTdhOWFiOwogICAgICB9CgogICAgICAuY2xzLTIgewogICAgICAgIHN0cm9rZTogI2ZmZjsKICAgICAgfQoKICAgICAgLmNscy0zIHsKICAgICAgICBzdHJva2Utd2lkdGg6IDIuMDZweDsKICAgICAgfQoKICAgICAgLmNscy00IHsKICAgICAgICBzdHJva2Utd2lkdGg6IC4ycHg7CiAgICAgIH0KICAgIDwvc3R5bGU+CiAgPC9kZWZzPgogIDxnIGlkPSJrYXRtYW5fMSIgZGF0YS1uYW1lPSJrYXRtYW4gMSI+CiAgICA8Zz4KICAgICAgPHBhdGggY2xhc3M9ImNscy0zIiBkPSJNMTEuMzQsMTEuNTdjLS45NCwxLjcxLTIuNzEsMi42Ni00LjgsMi42Ni0zLjA1LDAtNS41MS0yLjQ3LTUuNTEtNS41MlMzLjUsMy4xOSw2LjU1LDMuMTljMS45NCwwLDMuNjUsMSw0LjYzLDIuNTIiLz4KICAgICAgPGNpcmNsZSBjbGFzcz0iY2xzLTUiIGN4PSI2LjU1IiBjeT0iOC42NiIgcj0iMi40Ii8+CiAgICAgIDxjaXJjbGUgY2xhc3M9ImNscy0yIiBjeD0iNi41NSIgY3k9IjguNjYiIHI9IjIuNCIvPgogICAgICA8bGluZSBjbGFzcz0iY2xzLTMiIHgxPSI2OC4zNCIgeTE9IjExLjc2IiB4Mj0iOS45MiIgeTI9IjExLjc2Ii8+CiAgICAgIDxsaW5lIGNsYXNzPSJjbHMtMyIgeDE9IjY4Ljc4IiB5MT0iNS41MSIgeDI9IjkuNzMiIHkyPSI1LjUxIi8+CiAgICAgIDxsaW5lIGNsYXNzPSJjbHMtMyIgeDE9IjU0LjA3IiB5MT0iOC43NSIgeDI9IjguNjQiIHkyPSI4Ljc1Ii8+CiAgICAgIDxwYXRoIGNsYXNzPSJjbHMtMyIgZD0iTTY4LjE1LDUuNTVjMS43MSwwLDMuMDksMS4zOSwzLjA5LDMuMDlzLTEuOTIsMy4wNi0zLjYyLDMuMDYiLz4KICAgICAgPHBhdGggY2xhc3M9ImNscy01IiBkPSJNNTMuOTEsOC43NWMwLS4xNC4xMi0uMjYuMjYtLjI2cy4yNy4xMi4yNy4yNi0uMTIuMjctLjI3LjI3LS4yNi0uMTItLjI2LS4yN1oiLz4KICAgICAgPHBhdGggY2xhc3M9ImNscy0zIiBkPSJNNTMuOTEsOC43NWMwLS4xNC4xMi0uMjYuMjYtLjI2cy4yNy4xMi4yNy4yNi0uMTIuMjctLjI3LjI3LS4yNi0uMTItLjI2LS4yN1oiLz4KICAgICAgPGxpbmUgY2xhc3M9ImNscy0xIiB4MT0iMzYuNDMiIHkxPSIxNi45OCIgeDI9IjM2LjQzIiB5Mj0iMTQuMjQiLz4KICAgICAgPGxpbmUgY2xhc3M9ImNscy0xIiB4MT0iMjguMDUiIHkxPSIxNi45OCIgeDI9IjI4LjA1IiB5Mj0iMTQuMjQiLz4KICAgICAgPGxpbmUgY2xhc3M9ImNscy0xIiB4MT0iMTkuNTkiIHkxPSIxNi45OCIgeDI9IjE5LjU5IiB5Mj0iMTQuMjQiLz4KICAgICAgPGxpbmUgY2xhc3M9ImNscy0xIiB4MT0iNDEuNTciIHkxPSIyLjc0IiB4Mj0iNDEuNTciLz4KICAgICAgPGxpbmUgY2xhc3M9ImNscy0xIiB4MT0iMzMuMjgiIHkxPSIyLjc0IiB4Mj0iMzMuMjgiLz4KICAgICAgPGxpbmUgY2xhc3M9ImNscy0xIiB4MT0iMjQuOTkiIHkxPSIyLjc0IiB4Mj0iMjQuOTkiLz4KICAgICAgPGxpbmUgY2xhc3M9ImNscy0xIiB4MT0iMTYuMDgiIHkxPSIyLjc0IiB4Mj0iMTYuMDgiLz4KICAgICAgPGxpbmUgY2xhc3M9ImNscy0xIiB4MT0iNDQuNjMiIHkxPSIxNi45OCIgeDI9IjQ0LjYzIiB5Mj0iMTQuMjQiLz4KICAgICAgPGxpbmUgY2xhc3M9ImNscy0xIiB4MT0iNDkuNDkiIHkxPSIyLjc0IiB4Mj0iNDkuNDkiLz4KICAgICAgPGxpbmUgY2xhc3M9ImNscy00IiB4MT0iNDAuODgiIHkxPSIxNi45OCIgeDI9IjQwLjg4IiB5Mj0iMTQuMjQiLz4KICAgICAgPGxpbmUgY2xhc3M9ImNscy00IiB4MT0iMzIuMzMiIHkxPSIxNi45OCIgeDI9IjMyLjMzIiB5Mj0iMTQuMjQiLz4KICAgICAgPGxpbmUgY2xhc3M9ImNscy00IiB4MT0iMjMuNzkiIHkxPSIxNi45OCIgeDI9IjIzLjc5IiB5Mj0iMTQuMjQiLz4KICAgICAgPGxpbmUgY2xhc3M9ImNscy00IiB4MT0iMjAuNTkiIHkxPSIyLjc0IiB4Mj0iMjAuNTkiLz4KICAgICAgPGxpbmUgY2xhc3M9ImNscy00IiB4MT0iMjkuMTMiIHkxPSIyLjc0IiB4Mj0iMjkuMTMiLz4KICAgICAgPGxpbmUgY2xhc3M9ImNscy00IiB4MT0iMzcuMTYiIHkxPSIyLjc0IiB4Mj0iMzcuMTYiLz4KICAgICAgPGxpbmUgY2xhc3M9ImNscy00IiB4MT0iNDUuNzEiIHkxPSIyLjc0IiB4Mj0iNDUuNzEiLz4KICAgIDwvZz4KICA8L2c+Cjwvc3ZnPg==\" alt=\"S\u0131cakl\u0131k\" width=\"100\" title=\"\"><\/div>\n<div class=\"temp-values\">\n<div>-40\u00b0C \/ +120\u00b0C<\/div>\n<div>-40\u00b0F \/ +248\u00b0F<\/div>\n<\/div>\n<\/div>\n<div class=\"marking-section\">\n<div class=\"detail-row\">\n<div class=\"detail-label\">Branding<\/div>\n<div class=\"detail-value\">: Transfer Band or Embossed<\/div>\n<\/div>\n<p><img decoding=\"async\" class=\"marking-image\" src=\"data:image\/png;base64,iVBORw0KGgoAAAANSUhEUgAABf0AAAAoCAYAAABEkVAiAAAACXBIWXMAACE3AAAhNwEzWJ96AAAgAElEQVR4nO2df2wTZ7rvv\/2ZEy6Z3kOj1YKnOksLNHGBc8XdJNYuDbt7sWkb9R5OYp0GcVcKFmpPWSnJSlD+KIm0hP5BQWpA6nZBlZNzjyrgyslSVWlPHQ6nSdnKLruRClmnhWyzEmNydZTmqJNsc9Oe3d4\/xu+b1+MZz9gee2x4PhIiiT0zz7zvO+Px933e73PPY3\/zvX8DQRAEQRAEQRAEQRAEQRAEQRCVzj\/dD+BHbkdBEARBEARBEARBEARBEARBEETBjN3rdgQEQRAEQRAEQRAEQRAEQRAEQTgDif4EQRAEQRAEQRAEQRAEQRAEcYdwfyEbN\/l8aPL5nIrFEeKxGOKxGACgLRiER5b5a6f7+90KyzEeuLcKDf\/1790OgyCIIvPlf\/47fq9edjsMgiAIgiAIgiAIgiAIosLIW\/RvCwZx\/OQJJ2NxhNP94KJ\/a7AtbVLiThD9H131fTz84CNuh0EQRJG5tTTpdggEQRAEQRAEQRAEQRBEBZK3vU9rsM3JOAgbrLrvIWxa\/QO3wyAIosh88fUtEv0JgiAIgiAIgiAIgiCIvCBP\/wriCenHbodAEEQJ+GzxN26HQBAEQRAEQRAEQRAEQVQoBXn6iwyGw1DVBaiqiqlEwqnd5kxSUVw7djF5+MFH8N2qjW6HcdfS2FKHPT0\/wfzsAvr+\/p\/dDoe4g7m1NIkvvr7ldhgE4TiSJGHi2icAgA3fW+9yNARBuE1bMIjRaBSqqrodStnS2d19R9iTEgRBEASRSZPPh7fOn3M7DFvsbd\/DrdRFOru70dnd5UJEuWP0HbTS47fCMdH\/2NE+p3ZFGLBZ+onbIdzVPLZtHQDg+viMy5EQdzLffLuMG4sfuR0GQRQFfyAAAIYPiwRB3F3IsozjJ0+gNdaGve173A6nLHn15Am0BoOIx2J03yQIgiAIgiByxjHRv1DagkFH6gQMR4YwFIk4EFH58Ej1Zkj3fyenbRpb6rBmbQ2mJ25jeiJp+J4d7VtRvboKAPAvb17N2NYORtslb87h+pi1OP7U\/gYAwMcjn2J+doH\/fcM2DzZsW4f52QV8PPKp5X7MzkOksaUODS11\/PfkzTm8\/+ZVLC0sW+4fALbs0GbU\/qBry+qaKjS2PI7Htnl4DPOzKq6OfGbY7uzcjJifXcD0RDKtLcxgx93c\/CgAYGlxGZNjM7baCwDWrK1Bo9Ae2RDHkNV2S4vL+HjkM8N2zTaukjfnMD1x27Q\/xOOOXbhm2W+5jqFyYeZPv8NXf\/7S7TBKgizL6AjtQ73XCwCIx+KpFWOZGZ9NPh+afL6swkdbMAiPLGM4EoEirPhi21ohbifLMlqDQSQVxfLzpN7rhT8QyHivnX3k0gZ67LRJrudihT5eVVVxKTpqO1O3ydcEABiNjgJY6TM92n6jaf1oFVdrMGj5PrGtrLbRj6OVczAfT6PRaNaVjp3d3QBgmbUrSRI6QiFb77XaZz7jcCqRwGB4wLL9m3w+tAXbeB8mFQWjqfFgFocVZuO5IxSCJEmmbdwRCmFBVQ3PkfWZ1TWQrW9VVcVwJFJQRjo7B7Nz1D8H232etWrbqUTCsE\/chmVUybp7gD8QQL3Xa+uexe4hZm1qdf83u871+zfCTny5XCNG93S2XWd3F\/a2k+hPEARBEERhqKqK0\/2nIMse\/n2j0phKJDAUGUKTr4knlVUSpY6\/bER\/jyzbEmasiMfiDkRTPjxwbxWeyCPLv6GlThOX37xqKj7v7t4OAHhfJ5TzbW0giuxsu\/nZBUvR37OpFrtSov\/0xG2d6L8Ou\/Y3YHridlbBtrqmCru7f5gmQhuJ\/nt6fpIhVG\/Ytg6NLY\/j5E\/\/j6XI7tlUywV98bw8m2oROv60gZC9Do0tdZieuI1zff9qeG7ZeP\/Nq6aTF4B23j\/75d\/Bs7E27e9bmtejoaUO4cPvWYria9ZKlnFwhDFkZ7td+xvw+oG3kbwxl\/Z3q3G1tLiMc32XDceOeFw7Qn5z+1ZsaV5vOYbKia\/+\/CU+\/+q3bodREuq9Xrx1\/hwkSeJ\/a\/L50BHah73tezJEvSafD53dXTjdb54l3hps44KJXvS3s1xP3M4jy3wbK0F7X2gfz8QUBSC2D\/3f820DPR2hffAHAojHmrKKQVZx2KUtGMTxkycy\/u4PBNCpdOGlg4csM1HZZzx7H+szI4709mAwHLa1ilDsr2yI48dqm87uLhw+eCijzbKNJ9bOLz7\/guGYYdtZibD+QIC\/11r0z\/6+fMdhazCIV472mY4ZloGsh10Lhw8eSrsO8+kjEX\/Az8eK0bVxpLcHqono7w\/40REKYTQatRT9rcaEnWtTjyRJeOv8OT6pYnSORu2picBNeOngoaz7t9O28VisrLLpxYkK8fzEdrC6Z0mSxO9Jzz5jfD1Z9an+80JPtnsUAH6\/Nrrec71GjD7nDh88hA+ufJg2IUAQBEEQBJEvg+EBDIbDALTvAU5osKXm2NE+xGMxDIbDmP5j5TlxlDp+KuRb5jy66vt44J4qR\/dZXVOFPT3aRELy5lxWgTkf1qytgWdTbdb3ND+3teDjGIn5ehpb6kzfU726Crt\/vt3yOFuatSx\/0dqHCe\/ZVkRs2LYOoVeftty\/nl37G7LGZST4i8fc3f3DnI\/pJNWrtbaprslt3FavrkLo+NN8VYUZmy1eX7O2hvdZJXFj8SN88xd7K08qGVmWM0RGhiRJ+NXZM4avuYXV7PvOPGbnnWgD9oDW5PMVvb2YDYcZniznI+7DI8s51f3pCIV4JrsbHD95IucH4SafD2+cPZP1Pf6AP+vrOy1edwqrcfhyb09GFjbAMtLNM8vttEGusISOem99xmtMTJckyTDelRUMUwXFwMT7XK+34ydP8BiMYJMsRrQGg458GdMEZfeuJT0doX0A0ld2dIRCtlaDMNi9eSqRcK2WWL3XazjWnbpGFEXBcGrig7UZQRAEQRBEvkhSjfBz+XznzgUWN8VvD8cy\/SVJokJcDrPqvoewafUPHN\/vrv0NXKy++NpvTN\/38cinuDryWV7HaGipQ\/LGFdPXrYRdO7Ds+6XFZf6zHiYQLy0u8+xzNumxpXk9tjSvR3VNVdbM+M0G1j6NLY\/zY3488inef\/Mqz+jfsM2DXfsbsGHbuoxVFIzkzbmMtt+wbR2aU1ZFO57bivHzn2SsQmhsqeOCf\/LmHM71XUbyxpy2cuPnP4RnYy0aW+pM7YWMeP3A21lfn581vq6NtmtoeRyNLXWoXl2FXfsbcPG1zDFgNK7YdgCwu3t71pUiVn3mxNgqNV98fQu3libdDqMkdHZ38Q+40\/2neKbBkd4etKasFDpCIccLFw5HIhiKDJm+biYa7Qz4TbNN\/YFAXh\/WhbaBXuhv8vmKat\/BMmVVVU3L\/mY2NFp26qmszwD6LH+RY0f70tpflmW83NsDSZLQ2d1lacHBmEoksq4MSBrsw2gb8fgdoX2GMevHE4uVZcy0BYOm40abKDLO3pYkqWTLVM3GIetTdk76THNxxQLLVAFW2s0fCJj2Qz59JP7dSNT3CoJ6vdebMVZW7LPsZUkb3StYFrYkSWgNBnlb2YG18VQiYSj+t6UsfZKKgr3te6AoCp+Q8cgy2oJttmI3yuZnq0bqvV50hPaVTUFYNsaHddcQYN5OepgInu2+zjC7\/9udLNDfo9jx\/YEAmnw+1Hu9aa8Xco3oGYoMoTUY5J839F2LIAiCIIh86QiFUO\/1pmwzR\/HsMy3oCIVwpLfH7dBsc\/zkCXQk9kGWZb4Kl32PrgRKHb9jov\/EtU9yen9SUbLaAZhVhr6beEL6seP79GyqxY5Ulv3YhWtZheH\/SHnM58OW5vWGgi+gibJmIn2uXOy\/wgVmszgAzTKH2c0sLSzj4mtX+GuejbWm51ldU8VFdlGIZl76moXP5bRtpieSmD6QRGNLnal4vbTwdcYxpyeSuD4+g4P\/+x8AaJMz+n03t2t9Nz+7gNcPvM2F7+mJJF4\/8DZ6fv2\/UL26Cs3tW233Xb59bLTd9EQSa9ZK2LBtnekYMBpX0xNJ3L45h93d27l\/fzZbni3N601fb7BZq6Cc+GzRfPLtTmMnF3siaQLUSwcPoSYleLYF2xwXpxQlmddnSjahxSpj24xC24AJ6KqqpkRif1FFfxbv6f5TaUK25gnZj3gsZimesez1Syk\/f5GpRCKtb+IAEokE3nl3hB\/fjsiqqmrOfWy0DTMJPH7yhKkAbzSe4rEY3nl3BB5ZzjpZxIR9oz4rpS8l69fBcDhtrLGfO7u70BoMpon+9V4v9xl\/6eChtH5XFAUvPv9CynbKuB\/y6SNAGw\/s+HrE7P96rzetXSVJShOT7WDWt7LsSYmv\/pxEf1VV8eLzL6De6zWMn7XngFBHQVEUDIQHcKS3x9RT3g7MnoytUNCL024gjiH9NXC6\/xTisRjeOn8u6z5kWeZtecnGvS\/f+z9Df48CtDExduVDeGQZ\/kCAt2uh14ieeCyGpKJwG9RyrM9AEARBEETlwL5LPvtMCwDtu0Alif6SJGXUQWJJEpVAqeN3zd7HI8sVNbBKzcMPPoLvVm10fL\/M1md+dsE0C90J1qytMc243uyQ9Ur48HsYO3\/N1nuTN75I+91OsVxgZdJgfnYhw5sfACbHPzfdNh8v+eSNOb6d3iJJnIAYv\/BJRqb70sIyxlPt4aa9zdVU\/HaLQTPGzl\/jbbzOyh6q3dgeas3aGlPro3Ll1tIkvvj6ltthlASWVQBo4o6eV1KZjx5ZNszodQszITYfax8n2oBNNrDti+3FyOI1E9fisZhl9mm2TH8jphIJbmuR7+RKIYjCmt32ZYWxAGvx3uycSmXtI64WGQwPZLw+LExYiOfPtkkqiql4XAxRUjyWXjivT8v0rzd8TVXVgjOkWQHqXK+3wwcPZW0Ts1oF7PdCr2\/xmiuHZdDivUDsE\/3kUzZ2CtY+dgt+FwPWr6xIOVCca8ToOARBEARBEIXArB\/bgsGcLFjLBVbzCNBWziYVxXTVcDlSqvjzzvR3YnlptuW7bRbFs8wQZ0sqmc15FO+1Ykf7Vi6Inuu7bFnstVA2N6\/PyHSvrqmy9OG3i1Pxb9i2zjTb\/bGUuC\/6+YvYnTzIhds3tRUJevFa\/F0\/icHQVm\/cdjymXEifHPHktJIgeXPOlnDv2ViLNWtrMtq\/uf1vcwvWZb75dhk3Fj9yO4ySwcQQVVUNhRolZW\/B3lMuGGVt52vtU2gbsGxdQBPJOru7+ARBscWvfPuETXQkFSWnGOOxOFqDQVcmgPI9V\/H5I1ufGFn8lNLax844ZDYrsizz1Q8MN65PMR7xS4n4rOg1mRBw4ktMvudcTvcyPcyiyx\/wo97rRTwWw3BkyHCVypHeHtR7vdyW5tWTJ+CRZVyKRnHsaJ\/t8\/SmJmZYnQZGLu3ELJHsWPuIOH2fVFXzZ0An+53Vo7Bje0QQBEEQBGGHzu4udHZ3QVVV\/Gj7k1BVteKsftjq0Hgshh3bnwQAvHH2TElXTxdCKeLPW\/Rn2Wy5ih5ilmM28l3acLrffiZhufJI9WZI93\/H0X2uWVvDLXCsbH0KJXlzDp6NtdiyYz3O6SxLWQY6e0+5s2GbB0C6nz+gCdtr1tYYTmwUipmgL2LWf0sLy0Xt21wxqwdgxu0bc5arFMTxpV\/pUWnja+ZPv8NXf\/7S7TBKhllGq0g53b+ZpYKRxQ\/L1B6NRnP6UC60Ddix2HsuRaNoDQZtW+AUgj8QMLWsyUauWf4MJs4VYm9SakRB0WMiMIrjSsz4ZX2b65jKBztiOBvvRu3PxPdSZlkz0V+08NGfB3vGZLHLsvYZrheY7ybESTOxv1lhYlFIZhlH9d76DM95Vq9CrG8AaM\/ricSU7fsPG0\/53utztfYBtBUgzIoHYKsKstchKRQnr5GEQ6s+CIIgCIIg9CQVhT8TVVq2P0OMeyoxVTGiP6OY8edt7zOVSODF51\/A3vY9Of2r1EFUKh64twpPFCHLf0\/P\/+A++uPnc6u\/kCuTYzO8uK4+q58Vxb2ah\/VNqfFsquUWNXphP5nKxm9sqcPun2\/P2crmTmazYOtUjJUQbOw0P5ee1c\/6a2lxGZMOT8QUg6\/+\/CU+\/+q3bodBZEER7Bn0H7zMXsLIo76YMHsHJmKy\/4tp+8Da4OXeHrTlMSG\/MkFS2rYqBFEIdXqZJROs9RY\/2eoelAviM9wbZ8+UVIRUFG1CWxzrXkH0F4V\/BvvZiT50cl+lghVjBjLtdDyyzEVw5lnPzo0VeTOCCf5MtFdVNc0OyopCx0w+1j7+QCBt8ooVqy4UZicljoliXCP03YkgCIIg7g5UVcVgOMy\/LyQVBaf7T\/FngXgslpa4MBqNYjAc5r8PRyJpz2WD4TD\/Xb+vqUQCp\/tPpZ4Xu9Hk8+FIbw+GI5GCksmsYtbvX4yRnb\/4nMlqPmU7f60mXpDXxhPb8G6LX49jhXwJZ3h01ffxwD3OFLllbNmxnnvQA5pQ\/S82\/Pwf2+bBU\/uNX5ufXcjqWX99bAaNLXXYvGOl4OqatTU8E\/v62Ax2d2\/P4SxKD2szI7uc8fPX+LnseG4rdjy3Fcmbc5ieuI0\/TCQdz\/4vJk+ZFEEGtLoEuQj3nk21aGx5HIC5JVKhsLGzZm0NPJtqeYHm5lSB6kpp+xuLH+GbvxTXYutOo8nXxL0H9VhZwGTbdjgSMRWPhiJDONLrTbP4YZn\/bvhJ67Pm2f\/FFF8HwwM4fvIEJEnC8ZMn8HJvD+KxGC5FR3mh0FxiLhayLJv2ca7Wf2xZa66WRHYYigyhIxRKs\/gRrX1Go1Ecx4mc9ml+XXgKilUPE3hbg0HUe7146\/w5JBUF8VgMo6nxkI1C+kh7rSvtWmeiayJlf9IK8MJYwMrYSxQomurF83KE9YeIWPRbn7k\/lUhgb\/ueNAFfkiRejFosTqvn2WdaMJVI8EJk+WTM59uO+0L7AKxY+zT5fPy8N3zPfKUgu5bZapCOUAiDQvHkXGny+YSVVysrSQq9Rqwoh2LMBEEQBEEUh9P9p7ig\/M67Izh2tA\/xWAyD4TDeeXeE28BOJRLo7O7Ci8+\/AEBLjvF66\/HSQe27BXs2Y89\/NZLEhezBcBgT1z7B3vY9\/LnlgysfAujCcCTC9wFoiRK58o\/Pv5BxHBazP+BP278+xkvRUf6d+513R3C6\/xR\/dhq78qHp+U8lpnD8pPb96fDBQ2n7yNUesdLj11O2or8mwuRuU1KuX8bssOq+h7Bp9Q8c3edf1VTx4r2MBpui\/4Zt69ImC0SmJ25nFf3HL1xDY0sdtjSvR3VNFZYWlnlh3+TNuaJkgDvN5uZHARgX652eSOJc3+W0tvVsrIVnYy12PLcV87MLuNh\/pSIE6F1ZRP\/pidumffWzX+7O+Js4XsZtFlnOlfnZBVwfn8GW5vVoaKlD8sYVAODja3J8puytfb74+hZuLU26HUbFIRa7cXLbeCxmKvxcikZxpLcnzeKHZWjn6iddKPVeLzyyDFVV+Wedkir445HlNLHTSYYiETT5mrjtHhOo\/YEAXlZ7MBgeMC3AKdoZFdvb3CPLptm7ZtZ\/RkKpLGRAF6OPpxKJDIsfUfDPp52cyFq2y7GjfdxmB9DavTUYRGswiKSi4NjRPlNhM58+YjCh05Mm+mfaFLGJADNbGyu0mlLpK2dEa8pSX\/d2YQK8HlVVTVfa6v+mqiqGIkPo7O4yXT00HInw7VRVLUrhZjPYPRCwb+0DaIL\/s8+0QFVVSJKED658CEmS0BoM2ioefKS3J+O6FCdU9G1QyDViBrO3KodizARBEARBEERlULai\/1BkqKIF\/Hx4Qvqx4\/tsbHkc1aurMD+7gPELn\/AM6caWuqyifaEkb8xx3\/stzVq2f0PK6qcSrH2qa6qyZvoDWhZ88uYcGlKTG6LFz5q1NQgdfxrhw+9VhPCfD2YTQoDWNsWsLTA5pon+W5rX4+JrV7Blx3pUr67C0uIyro+Vv+j\/2eJv3A6BsImiKFyUZZ72K9Y+0ZL6zZtlzMdjMbQGg\/AH\/EX73Hzp4CHEY3HsDPjR5PNx4UnMgDYSz9gESbl+npsJpQB4hkcxGAgPpCaT\/BiNRivC2ofBRGQ25sT288gy3jh7Bnvb9zje56qqctGWTXAZXRNeQWgFcrdGEW1v9AxHImU7llVVzThXNoH11vlzti022YoKM1hRWTdgBXxHo1FbGfqsv0SvWlVVeS0UNkFkRbYMq1cMihgX4xop54LQBEEQBEE4Q2d3F2TZA0+qhtGrJ09gKDKEJl8Tf6aLx+LoCO2DJEl44+wZJBUFrcEg\/37GCvKyZweWsOX1ejEUGeLfz946fw6j0VG0Bdv4KoDO7i68evIE30c+\/OrsmYzjxGNxtAXb+DO2fv8sRlZbip3\/kd6eVF2p7OfvDwRwOJWB39ndlbaPuy1+PWUr+t9tPPzgI\/hu1UbH98t8\/M\/1XUby5hx27W9A9eoq7NrfYCn6fzzyKa6OfGb42tKitS3J9fEZ7HhuK5rbt2J6IsmF2EoQwZmgPT+7wO1jjEjemEPyxhVcfO0KqmuqePY523539\/ayP9\/XD7xt+hqrXWCX5M05jJ+\/VtQJJUAbW3uQsozasR6bBduocufW0iS++PqW22FUJMORiGmWLftAzWdbKyHsUnQU\/kAAOwN+Ljoya5\/Siv7pfv6MeCyO1mCw6P7qQ5EIX2pY7\/WiLdjGHzA7u7vS\/CRXYtZiKoWf\/1QikWFhwsjFh50tcy1moU+2gmRnIABJ6kvL9M8HtlRUD3vYdBrmV8kmRbRJMT9fDXKktwfPPtOSsV2hfTSVSKDJ54Msy1ANsvzFbGg7RbPtklQUDIQHil4suxCYXY+ejlAIR3p78KuzZ7Bj+5Npr8myjI7QvrR7p1UmeaktzUT8OdZSUUzsudhK4kKy5tlYNhPu871GCIIgCIK4e2EWhAz9Kln96nV93blWof6a1b7YqkTN238leeuNs2cKOgermFt1NeL04nk+5z8YDgvfU+vznrC4E+LXk1X0L8RKwQwr32WGtrw692Nn84Q185G1QzbPZyfYXITivYyxC9d41vX4+WvYtb\/BVrb\/f8wuFJStPX7+E+x4bis8G2ux++eaf\/\/18ZkKsfbRRORczn9pYRkfj3yKj0c+xVP7G3g7i77z5Ui+ffxz3y8djsQ+rK0bW+r4SgtAs5UqZ775dhk3Fj9yO4yKRVGSWQWWfLe1gnmsiw9Vblh8iMc3+nxkYmcpMkI1wSuBocgQ3nl3hMckitaSJHExsRTZ0aLtkV3isZipYF5MWJHoeq+X+zfma+0DuL+SYjQaxWg0ikRiik\/AGY3FfPpIJB6Lo8nnS5tsE\/fH2rTe6+X1DHK1ijzdf8qW5UulMBgOo7O7i2cLsUkQ0Qu\/EhCtfUppKQTAkZUrdq8RM5zI9CIIgiAIghCJx2KQZZk\/k1Ta84aqqtw2lVFJ51CK+C1F\/1L6xIroZ0\/sks0TtpBzyeb5XCiPVG+GdP93irLv+dkFvC\/4949duIbm9q22s\/0LPXby5hw8G2u5KDtZAZnYALBhmyYWTOZZjHbswjXulc9WW9iluuZBy\/esWVtTEZMnufJXNfbbanJ8hteNAKxXZZQDM3\/6Hb7685duh+EaLJO30jyJmWczs\/gB8hdZ820DUfDPlrnNLIhKxVQiwW1W6r3eNDGuVAV8KxVWJNqoGGixKda1OBgO8\/FZ7\/U63vcrgnUT4jH2txW7mURiihfzZQ\/PNP5WVkg0+Xy8Ddkzsd4WSJysKya5TlCK1j6VbHWT7zXCrlUq4ksQBEEQhBOwpIYmnw\/vvDsCRVGKvnLcSVRVxY+2PwlVVdHZ3c0T0SpF9C9V\/Pc6urccKXWmTjnywL1VjhfvFbk68imWFlaseJYWlnmBVWaNUkz0\/v3X8xTRi4newsazqZb785v5+VshtnmuPJaacNBbKIm\/ezYZe9Zv2bEer8UO4LXYAVTnIKCXC8wWyZZ91NhM2vvKcWyJfPPtMj7\/6rduh+EqbOLUrBihJEmY\/uMMpv84U3YPHKKdRDKVpZ0P+baBWVFNPXbfVwqYD2K+1j6VOGkg9plV3PpCpLkUJi0UcRyaUY7tz+KWZZmP9YTO3gfQlsU6ae9zpyDec1j77G3fk\/bPzH7JKZI2xp4R7P3eVPFt9k+cBK2klQu5IPZbJU94EARBEARRPrBn\/HgsBo8sl933byumEgn+XBSPxfhq30qhVPG7JvoPRyK8UMHdzKOrvo9V9z1U0mOOXbjGxdLm5\/62qMcSPdavj88UJIYXglhkF0CaIL608HXaa2IBX7N4N2zzZBXV9cezC6sLwI4vkrwxx\/uNFUXWw\/ozeXPOtbbOF8+mWl734Q82LYfE8VXuBaJ\/r17GN3+prD5xGlF80\/sP6v9WTkIjkD5JXciEdb5tsOKNH03Zj6T\/G05l9+802GehWD0AMts+vSd7oaIxy+zNxY\/fbXKJWREmj1iNiFIhjsM2g5WV4jg061cjRAvHYvQbi1ssbCWeCxtrrJgvK\/5bzrD49faX7HcnJi3qhfYwO36pECdu8oF9KWX\/xC9H+rH5zrsjmP7jTMa9VpK0Z7RijQ2nrxF2jpV0LyQIgiAIovxgVptJRcGrJ0+gyefDqymr0UqBnUO914uOUAhNPl9RapgVi6SilDT+rPY+w5FIUYQXcUbD6WOJD8THjvY5tnS9GF+KVt33ENb\/l\/\/u+H6tWFpYxvUxzRplw7Z12LDNU5B3fzbmZxdwfXwGW5rXu2Ltw+yFGnT1CxpbHuc\/67PKNzc\/CgCYHP\/ccJ\/VNVUIvfoU5mcXEH7pvQybHe31p\/m+7bZtdU0V9vT8hE8YGLUX67ctzeszajI8tb+BT1iUuwCux7OpFnt6Vupa2C3IO37hGhpb6sre2kf9z3\/HraVJt8NwHfYB3eTz4eXeHiQSCSEz14uXUx92wyW0p7GLaPFTiJ9\/Pm0gCwLn6f5Thp9Hkm\/7RdkAAAhiSURBVCTxorqib3ehyLKMN86ewaVoFMeO9mV8dneEQtxGRcy4lmUZHlnOsA6xgyRJONLbI\/h3F78IsBN0hELcmtDuxBCz+Cl1jYhs41CWZf7gqZ+M8AcCeOPsGRw72mdY1JaNX1VVizaJweKWJMnwuZH5+rOfyx1FUVDv9aI12JZmzdWamkAqtB2P9PbwZ2Gj9tLb7BTbfo1ZDdV763PezohstUPYWOgI7ePXJLtXaq9PwWmKcY2w83OziDJBEARBEJXPK0f7MBSJQJIkfHDlw7xt1d3kfz7Twq2IKnGV5972PSWNP6voryhKyR4wi3Gscv+yt2n1D\/DAPe5YsLz\/5lU0prLFd+1vwPSBTGG6oaWOW82Y8fqBi5bHuvjaFYyfv1a0iYVsTI7NwLOxFhu2rcPBf\/4HTI7N4K9TRYyBTB\/46pqqtEx\/I3btb0D16ip4Nlah59c\/RfLmHBfo\/zplmcR8\/D8e+cxwH55ND+Nnv9yd9jd2XECbrDCqtyD2256en6C5fSumJ25jw7Z1PEt+fnbB9LhG6OPQczVVnNgp9OOquuZBHjugrUSxW68geWMOrx94G\/Oz5Z3JOaledjuEsmEwPMAFu7fOn+MijZiJebr\/lOPH1YrDm1vfHDvaZ\/mZ8crRPgyGBwr+bMm1DVjWaDZbISau13u9ab7djPqUJYYZw5Ehw1oAHaF9XCTbGQggHotxocwf8KeJbeIxc8nyP9LbkyY6itZH8VjMtoCe7znmg348sUkOQOsLu2N4OBLBlCC4lxL9OBQnn1j7D4YH0rZhPvBHenuwL7QvVe8oCUmqgT8Q4G2g347hRB+JyR1G7SaK\/kZ1EtgDthNFnJ3Y16XoKPyBgLCvOJp8TfwaumRz0suobcVxqb9\/sKJhx0+e4P0lSVLRa3mx+0euS8jNbIfEL0z6PhiKDKE1GExr27ZgGx\/fxZhgLvQaMYLda0pZ94MgCIIgiDsPprmqqooFVa24WnvAyjlU6grIUsefVfQnisfDDz6CR6o3u3Z8TRj+NGu2\/5q1NXnb1OiP5VbRWbFwsWdjbZq4DAAX+6+k\/c6E92yZ4++\/eZVPJAAw3C+gCfdiEWWR6tVVaSK\/frvwS+8ZvjY\/u4BzfZd5Vrz+2EuLywgffi8nax+zOBh2rXbskm1cXR+fwcXXrhi+ZoYbk0m58H+Xb+KLr2+5HUbZMBqNYjgS4VnpetuFwwcPFWWy2SOIX0bYeeBxanI61zbYmfLGtxLQ2TJBf8CfkWEqSVJWkc1MTDrdf4pbaLBY9fGqqpohyLGY7QiWZt6FSUXJyQYw33PMB7PxpKoqDh88ZNs2hGXcu4F+HOrbbjgSyRDgXzp4CG+dPwdJkuCRZcPsoKlEwjDDGXCmj1ixXu1YmZna4uuV8GVgKBJBR2gfn7AT2yepKLYnvbK1raqq+MfnX9Addwid3V2G13QxYeO93uuFLMtFTS6Kx2J8ZYi+bYcjkaIcu9BrRI\/Yr1QLjSAIgiCIQjjS24PB8AB2BvxZvxuXM9oq9FF0hPa5HUpelDr+rKK\/\/gH5boZ9cXCKx1f\/0LF95YudbP9KZ2lhGa8feBu7u7enidvzswu42H8lw0ZmM\/fTN28LbZ8X0dhSh+b2rRmC\/9KiVix57MK1nMR3tmLAaruPRz7F0uIydndvTxPPpydu42L\/lbK2uTFjeuK24ysKyoXfq\/\/mdghlx0sHD0FRkjyLHNBEKbbc8G4glzZYyZrPLojGY3HuC+gUqqri2Wda0NndjbZgW8bD4Wg0ileO9mWIZ4X4+ScVBUORIQyGw2Xvx85QVRWXUvUWKsmCw2wcDoYHcLq\/P+P9U4kEfrT9SRzp7cHOQCCjwOhwJILT\/aeK2m9GHv5mryfKfMUn48XnX8DxlK8qIx6L5TSBZAarA6JfFXG6vx+SVIOOUIj\/LakoGAgPFNVXlNWy0CyNgobjzElefP4FvHH2TFrbDobDRVlRBjh\/jfhT+yikgDxBEARBEASgJV0crzAPfz2lTlhxmlLHf89jf\/O9b81e7OzuLvoy30pBK5bozBeTR6o347899LQj+yLsU12jZfsvLS6bCuM9v\/4p1qytQfjwe7Z95QGtsC8AzM+qJV3VoGXNSxVZuPdu4MbiR\/hs8Tduh1HWNPl8efm+30lUUhuIdiFmgn6914t33h1BUlGwY\/uTpQyPKIB8JmrYCpBKGb\/lDru+kiW01wRKfw9qCwZx\/OQJqKqKH21\/siSTe6xtjeqKFZNCr5F33h1BvdeLwXDY1OKIIAiCIIjKRDZZFViOmK2SrKRkcSNNt9Ljt+AXZO9TYh64twqbVv\/A7TDuSpYWshfV9Wyq5ZnzZn7+ZrhlMeOmdRKRnW++XcbnX\/3W7TDKHresTcqJSmoDOxZHhWT5E+6RT3+R0O8spaylJVLqa3U0GsXLqlZguCMUKnq2P+Be2xZyjbQFg9z+LJcaAARBEARBVAaKopTkOaiYOO2KUmoqPX4r7nU7gLuNR1d9H6vue8jtMAgDxAK+lDVPFMrv1cv45i80joi7D3\/Kz3\/UZgFSgiDuLpiFFIA0aykiHeb1Wqz6AwRBEARBEMSdTdZM\/+FI5I6e8cgFp4rBffPt\/8ONxY8c2RfhLKEf\/hgAcCkapT4iCubW0qTbIRCEK1CmP0EQVgyGw2gLtmEgPFAxtTtKzWB4AC\/39pCtD0EQBEEQBJEXWT39CYIgCIIgCIIgnEaWZcpgt4DaiCAIgiAIgsiTX5C9D0EQBEEQBEEQJYXEbGuojQiCIAiCIIh8IdGfIAiCIAiCIAiCIAiCIAiCIO4QSPQnCIIgCIIgCIIgCIIgCIIgiDuE+wH8wu0gCIIgCIIgCIIgCIIgCIIgCIIomA\/+P5JBSmXLYNEgAAAAAElFTkSuQmCC\" alt=\"Markalama G\u00f6rseli\" title=\"\"><\/p>\n<\/div>\n<div>\n<table style=\"width: 100%;\" cellspacing=\"0\" cellpadding=\"0\">\n<tbody>\n<tr>\n<td style=\"width: 120px; font-weight: bold;\">Norm<\/td>\n<td style=\"width: 400px; text-align: left;\">ISO 1307<\/td>\n<td style=\"width: 120px; font-weight: bold;\">Colour<\/td>\n<td style=\"width: 400px;\">\n<div class=\"color-icons\"><img decoding=\"async\" src=\"data:image\/svg+xml;base64,PHN2ZyB2aWV3Qm94PSIwIDAgMTAwIDEwMCIgeG1sbnM9Imh0dHA6Ly93d3cudzMub3JnLzIwMDAvc3ZnIj4KICA8Y2lyY2xlIGN4PSI1MCIgY3k9IjUwIiByPSI0OSIgZmlsbD0iIzAwMDAwMCIgc3Ryb2tlPSJibGFjayIgc3Ryb2tlLXdpZHRoPSIwLjUiLz4KICA8Y2lyY2xlIGN4PSI1MCIgY3k9IjUwIiByPSIzOCIgZmlsbD0id2hpdGUiIHN0cm9rZT0iYmxhY2siIHN0cm9rZS13aWR0aD0iMC41Ii8+CiAgPGNpcmNsZSBjeD0iNTAiIGN5PSI1MCIgcj0iMzMiIGZpbGw9IiMwMDAwMDAiIHN0cm9rZT0iYmxhY2siIHN0cm9rZS13aWR0aD0iMC41Ii8+CiAgPGNpcmNsZSBjeD0iNTAiIGN5PSI1MCIgcj0iMjIiIGZpbGw9IndoaXRlIiBzdHJva2U9ImJsYWNrIiBzdHJva2Utd2lkdGg9IjAuNSIvPgo8L3N2Zz4=\" alt=\"\" title=\"\"><\/div>\n<\/td>\n<\/tr>\n<\/tbody>\n<\/table>\n<\/div>\n<\/div>\n<\/div>","protected":false},"excerpt":{"rendered":"<p>&nbsp; \u00dcr\u00fcn Ad\u0131: KEMI 10 \/ SDC EPDM \u00dcr\u00fcn Kodu: AC624 Kimyasal Al\u0131c\u0131\/Verici EPDM KIVRIMLI Kullanim Alan\u0131 : Emi\u015f ve de\u015farj i\u00e7in geni\u015f bir kimyasal yelpazesi (Sel Kimyasal Diren\u00e7 Tablosuna bak\u0131n\u0131z), deniz suyu ve end\u00fcstriyel su. Alt Katman : Kimyasal Dayan\u0131ml\u0131 Siyah EPDM Kau\u00e7uk. Takviye Katman\u0131 : Y\u00fcksek Mukavemetli Sentetik Tekstil, \u00c7elik Tel Spiral ve [&#8230;]\n","protected":false},"featured_media":22427,"comment_status":"open","ping_status":"closed","template":"","meta":{"jetpack_post_was_ever_published":false},"product_brand":[],"product_cat":[2366],"product_tag":[],"class_list":{"0":"post-21635","1":"product","2":"type-product","3":"status-publish","4":"has-post-thumbnail","6":"product_cat-sel_kimyasal_hortumlar","8":"first","9":"instock","10":"taxable","11":"shipping-taxable","12":"product-type-simple"},"jetpack-related-posts":[],"jetpack_sharing_enabled":true,"jetpack_likes_enabled":true,"_links":{"self":[{"href":"https:\/\/tuzlahortum.com.tr\/en\/wp-json\/wp\/v2\/product\/21635","targetHints":{"allow":["GET"]}}],"collection":[{"href":"https:\/\/tuzlahortum.com.tr\/en\/wp-json\/wp\/v2\/product"}],"about":[{"href":"https:\/\/tuzlahortum.com.tr\/en\/wp-json\/wp\/v2\/types\/product"}],"replies":[{"embeddable":true,"href":"https:\/\/tuzlahortum.com.tr\/en\/wp-json\/wp\/v2\/comments?post=21635"}],"wp:featuredmedia":[{"embeddable":true,"href":"https:\/\/tuzlahortum.com.tr\/en\/wp-json\/wp\/v2\/media\/22427"}],"wp:attachment":[{"href":"https:\/\/tuzlahortum.com.tr\/en\/wp-json\/wp\/v2\/media?parent=21635"}],"wp:term":[{"taxonomy":"product_brand","embeddable":true,"href":"https:\/\/tuzlahortum.com.tr\/en\/wp-json\/wp\/v2\/product_brand?post=21635"},{"taxonomy":"product_cat","embeddable":true,"href":"https:\/\/tuzlahortum.com.tr\/en\/wp-json\/wp\/v2\/product_cat?post=21635"},{"taxonomy":"product_tag","embeddable":true,"href":"https:\/\/tuzlahortum.com.tr\/en\/wp-json\/wp\/v2\/product_tag?post=21635"}],"curies":[{"name":"wp","href":"https:\/\/api.w.org\/{rel}","templated":true}]}}