{"id":21611,"date":"2025-08-11T11:18:01","date_gmt":"2025-08-11T08:18:01","guid":{"rendered":"https:\/\/tuzlahortum.com.tr\/urun\/oil-2b\/"},"modified":"2025-08-20T15:37:53","modified_gmt":"2025-08-20T12:37:53","slug":"oil-2b","status":"publish","type":"product","link":"https:\/\/tuzlahortum.com.tr\/en\/product\/oil-2b\/","title":{"rendered":"OIL - 2B"},"content":{"rendered":"<p>&nbsp;<\/p>\n<div class=\"report-container\">\n<div class=\"report-header\">\n<div class=\"standard-text\">Product Name: OIL - 2B<\/div>\n<div class=\"standard-text\">Product Code: ODIN 2B\/463<\/div>\n<\/div>\n<div class=\"product-image-container\">\n<div class=\"key-feature\">DIN 73379 Type 2B<\/div>\n<\/div>\n<div class=\"horizontal-line\"><\/div>\n<div class=\"product-details\">\n<div class=\"detail-row\">\n<div class=\"detail-label\">Area of Use<\/div>\n<div class=\"detail-value\">: Used in lubrication and greasing services for the delivery of fuels in internal combustion engines.<\/div>\n<\/div>\n<div class=\"detail-row\">\n<div class=\"detail-label\">Substrate<\/div>\n<div class=\"detail-value\">: Fuel and Oil Resistant, Smooth NBR Rubber.<\/div>\n<\/div>\n<div class=\"detail-row\">\n<div class=\"detail-label\">Reinforcement Layer<\/div>\n<div class=\"detail-value\">: High Strength Synthetic Textile.<\/div>\n<\/div>\n<div class=\"detail-row\">\n<div class=\"detail-label\">Top Layer<\/div>\n<div class=\"detail-value\">: Abrasion, Flame, Oxygen, Air and Oil Resistant Special CSM Rubber.<\/div>\n<\/div>\n<\/div>\n<div class=\"datasheet_table\"><img decoding=\"async\" class=\"alignnone size-full\" src=\"https:\/\/tuzlahortum.com.tr\/wp-content\/uploads\/2025\/08\/datasheet308.svg\" alt=\"\" title=\"\"><\/div>\n<div class=\"table-notes\"><\/div>\n<div class=\"horizontal-line\"><\/div>\n<div class=\"footer\">\n<div class=\"standards-section\">\n<div class=\"standard-item\" style=\"margin-top: 9px;\"><\/div>\n<div class=\"standard-info\"><\/div>\n<\/div>\n<div class=\"temperature-section\">\n<div class=\"temp-icon\"><img decoding=\"async\" src=\"data:image\/svg+xml;base64,PD94bWwgdmVyc2lvbj0iMS4wIiBlbmNvZGluZz0iVVRGLTgiPz4KPHN2ZyBpZD0ia2F0bWFuXzIiIGRhdGEtbmFtZT0ia2F0bWFuIDIiIHhtbG5zPSJodHRwOi8vd3d3LnczLm9yZy8yMDAwL3N2ZyIgdmlld0JveD0iMCAwIDcyLjI3IDE2Ljk4Ij4KICA8ZGVmcz4KICAgIDxzdHlsZT4KICAgICAgLmNscy0xIHsKICAgICAgICBzdHJva2Utd2lkdGg6IC41OXB4OwogICAgICB9CgogICAgICAuY2xzLTEsIC5jbHMtMiwgLmNscy0zLCAuY2xzLTQgewogICAgICAgIGZpbGw6IG5vbmU7CiAgICAgICAgc3Ryb2tlLW1pdGVybGltaXQ6IDMuODY7CiAgICAgIH0KCiAgICAgIC5jbHMtMSwgLmNscy0zLCAuY2xzLTQgewogICAgICAgIHN0cm9rZTogI2E3YTlhYjsKICAgICAgfQoKICAgICAgLmNscy01IHsKICAgICAgICBmaWxsOiAjYTdhOWFiOwogICAgICB9CgogICAgICAuY2xzLTIgewogICAgICAgIHN0cm9rZTogI2ZmZjsKICAgICAgfQoKICAgICAgLmNscy0zIHsKICAgICAgICBzdHJva2Utd2lkdGg6IDIuMDZweDsKICAgICAgfQoKICAgICAgLmNscy00IHsKICAgICAgICBzdHJva2Utd2lkdGg6IC4ycHg7CiAgICAgIH0KICAgIDwvc3R5bGU+CiAgPC9kZWZzPgogIDxnIGlkPSJrYXRtYW5fMSIgZGF0YS1uYW1lPSJrYXRtYW4gMSI+CiAgICA8Zz4KICAgICAgPHBhdGggY2xhc3M9ImNscy0zIiBkPSJNMTEuMzQsMTEuNTdjLS45NCwxLjcxLTIuNzEsMi42Ni00LjgsMi42Ni0zLjA1LDAtNS41MS0yLjQ3LTUuNTEtNS41MlMzLjUsMy4xOSw2LjU1LDMuMTljMS45NCwwLDMuNjUsMSw0LjYzLDIuNTIiLz4KICAgICAgPGNpcmNsZSBjbGFzcz0iY2xzLTUiIGN4PSI2LjU1IiBjeT0iOC42NiIgcj0iMi40Ii8+CiAgICAgIDxjaXJjbGUgY2xhc3M9ImNscy0yIiBjeD0iNi41NSIgY3k9IjguNjYiIHI9IjIuNCIvPgogICAgICA8bGluZSBjbGFzcz0iY2xzLTMiIHgxPSI2OC4zNCIgeTE9IjExLjc2IiB4Mj0iOS45MiIgeTI9IjExLjc2Ii8+CiAgICAgIDxsaW5lIGNsYXNzPSJjbHMtMyIgeDE9IjY4Ljc4IiB5MT0iNS41MSIgeDI9IjkuNzMiIHkyPSI1LjUxIi8+CiAgICAgIDxsaW5lIGNsYXNzPSJjbHMtMyIgeDE9IjU0LjA3IiB5MT0iOC43NSIgeDI9IjguNjQiIHkyPSI4Ljc1Ii8+CiAgICAgIDxwYXRoIGNsYXNzPSJjbHMtMyIgZD0iTTY4LjE1LDUuNTVjMS43MSwwLDMuMDksMS4zOSwzLjA5LDMuMDlzLTEuOTIsMy4wNi0zLjYyLDMuMDYiLz4KICAgICAgPHBhdGggY2xhc3M9ImNscy01IiBkPSJNNTMuOTEsOC43NWMwLS4xNC4xMi0uMjYuMjYtLjI2cy4yNy4xMi4yNy4yNi0uMTIuMjctLjI3LjI3LS4yNi0uMTItLjI2LS4yN1oiLz4KICAgICAgPHBhdGggY2xhc3M9ImNscy0zIiBkPSJNNTMuOTEsOC43NWMwLS4xNC4xMi0uMjYuMjYtLjI2cy4yNy4xMi4yNy4yNi0uMTIuMjctLjI3LjI3LS4yNi0uMTItLjI2LS4yN1oiLz4KICAgICAgPGxpbmUgY2xhc3M9ImNscy0xIiB4MT0iMzYuNDMiIHkxPSIxNi45OCIgeDI9IjM2LjQzIiB5Mj0iMTQuMjQiLz4KICAgICAgPGxpbmUgY2xhc3M9ImNscy0xIiB4MT0iMjguMDUiIHkxPSIxNi45OCIgeDI9IjI4LjA1IiB5Mj0iMTQuMjQiLz4KICAgICAgPGxpbmUgY2xhc3M9ImNscy0xIiB4MT0iMTkuNTkiIHkxPSIxNi45OCIgeDI9IjE5LjU5IiB5Mj0iMTQuMjQiLz4KICAgICAgPGxpbmUgY2xhc3M9ImNscy0xIiB4MT0iNDEuNTciIHkxPSIyLjc0IiB4Mj0iNDEuNTciLz4KICAgICAgPGxpbmUgY2xhc3M9ImNscy0xIiB4MT0iMzMuMjgiIHkxPSIyLjc0IiB4Mj0iMzMuMjgiLz4KICAgICAgPGxpbmUgY2xhc3M9ImNscy0xIiB4MT0iMjQuOTkiIHkxPSIyLjc0IiB4Mj0iMjQuOTkiLz4KICAgICAgPGxpbmUgY2xhc3M9ImNscy0xIiB4MT0iMTYuMDgiIHkxPSIyLjc0IiB4Mj0iMTYuMDgiLz4KICAgICAgPGxpbmUgY2xhc3M9ImNscy0xIiB4MT0iNDQuNjMiIHkxPSIxNi45OCIgeDI9IjQ0LjYzIiB5Mj0iMTQuMjQiLz4KICAgICAgPGxpbmUgY2xhc3M9ImNscy0xIiB4MT0iNDkuNDkiIHkxPSIyLjc0IiB4Mj0iNDkuNDkiLz4KICAgICAgPGxpbmUgY2xhc3M9ImNscy00IiB4MT0iNDAuODgiIHkxPSIxNi45OCIgeDI9IjQwLjg4IiB5Mj0iMTQuMjQiLz4KICAgICAgPGxpbmUgY2xhc3M9ImNscy00IiB4MT0iMzIuMzMiIHkxPSIxNi45OCIgeDI9IjMyLjMzIiB5Mj0iMTQuMjQiLz4KICAgICAgPGxpbmUgY2xhc3M9ImNscy00IiB4MT0iMjMuNzkiIHkxPSIxNi45OCIgeDI9IjIzLjc5IiB5Mj0iMTQuMjQiLz4KICAgICAgPGxpbmUgY2xhc3M9ImNscy00IiB4MT0iMjAuNTkiIHkxPSIyLjc0IiB4Mj0iMjAuNTkiLz4KICAgICAgPGxpbmUgY2xhc3M9ImNscy00IiB4MT0iMjkuMTMiIHkxPSIyLjc0IiB4Mj0iMjkuMTMiLz4KICAgICAgPGxpbmUgY2xhc3M9ImNscy00IiB4MT0iMzcuMTYiIHkxPSIyLjc0IiB4Mj0iMzcuMTYiLz4KICAgICAgPGxpbmUgY2xhc3M9ImNscy00IiB4MT0iNDUuNzEiIHkxPSIyLjc0IiB4Mj0iNDUuNzEiLz4KICAgIDwvZz4KICA8L2c+Cjwvc3ZnPg==\" alt=\"S\u0131cakl\u0131k\" width=\"100\" title=\"\"><\/div>\n<div class=\"temp-values\">\n<div>-40\u00b0C \/ +50\u00b0C<\/div>\n<div>-40\u00b0F \/ +122\u00b0F<\/div>\n<\/div>\n<\/div>\n<div class=\"marking-section\">\n<div class=\"detail-row\">\n<div class=\"detail-label\">Branding<\/div>\n<div class=\"detail-value\">: Embossed or Inkjet<\/div>\n<\/div>\n<p><img decoding=\"async\" class=\"marking-image\" src=\"data:image\/png;base64,iVBORw0KGgoAAAANSUhEUgAABf0AAAAwCAYAAACrFNDUAAAACXBIWXMAACE3AAAhNwEzWJ96AAAfGklEQVR4nO3dPW\/bWNYH8P8utg2\/gAlsgk0jFTPANFKRYFNEKhJkC5lFgjSyimTT2CqSSTG294HtKTJ2YbvJ2IXsxrAL2U2QFFSKLJJCahbYKahmgZ2C+gLcL\/AU0qGvKL5K1Kv\/P2Cw69iirshLijz33nP+8Jc\/334A4AGIiIiIiIiIiIiIiGiu\/QndgP8\/ptwOIiIiIiIiIiIiIiIa0R+n3QAiIiIiIiIiIiIiIkoHg\/5ERERERERERERERAuCQX8iIiIiIiIiIiIiogXxp1FefHZxjlw+n1ZbUnP39h0AwGq1itXqmvvvz58+Q6vZnFaziIiIiIiIiIiIiIjGauiZ\/suGMZMBfyIiIiIiIiIiIiKim2rooP+SrqfZDiIiIiIiIiIiIiIiGtFI6X1UjuOgbVlpbY6IiIhoIem6Dsdx4DjOtJsys3L5\/EgpGTPZLO9Lp2jU40dERER0EywbxlxMqm41m4H3dqvV6oRbM5yreh22bQ\/8+7y3P0xqQf+ft7ZxWa+ntTkiIiKihfRubxeapuHJo8fTbspMymSzeH98NPS95Wq1inJlBX979DjxjTGNbtkw8G5vFw\/u3ef+JyIiIgpRMpbnInX64T5Cgv5rvv8+a1rNZkDQf77bHya1oP+oN\/W6rqNkGKm05XB\/P5XtLApN01AoFt3Rw45to2GagTMMNU1DJpsFMHhSZ7JZaJqGjm1P\/EEuk82iUCwC6K4s+Wyavm3QdT10pPQmr0pRj61XnP0SdPzD+kzQ+4f9XdQxBBDYB9V+EtXXpU3q+dEwTd\/9IJ89TNuyfN+rUCy6n7ttWWiYZuh2hvnSDzt+6n6X\/Ra1j8PO8bjti3uuxT23o47BNK5L4xZ1zZXj6Hc+DXNe+hl1tq60Mag\/aJqGkmG4xzZsFolXWF+c1f6Qy+fddquz0eMerzh\/G3VMo\/ZN2PUh7nmtXvfCzmvg+jjKZ1mprEDTNKxW1xIH\/TVNQ7n3+ofFIk5rtUSvp9HJg9NqdQ0\/vn4z5dYQERERkZDngHkYaAgizyJhzzuzbJLtTy3oP6olXU9tdIVB\/2uZbBZnF+cDgbKfnA28evHSN1ggrwGAu7fv9P1ufXMDuXweh\/sHE93P65sbKFcqff+2Wl3znQVYMozIvtRqNvH29ZuZDAiNk3ps\/TiOg8P9g8AgSdDxV7f79vWbwCBNWN9SxTmGfn3Qr5\/85Gzg+dNngYH8X4+P+oJbq9U1XNXrA4EK+exhnj991ndOaZqGs4vzgYt5q9nEqxcvAwcjwo5RmB+++z5w0OHd3i4AuDOL4+zj01oNO1vbQ7ev1Wzi+dNnoX+T5NyOcwxOazUc7h8sTNqUQrGI1epa4L58t7eLXD7vO6M27vkWdV3o2Db+\/uLlUIOly4aBnzY3oGma72fw\/47yPwf9RPXFhmni7es3M9Uf5LxTBxi916Kw4wV0z9\/1zQ20Lct3tUDUMY36Do+6PoRdw\/yuq0D3\/A06Ht5+urO1jYe9wdhlw0gU+C9XKu5A2RVXoE7Fj6\/f4OziHCXDwOH+wY271yIiIiKaRR3bxpNHj+E4DsqVCtY3N6bdpMQapolXL14CAN4fH7mTB+fFpNs\/dCFfmn1BAX8gOBg5iwrF4kBQEOh+hnd7u9CHyH+Wy+cD981Npmka1jc38EsvQDyMaS2NCusnQcf6l71d39ms3YDX6Hnd3h8f+Z5juXw+tf3UUYIpQaulSsYygG6gLkngdtw3AuM4t8uVijvAsQjkeAXtC\/n3oH4GjD5Tf0nXcXZxnvh4yGBT2HX21+Mj39+XDAPLKaz+k0GTWZHJZt3j8nNvQE3v7d8kuTyXe+f0ae0k\/UbGIN+hXnK9DfoshWIRX759jfzudRzH\/WxJj1+5sgIACzX4N2\/U1TqzdP4RERER3WRqTbHOnE7KUNs9j59h0u2fmZn+lL5flGBLwzRxVb8E0A0AymjSL3u7M59TWIKOjuPg561tdylS1PLxtmUNzFLOZLNYNpaRyWax1EspdVOX\/h\/uH\/T9rOtLbtC4ZBi4rF8OFSwcZmZmkI5t47LXb4Ucd28wx6+flCsrKBSLbgoftU3LhuEGShumidPaCXRdd2clLxvLvjNhu8GMlvuzut\/UNum67gb32pbl7u\/V6hoy2SzKlUpgUCrs2Hh\/17Ft5PI5lAwDK5WVgf6stuPKsy\/l9d59DMBNj1GuVHBZv\/QdLOgWkukM\/Lu67TDDnttX9fpAm3P5vNtmSSuyCGm8ZIasXxBV0zT33zPZ7EDaKF1fAoDY+8GvL0jfk1QrSVJ1qKld\/IK8alqtw\/0DtJpN932658hK7OuI3wqClcoKlnQd5UoFp7WTmZhtLMH6hpLqZknXoWla4H7yymSzfdeuMEHnd9xru\/d6BwC5fA65fL73fdp\/rZdZ9kD\/eSopd6S4a5xg\/FW9jtXqGpZ0Pfb5LNd7x3FYZ2rKruqXyOXzeFgsAmCKHyIiIqJpy2SzWK1W0bYslCsrONw\/gKbd8p2IN6tKhoG21QbQ\/TyH+wfIZDNzM+N\/0u1PLejfXbbdSPSasLy9fgFbik8NCnjTJDRME7\/s7aLUC3rKQ\/gskuA80E0bIwGOVrPZF3jw4zjOwOdqNZu4qtfx4dNHLOk6CsXCDQ76Dwa0T2on7qz41eoanj8drl8Mk4fZj23bfe3sBq+7AWH12Ib1k39++9oLGmX6tv2wWADQvdbI8ioJbb3rrQCQ4JGq1Wz1tUlWBHjzXD9ULtrPnz5zt9O2LHz59hUABgYihPfY5PJ5Jeg\/eNxs20bJMLDUC\/Cr+0ZmvQYFwbz7WDRMEx8+fQTQDVTubA0G3IYdGAJGO7dtu+N7bqttLhSLCxH0Vz+D99iq+yeXzw28Vvav3FRECeoLtt3BanVtqOBdq9nEae0E74+PBn6n1rnwvm\/QKpmw9\/H+\/Nk03XMtl8\/DnoEgsNzMffbcL0kKJem\/YdSBg6jgedAxjct7vRNnF+e9gG7BM5gqKxAGU4M1TBOr1WrslDt2ryZLoViMfT4Xetf1zxGDITR+l\/W6O4g+y\/eZRERERDeJTLBT031KjbV5IFkBgP70yhL3mXWTbn9qQX81yByX46zgwb37vg+tfgFbik8tiuk3eCL5cmf9YUzN3+2d0dhqtkIDg0Ecx0HDNOdqNHNS2paF09oJVqtrIxV2SXO2v0ra5A2w60ohU28\/sW3bnSnq1R0Euhz4e5HJZiPPDQm2ev9OLUqqXuNs20bbsvqC3qNqNZvo9D7nsrHc1xa5FiTNbS0Fh9VinGkax7ndtix33y6S7kBIvtvPlX9X96Ff6h35\/agz3GXGtRSHjTuY0jBNHO7vB15LZCDOO2FA7Q+jrNiwbdvdd7NwA6gWx1U\/o5pbM46ggYNJklnc3mMrn89vdQGQvObSZ7OBQrHoO6jlR9qTdBIKjcdn00TJMGb6PpOIiIjoJtK0W+7\/n4VnpWFIzEXTNNyaw9Tdk2j\/0EH\/NPKkSgDB70FAgtHD4IPFdSCybVmBgypty+o9tMd7mJ6G01otcib+MHmwHOd\/wzZp4XXPn+7o7zAP6hJkG2W2\/1W97psCIijA3jDNyDQXXjK7P66drW23OGR\/myRven8KDO\/KAtU48kyf1E6wvrnRG8zbhuM4felThsn93bbaYwv6j+\/cXrwc3p2AFD9qH\/OuTFEHAUb9TlQHDZLUQYkK1sfZ1jjrrsiMllw+h\/85DlrNlu81S++lguumyqmjUCyiZCyjY9uJ0gapKxu8A4FxqYOFSa95aZI2Bx2ftFbZWL3txLkfVNNd3aT7wLD+qaZmkxV8S7qOVrPle\/1Nc1sAYFltlOC\/EomIiIiIpqdcqSCTzULTNLQtC8+fPkMmm52r4r7v9nZRtlag6zoO9w\/QtiwsG8tzs2phEu0fOuivzvwbBylCO4y7t++k3Jr55Q1Een83ymzuaZNl\/MPMYlVHNanfqMGSw\/0DnF3kR5rtb9u273G9DprFS1eiCjsXgl9zvS\/8glhqMNz7+0kXlVGvyZI2qOSTP3wejHZuz98If5SgwFm21\/9koE0dRL9O7TP\/KY5GIf3Bez76FbovGQbKlZW+dFxAd1+uVtfcfasWii4ZBn747vtYbckox2tYSVL7iNVqFcvGcm\/lg3+6nrQVisVUBiXU\/hu16iNoUGXRRfXP50+foWPbOLs4d\/dRN2VSYaAWRprbAq6P36KtviIiIiJaBBIP3NnadtOvSw3MeaBOFpdJKG3Lmpugv1\/7O73UzWkZaab\/g3v3E3eGeRp1odmlK+laki7jV\/OVMQVA+qRuQskwUsvtD8AdhZb3iPua63QP8QJQkgM\/zt+rg2beNslqEu81cpRVTGEcx3FTKZQrK2g1m0pqH\/9UG1FkJvkkA8ejnNtqSqBpzoJOm1\/gTGY1d9OVNdxUK9IP00rtA\/SvGpinYKqadtB7fq73co37vWa1uuabFk\/X9b4gKJAsd7ycT6OsNEua2kdNwSM1PzLZTOKVTl7SJ7z9QdKMrVbX0LasVPqfDGpFDeiphaNnldRCCJucksvncXZx3pdnNQ6\/\/qlpGtY3N9Cx7YHvolw+Hzgwn9a25LxbxMFYIiIiokUhk8eGSds+K2SC0LzGm6X9D1Mu6PvHUV4sefeT\/GfbnbTaTjeYPIw6jhOYq1zXdaxWq33\/vT8+wpdvX90lTDe1iO+4He4fALjO7Z+GsAC71\/rmBj58+ugWxTyt1SJniJ5dnONfv\/0bhWIRjuPg5xiFxIPSDQHwpEGo9rUt7udI6qSXwieTzbqDF51eMcykMtmsG2AM2ncyqOL3n1+O+TjinNu5fG7g3D67OHdXh0Ud73mj9iUJnqmzmq8HBa7T\/VwP2CRfFeOlFoOe1f3qd61Xz39v8PnVi5e4qtfx\/Okz3L19B3dv33H7W9CN4pKuo21ZeHDvPh7cu4\/TWs291sUhx27YfajWJpBzen1zA2cX54mus90c+aMNPEqf8F7DJJd\/JpvFl29f8f74COVKZejrgSpqG6Pu33kn\/fPJo8d4cO++25+lEPzO1jZ++O57vHrx0h0YkYL249yWSKMPEBERES0yx3Hww3ffu88mrWYTd2\/fwQ\/ffY9Ws4mdrW3cvX0HTx49BgC8ff0Gd2\/fcVdcPnn0GHdv38HO1rY7Ufvu7Ts43D\/o25bU75OfVyor+M\/v\/8WHTx\/7tjEM7\/sc7h\/g7u07bj1Xbxvl58P9A3Rs2\/38DdNEq9l0f241m+62pB6auj8+fPqI\/\/z+X6xUVvq2cdPa75VaId+0zXJwgaZLDVic1k4CZ\/XJbEM\/V\/X60Bcximbbduqz\/cMC7F7qCHXDNCOPtXf2\/fOnz2LNUA3K5y\/vq856lbQcal72tK9xaiFbKVQdVFBTyOCYStNu9QU+g+oBhOX7SzpLFYh\/bvsVEBU7W9sLN5jnOI7bl2QWhtr35JzIKrMyJMCWZGDJry\/o+pLbF5LMap+0oGt9UH9wHAc\/vn4z8LclwwgtWPzqxUv32jDsd8iwM9H9UvvIwFtY+rK3r9\/gsl6Hrus4uzjHkq67q4GiyACb99\/k+updcXBaq6FQLHhSvxSxvrnh3ugmHewMqmkRZNZq9ui6Hvh94q3DEefvwnj75\/WqRtM9DxqmiaV9HeubG6GDP2ltS65dSyGfj4iIiIj601Q2zEbfStZWs+U+n8jfSZxF7q\/l961mE22r4N57qfffMnlbJoc5jgO7d7\/m3cYw5LlEVqTLdmzb7puwJm1Uf87lc+7nbzVbfffA6nNv27LQ6cWc1DbL+6ivKSScOa+2Xyavj6v98nydZvu9ZjboL4UkiFSyvBzoPkgOm5u4ZBiwrPbCBQdnyeH+AUqGMVJuf1VYgD1MoVjEL3u7AwG+MGcX53j+9Fnk6oCodEM7W9t4f3wEYDBglSQndxKntZO+tAxRfTxscExeP4lATVrntqQVWbRCnrYn6O9NvSSDPXJjITeISWpLhPUFx3ESzWqfFZKfPM4Am0w2UM9t7++nGbR8mCBdV\/ccOuh7GLBt2y34nY25bDdsgK1tWQPXdcdx8PzpM6Wo+PV+7KatyePVi5eJZq3M+wrR1eoacvk8Tmon7v7I5fMoV1ZQKBZx9\/Yd6LqOL9++4qpedz+vpt1y6zFc1i8jr4ne\/ikPKrl8fmDFj7p6aNzbUh8iiYiIiChYLp93Mw9IvT651ypXVqDrSwCuYxG\/7O3isn7p1sQrVypuMdju\/Wb359XqGnRdR6vZdNNdd3p1FDVNc3+n63rfNoaxbCy771OurCCXz+Fw\/3qyUlgbJduA4zhYNpbd1aeyXXkGlkme65sbuKxfIpPNup9H1\/W+bYzS\/pJhIJPNjq393Qmy6bbfa2aD\/rS4dF0PzbOljqZ5lSsV9+ExapZlq9n0HTgqVypY39xwc9MuUu7vWZLmbP+k+fzluEtu5JJhoNVsBbZBlnBpmoZ3e7soFIv49fgIf713P\/A94qQbapgmnj99hnJlBZqm9RVliZuTO6nLeh0\/9fKVX9XrQw8sOI6D09pJaKBJDVB5JQ26Jzm3\/VYRyKBByTDw\/vgIf3v0eOZmlS73BsH8dPdlcHul8Lrc6GWV9D7yv3LzIMc8rSB127Lw4+s3M7c\/Vd4c6XKTJulvZDmmStf1gcB0WO7xaa4+LPTa2Z0xE\/2dZQcMnMlnGDUI2zBNvA0YSL1eRfHGvTlWC4K929tF47ub870raZnUlVGSigzofr\/J+azeG8lqre7fXKfuCpJm\/+RKWyIiIqLpkEmDfj+XDKPvftH7s3clvvdn9R5U66U4BuBOytE0Df\/67d8jtX+pt7pYyMSfuG0M+\/xLvYC4UD\/\/D999D8dxUCgWB7Zxk9rvFRn0T7vgpAQsogxb7DIsLdAoBSlk1IVGFzWz+HDfP2CoK69rNZtDB+tPazXo+hLKlQpKxjKD\/mPkne0\/7DmkzkpNEoxQiwqXjOXIgQfJ5V8oFt2il0HB62zMIrfqIFa5UkEJiB24G1bbspDL52PNkG1blm+QPU7Q\/rJ+mcqM+jTObQk0SuD7YbE4cyt5Sr3ZAH66NW+Czw+1mK8U8VW\/lyyrjRLQm4lr9b0mLr++MK+p9rqDVjU32FwoFvvO\/27u\/+DvoVkjs3cmnWLpql4fSBGW5H5IlsB2j4WBd3u77v1d3GtH3PvGWfXk0WOUKxV38FfIvpV9ZNu2uypAdHqrM4Lqm8wD5vInIiIimm3qpLF5Ne+fYVztjwz6qyMck5RRRp2SCJrdDYTnn44yTH5qSpeasiRohmFcDbOBcqUycn4sCued7Z8kxY5K8vmrOe7ikmBo3EE\/yaEmeb2DAlPX6YbiB71XesUvP48ptc8wJG3DNKV9bneDvIWZC\/qPQg36S1+2lGC8XzHfpMH6WegLaZP+kMvn3KC\/HjHwPIsktU9jTCuEgth2J7U+cVmvo1xZUeoQxNuurEpIkqpqlnRTY+3DcRz3PrTVbA58H7aaTbx6YeHDp4\/uZ\/7x9Zu5Pyfn\/fgRERERLSKZ8KVpGlara7iq63jYm2g0L2QSTSabxfvjI3w2Gyj3Yi7zYBLtn3p6n1kJfC0qCZYm\/d04RdVr8HswVAt8Hu4fcNXFGKW9uqd\/tv9wOcmGCbCLqHzDQa\/J5fOBr9F7RQm7bYpXY0BSPADASUBh3JvoJp3bclPlJypAL\/tFXQWn5tb2K+brzb19k6npbGQJpXwXqfchZxfnqV8DhbxPkoC3\/L30G3XQB7ieRZ3L5xJvdxpGueeLujZc79\/p3NuEkYcp4Pr7pVAsDqxqkjRnkq5rfXMDTx49nkaTU7fI13YiIiKieaMW2S1XVvom4s0LyTzQajaxvrkxd5N6J9H+qQb9T2u1uUwbMA8k\/7MEC7wP2mrgKGlh1FElnU2qFviUlA2j4nLzYAVldDeNAJI62z+slkOQOAH298dHKBSLvit9\/Gb4Z7JZfPj0EUA3\/7\/3c0atCoiTz99LBjzUiu833XjO7dlNBTLqcZdCmtKXvH1PAoVyvZ\/1IFvHHci41ffv6sDIqLODw\/pDw2xMdOJB22r3cvPfiv7jAEErFLrf962+VGKFYgFX9cuRi6gn4Xe\/4f09kCz4L9fbqNcMM8A7KeVKxa2zclm\/xNnFOdY3N\/qC\/lLsDOjmVX23t9s7342JHsM0xT12RERERDRZskJcCvnOI8nMMEoq92maRPsjg\/6H+wdjeeOGafYFQDq2ncp7qQGCVrOJw5Qy8sz67Dmvhmm6wYH1zY2BZeRqqqNZz2m\/Wl1zg74\/b22P\/PCoPlhzuXk\/qT4OpNsvdra2BwpmJmmTCAqaSjBN8p2rfUQGMdRzWN2Od3asOqs2OLVPdyZpp5cKKIpavPqUs\/xdaZ\/bkssfWMxzW2YIyz7zng9qMV9g9r+3pOZEoVjsqyWgznAYZeBCCvUCkx\/c9iN9clI3pd3Cz3pfwDhowCgNmqbhw6ePONw\/8A1S5\/J597PHHQBTH0CiXjPp\/ZuEpt2C4zjY6V3nGqYJXdf7vq\/ke0dWPO1sbbuD0\/NKD7hWEREREdHkdWzbnST5\/vgI\/\/rt3zM5YSZMwzTxtlfL7\/3xEVara3P1GSbd\/hhB\/8nksbdtO\/X3Ugto3jRty3JnhUpqFQl6SBoAoLuPhnkYy+VzWK1WQ\/8mjeOp67obhHYcp1cEePB9\/d5L9\/lbTbvlFmkFMFCg8Cbx7ptMNtMXbEszON2dxX0yVB5tNcAeFAC8qtfdi6UEnRzH6Suc6u3naq0BXV9yc6mpbQw6N5KmG5KA\/7gL+E7ackhhWqB7zIJmqI5ybvtdf3R9qW9gaRHPbbUws9+Ak9SvAIL7rtTKCUuxFteo25LB6SVdx\/vjI5zWTqDrOn7qDUonOVf8rvUlw3D7g7ot2W\/LxjKu6nX3uiKr48ZFajAkfY9Ws4m7t+\/4\/k7SEXnrDn02TaxvbvTtW7kf6G4z\/UEQSU3zbm8XJWMZDbPh9sNCseC+d8e2Y187g67fftR6LLOW6mhna7tvZYkMcqrnsN17CJPBi7Zl4cmjx3MdMFfr8RARERHRdF3WL91nn4bZmLs6Z0A3TiXZQ2RS3DyZdPunntOfxmdnaxtnF+fuA7C3M8mss2HECY6kEfRX8zCrOXHjvNdSRLHGjm0vVKHPpML2zc7WduoBk9NaDeXKSuJRzDizlu3esVSDTioZdFAd7h+4QWK\/1EOntZrvzHNN0xLn85fZtbNUwDcNUemaWs1mYNB\/lHM76vrTMM2ZCvilRQ2cWT5BNPX3QQNkad5UjLotdXC6UCwO5DC8SjBwE3Y9u6rX+\/aNGhD\/8u1r8oYPSQqRa5rmm889TWpaNe++dRwHV2NIF9MwTfcaH3aOJrnvkKBx3PO51Wz2Pm9h5q4BanuCzk+\/1TvzbFppJImIiIhokEx6chynL63zPClXVtC2LCzp+kyu8I0y6faHBv01TZvLnTgus\/YAGUWKFP56fNQXYAO6Ae+\/v3g59w+Uw2o1m3j7+s1CBWDT0OmlFBhHMGqY2f7qNSgqaCBFUr2BaMdx8Pzps4Egi8yqlIEx1VW9HhiYSprPX11ZwgK+43daq40tLd20qf3N73zoT2E1H0V8375+g\/fHRwP3Gof7B6lch05rtYFz2bZtvH39ZmBwUL4Px3nf89k0e4H4wthX\/exsbQ8U\/nUcB69evBxLvYe2ZeFvjx67uei9HMfB29dvYn9u9Xoed+XOZ7PhDnIMO6mB0iHffYu2wo2IiIhoXk160tM4FIpFFH6br4K9qkm3\/w9\/+fPt\/wPwD79f5vJ5d\/k+IXB5\/TxQZ91FpT3qD7QOFjiNO1M7jUGSuANP6nuphV\/9hKWJWXRh+zPOfpHj7\/3bsD4T9P5x+of69zJLNkomm3Xz8stM4qjCkpJrWl1mFaS\/sHD0Z0j690FtTLLfgo6TX7scx0k8+Bd3hnfYtoc5t6OuP3H7yDxT0534fda4v1f3qxyLpH0hbpqrONuXmhyO4+Czaca+Rof1xaj+oOu6WyOhbVlomKbbx9TXDrt\/gtor91UP7t0f+JxJU4fFOddl33ZsG42Yq43k+jDs96W6b4Ho+w6\/z12uVLC+uYGObeOv9+7Hel9N0\/Dl21domoa3r9\/MbQHcJML6Z9Lv7DS39f74CIViEVf1+kBdKSIiIiLqknSds86bTlT1n9\/\/O+HWDOf502e+zyTz3v4wDPonMM9BfyIiIpq+f377iiVdZzA0hBq8D3vA8PPL3i5KhpFosIDSpT4\/DPNwQkREREREo\/vjtBtAREREdFNI+qmSYTCFYoBypQJN03pp4ZLV3pH9u6QUC6fJkjR+USs8iIiIiIhofEJz+ndse2FzIxMRERFN2mW9jnJlBUD3PosGSWqZw\/2DxCm7pLB7yTAYcJ6StmUhl8+zrgIRERER0RSFpvchIiIionSptUrIX6FYHLoArNRqYQHZ6Rnl+BERERER0egY9CciIiIiIiIiIiIiWhDM6U9EREREREREREREtCAY9CciIiIiIiIiIiIiWhB\/AvA7gC\/TbQYRERERERERERERERERERERERERERERERERERERERERERERERERERERERERERERERERERERERERERERERERERERERERERERERERERERERERERERERERERERERERERERERERERERERERERERTdL\/A1COFpJZfszIAAAAAElFTkSuQmCC\" alt=\"Markalama G\u00f6rseli\" title=\"\"><\/p>\n<\/div>\n<div>\n<table style=\"width: 100%;\" cellspacing=\"0\" cellpadding=\"0\">\n<tbody>\n<tr>\n<td style=\"width: 120px; font-weight: bold;\">Norm<\/td>\n<td style=\"width: 400px; text-align: left;\">DIN 73379 TYPE 2B<br \/>\nISO 1307<\/td>\n<td style=\"width: 120px; font-weight: bold;\">Colour<\/td>\n<td style=\"width: 400px;\">\n<div class=\"color-icons\"><img decoding=\"async\" src=\"data:image\/svg+xml;base64,PHN2ZyB2aWV3Qm94PSIwIDAgMTAwIDEwMCIgeG1sbnM9Imh0dHA6Ly93d3cudzMub3JnLzIwMDAvc3ZnIj4KICA8Y2lyY2xlIGN4PSI1MCIgY3k9IjUwIiByPSI0OSIgZmlsbD0iIzAwMDAwMCIgc3Ryb2tlPSJibGFjayIgc3Ryb2tlLXdpZHRoPSIwLjUiLz4KICA8Y2lyY2xlIGN4PSI1MCIgY3k9IjUwIiByPSIzOCIgZmlsbD0id2hpdGUiIHN0cm9rZT0iYmxhY2siIHN0cm9rZS13aWR0aD0iMC41Ii8+CiAgPGNpcmNsZSBjeD0iNTAiIGN5PSI1MCIgcj0iMzMiIGZpbGw9IiMwMDAwMDAiIHN0cm9rZT0iYmxhY2siIHN0cm9rZS13aWR0aD0iMC41Ii8+CiAgPGNpcmNsZSBjeD0iNTAiIGN5PSI1MCIgcj0iMjIiIGZpbGw9IndoaXRlIiBzdHJva2U9ImJsYWNrIiBzdHJva2Utd2lkdGg9IjAuNSIvPgo8L3N2Zz4=\" alt=\"\" title=\"\"><\/div>\n<\/td>\n<\/tr>\n<\/tbody>\n<\/table>\n<\/div>\n<\/div>\n<\/div>","protected":false},"excerpt":{"rendered":"<p>&nbsp; \u00dcr\u00fcn Ad\u0131: OIL &#8211; 2B \u00dcr\u00fcn Kodu: ODIN 2B\/463 DIN 73379 Tip 2B Kullanim Alan\u0131 : \u0130\u00e7ten yanmal\u0131 motorlarda yak\u0131tlar\u0131n teslimi i\u00e7in ya\u011flama ve gresleme hizmetlerinde kullan\u0131l\u0131r. Alt Katman : Yak\u0131t ve Ya\u011fa Dayan\u0131kl\u0131, D\u00fcz NBR Kau\u00e7uk. Takviye Katman\u0131 : Y\u00fcksek Mukavemetli Sentetik Tekstil. \u00dcst Katman : A\u015f\u0131nmaya, Alev, Oksijen, Hava ve Ya\u011fa Dayan\u0131kl\u0131 [&#8230;]\n","protected":false},"featured_media":22411,"comment_status":"open","ping_status":"closed","template":"","meta":{"jetpack_post_was_ever_published":false},"product_brand":[],"product_cat":[2364],"product_tag":[],"class_list":{"0":"post-21611","1":"product","2":"type-product","3":"status-publish","4":"has-post-thumbnail","6":"product_cat-sel_akaryakit_hortumlari","8":"first","9":"instock","10":"taxable","11":"shipping-taxable","12":"product-type-simple"},"jetpack-related-posts":[],"jetpack_sharing_enabled":true,"jetpack_likes_enabled":true,"_links":{"self":[{"href":"https:\/\/tuzlahortum.com.tr\/en\/wp-json\/wp\/v2\/product\/21611","targetHints":{"allow":["GET"]}}],"collection":[{"href":"https:\/\/tuzlahortum.com.tr\/en\/wp-json\/wp\/v2\/product"}],"about":[{"href":"https:\/\/tuzlahortum.com.tr\/en\/wp-json\/wp\/v2\/types\/product"}],"replies":[{"embeddable":true,"href":"https:\/\/tuzlahortum.com.tr\/en\/wp-json\/wp\/v2\/comments?post=21611"}],"wp:featuredmedia":[{"embeddable":true,"href":"https:\/\/tuzlahortum.com.tr\/en\/wp-json\/wp\/v2\/media\/22411"}],"wp:attachment":[{"href":"https:\/\/tuzlahortum.com.tr\/en\/wp-json\/wp\/v2\/media?parent=21611"}],"wp:term":[{"taxonomy":"product_brand","embeddable":true,"href":"https:\/\/tuzlahortum.com.tr\/en\/wp-json\/wp\/v2\/product_brand?post=21611"},{"taxonomy":"product_cat","embeddable":true,"href":"https:\/\/tuzlahortum.com.tr\/en\/wp-json\/wp\/v2\/product_cat?post=21611"},{"taxonomy":"product_tag","embeddable":true,"href":"https:\/\/tuzlahortum.com.tr\/en\/wp-json\/wp\/v2\/product_tag?post=21611"}],"curies":[{"name":"wp","href":"https:\/\/api.w.org\/{rel}","templated":true}]}}