{"id":21608,"date":"2025-08-11T11:17:42","date_gmt":"2025-08-11T08:17:42","guid":{"rendered":"https:\/\/tuzlahortum.com.tr\/urun\/oil-2a\/"},"modified":"2025-08-20T15:37:57","modified_gmt":"2025-08-20T12:37:57","slug":"oil-2a","status":"publish","type":"product","link":"https:\/\/tuzlahortum.com.tr\/en\/product\/oil-2a\/","title":{"rendered":"OIL - 2A"},"content":{"rendered":"<p>&nbsp;<\/p>\n<div class=\"report-container\">\n<div class=\"report-header\">\n<div class=\"standard-text\">Product Name: OIL - 2A<\/div>\n<div class=\"standard-text\">Product Code: ODIN 2A\/462<\/div>\n<\/div>\n<div class=\"product-image-container\">\n<div class=\"key-feature\">DIN 73379 Type 2A<\/div>\n<\/div>\n<div class=\"horizontal-line\"><\/div>\n<div class=\"product-details\">\n<div class=\"detail-row\">\n<div class=\"detail-label\">Area of Use<\/div>\n<div class=\"detail-value\">: For delivery of fuels in internal combustion engines, lubrication and greasing services.<\/div>\n<\/div>\n<div class=\"detail-row\">\n<div class=\"detail-label\">Substrate<\/div>\n<div class=\"detail-value\">: Fuel and Oil Resistant, Smooth NBR Rubber.<\/div>\n<\/div>\n<div class=\"detail-row\">\n<div class=\"detail-label\">Reinforcement Layer<\/div>\n<div class=\"detail-value\">: High Strength Synthetic Textile.<\/div>\n<\/div>\n<div class=\"detail-row\">\n<div class=\"detail-label\">Top Layer<\/div>\n<div class=\"detail-value\">: Abrasion, Flame, Oxygen, Air and Oil Resistant Special CSM Rubber.<\/div>\n<\/div>\n<\/div>\n<div class=\"datasheet_table\"><img decoding=\"async\" class=\"alignnone size-full\" src=\"https:\/\/tuzlahortum.com.tr\/wp-content\/uploads\/2025\/08\/datasheet307.svg\" alt=\"\" title=\"\"><\/div>\n<div class=\"table-notes\"><\/div>\n<div class=\"horizontal-line\"><\/div>\n<div class=\"footer\">\n<div class=\"standards-section\">\n<div class=\"standard-item\" style=\"margin-top: 9px;\"><\/div>\n<div class=\"standard-info\"><\/div>\n<\/div>\n<div class=\"temperature-section\">\n<div class=\"temp-icon\"><img decoding=\"async\" src=\"data:image\/svg+xml;base64,PD94bWwgdmVyc2lvbj0iMS4wIiBlbmNvZGluZz0iVVRGLTgiPz4KPHN2ZyBpZD0ia2F0bWFuXzIiIGRhdGEtbmFtZT0ia2F0bWFuIDIiIHhtbG5zPSJodHRwOi8vd3d3LnczLm9yZy8yMDAwL3N2ZyIgdmlld0JveD0iMCAwIDcyLjI3IDE2Ljk4Ij4KICA8ZGVmcz4KICAgIDxzdHlsZT4KICAgICAgLmNscy0xIHsKICAgICAgICBzdHJva2Utd2lkdGg6IC41OXB4OwogICAgICB9CgogICAgICAuY2xzLTEsIC5jbHMtMiwgLmNscy0zLCAuY2xzLTQgewogICAgICAgIGZpbGw6IG5vbmU7CiAgICAgICAgc3Ryb2tlLW1pdGVybGltaXQ6IDMuODY7CiAgICAgIH0KCiAgICAgIC5jbHMtMSwgLmNscy0zLCAuY2xzLTQgewogICAgICAgIHN0cm9rZTogI2E3YTlhYjsKICAgICAgfQoKICAgICAgLmNscy01IHsKICAgICAgICBmaWxsOiAjYTdhOWFiOwogICAgICB9CgogICAgICAuY2xzLTIgewogICAgICAgIHN0cm9rZTogI2ZmZjsKICAgICAgfQoKICAgICAgLmNscy0zIHsKICAgICAgICBzdHJva2Utd2lkdGg6IDIuMDZweDsKICAgICAgfQoKICAgICAgLmNscy00IHsKICAgICAgICBzdHJva2Utd2lkdGg6IC4ycHg7CiAgICAgIH0KICAgIDwvc3R5bGU+CiAgPC9kZWZzPgogIDxnIGlkPSJrYXRtYW5fMSIgZGF0YS1uYW1lPSJrYXRtYW4gMSI+CiAgICA8Zz4KICAgICAgPHBhdGggY2xhc3M9ImNscy0zIiBkPSJNMTEuMzQsMTEuNTdjLS45NCwxLjcxLTIuNzEsMi42Ni00LjgsMi42Ni0zLjA1LDAtNS41MS0yLjQ3LTUuNTEtNS41MlMzLjUsMy4xOSw2LjU1LDMuMTljMS45NCwwLDMuNjUsMSw0LjYzLDIuNTIiLz4KICAgICAgPGNpcmNsZSBjbGFzcz0iY2xzLTUiIGN4PSI2LjU1IiBjeT0iOC42NiIgcj0iMi40Ii8+CiAgICAgIDxjaXJjbGUgY2xhc3M9ImNscy0yIiBjeD0iNi41NSIgY3k9IjguNjYiIHI9IjIuNCIvPgogICAgICA8bGluZSBjbGFzcz0iY2xzLTMiIHgxPSI2OC4zNCIgeTE9IjExLjc2IiB4Mj0iOS45MiIgeTI9IjExLjc2Ii8+CiAgICAgIDxsaW5lIGNsYXNzPSJjbHMtMyIgeDE9IjY4Ljc4IiB5MT0iNS41MSIgeDI9IjkuNzMiIHkyPSI1LjUxIi8+CiAgICAgIDxsaW5lIGNsYXNzPSJjbHMtMyIgeDE9IjU0LjA3IiB5MT0iOC43NSIgeDI9IjguNjQiIHkyPSI4Ljc1Ii8+CiAgICAgIDxwYXRoIGNsYXNzPSJjbHMtMyIgZD0iTTY4LjE1LDUuNTVjMS43MSwwLDMuMDksMS4zOSwzLjA5LDMuMDlzLTEuOTIsMy4wNi0zLjYyLDMuMDYiLz4KICAgICAgPHBhdGggY2xhc3M9ImNscy01IiBkPSJNNTMuOTEsOC43NWMwLS4xNC4xMi0uMjYuMjYtLjI2cy4yNy4xMi4yNy4yNi0uMTIuMjctLjI3LjI3LS4yNi0uMTItLjI2LS4yN1oiLz4KICAgICAgPHBhdGggY2xhc3M9ImNscy0zIiBkPSJNNTMuOTEsOC43NWMwLS4xNC4xMi0uMjYuMjYtLjI2cy4yNy4xMi4yNy4yNi0uMTIuMjctLjI3LjI3LS4yNi0uMTItLjI2LS4yN1oiLz4KICAgICAgPGxpbmUgY2xhc3M9ImNscy0xIiB4MT0iMzYuNDMiIHkxPSIxNi45OCIgeDI9IjM2LjQzIiB5Mj0iMTQuMjQiLz4KICAgICAgPGxpbmUgY2xhc3M9ImNscy0xIiB4MT0iMjguMDUiIHkxPSIxNi45OCIgeDI9IjI4LjA1IiB5Mj0iMTQuMjQiLz4KICAgICAgPGxpbmUgY2xhc3M9ImNscy0xIiB4MT0iMTkuNTkiIHkxPSIxNi45OCIgeDI9IjE5LjU5IiB5Mj0iMTQuMjQiLz4KICAgICAgPGxpbmUgY2xhc3M9ImNscy0xIiB4MT0iNDEuNTciIHkxPSIyLjc0IiB4Mj0iNDEuNTciLz4KICAgICAgPGxpbmUgY2xhc3M9ImNscy0xIiB4MT0iMzMuMjgiIHkxPSIyLjc0IiB4Mj0iMzMuMjgiLz4KICAgICAgPGxpbmUgY2xhc3M9ImNscy0xIiB4MT0iMjQuOTkiIHkxPSIyLjc0IiB4Mj0iMjQuOTkiLz4KICAgICAgPGxpbmUgY2xhc3M9ImNscy0xIiB4MT0iMTYuMDgiIHkxPSIyLjc0IiB4Mj0iMTYuMDgiLz4KICAgICAgPGxpbmUgY2xhc3M9ImNscy0xIiB4MT0iNDQuNjMiIHkxPSIxNi45OCIgeDI9IjQ0LjYzIiB5Mj0iMTQuMjQiLz4KICAgICAgPGxpbmUgY2xhc3M9ImNscy0xIiB4MT0iNDkuNDkiIHkxPSIyLjc0IiB4Mj0iNDkuNDkiLz4KICAgICAgPGxpbmUgY2xhc3M9ImNscy00IiB4MT0iNDAuODgiIHkxPSIxNi45OCIgeDI9IjQwLjg4IiB5Mj0iMTQuMjQiLz4KICAgICAgPGxpbmUgY2xhc3M9ImNscy00IiB4MT0iMzIuMzMiIHkxPSIxNi45OCIgeDI9IjMyLjMzIiB5Mj0iMTQuMjQiLz4KICAgICAgPGxpbmUgY2xhc3M9ImNscy00IiB4MT0iMjMuNzkiIHkxPSIxNi45OCIgeDI9IjIzLjc5IiB5Mj0iMTQuMjQiLz4KICAgICAgPGxpbmUgY2xhc3M9ImNscy00IiB4MT0iMjAuNTkiIHkxPSIyLjc0IiB4Mj0iMjAuNTkiLz4KICAgICAgPGxpbmUgY2xhc3M9ImNscy00IiB4MT0iMjkuMTMiIHkxPSIyLjc0IiB4Mj0iMjkuMTMiLz4KICAgICAgPGxpbmUgY2xhc3M9ImNscy00IiB4MT0iMzcuMTYiIHkxPSIyLjc0IiB4Mj0iMzcuMTYiLz4KICAgICAgPGxpbmUgY2xhc3M9ImNscy00IiB4MT0iNDUuNzEiIHkxPSIyLjc0IiB4Mj0iNDUuNzEiLz4KICAgIDwvZz4KICA8L2c+Cjwvc3ZnPg==\" alt=\"S\u0131cakl\u0131k\" width=\"100\" title=\"\"><\/div>\n<div class=\"temp-values\">\n<div>-40\u00b0C \/ +90\u00b0C<\/div>\n<div>-40\u00b0F \/ +194\u00b0F<\/div>\n<\/div>\n<\/div>\n<div class=\"marking-section\">\n<div class=\"detail-row\">\n<div class=\"detail-label\">Branding<\/div>\n<div class=\"detail-value\">: Embossed or Inkjet<\/div>\n<\/div>\n<p><img decoding=\"async\" class=\"marking-image\" src=\"data:image\/png;base64,iVBORw0KGgoAAAANSUhEUgAABf0AAAA2CAYAAAB9TTPJAAAACXBIWXMAACE3AAAhNwEzWJ96AAAgAElEQVR4nO3dv28baXoH8O8FaT3I1RrgvLhFDmJxF1zDKXaRK8wpbGwKagoZKiKxsONGUmGvi5WUQNIW\/lFIarx2QakRpIJSs9gthi4c2AXZXHJXDJEgwKUY1gHm\/gClIJ9XL4fzkxyKpPz9AIs7S+Lw5cw7w5nnfd7nBYiIiIiIiIiIiIiIiIiIiIiIiIiIiIiIiIiIiIiIiIiIiIhGcnV1dXfabSAiIiIiIiIiIiIiojFcXV3dvbq6Or7q+Y+rq6u\/m3abiIiIiIiIiIiIiIgop6urq82rq6v\/uxq2Ou22ERERERERERERERFRBldXV6tXV1d\/iQj26\/7Ckj9EPb\/49a\/urgL452k3hIiIiIiIiIiIiEj3y1\/+8u\/+\/je\/+Yfwz\/\/7v\/7rP6N+3m61PtxIw4hm2C9+\/au7\/wbgX6fdECIiIiIiIiIiIiIiGs\/fTLsBRERERERERERERERUDAb9iYiIiIiIiIiIiIhuib8d58WGYWCxVCqqLYVpt1oAANM0sWCa6ucdz0MQBNNqFhERERERERERERHRRI0c9DcMA6fnZzMZ9P\/y7hcAgKrjYH1zQ\/18ZfmhGhAgIiIiIiIiIiIiIrptRi7vU3WcmQz4ExERERERERERERF9rkYO+huGUWQ7iIiIiIiIiIiIiIhoTGPV9Nd1PA9Nt1nU5oiIiIhoTpmmiSAIuJZSgrJljVV2crFUQsfzCmwR5THu8SMiIiLa2tmeiyoql40LXDQakb87PT+74daMZn93L\/Leed7bn6SwoP\/RwSGarlvU5oiIiIhoTr14\/QqGYeCb+w+m3ZSZtFgq4c27t\/h+dy\/2ASrJ+uYmVmtr+Kf7D+D7\/gRaSEmWHAcvXr\/CH776mvufiIiIRrZYKqFsWdNuRqp2qx37u3loPxBfsWbe25+ksKD\/uJlci6UStna2C2nLyvLDQrZzWxiGgYptY8E0AQBd30fTdWOPmWEYaqQxnMG0WCrBMAx0fX\/iDzkV21btSGuzzjRNLJjmjbSRZo\/ef8OCIEgdGY3r40nnRdz7J\/2d9NMkcX14sVRCxbbV36SdG+FrQNN1I\/eDfPYkHc+LfC\/9fO3N\/EoeBB7lizXp+On7XfZb2j5OukZkbV+WPgUMHrMgCPDedTNdn+RzZX2feZT2vSLHMep8GuW8jDJutq60Me44GYaBquOo86vdamV+z6S+OKvfc2XLUu3Ws9GzHq8sf5t2TNP2TdL1Iev5pl\/3ks7rqPN4rbYGwzCwvrmRO+hvGAZW+6+\/Z9s4qddzvZ7Gt765of7326fPptwaIiIiomzarRY6njfwbDJvLvv3zlXHmXJLRnOT7S8s6D8uwzDmZnRlniyWSjg9Pxs6mb8LtvHk0ePIB2l5DQB8efeLgd9t7WyjbFk4OjjE0cHBRNpsGAbevHs71B\/W\/Q38y6PHqQ\/i3+1so2LbaLdaHAD6DOn9N0oQBDg6OIwNksT1cX27z58+iw3SJJ0\/uqrjqKBBnKjzbGtnG6u12sDPvgu2sbL8MDaQ\/8O7twPBrfXNDVw2GkOBCvnsSVaWHw5cNwzDwOn52VDwrd1q4cmjx7GDEaNOofv9b38XO+jw4vUrAFCZxVn28Um9jv3dvZHbl+U6E3XM1jc3MmX4Vh1HDYgn9ad5VrFtrG9uxO7LF69foWxZkRm1Wc+3tOtC1\/czfb9EWXIcfLezDcMwIj9D9Pdw9DkYJa0vNl0Xz58+m6kyOnLe6QOM4WtRWn+Wvt\/xvMjZAmnHNO0+Je36kHQNi7quAr1zPep4SFv1\/rG\/u4d7\/cHYJcfJFfhfrdXUQNnlCLMEaHzfPn2G0\/MzVB0HRweHMzn4RkRERKTr+r66F+14HfX8PE\/Cz1DzFvi\/6faPvJAvzb64gD8QH6ibBeubG5GBxwXTxA\/v3qa+XrJpy5Y1tyOXNDmGYWBrZxsvx\/iCSwskT0rFtoeCx8D1+RzV31++fhWZzdoLeG2O3aY3795GXkfKllXYfupqwZS4L8WqswTgOnMhq9VarbBZZlGSjtmL169gpsz2qNiVgW3dRnK84vaF\/DyunwHjZ+ovmCZOz89Sj0eYDDYlfdf88O5t5O+rjoOlAm7yZNBkVuhTlL\/vD6iZ\/f2bNrtJt9Q\/p0\/qx8U3MoOyZUUOKsj1Nu6zVGwbHz59TL3\/CIJAfba8x2+1tgagN7AxS4M9nxN9ts4snX9ERERERKKwTH8GV2fPSy0Q0XRdXDYuAPSCYxI8evn61UzV2zVNUwXIOp6nHmhXa2uqPElSRlw4KFax7ZFq5dLtcHRwOPBv01xQQeOq4+CicTFSsHCUzMw4Xd\/HRf\/cFBJACAdzJDgdBAG+392D7\/vq3JASPnqblhxHBUqbrouT+jFM01RZyUvOUmQmbC+YcV2zT99veptM01TBPTlfpf2LpRJWa7XYoFTSsQn\/ruv7KFtlVB0Ha7W1oVkaejsuQ\/tSXh\/exwBUeYzVWg0XjYvIwYLLRgO+3x36ub7tJFHHTB8QSSoNEZ4BV7Ert3LtHMmQjQqiGoahfr5YKg19ftNcAIDMAz1RfUH6npRayVOqQy\/tEnUfpJfVOjo4RLvVUu\/TO0fWMl9HomYQrNXWsND\/3jypH89EtrEE65taqZsF04RhGLH7KWyxVBq4diWJO7+zXtvD1zsAKFtllC0Li6XS0LVesuyB3vVB3ltK7sjirlmC8ZeNBtY3N7BgmpkX5ZXrfRAEvL+ZssvGBcqWhXu2DYAlfoiIiGi2SaJTx\/NQtiw8efQYAFKTmGaJngS4YJpYWX5YaLn4Sbvp9hcW9O+VL1jL9ZqT+nHsw1zH8yJLLlA2+gNzePpI03Xx8vUrVPsBQXlAnQX3tKD9yvJD9dDc8TyUP1n9uriLsa\/Xs2KB3oM7H4o\/X1EB7eP6scqKX9\/cwMryaH1\/lDrMUXzfH2hnL8jbCwjr5+ViqaSCh8+fPlPXznarhX\/\/9LEfNBo8N+71z4eO56kvdAltvejPAJDgka7dag+0SWYEhOtcJ52vHz59BBA\/8BY+NmXL0oL+w8fN931UHQcL\/QC\/vm\/kuycuCBbex6Lpuvjx558A9AKV+7vDAbdRB4aA5GOmBxXjhAcxb2sJPL1PhY+tvn\/KVnnotbJ\/O14n03vF9QXf72J9c2Ok4F271cJJ\/RhvImai6etchN83bpZM0vuE\/\/3eddW5VrYs+DPwfSf99r3bHPi5lFCScy6JPnCQFjyPO6ZZha934vT8rB\/QrYQGU2UGwnBpsKbrYn1zM3PJHb+\/JkvFtlGx7YxB\/951\/f0tHACcNxeNhhpEn6V7aSIiIqI4svbW0cGhej4tN8qRs9NnlcQNpPRwu9XCkrM0k5VMotxk+wsr7yOBmDz\/vXn3NnYqfRAE6sPn\/Y8wsGBk1ODJ\/u6eepCepUCSBHXCWXJ6sDHpRJDPIpnA925pOQwaXcfzVEmFcfq+ZPsXTdoUDrCb\/YVM263W0GCpZNNGnRsSkIz6+7jXDLfp+rzU6YuS6uer7\/uq7XnKeSRpt1oqq16CbkKud3lrW+sLDk\/iC1bvX+FjJpnFydez3n6X65lkA99G0rfC9wT6Poy6X5Dfj5vhLn0nbXHYsKbrDgx4hclAXDMUANf7wzjH1Pd9te+KOtfGoS+Oq3\/Gru\/jm\/sPMs\/IiBs4uEkyayj8PSGfL2p2AdAbtMzTH+UzRg1qRZH2hPsUTYcMvszSvTQRERFRGnlOkYoB80ieo\/Sk53lyE+0fOdM\/raRBVgumGflwNM7Cvgz8Xz88djwvMhghAcXeAEy2B82bINnISeL6np5Vu7+7p8o1MPuKwnr9oZdNP0r\/6GVqW2Nl+182GpElIOIC7E3XzV3aJcv5pNvf3VOLQw62SeqmD5bASJp1M4k608f1Y2ztbOOebcMwegOXevmUUWp\/d7wOKrY9kS\/Zk3o9dsFokfRdKoOWTbeJBdPMlQ08b7oxJX70PhaemaIPAox7jdfvQ\/JMbU07Flm2NcmptIZhoOo4KFtl\/DUI0G61I69Zpmmi6jj9UjkNVGwbVWcJXd\/PVTZIn9kQHgjMSv8un2Y5K2lz3PEp6jz0+tvJcs+rl7v6nO5rkvqnXppNZvAtmCbarXbk9bfIbQGA53VQRfZBGyIiIqJZULFt\/PHPfwLQK0N6Uq9jsVTKNCt3VmztbKtyp5JgNOk1+4p0E+0fOejfdF1UW0sTy2yRRWhH8eXdLwpuzfwKB+nCv5uXzCR9ECiuvnZ4Qcd2q9UPklU+q4djSjdufzg6OMTpuTVWbX\/f9yMDYddBs2zlSnRJ53v8a673RVQQSw+Gh39f1OBvVlL\/Wl+\/oBpRP3weSImOuDYvlkoDMykWSyV1PRunlMmsiguclfr9TwbaFkulocz22zgIkof0k\/D5KPdRetC66jhYra0NzU5YME2sb26offtCW+i86jj4\/W9\/l6kti9rxGlWe0j5ifXMTS85Sf+ZDdLmeolVsu5BBCb3\/ptX1jxtUue3S+ufK8kN0fR+n52dqH8n1MrwWRpHbApBpFioRERHRLJLnBLmf6Xgeur4\/EzOIswo\/E7533bkJ+gOTb\/\/I5X2CIMDK8kN8efeLXP+FF2gkykKfbhT3kH0dKOhNeZcA6LwMbND8aLdaqhyILMhahHCgN+trrss9ZAtASQ38LH+vnz\/hNgXBX1UbdOPM1EoSBIEqpbBaW4PZz34HohfwzUIyyW8ycGxqZXriSnTogU\/get\/rfeQ2iQqcSVZzEARqP+n9qqjSPsDgrIF5CqbqU0HD5+dWv9Z41GvirlumaQ4EQYF8tePlfJJrwyjylvaRWVdSZnJ9cyNyfYW8pE+E+4MMrqxvbsSWqMxLjl3aua0vHD2rTs\/P8D\/\/+5fEvylbFv7nf\/+i1ovJKqp\/GoaBrZ1tbO1sD30XlS0rtgxfUdvKeuyIiIiIsuhq5TuB3nOSPCtJGXS5H5V\/y72hvDb876htAb37mI7nYclZgmmaqq5\/VEWCPKLeR9qcpY1pbQ5\/\/q7vY7VWg9lP7ghv43Nrv66whXyJJsUwDHzXH+mSi1LU34QDHzJCtlgqwYwpI0U0qqODQ7Ww7KjZ\/mFJAfawrZ3tgYVgT+r11AxROR+kRMr3GRZLjys3BFwHantlEDZVdq0+Ml30LJvj+rFahFwGL7r9xTDzkux5ID7on5S92Y2ZrZFGAk1BEMSuQxAuqaRnXcQtjjzP9L4k\/VPPar4eFLgu93M9YJN\/VkyYvhj0rM4cCAdIF0uLqv+e1OtDffHJo8fY2tkeWIz65etXqDoOqo4Tud7PgmkOLPy9WlvLVTYrnC2UV9myhkr7yHXrsnGRud9XbHvs0n7SJ8LbuGhcYH1zA4ulEj58+oim66LdauN9AbONTNNE0nytcffvvJP++e3TZ\/hrEGB9c6Nfvqp3vdzf3cNlo4GyZeHF61cwDGNoIeZJbEvwXpOIiIjG0fV9\/ONXXwPo3fub5gK+ffoMAPDm3VtcNi7QdF0YhoE\/\/vlPWFl+iI7nwTRNfPj0Ed\/cf6BK4G7tbKt\/L\/XLfcq2Ts\/P0PE89Tzw488\/4cOnjwCA3\/\/2d2oboyTSXDYaA+8j9\/CGYeDHn39KbONqbQ3f3H8AoPcMsGCa6rnk5etXqlSpYRj48Okjnj99NrA\/tna20fG8gW3kXaB43tsfNrNBf6mtSSTlPADEzhTRFy6Wh2Hf91WQ7J5tp9bWJsrD931cNhqoOs5Ytf11SQH2MD3Dt+m6kQE8XTj7fmX5YabgRFw9f3lfOcfWNzdUdro+HbDo4JQEgHtB\/94XYNp3RW\/EfDBgahh3UNWyNuMCm0lT644ODnOXEZFgpLxnVAaFPhNA7wvtVgtVx0kNPM2jIAhUX5ISPnrfk\/1Q0gZhJMs6T2A3qi+Y5oLqC3my2m9aXHb+\/u5e5PdbEATqhlX\/W1nvJq6UzJNHj9W1Ie26EmfUzKCo0j4ymympfNnzp89w0WjANE2cnp9hwTSxWlvL1DfKVnmoT5StsjoHwzMOTup1VOxKqPRL76a\/3Wrh6OAw92BD3JoWccaZSTEJScHu8DocWf4uSbh\/yrnbdF11HjRdFwsHphocn\/S25NoVt04ZERERURb6vVDH82AYd9S\/u76vfh8EgXp+0l8n\/+v3\/zb89\/q29cQp\/Xf6Nor4DOE2ZG1juKx3+G+7vj8wAyLq\/eNKg9\/m9ofNbNDf9\/1bWbeY8tEDe7LwaZR7\/frY4YBN03WxWquhbJUZ9KfCFZ3tnxRgT1Kxbbx8\/WoowJfk9PxMZQbEyVJuaH93T2UAhANWeWpy53FSPx4oy5B2bsugRPz2hrOkJ0FKRwC9m7a47zhZwFe\/EQB6pYD0TNTbxg8F\/cOll2SwJzwTIM\/aEkl9IQiCuSxBKPXJswywycB4XJmoIAimGrS8l6NcV+8cOkQQBOra6\/u+WvC7lDBLR1e2rNhzquN5Q9d1KW95vaj49X4sWxZOzy08efQ41+yjIm7op2l9cwNly8Jx\/Vjtj7JlYbW2hopt48u7X6gMtMtGQ31ew7ij1mO4aFyk3veH+6dMiS5b1tCMH3320KS3JdcuIiIionHI7Hzf76pnFt\/vwjAM9Rx40bhA2SrDMAyV\/S\/xsDfv3qLdamPJWVLb6ngdrPYXi\/X9LkxzAau1GoIgwB3DgGkuwDRNHB0comyVB7YxiqrjDLxP2bL6CYi9pJpwGyUDfrW2Fvv5ZbsyK1jfluyPdqulthvexufU\/rCZDfrT7ZH0QA2g\/wAYHWSQAFlaMCYuWNo7+WoDawIQFaXIbP+89fxlQcFekOkMVcdR08WitFstfHn3CxiGgRevX6Fi2\/jh3Vs1fTBKlnJDTdfFyvJDrNbWYBgGur6vZU1nq8md10Wjge\/69covG42RBxaCIMBJ\/Tgx0KQHqMLyZvOu1moqMJSUQR0340OvHT1u6ZJJWeoPgkVJutYD14vLm+YCgOus\/nDQf7FUGsiSKCJILWU+ZjlL98u7Xwz8W27+t3a2cXp+hj989fXQuWD2Z7rpwcqk2uPTLBtT6bezt4ZDesA8LjlEPsO4Qdim6+J5zEDq9SyKZ2omgtz4A70SXs3fzu6skaLJA4w+M+r0\/Ez9\/8VSSZ3P+gwrfbqyXrorTpH983MtkURERESzLVzORb+\/MkolbO1cJ7aEY20yAzXTtrSEtJXlh2i3WqrMzDjxM327QO8+UE\/YC7dRSo9manPo8y9q\/5ZnpXarNXAfOm\/t73heIeuTidSgf95FttJIMCNN1BT8LHplgaKDXkvO0sgZkr1Rl9kLsMwDWVgvTrvVigy0LGkZrSf149hgjIy8AcMLk+rHrGLbI9X9JkoSzvYfNWioZ6XmCUbIosK9L5ul1IEHqeVfsW218GXcta2UcZFb\/fq4Wquh2n+fSZ5vHc9D2bIyZcjq9Qp1Wa7pej30cZhahnm71UrcN3ITEV7kV8\/SrtiVmfxOqiZ8z8Zd64W+mK8s4quvm+B5HVSBfiauN\/CarKL6wizX8U\/SG7Sqq2BzeK2H9c3NQhcan7RKzIy9SbtsNIZKhOVZr0NKjvWOhaPqv+cZmJOBrnn1zf0HWK3V1OCvkH0r+8j3fTUrQHT7szPi1jeZB0Ut6ExEREQ0DUlJQfNCkofm9bNkLXWZV4ag\/3QeGNPKMcRpt1qxQS999CWvo4PiF6SkePrivUllMIDrQAEA\/PHPf0r8Owb9qWjhbP88JXZ0MiCq143LSoKhSYvO6qT+nNT1jru2Xc+gyX7tW+svfvl+QqV9RiFlG6ZJzw6Iyx4GMJA1kDTCX7Htkeutzyo96C992dOC8VGL+eYN1s9CXyha0232s83L6v7HHPEeapruxQx2TZrvdwvrExeNhpramyfoL7MS8pSqmiW92ZgHCIJAZTO1W62h78N2q4Unjzz8+PNP6jN\/+\/TZ3J+T8378iIiI6PPTdF08efQYpmnizbu3WCyVRi7pMy2ytplUP5A18ObFTbR\/6uV9eIM8WUkzK7LOuhhXUi1+IDpooy\/emxZEzTr16LbWwab8iu4Lg9n+o31RjhJgF2n1huNeo8+SCTP7ixL22pRtjQEp8QAAxzEL436O9MV7jw4OEzOI9UHMJAummbgo5rTs7+7F9qm0AL18Fn3Rab22dtRivuHa258zvZyN3Cx2PA8ryw8HBuBOz88m9n0o75O3\/JR+LdIHfYDrLOqyVZ7Zsla6cQY7087n6\/17M\/dveRiGoQaa5PslaoallDmTWUtbO9v45v6DaTS5cLN2PSYiIiKKI89RkhA4bwlDwPXzZW89uFLmJMhZcRPtn1rQPwgCPJ\/x+rnzTGojy4N0+CFUD6rkXTQ0Lz\/HNHlgcPHetLJKemAyKUNagpGLpdJclnGgYumB1SICSHq2\/ygjs1kC7G\/evUXFttFutVQ9fxH15bBYKuHHn38CcF2jL+01uiz1\/MNkwENKOdBgTUApx5JE9ntSeREpf3PPtmdugfJxj7sspCl9Kdz3JFAo1\/pZv4foqoGMOwM\/1wdGxk1+SCoN03SbNzrjpuN1+rX576T\/cYy4B47ePU17oJRYxa7gsnEx9iLqeaRNvZVjm2e\/y3mf9ppRBnhvymqtptZZuWhc4PT8DFs72wNBf8MwsNqfDfbk0WO8eP2qf747N3oMi5T12BERERHNgiAI8Ncg6N9HN1ScbJ50fR93DANLzhI6njdX2f3AzbY\/NegfDi4VJRyglWy0cenbTMswz2PeZiQ0XVc9OG\/tbA9ly+uLScxayZuXGctgANflAAAkZor98c9\/gmEYqNg2g5GfubJlqUGlIvv+\/u7e0IKZedok4vqnBNMk4Ktf62QQQ7\/e6dsJZ8fqWbXxpX16maTd\/sh\/GtM01ZfVCbP8lfXNDTWg8\/3uXuK+XCyVMpW8kAGgil2ZuaD\/uCRDWB\/MDf9ez4KY9axvWXMiXI5Jn6E2zsCFLNQLTH4APwu5V7qpB4fews\/mQMA4bsCoCIZh4Meff8LRwWFkkLpsWeqzZ73X0OvBp73mpvdvHoZxB0EQYL9\/nWu6LkzTHPi+ku8dmfG0v7unBqfnlRlzrSIiIiKaNXoC4Zt3b\/Hh08cptyi\/o4NDHB0cqPvypBLfs+im258a9L+pB+pJ1NnNm2F+m3Q8T2VMStkRCQjIFHmgd3xHeVApW+XUhZaT6vDHWXKcgQfmqBEvfbFmCUymBW\/fuy6qjoOKXRmpXTSfwn10sbQ4EGwrMjjdy+I+HmlanB5gj7tmXTYaquyVBJ2CIBhYODV8LutrDZjmAi4aF1gslQbaGHf+5y03JOfqpBfwvWlpC8AnLR5vmqYaYAqCoL9WzfB1U65JesZo0n5\/7zZVyaBJLfgzLfrCzFEDTrJ+BRDfd0\/PzwAUk7Qw7rZkAH6hXyvzpH4M0zTVmjV5zpVw3zGMO6g6TuRC9rLflpwlXDYa6roiMwAnRdZgyPse7VYLX979IvJ3Uo5IbpDFe9fF1s72wL6Ve57eNosfBJHSNC9ev0LVWULTbap+WLEr6r27vp\/52hl3\/Y6ir8cya6WO9nf3BmaWyCCnfg77vo+V5Ydq8KLjefjm\/oO5Dpjr6\/EQERERzTL9fkWSCueNfIYgCOD7\/kCJ03lw0+2fek1\/mpz93T2cnp+ph8PwQ7hkZI0iS+BglOC63uHjalrJYs2Sud\/7WfLDfbvVRrU\/oHDbgmQULykAv7+7V3jA5KRex2ptLXe2f5asZd\/3+9u\/DjrpZNBBd3RwqGYfRJUeOqnXI88FwzBy1\/OX7NpZWsC3CGlT7ZIWj9evZ3q96zC5VmbNUA7P2rhNgyz6jagXEUTTfx83QFZkUHvcbekD8L3ZGYM31peNi8zbSrqeXTYaA\/tGD4jfZAaPzOKU7+dJ9k29rFp43wZBgMsJlItpuq66xifdB+W5t5Kgcdbvo3arpWb6zFLQHxj8DHHnZ9TsnXl2U6UyiYiIiMZVdRx1zzJvi\/aK9c0NBEEA0zTnct3Om25\/YtBfL9dAowWxp0lKJv3w7u3Q6FHX9\/Evjx7P9cNWnprj+u8rtj23tWNpfN1+SYFJBKNGyfY3DEML+icHDWSR1PB1OQgCrCw\/HAqySFalDP7pLhuN2MBU3nr+FdvmAr5jytMPfN9Ht58VULErtyror\/e3qP0wWMJqPhbxff70Gd68ezs0iH10cFjIsTup14fOZd\/38fzps6HBQfnOn2R5GH1m3aT75v7u3lCCQBAEePLo8URmenY8D\/90\/4GqRR8m61Vl\/dz69fwi4wCQzPQJl4yimyfffbdthhsRERHdToZh4M27t9NuxlgWSyU1G3se3XT7f\/HrX939NwD\/GvXLsmXN9c4sWtzU83mgZ6SlLY47GHwaXvwzaxbzKBlo+oKmcYIgQMfzQoufpr9XlgUyaf7p\/Tcsy7GXPh7+26TzIu79s\/RL\/e+TFqMOt1FKu0gmcdrCklJrWkrHJA345T238v59XBvz7Le44xTVLrlm5JF11D1p20l9UddutXL3A33W0jwP3kbRy51E7Yesv9f7kezfvPsra5mrLNuXNTmCIMB71838PZTUF9P6imSQLJgmOp6HpuuqvqO\/dtT9E9deuXf8w1dfD33OvKXDspzrsm+7vo9mxtlGcn0Y9Z5A37dA8r1V3P5drdWwtbONru\/jH7\/6OtP7GoaBD58+wjAMPH\/67LNIYkjqn3m\/s4vclqyvctloDK2dRURERJTF1s72TK7XFHbZuIi975yXuPH+7l7ks868tz8Jg\/45zHPQn4iIiOgm\/Punj1gwTQZDE+jB+\/B6BWlevn6FquPkGiygYunPSCvLD2eu1BIRERER0d9MuwFEREREdHscHRwCgFpLh4at1mpqts5JvZ7rtbJ\/F7TFwulmSRm\/tNmzRERERETTkljTX2rCExERERFlcdFoYLW2BqBXVo2GydTco4PD3Iufy8LuvcXYGHCeho7noWxZXFeBiIiIiGZWYnkfIiIiIqK89DUqKFrFtkdeAFbWar0zX9AAAAC0SURBVOECstMzzvEjIiIiIpo0Bv2JiIiIiIiIiIiIiG4J1vQnIiIiIiIiIiIiIrolGPQnIiIiIiIiIiIiIrol\/hbAh2k3goiIiIiIiIiIiIiIiIiIiIiIiIiIiIiIiIiIiIiIiIiIiIiIiIiIiIiIiIiIiIiIiIiIiIiIiIiIiIiIiIiIiIiIiIiIiIiIiIiIiIiIiIiIiIiIiIiIiIiIiIiIiIiIiIiIiIiIiIiIiIhu1v8DMLc1NGdgnfYAAAAASUVORK5CYII=\" alt=\"Markalama G\u00f6rseli\" title=\"\"><\/p>\n<\/div>\n<div>\n<table style=\"width: 100%;\" cellspacing=\"0\" cellpadding=\"0\">\n<tbody>\n<tr>\n<td style=\"width: 120px; font-weight: bold;\">Norm<\/td>\n<td style=\"width: 400px; text-align: left;\">DIN 73379 TYPE 2A<br \/>\nISO 1307<\/td>\n<td style=\"width: 120px; font-weight: bold;\">Colour<\/td>\n<td style=\"width: 400px;\">\n<div class=\"color-icons\"><img decoding=\"async\" src=\"data:image\/svg+xml;base64,PHN2ZyB2aWV3Qm94PSIwIDAgMTAwIDEwMCIgeG1sbnM9Imh0dHA6Ly93d3cudzMub3JnLzIwMDAvc3ZnIj4KICA8Y2lyY2xlIGN4PSI1MCIgY3k9IjUwIiByPSI0OSIgZmlsbD0iIzAwMDAwMCIgc3Ryb2tlPSJibGFjayIgc3Ryb2tlLXdpZHRoPSIwLjUiLz4KICA8Y2lyY2xlIGN4PSI1MCIgY3k9IjUwIiByPSIzOCIgZmlsbD0id2hpdGUiIHN0cm9rZT0iYmxhY2siIHN0cm9rZS13aWR0aD0iMC41Ii8+CiAgPGNpcmNsZSBjeD0iNTAiIGN5PSI1MCIgcj0iMzMiIGZpbGw9IiMwMDAwMDAiIHN0cm9rZT0iYmxhY2siIHN0cm9rZS13aWR0aD0iMC41Ii8+CiAgPGNpcmNsZSBjeD0iNTAiIGN5PSI1MCIgcj0iMjIiIGZpbGw9IndoaXRlIiBzdHJva2U9ImJsYWNrIiBzdHJva2Utd2lkdGg9IjAuNSIvPgo8L3N2Zz4=\" alt=\"\" title=\"\"><\/div>\n<\/td>\n<\/tr>\n<\/tbody>\n<\/table>\n<\/div>\n<\/div>\n<\/div>","protected":false},"excerpt":{"rendered":"<p>&nbsp; \u00dcr\u00fcn Ad\u0131: OIL &#8211; 2A \u00dcr\u00fcn Kodu: ODIN 2A\/462 DIN 73379 Tip 2A Kullanim Alan\u0131 : \u0130\u00e7ten yanmal\u0131 motorlarda yak\u0131tlar\u0131n teslimi i\u00e7in, ya\u011flama ve gresleme hizmetlerinde kullan\u0131l\u0131r. Alt Katman : Yak\u0131t ve Ya\u011fa Dayan\u0131kl\u0131, D\u00fcz NBR Kau\u00e7uk. Takviye Katman\u0131 : Y\u00fcksek Mukavemetli Sentetik Tekstil. \u00dcst Katman : A\u015f\u0131nmaya, Alev, Oksijen, Hava ve Ya\u011fa Dayan\u0131kl\u0131 [&#8230;]\n","protected":false},"featured_media":22409,"comment_status":"open","ping_status":"closed","template":"","meta":{"jetpack_post_was_ever_published":false},"product_brand":[],"product_cat":[2364],"product_tag":[],"class_list":{"0":"post-21608","1":"product","2":"type-product","3":"status-publish","4":"has-post-thumbnail","6":"product_cat-sel_akaryakit_hortumlari","8":"first","9":"instock","10":"taxable","11":"shipping-taxable","12":"product-type-simple"},"jetpack-related-posts":[],"jetpack_sharing_enabled":true,"jetpack_likes_enabled":true,"_links":{"self":[{"href":"https:\/\/tuzlahortum.com.tr\/en\/wp-json\/wp\/v2\/product\/21608","targetHints":{"allow":["GET"]}}],"collection":[{"href":"https:\/\/tuzlahortum.com.tr\/en\/wp-json\/wp\/v2\/product"}],"about":[{"href":"https:\/\/tuzlahortum.com.tr\/en\/wp-json\/wp\/v2\/types\/product"}],"replies":[{"embeddable":true,"href":"https:\/\/tuzlahortum.com.tr\/en\/wp-json\/wp\/v2\/comments?post=21608"}],"wp:featuredmedia":[{"embeddable":true,"href":"https:\/\/tuzlahortum.com.tr\/en\/wp-json\/wp\/v2\/media\/22409"}],"wp:attachment":[{"href":"https:\/\/tuzlahortum.com.tr\/en\/wp-json\/wp\/v2\/media?parent=21608"}],"wp:term":[{"taxonomy":"product_brand","embeddable":true,"href":"https:\/\/tuzlahortum.com.tr\/en\/wp-json\/wp\/v2\/product_brand?post=21608"},{"taxonomy":"product_cat","embeddable":true,"href":"https:\/\/tuzlahortum.com.tr\/en\/wp-json\/wp\/v2\/product_cat?post=21608"},{"taxonomy":"product_tag","embeddable":true,"href":"https:\/\/tuzlahortum.com.tr\/en\/wp-json\/wp\/v2\/product_tag?post=21608"}],"curies":[{"name":"wp","href":"https:\/\/api.w.org\/{rel}","templated":true}]}}