{"id":21605,"date":"2025-08-11T11:17:25","date_gmt":"2025-08-11T08:17:25","guid":{"rendered":"https:\/\/tuzlahortum.com.tr\/urun\/oil-1a\/"},"modified":"2025-08-20T15:38:00","modified_gmt":"2025-08-20T12:38:00","slug":"oil-1a","status":"publish","type":"product","link":"https:\/\/tuzlahortum.com.tr\/en\/product\/oil-1a\/","title":{"rendered":"OIL - 1A"},"content":{"rendered":"<p>&nbsp;<\/p>\n<div class=\"report-container\">\n<div class=\"report-header\">\n<div class=\"standard-text\">Product Name: OIL - 1A<\/div>\n<div class=\"standard-text\">Product Code: ODIN 1A\/461<\/div>\n<\/div>\n<div class=\"product-image-container\">\n<div class=\"key-feature\">DIN 73379 Type 1A<\/div>\n<\/div>\n<div class=\"horizontal-line\"><\/div>\n<div class=\"product-details\">\n<div class=\"detail-row\">\n<div class=\"detail-label\">Area of Use<\/div>\n<div class=\"detail-value\">: Used in lubrication and greasing services for the delivery of fuels in internal combustion engines.<\/div>\n<\/div>\n<div class=\"detail-row\">\n<div class=\"detail-label\">Substrate<\/div>\n<div class=\"detail-value\">: Fuel and Oil Resistant, Smooth NBR Rubber.<\/div>\n<\/div>\n<div class=\"detail-row\">\n<div class=\"detail-label\">Reinforcement Layer<\/div>\n<div class=\"detail-value\">: High Strength Synthetic Textile.<\/div>\n<\/div>\n<div class=\"detail-row\">\n<div class=\"detail-label\">Top Layer<\/div>\n<div class=\"detail-value\">: Abrasion, Flame, Oxygen, Air and Oil Resistant Special Synthetic Rubber.<\/div>\n<\/div>\n<\/div>\n<div class=\"datasheet_table\"><img decoding=\"async\" class=\"alignnone size-full\" src=\"https:\/\/tuzlahortum.com.tr\/wp-content\/uploads\/2025\/08\/datasheet306.svg\" alt=\"\" title=\"\"><\/div>\n<div class=\"table-notes\"><\/div>\n<div class=\"horizontal-line\"><\/div>\n<div class=\"footer\">\n<div class=\"standards-section\">\n<div class=\"standard-item\" style=\"margin-top: 9px;\"><\/div>\n<div class=\"standard-info\"><\/div>\n<\/div>\n<div class=\"temperature-section\">\n<div class=\"temp-icon\"><img decoding=\"async\" src=\"data:image\/svg+xml;base64,PD94bWwgdmVyc2lvbj0iMS4wIiBlbmNvZGluZz0iVVRGLTgiPz4KPHN2ZyBpZD0ia2F0bWFuXzIiIGRhdGEtbmFtZT0ia2F0bWFuIDIiIHhtbG5zPSJodHRwOi8vd3d3LnczLm9yZy8yMDAwL3N2ZyIgdmlld0JveD0iMCAwIDcyLjI3IDE2Ljk4Ij4KICA8ZGVmcz4KICAgIDxzdHlsZT4KICAgICAgLmNscy0xIHsKICAgICAgICBzdHJva2Utd2lkdGg6IC41OXB4OwogICAgICB9CgogICAgICAuY2xzLTEsIC5jbHMtMiwgLmNscy0zLCAuY2xzLTQgewogICAgICAgIGZpbGw6IG5vbmU7CiAgICAgICAgc3Ryb2tlLW1pdGVybGltaXQ6IDMuODY7CiAgICAgIH0KCiAgICAgIC5jbHMtMSwgLmNscy0zLCAuY2xzLTQgewogICAgICAgIHN0cm9rZTogI2E3YTlhYjsKICAgICAgfQoKICAgICAgLmNscy01IHsKICAgICAgICBmaWxsOiAjYTdhOWFiOwogICAgICB9CgogICAgICAuY2xzLTIgewogICAgICAgIHN0cm9rZTogI2ZmZjsKICAgICAgfQoKICAgICAgLmNscy0zIHsKICAgICAgICBzdHJva2Utd2lkdGg6IDIuMDZweDsKICAgICAgfQoKICAgICAgLmNscy00IHsKICAgICAgICBzdHJva2Utd2lkdGg6IC4ycHg7CiAgICAgIH0KICAgIDwvc3R5bGU+CiAgPC9kZWZzPgogIDxnIGlkPSJrYXRtYW5fMSIgZGF0YS1uYW1lPSJrYXRtYW4gMSI+CiAgICA8Zz4KICAgICAgPHBhdGggY2xhc3M9ImNscy0zIiBkPSJNMTEuMzQsMTEuNTdjLS45NCwxLjcxLTIuNzEsMi42Ni00LjgsMi42Ni0zLjA1LDAtNS41MS0yLjQ3LTUuNTEtNS41MlMzLjUsMy4xOSw2LjU1LDMuMTljMS45NCwwLDMuNjUsMSw0LjYzLDIuNTIiLz4KICAgICAgPGNpcmNsZSBjbGFzcz0iY2xzLTUiIGN4PSI2LjU1IiBjeT0iOC42NiIgcj0iMi40Ii8+CiAgICAgIDxjaXJjbGUgY2xhc3M9ImNscy0yIiBjeD0iNi41NSIgY3k9IjguNjYiIHI9IjIuNCIvPgogICAgICA8bGluZSBjbGFzcz0iY2xzLTMiIHgxPSI2OC4zNCIgeTE9IjExLjc2IiB4Mj0iOS45MiIgeTI9IjExLjc2Ii8+CiAgICAgIDxsaW5lIGNsYXNzPSJjbHMtMyIgeDE9IjY4Ljc4IiB5MT0iNS41MSIgeDI9IjkuNzMiIHkyPSI1LjUxIi8+CiAgICAgIDxsaW5lIGNsYXNzPSJjbHMtMyIgeDE9IjU0LjA3IiB5MT0iOC43NSIgeDI9IjguNjQiIHkyPSI4Ljc1Ii8+CiAgICAgIDxwYXRoIGNsYXNzPSJjbHMtMyIgZD0iTTY4LjE1LDUuNTVjMS43MSwwLDMuMDksMS4zOSwzLjA5LDMuMDlzLTEuOTIsMy4wNi0zLjYyLDMuMDYiLz4KICAgICAgPHBhdGggY2xhc3M9ImNscy01IiBkPSJNNTMuOTEsOC43NWMwLS4xNC4xMi0uMjYuMjYtLjI2cy4yNy4xMi4yNy4yNi0uMTIuMjctLjI3LjI3LS4yNi0uMTItLjI2LS4yN1oiLz4KICAgICAgPHBhdGggY2xhc3M9ImNscy0zIiBkPSJNNTMuOTEsOC43NWMwLS4xNC4xMi0uMjYuMjYtLjI2cy4yNy4xMi4yNy4yNi0uMTIuMjctLjI3LjI3LS4yNi0uMTItLjI2LS4yN1oiLz4KICAgICAgPGxpbmUgY2xhc3M9ImNscy0xIiB4MT0iMzYuNDMiIHkxPSIxNi45OCIgeDI9IjM2LjQzIiB5Mj0iMTQuMjQiLz4KICAgICAgPGxpbmUgY2xhc3M9ImNscy0xIiB4MT0iMjguMDUiIHkxPSIxNi45OCIgeDI9IjI4LjA1IiB5Mj0iMTQuMjQiLz4KICAgICAgPGxpbmUgY2xhc3M9ImNscy0xIiB4MT0iMTkuNTkiIHkxPSIxNi45OCIgeDI9IjE5LjU5IiB5Mj0iMTQuMjQiLz4KICAgICAgPGxpbmUgY2xhc3M9ImNscy0xIiB4MT0iNDEuNTciIHkxPSIyLjc0IiB4Mj0iNDEuNTciLz4KICAgICAgPGxpbmUgY2xhc3M9ImNscy0xIiB4MT0iMzMuMjgiIHkxPSIyLjc0IiB4Mj0iMzMuMjgiLz4KICAgICAgPGxpbmUgY2xhc3M9ImNscy0xIiB4MT0iMjQuOTkiIHkxPSIyLjc0IiB4Mj0iMjQuOTkiLz4KICAgICAgPGxpbmUgY2xhc3M9ImNscy0xIiB4MT0iMTYuMDgiIHkxPSIyLjc0IiB4Mj0iMTYuMDgiLz4KICAgICAgPGxpbmUgY2xhc3M9ImNscy0xIiB4MT0iNDQuNjMiIHkxPSIxNi45OCIgeDI9IjQ0LjYzIiB5Mj0iMTQuMjQiLz4KICAgICAgPGxpbmUgY2xhc3M9ImNscy0xIiB4MT0iNDkuNDkiIHkxPSIyLjc0IiB4Mj0iNDkuNDkiLz4KICAgICAgPGxpbmUgY2xhc3M9ImNscy00IiB4MT0iNDAuODgiIHkxPSIxNi45OCIgeDI9IjQwLjg4IiB5Mj0iMTQuMjQiLz4KICAgICAgPGxpbmUgY2xhc3M9ImNscy00IiB4MT0iMzIuMzMiIHkxPSIxNi45OCIgeDI9IjMyLjMzIiB5Mj0iMTQuMjQiLz4KICAgICAgPGxpbmUgY2xhc3M9ImNscy00IiB4MT0iMjMuNzkiIHkxPSIxNi45OCIgeDI9IjIzLjc5IiB5Mj0iMTQuMjQiLz4KICAgICAgPGxpbmUgY2xhc3M9ImNscy00IiB4MT0iMjAuNTkiIHkxPSIyLjc0IiB4Mj0iMjAuNTkiLz4KICAgICAgPGxpbmUgY2xhc3M9ImNscy00IiB4MT0iMjkuMTMiIHkxPSIyLjc0IiB4Mj0iMjkuMTMiLz4KICAgICAgPGxpbmUgY2xhc3M9ImNscy00IiB4MT0iMzcuMTYiIHkxPSIyLjc0IiB4Mj0iMzcuMTYiLz4KICAgICAgPGxpbmUgY2xhc3M9ImNscy00IiB4MT0iNDUuNzEiIHkxPSIyLjc0IiB4Mj0iNDUuNzEiLz4KICAgIDwvZz4KICA8L2c+Cjwvc3ZnPg==\" alt=\"S\u0131cakl\u0131k\" width=\"100\" title=\"\"><\/div>\n<div class=\"temp-values\">\n<div>-40\u00b0C \/ +50\u00b0C<\/div>\n<div>-40\u00b0F \/ +122\u00b0F<\/div>\n<\/div>\n<\/div>\n<div class=\"marking-section\">\n<div class=\"detail-row\">\n<div class=\"detail-label\">Branding<\/div>\n<div class=\"detail-value\">: Embossed or Inkjet<\/div>\n<\/div>\n<p><img decoding=\"async\" class=\"marking-image\" src=\"data:image\/png;base64,iVBORw0KGgoAAAANSUhEUgAABf0AAAA4CAYAAABHR1K5AAAACXBIWXMAACE3AAAhNwEzWJ96AAAfe0lEQVR4nO3dv2\/j6JkH8CdBumCJ9CaQCZJGxGUTpBGLXdwWFotdJIXEwgMXZ6vYvW1sFfZMMWPfwvYUszZwspvZmUJ2M5gpZB+QwUwhDXC7mCmoJkFSUE2A3QNoIF0A7h+gK8Tn9UuKpEiJkkjr+wGC7Niy9Io\/XpLP+77PQwQAAAAAAAAAAAAAAAAAAAAAAAAAAAAAAAAAAAAAAAAAAAAAAAAAAAAAAAAAAADLajAYbAwGg78OBoP\/XnRbAAAAAAAAAAAAAABgAoPB4M5gMPjfgd9fB4PBLxbdNgAAAAAAAAAAAAAASGAwGPxiMBh8NRgM\/jWI9tWi2wkAAAAAAAAAAAAAADG8VD5B33s\/Dw4CfD8YDO4sus0AAAAAAAAAAAAAACAZDAa\/HwwG54Gg\/r+8n92RXvc\/YbP+kfIHltlPfv3LOxtE9B+LbggAAAAAAAAAAAAAEVFZ1z8J\/uyf\/\/znD\/\/3ww8\/BH\/+b7\/97e9\/\/vOf\/yLJawGWwU9+\/cs7XxHRfy26IQAAAAAAAAAAAAAAMJ2fLroBAAAAAAAAAAAAAACQDQT9AQAAAAAAAAAAAABuiZ9N88eqqlLVNLNqS2bOmk0iIirrOpV1Xfz8qt0mx3EW1SwAAAAAAAAAAAAAgJmaOOivqir9+c1rUhQly\/ZkQg76bzW2xc97loWgPwAAAAAAAAAAAADcWhOn96maZi4D\/gAAAAAAAAAAAAAAywo5\/QEAAAAAAAAAAAAAbompcvrLepZFZ83TrN4OAAAAAApKURSqGAZdttuLbkpuVQyDHMehvm1P9Pcb9TpdtFoZtwqS2qjX6ardJtd1F90UAAAAKKjnL1\/4apHm1VnzVKRSD\/rHD9\/PuTWTWV+7Sz3LGvl50dsfJ7Og\/1nzNPWHAwAAAMDt83B\/j6qmSY7j4P4wREnT6PHJMfVtm9bX7qb++5pp0sP9PVIUJfIBDGYH2x8AAAAA8i6zoP+0SppGD\/f3MnmvSR6ebrOyrlPNrNGKqhIR0bXj0GX7MvIhXFVVqpomEdHIg0zNNGlFValnWTN7iFcUhTbqdamt8bMEuU3dTmfi2XJwe8jHb5DrutSzrNjjJOoYl9\/3otWKnNkXd\/7Iyro+dkQ\/6jzbqNepYlSIaPz5TDTsXzfrm6IP6Ha6obMT+bvHuWq3Rwqiq6pKG\/VNKmkaERH1bZvOmqexsx+3Go3Yzwnjum7krFZ5u3NfMG4bx\/UvSduXpI\/aqNdFDZxxwSH+HnHf9bYpaRpVDCPyO\/Pvw449opt9FfX74OvCTHtN4zYShe9jVVVpq7Htuw6fNU9j28vizkvXdeltp5PofeZJPh9VVaWe93P5+j5ufyXpS+P26bhzM+5akaR9iqJQ1TRFX0w07Fuj9ge3lb+LoiikKIrop9Ief1uNbe97rKT6O8gGn5Mb9c3YewIAAACAPLlotahv933P70Xiuq7IMrPV2C5crdl5tz83QX9+8IFs1UyTHp8cj\/y8apqRy3NWvOAE0eiDdtWsUVnX6axJMwn6q6pKT549FZ1Pz7JiH9oVRRHfT1E+oKMDBP2XnXz8Rul2OnR\/Zzf0IT3qGA++b1QQKu78kZV1fWw7w86zV29ej1ycq6ZJ93d2Q8+VimHQk2dPRz67ZtZofe2ubxvwd4\/TsyxfQKukafT85Qvfxaqs61Q1TfrTp59FBs3GffcoUQG1VcMQ73nlbYck23ijvjmyHdK0L66PUhRFzHZm44L+G\/VNX1B0GQJJiqKI7R0W9K94+zZsUED+226nE\/s58ft0m67abbq3s5uu8TR6nQ3u47BzhGh4zK6v3R07WD3uvNxqbNP9nd2x33+eeFvL50dwOwT7kiA+F+K+V9w+HXf\/MO5awds17D2i9in3OWfN05FjNXhd6FkWXbXbVDVN2mps0\/pa8nsqHghyXZeODg4T\/x1k56zZFBNqNup1zPYHAACA3Ovbtrh3dF13JE5QBFfttrjPVtUV8excFPNuPwr53mIVwwgN+LOtxraYmZgXfw4JaMaRAyF5+y6QXxXDoOcvX0z89xv1zYWMKG81GpHnx+OTY1IDs4HlQbGgrFZXffPsaei2iPvstPq2LYLfG\/XN0Ndsej8fNzs3qKRpM7vZeXxyHDuTOMwy9mnywFbY8V3SSkREpHn\/7\/\/dzeunXek1DL6mW4HCKVricAqQIB4Umhafa3mZ5cIz4InIV+spLEgeh4\/\/q\/Zltg1M4fHJceiAS1S\/R3SzX5Ocv7x9yrqe6t6H+8GL1vlSDAzmFe+\/qOsSAAAAQJ7wSlMiGrvCP6\/kdhfxO8y7\/ZnN9JeXb0M+yIGIo4NDMfu16uUh5dd0P8zP7EDugFzXTRQckJfVr6gqlTQNKX5ACKb6klNslDSNaqY5UZFJTlGRxcw+ebSd35uD0NeB4DUHFvq2TV9+\/gU5jkMb9bo4n1cNwze7tGqa4jw6Ojiki1bLt5pm1TCIaHRm81W7TZdSoE2eMX8dmOXPF6qrdlt8D57dXtZ1UlU1NAgf3DfyIETwd67rUs2s0Ua9TlXTHJnZWtZ10Y7LkABhcBuzh\/t7VNI0Kus6VQwjdEbx0cFhbJ8SF3BL25+p3nHJVo3K0hRBvXYcWlFVUlV1ZHtr3jYJHxC4WRWWVPD44tUCJU2jjfpmqvOa92vftkPbp6qqCBrLq+u2Gg3aamzHniNh7Q5LOcbLQqummYuUUBzsvg7k8lcUhVzXpR9dd+wNbsUwxEz2JCsYwtI6Jg2Gh\/UPqqrSA2+wZqO+6fsecrolntHPn1UzTXqwv0d9207Ubq53wKuvkqxWlPuJqyXpH\/Kq2+nQA3dPFK3O02obAAAAgKAVVaVXb16T4zikKAr94cPfkaIo9Pzli8IE0CuGQa\/evCai4X38b+78isq6PtWkznmad\/szC\/o\/PjlOPavzotWKXJbcsyzk5p9CxTBGgn2M\/5tnH04a+JwF13Xpy8+\/EMGQcVa94AIH1cq6jqA\/CMFAYI+GD+mv3rwWqR0mPfazyuPLdQaYPDtU\/nlZ18U5fW9nVwQJL1otqpk1KmnayExoHhTrdjrivHe8XOJPvJmqYQFHx7kOtOmmfoD82op0\/slpUY4ODsVM3+BARNh3S\/K7i5YrcuMH+6yaWRPtC\/vb4DZm62t36dv377yATSU0YNO37alSmR0dHPpS0MQJ68+WhW3bYjBO3g+Koogb0PCg+jCfeZp+P2x\/9m1bHAtp86tzurC\/\/P1vI7\/jtg9zN94MJpw1m2LF0ErCoH\/Q8FxuUlkve3nhy7kI+q9K\/Y6sb9t0b2eXHu7vJQj6D9\/jbcIg6jTnaFj\/wJNYHp8cj8zYl79fcIDost2mnmXRBylWNFy1LxPVeLn5\/GF7+radu1oOy4ZragwHucsI+gMAAEDuragqraiqqMHH98JpV6gvEj8Xcjy5Z1liElkRzLP9C03vs1GvF7JwRBGU9TIRDYNgYUGAi1ZLzNgthaRMWJRPPvo48cN7SdPEzEFeYs3BP4Ao8vGyoqoTp8SQC1JmST53gwGd4Uzh05EAJw88BC8SPavnzUQ9D3192N+Et0n33i\/83AxrD782q5QjjhTQX5VW+CiKIoJg54HvOQ4HbIhms7Tuy8+\/SBWE5X3PN2A8e3QZ9O0+EY1ej4L3CFH\/dpzrqT7fcRxxHKcZbOFVN1GDf\/xeYYMSk3xemJ41DFHnJb0Pf59up+v7eZL6BYzP6eB7zJMcwJX3EW\/ntxFtk4+lNJ\/D9zTjcD+xyG0DN3g\/LNMgLQAAABRfxaiISYA86aloaSM5\/lfWdfpAUWZSd3SW5tH+iWf6B9NOTCrqAWeYhiNdbl2iYbvyMmt9kTgQYsc8eMozK\/MiTSfDwbCeZdHbTkek6uCBAIAo8nlR0rTUnSsXX5xmtv9ZsxmaRiQqXUnPssa2M9iOJGlK5L+JWl110yZ\/EjcOPs0Lz4itGIZYocCrmlzXnSjVBQeLZxGwSXtc+Pu00lLNHuUgabAuRXC\/aIEUbnxsZrHCa5LzOO\/XmrKu00Z9k8q6Tj96g3FnzdORAUVOr8WpbjhF17W3MijpMahKA6nB\/irptpLP6TTHvpxOKwvj3ifLz+GZPUmuR9oEKa1uA17yvL52l2peWiui4aAJz5Li+hYVwxDHenA7xR3rF61zX+Hpr0+OaUVVqWdZ9OjgMHRlBfc9ebqXBgAAABinpGlipTJnB1EUJXT1cl5VTVOsUPjjp59R37apYhiFKVA8j\/ZPHPS\/bLeppJVS3+Sq3lKScTj1Rlo9y0LQX8KzJ6N+V+RZpLz8v2f1yHEc8dBcMQwcAxBr2gDhWfOUVr3AVFa5\/RkHOe2YczfoJsiWrLKKHBwbty3koGtwELFn9SKD5bOYdXzZbouaDFXTFClSiIZpQKYJwmU1kD0pOVXSMKVQj6qmSRXDiEyDd5tEBc545j8PtMkrAeRCVMsWAJVFpTiqmaYv7SLn\/V81DPrTp5\/5AphyOqmvpQLUileoOGntH76\/m2Z\/pE3tQzRMV8grr64dh+7t7M78mIhKCTYJnoSRJLVUFtt4lvg+Xy7AHqas64muQfLriUaPa97vZ81Tev7yhehDhrlRdfEAxcYd667rkuM4vsLTFcMgTdPoj59+NvKdHMfxpWTL634BAAAAiML3SvJklKLh71DUdN+zav9U6X2ODg5pfe1uqv+FFVkESEsuZMeBAX7QmvfsY1g+jjcjkIhEXu4syAH0JIEDHnQoaZovVU2ckqaJAdUkM+O5TXHBGbneAJH\/\/Mx6JjRfQ7iOAX9O2tQ+jAOMi86NHQx08v7n4ra3nbz95fOAZzXzfpcHBfi\/sxqwyfr95qGs65GpcPhayOm25JRbD7yi2UElTROznnk7BNODjWvPtCZJ7SOnWlvxipVPe97Ix5p8THA\/OCyi3Mik\/4+boCErQgqZqmn6gu9Rnr98IYq3p8HHrnw94oL2JU2jay8Iz6ImEPGxzg+37OH+nqh5JX8GDzaHKerDJQAAAOQP1+Pj+5mLVks8t\/MqXL6v53\/zvQivdOR7G\/532Hu5rksXrRZ1vawZZV2nrUZD1ACc5pko+Dlym8e18ard9n1\/\/nfYe8nf\/+uTYyrrOj3Y3xt5j2VrvyyzQr4A88QPvnLe826nK2YxEu3G\/DXA9C5aLRHwz2q2f5IAO3v+8oXv9VGpB+T3livC88VpfJvK4vVB3U5HBFQenxzTI29GurwcLetgyJU02\/+hFPyZ5HNqpikCU1EBxppZiwy0JUm5lNRN3YThag3OC17StMhiyLdNz7KorOukqir16KaILwetXdf17YubVTHTH2Ny8DavM3Uf7u\/5bvzklZNXXgFZ2XC2e4+60ioYDo5GrfJTFIWu2m1RmJvTpKSVdNVRUM00R1L7cF83rGkS3c\/2LIsURRFp\/rYa274C42lx\/xKsr3LROheDDFuNbdpqbFPPsqjb6dLbTmeqAcSkNZbyeozOw7Xj0Cdrd8l1XSppGr1685qIhoMN93d2xUpPnsWf9Fjnc2NFVekDRRErBBRFEYMYFaMS2xdPki4QAAAAgHG9sOF\/96mklXyrvrudrrhH\/svf\/0bra3e9CYkt+svf\/yZqjfUsi74+ORbpe\/u2TWW97Hsv2+6L+5pXb16LWMEfPvyduBfn+6w0LlqtyDZ\/9\/6daGO306Fvnj31tVG+f3fdH0lVV3z38\/xsw+\/1n59\/QX3bFt+\/aprUt23646efEdEwlW\/aSSZFb39QboP+nGszrbzn14VsrIrUPjcPV\/IsRiyxhlkbjoyf01Zje6rc\/rK4AHucvm2nTjNx0TpP1N5gMDr4uRyorRjGSHBFLuibFcdxqNvpUMUwRNvGzUQuaZpvwIOIRHCQ2xm16iFqZicR0Vkzm+BbSdNCU3b0LCtRoOm2GN6M6mJbBPP18+9LXl7\/m7Q2yVNhEVHssdCzrIWv+ogSNXNaDlwGBVPdXbRa4sYx6jrpv8mdbz2J1QlS+xDd5CElGg7gbDW2qWqaiYL+Yf2DPKASXKHqOA7d39n1pZgp6zqVdZ0eejNzjg4OU10P+BjPSzHmtHh7hR1PZV0XqX54ECm4bfgcTNKfyjOp+NpXMYyRml5nzVPRfyc51i9aLdpqbJOiKPS20\/Etc79ondNjb\/ZVGO6birr\/AAAAAOB2ym3QfxbBIrg9KiHL\/\/mYGQYgKzh+YOaynu0fF2APknOg8yz+dW\/2Yxg+Pzi48uTZU9+syLj2DNsUfj4dHRz6ch\/L0gbukrponfty4I+r4SHncA7zKGWALmv8Xfq27Qs4dztd2qjXRTDptg9q3xRVLnv\/7z8fuIYEF\/PloGzaVR5Rx4LrurmunxCWI72s6yKwmXRWO18nwwRTo8yToijiXEiarotn1sj9E68GIiIxQDTuc+OCuWEDbpftNjmOI1YCyXlPq6ZJK6oaWRg9TNHP7VXDEMVx+btUjIoohLu+dpd6liUGSvjaoCiKmJHfsyxaXxt\/3xbcn1yfKjhYN27wLuxY5+A990VJ38t1fxzXbAAAAICx+Dn92nGo6q2A5edszmpRamlU1stiNeJl+5JqZo2IhpObup0u1cwaragqPX\/5gvq2Ld6LSKrz5bqkqiviPnZ97S5t1Dd97zEJXhEr1xMrt8tiotu4Nga\/P+Oit\/z9V1SVvnn2lC7bl1QxKnTVblO306WtxrbvPZat\/UG5DfrD7VEzTarGdBhHB4epgjbybOJgIJKDQkXIewvFFzbbf1LyMZvkfODgpKIo9O37d1TStNiBh75tiyAUz4R9sL\/nS\/0xSZv6tk2ffPSxuKi5ritmEqfJyZ1Gz7JEgaEkdQmiDPMlnscOEMb1T1nlfq+ErFwK\/rus63OfdT2JuP7+qn0ZO0DD21kVM\/1Lvp\/fDHQNf87HZxYppLqdztgUWYt2dHA4cowoikKv3rz2gqa9ke1bM01aNSq+G864XOuL\/P58bb\/2UlslEXbuBgsUT4JX\/8izysM+mz9fVVVaNQzarG+KgrwVwyjEOZsF3s7ysSXXWVBVla5VlX50XV9ufLkuS9IaDFkdo3k+1wEAAGB5BVfPy4FfTmHJVlTV92\/53oqIRmJj8v0ZT1wkIjFBo2dZ9I8fvh9bm2mcqM9J0sZJvz+nxHFdd2QV77K1XzY26L\/VaGT2YUTJi6yqqjrRZweX98ricjOPk2Xu5mXDD8BR0j6U8zHE+a5l\/HBe0jRSVRUPdTBzwdn+k\/YT8rGc5j04ODWcEZ6sf5XTGMSlVODg6rj2cBEgIn8e7FkGvBwv6J9khuVwBmnyWbcyTmE0K3JqGce5HukruZ+rGJVCBBDj+vtxK1jk4sVEN0V8+efy6hY5QJi2n\/\/NnV+len2eua5L561zeri\/R6tGxXf\/I9f9KAJO7TPv43ya\/oFxLtWrdptevXntnQflxN9l2gerRTtrNsUKC36w4UHxK29VBBHRv3\/0MdVMU9RlIRpu\/4vWeSH6tyhJazEAAAAA5AnXL5JXARQNp8TlCYhJJ5LkRbD9We+DBEH\/7XEvmYngiFVSPcuKDPpPszQiq9zN86YoH0z0uzzjkbOwPLyyZSl+Cell2ZEGZ\/tPOut40nz+RDc5zZMG+FzXFTPl4+pfpEk3xLifDebBhnDyTIC4Ij3LUqCcBzk4ZYqcgsPx\/ltOp1LE63LWuM8JFjmWV0LIs9X5pnKW0t5fyKl9itx3DNONXdJWYztVIJ\/3R9LrRx4fyIb1VrriGsCFcoODcpftNm3UN2nF+\/esB4jnIe3+AwAAAFi0bqdDX37+hVg5vFHfLNxEFK7rVdI0+vb9O5GqsSjm0f6FpvfhwBNkjx\/w4w4Y\/t2sc8meNZtT5zpncsHLccp6GUF\/CCWfF1kc\/\/7Z\/ptTtSkqwC6P\/gYDC2EzneUZ5GG5wHmmfBQ5MJg0sFqT8tZNk3ZnmfDs5nF4f+Y9qDRtf+84DpU0TeSQtEfydw9vhPg8y\/v2mCc5EMz9Cd\/My2a5AoDv6dI+MMivDw5+8e9qZi12NWeR8SDJuJVLk27feeF9d9VuU9U06fHJ8cgqipppihVmqpfq57J9WegBPD73il6bAQAAAJYHTxx0XZccxylUsJzJaWDH1fHLo3m0f2FB\/75t072dXaRfmZGe1aOKYUSmuVFVVTw0ppnFu2jyQMVFRKE\/VV2hqmlSxTCWovglpMc5x8MC6JOQZ\/tP0lEnCbBv1jelYof+IErYAB4X9iG6ydE37m\/Cfh\/XpiDert1OB317QnJwlm+8grhIUM2s0dHB7Q5yc1HOVVHc2L9N5GK+RDRScDNvgnUKZPyzafsgvpaHnctRx9Ss8Hk\/zbLaqD50RVV9A5UVw6Anz55S37ZFDkwi\/+DHLK7\/JU2LLXisqsM57GkmtfA+HPc3cr+atxSGNa+Acc+y6N7OrlhtElxNxqt4z5qnpKoqPT45pq3GdqIivnmVdP8BAAAALBpPCKwYlcIGy3uW5ZtwWUk4kS4v5tn+sUH\/afOchrl2nJEHFbnI5DTkh7CrdjuzmUNFu5F\/2+mIGVdPnj2l9bW7YttwRWn5tUUhF7yMmk3KM8eIilP8EuZnq9EQaSSyPPbPmk0RnE0rScFc2+5T1XutPONbURQxK1r+W06FwhcTuS+UC9FEfZ5cOyMJTslCNCzYCuOVdV0EKM+ap5Hbmgcyi3YzNonhcbodOQjG22glo4D5rPG9TjCVlpyiaJrArSqlQgy73wlLszPL1DDy\/kkz6O66bkxtkeGg6LXj+O7F5BoP8rZN0r9N4+uTYyIi+vLzL0b2XUnTxP2HnWLA5aaux\/hjgVNglTQtV0F\/23uAvL8zTEN2b2eXHu7vjewD3k89y6IeDQeLi3zNkFdd5Gl\/AAAAAATJEwi\/Pjn2xQWL4qx5KmKB371\/l2nR23mYd\/vHBv3ntdw27oFvUk7I4MKycBxHLK+W80MR+WcVh+VbTWJYFDm+aGjWA0byCOTbTjfydY7jFK74JcxGsAOVj33XdemseZrp5501T+mxFxBKQw6wRwXJuEgi59y7are9EXpDBA+7gfOCVx9UDIO+e\/+OLtuXVNJKYtAjrt+9STeUrF\/e9Eapb0N+ZtnD\/b3YwGXftuno4HCi9+ZBzGuvz4rCebKXoUB5cIA9uF2iAogyTl8TtsIlrWnfq2\/bon7Gk2dPRdorDgyP2\/eysGNRHgiSr4u8HaumSX27L44ZHjSclWC9kKR9QdzED94Hl+1LX2ofx3GoZ1lU1nWxbRVFEdt2FinGeAUlEdG3798NA9feaslg35r089OmUrupe5G8UPA89G2bPvnoY3GM8kNl8Ji9t7PrG3j68vMvCr0iM+21EgAAAGBR5GetvK+YjuL\/DvEpi\/No3u1faE5\/mK2jg0MxGyxsyc40wargMvt5kAtejnu44grYyzAzFqJF7X\/XdUNnaU7r0gvMpz03NJFqK\/q4dl2XHh0cikGFYGHyvm2PBJkuWi2qGBVRCyNYHP1RxPmverN0h20an\/5LURSRjqXIRTjDzDJAyn1akv6MlXWdnFuY05zJK1TCUqgEf18ERweH9OTZU2\/VTd33u\/OINHVh4o7Fq3bbFxDvdjr0wN0jRVEmGoicRs+yvBR7sx90P2ue0vOX+si2dV031bZNqtvpiAkVRP6CybJHB4eJA9ncDyTdVj2rJ1IYTnoPNyvB7xy1DeSfFzngT3QzeBscdAcAAADIm6ppejn8ryeuRbhoD\/b36ANFIVVdKWS8b97tjw36y2lSgDIrRjsvruvS+tpderi\/N7Ifr9ptOkrxUJoHPBs6LD1UUM\/q0Ua9Tite7YK8p4CA+bj2ZoaeNU9nNls67Wx\/VRpAGxdg56Deg\/0930zJnmWFzpbkPuDJs6cjxYsfHRxGFsRMm8+f62cQoYBvUmn2O9eeKGkarRqVW1nIVMbFeqOOPf59sMhvXnU7HTo6OBQrdYhuVhpNW2x+WNj2cuT+hM\/9b5499Q1CXrRaMx8Q55Upq4ZBijLb+4yeZdH9nV1fn3jtOHRvZ3dm1\/17O7vU7XRpq7E9MhDDkynSzPrm9GxxKxhl3U6HHtPxSMoomD\/V2wdExUqVCQAAAMsrOAmpaBRFEanMi2je7f\/Jr3955ysi+q+wX5Z1vXD5kWbpN3d+tegmTAVLkAFuD17BE5cSSKYoCpU0LbPixQCQ3iKuwzzAlLSvyMJ379\/Riqr6clbOWlnX596\/cb9KFJ+eLQoXIyYi+sOHv0v891+fHEcWdof5ebi\/Rxv1+kgxaQAAAICkaqZZiBQ1w7SW4c8wW43GnFszmaj05kVvfxwE\/VMoetAfAAAAYNa2Gg3aamyT67q+PO\/gx4MjV+023fMK4CYh359nUbsC0lNVlb59\/46IiO7v7N76FVgAAAAAUDw\/XXQDAAAAAOD2uGi1RO2Foi8hnhW5CHvaovLyTKtgrRaYjw2peD0C\/gAAAACQR7E5\/fu2jWXDAAAAAJAY1yzYrG9OXbfgtupZFvVtm7qd7kQ1Zo4ODunVm9e5K+a7LC7bl1Q1zVQrNAAAAAAA5ik2vQ8AAAAAwCRUVZ1Z0fTbQC7sPAls38XC9gcAAACAPIud6Q8AAAAAMAkERONNW+sA23exsP0BAAAAIM+Q0x8AAAAAAAAAAAAA4JZA0B8AAAAAAAAAAAAA4Jb4GRF9u+hGAAAAAAAAAAAAAAAAAAAAAAAAAAAAAAAAAAAAAAAAAAAAAAAAAAAAAAAAAAAAAAAAAAAAAAAAAAAAAAAAAAAAAAAAAAAAAAAAAAAAAAAAAAAAAAAAAAAAAAAAAAAAAAAAAAAAAAAAAAAAAMB8\/T8p2qo4tF+XUwAAAABJRU5ErkJggg==\" alt=\"Markalama G\u00f6rseli\" title=\"\"><\/p>\n<\/div>\n<div>\n<table style=\"width: 100%;\" cellspacing=\"0\" cellpadding=\"0\">\n<tbody>\n<tr>\n<td style=\"width: 120px; font-weight: bold;\">Norm<\/td>\n<td style=\"width: 400px; text-align: left;\">DIN 73379 TYPE 1A<br \/>\nISO 1307<\/td>\n<td style=\"width: 120px; font-weight: bold;\">Colour<\/td>\n<td style=\"width: 400px;\">\n<div class=\"color-icons\"><img decoding=\"async\" src=\"data:image\/svg+xml;base64,PHN2ZyB2aWV3Qm94PSIwIDAgMTAwIDEwMCIgeG1sbnM9Imh0dHA6Ly93d3cudzMub3JnLzIwMDAvc3ZnIj4KICA8Y2lyY2xlIGN4PSI1MCIgY3k9IjUwIiByPSI0OSIgZmlsbD0iIzAwMDAwMCIgc3Ryb2tlPSJibGFjayIgc3Ryb2tlLXdpZHRoPSIwLjUiLz4KICA8Y2lyY2xlIGN4PSI1MCIgY3k9IjUwIiByPSIzOCIgZmlsbD0id2hpdGUiIHN0cm9rZT0iYmxhY2siIHN0cm9rZS13aWR0aD0iMC41Ii8+CiAgPGNpcmNsZSBjeD0iNTAiIGN5PSI1MCIgcj0iMzMiIGZpbGw9IiMwMDAwMDAiIHN0cm9rZT0iYmxhY2siIHN0cm9rZS13aWR0aD0iMC41Ii8+CiAgPGNpcmNsZSBjeD0iNTAiIGN5PSI1MCIgcj0iMjIiIGZpbGw9IndoaXRlIiBzdHJva2U9ImJsYWNrIiBzdHJva2Utd2lkdGg9IjAuNSIvPgo8L3N2Zz4=\" alt=\"\" title=\"\"><\/div>\n<\/td>\n<\/tr>\n<\/tbody>\n<\/table>\n<\/div>\n<\/div>\n<\/div>","protected":false},"excerpt":{"rendered":"<p>&nbsp; \u00dcr\u00fcn Ad\u0131: OIL &#8211; 1A \u00dcr\u00fcn Kodu: ODIN 1A\/461 DIN 73379 Tip 1A Kullanim Alan\u0131 : \u0130\u00e7ten yanmal\u0131 motorlarda yak\u0131tlar\u0131n teslimi i\u00e7in ya\u011flama ve gresleme hizmetlerinde kullan\u0131l\u0131r. Alt Katman : Yak\u0131t ve Ya\u011fa Dayan\u0131kl\u0131, D\u00fcz NBR Kau\u00e7uk. Takviye Katman\u0131 : Y\u00fcksek Mukavemetli Sentetik Tekstil. \u00dcst Katman : A\u015f\u0131nmaya, Alev, Oksijen, Hava ve Ya\u011fa Dayan\u0131kl\u0131 [&#8230;]\n","protected":false},"featured_media":22407,"comment_status":"open","ping_status":"closed","template":"","meta":{"jetpack_post_was_ever_published":false},"product_brand":[],"product_cat":[2364],"product_tag":[],"class_list":{"0":"post-21605","1":"product","2":"type-product","3":"status-publish","4":"has-post-thumbnail","6":"product_cat-sel_akaryakit_hortumlari","8":"first","9":"instock","10":"taxable","11":"shipping-taxable","12":"product-type-simple"},"jetpack-related-posts":[],"jetpack_sharing_enabled":true,"jetpack_likes_enabled":true,"_links":{"self":[{"href":"https:\/\/tuzlahortum.com.tr\/en\/wp-json\/wp\/v2\/product\/21605","targetHints":{"allow":["GET"]}}],"collection":[{"href":"https:\/\/tuzlahortum.com.tr\/en\/wp-json\/wp\/v2\/product"}],"about":[{"href":"https:\/\/tuzlahortum.com.tr\/en\/wp-json\/wp\/v2\/types\/product"}],"replies":[{"embeddable":true,"href":"https:\/\/tuzlahortum.com.tr\/en\/wp-json\/wp\/v2\/comments?post=21605"}],"wp:featuredmedia":[{"embeddable":true,"href":"https:\/\/tuzlahortum.com.tr\/en\/wp-json\/wp\/v2\/media\/22407"}],"wp:attachment":[{"href":"https:\/\/tuzlahortum.com.tr\/en\/wp-json\/wp\/v2\/media?parent=21605"}],"wp:term":[{"taxonomy":"product_brand","embeddable":true,"href":"https:\/\/tuzlahortum.com.tr\/en\/wp-json\/wp\/v2\/product_brand?post=21605"},{"taxonomy":"product_cat","embeddable":true,"href":"https:\/\/tuzlahortum.com.tr\/en\/wp-json\/wp\/v2\/product_cat?post=21605"},{"taxonomy":"product_tag","embeddable":true,"href":"https:\/\/tuzlahortum.com.tr\/en\/wp-json\/wp\/v2\/product_tag?post=21605"}],"curies":[{"name":"wp","href":"https:\/\/api.w.org\/{rel}","templated":true}]}}