{"id":21584,"date":"2025-08-11T11:15:15","date_gmt":"2025-08-11T08:15:15","guid":{"rendered":"https:\/\/tuzlahortum.com.tr\/urun\/lpg-d\/"},"modified":"2025-08-20T15:38:20","modified_gmt":"2025-08-20T12:38:20","slug":"lpg-d","status":"publish","type":"product","link":"https:\/\/tuzlahortum.com.tr\/en\/product\/lpg-d\/","title":{"rendered":"LPG - D"},"content":{"rendered":"<p>&nbsp;<\/p>\n<div class=\"report-container\">\n<div class=\"report-header\">\n<div class=\"standard-text\">Product Name: LPG - D<\/div>\n<div class=\"standard-text\">Product Code: LPGD 278\/27D<\/div>\n<\/div>\n<div class=\"product-image-container\">\n<div class=\"key-feature\">LPG Discharge - \u03a9 EN 1762<\/div>\n<\/div>\n<div class=\"horizontal-line\"><\/div>\n<div class=\"product-details\">\n<div class=\"detail-row\">\n<div class=\"detail-label\">Area of Use<\/div>\n<div class=\"detail-value\">: For delivery or LPG<\/div>\n<\/div>\n<div class=\"detail-row\">\n<div class=\"detail-label\">Substrate<\/div>\n<div class=\"detail-value\">: LPG Resistant, Conductive Black NBR Rubber.<\/div>\n<\/div>\n<div class=\"detail-row\">\n<div class=\"detail-label\">Reinforcement Layer<\/div>\n<div class=\"detail-value\">: High Strength Synthetic Textile.<\/div>\n<\/div>\n<div class=\"detail-row\">\n<div class=\"detail-label\">Top Layer<\/div>\n<div class=\"detail-value\">: Special micro perforated synthetic rubber resistant to ozone, weather, heat, flame and oil.<\/div>\n<\/div>\n<\/div>\n<div class=\"datasheet_table\"><img decoding=\"async\" class=\"alignnone size-full\" src=\"https:\/\/tuzlahortum.com.tr\/wp-content\/uploads\/2025\/08\/datasheet299.svg\" alt=\"\" title=\"\"><\/div>\n<div class=\"table-notes\"><\/div>\n<div class=\"horizontal-line\"><\/div>\n<div class=\"footer\">\n<div class=\"standards-section\">\n<div class=\"standard-item\" style=\"margin-top: 9px;\"><img data-recalc-dims=\"1\" width=\"1020\" decoding=\"async\" style=\"margin-right: 10px;\" src=\"https:\/\/i0.wp.com\/tuzlahortum.com.tr\/wp-content\/uploads\/2025\/04\/tse-1.png?fit=1020%2C40&#038;ssl=1\" height=\"40\" alt=\"\" title=\"\"><\/div>\n<div class=\"standard-info\"><\/div>\n<\/div>\n<div class=\"horizontal-line\"><\/div>\n<div class=\"temperature-section\">\n<div class=\"temp-icon\"><img decoding=\"async\" src=\"data:image\/svg+xml;base64,PD94bWwgdmVyc2lvbj0iMS4wIiBlbmNvZGluZz0iVVRGLTgiPz4KPHN2ZyBpZD0ia2F0bWFuXzIiIGRhdGEtbmFtZT0ia2F0bWFuIDIiIHhtbG5zPSJodHRwOi8vd3d3LnczLm9yZy8yMDAwL3N2ZyIgdmlld0JveD0iMCAwIDcyLjI3IDE2Ljk4Ij4KICA8ZGVmcz4KICAgIDxzdHlsZT4KICAgICAgLmNscy0xIHsKICAgICAgICBzdHJva2Utd2lkdGg6IC41OXB4OwogICAgICB9CgogICAgICAuY2xzLTEsIC5jbHMtMiwgLmNscy0zLCAuY2xzLTQgewogICAgICAgIGZpbGw6IG5vbmU7CiAgICAgICAgc3Ryb2tlLW1pdGVybGltaXQ6IDMuODY7CiAgICAgIH0KCiAgICAgIC5jbHMtMSwgLmNscy0zLCAuY2xzLTQgewogICAgICAgIHN0cm9rZTogI2E3YTlhYjsKICAgICAgfQoKICAgICAgLmNscy01IHsKICAgICAgICBmaWxsOiAjYTdhOWFiOwogICAgICB9CgogICAgICAuY2xzLTIgewogICAgICAgIHN0cm9rZTogI2ZmZjsKICAgICAgfQoKICAgICAgLmNscy0zIHsKICAgICAgICBzdHJva2Utd2lkdGg6IDIuMDZweDsKICAgICAgfQoKICAgICAgLmNscy00IHsKICAgICAgICBzdHJva2Utd2lkdGg6IC4ycHg7CiAgICAgIH0KICAgIDwvc3R5bGU+CiAgPC9kZWZzPgogIDxnIGlkPSJrYXRtYW5fMSIgZGF0YS1uYW1lPSJrYXRtYW4gMSI+CiAgICA8Zz4KICAgICAgPHBhdGggY2xhc3M9ImNscy0zIiBkPSJNMTEuMzQsMTEuNTdjLS45NCwxLjcxLTIuNzEsMi42Ni00LjgsMi42Ni0zLjA1LDAtNS41MS0yLjQ3LTUuNTEtNS41MlMzLjUsMy4xOSw2LjU1LDMuMTljMS45NCwwLDMuNjUsMSw0LjYzLDIuNTIiLz4KICAgICAgPGNpcmNsZSBjbGFzcz0iY2xzLTUiIGN4PSI2LjU1IiBjeT0iOC42NiIgcj0iMi40Ii8+CiAgICAgIDxjaXJjbGUgY2xhc3M9ImNscy0yIiBjeD0iNi41NSIgY3k9IjguNjYiIHI9IjIuNCIvPgogICAgICA8bGluZSBjbGFzcz0iY2xzLTMiIHgxPSI2OC4zNCIgeTE9IjExLjc2IiB4Mj0iOS45MiIgeTI9IjExLjc2Ii8+CiAgICAgIDxsaW5lIGNsYXNzPSJjbHMtMyIgeDE9IjY4Ljc4IiB5MT0iNS41MSIgeDI9IjkuNzMiIHkyPSI1LjUxIi8+CiAgICAgIDxsaW5lIGNsYXNzPSJjbHMtMyIgeDE9IjU0LjA3IiB5MT0iOC43NSIgeDI9IjguNjQiIHkyPSI4Ljc1Ii8+CiAgICAgIDxwYXRoIGNsYXNzPSJjbHMtMyIgZD0iTTY4LjE1LDUuNTVjMS43MSwwLDMuMDksMS4zOSwzLjA5LDMuMDlzLTEuOTIsMy4wNi0zLjYyLDMuMDYiLz4KICAgICAgPHBhdGggY2xhc3M9ImNscy01IiBkPSJNNTMuOTEsOC43NWMwLS4xNC4xMi0uMjYuMjYtLjI2cy4yNy4xMi4yNy4yNi0uMTIuMjctLjI3LjI3LS4yNi0uMTItLjI2LS4yN1oiLz4KICAgICAgPHBhdGggY2xhc3M9ImNscy0zIiBkPSJNNTMuOTEsOC43NWMwLS4xNC4xMi0uMjYuMjYtLjI2cy4yNy4xMi4yNy4yNi0uMTIuMjctLjI3LjI3LS4yNi0uMTItLjI2LS4yN1oiLz4KICAgICAgPGxpbmUgY2xhc3M9ImNscy0xIiB4MT0iMzYuNDMiIHkxPSIxNi45OCIgeDI9IjM2LjQzIiB5Mj0iMTQuMjQiLz4KICAgICAgPGxpbmUgY2xhc3M9ImNscy0xIiB4MT0iMjguMDUiIHkxPSIxNi45OCIgeDI9IjI4LjA1IiB5Mj0iMTQuMjQiLz4KICAgICAgPGxpbmUgY2xhc3M9ImNscy0xIiB4MT0iMTkuNTkiIHkxPSIxNi45OCIgeDI9IjE5LjU5IiB5Mj0iMTQuMjQiLz4KICAgICAgPGxpbmUgY2xhc3M9ImNscy0xIiB4MT0iNDEuNTciIHkxPSIyLjc0IiB4Mj0iNDEuNTciLz4KICAgICAgPGxpbmUgY2xhc3M9ImNscy0xIiB4MT0iMzMuMjgiIHkxPSIyLjc0IiB4Mj0iMzMuMjgiLz4KICAgICAgPGxpbmUgY2xhc3M9ImNscy0xIiB4MT0iMjQuOTkiIHkxPSIyLjc0IiB4Mj0iMjQuOTkiLz4KICAgICAgPGxpbmUgY2xhc3M9ImNscy0xIiB4MT0iMTYuMDgiIHkxPSIyLjc0IiB4Mj0iMTYuMDgiLz4KICAgICAgPGxpbmUgY2xhc3M9ImNscy0xIiB4MT0iNDQuNjMiIHkxPSIxNi45OCIgeDI9IjQ0LjYzIiB5Mj0iMTQuMjQiLz4KICAgICAgPGxpbmUgY2xhc3M9ImNscy0xIiB4MT0iNDkuNDkiIHkxPSIyLjc0IiB4Mj0iNDkuNDkiLz4KICAgICAgPGxpbmUgY2xhc3M9ImNscy00IiB4MT0iNDAuODgiIHkxPSIxNi45OCIgeDI9IjQwLjg4IiB5Mj0iMTQuMjQiLz4KICAgICAgPGxpbmUgY2xhc3M9ImNscy00IiB4MT0iMzIuMzMiIHkxPSIxNi45OCIgeDI9IjMyLjMzIiB5Mj0iMTQuMjQiLz4KICAgICAgPGxpbmUgY2xhc3M9ImNscy00IiB4MT0iMjMuNzkiIHkxPSIxNi45OCIgeDI9IjIzLjc5IiB5Mj0iMTQuMjQiLz4KICAgICAgPGxpbmUgY2xhc3M9ImNscy00IiB4MT0iMjAuNTkiIHkxPSIyLjc0IiB4Mj0iMjAuNTkiLz4KICAgICAgPGxpbmUgY2xhc3M9ImNscy00IiB4MT0iMjkuMTMiIHkxPSIyLjc0IiB4Mj0iMjkuMTMiLz4KICAgICAgPGxpbmUgY2xhc3M9ImNscy00IiB4MT0iMzcuMTYiIHkxPSIyLjc0IiB4Mj0iMzcuMTYiLz4KICAgICAgPGxpbmUgY2xhc3M9ImNscy00IiB4MT0iNDUuNzEiIHkxPSIyLjc0IiB4Mj0iNDUuNzEiLz4KICAgIDwvZz4KICA8L2c+Cjwvc3ZnPg==\" alt=\"S\u0131cakl\u0131k\" width=\"100\" title=\"\"><\/div>\n<div class=\"temp-values\">\n<div>CODE 278: TYPE D: -30\u00b0C \/ +70\u00b0C (-22\u00b0F \/ +158\u00b0F)<\/div>\n<div>CODE 27D : TYPE D-LT: -50\u00b0C \/ +70\u00b0C (-58\u00b0F \/ +158\u00b0F)<\/div>\n<\/div>\n<\/div>\n<div class=\"marking-section\">\n<div class=\"detail-row\">\n<div class=\"detail-label\">Branding<\/div>\n<div class=\"detail-value\">: Transfer Band or Embossed<\/div>\n<\/div>\n<p><img decoding=\"async\" class=\"marking-image\" src=\"data:image\/png;base64,iVBORw0KGgoAAAANSUhEUgAABf4AAAAoCAYAAACvpushAAAACXBIWXMAACE3AAAhNwEzWJ96AAAgAElEQVR4nO2dXWgcZ7rn\/5LtZJxd1y5mbnZU7Jmz8bLpAp+zDEO6LxIyAXcT7M2BqGtZe3Qj9YA\/YJD6QrIvbOlCclgc+0ISA\/6AaenGsRe6FYixGboDcda+6DbDcGbClmYgOWcJ1ZmbwTDlJZ7EsbwX1c+rt6qrqqu6q7+k5wcmkVr11lPVVe\/H8z7P\/xl59e9+\/O8B\/FcwDMMwDMMwDMMwDMMwDMMwDDPs\/PNe2E7\/T\/ttCcMwDMMwDMMwDMMwDMMwDMMwHfP2aL8tYBiGYRiGYRiGYRiGYRiGYRgmPtjxzzAMwzAMwzAMwzAMwzAMwzA7iL39NoBhGIZhGIZhGIZhGIZhGCYsqqpiMjcF06xjo1iEZVn9NolhBo6OHP8JTcN0fgaKosRlTyxcXFzCpmEgoWm4sDAvfr9RLKFULPbRsniYeBWYOzzSbzMYhumAhd+9wMdf9dsKhmEYhmEYhmEYhhkeFEVBOpPBdH4GY6oKAEhn0lhdXkGtWu2zdQwzWHTk+L9247p4yQYJ2ohQFAXJVEr8vlat9cuk2DiwDzj9Gjv9GWaY+fobsNOfYRiGYRiGYRiGYSKgqirOL8wjnck4fp9MpXD1hob1whpWl5f7ZB3DDB4dafwPotN\/p3P6tREc2NdvKxiG6YTLn7\/otwkMwzAMwzAMwzAMMzR8cOUyPr531+H0r1WrqJsmADv4dzo\/gzv37jqCgBlmN8Ma\/0PEj16xZX6Y3cXIfgWjYxoA4PkXnLY27Pz2L8Cnf+63FQzDMAzDMAzDMAwz+CRTKXxw5XJT8PG52TmUikXh8J\/M5QDYsuRXb1wfiuh\/VVWHJqjaT0YpoWkDJwHvhWVZ2DSMpt8Pu\/2tiM3xXzdNvHv0GBfT6CKLP2GJn93I3tezePm9eWzVDXxz+b\/12xymQzjan2EYhmGYXjCZy+GJZe2IGmfdRlEUXL1xHRPHT\/TbFIZhGKaBoii4dOVyk6xPpVzGudk54X+0LAsXF5dQq9ZwYWEeY6oqNgOSqSTOzc7BbGQFDBrjuo7p\/Ey\/zQjFoR\/\/vefvLyzMD0WGRa1a9Rznh93+VsTm+DdNs2Onf1y7LJuGseM2IH76Q\/sfs\/vYc8jugL7\/vNJnS5hO+fgr4E9\/7bcVDMMwDMPsdMjhoSgKatXqwDo8BoWbt28hoWnI6jpvlDAMwwwAWV3H+YV5h4+wbpq4uLiESrnseUylXEalXMZ0Pi+c6clUCvcfPsB6oYDV5ZUd5ytkmFYMlNRPXLssE8dP7LhK3hztH47RMQ0vvzcPAHj6q\/A7YS+\/Ny\/kdLx4\/kUVzz5bw4un\/oPE3sNpvPTOjGjnxWMTzx6V8N1vVkLb4dcu4O\/4D7J9q27g+88rLBE0ADx5NhzR\/glNw4WFeWwaBi4uLoU65sLCPBKa9zNYN02sLq8EOhzSmQym8zOijVq1itXlldD9+M3btwDAd\/c7zDW5bdg0DKwur\/hOKomsrmMyNyWOsywLn5TLWCusNaXhkR2t2CiWYnU6BH0\/bi4uLgm7FUXBZC6HrJ4V6ad100SlXA41ac7qOsb1bKRz0j2qmybOzs75HtPqOyeSqZSY9HudJ4igtun8Qc\/phYV5jOs6FEWBZVnYKBYD7xu1GQU\/GydzOaQzacd9DGq\/Vq1hvVBosi2OZzaojU3DwHphjR2SAwC9K5Zl4czJU02fpzMZTOamHO+RDD1ffp8DrZ+nTvs+d1Rg3TSxVljDeqHga68XYca\/oOPpvO2kYsfJZC4n+h\/53aYNAbl\/CiuF0Krv66TtTuYSUccrGp\/kZ65WrSKhaZjOz7Djn2EYpo8kNA3Xblx3yN\/4jSfT+TySqSQA5zxidXkZG8UiLl25LHyM9vw4E7hxsBtYXV7B6vIysrqOS1cu99uctiCf74WFeSHvNEyQ\/R9cuYxxXe\/6+QbK8c94M\/Gqre\/PtGZkv4I9h5KRjxsd0wKP23Moib2H03j6q597Ov\/3vZ7Fyz93dpojB1W89M5M4HGtIKf\/i6cWtureC8gg2\/ccSmLfW1N49tkavv0onBOX6Q43v7Sd\/4OOoiiRN2ATmhZ4zJFMBhPHT3g6QbwmHMlUCjdvp4RmYyta2dvqmrxs2NaFLPg6gLwGakVRMK7rGNd1MakKawdRq9Za\/k0UWn0\/MhRRoyiKiH6UGVNVTOZyGNd1nJudC5w0j6lqqPPKUTzyPSoVS75O9TDtur9Xv\/NEJZ3JiGM3jWYHKdD8bJBTakxVPZ2qQLhrcuMXmTqVm8KYqmJ1eXvjOaj9ZCqFdCaNieMnmhyEnT6zQW0kUylM5nKh33VmG3Jcyve2bppi4zTqZoplWYHfNfUj6UymqS9XpXf9ScCGYKvnKZlKIZlKBm76BbXt7rPGVFVsNLid\/50GGrU6flzX+xqIZPc5UwCA9xeXHO+1WzKBnPUAAh30Yfq+dtsG2p9LtDNe0fgk912ryysY13WMqSpH\/TMMw\/QBWke5gwS8gsK8JICSqRQSWkKs3UzTxMTxE5jO5zGZm4KiKBhTVbHG263R\/3QfS42NkWGErqFSrgyl43\/7Oyj1xPE\/2vUzMB1xYB9w+jWO9h8ERse0Juc+YEvxyL9\/8djE8y9qjuNeeqc9zTaS+XneoczPvrem2raB6ZyvvwGu\/XHwo\/27haIouHbjetPvk6mUY7KxaRiOBf35hXmoXS501MqGyVzO0xGRTKUcg3StWkWtWnUdOzUURYK8mMzlHFkMdH31hjNRdip1i061Lrs1kaUsho1i0XOxID8b5Iilv5MdZ52w0XBIHcmkPc9PEVIbERxXYaP7u8GlK5dDZ6XsdlRVxZ17d8U9Wy8UMHH8BM6cPAXTNDGu67j\/8AGm8\/lI7cp9l3efZwcYJLRE02f0vFmW1XH2xriuI9vGAkjuszYNw+EcILmbbkB9I\/2T+4QP+riYTmcyUBQFddN0OLBp8wZo7p9a3acwfV+7bYfBby4R13hFmVl2m90d3xiGYRgn6UwGd+7ddcxFLcvCudk5z430dCYjxhx5\/ea1dltdXsaZk6ccG8CTuRzu3LvbVDtgN0D3J53JiPF62Ni+hnTT+n0Y6LX9sUX8qyEj+2Tqphm4QGj3AdxJu3anXxvBgX39tmL38N1vVpqkeUb2K9j\/yw8xOqZh7+E0Rg+q2Hq8\/dzKDvVvP5zDs0clAMDoQRU\/+MU1jI5pdtT9o5Jv1L4fFPEfRqrHy\/Z9r2fx0nvzGNmviMj\/djIPmM4YBomfOPCalE3mcqLAUjqTcU247IU1SUvQsRSpTZGC7UR\/hsXPhmQqhas3rgsbJo67r8s+rt6IJJHHMjrWHWVJtFuUp13c57IzKm4F2kHX5y6cZX9mf6fnQn4v7syHsNjRv6mOJqOytI8X7ntAz149QE6CFgilYsnzb+jebRqGiKBXFAX3Hz5oHJ\/2vCZ3sSzSJvW6f+lMBuO6Lpx78veTbTjnKuWy5xzLfR5FUYQs0biu46LHcxvHM+vVBj1LgO0Y9MuGYGyo+GhC01A3Tbx79Jjju6qUy+IZDhtlLbNpGEhoGlRVhTuHg94hzeNd2o4CDzfH8XoW1EYEXkLTMJmbihxtTe\/dRrEoxgzq6yjTwCtDya9IXVi83gt6d7ejynu\/oKZNQfc1e\/VPCU3DnXt3AcD3PrXb94Vp2027c4k4xqv1wprYSFBVlWXIGIZhugwFnrh9iUFZ18B2QII8p\/js4YNG1la2aRyhTWG5bgBF\/1fKZby\/uLRr+vzp\/IyQd\/zZG2\/Csqyhk\/0h6cFatYp3jx4D4J2NP6j02v7YHP9jqtq2Pq3fhLiXjpFB5Eev2DI\/TH958dTC3359Gq8s\/G8AwJ7DaWx9tgbAdu6TzM53v1kRTn8A2HpsOo7b93oW334U3vE\/elDFyEE7iq7dwr7PHpWw9biO\/b\/8ECP7Fex9PYtnDduZ3vDbvwCf\/rnfVvSP9UIBWT3bSOFPOhbr5ERYL6w5xoFSsYgxVRU6wd1y\/MuODHf6aK1axfuLS0IX0u1cpeMuekwSa9WqmEQNI3S9AJqcKID9nfpFfMaN18Q9LBvFIi4uLuGqR4SoHxTNbPg4MN2R\/F7QwmW9sCbuEUWSypGpnVApl1E3TYypKsZ13SFjcqTxbH5SDjduWJaFi4tL4trCOufiYL1QEJtrXpsYjBNZA\/2sx7sJ2P3nkUxa1C3ZKBZDL2TJ8T\/myrRSVVX0Ce7P7M\/HAHQmU2Y2NNzJ+R\/lWaC\/B+CQt6IsrISmIaFpPXuubd3cbF8d\/35Oeq\/+iTIkbIkE7\/vUbt8Xpu0w+M0l4h6vTNMUz0wylYLJcj8MwzBdgWR9SJ6SoDprJOPmxcXFJXGMPPeolMtIaJqUbead\/WjL\/8yIsTKdyUDTNKwV1nq2xhkE6qbpWKsMI3LQyTBeQ6\/s77vUTxwp7zsVLug7OGw9NkW0\/ujB7YFJ1tb\/\/lFzBNTWY1M47aPWHtjTiPbfqhsdRek\/\/6IqbN8TUMCY6Q67Jdo\/iErDASk7POW+36vw4oZLmqAbyPZ4SaLIDoqgiHEvhnHi4WbTMHyvo9vXR+2P63rbck9+jlFq3y3NBGw\/a34OTIqm94t4BdAoPNZc+NKynoS2PQxkQ1YqoJyVCmpGiZim+wH4P+vdQn7\/We7HH1ogA81SNm5k53cUySzTrAPYjqIj3N+Lu0+Wi6l2Qpg+14snltXIjGmubdCvvjjMZovstA5LmPGQ\/sayrKY+7szJU5g4fiKyAz5M39du22HxmksQcY5XdB73e8AwDMPEQzqTwc3bt0QmF2DPIS4uLolxhDbPvf6RlB0AsSkMQBxPmQIU2e7+t2kYOHPyFC4uLol2qC7QbpKfpGwLChZZLxSwXigM1Tp2XNcxmcsh28iEXl1eiSR12m96ZX9HEf8UbdYt2skgAOwXftg0ntz89If2P2ZwePHUdtqMSs5zish\/8dRyyP\/I\/O3X7UkXkL5\/u9H+Mlv1TYyOacJepjd8\/BXwp7\/224rBhJwdcqSBjGmaHUswtEKVJppeNpAzlCIVvRxtOzlCuZ\/1CWgMT6ZSXZF7IikKN7JGuNdn9HnQhMxPWoWyCTp1jhIbxSKm8zMOSQqS9ximCS85J+n+DqPOaC+QNWgrLbI5yAmqKEojAyTc+2Pf+5mmzTb3Atj9PZGj2S9TptvY2QJ+751te9B7J2sEdzvNX5bWImrVqufaRZb7qpTLQrbIsiy8v7jku7lH1+z1LrXzfoXt+\/r57sY5XrWSiGMYhmHa5+qN6026+l5SOzTeqOoYxnW9UbPG3nyumyYq5YooyH7txnW89cabvue0sx\/rTb9fLxTwSbksMryB7ej\/i4tLPcsU7CeTuRwmczmRKS3\/fhigeRUARx0Hee4yyMj2n5udE3O7uO3vyPH\/7tFjkR8IenHD0G6U57AWU5ThaP\/BY2T\/AQDw1Onfqm\/Gfj7KEIjF8e+zKcF0jyfPONo\/CBrI+qmlSBvXYWzwG1fGdb0t\/fphoJ8yFYAdtXzzdqpxj5sjeeNGnnN4XXMr7fyw7RtGPOOF2ZDcoGLC64VCSw3uQYU2z3bC\/K1byIE2Yd7JTcOIHFFODs+xhrQPfS8U+by6vILp\/Aw0qcCv6krPHyRkCSC\/TYk79+46FlYXF5c8s9DaOTfg\/K5ItsArg+Lm7Vu+EnGqOiac\/tROMpX0dfyT9NJmhL6GvkcvJ0enfV9Q23ER53jFjn+GYZj4kbX1ibpp4vTJU57zB9rUp3mue5PfNE2cOXkKV29cF7LjYaTC3es2s1GvLavroj7PbtX+J4Z1Pi7bPazXQMRtf0dSP5ZlYXV5OdK\/YVuM9oOJV219f2ZwGD2oikj\/XjjR9xxKYWS\/YmcSRCwIzAwGN7+0nf+MXa0eGDynUCeQA2M6P4MPdlhKaK1aFc6nqzeuYzqfb1tup1M7yIkTRa6kXVoVKN2WWdnEdD6PbITiSyTBAwCfxOj82pDkfmQZmKjvGhU\/peOZnUXYQBrLssS7L\/dp7mhvr8\/ieG7kCMA42puSirD7tefuu70KDEYhoWmiMLxbD1+W3tkoFrG6vCI2GajWhRf0bq8XCmLskeWc\/K6pVTZaQtOQzmSE08RL\/kw+f5S+L2zbUfCaS3RjvNptDh6GYZhecCSTbnJmloqljsaGSrmMMydtdQXaRPdivOHUD6JULOLdo8ea6tF9fO9uz6PfN4pFTBw\/IcZ6kjCi+gNnTp7CmZOnxPxm4vgJnDl5SswzZLkjaot+luWUADvKfOL4CTF\/oVpLE8dP4FwHGdfyecjmieMnxDpFbt9tI\/1M806v6584fgJ100S9sQF05uQpsS6\/c++uKPrcbjDHsNvvJrbivkw8HNgHnH6No\/0HidGDKn7wi2vi5+chIvBHxzSM7G\/epXv+RbhIpL0Nff\/nX7RfKI\/pH19\/A1z7I0f7A7ZUwXbkY+vn2cvhUjfNUAtxv8leN3b81wtrwkk1rusY13VYloVPymWUiqXAqMOEpvnaulEsRdJm7xbrhTVM52eEM2o6P9NIqy1jvbAWyTGS1bO+WsmtpPk2iiUR6XNxcamrskpko9d3R4VnAecmxGRuChPHTwTapSgKzjdSOKMUWg1DqVjE+YY+Ktm1XohWwF1RFFy6cln87HX9w\/DMMv5EeW8oU4DkfKiwL\/XDddPsiuNfbWjrUludvuvUbwDBTnLLsrBeWIOiHMB4Y4NuOj+DiePh5mtf\/N9\/9fw9RTG6OTs715TBZFlPMJ2fCdxwoMUmACHt1YpW34m8yVGrVoXzRKbdvi9M21EImkvEOV656WfWG8MwzE7izMlTmMzlRH8NoDH2JXFudq7tvrpSLosM2GQqhXQm05RhFnZeQW246fU4QGueWrWKrJ51OH9Ns+6Qs5HtmzSmRJ2xWrWKdCYt1qVebSmKIubwq8sruHrjOgB7zlGrVlEDMK5nIwdEbBqG4zxPLEvYXClXhD3UvmzjhYV5IfFaq1ZFVjNhSW1RUDn9nEwlxSbNu0ePiTaibtwMu\/1eDLTjv9v6zoPI6ddGcGBfv63Yvbz0zgxeesd\/N\/j7R6VQEf8vvzfvWcz3\/+X\/Uyg76Njnn+98XbmdyG6V+Amqy0KL8HbasIs2tpbT6WWx+Fq1inOzcw6HKRXfHNd14ejwmmTK0dXN7Q7GZt\/q8nKTNN+YqgodyPVCwaEDGQSlzHrRalOm1NCxp3N3U1Zp24HZLI9BkaZex8gTPC8mczlxnUEOyHb5pFwWDkugtZyGn6MSgIhEcTMMz+xuIupmZhSnfK1aQzKVEnIx9F6QVI5hGA5ZFapd4aWd60cylQp8DqNuXnlBTmpbE9h\/Y+rMyVNiwbxpbDp0fjshKIrR7dyolMuiXocX7mj5bkSkq41+2nLZ3Enf16ptP6LOJeIcrwhyIjEMwzDxsV4oYKNYxKUrl0UAVTKVwsf37jqy4KIycfyEqB1w9cZ1\/OyNNx1jpTwme22eqw2pIPd6RdZc7yXkLE5oGsZUFQlNE\/Ww5GCqZCrpkMtUpfmZoiiO+ln0\/3JbqiTtON6Q9bPbdbYRFfd5SHrSsiwxb\/SzUT4\/jcNyW1QAV26Lrl\/OHHW3sZvs92KgHf+7jR+9Ysv8MIPJVt3Atx9FWzi0gywrxBH\/w8dv\/wJ8+ud+WzFYWJblGfk47JSKRdSqVRzJZJBMJR162slUCpeuXO44yrGfnJ2dw1ojs4Guj5jM5WCa9djSD4NYXV7BpSuXMZmbwnqh0JWof1kL3Cuqh66dimoCEDqlQcVTVUckfqErDru1wppwePk57sOwaRiRnWNM75Adv8lUsuUGT7vSTVQElxYv7g2xTWMT6UzGkREAxBcNt1EsdrzIzuq6uH6\/Z9oruKhSLuMS7M3csJHe7s08RTmAdCaD6fwMVHUslGO81XfULfmtjWKpsdGT9K0z0G7fF6btqATNJQZlvGIYhmGCIamTdCaDC42sVSpwOpWbwtnZuVDjL83dKSPxzMlT+N0ffi8CseRgIcooJGgOQJli7ojq9UJBOGf7Ad0L2oi4c+8uLMsSa5Xf\/eH3AOD4Wc6iyOpZceyFhXlHlsWde3dRN03x+e\/+8HvUTROWZeEn\/\/CP4m\/kNtrB6zx0DelMJtDGm7dvOY51X\/\/9hw+arh+wg6HOzs4hoWlN599t9rthx\/8AwQV9+8+Lxya2Hjuj1l48tfD88zKePQpfn+L7R0Uh6zN6UMXe17MtjtiGov236gYX5R1Cdmu0P+CdRrlpGJEmTrITJeqEwy9LLEjzsVNM08R6oSAcCuTwoR19r6gS0uxrh6Br6aRdP2S9eJrokNNnquGIb0XYjA0\/ehH1r0ma2F7OeXoO319cEk5J0zRFwU0\/JyE5\/e2aSPFH+wPb31FC01Apt5ai87KzUq4EfpfdeLai0utnf9AgjVF6D4M2aWQN9jDPhAxF9m9HLTklsOz\/bhf4bUfqR9a6l3+3USzFUgCW3rtatRqpvXYW+F790eryCu4\/fIBxXcdaYc21aZPCZG7KEdXV2q4nke0Kg7zB8tnDBxhT1aaU9Hb7vjBt+9HuXCKO8YphGIbpDZVyGZVyGR9cuSwCWKhIL0X\/k9zN6vKKCEwgSFJOXmfUTROKFKG+USw2rSWpHXnjgaAgmEGQeHPbHVS41v1z0LFen4+pKkrSGFsqlmKprxZkR1Qbw1w\/SedsGkYs0fLDbr9MS8f\/zdu3+pbqGJQGHARpUrkh3cd26ab00E9\/aP9j+suzRyV895vOnTPyJsGeQ6lojv\/D9mKQo\/2Hj4+\/Av70135b0T\/imCjJTpRkKhnbLnevIJ3J+w8fCKeIuUP0zy3LQqmhUU\/psGG1pjvFHfUfN0H6\/vIcSHYi1qrVwEgMWWN8vbDW1aghajvMOXa6g3wns7q8IhapJGHiRi4Sa+vXR3tfZMepnOK9LYezvTEgF5GNWkegW8\/hdD4v3slubba1guq9jOs60pmMQ16gW5vQnUKL\/GQqKZ6Zdvu+MG0HEcdcotPximV+GIZhesPZ2TmUiiVcWJgX84rtMWMNlXLZc5Od5h3T+RnH3MTdthtVVR2bDdTWemGtq5Kig0qlXMamsYlkKimyOLN6eN\/VIEBzi6yedcjzDAu9sJ8j\/gcEjvYfbkYPjrX1mRcU8f99iCLCYRk9OFzO02HkybPdHe0fFYq26Ebh3bDIzhg\/yL4oTi2KZk2mUrFvXFDkixfdkoNwI59\/rEeOfznqP0qkbFiC9P1l3M+B2XB+eUW9yhrju3EhEYUw79kgPPv9Zr1QgKYlMK7ruLAwjycN5yZBhZrHVBWWZbUsPO2HXCRPURTH\/bUsSxT4pb5zUO6\/oiiYzE0BsKP8+hmxRzUPZC1e54aMs45BHJF1blRVRdQQEr8xOUrfF7XtbtLpeDUIUZ8MwzA7nVq1inePHnMU\/6V5yEaxKIrdymwUS2KeQkVpgeB592Qu1yT7UymXh1qatRM2DUNce1bXhQTNMCHX8fngymUhmzMs9Mr+vjr+5YrGu5mJV219f2b4ePHUHoBGDqoY2a+In2VIr\/9FCNmePYdSoh2SCooD2kwIYwPTHje\/tJ3\/TDho8U36jO7JnFxMtFsLbzonaUt62dCOjEU36Wak7KBDUf9xO8i8opqj4n4+ZI3xfkUdDwth37Pd\/OwD2wVSz87OwTTrmMxNNQrRJoUeKMmvbBoGzs7OYdMwkNX1yJr5tDFLhd7c3wsV+CUn+6AUeL7QkHUBgt87UWzWQ3Kom9BG8LnZuab1T5z9mt\/Gs9qQ2wG8JYraPVe32u4XQcEADMMwTPdYLxRQq1YxnZ8RgT7juo6EpmG9sOaYz1TKZSiLiggMot+5N9YBb5k9kpBjfySzG2jp+O\/WhNjeiVtxRF7EdS455X3QIzUO7ANOv8bR\/sOKLMez762pJpmgkf2KkPkJI92z93A69N+GZe\/hNEYaEf9xbiYw23z9DXDtjxztHwW5v\/fS\/ZXTL7s1Dsnjg5d2fJANk7mcbyHVQdwwiMp0Pu\/rvJFTD3t5fZVyGeet+dizKOS0YK85g6wp6paKkAtfypATb9MwOi5UutORC6oN6\/vSC+xsl3RD63YZ64UCJnM5EVGuKAqeNKL8nf1rNvIzaBibGAfEAtlwZcLIBX4BNOnu9gPZ8dyqkDZpCNdNE2+98aajDaLTa0pn0r7tdLtYINUESDTqMBAHJBmojYYMDqEoB5raidL3RW07TuIer8YGLJOFYRhmN0FR6HL0f0LTRLCD7EMsNbL7qN92z+PVRpDCuK6LwIC6aTbkg\/pXvLffVMplbDRk+G7evoVNw3Cse4cBqvtwXgr6GKZr6LX9LR3\/QcXD4ibucw1DdNjEqyM4sK\/fVjDtslU38OKxiZGDKl56ZwYvnlp49pm9yzx6UMUPfnENI\/vtFzlMcWCKzH\/+eec7z7Tp8NI79kLsxVMrVvkgZhuW+IkObcwmUylM52fEJAyA+B2wXdCyW2wUixjXdWEDOcioSK+XDclUChcW5pHVs01axIqiOKJOh9FxMJ3PNwoUJ\/D+4pLDgaOqqkiRrZtmTyfMJI8Rd8Q\/OYb8vivTNIWe9XR+RuiF+jmsZY3xXs6hhg1bliXXs3d9JzCu66iUK6hVq1Ifui0lY5qmQ6Nffkaj4H4X3D9TgV\/q5wyPd4eyubwKtUYlTPbXpSuXAYQrpE3X466VcL7Rt\/kV+Q4D1VjYziJqDuRwS\/DEHWG+XYDZqXVM3wXZSH1ZQtPEYlO2N0rfF7XtuOjGeEXPWy9k7BiGYRhvKPr\/2o3rYl493siovbi4JNaNpml69tdexXtr1SouLi4N5fosTkjeZ9MwcP\/hg6HSwwcggmAImgMOC\/2wnzX++8iPXgFOv9ZvK3Yu\/3b5XwI\/\/+43K7EU8v3bh2ex\/5cfAgBefm8eL783j626ISR+ADuCv1W0\/ehBVRzTTsT\/S+\/MCCe\/F999tOQpRcR0xm\/\/Anz6535bET\/JVCqwwPrq8krH6fyryyu4ebVMMXsAAAXtSURBVHtbm9GyLDyxLMcEzStdM07WCmvCKXHpymXPgddtA02OSFpDlouQJ07uqEf5+G7f204gR2I6k0E6k0G9MaGWMxmA8BI20\/mZQGf9xPETobPz7CjnqVi1ooMK+xKVchmTuZxYcABwpBXLDiWSPwHgWcizVq0OfFCCmzie2aA2LMvC+7xJ0hJFUZqeKfm59brH7WS+ejv6\/T\/3WkBfWJhHMpWK9H77Qdd86Md\/7\/m5XARNURRPfVT5GbUsS2z60iauoijind6IkCER9F64JU1Jguf8wjwSWkJE5sddRE\/e2HBH6tPm6biu40ij8LBfEV\/6OWzfF7XtOIh7vJLbHBQJK4ZhmN3KpmHgrTfedGjzj6kqrt64jlq1inOzc01rLVVVcX5h3iHrQ2ojnIVrQxK37mLIw4K8DnRnNw4D\/bB\/tCdnYTyZO8wSPzuB519U8e2HzorxstN\/q27gb79uXTCGov236ga2Ytbi\/\/ajpVAZB0x0WOKnfWjCRsiOF8DWQe62XNumYThscONlA8lsEHIBKrndYY32PnPyVFNBxGQq5ZgcbhSLfZk8exXF7JQwhX3ldOCxhj442eN2KPWzYPUwYlmW58KN6R9UwBfwduq3+rzXtPPOye90QtPEO03OgU7xKq68XlgTUfGU7TKdn8GBmPsMeTP6iKsY+nqh4MgKkcct+TMiSt8Xte04iHu8UhvHA8AnrPvMMAwzEKwXCvjJP\/yjY2M+mUrh\/sMHjmK9Fxbmcf\/hA4fTf71QwLtHj7HTX+L+wwe4efvW0EXKEwlNw2eNa2g3u7Wf9MP+lhH\/N2\/fGrrUj24RR9QS8dMfAm\/\/h1iaYiTsorjhInTkQrdbdaPpd1F49qiErcd17HtrCnsOJTGyX8FW3cD3n1fw7LO1UJH2ew7bA1TUaH+y3YvnX1Tx\/aNS7BsJjM3HX9kR\/zuJsLVRZO1fWsy3I+dQakTFywWXqDBT2P621d\/RNfk5HdqxwU4xrSCrZx1FFGvVKirlSlPNAtmOVnRbL7vV\/SCHVVbXcSSTRjKVEpEhtWoVG8VSqMjNummGul75uWllG2BP4GV5k1YEPZ+qqorPg2y1LAv\/dPQYpvMzOJLJQFEUoQ\/aKjraz55W0P0L8zyEeQfbmb\/E8cwGtVEpV3xrZTBO\/O6j\/N0HfR6VSrmMhKahUvaWCKTP\/aKivZ7JMO+3F2H7+CDcz6hpmpg4fkIUELQsC5+Uy7i4uBTqeQw636ZhYL2w1rSZJZ+T+lXqR2THhWxz2D7ATalYwoUFDVO5Kcd4RP07ZWSMNfpAd9FE+e\/D9n1R23bTzlyi3fHK795SBuCmYfBmJMMwzABhWRbOzs6hVq05dNHtekfb2dhE3TRx+uSpgQhQGDTcm\/PDiByMMIz02v6RV\/\/uxz8D8KnfH7Djf5s4Hf\/\/6+0R\/Jd\/F0tTzA7h3\/zPf8bIfgVPf\/VzLsI7BDx5BvyPT1\/g62\/6bQnDMAzDMMw2suTRudk5jnQMgaIouHPvLsZUFRcXlzw38BmGYZj+oygKLl257IjsJyg7uJ+yqVFRh8iJ7ecPpdpOg46cFSkz7Pa34G3W+O8D\/\/QfwU5\/xsGeQymM7FcaGQvs9B8Gbn4JdvozDMMwDDNwyHUMpvMz7PgPwWQuhzFVFfeOYRiGGUwsy8KZk6eQ0DRH8d+NYjF05t4g4VegeJgY9syKYbe\/FS0d\/zv9BkQhjg7kwD7W9mea2Xs4DaC9or5M7\/n6G+Dml6ztzzAMwzDMYLK6vIJxXRe6992umTPspDP2XJxqMTAMwzCDDRX\/\/eDKZdSqNd7kZhgfWkr9MPFyYB9H+zPN\/PeZBaj\/OYHy7TX8n4dcTGzQ+fobjvZnGIZhGGawmc7nAWCoJA\/6RULT8MGVy3j36LF+m8IwDMMwDBMXb7Pjn2EYhmEYhmEYhmEYhmEYhmF2Dm+P9tsChmEYhmEYhmEYhmEYhmEYhmHigx3\/DMMwDMMwDMMwDMMwDMMwDLODYMc\/wzAMwzAMwzAMwzAMwzAMw+wg\/j+nimuKilTFggAAAABJRU5ErkJggg==\" alt=\"Markalama G\u00f6rseli\" title=\"\"><\/p>\n<\/div>\n<div>\n<table style=\"width: 100%;\" cellspacing=\"0\" cellpadding=\"0\">\n<tbody>\n<tr>\n<td style=\"width: 120px; font-weight: bold;\">Norm<\/td>\n<td style=\"width: 400px; text-align: left;\">TS EN 1762 TYPE - D<br \/>\nTS EN 1762 TYPE - D - LT<\/td>\n<td style=\"width: 120px; font-weight: bold;\">Colour<\/td>\n<td style=\"width: 400px;\">\n<div class=\"color-icons\"><img decoding=\"async\" src=\"data:image\/svg+xml;base64,PHN2ZyB2aWV3Qm94PSIwIDAgMTAwIDEwMCIgeG1sbnM9Imh0dHA6Ly93d3cudzMub3JnLzIwMDAvc3ZnIj4KICA8Y2lyY2xlIGN4PSI1MCIgY3k9IjUwIiByPSI0OSIgZmlsbD0iIzAwMDAwMCIgc3Ryb2tlPSJibGFjayIgc3Ryb2tlLXdpZHRoPSIwLjUiLz4KICA8Y2lyY2xlIGN4PSI1MCIgY3k9IjUwIiByPSIzOCIgZmlsbD0id2hpdGUiIHN0cm9rZT0iYmxhY2siIHN0cm9rZS13aWR0aD0iMC41Ii8+CiAgPGNpcmNsZSBjeD0iNTAiIGN5PSI1MCIgcj0iMzMiIGZpbGw9IiMwMDAwMDAiIHN0cm9rZT0iYmxhY2siIHN0cm9rZS13aWR0aD0iMC41Ii8+CiAgPGNpcmNsZSBjeD0iNTAiIGN5PSI1MCIgcj0iMjIiIGZpbGw9IndoaXRlIiBzdHJva2U9ImJsYWNrIiBzdHJva2Utd2lkdGg9IjAuNSIvPgo8L3N2Zz4=\" alt=\"\" title=\"\"><\/div>\n<\/td>\n<\/tr>\n<\/tbody>\n<\/table>\n<\/div>\n<\/div>\n<\/div>","protected":false},"excerpt":{"rendered":"<p>&nbsp; \u00dcr\u00fcn Ad\u0131: LPG &#8211; D \u00dcr\u00fcn Kodu: LPGD 278\/27D LPG Bo\u015faltma &#8211; \u03a9 EN 1762 Kullanim Alan\u0131 : Teslimat veya LPG i\u00e7in Alt Katman : LPG&#8217;ye Dayan\u0131kl\u0131, \u0130letken Siyah NBR Kau\u00e7uk. Takviye Katman\u0131 : Y\u00fcksek Mukavemetli Sentetik Tekstil. \u00dcst Katman : Ozona, hava ko\u015fullar\u0131na, \u0131s\u0131ya, aleve ve ya\u011fa dayan\u0131kl\u0131, mikro delikli \u00f6zel sentetik kau\u00e7uk. [&#8230;]\n","protected":false},"featured_media":22393,"comment_status":"open","ping_status":"closed","template":"","meta":{"jetpack_post_was_ever_published":false},"product_brand":[],"product_cat":[2364],"product_tag":[],"class_list":{"0":"post-21584","1":"product","2":"type-product","3":"status-publish","4":"has-post-thumbnail","6":"product_cat-sel_akaryakit_hortumlari","8":"first","9":"instock","10":"taxable","11":"shipping-taxable","12":"product-type-simple"},"jetpack-related-posts":[],"jetpack_sharing_enabled":true,"jetpack_likes_enabled":true,"_links":{"self":[{"href":"https:\/\/tuzlahortum.com.tr\/en\/wp-json\/wp\/v2\/product\/21584","targetHints":{"allow":["GET"]}}],"collection":[{"href":"https:\/\/tuzlahortum.com.tr\/en\/wp-json\/wp\/v2\/product"}],"about":[{"href":"https:\/\/tuzlahortum.com.tr\/en\/wp-json\/wp\/v2\/types\/product"}],"replies":[{"embeddable":true,"href":"https:\/\/tuzlahortum.com.tr\/en\/wp-json\/wp\/v2\/comments?post=21584"}],"wp:featuredmedia":[{"embeddable":true,"href":"https:\/\/tuzlahortum.com.tr\/en\/wp-json\/wp\/v2\/media\/22393"}],"wp:attachment":[{"href":"https:\/\/tuzlahortum.com.tr\/en\/wp-json\/wp\/v2\/media?parent=21584"}],"wp:term":[{"taxonomy":"product_brand","embeddable":true,"href":"https:\/\/tuzlahortum.com.tr\/en\/wp-json\/wp\/v2\/product_brand?post=21584"},{"taxonomy":"product_cat","embeddable":true,"href":"https:\/\/tuzlahortum.com.tr\/en\/wp-json\/wp\/v2\/product_cat?post=21584"},{"taxonomy":"product_tag","embeddable":true,"href":"https:\/\/tuzlahortum.com.tr\/en\/wp-json\/wp\/v2\/product_tag?post=21584"}],"curies":[{"name":"wp","href":"https:\/\/api.w.org\/{rel}","templated":true}]}}