{"id":21578,"date":"2025-08-11T11:14:37","date_gmt":"2025-08-11T08:14:37","guid":{"rendered":"https:\/\/tuzlahortum.com.tr\/urun\/aero-c\/"},"modified":"2025-08-20T15:38:26","modified_gmt":"2025-08-20T12:38:26","slug":"aero-c","status":"publish","type":"product","link":"https:\/\/tuzlahortum.com.tr\/en\/product\/aero-c\/","title":{"rendered":"AERO-C"},"content":{"rendered":"<p>&nbsp;<\/p>\n<div class=\"report-container\">\n<div class=\"report-header\">\n<div class=\"standard-text\">Product Name: AERO-C<\/div>\n<div class=\"standard-text\">Product Code: ARC-H494<\/div>\n<\/div>\n<div class=\"product-image-container\">\n<div class=\"key-feature\">Aircraft Refueling EN 1361 Type C<\/div>\n<\/div>\n<div class=\"horizontal-line\"><\/div>\n<div class=\"product-details\">\n<div class=\"detail-row\">\n<div class=\"detail-label\">Area of Use<\/div>\n<div class=\"detail-value\">: Aromatik i\u00e7eri\u011fi %50&#8217;ye kadar olan u\u00e7aklar\u0131n yerden yak\u0131t ikmali i\u00e7in.<\/div>\n<\/div>\n<div class=\"detail-row\">\n<div class=\"detail-label\">Substrate<\/div>\n<div class=\"detail-value\">: Conductive NBR Rubber Resistant to Aviation Gasoline and Jet Fuels.<\/div>\n<\/div>\n<div class=\"detail-row\">\n<div class=\"detail-label\">Reinforcement Layer<\/div>\n<div class=\"detail-value\">: High Strength Synthetic Textile, 2 Steel Wire Spirals and Antistaic Copper Wire.<\/div>\n<\/div>\n<div class=\"detail-row\">\n<div class=\"detail-label\">Top Layer<\/div>\n<div class=\"detail-value\">: Abrasion, Oxygen, Air, Heat and Oil Resistant Special Synthetic Rubber.<\/div>\n<\/div>\n<\/div>\n<div class=\"datasheet_table\"><img decoding=\"async\" class=\"alignnone size-full\" src=\"https:\/\/tuzlahortum.com.tr\/wp-content\/uploads\/2025\/08\/datasheet297.svg\" alt=\"\" title=\"\"><\/div>\n<div class=\"table-notes\"><\/div>\n<div class=\"horizontal-line\"><\/div>\n<div class=\"footer\">\n<div class=\"standards-section\">\n<div class=\"standard-item\" style=\"margin-top: 9px;\"><img data-recalc-dims=\"1\" width=\"1020\" decoding=\"async\" style=\"margin-right: 10px;\" src=\"https:\/\/i0.wp.com\/tuzlahortum.com.tr\/wp-content\/uploads\/2025\/04\/tse-1.png?fit=1020%2C40&#038;ssl=1\" height=\"40\" alt=\"\" title=\"\"><\/div>\n<div class=\"standard-info\"><\/div>\n<\/div>\n<div class=\"horizontal-line\"><\/div>\n<div class=\"temperature-section\">\n<div class=\"temp-icon\"><img decoding=\"async\" src=\"data:image\/svg+xml;base64,PD94bWwgdmVyc2lvbj0iMS4wIiBlbmNvZGluZz0iVVRGLTgiPz4KPHN2ZyBpZD0ia2F0bWFuXzIiIGRhdGEtbmFtZT0ia2F0bWFuIDIiIHhtbG5zPSJodHRwOi8vd3d3LnczLm9yZy8yMDAwL3N2ZyIgdmlld0JveD0iMCAwIDcyLjI3IDE2Ljk4Ij4KICA8ZGVmcz4KICAgIDxzdHlsZT4KICAgICAgLmNscy0xIHsKICAgICAgICBzdHJva2Utd2lkdGg6IC41OXB4OwogICAgICB9CgogICAgICAuY2xzLTEsIC5jbHMtMiwgLmNscy0zLCAuY2xzLTQgewogICAgICAgIGZpbGw6IG5vbmU7CiAgICAgICAgc3Ryb2tlLW1pdGVybGltaXQ6IDMuODY7CiAgICAgIH0KCiAgICAgIC5jbHMtMSwgLmNscy0zLCAuY2xzLTQgewogICAgICAgIHN0cm9rZTogI2E3YTlhYjsKICAgICAgfQoKICAgICAgLmNscy01IHsKICAgICAgICBmaWxsOiAjYTdhOWFiOwogICAgICB9CgogICAgICAuY2xzLTIgewogICAgICAgIHN0cm9rZTogI2ZmZjsKICAgICAgfQoKICAgICAgLmNscy0zIHsKICAgICAgICBzdHJva2Utd2lkdGg6IDIuMDZweDsKICAgICAgfQoKICAgICAgLmNscy00IHsKICAgICAgICBzdHJva2Utd2lkdGg6IC4ycHg7CiAgICAgIH0KICAgIDwvc3R5bGU+CiAgPC9kZWZzPgogIDxnIGlkPSJrYXRtYW5fMSIgZGF0YS1uYW1lPSJrYXRtYW4gMSI+CiAgICA8Zz4KICAgICAgPHBhdGggY2xhc3M9ImNscy0zIiBkPSJNMTEuMzQsMTEuNTdjLS45NCwxLjcxLTIuNzEsMi42Ni00LjgsMi42Ni0zLjA1LDAtNS41MS0yLjQ3LTUuNTEtNS41MlMzLjUsMy4xOSw2LjU1LDMuMTljMS45NCwwLDMuNjUsMSw0LjYzLDIuNTIiLz4KICAgICAgPGNpcmNsZSBjbGFzcz0iY2xzLTUiIGN4PSI2LjU1IiBjeT0iOC42NiIgcj0iMi40Ii8+CiAgICAgIDxjaXJjbGUgY2xhc3M9ImNscy0yIiBjeD0iNi41NSIgY3k9IjguNjYiIHI9IjIuNCIvPgogICAgICA8bGluZSBjbGFzcz0iY2xzLTMiIHgxPSI2OC4zNCIgeTE9IjExLjc2IiB4Mj0iOS45MiIgeTI9IjExLjc2Ii8+CiAgICAgIDxsaW5lIGNsYXNzPSJjbHMtMyIgeDE9IjY4Ljc4IiB5MT0iNS41MSIgeDI9IjkuNzMiIHkyPSI1LjUxIi8+CiAgICAgIDxsaW5lIGNsYXNzPSJjbHMtMyIgeDE9IjU0LjA3IiB5MT0iOC43NSIgeDI9IjguNjQiIHkyPSI4Ljc1Ii8+CiAgICAgIDxwYXRoIGNsYXNzPSJjbHMtMyIgZD0iTTY4LjE1LDUuNTVjMS43MSwwLDMuMDksMS4zOSwzLjA5LDMuMDlzLTEuOTIsMy4wNi0zLjYyLDMuMDYiLz4KICAgICAgPHBhdGggY2xhc3M9ImNscy01IiBkPSJNNTMuOTEsOC43NWMwLS4xNC4xMi0uMjYuMjYtLjI2cy4yNy4xMi4yNy4yNi0uMTIuMjctLjI3LjI3LS4yNi0uMTItLjI2LS4yN1oiLz4KICAgICAgPHBhdGggY2xhc3M9ImNscy0zIiBkPSJNNTMuOTEsOC43NWMwLS4xNC4xMi0uMjYuMjYtLjI2cy4yNy4xMi4yNy4yNi0uMTIuMjctLjI3LjI3LS4yNi0uMTItLjI2LS4yN1oiLz4KICAgICAgPGxpbmUgY2xhc3M9ImNscy0xIiB4MT0iMzYuNDMiIHkxPSIxNi45OCIgeDI9IjM2LjQzIiB5Mj0iMTQuMjQiLz4KICAgICAgPGxpbmUgY2xhc3M9ImNscy0xIiB4MT0iMjguMDUiIHkxPSIxNi45OCIgeDI9IjI4LjA1IiB5Mj0iMTQuMjQiLz4KICAgICAgPGxpbmUgY2xhc3M9ImNscy0xIiB4MT0iMTkuNTkiIHkxPSIxNi45OCIgeDI9IjE5LjU5IiB5Mj0iMTQuMjQiLz4KICAgICAgPGxpbmUgY2xhc3M9ImNscy0xIiB4MT0iNDEuNTciIHkxPSIyLjc0IiB4Mj0iNDEuNTciLz4KICAgICAgPGxpbmUgY2xhc3M9ImNscy0xIiB4MT0iMzMuMjgiIHkxPSIyLjc0IiB4Mj0iMzMuMjgiLz4KICAgICAgPGxpbmUgY2xhc3M9ImNscy0xIiB4MT0iMjQuOTkiIHkxPSIyLjc0IiB4Mj0iMjQuOTkiLz4KICAgICAgPGxpbmUgY2xhc3M9ImNscy0xIiB4MT0iMTYuMDgiIHkxPSIyLjc0IiB4Mj0iMTYuMDgiLz4KICAgICAgPGxpbmUgY2xhc3M9ImNscy0xIiB4MT0iNDQuNjMiIHkxPSIxNi45OCIgeDI9IjQ0LjYzIiB5Mj0iMTQuMjQiLz4KICAgICAgPGxpbmUgY2xhc3M9ImNscy0xIiB4MT0iNDkuNDkiIHkxPSIyLjc0IiB4Mj0iNDkuNDkiLz4KICAgICAgPGxpbmUgY2xhc3M9ImNscy00IiB4MT0iNDAuODgiIHkxPSIxNi45OCIgeDI9IjQwLjg4IiB5Mj0iMTQuMjQiLz4KICAgICAgPGxpbmUgY2xhc3M9ImNscy00IiB4MT0iMzIuMzMiIHkxPSIxNi45OCIgeDI9IjMyLjMzIiB5Mj0iMTQuMjQiLz4KICAgICAgPGxpbmUgY2xhc3M9ImNscy00IiB4MT0iMjMuNzkiIHkxPSIxNi45OCIgeDI9IjIzLjc5IiB5Mj0iMTQuMjQiLz4KICAgICAgPGxpbmUgY2xhc3M9ImNscy00IiB4MT0iMjAuNTkiIHkxPSIyLjc0IiB4Mj0iMjAuNTkiLz4KICAgICAgPGxpbmUgY2xhc3M9ImNscy00IiB4MT0iMjkuMTMiIHkxPSIyLjc0IiB4Mj0iMjkuMTMiLz4KICAgICAgPGxpbmUgY2xhc3M9ImNscy00IiB4MT0iMzcuMTYiIHkxPSIyLjc0IiB4Mj0iMzcuMTYiLz4KICAgICAgPGxpbmUgY2xhc3M9ImNscy00IiB4MT0iNDUuNzEiIHkxPSIyLjc0IiB4Mj0iNDUuNzEiLz4KICAgIDwvZz4KICA8L2c+Cjwvc3ZnPg==\" alt=\"S\u0131cakl\u0131k\" width=\"100\" title=\"\"><\/div>\n<div class=\"temp-values\">\n<div>-30\u00b0C \/ +65\u00b0C<\/div>\n<div>-22\u00b0F \/ +149\u00b0F<\/div>\n<\/div>\n<\/div>\n<div class=\"marking-section\">\n<div class=\"detail-row\">\n<div class=\"detail-label\">Branding<\/div>\n<div class=\"detail-value\">: Transfer Band or Embossed<\/div>\n<\/div>\n<p><img decoding=\"async\" class=\"marking-image\" src=\"data:image\/png;base64,iVBORw0KGgoAAAANSUhEUgAABf4AAAAoCAYAAACvpushAAAACXBIWXMAACE3AAAhNwEzWJ96AAAgAElEQVR4nO2dXWwb17Xv\/5Q\/0iTXg96+BZqiKdp7AdLAOQctcMgACZoCIg3k4zyQdCDDeaCYRjq6wJVVXyl6sKS6kv1gS0hknQfXTkvpADUsNJQe6tiASQNNkQAmC7RAC4QC2gINkBH6doE7PkmT2BbvA7m29gxnhkNyhuRI6wcYlsSP2TOzZ++1117rv0Lf+daz\/wLgHTAMwzAMwzAMwzAMwzAMwzAME3R+fBjA1wG82OOGMAzDMAzDMAzDMAzDMAzDMAzTOV8f6HULGIZhGIZhGIZhGIZhGIZhGIbxDnb8MwzDMAzDMAzDMAzDMAwTKKKxGMKRSK+bwTB9y+FOvyCVTmNQVb1oi2ds5fPQNA2qqiKZTou\/l0sllEulHrbMG75fDeHNKu\/ZMEyQeT9Uxfuh3V43g2EYhmEYhmEYhmEChaqqmJg8g6FEAgCwnlsTvkCGYfboyPF\/Y+MmorGYV23xjHKpBE3TMFgfCIjVFewLx\/+PqwP4n9VQr5vBMEybPADw+wF2+jMMwzAMwzAMwzBMK0RjMVxeXjIEIU9MnkE8EceFhcV94fdjGK\/oKGy8H53++51X2OnPMIFnY2AXf0e1181gGIZhGIZhGIZhmEAQjcVwY+MmbmzctFQeCUciuHr9GiYmJ3vQOobpT1gvJkAcA\/DjXb5lDBNk\/g5ggyV+GIZhGIZhGIZhGMYVl5eXcPX6NUMAcrlUwqsvvYzTw6ewU5f4URQFE5NncOvObQ5WZhh4oPFP6LqO9dxaw997kWKzXal0\/ZjdYLg6gGO9bgTDMB3x7sAuHvS6EQzDMAzDMAzDeEI0FoOu6\/vWD+E1mWwWW\/k8dF3vdVOYAGAl6wMAM1PT2Mznxe+vvvQyJibPIJPNAtiL\/l\/PrWF1ZaWrbW6FiclJg0R5P\/PdZ79t+fd+lYE3Uy6VcHr4VMPfg97+Znjm+N+uVPr6YQo6zyCENznan2ECzR+4oC\/DMAzDMAzD7CsuLy\/hmKLgxedfYGd2E1LpNGbn56AoCvuPGEcURcGl5SXE68V7iWKhgJmp6YZnTdd1XFhYxHpuTUgBUfR\/Kp3CW1PTrP3PHEg8c\/x7wez8HMKRSMffc2Fhcd\/ttp\/tc6f\/EyeTGPimiq\/uFvH4423H9z55dsLVd+5+quHL97Zcf87NsamtR07EMaDU8iceVbbxxc\/XsavtuGqXV4QUBU+cTOLoiSEAwK7+AA\/vFg3nzOwv3g2g019VVSTTaexomiGiwgrSUjQb8U4ai26+F6gtEoYScSiKIjLM7Aw3L44H1KJLorEYyqWSo5FI16gZO\/Wi826waye1yY6tfB5aPc21nTaaz9WNPqbcVrs+YG6H+fw6bZ\/bhaPdPXXbz5sdT1EUJNNpxBNxALVrs7pyxfKeWJFKpzGoqrb3sd02bOY3my50zJ8DgGKhiHuFgmVbWu0bXkDXxw3ma6iqKjLZEWFn6rqOe4UiioVCUydNO\/3Tqz4lk8lmoSiK7ZiUyWZb7nvyua3ncpbXIp5IIByJ2J6L2+sj43Rd6D5vVyooFgpNv9\/ueXHbX9yOH63MQ8zBRVEUEW1q9UzR63bPMfXbZraHU\/\/2YuwNRyIYyY6IYxQLRaznco7tSaZT4vet\/KarNjSza4qFgqt1fTv2qhXtXDv5XtD4QMQTCSTTKfH3rfwmioWC7TlMTJ7p6TWvtdE5Er+V+dTqvtD5ZbIjtvMOw6TSaVxaXjL8bUfTGpz3qqqKPrVdqUDXdWiahh88\/wIy2SwmJs9AURQMqipubNy03TQ4SGxXKtjMbyIaizZsqgSFYqGAcqmMVDrliQ+523S7\/aHvfOvZFwH8pp0P\/\/WTv4mf2005kPEqveL08CmUSyVR+INYXbkSyF3l71dDuLp7qNfNsCWkKPjvH\/8eAPDFL9bx+fmLju\/\/xqd\/cfW9j+6Xob\/2ekufa3b8p9++hCdOJhv+XtV1fHZ2Bl\/dveeqbZ0SUhQov\/olDh0PN7z26H4ZD370v1A9wJPRfuT9UBULA4973YyWyWSzmJ2fA2Cf2kfQnGB+nzxXWLFdqeD08ClbA+zy8pKl02crn8dbU9O27Wj3eMTV69cQTySazm\/mucYOmpfcYHdMN6mg5rTXVtponiebXUtzW+36gLkd5vPrtH3N+iZB18\/8PfLxX3z+BVtnqdPxFEXBjY2blsab1T2xguwgsmO8bMN6LocLC4uW3xmORHBj4yYURWl4Tdd1rK5caXA+tNo3vKAVO1G+hlaLR8JqEWmmnf7pRZ8izPfVyp61uja6ruPfXnrZ0flPY\/xOfZFsRh5\/7e6n2+tjbptVZKyiKPjDn\/4IYO+5cfP9Vs+Y2\/7iZvxodR5ieo+qqhhKJBCJhDGoqtjRNGjajmtHcifQc201llN\/LhYKGB8da\/jsrTu3EY5E6lGr9k7fZv3bra1jhd2cYDcGdPJ8uLFr3Kzh27FX7Wj12v32ow8xqKoN7bSbe6zOR1VV\/PrO7YZrbtdP\/Lzmuq7j9PApy+ek1fnUzu6zu2YME45E8LPr1wwbm7TZbu4r8UQCV69fM\/xtfHTMsLkWjcUaAozd2H7dpNtSP\/Lc5Mael+kXqR9qR6s2aL9I\/Xjd\/ib8sL\/DyBkAwJvV\/r5NR577V\/Hz0RNxh3f6z9feyFg69gHgqfPnbF8LKQqefvsSBtRBH1u3h53THwAOPxfFU+fPdaUdTPd4dyB40f4AEI1Fxc9+RQSEIxFbY2d2fs420jOZTouoOq+OJ0OTfzQWs3SI9ivn5ueguoyKZhpp1\/C2c7gDwKXlpa5Eczi1oRYNbv0M\/+z6Nds+rigKZufnAhsRpKqqrZMCgIgA8\/MZ73Qx16z\/pNJpy8WKoig4V3eE2TGSHQEAbOY3G17LZLMtR\/I3g6LxFEWx7FP0N13XW4q6vbS85NuCzY95iPEPGrM++OhD4ezRdR2D9WjqW3du48bGTV\/nSXKoWD239LeIzTNNr3e6OUHa1u1gNydEYzGkTM9CNBZzfD68eC4nJs80\/R4v7VW3diIda1BV647JvY0ap7lnYvJMQ\/+7tLxkec3jiUTXrzltNpvb4+V8urpyBUAt6p9hAMokyeLWndsGpz9tflltllmNcVevXzM8X1T8d3XlitjMo75qfu9BgZ7RIK1vzQT9HLrd\/r6S+mEaeaU6gO9VQ71uhiNHJGf\/gDqIQ8fDriR3Pj9\/EY8r9u\/btYmysPrcgDqIp86fQ0hR8OTZiQa5nEPHw\/jaGxkAxuj+AXUQT56dwBMnkwgpCp46P4v\/+tF407Z3whMnk8Lp\/\/jjbfzX\/5nB44+3ceS5KJ76yTkcOh7GEyeT+Oq9LTy8X\/a1LUx3eHdgF39HtdfNaAt58RSNRW3Tk91gtTtNi\/JMNmswyIA9AxCoLYAvLCyKqPmr9UXpxOQZ25TkVo8nY3b2R2OxpudObbSDnF1W7TFL1DWLMtvK5xscdeFIRGimZrIjlm1p1sYdm8hgp8gCL1Nl222flyTT6ZbkeYCa45WcNcVCARcXFqFpmiECcXZ+ztPod7dtSKXTOFfvF7Pzcw39WJYooMh+uqf0WZJcsaJbfQOoSTnKzxD1eat+Q88TOW90XcfFhUXhTCa5DcoAcdPWdvtnO31Khs55u1KxdCTSOcpRqhQN6uQAC0ci4t5vWTjZmx2XoOPKOI1tI9kRJOuyOWbnPjmBrNpjdf1VVRX9O5MdsYze60QCtNN5iOkucnaMrusYHx1rkIS4ev0aorEYfn3ndtOMmHahsUC1CCiKRGprANKelvuN\/Jy5jUS16t+Z7AjiiQSisRjCkUhL\/V+eEyiTRq07yQZVFcl0yvDcpupSMzuahtPDp6BpmuH9qXTK1bmYI79pc7DZ8020Y692YifuHbe2Dr5nkrmR5x6KnpcjO2vzQu18VVUVznqK2Ke+Go5EfLvmVrZkNBYT0ijJdNqwmeHlfFosFHBOnxP3uZP1BRNsqA\/IMldAbc5dz63ZBgGQvUDPAQCRNWO1DlpdWcHqyorI6AZq40akbqscpD54aXkJmcoIVFUV45NTkEM\/cuvObWiaBqVeWwWAGDODQLfb75njPxqLtZwmUi6VMD46Zjs5uE3d368cAwJR0Jc06qu6jpCi4Egs6srx\/7iy3ZZj2+lzFLVv3nyQI\/31114Xr+1qO\/js7AxCioKjJ4Zw9MQQBtRBX\/X+aQNiV9uB\/trrQtLnYV3a6Ov3f1PT\/38jw47\/fcADABsB1PYH9iLe5ehMJ6dXM6wWIeOjY\/jgow\/F8WSja0haxI2PjonFOaW43aobd\/FEwtIobPV4Mo3nHm9qEOq63nLKKM1\/25VKS5\/VtJ2G95dLJUQiYcdor3baSN\/dDdptn9fYbZzYMSTpqssp+bRgnp2fa8sB0wrUhu1KxdCGzbr+OTkEqMaB+XPFQqEhmmozn0e5VMIxh2iUbt4vu2vn1G9oHFlduWIYJ2oSRisol0qu70kn\/bPVPmU+7vjoGMKRSMOCQNa2fUvSrL2wsCgWcOZ7TlC0f9GmjgNQu27lUskxDdnqujiNbZv5TbEpoaqqOLaqquL8rDIQrI5DVpJV8T+i1fFVptN5iOkuE5NnRB8yO\/0BQKuP0eQcunr9Gl596WXP21GpbCMJ54h\/+tm8MQG0Fu1v1b\/LpZKQUoknEi19H0XOFwsF0ae1es0Qq8waGn\/Wcmvi+dA0DWu5NczOz7muy2KGsn4oU8Mpir1de7UTO5GgMaJYKFq2aXXlirj+5VIJW\/l83U7by1CQtfJJpoeuOW1UyXh1ze1sSVUdFDV\/ZMe\/1\/PpvUJBXIuD5HRl9qDsGvP8vZ7LYTO\/Wd8QaKzJsZXPG+wFeg5og41eC0ciDUFXtfo8ZYP2\/6XlJcQLcazl1vZdrVArFEVpqHlGtllQGKzbv3JgTbFQDIzjv9vt76lXORqLcXqsA8PVATzT60Y04dDxMEKKgqqu4x9v\/wcA2Mrp+I3sJB8wDfBH6sbVl+9tWW5KfH7+gvj5sI0EjxeEFEVE+3\/x8\/UGHf+qruOLX\/wngL0NFSbYvDOwiwe9bkSbUBTTem5NpMl7nQ6paZowsMwTHS2KrAo3blcqIiJUXjx1cjwZOndKRe6m5l8n0MIzKEZPv5JMp1tKvZQX+GbkCHo\/+xEtmtZzaw2vlUslEYFqbgOd5z2T04KQn5kgsnd+1k6FcqnUlUjtVvuUzMzUtKNTpBYpe6Uhsr4Z5MSxu\/fruZwv2styf5Qd67Tg3K5UWupzZi1fL\/FjHmL8Qc7OcCqMq2maGCfDkUiDjIoXONkZZse\/1WteZCHQc9Fq36QNNvO4YNcmeubMzyz93ukzSffRafz00l51ayfS69Qu8xitaZplP9Qsgsvs5J3s+rDf15xsSXt7wZv51O44zP6HslB\/JkXfA3uyPpThOTF5xvIfyWsBtTGO+uaFhUWcHj4lNv5m5+dwY+Nmw7\/1XA6nh0+JOZwyXH52\/Roy2Wxg5WNaRS70nUqnsKNpXcmu9pJUOgW1nkEXT8SFpGRQ6Fb7O4r4t5It8BKr3T03WBnnQeMZhDAciGj\/mqH18P7v8NXdIp46f86wGdBN5Cj9Q5GwYSNAltax+yxlLBw6HgF8KvIrbyrYyRx98fN1POJI\/33Bn0NVvB\/QaH9gzxAvl0oIR8IibVzzOKrRbnKj+aVi86zUIo42W54cm71fURSxCFvP5YSBKUem9itBMnT6kVqkWy0Co5bm787puddXrZ2Vp4dPQVEU34xp2Raza0OxUEAmm7WUngD2f9\/p1fm126dknNpeiwpt\/TtT9Y0IJy19P68ZRaam0ikRUUryFVabV0742U6\/5iHGe+RNpC2LjBGZrXxeyJZYSU51CjlgFUUxyPmYHZwk+0OE679vO0ihukXX2ws7sYuUJ0d6P\/Z1r+1Vt+dIdRqsHPR2Mng0B7s5hvweu8wtP2jWNq\/6gNsNFmZ\/kUqnkcmONBTbXV25gqIkmdXMZl7PrYln\/er1a7YFqe3YrlTqBX7LonbFoKrWs3SjQjJzv0MZneVSCT+QJGeCUttrUFVFlhZJximK0lArol\/pVvs7cvxfXFhEsm6kt4LbXd12i6GVS6XAP6Rv7g7gWK8b4YKjiVpU+qP7ZexqO9jVdjCgDuLoiaEGnX2\/OfLcXkSLnVPdqabA44+3cfi57kVs2cn4VHWdJX72Ce8E2OkvSy6Q4yqeSPiyQLaLyrKLaCI0TWtrrG8WBUaGDi2wKBV5KJEwpDz3IwexQJXXkJxBJjtiiNa3Q7Zp7Pqq3xHz8uLJXg6n5gSyMyLdyFkFmV5KsbTap7xA3gyy6hMk8WSlpd8N7hUKQktbVVUcq6fbA42Rs73Er3mI8R45sr3ZPZFftyuy2wm6rmNH0zBYt6XMxX5J7sVKugvoroSaW+j6djsDrJn8kR\/2qltbalDcL\/frtr0xpfnmjjyO91Of8Go+1TRNBJJ2c2OD6R1WDuULC4u4ZyE5qGkavvvst0VtDJLYkykWCsL5n8lmbddpp4dP2fYvkrU8Nz\/XoP2\/llvr+7WfV8hj7HZlOzCOfxk6B13XodXn4CDhZ\/s7CinfzOdxevhUy\/8YZ75fDeGVPi\/oC+wV8gWAr+7WUvXIYd1NBzpxVJIYevwpL8KY3vLbUBW\/DwWzoC9gjJ6S\/\/deRiEmLZz8N\/jdHI8Wt7SQo\/+DIOVAm\/G8eGqfzXweO\/ViSwdBjpCMzGQ6jYnJyX2X3kznd25+zhdJDzd0u0+p9Yg1AJZFZ8kxBtSkFszFzLuBpmnCwZ\/Jjoh6A+0UyTVHDTIHk1adpPQevxwD5MSS7SaK8C+XytjRNFupHy\/6MWUPePFdiqLYatn7SU2+iWqRWB\/Xa3u1Fbu0VbtQ\/m55g1Nus9yPe+V4s+uHfsynQZYSZFrj1p3blk7\/9Vyu7Q308dEx8SzNzs\/Z2lg3Nm7ir5\/8DZfrkf1mqP7L6eFTot9T9P+NjZtdD6yiDAi5PohcOHsrnzcEbqzncuJ3XdexnsuJcaVWg+OKYYyUv6tYKGA9l0M8kUCqXn+JsjE7WU9atZk2UZq1kc6f7sV2pWL4Xf4u+fypXkQtw1k1fOagtd+MZ8V9Ge94s9r\/Ej\/AXoQ9RfoDwMO7RTxxMomjJ4bwWZPPHz2ZtN0geHS\/bBv1bvW5AXVQ1Bag7AOG6SVvDwQ32h9odH5rdc0\/il5rx1A3y7cpyjGh6exHUdd2j9fuIlJVVVuJOq8l6KKxaMOxorGoaKPdAtmpjU6ayO18ph3abZ\/XkAxJJjvii8Z5M1LpVNc0b9dza2KhRNqp5VIJxULRMgLLjN392tG0vih2up5bw6XlJSiKgkvLSzg3Pyf0q+WUcjd00j+71af++snfxM\/blYqlbIcsiXL1+jUhRXJxYbGr92yrXrgvnkiIAtJWRX2bQZscOzbR907PUy+eb+ZgUC6VEY3FDPJq5FCtVCqoVCqGgutygdpO7YVoLCZlL3aeRUxFMHVd9y1LqPac7q3vZNnF7UrFNuq2E3vVK7vU7ftorDIXwZV\/np2fw+rKFVHU2Py635CuOrVTxsv51Iy50DWz\/xgfHTNE1QN7Ch+dRNWPj47hD3\/6o6gb4GS7Ntvo3a5UGiKta9kEI64KhnvFv4+OiXHvg48+FMHT25UK4om4KAJOzxy1LRyJYD23Jmy5W3duCwklRVEavmti8gzGR8fqv28LyaOZqWnDd7Qqx6XruuE4yXRKtJmOZdfGP\/zpjzg9fKpejycnftd13fK75PO\/vLyEq9evAQBefP4Fw3ccpPZb0deOf6sieW4IcrTPK9UBfC8A0f4AcETo++8ZlA\/v\/w5ArYjtkeeijpI1TkWA\/wF7KZxmxYM\/++lFx9cZxm\/eHdjF3xHcaH8AUmSXMSIpWY8EaM\/xby\/fdtEHY6qd44UjEVEwihYg8iLSKRVZXqSZ8VqCTi7GZEYuONlKG1dX7Bev7XymHdptn9dQ1IWiKEil0205Q29s3Gy4R1ZpylYkuxiZrmkaZqamhbEP7PWv2fk5bOXzuLCwaLugd+rz\/eD438znEY1FxTWtFc+qOZvP6XNYz625dv520j+96FOtUiwULe9bSpLppOhScuRQQcpuQI4iWmDvNDl2OBIRWrQE1U8A7DcNnJ4ndvzvT9zU5CFHhl\/SW2QnyQ4k2ZFNUgrk8GwmaWPH7PxcwznImwidSmfJRZOpeK4fDErPssx2pSKcJlZ0Yq920y5NSdJOZh8Hbagk02nxT8avMdm82QIYCxabx1Qv51Niu1LpSdYZ030oqj6eSIgNJHLWxxNxzExNt71WevH5F\/DBRx9CURT8+s5tfO+f\/tnwupPUD5HJZoWdRlAdgKBkpjiNz\/1Yn8VMt+qL+EU\/t7\/PHf8Hyxg\/hpq2f1A4eqKm7\/\/w7l5kaVXX8eh+GYefi+LIiaGuatXvajv47OyMbQFfhukGDwBsBFjbH9gz+mlnmiiXyvWFVNyz8ZlS47rlIGx2PHO0P7G3iIz3dURSuVTCzNR03xtG\/U4thXNNRMD3gwPbTzbrGSkUGS07X5LpNAZVNdBSjVS8bSgRNzgY5MhGv23ObvUpOUOptoA9ZohSk6NoydkUjkTE2JdKp7o6xm3l88Kp2Czan3SgrXCKCGYOBhRhD9TsGCcHEjmcAP+iqc1SP9bZhGeE\/M9gm45\/p0jMiw6btm6hTWGSNvALq4ydcCQiNvysnP9+2Kt+2KWKouCcFO1vNcZeWFhsmH8JL7I2rLDbbAFqY7NVO72eT9stQs0El2KhgPLzJUxMnhHzfzQWw6\/v3MZ6XVO\/1XFL13W8+PwLIvJ\/YnLS0A\/loAFd1w0bA9FYDJeXlwzPAkm19Mr+\/9n1a9jMbyKeiENRlHqNgzIy2RHxzOm6jkw2K64V2Ui1cTMssp6onlI0FrX8rqvXr2FH0xBPJDBTj0SfmDxj+I5WsTrO5eUlQ5vt2gjU7hedP1DLTi2XykilUxhUVcN3yccMRyIYHx0T84b8HQep\/Vb0teP\/oDFcHcAzvW6ES8jpD+xF+YvfS7+rOf6b6B5+fv6ifRFeB41++XMh5Rj+28+vAgC+fG+rKxsNT50\/h8N1I90K\/bXXfW8D07+8M7CLoJuwTs5vwLjQagXZcZjJjiCeSGCnnsLmB+0cz5wyTtAi0kl+xU5Wg17zkq18XjjJyGgDatF4Ts4OpzY6ZcvZOX29zrBrt31+sJ7LIZMdwaCqthWhLd9z1WFxbcWFhUXbPmOOePYK2RmhqiqGEgmM1M+fZCOsIkft+kaz8YEMZSuc+kG7bObz4h6GIxGk0ikk02nhrHCz0Oy0f3bap9xA94OK4dWK3e2NC\/ICbnx0TNxzKrhXi56dbvhev5ClptqREKHNC1mH1YzT89QNut3XDyrkSAeaFyuXpSacNOs7uXfmOUCO9pf\/p7\/vFc\/tPICJ2tbpJp6cXejFJoITm\/lNS4cxjU2z83MN8gid2qvdsksz2axw1s1MWY+vuq7j1ZdeFvOSqg4imU57krXRCjua1rSgqRfzKXOw0XUdFxYWUSwUhdOd+k80FjXM25QNaJ7HKbN2deUKVldWRLa2vFZz6odUd0nO\/NF1HfcKBayuXPE0U7tVzBmm5kxvOSvIXD\/K\/Huz76L5UN7oCEfCHdekaqXN5ja2cv4AxHdRZket6HPcMatrv7ffTFPHf6oe6dUL7HRUm2GnpWylidwKfkaDPYMQhgMU7U8a+48\/3sbh40YnePX\/1QbYQ8fDGFAHbfX2H1e223LUmz\/31d17OHpiCE+cTOIfb6+2\/H2tcjgS7knxYqb\/+XOoivcDHu0PQOwsP9D1Bke3rusioqDVhYh5YUYp7u3WDPDjeLIzwMrJ77SI9KNOgR2atmM4Fhm6yXTK8b6028ZunVc3r2EzOo3Qlh1CE5OTLRlv25VKT68DaUpu5fO4ded23fkftexb7bbTKXrbb2pOsQo285u4dec2ALga0zrtn93MJKFFMkXza5KTBmiU1VlduYJ4ItGTIr9WP1vhVirLTK+fp1729YMEbV5GYzEMJRJQVXvHDY3HzTTrO7131J5BVTUU9qVjywV+SeqnVWeTGwmLdpHrZ\/Qq8pXGJqtNyU7t1W7YpXKB4mb1nuSsCgro8KumAgDhMO2EdudTIuwQTMfsf8qlEn7w\/AuYmJwUkdXRWAy37tzGei4nHPBOcz9Fstd+No4DpF9vJp5IiGeM8GrDNGjQXGRVjyYo7EjBLeVSCYqi9MyH3Q7UflVVUQZ8aX9Tx3+yiwXmzLS7w2GnpeykiewGPx3\/b+4O4Jhv3+49R+v6\/oeOh3HsV790fN8Xv1j3tS1fvbeJoyeGRIHfL9\/bsn1vSLG\/yqEuL3adNkWYYPLOPnD6y4tcK51Rolk0XTPKpZLQzR\/JjjREcQEQr3vhiHJzPNnpbxfhR+\/rN+mXrfymiMp2o23sN3a1EIJmSMoR2nL\/kOmHqDY52rydbBw7dF3HZn6znvIbrHvnBnIIU2p0N6Iq3fQpr6B+IC8eaDw1jxGyk8uvzdgg4uU8xPjPhYVF3Ni4KTLhrORhZEkHv6PYSb9clnCRny25wC+93i9OJ1mT3spm6hZ0vUgGQf7dS3vVjZ1oh9P4IBdGdpvdo0rzQzsFz3tBu\/Op35JbTDBYXVlBuVQSmTdALQo6k81ifHTMsj\/R2icaixmKnzoFaYQjEYxkRwzjha7ruLiw2Hdru25AEkm6rmNiclJs3gXJ5peDQm5s3EQ8EYcaILvN3P5kOuVL+3seYh7kQrxe8f1qCK8EpKAvsBfJ74ZuRMZ\/dfeecKDbFf6t1o16u\/aEFAWH6pkLlLFgh\/7a6\/i\/3\/wftv+c2JUWF+ZMCeLoiSF849O\/4Buf\/qXrmxFM+\/w2VMXvQ8Eu6AtYR7l38j4n1nJrAGqF2awmtz19XOvndnZ+Dn\/95G+upU+aHc\/uOO2+r5ts5vPCedHNwrB22Bkrqsu5o1+gCG0AImLPjLxYtXsuKKLNby3p2ointDoAAAwZSURBVLGsjXU7GateUS6V8N1nv235L8j1BJrhpk+1glp3Gnq5SHvQB5tZ\/YIX89BB7evdRlVV7NQjQymS\/tad28KJRPJXJJ8yMzWNzXqNCzs6vXdafX2iqoOIxmLQdd0wXpOsD40F\/eL8dKNJ3wtk28IPe7WZnWhGjjK1OzbZZK0URqbP1IpA90ef8AtZr5w52JRLJYyPjuGCaUP26vVruLy8JLKiiM18viEjhmwsqzErk82KOYDYyudxevjUgXT6A7Uxhq41ZYkGyekPGNc1tNkepGj\/brW\/Z47\/bhd07GferPZ8\/6UlSLu\/quv4xzv\/YfmPou6PnhjqivOajnf4uajlpgTVIaBMBTOGmgU+OkUef7wtNiGOnkxZvudrb2Qa3sv0P28PBD\/aH5A1Ziv1FODGfwDaLvYjc68evaEoimXkKy127KJi6e9uHZnNjkeLw2Jd29H8j4zLIZ+jdNuFzi+Vth5bugEZ2naFiFq9Z\/0A3Xcn5wEt\/q3OW+5vXmg320HPi9X9lyMjzQEXJF9lB23WBDVQo5nThxaS3Tw\/N33KLcl0Gjc2buJyvQBnM+QicDLyeN7rjKF+wut5iPEPqsOzXang1ZdeFtHV5FSPxmJQVRXruRz+7aWXsZnPQ1VVxwy\/TqH+MyTmAKMTl+bMSP3565dnT9akJ7vPDjons1NOtchwaAd5bJKdgX7Yq83sRDPyxo4VsqRUK3UDaB63i\/b3+5rb4cd8KsvPMQxQy4w8PXzKEOVPtk6qXkuCeGtqGjNT0+KZPz18qkGlg2R9ZufnDBkm46NjeGtqet9vrllBco\/hSASZbBbRWMxTPfluQFlGlCUSTyT6IvjNLd1uf1OpnwsLi76kSdhVs\/fiWHLRpH6PpHmlOoDvBSjaH9hzkj+8\/ztbTX2S3QGAI8\/9K766e8\/XNn35q008+eP\/DQB48uwEPjs7Y3j94d2ikAN6+u1LhtcPHQ\/jqfPnAAC72g4ef+yfYwaoZSg8cTIp6hLI0kRPnp0QWQlOkkVMf\/HuwC7+juBH+wMwpBbbLVLiibjQje7EWNI0rV68JoFMdqRhI7hYKCKTzWJQVXF5ecmQdi2n6rvVP3U6nlx4b3XliuV5KYoiipf1oxTGWm4NyXpdHrtCrH5TLBRFhFu5VDZcY\/me9aJt7aJpGrbyeUdjrFwqIZlOI5PNolgoGmycS5JD1s\/zLhaKCEciDddeURTHNpDDeHx0rMHpRN8HABUfNy38QlVVXL1+DfcKhYYIMgBifAFqkhvdwk2fcgsVNDXrUtMYDRidQHLRS\/n9NPaz88WI1\/MQ4y8k60KO1tqm5162hrmArN8b+fS80frWvEFEz9+eDFDvx1mzJn2zaH+tnl2RTKcMc36y7rzuZDNDURSxMaPrumEs88NebWaXmjEXaDYeO9FWYWQ52tNuXPHzmtvhx3zKG86MHeSYz2SzYgwYVFVcWl7CUCGOiwuLos\/YPadqvcCqOYOHagcc5CyTV196GbquW9Y6CAK0wQ\/UMi+Ddg69aH9Tx383HRteH6ufigRacQw1bf8gEVIU4Zh+eLdo+z5yoB86HsaRE3FLx\/9TPznnGNH+qLKNz89fdNWuXW1HFPk9emIInyuK4bu\/fG8LT56dEBsSR56LYvfT2mQhy\/90ozjwP95eFZsiT799CV97I4OHpTKOxKJCbmhX22HHf0B4AGBjH2j7AzUDiYz2ew4OSooQiMaiLUUwWXGvULQtpiYXp0zWtWbNKXDNCqW5PZ4cDW03F9Gi04tNDz\/YrlSEPq1dkd9wJOIoSbGV3+woE28rnxd6tpeWl5DJjkDXdUPfckpdb7d9Tp+hYl2dsLpyxdFJK79+Y+Om6LvxRMLQV\/1cZGzl86Iw2qXlJeEAkK+9uQ30LADABx99WJd0qDmmwpGwcKw4FcD0+9p3Al2PZDqNoUSifl9qjjVyCAF7Y00zvHx+mvUpt8i61Dc2buJe3ekpf7dsC8vjxI2Nm9jK5w31BoK0KeeW2fk5x2fPKUjIj3mI8Q+6R3S\/zTVvUumUYSPArh6Nl9DzBjSudamoopO+P0kUtVvcWoYKzTsVdaU5HLAf8+R2kF21184yorGosKvuFezXizLme0PHp7bIdqmf9qqTXWpGdvyb6+vImSTJdErMyfJnreZHivanDSynNnZ6zVvB6\/kU2LO9+9lfw\/SW9VwO5VIJs\/Nzor\/EEwlE6nUk7GzMeCKB2fk5g2RKuVTCzNQ0z9eAQd4niMhjYz9smLdKL9rf1PHP+MdwdQDP9LoRLWKQxLnvnNb8sFSuOf5tdPUP2WjctwsV+Q0pCp44mWwoKvzgR+NQfvVLhBQFA+pggyTQl+9tdcXZvqvt4LOzM3j67UsAatdBvhZVXceDH42zzE9AeGdgFw963QiPGJIiPp2MonKpjEw260lhys18HufqqZepdAoXFowGyFtT06JQn1l3sB2not3xhuoSLc0WH7SIjCfiHW96+MFabg2z83OI16NbzItGWfLFik7lKqhAFkWYm6PgdF13LJjXbvu8kExxolmEtqZpmJmaFudNxcaIbjjANU0zXHvzNbFqQ7FQMJyXud2EU7Si39e+E1ZXrgj9e5JuMI9brRRc9PL58TLq\/8LCIq5evyacMjJWUW00TiiKgkw2K\/4u1x\/YT3QqS+f1PMT4i\/l+y\/bMoOQw7hZUwBewdrLIr\/dDxo18fdw8O5v1TWcKipDHyJ16BL3b49rdG\/Nz5qe92swuldE0TWzcxBMJw8avfC5u50lFUcS5bTkU9fXqmreC1\/MpsCePWPRho4LZP5CKhxydPqiqQqJGzlilzBR57NrRNFxYWNyXgQ3tUsveKXpSa6oXRGMxzM7PYbuyLerRBIletL+p4z9Vlw1gvI3oeQYhDAcs2h\/Yi47f1XZEQV07Ht0vA29kMKAO4tDxcFckdHa1HQyog\/jajzINjv\/HH29Df+11PP2Tc4Yo\/6qu44tf\/GdXov2JL9\/bQlXX8dT5WcMGxKP7ZXz204u+XyvGG\/4cquL9fRLtD8jFP5s7v\/c+03m03L1CAcl0Gsl0umHBQMaeHOlBbRgfHWsrgtrqeHtRR86OO1pE9quz816hIKLMkul0TzYnqNCwVaTNhYXFwEaXNIvQtjvvrXzeMi3eD9ppw1tT0ygWipiYPNPg5CFnS1Cj8XRdx6svvYyJyUmk0qkGe7ZYKBjSxbuNV1H\/xUIBM1PTwlkF7DnxraJ6SQKFIjiB2sL43y3knhh\/5iHm4LBd2UY8kbB1UtPr5sK\/QWJ8dAyXlpcano+ZqemOng9d1y2lZfy2V53sUjPFQgGZbLZBdqcd5KCNZk5Kv665HV7Pp1SYHnDO2mAYolgo4Hv\/9M+4tLwkNp3CkQg++OhDzNSDii6Z6h2RfcTztBGrjbugIQeuBJFutz\/0nW89+yKA39i94cbGzb51cHSb08OnPFv8zu8ewisB0\/bfT4QUBYePh7Gr6z13sg+ogzj0TRWPuJhv4BgfeIzfh\/aHtn8QoNTu7UqFDbiAQJFhzaLy9ht03r3sq+20gSKaAezL50yWhwjqZkYz6L67Pb9oLNagnc3Yw\/MQw9hDz8dBmvNVVcUHH30IwFtfQSvH78U173Q+nZ2fQyabNWhdM4xb4okELi0v2dYH3dE0nB4+FZhxyC7jth+xk4kLSsD4jqZZbtIGvf1N+CE7\/lvAq8n8+9UQru4e8qBFDMP0it+GqpgeeNzrZjAMwzAMwzAM0yPIX+JFHYaDgLxZMjM13XGmBHNwuby8ZMic1HUdqytX+lKOlWF6yA+DpzWzD3izypedYYLO2wP7R+KHYRiGYRiGYZjWWV25AiBYUbu9hHTF24xcZRjBW1PTOD18CtuVipACYqc\/wzTSNOKfUoYZb9Len0GIJX4YJuD8GVX8liV+GIZhGIZhGObAQ0VHx0fHetyS\/iccieDGxk2Mj47tW9k9hmGYPqK51A\/DMAzDMAzDMAzDMAzTiFxYnWmOqqqB0V9nGIYJOD883OsWMAzDMAzDMAzDMAzDBBF2+LcGO\/0ZhmG6B4vNMwzDMAzDMAzDMAzDMAzDMMw+gh3\/DMMwDMMwDMMwDMMwDMMwDLOPOAzgEwA\/7XE7GIZhGIZhGIZhGIZhGIZhGIbpnE\/+P\/YK+dfhd1DyAAAAAElFTkSuQmCC\" alt=\"Markalama G\u00f6rseli\" title=\"\"><\/p>\n<\/div>\n<div>\n<table style=\"width: 100%;\" cellspacing=\"0\" cellpadding=\"0\">\n<tbody>\n<tr>\n<td style=\"width: 120px; font-weight: bold;\">Norm<\/td>\n<td style=\"width: 400px; text-align: left;\">TS EN 1361 TYPE - C<\/td>\n<td style=\"width: 120px; font-weight: bold;\">Colour<\/td>\n<td style=\"width: 400px;\">\n<div class=\"color-icons\"><img decoding=\"async\" src=\"data:image\/svg+xml;base64,PHN2ZyB2aWV3Qm94PSIwIDAgMTAwIDEwMCIgeG1sbnM9Imh0dHA6Ly93d3cudzMub3JnLzIwMDAvc3ZnIj4KICA8Y2lyY2xlIGN4PSI1MCIgY3k9IjUwIiByPSI0OSIgZmlsbD0iIzAwMDAwMCIgc3Ryb2tlPSJibGFjayIgc3Ryb2tlLXdpZHRoPSIwLjUiLz4KICA8Y2lyY2xlIGN4PSI1MCIgY3k9IjUwIiByPSIzOCIgZmlsbD0id2hpdGUiIHN0cm9rZT0iYmxhY2siIHN0cm9rZS13aWR0aD0iMC41Ii8+CiAgPGNpcmNsZSBjeD0iNTAiIGN5PSI1MCIgcj0iMzMiIGZpbGw9IiMwMDAwMDAiIHN0cm9rZT0iYmxhY2siIHN0cm9rZS13aWR0aD0iMC41Ii8+CiAgPGNpcmNsZSBjeD0iNTAiIGN5PSI1MCIgcj0iMjIiIGZpbGw9IndoaXRlIiBzdHJva2U9ImJsYWNrIiBzdHJva2Utd2lkdGg9IjAuNSIvPgo8L3N2Zz4=\" alt=\"\" title=\"\"><\/div>\n<\/td>\n<\/tr>\n<\/tbody>\n<\/table>\n<\/div>\n<\/div>\n<\/div>","protected":false},"excerpt":{"rendered":"<p>&nbsp; \u00dcr\u00fcn Ad\u0131: AERO-C \u00dcr\u00fcn Kodu: ARC-H494 U\u00e7ak Yak\u0131t Dolumu EN 1361 Tip C Kullanim Alan\u0131 : Aromatik i\u00e7eri\u011fi %50&#8217;ye kadar olan u\u00e7aklar\u0131n yerden yak\u0131t ikmali i\u00e7in. Alt Katman : Havac\u0131l\u0131k Benzinleri ve Jet Yak\u0131tlar\u0131na Dayan\u0131kl\u0131, \u0130letken NBR Kau\u00e7uk. Takviye Katman\u0131 : Y\u00fcksek Mukavemetli Sentetik Tekstil, 2 \u00c7elik Tel Spiral ve Antistaik Bak\u0131r Tel. \u00dcst [&#8230;]\n","protected":false},"featured_media":22389,"comment_status":"open","ping_status":"closed","template":"","meta":{"jetpack_post_was_ever_published":false},"product_brand":[],"product_cat":[2364],"product_tag":[],"class_list":{"0":"post-21578","1":"product","2":"type-product","3":"status-publish","4":"has-post-thumbnail","6":"product_cat-sel_akaryakit_hortumlari","8":"first","9":"instock","10":"taxable","11":"shipping-taxable","12":"product-type-simple"},"jetpack-related-posts":[],"jetpack_sharing_enabled":true,"jetpack_likes_enabled":true,"_links":{"self":[{"href":"https:\/\/tuzlahortum.com.tr\/en\/wp-json\/wp\/v2\/product\/21578","targetHints":{"allow":["GET"]}}],"collection":[{"href":"https:\/\/tuzlahortum.com.tr\/en\/wp-json\/wp\/v2\/product"}],"about":[{"href":"https:\/\/tuzlahortum.com.tr\/en\/wp-json\/wp\/v2\/types\/product"}],"replies":[{"embeddable":true,"href":"https:\/\/tuzlahortum.com.tr\/en\/wp-json\/wp\/v2\/comments?post=21578"}],"wp:featuredmedia":[{"embeddable":true,"href":"https:\/\/tuzlahortum.com.tr\/en\/wp-json\/wp\/v2\/media\/22389"}],"wp:attachment":[{"href":"https:\/\/tuzlahortum.com.tr\/en\/wp-json\/wp\/v2\/media?parent=21578"}],"wp:term":[{"taxonomy":"product_brand","embeddable":true,"href":"https:\/\/tuzlahortum.com.tr\/en\/wp-json\/wp\/v2\/product_brand?post=21578"},{"taxonomy":"product_cat","embeddable":true,"href":"https:\/\/tuzlahortum.com.tr\/en\/wp-json\/wp\/v2\/product_cat?post=21578"},{"taxonomy":"product_tag","embeddable":true,"href":"https:\/\/tuzlahortum.com.tr\/en\/wp-json\/wp\/v2\/product_tag?post=21578"}],"curies":[{"name":"wp","href":"https:\/\/api.w.org\/{rel}","templated":true}]}}