{"id":21539,"date":"2025-08-11T11:10:40","date_gmt":"2025-08-11T08:10:40","guid":{"rendered":"https:\/\/tuzlahortum.com.tr\/urun\/fossil-d-16\/"},"modified":"2025-08-20T15:43:16","modified_gmt":"2025-08-20T12:43:16","slug":"fossil-d-16","status":"publish","type":"product","link":"https:\/\/tuzlahortum.com.tr\/en\/product\/fossil-d-16\/","title":{"rendered":"FOSSIL D\/16"},"content":{"rendered":"<p>&nbsp;<\/p>\n<div class=\"report-container\">\n<div class=\"report-header\">\n<div class=\"standard-text\">Product Name: FOSSIL D\/16<\/div>\n<div class=\"standard-text\">Product Code: FDH44S<\/div>\n<\/div>\n<div class=\"product-image-container\">\n<div class=\"key-feature\">Oil \/ Lubricant Transmitter 16 Bar EN 1761 Type D<\/div>\n<\/div>\n<div class=\"horizontal-line\"><\/div>\n<div class=\"product-details\">\n<div class=\"detail-row\">\n<div class=\"detail-label\">Area of Use<\/div>\n<div class=\"detail-value\">: Aromatik i\u00e7eri\u011fi %50&#8217;ye kadar olan petrol \u00fcr\u00fcnlerinin ta\u015f\u0131nmas\u0131 i\u00e7in.<\/div>\n<\/div>\n<div class=\"detail-row\">\n<div class=\"detail-label\">Substrate<\/div>\n<div class=\"detail-value\">: Oil and Petroleum Resistant, Black NBR.<\/div>\n<\/div>\n<div class=\"detail-row\">\n<div class=\"detail-label\">Reinforcement Layer<\/div>\n<div class=\"detail-value\">: High Strength Synthetic Textile and 2 Antistatic Copper Wires.<\/div>\n<\/div>\n<div class=\"detail-row\">\n<div class=\"detail-label\">Top Layer<\/div>\n<div class=\"detail-value\">: Abrasion, Flame, Oxygen, Air and Oil Resistant Special Synthetic Rubber.<\/div>\n<\/div>\n<\/div>\n<div class=\"datasheet_table\"><img decoding=\"async\" class=\"alignnone size-full\" src=\"https:\/\/tuzlahortum.com.tr\/wp-content\/uploads\/2025\/08\/datasheet281.svg\" alt=\"\" title=\"\"><\/div>\n<div class=\"table-notes\">Pipe on request: Conductor (\u03a9)<\/div>\n<div class=\"horizontal-line\"><\/div>\n<div class=\"footer\">\n<div class=\"standards-section\">\n<div class=\"standard-item\" style=\"margin-top: 9px;\"><img data-recalc-dims=\"1\" width=\"1020\" decoding=\"async\" style=\"margin-right: 10px;\" src=\"https:\/\/i0.wp.com\/tuzlahortum.com.tr\/wp-content\/uploads\/2025\/04\/tse-1.png?fit=1020%2C40&#038;ssl=1\" height=\"40\" alt=\"\" title=\"\"><\/div>\n<div class=\"standard-info\"><\/div>\n<\/div>\n<div class=\"horizontal-line\"><\/div>\n<div class=\"temperature-section\">\n<div class=\"temp-icon\"><img decoding=\"async\" src=\"data:image\/svg+xml;base64,PD94bWwgdmVyc2lvbj0iMS4wIiBlbmNvZGluZz0iVVRGLTgiPz4KPHN2ZyBpZD0ia2F0bWFuXzIiIGRhdGEtbmFtZT0ia2F0bWFuIDIiIHhtbG5zPSJodHRwOi8vd3d3LnczLm9yZy8yMDAwL3N2ZyIgdmlld0JveD0iMCAwIDcyLjI3IDE2Ljk4Ij4KICA8ZGVmcz4KICAgIDxzdHlsZT4KICAgICAgLmNscy0xIHsKICAgICAgICBzdHJva2Utd2lkdGg6IC41OXB4OwogICAgICB9CgogICAgICAuY2xzLTEsIC5jbHMtMiwgLmNscy0zLCAuY2xzLTQgewogICAgICAgIGZpbGw6IG5vbmU7CiAgICAgICAgc3Ryb2tlLW1pdGVybGltaXQ6IDMuODY7CiAgICAgIH0KCiAgICAgIC5jbHMtMSwgLmNscy0zLCAuY2xzLTQgewogICAgICAgIHN0cm9rZTogI2E3YTlhYjsKICAgICAgfQoKICAgICAgLmNscy01IHsKICAgICAgICBmaWxsOiAjYTdhOWFiOwogICAgICB9CgogICAgICAuY2xzLTIgewogICAgICAgIHN0cm9rZTogI2ZmZjsKICAgICAgfQoKICAgICAgLmNscy0zIHsKICAgICAgICBzdHJva2Utd2lkdGg6IDIuMDZweDsKICAgICAgfQoKICAgICAgLmNscy00IHsKICAgICAgICBzdHJva2Utd2lkdGg6IC4ycHg7CiAgICAgIH0KICAgIDwvc3R5bGU+CiAgPC9kZWZzPgogIDxnIGlkPSJrYXRtYW5fMSIgZGF0YS1uYW1lPSJrYXRtYW4gMSI+CiAgICA8Zz4KICAgICAgPHBhdGggY2xhc3M9ImNscy0zIiBkPSJNMTEuMzQsMTEuNTdjLS45NCwxLjcxLTIuNzEsMi42Ni00LjgsMi42Ni0zLjA1LDAtNS41MS0yLjQ3LTUuNTEtNS41MlMzLjUsMy4xOSw2LjU1LDMuMTljMS45NCwwLDMuNjUsMSw0LjYzLDIuNTIiLz4KICAgICAgPGNpcmNsZSBjbGFzcz0iY2xzLTUiIGN4PSI2LjU1IiBjeT0iOC42NiIgcj0iMi40Ii8+CiAgICAgIDxjaXJjbGUgY2xhc3M9ImNscy0yIiBjeD0iNi41NSIgY3k9IjguNjYiIHI9IjIuNCIvPgogICAgICA8bGluZSBjbGFzcz0iY2xzLTMiIHgxPSI2OC4zNCIgeTE9IjExLjc2IiB4Mj0iOS45MiIgeTI9IjExLjc2Ii8+CiAgICAgIDxsaW5lIGNsYXNzPSJjbHMtMyIgeDE9IjY4Ljc4IiB5MT0iNS41MSIgeDI9IjkuNzMiIHkyPSI1LjUxIi8+CiAgICAgIDxsaW5lIGNsYXNzPSJjbHMtMyIgeDE9IjU0LjA3IiB5MT0iOC43NSIgeDI9IjguNjQiIHkyPSI4Ljc1Ii8+CiAgICAgIDxwYXRoIGNsYXNzPSJjbHMtMyIgZD0iTTY4LjE1LDUuNTVjMS43MSwwLDMuMDksMS4zOSwzLjA5LDMuMDlzLTEuOTIsMy4wNi0zLjYyLDMuMDYiLz4KICAgICAgPHBhdGggY2xhc3M9ImNscy01IiBkPSJNNTMuOTEsOC43NWMwLS4xNC4xMi0uMjYuMjYtLjI2cy4yNy4xMi4yNy4yNi0uMTIuMjctLjI3LjI3LS4yNi0uMTItLjI2LS4yN1oiLz4KICAgICAgPHBhdGggY2xhc3M9ImNscy0zIiBkPSJNNTMuOTEsOC43NWMwLS4xNC4xMi0uMjYuMjYtLjI2cy4yNy4xMi4yNy4yNi0uMTIuMjctLjI3LjI3LS4yNi0uMTItLjI2LS4yN1oiLz4KICAgICAgPGxpbmUgY2xhc3M9ImNscy0xIiB4MT0iMzYuNDMiIHkxPSIxNi45OCIgeDI9IjM2LjQzIiB5Mj0iMTQuMjQiLz4KICAgICAgPGxpbmUgY2xhc3M9ImNscy0xIiB4MT0iMjguMDUiIHkxPSIxNi45OCIgeDI9IjI4LjA1IiB5Mj0iMTQuMjQiLz4KICAgICAgPGxpbmUgY2xhc3M9ImNscy0xIiB4MT0iMTkuNTkiIHkxPSIxNi45OCIgeDI9IjE5LjU5IiB5Mj0iMTQuMjQiLz4KICAgICAgPGxpbmUgY2xhc3M9ImNscy0xIiB4MT0iNDEuNTciIHkxPSIyLjc0IiB4Mj0iNDEuNTciLz4KICAgICAgPGxpbmUgY2xhc3M9ImNscy0xIiB4MT0iMzMuMjgiIHkxPSIyLjc0IiB4Mj0iMzMuMjgiLz4KICAgICAgPGxpbmUgY2xhc3M9ImNscy0xIiB4MT0iMjQuOTkiIHkxPSIyLjc0IiB4Mj0iMjQuOTkiLz4KICAgICAgPGxpbmUgY2xhc3M9ImNscy0xIiB4MT0iMTYuMDgiIHkxPSIyLjc0IiB4Mj0iMTYuMDgiLz4KICAgICAgPGxpbmUgY2xhc3M9ImNscy0xIiB4MT0iNDQuNjMiIHkxPSIxNi45OCIgeDI9IjQ0LjYzIiB5Mj0iMTQuMjQiLz4KICAgICAgPGxpbmUgY2xhc3M9ImNscy0xIiB4MT0iNDkuNDkiIHkxPSIyLjc0IiB4Mj0iNDkuNDkiLz4KICAgICAgPGxpbmUgY2xhc3M9ImNscy00IiB4MT0iNDAuODgiIHkxPSIxNi45OCIgeDI9IjQwLjg4IiB5Mj0iMTQuMjQiLz4KICAgICAgPGxpbmUgY2xhc3M9ImNscy00IiB4MT0iMzIuMzMiIHkxPSIxNi45OCIgeDI9IjMyLjMzIiB5Mj0iMTQuMjQiLz4KICAgICAgPGxpbmUgY2xhc3M9ImNscy00IiB4MT0iMjMuNzkiIHkxPSIxNi45OCIgeDI9IjIzLjc5IiB5Mj0iMTQuMjQiLz4KICAgICAgPGxpbmUgY2xhc3M9ImNscy00IiB4MT0iMjAuNTkiIHkxPSIyLjc0IiB4Mj0iMjAuNTkiLz4KICAgICAgPGxpbmUgY2xhc3M9ImNscy00IiB4MT0iMjkuMTMiIHkxPSIyLjc0IiB4Mj0iMjkuMTMiLz4KICAgICAgPGxpbmUgY2xhc3M9ImNscy00IiB4MT0iMzcuMTYiIHkxPSIyLjc0IiB4Mj0iMzcuMTYiLz4KICAgICAgPGxpbmUgY2xhc3M9ImNscy00IiB4MT0iNDUuNzEiIHkxPSIyLjc0IiB4Mj0iNDUuNzEiLz4KICAgIDwvZz4KICA8L2c+Cjwvc3ZnPg==\" alt=\"S\u0131cakl\u0131k\" width=\"100\" title=\"\"><\/div>\n<div class=\"temp-values\">\n<div>-30\u00b0C \/ +70\u00b0C (OPTIONAL -55\u00b0C \/ +70\u00b0C)<\/div>\n<div>-22\u00b0F \/ +158\u00b0F (OPTIONAL -67\u00b0F \/ +158\u00b0F)<\/div>\n<\/div>\n<\/div>\n<div class=\"marking-section\">\n<div class=\"detail-row\">\n<div class=\"detail-label\">Branding<\/div>\n<div class=\"detail-value\">: Transfer Band or Embossed<\/div>\n<\/div>\n<p><img decoding=\"async\" class=\"marking-image\" src=\"data:image\/png;base64,iVBORw0KGgoAAAANSUhEUgAABf0AAAAoCAYAAABEkVAiAAAACXBIWXMAACE3AAAhNwEzWJ96AAAgAElEQVR4nO2dX2zbVpb\/v1aaP20n7Pz2rTCL7WBnF5C6mAFmgJUCJJj8AEseJG0fbLVIkD7IaptsfkAdt5vUD7E9WTt5cGykjhf4pcm0in9AgxiN5IdmEmzkANuiBSIt0AF2gUjA7AAzwNCYt8WWmTZJk9i\/B+rQlxRJkRIlkfb5AEFriSIvLy\/vn3PP+Z6ev\/nrF18E8CIYhmEYhmEYhmEYhmEYhmEYhgk1TwHIAPhVl8vBMAzDMAzDMAzDMAzDMAzDMEyLRLpdAIZhGIZhGIZhGIZhGIZhGIZh\/IGN\/gzDMAzDMAzDMAzDMAzDBA5ZlrtdBIYJJWz0ZxiGYRiGYRiGYRiGYRgmMEiShMF0GlcWr+LK4lVEY7FuF4lhQsVTrfw4mUohkx3yqyy+cejAQQBANBbD2MS4\/vlSvoBCPt+tYvnGzOoW\/GKtp9vFYJhNydHIE3zds9btYjAMwzAMwzAMwzDMhoTsefFEAgDQK8u4fvMGFnI5zM+dh6qqXS4hwwSfpo3+sizjwqWLfpbFdyRJ0jsIACiXyl0sjT\/8fK2HDf4M0yV+07PGBn+GYRiGYRiGYRiGaQOyLGN45BgG0mnL7zPZLJKpFN4\/fgLlUqnDpWOYcNG0vE8va2p1hXfXWJGJYbrBPQC\/jqx2uxgMwzAMwzAMwzAMs+HIZLO4snjVYPCvVioYPX4CC7mc7t3fW3NCHpsYZ71\/hnGgJXkfprO8vBbB37GXf6iJyL3Y\/vogAOD+ufkul4bxwmJkFX8Ge\/kzDMMwDMMwDNM+JEli6ZIm4boLJ\/FEApnsEJKplP6ZqqpYyF3GUj4PRVEAaOodmewQ4okEJElCJptFPJHA\/Nx5LBeL3Sp+S0RjMUiS1O1iNERVVVQrFcvvRIWVILOiKHpbEgl7+Z3wzei\/XCzi6OEjfp2OMbETwNur7OUfdra\/Poin330H39+63e2iMB64B2Cxh738GYZhGIZhGIZpH8lUCsMjx3DowEE2XnskGovhyuJV7N29h+suRAyPjCCTHTIYvlcUBf94+EidkXm5WES5VMJAOq3n74zGYpienUGymMT83HnPRtFuI+YtCDLlUknPn2rmyuLVDpemOebnzmN+bq7u87CX3wnfjP7VSrXlc\/jV0DeirteBtQie7\/A1eyQJT70UBQCsqiqe3PX2jLfuiuv\/\/\/huFWsuB96I3IstL8hNXzfIbEv1AQAe3wl\/fonNxAeRVdzrdiE8Qh4DTjvyYUeWZV1qzsuu92armzCNiZIkIRqLAdBCed0u2MTfbcTn2mxbJ5qtV4YJO176Qq\/9SCvH83vIMIwdYxPj6JVlDKTTWMjlDN8126e56XOCMndsZc7z4aWLuve3V8MY03niiQTOzs7USYePHj+BQj5v+zstAiCHcqmkG8wlScJAOo14IoHTk1Oh9fpnGL8JlLyPX7srP37xR76cJyg8jx4c8Ojlv3VXHDs\/\/cTVsfdefwOPTEboZ06dxI43M4bPVpUV3HvrqKMRvkeS8PR779T9FgAeXlvC\/XPzWFVWbMv87LlpROTeuuvePzePh9eW6n7zV3\/6L8t7ePq9YTz97jt4fKcM9fU3bMvbCDq\/FY\/vlPHg4wXXXvs9koQttU2U728tAwC2vBSF9Okn6Kntav\/3C3\/reI4f3vkcEbkXD68t4dv3Rl1dl2mN3\/Ws4Tch8vKPxmL48NJFw+RpRVFsEx3FEwlcWbxat3Nv97kXhkdGMDxyzPK75WIRC7nLnspERGMxS4+IaqWC05NTtgsVq7opl0o4PTllaay5sngV8UQChw4ctD3n7\/\/4BwDO444kSfjtf\/4HAGDv7j2Oixe6phUU4uq0iJEkCRcuXTScY0VRHCe\/dA9ONGoHjerBTXsamxhHJps1fLaQy2F+7rztQlWSJIxNjNcl+lpRFFzOXa5bLFM5GtGMF4UTbuqYEOuw2bYuMphO4+TEuMF76vTkVF3dWPHFV1+iV5YbLr4AzTPxwqWLAICf\/eSnrowLn3\/1JYDG70UYaLZtUdtwqgM3fRGgPYPp2RlIkmS4jpuyOfVh12\/eQDQWw0Iuh9OTU3Xfi319ozJ2krOzM4a+QVVVjB4\/YdkXWr0n5VIJRw8fsWzLzRw\/PTtj+MzvfsaKZvueIGI3PqqqitvFYke8O928r4DWd1+\/eQOA\/\/Uqzile2be\/bv5C17Z7X6keG7U\/p\/lIo3lFI9z2GeK9Hj18pOH1GvV1bsfOTs7bzAym0+iVZb1di3jp08xzcFVVcWZyynYs93JuJ1ppN17nPHSPYlu+nLtcm08OGfTfmWAhyzKmZ2fqnrXVvD+ZSukbYYDWHo4ePgJFUVCtVHDowEHDGEta\/8vFIs5MToV+ftkOqD\/NZLN6tESYUFUVr+7bD0VRcOHSRYMkVBjodPlZLyYEvL0awc4OXu\/Zc9OWRvuI3Ivn\/vUzgwe\/SI8kQfr0E8vfAsD21wbw3K3PsP21Acvvdn76SZ3Bn6777Llpg3E8CDy1K44ffHQBz56bdnX8tn7Ny39VWcGqsoLtrw14uqdt\/X16\/Tz4eKGpMjPe+SBkBv8ri1frvCV6ZdlxEt4NkqkUrixexaDJWNsI2eFe6P6tJi92dUMLxHYmgBLL2sozkCQJwyPHMDwyYvu9Vd3Q5DfIE6KzszN1Bn9AS+ZFhmQrzIm+iF5ZxtjEOK4sXg2FRqYVzbZ183FkBBYZmxhv2B6isZhueHCz6E+mkgC0DT03i+y+2vXLpRIvyADbDVK3DKbTuFDzcPQTWZZ1T9FCvlD3\/dnZmZbL3g6sNgMlScL07Exdfx9PJCzfk3giYdn\/eD2eNmPMDI8cC3S\/HBbIu\/Oz2uZUJ+hr8NwG04Ntu7aqqlip9ZlWcxf6zK4uRM\/vZqF5hdc5HOCtz6D3w+041AgaOxu1k07N26ygulnIXTaMjV76NJIHsjrW6t69nLsVnNqNH3MeQDMaryiK7u3PBI\/BWn9tdlA6evgITk9OGeaQNI8V12\/RWAyf1TZViUI+j7279xg2hmityeNsPdSfmjcWw0K1UtH7xyWLuWnQEct\/u7jc9usFytOfqefnaz14ucXkvY2kZFaFjnXHmxndKL+mqvj+1m2sKivYlurTvdSfPTeNb\/pfrZPr2fFWRj9mVVnB97eWsaZqoijbXxtARO61NHD3SBKeOXVS\/\/v7W7fxpCYXFZF79fJEXpBdSwT5zROTPJHotb\/9tQE8vlO2jEQQeaq2WUJe\/ttfG\/C0ibHttUG9LBtJ8ijIfNGzhq97wpO890PB4FMulVAulRFPxPVJ1dnZGfxi956Ol8scmiuGG5+cGPdk9BseOVZ3jwAgy72Wxl\/CqW5oYdNsREMjyBgKAH2pZEOPacA6DJtkiYZHjhkSWhFjE+N6va4oCgr5gqFepmdnUN5dsjXIOnm+tVMuZzCd1suoqiqWavUzkE5DkiTEEwkMptN19TaYTtfdLwBI0k79t3bJ3BpJcaz4bIQ21y2FrjuFrTfb1s3nIMizn+pmbGLc0YgylB0CoC0IGhnxyegGuJ980\/nDOFl3otm2NZBOt+SpPODCyGgum9gX25GpPadqpWJ5X27bYieRZVk39lQrFSwXl\/X3hvrQ94+f0I+ne6T+R1Xv6eNDPJFANBYz3LvX48lQRV6\/Yh\/V6D1slWb6nqBjHh\/pniRJwtnZGbyyb3\/byzCYHnSMlmq3kUlRFPTWNuTM7YfeaSvjKY2LgPtx3Wo+Quc+WWu\/XrypvfQZGX2caDxvEhHnBEQyldTrZmxi3HHO16l5mxnabAdgaF9e+zSrPod+P5QdMhzr9dxu8dpu\/JjzEOTtP5geZImfAEEbO2YHLKeoo2Qqpc\/lz0xOoVeW9bYSTyQMY5yiKDh04KAh6lH0+h89foIjP2pkslks5fMYHjmmv6tBcg5sRDQWQzyRwIqiYHjkGMqlkqs5bVAQy5\/JDrW9\/L4Z\/ZOppOdwXqcJp9VgvRl5e631YAwv8jY73soA0Az+6utv6Mbl++fm8ey5ad14v62\/r87ITcb5J3erUF9\/w2Akv39uHjvezFj+blt\/n278\/va90brv75+bx86PLuC7fz7j+j785rt\/PlMngbR1Vxw\/+Oj\/1iSNhhsa\/cnTX9yEWVVW8PhuVf\/ODqpzgL38O8m5SHi8\/JOplD6JMkt3UMhjryxbGk\/bTSFfqJvMUZk0T5whyxB0M6Jh0WqCeDl3GWdnZzA\/d97wuVPdUDizlaHGL5rxGLMKYxblAvpSKcN9iHWzXCzi6OEj+nflUlmoa3uN03ZtejSCFvUrioJX9u3XJ+Tzc+d1j7zhkWN17ZZ+ZyUZND93HhcuXaxrCwSFA3cK87UoJN3q3QCab+tmyPAktvvl4rK+6JJl2XYeRp6syy48UOg6K4riyoApGjY2muZqK22rWeOKeO1yqWTr3WgumxbW7dzv0bNdyF22PWYpn0evLAdmwUjvzkrNACAu8qm\/F6F7NEtfkLxVMpUy1JGX4+OJhN7WDx04qH9erVT1cdnpPWwVr31PGLAaH2ksj8ZiSKZSbe9XorGY7XMT+7d2oTkuJBCNReu+iyfWI7LN8xoxB4XbNuc0H5EkCclUyvO80k2fIUYZOfU\/ViiKUte+5+fm9PZPDh92BsBOzNusoAgRs0HcS59m1+eo6j393kW89pdu8dJu\/JrzEEv5vC4H0665PeMecq4yb4Yu12TZyIBvplwqGSJfqL3QJruW7Lre\/rhcLGL5J0WDZFUylUL8q4Rnua2NytjEOMYmxlGtVPSNciuZ1aBC0e0ADFJ21zsY8dcKnS6\/b\/I+FHbl5d9nN2\/YhozRYN3Mv43Cy2sR\/KxFL38vbHkpqsvHfHfqTJ03+bfvjep6\/GaJnojcq\/\/2\/gfzlh75Dz5esNyAIA\/4J3erlobzVWUF3\/zy1Tqje7d5dKeM705pGxERuddW9gjQ6pY2NigHwPe3buOb\/lf1qAYntr+uTQLXVLXh5gLjD7+OrOLPCI+XP3klVSuVukVFIZ8XDBD27bSTFPJ53XPLrUecOAha9fU0can3LNLueUVR6urm\/eMndM\/bdnjmiV6V1UrFdmLrBs0DSzNkmJ+jeM4zpg0UY10nESTERb05pFdVVX2BR4YxEfqd1SJQVdVAaYt7pdm2bncO0UuyXFqP9rAzTImeVW6MZ7QB49bQZmfY2Oz01eq9GZbyhVqbcJ92PlYzGNoZRMQNU7tnO3r8REsbFe2A+kdz+yJnIrHdi\/2K+R7pb1mQnvR6PPXN5kgJ0UjabgPxZsA4lndmnLOT+GmntA9BbclqHS32\/XbjZqtGUKf5SCPc9hlilJFfm2LiHNDOsNKpeZsVdB2z3IOXPs2uz6H5UL3Mpftzt4pdffgx5xER5y5B2YzerCRTKVy\/ecOwxqLcDkcPH9EleKz+iUjSutj1Ur6A+bnzeqTo7\/\/4B8t\/7x8\/YfDup8iVdsu6hgnjusv9\/DFIiOUO45qiE+Xvqqa\/uKvLGNkJTcu\/k2wVBl87wzJ9TtI2xJYX1jvOR3f+3dN1t9QWR49KwTLqu0Gspy0W3jbEtn5tASIm\/X3w8YJruSLaZGGDf2e4B2AxRFr+AATDjLVXbjsm763SbJm8GnKd9KgBzWishdX5nz1F1C2ncreyAKnWNgnNhkG6RzuppEK+YDD2BoVeBwMafdbIQB1Ww74bWrk3sY2Yn7uTwQhYN5q50fpsxhuTFn+d0LEMC61qEDt52q4oimGBTFBfVLaZf1E70CRsrPsOp+uSsazTXlenJ6dw6MBBV+1R7FfM90gLMfEYr8cv5fM4dOBg4DZGrKBwc6t+gZ6lOH7R8dTXJFMpZLJZV8YUzUtzxFeDXKfnOXbG\/U7oR9M4b3635JrMEVH\/vbbm8sPzmeYjXuvbbVSAmygjr3jNN9POeZsV4lxOxEufNj83hx+\/+CPXMldezu0HTu3Gz\/kcXScozk6bDXIIvnDpov6sSRLvF7v36BtwjeQ0yQM6k83quTEK+Tzm5+Zc9SWFfB4\/+8lPDWuMeCKBz7\/6EsMjI6HN++UX8UQCYxPjGB4ZwWB6sC4iPgxkskMYHhnB2MQ4JElqKcl8N+hE+ZuW9yHtp3a9KPFEAr\/\/4x+a+u2PX\/yRz6XpPAfWIni+w9fseU57lk568U\/uapNEJy36yAu9eHLXu2EpEiBjpBee3K1qnvzP2dfJ1sQ\/AGicX8EKQwLfjxaaKiPjjQ8iqwjbXncj7y1RaiAoiJN7sy6jE14NSGSAsKubQj7fNskjWmyUS2WoqopMNotkKul7VFqjhbwmgRM847gbr8NqpaIbm6zayEYO3e5WiKoXaR9RZsmNN+ZGlvZphfm585ienUEmO4SFXM7XDTorqQvSugWAisX7IzrmNCu3SYt+KwmudmLXH4gesJ1CsZEyFcfioPRfg+lBZLLZOok4YD1J8Yqi6LmBxibGEU8kcOjAQYNsyNjEOEaPn7AcV6OxGD4UjEDAMV12qtU2r40P9fIl7cJK4of6t5Wa5n67MEv20N9inhtNPsdo8Fwfc4OdG4yijPxK4GuFvbRPZ+Zt9dfV2q2V\/LGffZqdE4Af524VP+c81B\/EQiD1sZGguYM56fJysYiF3OW6eTytwUh6yzxfuF0sYjA9qEt9LheLtm3SyQZ49PARDKbTGB45pvfN2rgVx+nJqcCMw92AnE1Egz9t6ocBiuAAgFf27ddVD5q1JXeaTpS\/aVdyVVXx6r79Nd019\/+8JuLZjDyPHhzosJe\/iJP3+ZpN2I8ovfP0u8OeEtQ+KmmRAdv6+xwlcoJKI2\/9HkmqS+LrhR1vZgBoGwYkr8S0j9\/1rOE3IfPyB9Y9iILmye0nYnimF29Y0cOk0yQFjzFauFJit+bOp3nemj1j1u8xXNtVrbRb+o2YrHaj0GxbFxHbiJ3Eg5Ux0qu0D7Vxtwl5WdrHmkI+37K3vxcaGZ3FPA0bJZpGlMHrNmJfHpT3gDb5rBb664bQ+rZgpRM+PTtT1++Qhq3ZGB6NxeoMREGH+kazxI\/Yv7UbehaiUdMc2Wg2ojr1\/V5pR3QkIUab+fl+UL\/mlHC9U\/M2M\/S+eHk2Xvq0dekgd22zXf2lVbvxY85jhsodpAjnjQ5p95v78\/m58zh6+EhTcwlFUfD+8RP68\/zw0kXbzSGSBbJrQ4Va5J3oyR5PJPDhpYvIZLOb3utflCYMa11QP8rlN9KSZbkZ3X1OztuYt1cjaN80qn2QF\/u2\/j48d+szPHPqpCsjvuj9vvPTT\/CDjy7oCYM3Alt3aV7+q8qKZ6N9RO5dz3mgrECq1U8YN0fCwgchNPhvFqqVir5oGpsYx5XFqxhMpwOry2jltdVKqHgmmxVCv8Mnh+Y3tHBNplL44qsvDfUTdvxo64pgTBSlFAfTacfNFrO0jyzLNQ+sEYtj1zXfo7EorixebRgubZb2IZmPQZZ71PNTZLJDbV+wOBlxqQyA1o4uXLqIC5cueu63VFVFuVQKhJFdlBnq9lrEjyiKdkAScJIk1fWl9Oyton\/iiQTm587j0IGDuhQDsN6GiAGh7yFJEWrzAwEey62g\/sss8UP9WyeeK40RRj339fdaky2U9HoVpX9a3cijRKzaufydj5jlf68sXsVZi02kRuegCEH6NzYxjunZGQD2kkHdnLfRc2y0OSCWtVGfRuP3hUsXMTxyzJArqdVzN4Ndu2nH\/F6c34TVABg2NPmeQt2YT4l3m6Vaqeh5v3plGR9eumj5TOldlx1sSEpN7lB8z3plWY9cCwqnJ6fwyr79urzi0cNHdC\/waqWCvbv34OjhI7qDzt7dezBakxFcyuexd\/cefTw+PTmFvbv3WJ5rRVHwyr79eGXffj2\/wvWbN\/RrnDbliXOLVZlf2bdfL7NTGe3KvHf3Hstz0f0fPXwE07Mz+j2Yz9nO8s\/PncdeQbaq2+U307S8D9Mefr7Wg5d9Tt77V3\/6L9vv\/vuFv\/XtOt\/+8xlIn36CHklCRO7Fjjczupf697du4+HHC5bJeB\/dKePhtSVdt35bfx+29fcB0AzlD68t4cFH7vXvg8bWmp5\/M4mId7yV0f9fTJ68rb8P3743yhr\/PvNFzxq+7glP8t7NyOnJKVy4dBHA+uQOoATGl9si02NOJuUWMp6Ki+tyqYx4IoFkKunoCeh0Tbce2LIsW+bNWcrnLT3J7MIIvUhzdDKUcn7uvJ74lCbsgLZgLuQLjhIpThKCWmRie8P43eBHW79dLGKgFs4cjUVxT1X1NmHl6SgaW8i41yvLejSFuV7EhJnkWUXt20quwyoxrGb010K62yWz1UlaaVvLxSJOquO6YaSd9eFkiBLzNIiL4GQqZSvbYgXJtgSBszVjn6jT3S1It1VV1cBp55ZLJSRTKcQTCb1\/EDcBrOpuqaavTN\/HYlEMpNN1GwdkIJ+fO6\/fd7lU0g1CfalU4OrDjuViEdOYMUj8iNI+ndjoqlSqGIB1QlQyLJDxVhHkhryWzWozPZMdaptMm5gTQZzD9KVSOHTgoKvyk7SYGTJ62\/XD3Z63AYDi0kHMTZ8mjt+qquLQgYOuIgn86C+9tpt2zO\/FTcxu9\/ubBZLfOTkxrr\/LmjxcDAu5y03Pr8ulEkaPn9BzBFy4dLFufkF\/O22c0QagOQJk9PiJQElO0lhYyBfQK8t62Qr5Au6pqi4dmKkMYSF3Wfs7n8dAehDzc+ehKAoWcjmMTYzr53r\/+AlcWVw\/F83zqU8t5At6f3H08BHDObwiJu0Wr1OtVDBQci5jNBazvf\/Tk1P6\/KRaqRjvv1Yf8UQCK7Vz0zm85pH1Wn5q16cnp5AU5jLdKr+ZribydaJcKuHHL\/6oqX9h5u21wD6Shjy5W4X6+huWOQG29fdh56ef4Nlz05a\/\/fa9UcvEthG5F0+\/+w5+eOff6pIHhwXyyn\/UhLTPVofkQ8+em94w0RBB4VyEvfyDznKxiNHjJ+qMidFYDNOzM7h+80ZgPHqsPCNbTQpH3gJuwt1psWf+t1FCnRVFwaEDBy2ljoZHjuHzr74Mtee\/H219fu68\/vtkKmWYNFotgEVJFzeLH7O0hVhGqwmqm8SwmxnNCKx5oLZbtspJr9nuuQLAyZDJsADahhT1e268XNuJ+G4s5C4H7j2gTSBxQ09sK1blrZj04ckz2DzOUX9s9lpb0o8PTxQrefoB6+9LJ6V9gPqE7OTJT5JRpNtv3sDzKu1DntfiP1ECx+8Njj6h7YmIusfNIkmSoyxRt+dtbmmmT5MkCWdnZxrOG\/zqL722m3bM74MQZbYZURQFRw8fwdHDR\/Q5Or2\/12\/eaPpdEvPNiNEoBK1zpmdn9I0rQq5tFFxZvGr43UIuh5\/95KeBczqhMtLGMrX9eCKu95EUyUXjNenw05hE56D3LpPNGs4VjUWRTCVr\/aJkGPfN5\/CK+TrRWFQvcywWcyxjNBYz3D\/Vgfb9kOFcsizrY6\/4u17BeaWZe2il\/OZrd6P8ZtjTP0C8vBbBz3z28geaSx7bLE\/uVvHNL19FRO7Ftv4ktrwUxbb+Pl3jf\/trA3hc8+w3892pM\/ju1Bls6+\/Dlpdi2Jbq0w39PZKEnR9dwP\/s2tuxe\/GDLS9FdcP8ozv\/7um3PZKk3\/+Tu1Xce+so1tR7eObUSSEqIokHHy\/4WubNyq8jq\/gz2Ms\/DFDSJ\/IESqaShoFxeORY0+GIVtgZOgD7RaCdZyT9Pw3mTomX6ZqyLOsLsFf37fdFi9cKOy8oL4smu3NYyUX4QbVSwS9279EnuvFEXJ940QL3lX37637npOfrRnfXbuPEKgFfK7Ta1mnhdXZ2pi655G0LmQ5aSLgxWokax0v5PE5PTiEai+FCLex6MD1Y57XrJUFwWGmlbQHaApS8IQfT6bYsRMV+y+qdJeMrGauqlQrGJsZ1eZZkKhUojzgnREPhcrHYdW9PMSLJjVe7k5a409jULLeLxTqZg0ZSUF4Na+Y+UhGMQp3ArzpdLi5jIJ3W+7pmpH2cxkanvoTKCqzLwtB5KDE3\/ZeeH0le+JXEt1wq1SV89gNxk4nOf6Gm4y3mnHGC5EBEZFlGJjtkSFopEpZ5m5c+jaKt6DeUP+P9mgxIK+duFqd20+n5PdNeqA2JiX0pCme5WMSZySmTjFb9ph5F0CzlCyjk83okgVU\/bl6TUTvPZLMYHjlmOL5cKgU6ge\/1mzcMf\/\/2P\/\/D8LcYUZrJZg15DMYmxg3e+RRBY3cu+nspn8cr+\/ZDlmV8dvNGS7l2emXZscyNymi+\/8+\/+tL2XAPptO5MQdGoyVSq7hybqfxm2OgfEHZC0\/JvB+rrb7TlvE6sKiu6MfpbaMb+Z06dRI8kYcebGUdZmu9v3QZu3cb9c\/OIyL145tQYtvX31TYS+rTvQwJ56j++U\/YsT\/SUENlw\/4N5PR\/At++NYuuu+LrePxv9W+YegEXW8g8dFHY8Pzene3CQF6Wfi4LTk1O2Cx87GQ9a\/FsZEDQ5g4RBPsHpmtFYTB\/4e2syAm4wS2s0kinyQ4bD7hzxRKJpmSQ3UJjkQi4HSZJ0AyV5TZjruRXZEZLLsaJd0kCttPVyqYRf7N4DQGuXFy5dtJQaELV23RitRK1d0lotl0o4MzmF6dmZOkOW1wTBYaVVSRvy9iePtXYY\/enZ2CWRpWe7lM\/r\/dD7x08gnkjohq+wPEMxOd+ZLhuLRMkKMQrHCSed4UMHDvpulFMURd8cjCcS+ngF+Kfdbjdudsro71edUjJyMkY3I+1jJ0MDNJbWU1XV8KzMkl1UDtFzkM7rBU0S0Cg5I0of+Al5nALQ5RMATWqCjCZupFpoPBIpQ7v3z2s5gMzvYBDmbW7w0qeJ9aCqKq4sXsVAOm1r9Pezv2yl3fg1vw9K5O9mhmTsyqUSPqxJ8wDa+xaLxfD+8RP687ZS7LCKSjQ73uzdvafusxVFgSzLdcnjSeIrLFJynYTm\/kptHAtSjgO30Jw5LHNUM+0qf0Ojfyf1eUWcNFEbYWoFYBoAABG8SURBVCfxQwuoZvCiadwMB9YieL5tZ+8+D68tIfKCjKfffceTTM+qsqIZue\/8W83zPQaEyOhPuQla3agw\/\/77W8vY8WYGEYcQVcY9H0RWca\/bhWBagjyaP\/\/qS91bq5veG+RZ11ubcIqQQS2eiLuadJJBOxqLYTA96HrBbrXo3QyoqmowUDot0sNIK21dTNJrpbcPwLXRSvSIFM9FWtcADB6Z5gTBjD1mb3+\/aeS5Tc\/WHJGxXCzWjELhmHvIgp71Qi7Xtigpt5DcQLVSCZyUgAg952QqqY89QOvJXxsRRjk2yptCCWI7bWioVCrolWXIsqy\/12L\/TcZquTYWAu4TxRKFfKFjcwmxDYh1SUYopygNN4jniScShmsEYd7WiFb6NLEMtKHn17mt8KvdtDLnofYUNBm1zQhF5g6PjOjtjN41cpawek5L+TwG0mlkslnEEwnDxiAdr5iibCVJ0r37zecSNxMZDS0H2j0MjxzD\/Nx6IvSwQM4ykrQTZ2dnUMgXuPwmuu7pz50w8Dx6cKBNXv7N4GSU3xJrXlf\/8Z0y8O47nn+3pqp4creqebUHELv66pEkvcyPmvCOcrrfNZVN1H7xu541\/GYDePnTws7OA4oWLF4Xe+1E9BT2o1zmCR\/RqG7Ie0tLAOuPIaZPkJixG7iTDrrZZhZylzE9O6N7OZnHTvLIkG3yfIj1EaRxl8J5nYw9zbZdSlzot6eX5n1m\/10nsGvrTohJeq08+Unap2Ly7hGfjZWhwIzYvsR3jt4JRVkxnJ\/abBA264KC6O0\/UNP69JOYLgPiTeZDrc09wmKcpfwD5NnXTUSdbC+eqkv5gq2HfbvG83KprBtY4ol1r3G\/xo52OVG5HSv8rFOS+KF+2Gs0xIqi2LZNN2WpVqp6lIFs4clPcwPqf9VaAsgwQu2v1Ugju\/N0et5mR9Rhrd3OPi1I\/aWZZuY8IjyvCA7zc3NYyOUwPTujv0\/RWAy\/\/c\/\/0KVNREg6UtQ7BzQDvtVzTaZSmDblrqhWKnj\/+AluBxYs5HL6nITycIQNMQnz9Zs3cGXRf2eZdtKJ8nfV6F+tVOqSOW1G3l6NIAg+U0\/uah0haclbJeQlQ7TVd5uRLS9F9XwFVH\/E1l3\/AECLVmimvprdJGG88cEGMPgD64uYmM1igTyYgrTYExdV7SwX1Y2dh1YmO4RkKoWlmpZoq3jxRHOrjS16Tw+k03X3QcY4NwvVIE166dlQMiNzOxB1cYPSdikMOWyQwX9FUSzLT202mUrZGjauLF61jaY0nwcwGp\/oc83zqj7qkrSG2xlVGSYWcjkMjxxDPJHwdaNOfKe8tmPy8PdL5qWdaHrQWjt2Spjrpm7FY7weDxh1sr32H92ICBAlSihCx6nMsizDS4toRy4CwP08x886JYmfZqXLFEVpSRKOxvNkKoleWbaQsqvq34vHh5H1jZXWxl+r+Vk35m1myAnCrhxu+7SxiXFEYzFdA90Nbs8dJsKyOb0ZoXxBZq396dkZxBNxwyYZHTs8csyQYNouUmXAFB0pGrWZekTpo7DKYYX9HjpR\/oZG\/3YtbMulci2URBU+8\/dafkobtGuS9PO1HrzchuS9zSAmmn363WH85a2jhu8pKS9Q77neI0mQPv0Ef\/mnUVsD9\/Y3MwCga9MTO97MYMtLUXz73qjl77a8FNU3G1b\/FAyjD\/Hsr07q\/29O1Lu1P1n7vPXF8dZdccN5tqW05\/DEVJeMN77oWcPXPRsjeW+5VEYylcJAOo3LucuGPkuW5cAl0DQnC3P7mwuXLuLo4SOWCxJRBsOYhK2sGzLNnsSkxUvH+YGoP2mVRBbQEv4kUynEE3FX96+qqh7iOpQdqls80mKxV5YtF6SZ7BCA4GkckvFHkiScnBivS+5G5bYazy9cuoj5ufOW47MoZRBGA32zbd2JwZrHuJckk06Y9aKJMIXUBhnxnfdzESA+L6eElORVZ5aECAs0vjRKmCvWgbnvXDeUVps+HjDqZIfB+ED9bTyR0A0oTnMHs2cytTFz+yL9+WQqVWeMdJOc1QnS+25U1nZAEj\/dkC4z98PmOl9P5luvix1EzPMz+tsp4bEXRG9h8VrdmLdZHS+WxYzbPo0iFVRVNbxnYnSt+V1ze+520Y45j1XkCxMsFnI5LORy+rsFrCc1Fb3+FUVxTD5N3v0i5kTBjJHTk1NYURQMjxzD9Zs3oKpqqOZ4qqpi9PgJff2YTCUhSVJdboeg0unyNzT6d9Ljyu9rtZpMrRO8vRYcWZ81VcXDa0vY\/toAtvX34QcfXcDDWpJYLaHuuoH7wUcLht8+\/Z6m1S99+gkeXlvCw2tLuvF\/y0tRPP3usKBvvz4Zj8i9ePq9d7ToArkXD68t4ftbt7GmquiRJGzr7zNc16s2fo8kYWsDWaDHd6sNk+yaZY0icq++WQFoOQvM56DrPrrV3OLjUS35b48k4ZlfncRf\/mkUq39awY631q\/72IcNhc3MucjG8PIHtDBHyiJ\/ZfEqRo+f0I2pYxPjusHB66K0ka7fiklH0QpZ7jXJecgGj40ll0ZISr53\/eYN3ctDURR9wkehyeYJvlXdUMg7\/cZPaR83npG0EeFlgkUyAmKCxfXzlXSDyvTsDHrnZNwuFrGztrlCi9zbDsYQp7Koqto2Y8FSPl\/Tj07pWoaAVo+ZbBZAfbsdTKf1+lvIXcZysSh4PKb0Baxduf1o1+2k2bZuh2josIuwPD05ZesBSe+POKeia0uShLOzMzg9OYVeQRPYbBSxm48NpgcxkE6jWqmEwiDaCD\/b1vzc+TqvtVZppOdP30VjMQyPHNO1qSkxNuB+81CWZQyk0772r24YTKf1Z7BcLFoaC80SKOL9KoqCTDZra0j1cryok10ulSzbR7s831uhXCobyunUXgbSaRTyBUO9APX1Vi6VMJBO4+TEuO4VT8fLsmxrbDVjtdEobhB32vheyBfQK8u+bah6wdyXmCW77Dz\/Rfx8T0kusdmIOBqzo7EYzs7O6I4A4pju5rxW75n4LgLGNt2NeZsZuw0PwFufVi6VMVCbI2WyWSzl87pRHaifF3ntL9uB33MeYH2sC5KsKWPN0cNHMFgbG0Sv\/4H0IE5PTtmuP+KJBM7OzhgMpTSX5M0ee8qlkmFzj\/qGMEFrP0BzPKD1YljodPm7rum\/mXl5LYKfBcTLn7h\/bh7b+vt0gzsZ6kUefLxQ561PEjc9koQdb2aw482M5fnXVBX3z\/3L+u+eWzcwPLUrjqd2xfGsXdk++JeGxnkzW16KYuennzgec+\/1Nxp644sbD2ZWlRV8d+pM3XUjNZ1icwSAFx58\/P\/05MfP\/etnhu\/WVLXlBMGbmV9HVvFnbAwvf2Bdg5PCJK0G8GYSc0VjMUd9v\/m58w1D08lrw4rlYtGz9zkZtp3KJOKmbvwyNooLTSdvQ1E+wUrWxorlYlE37Fslhjs9OYULly7qGz1kqCUaJY90es7tTGZPhk3SnDe3FSd9WYoYMSfrIuzC1P1o153Aa1u3g7z8aSFthZtNHbHNkdGOIozMz828wWS3AKP3pZ0bS53Ez7alKIruKeoX60lZ7ec9hXxB904334vbRM8A9E2gcqnUUaO\/mAchk81aLqZEmSrS3o7GYvj8qy8Nx1lJtng5Xnx28UQCVxbrDYaHDhwMnIFiuVg0bFY04vrNG3WfmY3gYl9vNQ4PptOu2ol5bDNfo9Mbttr42L3nR1EZgHU\/Ln5vVTd+vqfxREJPBtlsmy7kCxibiFm+X243dBr1w6LaQDfnbVbXoI0T8Vl66dMK+bzuWGM1FzRv\/HvtL9uJX3MeYH1uEQY5OkZrt5VKBYPpQb0NamPmVSzkLhveWVmWkckOGSIhaa1wu1hk7\/4GyLV8Z6qqhlYGS4wwDOM9dLr8wXEz32TshKblHzRWlRWor79ha1x\/eG2pzsANAN++N4rvTp1xNMpbnfvJ3Sq+6X+1ocf6g48XcP\/cvMu76ByP75TxTf+r9V7+Ne+CxzVv\/WZ58NGCpVzSmqriL2\/9n5bOvZm5B2Bxg2j5i8zPzdl68S7l84Hzol3I5TBqE65pxfvHTzhO+ClUzmpR5VQ3YgKdVnHrGSl6dnrzGtPK2ZdK1XllLxeLtvUZ5Mg3VVVx6MBBS+M8fWeewBfyedswcGIhlwuE4b4ZWmnrVpDh0W1UjVvO2CQn9Cs\/BuPNyOEGNzIf1UrFUuJBVVX8o0mCayNQyOctxwB6z1o9PoyIY1Qjo9n83Pm6fmApn6\/rnxRFsa2fVvsMVVVxenKqK9Ik3UZ8l63GhEbfB42FXM6yf\/IrGsw8H+7mvK3+WG3TYbDFBO7\/aDM\/qlYqgUvSC\/g\/5xGjG4Mma8nYQ+\/40cNHDNJewyPHdAmgwXQaVxavGmTzlotFHDpwsCnnts1Iryzj86++xPWbN2ydpoJOMpXCF199iS+++jJUskREp8vf0NP\/93\/8Q9sLERb83OU+sBbB876drZ4nf1Jw\/4N\/aXyg1W\/vVvE\/u\/43tr82gKd2xRGRduJxpYpHt247esQ\/+HgBD68tYVt\/n6bDX9vBelyp4sndKh5eW7L8HW0GaDkDktgSiyIi7cSqeg9PKlU8\/LRQF1lA0D0+MWn9P75Txn239+uQJ8CuDte+UfGoVLbNX7AuZdTYE9+prGuqim9++Sq2vzaArf1J\/Vk8+Kg+2oJxzweRVdzrdiHaxPvHT6CQL2AwPYheWa6FaxdsJ8orioL5ufN14a\/0eSMaSUTMW9hcKfzebmJmVyZg3XjfV9NVJU+Fcqnc0LvDXDfVSgXLxWXbe1jKF1AulR1Dg+2iCtyEE5+pyaGIZW50Tc1zXWu9VhrIhZqhJZMdQjQWq9X1sqMxxc1zbnQ\/jc7h9EwBbaK\/d\/eeWki6Fma\/XFzGUj5va9hfLhZR3l3SNXbXk5OWDXI\/VuVoRLsNI\/RuOF2nlbYuIssyFnKXATS3+HWqM0VRDM\/NTXszQ3UR9hD8ZttWo9+QoZT6czfnt2tbsizr12vUxk9PTmG5uGzoLxdyl23bnVXf1ei9bxdUFi+QvEBfTVe10f26Pd5uHBTpZP246XsIksFrdCxtKg9lh9Ary1guLtsa381jVKM5iojdc11RFD2hbrvxYjDtlHF1ubgMVb1n247oe7v6sXtP3cyBzHhpX07nf2XffsP71Wg+YL4XO6zmBt2et4ncLhb1RLziu+e1T6tWKnh1334MpNOIJ+KOY3Mz\/aUTzbQboLk5j117GxLyWAVNOo1pzHKxiHKphLGJcd1phSJgzBw9fIQ3dppAkiRIIfSQFwmLfr8dnSx\/z9\/89YunAPzK7gA2+q\/jl9H\/efTgkydbsNOXszFBo0eS8L\/ufg0A+OaXr9puDDDd4Xc9a3gj8qTbxWAYhmEYhgkstAa0W\/9cWbyKeCIRSHkihgkr5NHcTlnFjYwsy\/js5g1IkmRIBsuEk2QqhbGJ8ToDqRbNWx9lFlaisVjDSKAg4CTFGRaPe7vcWmEvvxOs6d8F3l6NsMF\/A7N11z8A0CIY2OAfPD7YgLI+DMMwDMMwfpFMpQCwNAbDdJqF3GU9YbCbSBvGCOXv6nQCeaY9kNd\/JpvVc4+MHj+x4WR8NkJOq7D3VWEvvxMNjf4b+ea7wd+t9eDlgCXvZfxla78mTdEoOTDTeX7bs4avezZO8l6GYRiGYRi\/kCQJ0VhMSOLLc1mG6STlUklP6CvLMvgN9AZ5hActjxnTPJoElyb\/tNGM\/QzTCRoa\/TmszF\/u9QBHWVpkQ\/P35Tt4buVPuFss4n\/4WQeK37HBn2EYhmEYxpJoLIYri1f1v9n5i2E6z+jxExhIp9lTvQmOHj6C4ZFjHKW0AWGDP8M0B8v7dJg\/Yw1\/Zkf\/Dc3X4gSNnzXDMAzDMAwTMuwSojMM014URcH8XIMM4Iwlqqqylz\/DMIzAlr\/64Q\/3Atjb5XIwDMMwDMMwDMMwXUKSJOzYvh2FfAFnGhjOetCDaqWKfy+VNkwyRYZhGIZhmI1Ez9\/89YunAPyq2wVhGIZhGIZhGIZhGIZhGIZhGKY1It0uAMMwDMMwDMMwDMMwDMMwDMMw\/vD\/Af\/qhyuPlqHcAAAAAElFTkSuQmCC\" alt=\"Markalama G\u00f6rseli\" title=\"\"><\/p>\n<\/div>\n<div>\n<table style=\"width: 100%;\" cellspacing=\"0\" cellpadding=\"0\">\n<tbody>\n<tr>\n<td style=\"width: 120px; font-weight: bold;\">Norm<\/td>\n<td style=\"width: 400px; text-align: left;\">TS 9464 EN 1761 TYPE D<br \/>\nISO 1307<\/td>\n<td style=\"width: 120px; font-weight: bold;\">Colour<\/td>\n<td style=\"width: 400px;\">\n<div class=\"color-icons\"><img decoding=\"async\" src=\"data:image\/svg+xml;base64,PHN2ZyB2aWV3Qm94PSIwIDAgMTAwIDEwMCIgeG1sbnM9Imh0dHA6Ly93d3cudzMub3JnLzIwMDAvc3ZnIj4KICA8Y2lyY2xlIGN4PSI1MCIgY3k9IjUwIiByPSI0OSIgZmlsbD0iIzAwMDAwMCIgc3Ryb2tlPSJibGFjayIgc3Ryb2tlLXdpZHRoPSIwLjUiLz4KICA8Y2lyY2xlIGN4PSI1MCIgY3k9IjUwIiByPSIzOCIgZmlsbD0id2hpdGUiIHN0cm9rZT0iYmxhY2siIHN0cm9rZS13aWR0aD0iMC41Ii8+CiAgPGNpcmNsZSBjeD0iNTAiIGN5PSI1MCIgcj0iMzMiIGZpbGw9IiMwMDAwMDAiIHN0cm9rZT0iYmxhY2siIHN0cm9rZS13aWR0aD0iMC41Ii8+CiAgPGNpcmNsZSBjeD0iNTAiIGN5PSI1MCIgcj0iMjIiIGZpbGw9IndoaXRlIiBzdHJva2U9ImJsYWNrIiBzdHJva2Utd2lkdGg9IjAuNSIvPgo8L3N2Zz4=\" alt=\"\" title=\"\"><\/div>\n<\/td>\n<\/tr>\n<\/tbody>\n<\/table>\n<\/div>\n<\/div>\n<\/div>","protected":false},"excerpt":{"rendered":"<p>&nbsp; \u00dcr\u00fcn Ad\u0131: FOSSIL D\/16 \u00dcr\u00fcn Kodu: FDH44S Petrol \/ Ya\u011f Verici 16 Bar EN 1761 Tip D Kullanim Alan\u0131 : Aromatik i\u00e7eri\u011fi %50&#8217;ye kadar olan petrol \u00fcr\u00fcnlerinin ta\u015f\u0131nmas\u0131 i\u00e7in. Alt Katman : Ya\u011fa ve Petrole Dayan\u0131kl\u0131, Siyah NBR. Takviye Katman\u0131 : Y\u00fcksek Mukavemetli Sentetik Tekstil ve 2 Antistatik Bak\u0131r Tel. \u00dcst Katman : A\u015f\u0131nmaya, [&#8230;]\n","protected":false},"featured_media":22365,"comment_status":"open","ping_status":"closed","template":"","meta":{"jetpack_post_was_ever_published":false},"product_brand":[],"product_cat":[2364],"product_tag":[],"class_list":{"0":"post-21539","1":"product","2":"type-product","3":"status-publish","4":"has-post-thumbnail","6":"product_cat-sel_akaryakit_hortumlari","8":"first","9":"instock","10":"taxable","11":"shipping-taxable","12":"product-type-simple"},"jetpack-related-posts":[],"jetpack_sharing_enabled":true,"jetpack_likes_enabled":true,"_links":{"self":[{"href":"https:\/\/tuzlahortum.com.tr\/en\/wp-json\/wp\/v2\/product\/21539","targetHints":{"allow":["GET"]}}],"collection":[{"href":"https:\/\/tuzlahortum.com.tr\/en\/wp-json\/wp\/v2\/product"}],"about":[{"href":"https:\/\/tuzlahortum.com.tr\/en\/wp-json\/wp\/v2\/types\/product"}],"replies":[{"embeddable":true,"href":"https:\/\/tuzlahortum.com.tr\/en\/wp-json\/wp\/v2\/comments?post=21539"}],"wp:featuredmedia":[{"embeddable":true,"href":"https:\/\/tuzlahortum.com.tr\/en\/wp-json\/wp\/v2\/media\/22365"}],"wp:attachment":[{"href":"https:\/\/tuzlahortum.com.tr\/en\/wp-json\/wp\/v2\/media?parent=21539"}],"wp:term":[{"taxonomy":"product_brand","embeddable":true,"href":"https:\/\/tuzlahortum.com.tr\/en\/wp-json\/wp\/v2\/product_brand?post=21539"},{"taxonomy":"product_cat","embeddable":true,"href":"https:\/\/tuzlahortum.com.tr\/en\/wp-json\/wp\/v2\/product_cat?post=21539"},{"taxonomy":"product_tag","embeddable":true,"href":"https:\/\/tuzlahortum.com.tr\/en\/wp-json\/wp\/v2\/product_tag?post=21539"}],"curies":[{"name":"wp","href":"https:\/\/api.w.org\/{rel}","templated":true}]}}