{"id":21527,"date":"2025-08-11T11:09:23","date_gmt":"2025-08-11T08:09:23","guid":{"rendered":"https:\/\/tuzlahortum.com.tr\/urun\/yakit-16\/"},"modified":"2025-08-21T09:02:38","modified_gmt":"2025-08-21T06:02:38","slug":"yakit-16","status":"publish","type":"product","link":"https:\/\/tuzlahortum.com.tr\/en\/product\/yakit-16\/","title":{"rendered":"FUEL\/16"},"content":{"rendered":"<p><!DOCTYPE html><\/p>\n<div class=\"report-container\">\n<div class=\"report-header\">\n<div class=\"standard-text\">Product Name: FUEL\/16<\/div>\n<div class=\"standard-text\">Product Code: ODH441<\/div>\n<\/p><\/div>\n<div class=\"product-image-container\">\n<div class=\"key-feature\" >\n      Oil \/ Lubricant Transmitter 16 Bar\n      <\/div>\n<\/p><\/div>\n<div class=\"horizontal-line\"><\/div>\n<div class=\"product-details\">\n<div class=\"detail-row\">\n<div class=\"detail-label\">Area of Use<\/div>\n<div class=\"detail-value\">: Aromatik i\u00e7eri\u011fi %50&#039;ye kadar olan petrol \u00fcr\u00fcnlerinin ta\u015f\u0131nmas\u0131 i\u00e7in.<\/div>\n<\/p><\/div>\n<div class=\"detail-row\">\n<div class=\"detail-label\">Substrate<\/div>\n<div class=\"detail-value\">: Oil and Petroleum Products Resistant, Black NBR.<\/div>\n<\/p><\/div>\n<div class=\"detail-row\">\n<div class=\"detail-label\">Reinforcement Layer<\/div>\n<div class=\"detail-value\">: High Tensile Synthetic Tulle and Antistatic Copper Wire.<\/div>\n<\/p><\/div>\n<div class=\"detail-row\">\n<div class=\"detail-label\">Top Layer<\/div>\n<div class=\"detail-value\">: Abrasion, Oxygen, Air and Oil Resistant Special Synthetic Rubber.<\/div>\n<\/p><\/div>\n<\/p><\/div>\n<div class=\"datasheet_table\">\n        <img decoding=\"async\" class=\"alignnone size-full\" src=\"https:\/\/tuzlahortum.com.tr\/wp-content\/uploads\/2025\/08\/datasheet277.svg\">\n    <\/div>\n<div class=\"table-notes\">\n      Tube on request: Conductor (\u03a9)\n    <\/div>\n<div class=\"horizontal-line\"><\/div>\n<div class=\"footer\">\n<div class=\"standards-section\">\n<div class=\"standard-item\" style=\"margin-top: 9px;\">\n                  <\/div>\n<div class=\"standard-info\"><\/div>\n<\/p><\/div>\n<div class=\"temperature-section\">\n<div class=\"temp-icon\">\n          <img decoding=\"async\" src=\"data:image\/svg+xml;base64,PD94bWwgdmVyc2lvbj0iMS4wIiBlbmNvZGluZz0iVVRGLTgiPz4KPHN2ZyBpZD0ia2F0bWFuXzIiIGRhdGEtbmFtZT0ia2F0bWFuIDIiIHhtbG5zPSJodHRwOi8vd3d3LnczLm9yZy8yMDAwL3N2ZyIgdmlld0JveD0iMCAwIDcyLjI3IDE2Ljk4Ij4KICA8ZGVmcz4KICAgIDxzdHlsZT4KICAgICAgLmNscy0xIHsKICAgICAgICBzdHJva2Utd2lkdGg6IC41OXB4OwogICAgICB9CgogICAgICAuY2xzLTEsIC5jbHMtMiwgLmNscy0zLCAuY2xzLTQgewogICAgICAgIGZpbGw6IG5vbmU7CiAgICAgICAgc3Ryb2tlLW1pdGVybGltaXQ6IDMuODY7CiAgICAgIH0KCiAgICAgIC5jbHMtMSwgLmNscy0zLCAuY2xzLTQgewogICAgICAgIHN0cm9rZTogI2E3YTlhYjsKICAgICAgfQoKICAgICAgLmNscy01IHsKICAgICAgICBmaWxsOiAjYTdhOWFiOwogICAgICB9CgogICAgICAuY2xzLTIgewogICAgICAgIHN0cm9rZTogI2ZmZjsKICAgICAgfQoKICAgICAgLmNscy0zIHsKICAgICAgICBzdHJva2Utd2lkdGg6IDIuMDZweDsKICAgICAgfQoKICAgICAgLmNscy00IHsKICAgICAgICBzdHJva2Utd2lkdGg6IC4ycHg7CiAgICAgIH0KICAgIDwvc3R5bGU+CiAgPC9kZWZzPgogIDxnIGlkPSJrYXRtYW5fMSIgZGF0YS1uYW1lPSJrYXRtYW4gMSI+CiAgICA8Zz4KICAgICAgPHBhdGggY2xhc3M9ImNscy0zIiBkPSJNMTEuMzQsMTEuNTdjLS45NCwxLjcxLTIuNzEsMi42Ni00LjgsMi42Ni0zLjA1LDAtNS41MS0yLjQ3LTUuNTEtNS41MlMzLjUsMy4xOSw2LjU1LDMuMTljMS45NCwwLDMuNjUsMSw0LjYzLDIuNTIiLz4KICAgICAgPGNpcmNsZSBjbGFzcz0iY2xzLTUiIGN4PSI2LjU1IiBjeT0iOC42NiIgcj0iMi40Ii8+CiAgICAgIDxjaXJjbGUgY2xhc3M9ImNscy0yIiBjeD0iNi41NSIgY3k9IjguNjYiIHI9IjIuNCIvPgogICAgICA8bGluZSBjbGFzcz0iY2xzLTMiIHgxPSI2OC4zNCIgeTE9IjExLjc2IiB4Mj0iOS45MiIgeTI9IjExLjc2Ii8+CiAgICAgIDxsaW5lIGNsYXNzPSJjbHMtMyIgeDE9IjY4Ljc4IiB5MT0iNS41MSIgeDI9IjkuNzMiIHkyPSI1LjUxIi8+CiAgICAgIDxsaW5lIGNsYXNzPSJjbHMtMyIgeDE9IjU0LjA3IiB5MT0iOC43NSIgeDI9IjguNjQiIHkyPSI4Ljc1Ii8+CiAgICAgIDxwYXRoIGNsYXNzPSJjbHMtMyIgZD0iTTY4LjE1LDUuNTVjMS43MSwwLDMuMDksMS4zOSwzLjA5LDMuMDlzLTEuOTIsMy4wNi0zLjYyLDMuMDYiLz4KICAgICAgPHBhdGggY2xhc3M9ImNscy01IiBkPSJNNTMuOTEsOC43NWMwLS4xNC4xMi0uMjYuMjYtLjI2cy4yNy4xMi4yNy4yNi0uMTIuMjctLjI3LjI3LS4yNi0uMTItLjI2LS4yN1oiLz4KICAgICAgPHBhdGggY2xhc3M9ImNscy0zIiBkPSJNNTMuOTEsOC43NWMwLS4xNC4xMi0uMjYuMjYtLjI2cy4yNy4xMi4yNy4yNi0uMTIuMjctLjI3LjI3LS4yNi0uMTItLjI2LS4yN1oiLz4KICAgICAgPGxpbmUgY2xhc3M9ImNscy0xIiB4MT0iMzYuNDMiIHkxPSIxNi45OCIgeDI9IjM2LjQzIiB5Mj0iMTQuMjQiLz4KICAgICAgPGxpbmUgY2xhc3M9ImNscy0xIiB4MT0iMjguMDUiIHkxPSIxNi45OCIgeDI9IjI4LjA1IiB5Mj0iMTQuMjQiLz4KICAgICAgPGxpbmUgY2xhc3M9ImNscy0xIiB4MT0iMTkuNTkiIHkxPSIxNi45OCIgeDI9IjE5LjU5IiB5Mj0iMTQuMjQiLz4KICAgICAgPGxpbmUgY2xhc3M9ImNscy0xIiB4MT0iNDEuNTciIHkxPSIyLjc0IiB4Mj0iNDEuNTciLz4KICAgICAgPGxpbmUgY2xhc3M9ImNscy0xIiB4MT0iMzMuMjgiIHkxPSIyLjc0IiB4Mj0iMzMuMjgiLz4KICAgICAgPGxpbmUgY2xhc3M9ImNscy0xIiB4MT0iMjQuOTkiIHkxPSIyLjc0IiB4Mj0iMjQuOTkiLz4KICAgICAgPGxpbmUgY2xhc3M9ImNscy0xIiB4MT0iMTYuMDgiIHkxPSIyLjc0IiB4Mj0iMTYuMDgiLz4KICAgICAgPGxpbmUgY2xhc3M9ImNscy0xIiB4MT0iNDQuNjMiIHkxPSIxNi45OCIgeDI9IjQ0LjYzIiB5Mj0iMTQuMjQiLz4KICAgICAgPGxpbmUgY2xhc3M9ImNscy0xIiB4MT0iNDkuNDkiIHkxPSIyLjc0IiB4Mj0iNDkuNDkiLz4KICAgICAgPGxpbmUgY2xhc3M9ImNscy00IiB4MT0iNDAuODgiIHkxPSIxNi45OCIgeDI9IjQwLjg4IiB5Mj0iMTQuMjQiLz4KICAgICAgPGxpbmUgY2xhc3M9ImNscy00IiB4MT0iMzIuMzMiIHkxPSIxNi45OCIgeDI9IjMyLjMzIiB5Mj0iMTQuMjQiLz4KICAgICAgPGxpbmUgY2xhc3M9ImNscy00IiB4MT0iMjMuNzkiIHkxPSIxNi45OCIgeDI9IjIzLjc5IiB5Mj0iMTQuMjQiLz4KICAgICAgPGxpbmUgY2xhc3M9ImNscy00IiB4MT0iMjAuNTkiIHkxPSIyLjc0IiB4Mj0iMjAuNTkiLz4KICAgICAgPGxpbmUgY2xhc3M9ImNscy00IiB4MT0iMjkuMTMiIHkxPSIyLjc0IiB4Mj0iMjkuMTMiLz4KICAgICAgPGxpbmUgY2xhc3M9ImNscy00IiB4MT0iMzcuMTYiIHkxPSIyLjc0IiB4Mj0iMzcuMTYiLz4KICAgICAgPGxpbmUgY2xhc3M9ImNscy00IiB4MT0iNDUuNzEiIHkxPSIyLjc0IiB4Mj0iNDUuNzEiLz4KICAgIDwvZz4KICA8L2c+Cjwvc3ZnPg==\" alt=\"S\u0131cakl\u0131k\" width=\"100\" title=\"\">\n        <\/div>\n<div class=\"temp-values\">\n<div>-35\u00b0C \/ +70\u00b0C (OPTIONAL -55\u00b0C \/ +80\u00b0C)<\/div>\n<div>-31\u00b0F \/ +158\u00b0F (OPTIONAL -67\u00b0F \/+ 176\u00b0F)<\/div>\n<\/p><\/div>\n<\/p><\/div>\n<div class=\"marking-section\">\n<div class=\"detail-row\">\n<div class=\"detail-label\">Branding<\/div>\n<div class=\"detail-value\">: Transfer Band or Embossed<\/div>\n<\/p><\/div>\n<p>                <img decoding=\"async\" src=\"data:image\/png;base64,iVBORw0KGgoAAAANSUhEUgAABf4AAAAoCAYAAACvpushAAAACXBIWXMAACE3AAAhNwEzWJ96AAAgAElEQVR4nO2db2gbZ77vv3L+t5u5e++74llOyuk9IAXaSxZWCqRsF6zJoe2eA9LkkJAD67htcnOhjhOS5kVsn2z+vEhsUtt9kU3ayr7QkNBI5kA2gciB05JApELLbSES7F3YhR3fvrv3nsk2af7Z54X0PB6NZkYjaWRJzvcDIbZnNPPMzPOMZr7P7\/f9hf72bzb9FMB\/AyGEEEIIIYQQQgghhBBCup3\/tRol0f\/f2t0SQgghhBBCCCGEEEIIIYQ0za962t0CQgghhBBCCCGEEEIIIYQEB4V\/QgghhBBCCCGEEEIIIWQFsbrdDSD1sxHA3y2G2t0MQp5L\/k8I+B6L7W4GIYQQQgghhBBCCCGuNCX8J3Udx0ZHoChKUO0JhN07dyGfyyEai+HSlcvy71MTk5iamGhjy4Lh4MIqvE3hn5C2sL\/nGb7n8COEEEIIIYQQQgghHUzDwr+qqjgzPhZkW4gPfr4YouhPSJv4MrSIr0OM9ieEEEIIIYQQQgghnU3DHv+9qhpkO4hP3ltkWQZC2sW5noV2N4EQQgghhBBCCCGEkJoE6vFfLBRgmmaQm2yITmhDK3h7sQdbGO3fFGu2RrF6axQLfzHw6Opsu5tDuoiPexbo7U8IIcQVRVFW7DNo0PBcEUIIIYQA0VgM0Vis3c2oybxhIJNOOy5L6npXBIfncznkc7mqv3d7+2sRmPA\/m07jg8NHgtocsbERwHsLjPZvlg0H38fqrVE8OH663U0hXcR9AFdCjPYnhBDiTFzTMDh0ALt37qKgXQNFUXDtxnV8cPhIQy8vhBBCCCErhWgshsGhA+1uRk3yuZyr8J\/Qk10xeTE1Acdnz25vfy0CE\/4NY77pbQR1ojsl8yBIdi724KV2N6LLCSkKVm+NAgCe5PJtbg3pJj7sWcD9djeiTsKRiIyoLBYK7W5OS1BVVc7MzxsGDMPw9bnn7dx0k7CmKArCkQiA+r7LrZ9bydeVdC7DoyPoVVUkdB0zqVTFsnrHo3ge9nNfa3TMNEszY06cq9JESffcnwghhBBCVgLzhtEVEe5edPsxLGf7A7X6aZZLVy4Hsp3dO3d1ldBRi5cQwk6f0f7rdiTw4rkzAIB\/\/\/t\/wLN7xap1QoqC\/3zvawDAj5\/OOEa\/96i9+OndLzy3I1izNYqNn38GAPi\/P\/uvjutsODSIDQffBwD89d39eHzzllz2X\/7yvwEA9\/\/pn\/Hkbh7K559Jgd4PbvusbucvAAALxrzr8azaHIby+WcIKUrNbVvP0Q+HjtI6aIXyh9Aift9F0f7hSAS\/u3ih4ktk3jBcIyujsRguXbmMfC6H3Tt3VSz745\/\/BAB4ZdPLDbVlcGjINXphLpvFTGra9V7tte9wJILh0ZGqyeJioYBTJ066btPp3ORzOZw6cdJRtLp05TKisZjnd4rfc3TtxnWEIxEcPXzENVIC8D5nQCm77tSJk67inqIoOH\/xQsW5mTcMnDpxEnPZrOcxeOHUP5y24XYevPqZYHh0BP0DAxV\/m0mlMDUx6Xm8w6MjSOh6xd\/nDQPTqekqAVa0oxZTE5OYmpiouV6jxDUN5y9egGma2PLqa1XL+wcGMDw6gv179zleN3G+az3veF1br75fC0VRcGZ8DHFNA+Dd\/8V1LRYK+PWbb9Xcthh3Tpimidl02rNPtAORHmyaJm7ZrtfZ8bGK\/mmaJo4ePuJ4XeOahjPjY1DKzyBAaQycOnHSdb9nxscq\/uan73rdZ0zTxExq2nUbjY4569ifTk0joesytX0lPbMTQgghhHQy4v3B73tRp2GaJt7Y9jpM06z57tyJtKP99I7pAt5b6MFGn+s+ujqLxfLL8Pp3+h3XWbu9T\/784yczLuvE5c9rYv5FeCd61F6sf+c3AIDHN29ViP7LyZryMT256xztv25HokL0r8X6d\/sBAIumSdF\/BfNhl4n+l65crpo57lVVTzGtHcQ1DZeuXEbSJh7VQvU4FnH8w6Mjrsvs50Y88KgtnG23RsZGm7yfJnQd5y9ecN2P07npVVWcv3hBirSdyNnxsSrRHygJ4G7HC5REYrsACZSOeXh0BJeuXK4QUTsFIbYriuLYPlXtBQDZb6xY\/9ZMZoPo+0778EL0M7\/9SayXSWfqbqPTvvsHBqrE7nYjHthnUtMVEfpOArmYNLHfc1RVrRL9gdIYcBobYpLAqS3NjHVFUTA4dABnXc5xEGOuWChgtjwB2m0va4QQQggh3YwIuOjWwAtrhms3HkM72t9REf+kmp8vhvB2nQV9f\/z0f2LDwfexdnsfHiiKnAgQiAmBxzdvYcHFoskacb9uRwI\/fjpTVxus\/OTcGYTK7fjh0NGa6z8tVEfji\/Y8u1esOh6\/rBE2PzfnHJev25HwLfqL9QFQ9F\/BfBlaxNeh7ino+7uLF6TgUir8kkc0FpVC8NnxMfxy2+vL3i67XYVVCD82OoJ8Lufbpmdw6EDVMQIlodRJjBJ4nRshxHlFtDeDVYTr0zQAtevhOFl8CLuQaCyGpK5XZQ4Mj47I81oqvpSpOC9nxseQ35ZzjZT2evBopXVOUtdlG0VEN1Ca5FAUxfV4k7pedbwAoCgb5WfdCojWsiaZ99kfG8V6bcORSNW595ooUi32Vn6j3u3bF2NQRG\/X0\/fDkYjvyYK4psnJtlmPTBcnZtPpChtJVe1Fn6ZBURTENa1jIsXDkYg8Rmu0u6qqUrAvFgqYy87J8SjEdWttLOu9bSaVgmneR\/\/AHiiKgj0De6oi6cUEp4jQt\/b74dER1wwfK073GdEvErqOTDpTcY6bGXN2rFH\/qqr6\/g4ghBBCCCGNc3Z8DJl0Bkk9iblsFvOGIZ\/juoFoLCaziYdHRzCTSsln126gHe0PTPhP6sm6P1OrIvHUxGRDbWn1C\/ty8t5i\/UkZjz7PYMPB9xFSFKzd3lchTK\/aHMaqzWEAwOOrztF34nPWz4QcJhD8sG5HQor2D8995GsbTtZDwg7owW9Pu0bse7Fqcxg95QjKJ3e\/cl1vwZjH03vFiuN3wjpJ4JY1Qbqfcz3dE+1vFdhOnThZIRIJO4heVXUUUFtNJp2pso0QbSpF8O5xtbKwYv1CdLKzmE5N4+z4WNV3h9e5ETYc0VgM4UikJQK3VbwVgmut\/TidM1EQs1dV0afFK66j9dzMZbPYv3efXJbP5S3nesDVwqNVEx+16B\/YA6D03f3rN9+SouHUxKSMSB8cOlDVb8XnnOyDpiYmcf7iBdfniGKh0LbjFYgUWyfhX0zWeUX8F+roq07HKuyEGhVejx4+UjPyPq6VMu1m0+m6rXnsojMAKMpJfHHndln8j3eE8C+ef+ey2YpjFONx3jCqCv6Ke44Vsb71HpXP5WSmkvUaRWMxeU\/bvXOXvJ8UC0V5r\/dzTWvdZ5J6suIcNzPm7BQLBRQLBYQjEfRpWtXEBiGEEEIICZ5EOejKasNpGPOOWfOdimir1RJzYzk4qBtY7vYHJvyLIl31ccDTn7aV\/rrdwNuLPdhSZ7Q\/UBKvH9+8hbXb+7D+nf4K4V9EqYt1nLB64S\/+u4lVm8NVEwh+CCkKXjh+DADw9G6+qayBZhF2RU\/v5l0nHx7fvIVHV2dLFj4+hH\/xGbesCdLdfNyzgO\/RPdH+QmArFgpVAkomnUb\/wB6EIxFEY9FlF\/6dyKTTiMaiSOg64prmS\/i3iqBO3w9uHuJCeJ83jKpz88HhI1JEi2tai4T\/ksA3l80irmkN78c0TUynph3rG1h\/P207l5XnOt5R362qqsrraq9dYJqmFBOdhEzxOSeh0TTNtgv7tSgWCmXRvbfi79Z+7hRBHY6Ey593r73jh5lUSkaZR2MxGD7vC6Zp4tdvvoVioeAp\/FdORjln2tWLyAjpHxio26KoVYixd8t2jOK+Y58QyKQzSJRrAti3AVRmRlifj3ttwj+wJJ4vbTstr0lvg1H0XveZoMdcJp3B8Gjpe4nCPyGEEEIIIcHTdqufTknV7jQ2ouTt3yiPr2awdnufjHQX4rQfexrhhf+4bImzanMYa7bH6xb+Xzh+TGYK\/NWHxU8rERH8XvUF\/E5M9Ki9MovBLWuCdDf3AVzpIm9\/AFJEchPYhMCyXJXj\/eAkgPmh3u8MIVa5eYxPTUwioSehKH6rqdS3715VxbxhYDadKVuUNO7zb\/WGt+8HgKttUiad6ahrL7C2ycmaRIimiqK4Cpnd+gwhbGzsAnbE9rs9I0BY\/QQxSSUmH+rpG373KyJW5g3Dl+2MX0zzvudytWyHtVFRkM\/lXNsrRO18Liftg4Bqob4W1rFn5dSJk1AUxVcWaj6Xq6uI+mw6jXzO3barWcQ5c+sXQY05sZ9Oqj9DCCGEEPI8EI5EcP7iBcwbBuKahv1790FRFBwbHeka2x9hq6koClRVxe6duxCNxbqmhtRytb9h4V+8TLUy4uqPf\/5TQ5+r5+WpU9m52IOXmvi8iETvUXux\/t1+PDh+2rc9jfDCL0XH38f6d\/plFoBf1myNykmGh+c+antUvBDqn+TqtwmyI4r6emVNkO7mw54FeEtLnYe4F7uJXJ0osFjFo3omgev93qkllGbS6ZZlQVjFRXF8oq5AkKKdiBp3O8aSNUfnCeS1+q1YFo3FXPtIqyyaWo1os70\/i4j+ecOQNR2sx+3nnHUCwhYmiKK+TjiNn+HRkapCuPlcDvv37qta\/9KVywCALa++VlHk+Jg5gn948y1f0fJifDt55deacKj3+lnbbzjsz7rtRrZfD0GNOdGvxcsOff4JIYQQQpYPEfgyNTEpA3VEpni3IJ79hZtMPpdDUk92ZNCbE8vR\/sZDylFqWL3\/\/Ng5PO+8hBB2NhHtLxDivhDgrdH+bnY3di984acfUhQ5IVCLkKLgxXNnALTf4gdYivZfMObx7F5z1gghRWFR3xXOH0KL+H2XRfsDSxHgrYoA7QTEsQmver+IL812nBthwZTP5WGaZoX438z27FHES8fYXVNWzfRb8ZluieiwYxc9BfYMFTERYF0GIBCRtFXRPFYLp3qL+tbCOqasDA4NOd4XorGYpyXR+YsXqiZf\/PZHcd3quRZWW7ZaWCcW\/KxvvT80c79z6xetGHO1sgsIIYQQQkhrcXvf6CZEu0WmeLfRyvY3pS4LEaOef50eodYJvLfQgyAMJ4QwHVIUrH+n32JP4y5Yry3b\/Fi98EVU+5oavveC9e\/2y8mDTkBG+zdQFNjO2u19MmsipGyE8vlnePHcmY46XtIcH3ah6P+8UCwUpOA9PDqCS1cuI6nrFaJpp2GN+C\/9ny\/\/vX67n2gsJqMvutXeJkhulaNS4pqGL+\/c7ijfd7+I\/uzk9y5qMVitfyIutjKNEI5EXG1qmsVasHlw6IAcq\/W2T2R6RGMxJHVdRuYLr38rM6kUioUCZtNpGWwi1olrmut9IhqLYWpiEvv37sNcNouZ1LRv0VxcNz92PmJftazHgNIkxtnxMZy\/eAEA6i5+3myWRaJcsNjeL1ox5qwTuoQQQgghzztHDx\/BK5textTEpKytteXV1zCXzSKfy2HLq6\/hjW2vSzvNLa++hl+\/+RZM08RMKoVXNr0s6y5NTUzilU0v4+jhI1XbmjcMvLHtdWx59TWoqoprN67jyzu3pQVlo\/XS7PspFgoVbfZqIwDs37tPHj9QCjh\/ZdPLmE2nq7ZlPX7xzvHFndtV23ie2u9E2z3+vXgehY2fL4bwdgMFfZ1YNE08ujqLdTsS2HDofQClqHcvAXytVhL3n+S+kn97ejePtdv7sHZ7HA+On\/bc56rNYWw4+L78ffXWKFZtDjcdad8M1smMZln\/Tn\/Vz6tRmhAw\/+mf23qcpHm+DC3i61D3FPR9Hjl14qQUw4QgCIiixtMtsewRliD1YvU4FxHBpe+1AzULGg8OHfCMqvUj7Kmq6pimOZtOO0You9nrlWyC\/D34NWrR1whTE5Po0zQZFTE8OgKgdL4z6QxmUilXATcai7m2dWpictkKIBcKhQo7H7uNj7BUFNZQvQ36+9szTBRFkf3LmokSFKLv91r6YGm8RvFB+aG4FuJ62snnclWFoIGlh3T7uqKGgVsBY+v1brQWgeHTzvBsOfPAav3lhHXsHz18xFe7hst+rOKlzw+q2utYKHyp3kFlzZhmxpwbYv1wJBJoLQhCCCGEkG5EvM9OTUwgGovK5\/6Z1DSisRhM04RpmjAMQwasmIUCioWCfHYTz5niGTeTTiOhJyu2ldST8p1wLjsnnz+t2xDWo\/VQLLfFqc2ZdMYSEFfdxjPjY\/J5sPS8HJXrZdIZRGPzFdsSWa7i+MVzrdjGbDpdd6Zqt7ffieb9ZFpII1ZCjc5KdQrvLQZ7SR5bov4B4OG5Kdd1e9RerNpcSvERhX2tP\/eovTUj21\/8l2MAUCGAW8Xy5cba5mb9+EOKIs+P07KNn5xvavuk\/ZzrYbR\/pzOXzcqIBSvhSARnxsdw7cb1jokcFVH9VjFLfPH3qmrDmQqnTpz0JdT2qqqcQLD+68bURycMw8DunbscbY8Ghw7gizu3Oz4DoFgofVeKGg0RB+EfWEr9FH3Kr9AsuHTlcsU\/q73NTGq6yaOoRBS0diKh601fk3rHjXXMeS1vNf0DA7IN9UTvHBsdqXnOwpGInGCpJ2MhUc6isP6zTgjZsypaMebEGCCEEEIIIZBZsoNDQzJDt2R1uwdxLS5tQlVVRf\/AHiiKIrNKk+WsTSEgDw4NAYDM0rRuKxqLQVVVKIqCuBZHsVCAaZoV22jkvdGrzUk96dlG6\/HHtbgM9FMUBUk9WbWtvvLvYp\/iuV5so5FaBUG135q5vJztd6KjI\/6fN95e7MGWgKL9BU\/u5vHsXhGrNoexaJqe4rfw8F80zQrhfsGYl4WC126Pe3r2r94axaJp4v67+\/HC8WGs3d6HdTsSeHhuqi0FfkW0\/7N7Rde6Bn6xFjh+dHUWD46fRkjZiI2fnJe1Edqd3UAa5+OeBXwPRvt3A6IYr\/gijWtxKTaFIxEMDh0ItJ6MeAhywsurf8nmpzLbSEQh92maa2SuNUtAPAwApejfVhUidhNA64kud9uG9RiCpFgo4JfbXrfYwkRltLKiKDg7PlYVBQ6URE234\/Jr2yJQVdX1odip6Ku9\/cCSKC38NQtlMbRQKCKBpeLXtQpV18tMKhV4doN1TJw6cRIzqRT6BwZkdHhST+LUidrtP3XiZNVxxrU4+gcGcOnKZdcCvF7Xw4nlEP6tGRYiTdsLEcRSetnQ8LuLF\/DLba+7rm+NvPcb7e\/FvGHgvzsURAYaH3OEEEIIIaQ2Z8bHKupTXbtxvWL5N999K3\/uVVXEv9Pk7wldrxCL7Vnk9m19cec2gNLz6f69+6AoCq7duN5UFrfYhluba7XRfvz27Hu34xfvHeFIBNduXPes8bWS2+8Ehf8OYSNK3v6t4HH2FjaUBWkv8XtNWSR3mhx4cjePdTsSJb\/8GsV6H577CAvGPB59OiML6244NIgfDh1t\/CAaRNY1yDYX7Q8AqzYviVYPjp\/GomnKSY6f3v0CALAmFqXw34XcB3CF3v5dh7DLmJqYgKqqMoo5oeuBCv9eEfZuD0XW4qb2z+ZzeSmYuYl0mXSmQpD95rtv6y70UywUKrLgalkWBZEx57aNaCzWsGWSH0RK5kwqBUVRMDw6IqPLw5FIlYBsPzfNkNB11xTMWrZBol1CLLf3maWI\/9KEgLj+9YrVThHmwrMyaET2grgeQGmCIRIJ1xXxXywUHMZOTnrZ9w\/sqRjn4UgEw6MjDRfObiX9AwMyE+m0j3uT9fpH78Qq7KDsWC3PhBesX0r30MqJSeE3Wms79Y45NxQliKpWhBBCCCGkUcTzoLAQ6sYMcVGLqlvrytrf\/4KkpvB\/6crltr1ENTrL9Mqmlx3\/Xssz2Yt6PI4bYediD15q2db9ISLa12yNQvn8s4plPT8rDXxR3NZtAuHp3bzMCHhyN4+nd\/NYvTXatqh\/MfFgtS5qFmvhY6CUESGyKkL\/qTMsRkh9fNizgPvtbgRpCsMwsH\/vPnxx57aMLm\/nl771e1PUJBAIAbCe79bZdBr9AwNI6knfEdqt8G7vBkzTxAeHj1R4u3fqA6BR9nUUKZ\/WmhXA0gNgpBxdDdSfkQBg2WoWAEuTF3Z\/+LnsHBK63rQVl9iOffx0quivlm1wgNIEiFcGiB2RmSLEfafxLOoGFAuFurOB8rl8IH2jmTEn+ku9tQEIIYQQQkhznDpxEvOGgf6BPZg3DGkb1C2Ypomjh49I28lMOoO4Fm93s3xjb\/9Marol7WfEfwfwEkLY2aJof78IQR+o7eW\/ZusvXC2D\/mqL6n\/44UfYWI66X+6ofyH6262LGmVN7Beuy5q1ESLt4w+hRfx+BUT7C\/sYqzecFWER0oho2CqsXt1BtMsqqFnFxVrnRohqpQKVwdjo9Fm+sN0ensSDlR9xfiY1LT3C45pWVQRTiIOqy73bej46SWATxY69osAb7bsiWqXVNR9KWSfuy2phFXadPiMK\/IpzVOjQSYxaWIu4Br2dsGVixG4RlNSTgfljuiEyMpw4VrbhMU2zLm9\/P1jrBgSZ5dQozYy5Tp2cI4QQQghZieRzOZmdG45EqoLVuoGZ1LR8Lxb1qroJa\/vjWrxl7W+r8G9NA3+eeW+hB+1OdBaWOH5Ysz3uKvzbI\/qtUf9rt\/fhgUe2QNBIm58mi\/oKnuS+qus8ke7gwxUg+gNLYljERYBaKgraOcK\/VRBvZbvEuXGz1hE+2rPl2gFB4DdSIq7FfYnDhmFIATihJ6uEf9O877lf4cENdJbAJq6NiHi39wOrX3sn9V0rwnKqUYTw3z+wR\/5uXx6ORGT0R7cWQxVicLNZKE6isnXb9jHeyqglMXHlJnSXapCUxp5X0d2kriOhJ1EsFHwL+Na6Ac32wXbS6QW4CSGEEEJWItbnV7fgsU7HahmpdqE90XK1v6bw3wqBoGQ\/kK96OQv6pSVIm4NWCSV\/txjC2wEX9G0EUQT3x09n8OD4acd1NhwaxIaD72Pt9j78UMe2f\/x0Bj\/ZGkVIUbD+3X48PDcVQItrI47p6d18jTXrY9XmcIXdUUhR5ITAwl86U5giznwTWsTXoZVR0DefyyOuaUjoOqZT0xX3LFVV0VcWn+z2G+3CXuzS72fOX7yA\/S5FJ5OWqF7rvV+cm7imVVkAlQRVTa4XBOFIRD5IbXn1Nce2imKn9YiSM6lpnBkfQ1zTqkRyIUC6ZQQIUdnvuV4uROFkRVFwbHQE+\/fuq1gu2u30fX7+4gVMTUw6fj9bbXM6XRAVQr4QQO3CvrXAb2l550zcOCEmMuxR8GLysVkSelLup90sTSo6j2Nxj\/NTdFdkJdmFf\/ESYL+PWOsGLFe0f9BjTlGUwCaECCGEEEJIbUR27ODQAXx55zZM0+yqQAxhjwMsWX3WWwuvnbSj\/TWF\/+VMHQ7aQz\/I4n2t4tBiey1+gEprHy+R\/PHNOWw4+D5CioJV5WLBfnh88xYWjHn0qL1Y\/85v8OMnMy2P+rceU1AR\/9bjf+H4MTmB8cLxYbnOk4AnGUhr+W3Pyoj2B0oe8MNlS4lLVy7j6OEjUlAdHh2R4sqtBoRfL3FaeFB7oaq9FdsQntfiy202nfHVDvHFeO3GdUxNTCKfy8EoexHGNU1aatgFJKdzI8RJ8ZkgbX7ERIIQtZ0QbRSTBH7sd+ayWZxByc87oesV3tz5XA7zZZuNM+Nj6J1QcSubxcbyBIt4mLvlMfHT7HVuFFG\/IK5pODs+hky5P8S1OPoHBgBU99ukriOuaYjGYjJFUrQvrmlScHVrdy3\/ynnDWLYMA\/t+7FY+ThkAdpK6jl5VxWw63XS7m91WPpeX17N\/YAAzqZSclAT8Tz46vYAk9aRloq5aKHYaT0FNODhhn0SstBhaqkMwl806Ho84BvG\/oig4Oz4mi\/QOj444FnS21g0QBY\/t\/dnr\/tMIzY45J5qpW0EIIYQQQurD6royNVF6N+62WP\/ZdFoGs4UjkYbruLaLdrSfHv9t5JeLIWzpoGh\/wFskf3aviEXTREhRsHZ7HA\/r8M1\/eG4KL547s2xR\/+KYRJuD4Nm9YkWx4nU7EhXLn97NL3vxYtI4V0IL+B4rI9ofWPKPHhw6ICPj7dRbWFLg5TXnp\/B5QtddPbbnstm6o9CFuO2G3Ufbz7kJcpJbWLJ4CZzWSPe4pvmadDBNE7PpNBK67ljk99SJkzh\/8YKc7BGTHdZ9eu2n2evcKFMTk7Loq1Nf8fJGF5kjbg9MbvYq4UjE83inJiaXrSCuk6e\/13KnMZzQk7JeRLPCf7PbmstmKyYd7f3Q7+Sj\/XNWTNPETGpa\/p7P5eQ+v7hzW55Dq1VUqxA1ROwFbUVmAlCKzheTWFZe2fQygNI1FWPbaQwUCwXbtpeWR2MxXLpSPYm1e+eulkTRNzrmnBCTMoz2J4QQQghpPb2qKoNVuqmIrxURIW+aZksDfFpFO9rf\/nDz55hDC6va3QQAS0Vw\/VjiPLn7VekzWl9d+3h0dVaK4uvf+Y0sJNwqpL9\/Nphof8EPvz3tOJGwYMzj\/rv\/I9B9kdZxH8DHKyjaXzA1MYFZF2F3Np3uiOKPVmZSKZnm5ocPDh\/xLI4p0uacRCSvc3P08JHALHAURZGRvbXELLG8ni98MZnQa7HVWFqWdT2fnZwBZ5omdu\/c5SgWimV2ATqTTrtaPglmUqllE++bRYi6bn2m1vJOw60fHj18pOmJCbc+cbp8fxPR79FYDL2q2nJLIDEmkxahvxHsRYkFpmnigzruk62iFWOu3iwQQgghhBDSOIqi4NqN6\/jmu2+7LlJeEI5E8M133+Kb777tysmLdrS\/ZsT\/H\/\/8p+VoR1cQZPTUe4s9eCmQLdXm6d08HsLdf\/5J7is8yX3lS\/h\/9OkMntn8h5\/9xcDDDz+q+dkfDh2VgnzPz3rx7F7p5VF89pmHP76fdayIyYzHN+t\/mRTny4ln99rVvPMAAAK3SURBVIr4\/1t\/hXU7EpZ93MKjq7PLVrSYNM\/HPQu43+5GtIgPDh9BJp1BUk+iV1XLFjYZ13vXvGFgamLS0WrBS2S3ft6NfC6HKQcNyDRN3MpmPQVAt30LAb9P0xCNReVseT6Xr7lN+7kpFgqYy865npvZdAb5XN7zGO3tVBRF\/q3W98VMahrFQrFi++KcuX12Lpv1vC6ZdBr5XA79A3sQjkTK53rOM9K\/2evsZxte\/QwoCdtvbHsdCV2vyJiYTaddhca5bBb5bbmy\/UjUYomSr7AhcWpHLZZbYJ9JTaNXVV33K5a7idhufdXPsfrdlhNu25\/LZvHGttdlP6x1H3LavxPzhiEzCuxkytZEcS1esU8AMoPBT9vr5VY2i+HREYQjkYr9eB2HE2JCI6Hr8t7mNgbc7q1W\/Nyb6+3nzYw5e3uS5Swf0zQ7rvYIIYQQQshKRmlxIO5y0O3HsJztD\/3t32x6A8C\/ua1A4X+JoIT\/jQD+9dlqbKy5JmmEtdv78JNPzmPRNPH\/Nv+83c0hHcb3AP5x1dN2N4MQQsgK4fzFC4hrWkstsVYa125cRzgSwWw63REZDYQQQgghhKxAfkWrnzZwcGEVRf8WIm1+AirqS1YWJ3qetbsJhBBCVhCi3oCwGCLeJHVdWqIFlXlBCCGEEEIIqaam1U+3+MkuB36LlXnxEkJ4uwMK+q5kRGFfP9ZF5Pnim9Aivg6tnIK+hBBC2k8+l5NFflVVBZ8+vBEWQY0WnCeEEEIIIYT4o6bVDyHdxuDQEIDSC2UQkzWEEEIIIV6oqoqErndNQel2Mzw6gqmJST6nEUIIIYQQ0jp+ReGfEEIIIYQQQgghhBBCCFk50OOfEEIIIYQQQgghhBBCCFlJUPgnhBBCCCGEEEIIIYQQQlYQFP4JIYQQQgghhBBCCCGEkBXEfwDxN+zb0EBwpAAAAABJRU5ErkJggg==\" alt=\"Markalama G\u00f6rseli\" class=\"marking-image\" title=\"\">\n              <\/div>\n<div>\n<table cellpadding=\"0\" cellspacing=\"0\" style=\"width: 100%\">\n<tr>\n<td style=\"width: 120px;font-weight: bold;\">\n            Norm\n          <\/td>\n<td style=\"width: 400px;text-align: left;\">\n                    ISO 1307\n                    <\/td>\n<td style=\"width: 120px;font-weight: bold\">\n            Colour\n          <\/td>\n<td style=\"width: 400px;\">\n<div class = \"color-icons\">\n                                          <img decoding=\"async\" src=\"data:image\/svg+xml;base64,PHN2ZyB2aWV3Qm94PSIwIDAgMTAwIDEwMCIgeG1sbnM9Imh0dHA6Ly93d3cudzMub3JnLzIwMDAvc3ZnIj4KICA8Y2lyY2xlIGN4PSI1MCIgY3k9IjUwIiByPSI0OSIgZmlsbD0iIzAwMDAwMCIgc3Ryb2tlPSJibGFjayIgc3Ryb2tlLXdpZHRoPSIwLjUiLz4KICA8Y2lyY2xlIGN4PSI1MCIgY3k9IjUwIiByPSIzOCIgZmlsbD0id2hpdGUiIHN0cm9rZT0iYmxhY2siIHN0cm9rZS13aWR0aD0iMC41Ii8+CiAgPGNpcmNsZSBjeD0iNTAiIGN5PSI1MCIgcj0iMzMiIGZpbGw9IiMwMDAwMDAiIHN0cm9rZT0iYmxhY2siIHN0cm9rZS13aWR0aD0iMC41Ii8+CiAgPGNpcmNsZSBjeD0iNTAiIGN5PSI1MCIgcj0iMjIiIGZpbGw9IndoaXRlIiBzdHJva2U9ImJsYWNrIiBzdHJva2Utd2lkdGg9IjAuNSIvPgo8L3N2Zz4=\" alt=\"\" title=\"\">\n                                      <\/div>\n<\/td>\n<\/tr>\n<\/table><\/div>\n<\/p><\/div>\n<\/p><\/div>","protected":false},"excerpt":{"rendered":"<p>\u00dcr\u00fcn Ad\u0131: YAKIT\/16 \u00dcr\u00fcn Kodu: ODH441 Petrol \/ Ya\u011f Verici 16 Bar Kullanim Alan\u0131 : Aromatik i\u00e7eri\u011fi %50&#039;ye kadar olan petrol \u00fcr\u00fcnlerinin ta\u015f\u0131nmas\u0131 i\u00e7in. Alt Katman : Ya\u011fa ve Petrol \u00dcr\u00fcnlerine Dayan\u0131kl\u0131, Siyah NBR. Takviye Katman\u0131 : Y\u00fcksek \u00c7ekme Sentetik T\u00fcl ve Antistatik Bak\u0131r Tel. \u00dcst Katman : A\u015f\u0131nmaya, Oksijene, Hava ve Ya\u011fa Dayan\u0131kl\u0131 \u00d6zel [&#8230;]\n","protected":false},"featured_media":22359,"comment_status":"open","ping_status":"closed","template":"","meta":{"jetpack_post_was_ever_published":false},"product_brand":[],"product_cat":[2364],"product_tag":[],"class_list":{"0":"post-21527","1":"product","2":"type-product","3":"status-publish","4":"has-post-thumbnail","6":"product_cat-sel_akaryakit_hortumlari","8":"first","9":"instock","10":"taxable","11":"shipping-taxable","12":"product-type-simple"},"jetpack-related-posts":[{"id":21530,"url":"https:\/\/tuzlahortum.com.tr\/en\/product\/yakit-sd-16\/","url_meta":{"origin":21527,"position":0},"title":"FUEL SD\/16","author":"admin","date":"11 August 2025","format":false,"excerpt":"\u00a0 \u00dcr\u00fcn Ad\u0131: YAKIT SD\/16 \u00dcr\u00fcn Kodu: OSDH451 Petrol \/ Ya\u011f Al\u0131c\u0131\/Verici 16 Bar Kullanim Alan\u0131 : Aromatik i\u00e7eri\u011fi %50'ye kadar olan petrol \u00fcr\u00fcnlerinin emi\u015f ve de\u015farj\u0131 i\u00e7in. Alt Katman : Ya\u011f ve Petrol Dayan\u0131kl\u0131, Siyah NBR. Takviye Katman\u0131 : Y\u00fcksek Mukavemetli Sentetik Tekstil, \u00c7elik Tel Spiral ve Antistaik Bak\u0131r\u2026","rel":"","context":"Similar post","block_context":{"text":"Similar post","link":""},"img":{"alt_text":"","src":"https:\/\/i0.wp.com\/tuzlahortum.com.tr\/wp-content\/uploads\/2025\/08\/yakitsd16-p-1.png?fit=533%2C533&ssl=1&resize=350%2C200","width":350,"height":200,"srcset":"https:\/\/i0.wp.com\/tuzlahortum.com.tr\/wp-content\/uploads\/2025\/08\/yakitsd16-p-1.png?fit=533%2C533&ssl=1&resize=350%2C200 1x, https:\/\/i0.wp.com\/tuzlahortum.com.tr\/wp-content\/uploads\/2025\/08\/yakitsd16-p-1.png?fit=533%2C533&ssl=1&resize=525%2C300 1.5x"},"classes":[]},{"id":21545,"url":"https:\/\/tuzlahortum.com.tr\/en\/product\/yakit-en-12115-d16\/","url_meta":{"origin":21527,"position":1},"title":"FUEL-EN 12115 \/ D16","author":"admin","date":"11 August 2025","format":false,"excerpt":"\u00a0 \u00dcr\u00fcn Ad\u0131: YAKIT-EN 12115 \/ D16 \u00dcr\u00fcn Kodu: ODEN447 Petrol \/ Ya\u011f Verici 16 Bar EN 12115 Tip D Kullanim Alan\u0131 : Aromatik i\u00e7eri\u011fi %50'ye kadar olan petrol \u00fcr\u00fcnlerinin ta\u015f\u0131nmas\u0131 i\u00e7in. Alt Katman : Ya\u011fa ve Petrole Dayan\u0131kl\u0131 \u0130letken NBR. Takviye Katman\u0131 : Y\u00fcksek Mukavemetli Sentetik Tekstil ve 2\u2026","rel":"","context":"Similar post","block_context":{"text":"Similar post","link":""},"img":{"alt_text":"","src":"https:\/\/i0.wp.com\/tuzlahortum.com.tr\/wp-content\/uploads\/2025\/08\/yakiten12115d16-p.png?fit=524%2C524&ssl=1&resize=350%2C200","width":350,"height":200},"classes":[]},{"id":21548,"url":"https:\/\/tuzlahortum.com.tr\/en\/product\/yakit-en-12115-sd16\/","url_meta":{"origin":21527,"position":2},"title":"FUEL-EN 12115 \/ SD16","author":"admin","date":"11 August 2025","format":false,"excerpt":"\u00a0 \u00dcr\u00fcn Ad\u0131: YAKIT-EN 12115 \/ SD16 \u00dcr\u00fcn Kodu: OSDEN448 Petrol \/ Ya\u011f Al\u0131c\u0131\/Verici 16 BAR EN 12115 Type SD Kullanim Alan\u0131 : Aromatik i\u00e7eri\u011fi %50'ye kadar olan petrol \u00fcr\u00fcnlerinin emi\u015f ve de\u015farj\u0131 i\u00e7in. Alt Katman : Ya\u011fa ve Petrole Dayan\u0131kl\u0131 \u0130letken NBR. Takviye Katman\u0131 : Y\u00fcksek Mukavemetli Sentetik Tekstil,\u2026","rel":"","context":"Similar post","block_context":{"text":"Similar post","link":""},"img":{"alt_text":"","src":"https:\/\/i0.wp.com\/tuzlahortum.com.tr\/wp-content\/uploads\/2025\/08\/yakiten12115sd16-p.png?fit=510%2C510&ssl=1&resize=350%2C200","width":350,"height":200},"classes":[]},{"id":21533,"url":"https:\/\/tuzlahortum.com.tr\/en\/product\/barrel-16\/","url_meta":{"origin":21527,"position":3},"title":"BARREL\/16","author":"admin","date":"11 August 2025","format":false,"excerpt":"\u00a0 \u00dcr\u00fcn Ad\u0131: BARREL\/16 \u00dcr\u00fcn Kodu: ODH441 Petrol \/ Ya\u011f Verici 16 Bar EN 1360 Type 1 Kullanim Alan\u0131 : Aromatik i\u00e7eri\u011fi %50'ye kadar olan petrol \u00fcr\u00fcnlerinin ta\u015f\u0131nmas\u0131 i\u00e7in. Alt Katman : Ya\u011f ve Petrol Dayan\u0131kl\u0131, Siyah NBR. Takviye Katman\u0131 : Y\u00fcksek \u00c7ekme Sentetik T\u00fcl ve Antistatik Bak\u0131r Tel. \u00dcst\u2026","rel":"","context":"Similar post","block_context":{"text":"Similar post","link":""},"img":{"alt_text":"","src":"https:\/\/i0.wp.com\/tuzlahortum.com.tr\/wp-content\/uploads\/2025\/08\/barrel16-p.png?fit=523%2C523&ssl=1&resize=350%2C200","width":350,"height":200},"classes":[]},{"id":21539,"url":"https:\/\/tuzlahortum.com.tr\/en\/product\/fossil-d-16\/","url_meta":{"origin":21527,"position":4},"title":"FOSSIL D\/16","author":"admin","date":"11 August 2025","format":false,"excerpt":"\u00a0 \u00dcr\u00fcn Ad\u0131: FOSSIL D\/16 \u00dcr\u00fcn Kodu: FDH44S Petrol \/ Ya\u011f Verici 16 Bar EN 1761 Tip D Kullanim Alan\u0131 : Aromatik i\u00e7eri\u011fi %50'ye kadar olan petrol \u00fcr\u00fcnlerinin ta\u015f\u0131nmas\u0131 i\u00e7in. Alt Katman : Ya\u011fa ve Petrole Dayan\u0131kl\u0131, Siyah NBR. Takviye Katman\u0131 : Y\u00fcksek Mukavemetli Sentetik Tekstil ve 2 Antistatik Bak\u0131r\u2026","rel":"","context":"Similar post","block_context":{"text":"Similar post","link":""},"img":{"alt_text":"","src":"https:\/\/i0.wp.com\/tuzlahortum.com.tr\/wp-content\/uploads\/2025\/08\/fossild16-p.png?fit=524%2C524&ssl=1&resize=350%2C200","width":350,"height":200},"classes":[]},{"id":21536,"url":"https:\/\/tuzlahortum.com.tr\/en\/product\/barrel-sd-16\/","url_meta":{"origin":21527,"position":5},"title":"BARREL SD\/16","author":"admin","date":"11 August 2025","format":false,"excerpt":"\u00a0 \u00dcr\u00fcn Ad\u0131: BARREL SD\/16 \u00dcr\u00fcn Kodu: OSDH451 Petrol \/ Ya\u011f Al\u0131c\u0131\/Verici 16 Bar EN 1360 Tip 2 Kullanim Alan\u0131 : Aromatik i\u00e7eri\u011fi %50'ye kadar olan petrol \u00fcr\u00fcnlerinin emi\u015f ve de\u015farj\u0131 i\u00e7in. Alt Katman : Ya\u011f ve Petrol Dayan\u0131kl\u0131, Siyah NBR. Takviye Katman\u0131 : Y\u00fcksek Mukavemetli Sentetik Tekstil, \u00c7elik Tel\u2026","rel":"","context":"Similar post","block_context":{"text":"Similar post","link":""},"img":{"alt_text":"","src":"https:\/\/i0.wp.com\/tuzlahortum.com.tr\/wp-content\/uploads\/2025\/08\/barrelsd16-p.png?fit=521%2C521&ssl=1&resize=350%2C200","width":350,"height":200},"classes":[]}],"jetpack_sharing_enabled":true,"jetpack_likes_enabled":true,"_links":{"self":[{"href":"https:\/\/tuzlahortum.com.tr\/en\/wp-json\/wp\/v2\/product\/21527","targetHints":{"allow":["GET"]}}],"collection":[{"href":"https:\/\/tuzlahortum.com.tr\/en\/wp-json\/wp\/v2\/product"}],"about":[{"href":"https:\/\/tuzlahortum.com.tr\/en\/wp-json\/wp\/v2\/types\/product"}],"replies":[{"embeddable":true,"href":"https:\/\/tuzlahortum.com.tr\/en\/wp-json\/wp\/v2\/comments?post=21527"}],"wp:featuredmedia":[{"embeddable":true,"href":"https:\/\/tuzlahortum.com.tr\/en\/wp-json\/wp\/v2\/media\/22359"}],"wp:attachment":[{"href":"https:\/\/tuzlahortum.com.tr\/en\/wp-json\/wp\/v2\/media?parent=21527"}],"wp:term":[{"taxonomy":"product_brand","embeddable":true,"href":"https:\/\/tuzlahortum.com.tr\/en\/wp-json\/wp\/v2\/product_brand?post=21527"},{"taxonomy":"product_cat","embeddable":true,"href":"https:\/\/tuzlahortum.com.tr\/en\/wp-json\/wp\/v2\/product_cat?post=21527"},{"taxonomy":"product_tag","embeddable":true,"href":"https:\/\/tuzlahortum.com.tr\/en\/wp-json\/wp\/v2\/product_tag?post=21527"}],"curies":[{"name":"wp","href":"https:\/\/api.w.org\/{rel}","templated":true}]}}