{"id":21524,"date":"2025-08-11T11:09:05","date_gmt":"2025-08-11T08:09:05","guid":{"rendered":"https:\/\/tuzlahortum.com.tr\/urun\/yakit-gr-10\/"},"modified":"2025-08-20T15:43:27","modified_gmt":"2025-08-20T12:43:27","slug":"yakit-gr-10","status":"publish","type":"product","link":"https:\/\/tuzlahortum.com.tr\/en\/product\/yakit-gr-10\/","title":{"rendered":"FUEL GR-10"},"content":{"rendered":"<p>&nbsp;<\/p>\n<div class=\"report-container\">\n<div class=\"report-header\">\n<div class=\"standard-text\">Product Name: FUEL GR-10<\/div>\n<div class=\"standard-text\">Product Code: OGR456<\/div>\n<\/div>\n<div class=\"product-image-container\">\n<div class=\"key-feature\">Oil \/ Oil Receiver \/ Transmitter 10 Bar DUCTED<\/div>\n<\/div>\n<div class=\"horizontal-line\"><\/div>\n<div class=\"product-details\">\n<div class=\"detail-row\">\n<div class=\"detail-label\">Area of Use<\/div>\n<div class=\"detail-value\">: Aromatik i\u00e7eri\u011fi %50&#8217;ye kadar olan petrol \u00fcr\u00fcnlerinin emi\u015f ve de\u015farj\u0131 i\u00e7in.<\/div>\n<\/div>\n<div class=\"detail-row\">\n<div class=\"detail-label\">Substrate<\/div>\n<div class=\"detail-value\">: Oil and Petroleum Resistant, Black NBR.<\/div>\n<\/div>\n<div class=\"detail-row\">\n<div class=\"detail-label\">Reinforcement Layer<\/div>\n<div class=\"detail-value\">: High Strength Synthetic Textiles, Steel Wire Spiral and Antistaic Copper Wire.<\/div>\n<\/div>\n<div class=\"detail-row\">\n<div class=\"detail-label\">Top Layer<\/div>\n<div class=\"detail-value\">: Oil, Weather, Ozone, Abrasion and Seawater Resistant, Special Synthetic Rubber, Channeled.<\/div>\n<\/div>\n<\/div>\n<div class=\"datasheet_table\"><img decoding=\"async\" class=\"alignnone size-full\" src=\"https:\/\/tuzlahortum.com.tr\/wp-content\/uploads\/2025\/08\/datasheet276.svg\" alt=\"\" title=\"\"><\/div>\n<div class=\"table-notes\">Tube on request: Conductor (\u03a9)<\/div>\n<div class=\"horizontal-line\"><\/div>\n<div class=\"footer\">\n<div class=\"standards-section\">\n<div class=\"standard-item\" style=\"margin-top: 9px;\"><\/div>\n<div class=\"standard-info\"><\/div>\n<\/div>\n<div class=\"temperature-section\">\n<div class=\"temp-icon\"><img decoding=\"async\" src=\"data:image\/svg+xml;base64,PD94bWwgdmVyc2lvbj0iMS4wIiBlbmNvZGluZz0iVVRGLTgiPz4KPHN2ZyBpZD0ia2F0bWFuXzIiIGRhdGEtbmFtZT0ia2F0bWFuIDIiIHhtbG5zPSJodHRwOi8vd3d3LnczLm9yZy8yMDAwL3N2ZyIgdmlld0JveD0iMCAwIDcyLjI3IDE2Ljk4Ij4KICA8ZGVmcz4KICAgIDxzdHlsZT4KICAgICAgLmNscy0xIHsKICAgICAgICBzdHJva2Utd2lkdGg6IC41OXB4OwogICAgICB9CgogICAgICAuY2xzLTEsIC5jbHMtMiwgLmNscy0zLCAuY2xzLTQgewogICAgICAgIGZpbGw6IG5vbmU7CiAgICAgICAgc3Ryb2tlLW1pdGVybGltaXQ6IDMuODY7CiAgICAgIH0KCiAgICAgIC5jbHMtMSwgLmNscy0zLCAuY2xzLTQgewogICAgICAgIHN0cm9rZTogI2E3YTlhYjsKICAgICAgfQoKICAgICAgLmNscy01IHsKICAgICAgICBmaWxsOiAjYTdhOWFiOwogICAgICB9CgogICAgICAuY2xzLTIgewogICAgICAgIHN0cm9rZTogI2ZmZjsKICAgICAgfQoKICAgICAgLmNscy0zIHsKICAgICAgICBzdHJva2Utd2lkdGg6IDIuMDZweDsKICAgICAgfQoKICAgICAgLmNscy00IHsKICAgICAgICBzdHJva2Utd2lkdGg6IC4ycHg7CiAgICAgIH0KICAgIDwvc3R5bGU+CiAgPC9kZWZzPgogIDxnIGlkPSJrYXRtYW5fMSIgZGF0YS1uYW1lPSJrYXRtYW4gMSI+CiAgICA8Zz4KICAgICAgPHBhdGggY2xhc3M9ImNscy0zIiBkPSJNMTEuMzQsMTEuNTdjLS45NCwxLjcxLTIuNzEsMi42Ni00LjgsMi42Ni0zLjA1LDAtNS41MS0yLjQ3LTUuNTEtNS41MlMzLjUsMy4xOSw2LjU1LDMuMTljMS45NCwwLDMuNjUsMSw0LjYzLDIuNTIiLz4KICAgICAgPGNpcmNsZSBjbGFzcz0iY2xzLTUiIGN4PSI2LjU1IiBjeT0iOC42NiIgcj0iMi40Ii8+CiAgICAgIDxjaXJjbGUgY2xhc3M9ImNscy0yIiBjeD0iNi41NSIgY3k9IjguNjYiIHI9IjIuNCIvPgogICAgICA8bGluZSBjbGFzcz0iY2xzLTMiIHgxPSI2OC4zNCIgeTE9IjExLjc2IiB4Mj0iOS45MiIgeTI9IjExLjc2Ii8+CiAgICAgIDxsaW5lIGNsYXNzPSJjbHMtMyIgeDE9IjY4Ljc4IiB5MT0iNS41MSIgeDI9IjkuNzMiIHkyPSI1LjUxIi8+CiAgICAgIDxsaW5lIGNsYXNzPSJjbHMtMyIgeDE9IjU0LjA3IiB5MT0iOC43NSIgeDI9IjguNjQiIHkyPSI4Ljc1Ii8+CiAgICAgIDxwYXRoIGNsYXNzPSJjbHMtMyIgZD0iTTY4LjE1LDUuNTVjMS43MSwwLDMuMDksMS4zOSwzLjA5LDMuMDlzLTEuOTIsMy4wNi0zLjYyLDMuMDYiLz4KICAgICAgPHBhdGggY2xhc3M9ImNscy01IiBkPSJNNTMuOTEsOC43NWMwLS4xNC4xMi0uMjYuMjYtLjI2cy4yNy4xMi4yNy4yNi0uMTIuMjctLjI3LjI3LS4yNi0uMTItLjI2LS4yN1oiLz4KICAgICAgPHBhdGggY2xhc3M9ImNscy0zIiBkPSJNNTMuOTEsOC43NWMwLS4xNC4xMi0uMjYuMjYtLjI2cy4yNy4xMi4yNy4yNi0uMTIuMjctLjI3LjI3LS4yNi0uMTItLjI2LS4yN1oiLz4KICAgICAgPGxpbmUgY2xhc3M9ImNscy0xIiB4MT0iMzYuNDMiIHkxPSIxNi45OCIgeDI9IjM2LjQzIiB5Mj0iMTQuMjQiLz4KICAgICAgPGxpbmUgY2xhc3M9ImNscy0xIiB4MT0iMjguMDUiIHkxPSIxNi45OCIgeDI9IjI4LjA1IiB5Mj0iMTQuMjQiLz4KICAgICAgPGxpbmUgY2xhc3M9ImNscy0xIiB4MT0iMTkuNTkiIHkxPSIxNi45OCIgeDI9IjE5LjU5IiB5Mj0iMTQuMjQiLz4KICAgICAgPGxpbmUgY2xhc3M9ImNscy0xIiB4MT0iNDEuNTciIHkxPSIyLjc0IiB4Mj0iNDEuNTciLz4KICAgICAgPGxpbmUgY2xhc3M9ImNscy0xIiB4MT0iMzMuMjgiIHkxPSIyLjc0IiB4Mj0iMzMuMjgiLz4KICAgICAgPGxpbmUgY2xhc3M9ImNscy0xIiB4MT0iMjQuOTkiIHkxPSIyLjc0IiB4Mj0iMjQuOTkiLz4KICAgICAgPGxpbmUgY2xhc3M9ImNscy0xIiB4MT0iMTYuMDgiIHkxPSIyLjc0IiB4Mj0iMTYuMDgiLz4KICAgICAgPGxpbmUgY2xhc3M9ImNscy0xIiB4MT0iNDQuNjMiIHkxPSIxNi45OCIgeDI9IjQ0LjYzIiB5Mj0iMTQuMjQiLz4KICAgICAgPGxpbmUgY2xhc3M9ImNscy0xIiB4MT0iNDkuNDkiIHkxPSIyLjc0IiB4Mj0iNDkuNDkiLz4KICAgICAgPGxpbmUgY2xhc3M9ImNscy00IiB4MT0iNDAuODgiIHkxPSIxNi45OCIgeDI9IjQwLjg4IiB5Mj0iMTQuMjQiLz4KICAgICAgPGxpbmUgY2xhc3M9ImNscy00IiB4MT0iMzIuMzMiIHkxPSIxNi45OCIgeDI9IjMyLjMzIiB5Mj0iMTQuMjQiLz4KICAgICAgPGxpbmUgY2xhc3M9ImNscy00IiB4MT0iMjMuNzkiIHkxPSIxNi45OCIgeDI9IjIzLjc5IiB5Mj0iMTQuMjQiLz4KICAgICAgPGxpbmUgY2xhc3M9ImNscy00IiB4MT0iMjAuNTkiIHkxPSIyLjc0IiB4Mj0iMjAuNTkiLz4KICAgICAgPGxpbmUgY2xhc3M9ImNscy00IiB4MT0iMjkuMTMiIHkxPSIyLjc0IiB4Mj0iMjkuMTMiLz4KICAgICAgPGxpbmUgY2xhc3M9ImNscy00IiB4MT0iMzcuMTYiIHkxPSIyLjc0IiB4Mj0iMzcuMTYiLz4KICAgICAgPGxpbmUgY2xhc3M9ImNscy00IiB4MT0iNDUuNzEiIHkxPSIyLjc0IiB4Mj0iNDUuNzEiLz4KICAgIDwvZz4KICA8L2c+Cjwvc3ZnPg==\" alt=\"S\u0131cakl\u0131k\" width=\"100\" title=\"\"><\/div>\n<div class=\"temp-values\">\n<div>-35\u00b0C \/ +70\u00b0C (OPTIONAL -55\u00b0C \/ +80\u00b0C)<\/div>\n<div>-31\u00b0F \/ +158\u00b0F (OPTIONAL -67\u00b0F \/+ 176\u00b0F)<\/div>\n<\/div>\n<\/div>\n<div class=\"marking-section\">\n<div class=\"detail-row\">\n<div class=\"detail-label\">Branding<\/div>\n<div class=\"detail-value\">: Transfer Band or Embossed<\/div>\n<\/div>\n<p><img decoding=\"async\" class=\"marking-image\" src=\"data:image\/png;base64,iVBORw0KGgoAAAANSUhEUgAABf4AAAAoCAYAAACvpushAAAACXBIWXMAACE3AAAhNwEzWJ96AAAgAElEQVR4nO3dbWhbZ5o38L\/k2Ena5mx3vxWdYVu2LOgEZpYOjGRomS5Y8tJu54OsDAkZWEWZJpsH6jh+kuZDbE\/GST6kCanjwmaStrIXJiQ0sr9kE4gU2JQWLBW2sAuWYJ6BKfSIfn3mePIeS\/tBuo+PpHOkI+nozfn\/oDR+0dF9XiQfXfd1X5fr7\/721X8A8DGIiIiIiIiIiIiIiKjfHdkC4GUAb3d5IERERERERERERERE1LqX3d0eAREREREREREREREROYeBfyIiIiIiIiIiIiKiTWRLqxsIBIPwKooTY0E6lXJ0O5IklY0tp6pQVdWR5+imnxZceAOubg+D6Ln0JQr4g6vQ7WEQERERERERERFZainwf\/P2LceC\/kWHHdnK66++BgDwKgquXr+mf39+7iLm5+YceY5umskP4JVuD4LoObQG4PrAs24Pg4iIiIiIiIiIqKamS\/34\/H6Hg\/5kx\/sFN4P+RF3yqTuPtW4PgoiIiIiIiIiIqA7W+O8jOwDszvOUEXXDDwCuu\/LdHgYREREREREREVFdLdf4FzRNw2JswanNkYkj+QHs6PYgyDEvr9yDW\/bg\/uRxPL6x3O3hUB2z7vVuD4FKJEnCt\/\/z3wA2SrsRUfuMhcNIJhLQNK3bQ+lZ4xMTm6KcJBERERF1zlg4jFB4rNvDqCubyeD07CnTn03NTPdFRZjl+BKW4vGq7\/f7+OtxLPC\/GFvgB542+vuCC\/9cYEPfzcIte+CWPQCAJ3fudnk0VM+3rgL+iw19e0YgGATgXEN4IrImyzLOnj+HUGoMe3fv6fZwetJH588hFA4jnUrxfYmIiIiIbPPIMnx+f7eH0RKvovTFPqRTadPv9\/v463Es8O8EYyPeVmzGD6aTBXslfgaHfdgy7AMAPPpsEQWL7Lztk+MAgPXVjGXgWfxOre0AxSD21l8WZygfXpg3\/Z2BnV4MjQYAAM9W0ni6snHBiud5\/MUS8moOW3eF4P6RbPl8layeU3BJErbuCmFodAQAkNfW8PROsmaWfb0x1Dpudohjsb6atTy2tY6Z4JY92D45joHSJEJeW8OTG0ucTHDYb939VeJnLBzGSDAASZKgaRruJpKWM8OyLCMUDiOnqlW\/Mz4xAQAtT+pKkoRQOIxAMKB\/L5lI4m4iAVVVG96ez+\/Tt2FmLByGR65+\/RaPhf3n9Pn98Pn9NYN54rmW43HL7TZyPqweBxSzLJbiS8hmMpbjqKfdE\/SRaBSSJCGZSJiOMxKNYk3TTPdfHG+za9Hs98xomobleLylzHSxD1bnvTIrx27mhXitWclmMkgmEs0Nuo3GJw4DKI7fKBAMwqsodc8XsHF9Wh3TWucUQM3Xl3H7ZuyMz+f3Yyw8pm8jp6pIJpKm58PsfUE8bnziMPbuZuCfiIiIiHpT8TNHEoFgoC+y3M0UP2tmEYnu0z8r95NOj7+nAv\/9MMPSDT8vuPCGzWz\/9e9V7Pji9wCA\/PeqaXB7YKcX2498AAC4P3ncdDtDoyP679QLcg\/8SNZ\/1yoI\/+JvTmDLsA8FTcP\/\/2yx7Gfisc9W0nrgX0xe2FEr8O+SJEhf\/B4DO71l3x8aHcHWXSGs\/fr\/mAbe7Yzh2Ura8vH1iG0\/SZgf18FhH1767N\/gKr0JPASqAv8DO72Qvvi9\/jvC0OgIHn2+iAcnzzQ8Lqp23ZXHD+ifbH+ReWoUCAYRCo\/h0IGDVQFRjyxjfOIw0qmUSeC\/GPBrJVjsVRRcvX6t6g+az+\/H+MRhzM9dxGIs1tA2xd8Kq2B8KDxm+fdkamYai7GY5TJF8zHWf650KmUamGz0fADFiZKr169V3Yj5\/H5EolEsxmKYn7tY9tha+2zU7sB\/IBjQx2EW+J+amYZmEfgPBAOIRKNIJhJ1A\/\/i2jRTDL7uMX3+WiqPu9l5NzufxUCwDx8ePVZz++K1Vks6leqp5AXjZIVx\/4zHwey9w0iSJJw9fw4A8N475hMb9c6p1etLqHf9R6L7sHf3HtPXm9k5LW6zmMF\/\/Oixsuc2e184fvQY7n39VdmkABERERFRrxH3xIuxmF4+t59kMxkcOnBQ\/\/elK5e7PKLGdGP87BTbBybzA7Z\/N6\/m8KwUIN62P2L6O+L7eTVnmfVuDHoPjgZMf8eubfsj+vbuTx5vKlDeLLOgv7Bl2IcXL5xtettbhn144eSJph4rVh88uVOdsTyw04sdJgH9Sjs+u2T5O9v2Ryz3m+xbA\/BpH2X7T81MW2YU1wustcvvrly2nMWWJAlTM9N66R47ZFmGR5ahaVrDgV0hEo3qqxnaqdnzUa\/GYHH8nT+Xdojlh16l+v1H7JMkSVXZ48afZzPZlsYgAviNZk+cPX+u5nH3+f2W5zMUDjuSvFC8Ltp\/bdoVie4DgLLs9kg0WnPlQiXx+s5mMk2\/ZlvlVRTTm+ri6g3rffH5\/bZuxlVVxXJp8kMcMyIiIiKiXiM+I\/VjpjxQPu5+3IdujN+xjH9JYtvZdni\/4MYrDT7m0eeLeGnYh4GdXgzs9GJ9dSOI4pIkPehcq9TNkCHYPzQ6gvsNjkEolqLZyOi3U4Lm\/m\/PwF3xAhCrGB6cPIN1m0GhrbtCevB7fTWLv\/zf41hfzWJw2IcXfnOiVEpnBEOjI5bjenxjGU8qjpNL2oHtR8YxsNOLrbtCeHhhHnk1Z2tMwEbQv6BpZedGEPte0DTLwP7ATq\/eI+DxjWV95cbgsE8\/Vlt3hfBglVn\/rfjUncdatwdhkyzLiESjADYa76RTKfj8fj2QXMwWX2iqvE4zjOU3RGa\/yLgdC4dxYma64fIm9bL9jU7PnioLNMqyjBMz05AkCeMTh+uWD2lFs+fDmGGdTCRwZvaU\/nPxWI8sY37uoq197rRcaaxmgX3FEFT3KkrVsRdBd7vZ0svxOJbiS2XfExMqorxUI6tJjCWVzCYAxkrlfXKqir2790BVVciyjKvXr8EjyxgLj9kau1lWfyAYxPjE4dJ1sa9neiaJoP2y4TjXO06VRCC88lyZMTun4rnsMLv+I9F9CASD8Pn98CpK2c\/FBJrxNQpsvFcEgkFbq4OA4v4VS5oF9bJeRERERES95Or1a0inUvAqCg4dOAhVVfFRnQSoXuKRZdy8fQvZTAYeWcZ777yr9yTrh4mAbozfscB\/JBpt+ELJqWrNpfGvv\/paq8PqazsA7M43vijjyZ27yKs5uGUPtu2PlJXzGRod0YPJj78w\/xBuDCqL4HPlBIJdL5ycgkuSUNA0\/MWirFCl9dUs1q1+lsma1ro3Y1zZoP3yV\/pKg6craWi\/\/BVeXvnP4kTIrjHLwH9ezZk+37PVLF5euQegOEny6PNFW2MCDGV+akyCrK9msfbrQ\/pzVBITMwVNKzu\/T1fSeHxjuViqyCTjluz7AcUyP\/1ipBSg0zRN\/wMObAQZ7339lR4M7VRQcaRU0z+ZSFQ951I8jnQqhR0N\/nET27xrUd\/fKJvJlAVi0wAymQxu3r5V2law4TJD9sfZ3PkQj8upKo4fPVYWPBSP9SqKZVCxcp87LVMKqprdDxhXAXgVpWzCR5KksoCyHaqaq9rXdCoFWfboPSUaOb\/iXHkVxXT8YhJrwTBZo6oqFmIL+oRMs5KJBDRN01cqVAaou8GrKPo+VU7Ozc9dRDqVqtubSZZl\/VjetTHBZ3ZOG2F2\/adTKXz59VfwyDICwaB+XI379+HRY2XHW1VVHDpwEIFg0PZ40qkUcqqqN2jrxX4NRERERPR885QSzdKplH6\/uhhb0Etz9gPxeW1+7qK+qjiQCDS0KrmbOj1+R0v9iNqmdv8LhcMY65MT0w1H8gNodh2FyOYX2eXC1l0hABuTA2YG\/RuB6acr35Q9rhEimx4AHl74pKGs+FaJyQrAvDlxQdMsj5EdeTWn74\/rrxoLXBob9pp5tprFn\/\/pF7aOl9lkTCeP82Y267aafupNAT0gXt28VjS1BTYa43aCCORaBelVVW04uNlIxr+ZbCajl+QwNht2WrPnQxyzdCplGtzXNK2n64cbz2dl8NxblvHvNf2ZpmktZ0qLps+Nlt45fvRYzWCtVe8C8XWrpX6M57UXslWMrzXjOSn2mLA3eThiKPPTqZVGZpImrzdxjHM13ocaDd6bPQ8RERERUa+RZVm\/Hx4JBhz5HNZp4jOlJEnw+f366vN+0anxN53x79SAamXINVvntleWyLfi7wsu\/LPNhr5mHn+xhO1HPoBLkrB1VwiPbyzDLXv0bPPHNTLURSD82UoaBU3D0OiIPhlgl0uS8MLJKX07jWTEO2GLob69VWmghxc+wdNS1r1YldCI\/Pcq3LIHAw1k1rtlj76awirj36keCI00SKZy37oK+C9X\/zT0BTaCWBmL6z2ZSCIUDpuWYGk3p24gvIoCSZKQU9WWgojpVLrtx6LV89FvN11GogSMLMtlAVVjYFyxmBRwIsu92WPXy8dckiREolEEggF4FQXpVArL8SXTprqilJQoUfPR+XPwyDLuJhI4PXvK9n4qpb9tom+D0MhxEuWR7JT5MZJl2dGJAk2zLtrm5HkX\/Sn6Zak0ERERET2fPLKsN\/dNJhJ448c\/gSRJuHn7VksrmTspEAzij9\/9CUCx5OdiLAavougr\/Htdp8bfdOBfVVWcnj2l19Jth2abF26GwP9kobXFGKJx79ZdIT3wv+3XEf1nVuVyXJKkB4yfptIo\/Ln4gViU\/7GbTb598gO4ZU9DJX7axWpfC5pmu2yQGXGc7PYcAIo1+IFipn4nmxxTY37bRw19hXqBUxHc6sYf8UAw4EjZi1az\/QURUGznsWj1fDRSW7zXiMC\/sZxP5fEQkzjiOMilCdHKIPPzxDgJZLxuRLNiYzBZrJz0Kt6q68SrKPrPjfdooXAYmUzWdvkjcW02+3prtMwPUMx6EWV5ALG64GJbJ2XEJJUTEw0Zh1Z\/EBERERF1ikhe0TQNmVLt+X4jPj9lMxlomtYTK6gb0c7xtxRdXozF8MaPf4LXX33N9n+VDe2o2s8LLrzRQra\/IJrSbhn2wS179HI9jz5btHyMyPbPqzmsr2bLStoM2swgHxz26fX1a5UU6mfG0kf57+0HCwZLZX6eJOo3OabuuO7K4wf0V7Z\/rxJ\/vELhMMYnJlr+4xXQewbUr+\/fr8Qx88gyLl253JUVGq1SS+\/5xnIniiHwbwz+C+LfTqwmdHJbnSIaTgPVpXU8sqzffIsa9mLfavVXEkF\/EbjXNE0vc2VHq8HrZsr8BILBsg8akWi06SQQI7GM1nhNGCdXLl257Eiwvtt9GYiIiIiov+VUFcvxuP55QJSqFV8vl3rlARv39+IeVNM0LMZi+j2v2Jb42lj2FoBe5z8QDMDn9yMQDEJRlLLHNKPyeZKJhJ4QVm+MOVXFYixmuf\/JRKIsMUns\/1h4DD6\/H5FoFGul49Js8lC\/j7+SY819yTmT+QFHtvN0Ja03+X3pwtmNpr6lCQEzera\/IRP+yZ0ktu2PYHA0UPOxwgu\/OaH\/e2h0BA+aKKPTKwb9PwMmx8u+55J26IH\/gqbVbNJbtb3hnwGwru9P3bUG4NM+zPbvVYuxBUSiUQDFIOT4xOHSzUXStPZ9PU5l\/DfK5\/dZlp5zOjCfTCT0BqGBYFBvRppOpbAUX6obWBQ3DGY6tRqueH4Olx0bEXgVpY9CKJ5PcS7FmDMtBk4rA+i9yKsoVU1xxf5rmlaVwZ\/NZLB3956yIL5xGa6xYW2l9955F9lMRq8b2czNY7PHcV90H4CNMj8+v1\/f79dffc3ycaKUl1gVEolGsWhoqNwo8SEGKF9RIj4ohcJh\/ZzkVFV\/j2p1lVIvNGgmIiIiov7y3jvvQtM0eJUF\/O7KZbz3zrsAgLFwumy1783bt7AYW9BLf3759Vc4PXsKyUQC83MX8e3\/\/Df27t4DVVUhl5LKxLYymSwCwYCemD01M63fpx86cBDJRAKSJOmlgBqRzWTKnkdRvPjw6DEAxRKk4j7bbIz3vv5K3\/90Ko2pmWnL\/b905TKymaz+Gffm7Vu4er3YQ\/aNH\/8EmqYhEEzi0pXLz9X4zfR04H9+7mK3h9BxuwtuvOLg9h59togXTp7YqO1\/Y7lmEN5Y3194tpIG9kdsNcHdPjmuN9UFiqWDhkZHbE0YdML2yXFsP\/JB1ffXfvkr07I\/W4Z9NWvlP7zwie1JjcFhn95LoJUSQ9Q+1915WFeCpkapqorjR4\/h7Plz+vdECZKpmWksx+O2a44bG6t2uha7GHOn\/OuBg7h6\/Zq+QkKUzYlEo0inUjg9e8oyoBgKhy2326nAv3HVgmBW+khMBliVuKmnOMlR\/v4sgsVA43XlO0UE4Stpmoa9u\/eYHoPK72mahqX4EsYnDls2kq3M\/nGi3JZdXkXRz7\/dMj9AMegvbpYlScK9r7+CJEkIhcO2rt+pmemq9wfjpErlMTg9e0p\/fQHFazYUDiMUDiNXKmnZ6HETpa76bXkxEREREfWONZNmu8a+VZXNeI1fW\/3fuG2rjH6rxzTDfB9qj9H4\/8r9q9x2u\/eh2+N3qudZjwf++79WfyN2AHg\/31pt\/0qPbyxj++QHerZ\/rSa7IjANlDeeNf57aHSkZob7tv3\/AgB4cPIMtv06ArfswfbJ8Z4J\/DuloGl4eOGThpoWD5YmTp6ufNOmUVErfgDwqYvZ\/k5bisehqqqeiW4MBofCYXhk2VYJOFHmp1ezuJ2UzWTwi3feRSS6r1THvby2+9Xr1\/D2m2\/1bDNacZMjAtzpVMp0tYZiCLYCjZdJMZbAqWRcAttrNE2r2le5tC9Xr1+zDP5XEisrrGQb6D\/jNNHUN2lzZY84XzlVLbtZvptIlDLyvXW2UFSrqe4Zk0lGMdkSCof1Jc6CKLe1d\/eehq6lXn1dEhEREVHvu3TlMtKpNALBALyKgo\/On4Oq5hApraYFAEnaoX9O9MYUeBUvvIqCqZlpJBNJ\/d756vVrSCaSptsy9lsLBIOYn7sISdpRtY1GWY0ZgL7S1mqMYv+zpRUJXkXRvzbb1kipTKjoFzc\/dxFexVu2jU6NXyRjdXv8Zno68P+8eT\/vxg6HtylK0WzdFcL6ahbrq9aBABGYNms8+2wlrWe\/1wr8uyQJz1bSePT5Ilx\/JWH7kQ\/0\/gK9EPzPf6+WrWaolc0PFCdOnhjG\/eKFs3DLHqyvZhsK+gPAYOmN4OmdzVufvJ9dcK93ewibVjqV0gNnsixjJBjEvug+eGRZL8NRL6tWBOS6Ud9\/OR63zB6fmpmuGWxsllrKNgaKGeKBYBCh0uSJKGdj1vy31mqARlWWozGqN1mTzWTg8\/shyzI0k2x\/Y1a0cTVHq3KqioXYgu0Gtt0gSvdUikSjmJqZxu+uXMbP33yr7GeyLCMS3Vd2rdXLKHcqQ6QZorTOXZuvV7VU3qf6+8V+Ea1kz2czGZyePWUZvBd1OsU1UyyxFdBXzxiX6BIRERERtVPlavPKFd3G\/lfGMqcAylaymn1duS1Rlvf07Cn9Xvjq9Wst99iyeh47YxTlbq2+Nm7LuP+ixCkA\/PG7P5U95nkbf6W6gf+xUkamU8RMhh1WNZXrsVopUKtOcz05VdVrZ7XDK3Bhd8HZbH9BNNetV5JGBKafZbJVjXzX1Ry2ABgaDeDByTOW2yhoGv4yeRxAsczQtv3\/Apck9UzW\/+Mby2Xj+Jvv\/1\/N38+rubKyPMbSSW7ZY7txsVv26CWQWOan93zrKuBLFxv6doJaanazHI\/rNcp9fl\/NwL8kSfof025kcatqrmbQsN2KZV3iWIrHcenKZQSCQcvSQ6IfgBNaKW+UTqWrVngYxyUC\/15F0e8L1AYbwc\/PXdxUKwMXYzGMTxyGR5bL6sMba+P3A2OZn06WFwLQcHa+GdG8K5PJ6hN7xoyoetoxEUhERERE1C7GOG2\/lquUZVnvbdaP2jn+uoH\/UI1Gge3W7CyTdeC\/+TrNxcaK7Qv8\/8bhEj+NMgamt+4K6c1rrX7PauXAwwuflE00PPr837ue9S\/q6pt9v1GPbyzjhZPF5sXbJ8dxvzTJUY+YSFlfzdqeLKDOubAJSvyIhrD98ofOWKO8XqCsW019W9Gu87EYW0AgGOz54OJG0NqHdEp8b+PvRiaT1Rv8iiBxP53fdhErJXx+v34Mxb1QZYkg44RYOzUS9AbKy\/z0c9mbxVgMUzPTAIrBfLvXp3jNs7EvEREREfUqY2+tS1cu6z3mev1zplEykcChAwchSRKuXr+GSHRfWf+4Xtep8Xe91A8\/GAE\/LbjwRsHV1TEMjdqvHTXo91kG\/ivL3xiz\/rftj3Ql8L9lp9e8ca+hCXHeZnCioGl4fGMZW3eFMDQ6ggcWkwqVBkvH92mqc9n+tco60Yb\/cBXwh02Q7a+WAs3FmnPVWbb9GDwXRG07p8r8dOJYbIbz8fqrrzX9WFG2RZZloDTfnqko9QMUG\/w6WepnszBOGInjU1n7v90rAXKGa7iR61R8WFAUpWx8xn0SvQw2G+M+9vOkBxERERFtbqqht1Y2k225vE83iMQy0WOuW0nrzerU+LuWZq5pGk7Pnur4MvBeNJMf6PYQ9Fr366tZPPz4E9P\/RG18q9UAZkTWPwAM7PRWlRBqF2Ogf8hivOL7BU1rKEguav67JAlDpb4I9QwO\/6w4rhr9EZrh\/lH1bKBLKnaKsDMh8bxbA\/DxJqntLwKCItu2kgieW3WObwdRIsOKWFJYb0xOB8nFMWrnsWj2fNTLshAZAJ08j80Q+y8Cx8bvARvnUjT4FTc7vUyMvzILQ3ztxMSF13A8rJ6\/U8omb5ogeniI\/yqbVBvdvH3LtJalVPp71q5ro9bNtXG\/7b7exD72+uuTiIiIiJ5PmqYhnUrBqyh6CVmnmsh2Sk5Vkc1kEAgG9J6B\/bRSodPjr5vxf3r2VFtKR2QzmaoPck5nf1k10GtGuz507i648UpbttwYEcB+fGPZsmltflcIW4Z9GNjptSyfY+bxF0vYfuQDAMD2Ix90rMb9kzt3MTQ6gq27Qni2ki5bbWAsZ1SrWbGZpytp5NUc3LLHVu+CwWGffryc2vf11WIAyC17MDjs07dbnIwovmnntTVHnmszu+7OY7McpWQiiUg0Co8s46Pz5\/Dh0WP6z8YnJvQ\/JJ1sjvvR+XMAgEMHDlY17vQqit40J5OxnniTZRkeWa4qc9IMSZIwNTNtqD\/evmPR7PkYnziMUDiMQwcOVk10GJv\/ZPogOz6dSunNiM0mbUSdf\/HvXqeqaum6HSsr\/RcqTe602kx3amZav98yO16VJXfaXdZLlB3yKt76v1zxODO1enWIayES3acnhEiSpL9HZGu8RzQrEAzi0pXLZc3MjE6Uyvxommb73Ir962ZjZSIiIiIiM5qm4e0334KmaYhEo7h05XK3h9SwdCqlx3lFiaJ+0o3x1w38d\/LDuNMlD8RMVq\/aAeD9Ltf2B1CWtf7kjnUg7Mmdu3jR8Bi7ZXvyak4vj7Nl2FcWqG6nhx\/P6\/v24oWz2LY\/gqepNAb9Pr2fAQA8vDDf8LZFk9\/KwLuZwdIYnq580\/DzWHm68g0KmgaXJOGlz\/4NT+7cRV7NYeuuENylLOqnNc4lAT8A+HQT1PYX0qmUHjwLhcPwKgo0TSsLtuVUtalVVrX+GGUzGZyePVX1feOs9b2vv0I6lUK6VOrKq3j1zF5N07Bco39KK9n+UzPTZYFS4wqEdCrV1hVnzZwPSZIQiUYBFI+5aNSraWuQZQ9GgkF9\/IuxBdPnrdznSp0sr2LMeja7lzAG\/tMmZdBEKRvjzVGznNjW3URSz4opbisNn9+nX6N3bU4keStK4AAbE1zARgaIIErunD1\/Tj\/vxkmgdhHB9kaXnJq9H4jtiP2uPAdL8SWEwuGyYzsWHtOv91rvEc0Sx29qZhr7ovuQTqWgqjlI0g4EgkH9fFi91sz4\/MVVjWbXMxERERFRN+XKyvv0fuKVmWxZ+dhs1YrhXteN8Xe9xv\/z7P28Gzu6PQhs1J\/Pq7majWdFSZyBnV5sGfY1VK\/\/4YV5PcO+U1n\/66tZ3J88jhcvnAVQLDVkDPgDwP3J40012zU2+d26P1I78F8KBDgZiDc2TnZJUlX5pfXVbFf6KfSTC5ukxI\/Rh0ePWTbl0TQN\/3rgYFPbbabWXDKRwHI8rmfsWjVXPzN7qmageqS07NBuUNXIarlcTlVx3JCB3y6Nng9N03D86DGcLa2U8CqK6T4sx+OWEyG9tMRRNPAFzDO2jT\/vh9IoS\/E4ItF98CpK1fXcyKSaJEmWrymz60I0wQ4Egx29sRXXmFdRIMtyW7PYixODqbLSQMJyPN6W5za+Pj2yrL9XGWUzGdPVAGaM55VlLImIiIio13gVBeMTE0inUpgqrW7tN6FwGNlMtrRqYV+3h9Owboy\/buB\/fGKiE+PoC05++HwFLuwudD\/bH4Bed99OMP5pKo2BnV4MjY7gfgPP0a2s\/8c3llHQNLxwckrPhBfjeXDydMNlfoTKJr9u2WM6geCWPfpkg9P7K1YqiObJwuMby3hw8oyjz7XZfOsq4MtN0NC3kihvNjUzXRY4S6dSOD17quOz+h8ePYZkIonxicNVAWmxUqBeJr+T9f1zqoql+BIWY7GO1JNv5nwsxePIZDJ6oLdy\/AuxBduByG4zq+lv9fN+KF0EFMtWnT1\/rup8Hj96rOVrKplIYH7uYtV1MT83B0naoa8GATauhXbesKullQdi1cr83FzbngsoHttLVy6XHdvFWAzzcxfb8nzZTAZvv\/kWpmamy1bTABsrkebnLto+r4HSNipXbBARERER9Yriqtf+a+QrSJKkJ8r1o26M3\/V3f\/vq2wD+0+oX\/vjdnzo3mh63d\/cex0oH\/S4\/gDcKLke2Rfa4ZQ8GfiRj\/Xu1qSz\/ZmzdFcKLF85ifTWLP\/\/TL9r2PAM7vXBLEp6tZtnU14Zfudfxh00Y+DcSpUNyqtoT9aaNWe9mPV7MeBUFN2\/fQnKwhJQAAAHKSURBVE5V8fM332r3ENuq2fMhgqC9ch6pqFuvL5\/f70i\/C7vGwmGcPX+urB5ou4lja\/d9wimiFFizx\/fm7VvwKgoWYzHLckdEREREREZj4bDeM6yXWZX4BYqlM3tp5bmV5fhSWa82od\/HX8c\/MvDfAKcC\/z8tuHApP+DAiKjXvfTZJQyNjuDR54vMwu8R\/+EqYHYTlvnZjCLRKKZmprEcj5c1xyWizpAkCfe+\/gqSJGF+7mLbs\/77lZggAYC333yLk3RERERERNQL\/rE3as08Z2YY9H9uDA7\/DADwtMmSQuSsNQAfM+jfNwKl+v7JJur7E1HrNE3Tm9tGovvKyuHQBlGfs139CIiIiIiIiJpRt8b\/3t17OjGOvuDE0vqfFlz4wVXADw6Mh3rbX\/t9+JtS2YBvUimAlZ267p6rgLVuD4Jsc7K+PxE1ZzEWw1h4DAuxhY6W3ukni7EFnJiZZokfIiIiIiLqKXVL\/RARERHR80uWZWay18FjREREREREPYalfoiIiIjIGgPa9fEYERERERFRr2Hgn4iIiIiIiIiIiIhoE2Hgn4iIiIiIiIiIiIhoE9kC4DsAv+3yOIiIiIiIiIiIiIiIqHXf\/S\/5vruiAHXELwAAAABJRU5ErkJggg==\" alt=\"Markalama G\u00f6rseli\" title=\"\"><\/p>\n<\/div>\n<div>\n<table style=\"width: 100%;\" cellspacing=\"0\" cellpadding=\"0\">\n<tbody>\n<tr>\n<td style=\"width: 120px; font-weight: bold;\">Norm<\/td>\n<td style=\"width: 400px; text-align: left;\">ISO 1307<\/td>\n<td style=\"width: 120px; font-weight: bold;\">Colour<\/td>\n<td style=\"width: 400px;\">\n<div class=\"color-icons\"><img decoding=\"async\" src=\"data:image\/svg+xml;base64,PHN2ZyB2aWV3Qm94PSIwIDAgMTAwIDEwMCIgeG1sbnM9Imh0dHA6Ly93d3cudzMub3JnLzIwMDAvc3ZnIj4KICA8Y2lyY2xlIGN4PSI1MCIgY3k9IjUwIiByPSI0OSIgZmlsbD0iIzAwMDAwMCIgc3Ryb2tlPSJibGFjayIgc3Ryb2tlLXdpZHRoPSIwLjUiLz4KICA8Y2lyY2xlIGN4PSI1MCIgY3k9IjUwIiByPSIzOCIgZmlsbD0id2hpdGUiIHN0cm9rZT0iYmxhY2siIHN0cm9rZS13aWR0aD0iMC41Ii8+CiAgPGNpcmNsZSBjeD0iNTAiIGN5PSI1MCIgcj0iMzMiIGZpbGw9IiMwMDAwMDAiIHN0cm9rZT0iYmxhY2siIHN0cm9rZS13aWR0aD0iMC41Ii8+CiAgPGNpcmNsZSBjeD0iNTAiIGN5PSI1MCIgcj0iMjIiIGZpbGw9IndoaXRlIiBzdHJva2U9ImJsYWNrIiBzdHJva2Utd2lkdGg9IjAuNSIvPgo8L3N2Zz4=\" alt=\"\" title=\"\"><\/div>\n<\/td>\n<\/tr>\n<\/tbody>\n<\/table>\n<\/div>\n<\/div>\n<\/div>","protected":false},"excerpt":{"rendered":"<p>&nbsp; \u00dcr\u00fcn Ad\u0131: YAKIT GR-10 \u00dcr\u00fcn Kodu: OGR456 Petrol \/ Ya\u011f Al\u0131c\u0131\/Verici 10 Bar KANALLI Kullanim Alan\u0131 : Aromatik i\u00e7eri\u011fi %50&#8217;ye kadar olan petrol \u00fcr\u00fcnlerinin emi\u015f ve de\u015farj\u0131 i\u00e7in. Alt Katman : Ya\u011fa ve Petrole Dayan\u0131kl\u0131, Siyah NBR. Takviye Katman\u0131 : Y\u00fcksek Mukavemetli Sentetik Tekstil, \u00c7elik Tel Spiral ve Antistaik Bak\u0131r Tel. \u00dcst Katman : [&#8230;]\n","protected":false},"featured_media":22355,"comment_status":"open","ping_status":"closed","template":"","meta":{"jetpack_post_was_ever_published":false},"product_brand":[],"product_cat":[2364],"product_tag":[],"class_list":{"0":"post-21524","1":"product","2":"type-product","3":"status-publish","4":"has-post-thumbnail","6":"product_cat-sel_akaryakit_hortumlari","8":"first","9":"instock","10":"taxable","11":"shipping-taxable","12":"product-type-simple"},"jetpack-related-posts":[{"id":21515,"url":"https:\/\/tuzlahortum.com.tr\/en\/product\/yakit-sd-10\/","url_meta":{"origin":21524,"position":0},"title":"FUEL SD\/10","author":"admin","date":"11 August 2025","format":false,"excerpt":"\u00a0 \u00dcr\u00fcn Ad\u0131: YAKIT SD\/10 \u00dcr\u00fcn Kodu: OSD451 Petrol \/ Ya\u011f Al\u0131c\u0131\/Verici 10 Bar Kullanim Alan\u0131 : Aromatik i\u00e7eri\u011fi %50'ye kadar olan petrol \u00fcr\u00fcnlerinin emi\u015f ve de\u015farj\u0131 i\u00e7in. Alt Katman : Ya\u011f ve Petrol Dayan\u0131kl\u0131, Siyah NBR. Takviye Katman\u0131 : Y\u00fcksek Mukavemetli Sentetik Tekstil, \u00c7elik Tel Spiral ve Antistaik Bak\u0131r\u2026","rel":"","context":"Similar post","block_context":{"text":"Similar post","link":""},"img":{"alt_text":"","src":"https:\/\/i0.wp.com\/tuzlahortum.com.tr\/wp-content\/uploads\/2025\/08\/yakitsd10-p.png?fit=521%2C521&ssl=1&resize=350%2C200","width":350,"height":200},"classes":[]},{"id":21512,"url":"https:\/\/tuzlahortum.com.tr\/en\/product\/yakit-10\/","url_meta":{"origin":21524,"position":1},"title":"FUEL\/10","author":"admin","date":"11 August 2025","format":false,"excerpt":"\u00a0 \u00dcr\u00fcn Ad\u0131: YAKIT\/10 \u00dcr\u00fcn Kodu: OD441 Petrol \/ Ya\u011f Verici 10 Bar Kullanim Alan\u0131 : Aromatik \u0130\u00e7eri\u011fi %50'ye Kadar Olan Petrol \u00dcr\u00fcnlerinin Ta\u015f\u0131nmas\u0131 \u0130\u00e7in Alt Katman : Ya\u011f ve Petrol Diren\u00e7li, Siyah NBR. Takviye Katman\u0131 : Y\u00fcksek Mukavemetli Sentetik Tekstil ve Antistatik Bak\u0131r Tel. \u00dcst Katman : A\u015f\u0131nmaya Dayan\u0131kl\u0131\u2026","rel":"","context":"Similar post","block_context":{"text":"Similar post","link":""},"img":{"alt_text":"","src":"https:\/\/i0.wp.com\/tuzlahortum.com.tr\/wp-content\/uploads\/2025\/08\/yakit10-p.png?fit=535%2C535&ssl=1&resize=350%2C200","width":350,"height":200,"srcset":"https:\/\/i0.wp.com\/tuzlahortum.com.tr\/wp-content\/uploads\/2025\/08\/yakit10-p.png?fit=535%2C535&ssl=1&resize=350%2C200 1x, https:\/\/i0.wp.com\/tuzlahortum.com.tr\/wp-content\/uploads\/2025\/08\/yakit10-p.png?fit=535%2C535&ssl=1&resize=525%2C300 1.5x"},"classes":[]},{"id":21518,"url":"https:\/\/tuzlahortum.com.tr\/en\/product\/yakit-sdc-10\/","url_meta":{"origin":21524,"position":2},"title":"FUEL SDC\/10","author":"admin","date":"11 August 2025","format":false,"excerpt":"\u00a0 \u00dcr\u00fcn Ad\u0131: YAKIT SDC\/10 \u00dcr\u00fcn Kodu: OC454 Petrol \/ Ya\u011f Al\u0131c\u0131\/Verici 10 Bar BO\u011eUMLU Kullanim Alan\u0131 : Aromatik i\u00e7eri\u011fi %50'ye kadar olan petrol \u00fcr\u00fcnlerinin emi\u015f ve de\u015farj\u0131 i\u00e7in. Alt Katman : Ya\u011f ve Petrol Dayan\u0131kl\u0131, Siyah NBR. Takviye Katman\u0131 : Y\u00fcksek Mukavemetli Sentetik Tekstil, \u00c7elik Tel Spiral ve Antistaik\u2026","rel":"","context":"Similar post","block_context":{"text":"Similar post","link":""},"img":{"alt_text":"","src":"https:\/\/i0.wp.com\/tuzlahortum.com.tr\/wp-content\/uploads\/2025\/08\/yakitsdc10-p.png?fit=523%2C523&ssl=1&resize=350%2C200","width":350,"height":200},"classes":[]},{"id":21521,"url":"https:\/\/tuzlahortum.com.tr\/en\/product\/yakit-fc-10\/","url_meta":{"origin":21524,"position":3},"title":"FUEL FC-10","author":"admin","date":"11 August 2025","format":false,"excerpt":"\u00dcr\u00fcn Ad\u0131: YAKIT FC-10 \u00dcr\u00fcn Kodu: OSDFC45F Petrol \/ Ya\u011f Al\u0131c\u0131\/Verici 10 Bar D\u00dcZ BO\u011eUMLU Kullanim Alan\u0131 : Aromatik i\u00e7eri\u011fi %50'ye kadar olan petrol \u00fcr\u00fcnlerinin emi\u015f ve de\u015farj\u0131 i\u00e7in. Alt Katman : Ya\u011fa ve Petrole Dayan\u0131kl\u0131, Siyah NBR. Takviye Katman\u0131 : Y\u00fcksek Mukavemetli Sentetik Tekstil, \u00c7elik Tel Spiral ve Antistaik\u2026","rel":"","context":"Similar post","block_context":{"text":"Similar post","link":""},"img":{"alt_text":"","src":"https:\/\/i0.wp.com\/tuzlahortum.com.tr\/wp-content\/uploads\/2025\/08\/yakitfc10-p-1.png?fit=511%2C511&ssl=1&resize=350%2C200","width":350,"height":200},"classes":[]},{"id":21740,"url":"https:\/\/tuzlahortum.com.tr\/en\/product\/osris-fsd\/","url_meta":{"origin":21524,"position":4},"title":"OSRIS - FSD","author":"admin","date":"11 August 2025","format":false,"excerpt":"\u00a0 \u00dcr\u00fcn Ad\u0131: OSRIS - FSD \u00dcr\u00fcn Kodu: RS455 Sert Yap\u0131l\u0131 Ya\u011f \/ Yak\u0131t Emme ve Bo\u015faltma Kullanim Alan\u0131 : A\u011f\u0131r hizmet tipi petrol \u00fcr\u00fcnlerinin %50'ye kadar aromatik i\u00e7erikle emi\u015f ve de\u015farj\u0131 i\u00e7in uygundur. Alt Katman : Siyah, Yak\u0131t ve Ya\u011fa Dayan\u0131kl\u0131 NBR. Takviye Katman\u0131 : Y\u00fcksek Mukavemetli Sentetik Tekstil,\u2026","rel":"","context":"Similar post","block_context":{"text":"Similar post","link":""},"img":{"alt_text":"","src":"https:\/\/i0.wp.com\/tuzlahortum.com.tr\/wp-content\/uploads\/2025\/08\/osrisfsd-p.png?fit=494%2C494&ssl=1&resize=350%2C200","width":350,"height":200},"classes":[]},{"id":21548,"url":"https:\/\/tuzlahortum.com.tr\/en\/product\/yakit-en-12115-sd16\/","url_meta":{"origin":21524,"position":5},"title":"FUEL-EN 12115 \/ SD16","author":"admin","date":"11 August 2025","format":false,"excerpt":"\u00a0 \u00dcr\u00fcn Ad\u0131: YAKIT-EN 12115 \/ SD16 \u00dcr\u00fcn Kodu: OSDEN448 Petrol \/ Ya\u011f Al\u0131c\u0131\/Verici 16 BAR EN 12115 Type SD Kullanim Alan\u0131 : Aromatik i\u00e7eri\u011fi %50'ye kadar olan petrol \u00fcr\u00fcnlerinin emi\u015f ve de\u015farj\u0131 i\u00e7in. Alt Katman : Ya\u011fa ve Petrole Dayan\u0131kl\u0131 \u0130letken NBR. Takviye Katman\u0131 : Y\u00fcksek Mukavemetli Sentetik Tekstil,\u2026","rel":"","context":"Similar post","block_context":{"text":"Similar post","link":""},"img":{"alt_text":"","src":"https:\/\/i0.wp.com\/tuzlahortum.com.tr\/wp-content\/uploads\/2025\/08\/yakiten12115sd16-p.png?fit=510%2C510&ssl=1&resize=350%2C200","width":350,"height":200},"classes":[]}],"jetpack_sharing_enabled":true,"jetpack_likes_enabled":true,"_links":{"self":[{"href":"https:\/\/tuzlahortum.com.tr\/en\/wp-json\/wp\/v2\/product\/21524","targetHints":{"allow":["GET"]}}],"collection":[{"href":"https:\/\/tuzlahortum.com.tr\/en\/wp-json\/wp\/v2\/product"}],"about":[{"href":"https:\/\/tuzlahortum.com.tr\/en\/wp-json\/wp\/v2\/types\/product"}],"replies":[{"embeddable":true,"href":"https:\/\/tuzlahortum.com.tr\/en\/wp-json\/wp\/v2\/comments?post=21524"}],"wp:featuredmedia":[{"embeddable":true,"href":"https:\/\/tuzlahortum.com.tr\/en\/wp-json\/wp\/v2\/media\/22355"}],"wp:attachment":[{"href":"https:\/\/tuzlahortum.com.tr\/en\/wp-json\/wp\/v2\/media?parent=21524"}],"wp:term":[{"taxonomy":"product_brand","embeddable":true,"href":"https:\/\/tuzlahortum.com.tr\/en\/wp-json\/wp\/v2\/product_brand?post=21524"},{"taxonomy":"product_cat","embeddable":true,"href":"https:\/\/tuzlahortum.com.tr\/en\/wp-json\/wp\/v2\/product_cat?post=21524"},{"taxonomy":"product_tag","embeddable":true,"href":"https:\/\/tuzlahortum.com.tr\/en\/wp-json\/wp\/v2\/product_tag?post=21524"}],"curies":[{"name":"wp","href":"https:\/\/api.w.org\/{rel}","templated":true}]}}