{"id":21512,"date":"2025-08-11T11:07:49","date_gmt":"2025-08-11T08:07:49","guid":{"rendered":"https:\/\/tuzlahortum.com.tr\/urun\/yakit-10\/"},"modified":"2025-08-20T15:46:42","modified_gmt":"2025-08-20T12:46:42","slug":"yakit-10","status":"publish","type":"product","link":"https:\/\/tuzlahortum.com.tr\/en\/product\/yakit-10\/","title":{"rendered":"FUEL\/10"},"content":{"rendered":"<p>&nbsp;<\/p>\n<div class=\"report-container\">\n<div class=\"report-header\">\n<div class=\"standard-text\">Product Name: FUEL\/10<\/div>\n<div class=\"standard-text\">Product Code: OD441<\/div>\n<\/div>\n<div class=\"product-image-container\">\n<div class=\"key-feature\">Oil \/ Lubricant Transmitter 10 Bar<\/div>\n<\/div>\n<div class=\"horizontal-line\"><\/div>\n<div class=\"product-details\">\n<div class=\"detail-row\">\n<div class=\"detail-label\">Area of Use<\/div>\n<div class=\"detail-value\">: Aromatik \u0130\u00e7eri\u011fi %50&#8217;ye Kadar Olan Petrol \u00dcr\u00fcnlerinin Ta\u015f\u0131nmas\u0131 \u0130\u00e7in<\/div>\n<\/div>\n<div class=\"detail-row\">\n<div class=\"detail-label\">Substrate<\/div>\n<div class=\"detail-value\">: Oil and Petroleum Resistant, Black NBR.<\/div>\n<\/div>\n<div class=\"detail-row\">\n<div class=\"detail-label\">Reinforcement Layer<\/div>\n<div class=\"detail-value\">: High Strength Synthetic Textiles and Antistatic Copper Wire.<\/div>\n<\/div>\n<div class=\"detail-row\">\n<div class=\"detail-label\">Top Layer<\/div>\n<div class=\"detail-value\">: Abrasion Resistant Oxygen, Heat and Oil Resistant Special Synthetic Rubber.<\/div>\n<\/div>\n<\/div>\n<div class=\"datasheet_table\"><img decoding=\"async\" class=\"alignnone size-full\" src=\"https:\/\/tuzlahortum.com.tr\/wp-content\/uploads\/2025\/08\/datasheet272.svg\" alt=\"\" title=\"\"><\/div>\n<div class=\"table-notes\">Tube on request: Conductor (\u03a9)<\/div>\n<div class=\"horizontal-line\"><\/div>\n<div class=\"footer\">\n<div class=\"standards-section\">\n<div class=\"standard-item\" style=\"margin-top: 9px;\"><\/div>\n<div class=\"standard-info\"><\/div>\n<\/div>\n<div class=\"temperature-section\">\n<div class=\"temp-icon\"><img decoding=\"async\" src=\"data:image\/svg+xml;base64,PD94bWwgdmVyc2lvbj0iMS4wIiBlbmNvZGluZz0iVVRGLTgiPz4KPHN2ZyBpZD0ia2F0bWFuXzIiIGRhdGEtbmFtZT0ia2F0bWFuIDIiIHhtbG5zPSJodHRwOi8vd3d3LnczLm9yZy8yMDAwL3N2ZyIgdmlld0JveD0iMCAwIDcyLjI3IDE2Ljk4Ij4KICA8ZGVmcz4KICAgIDxzdHlsZT4KICAgICAgLmNscy0xIHsKICAgICAgICBzdHJva2Utd2lkdGg6IC41OXB4OwogICAgICB9CgogICAgICAuY2xzLTEsIC5jbHMtMiwgLmNscy0zLCAuY2xzLTQgewogICAgICAgIGZpbGw6IG5vbmU7CiAgICAgICAgc3Ryb2tlLW1pdGVybGltaXQ6IDMuODY7CiAgICAgIH0KCiAgICAgIC5jbHMtMSwgLmNscy0zLCAuY2xzLTQgewogICAgICAgIHN0cm9rZTogI2E3YTlhYjsKICAgICAgfQoKICAgICAgLmNscy01IHsKICAgICAgICBmaWxsOiAjYTdhOWFiOwogICAgICB9CgogICAgICAuY2xzLTIgewogICAgICAgIHN0cm9rZTogI2ZmZjsKICAgICAgfQoKICAgICAgLmNscy0zIHsKICAgICAgICBzdHJva2Utd2lkdGg6IDIuMDZweDsKICAgICAgfQoKICAgICAgLmNscy00IHsKICAgICAgICBzdHJva2Utd2lkdGg6IC4ycHg7CiAgICAgIH0KICAgIDwvc3R5bGU+CiAgPC9kZWZzPgogIDxnIGlkPSJrYXRtYW5fMSIgZGF0YS1uYW1lPSJrYXRtYW4gMSI+CiAgICA8Zz4KICAgICAgPHBhdGggY2xhc3M9ImNscy0zIiBkPSJNMTEuMzQsMTEuNTdjLS45NCwxLjcxLTIuNzEsMi42Ni00LjgsMi42Ni0zLjA1LDAtNS41MS0yLjQ3LTUuNTEtNS41MlMzLjUsMy4xOSw2LjU1LDMuMTljMS45NCwwLDMuNjUsMSw0LjYzLDIuNTIiLz4KICAgICAgPGNpcmNsZSBjbGFzcz0iY2xzLTUiIGN4PSI2LjU1IiBjeT0iOC42NiIgcj0iMi40Ii8+CiAgICAgIDxjaXJjbGUgY2xhc3M9ImNscy0yIiBjeD0iNi41NSIgY3k9IjguNjYiIHI9IjIuNCIvPgogICAgICA8bGluZSBjbGFzcz0iY2xzLTMiIHgxPSI2OC4zNCIgeTE9IjExLjc2IiB4Mj0iOS45MiIgeTI9IjExLjc2Ii8+CiAgICAgIDxsaW5lIGNsYXNzPSJjbHMtMyIgeDE9IjY4Ljc4IiB5MT0iNS41MSIgeDI9IjkuNzMiIHkyPSI1LjUxIi8+CiAgICAgIDxsaW5lIGNsYXNzPSJjbHMtMyIgeDE9IjU0LjA3IiB5MT0iOC43NSIgeDI9IjguNjQiIHkyPSI4Ljc1Ii8+CiAgICAgIDxwYXRoIGNsYXNzPSJjbHMtMyIgZD0iTTY4LjE1LDUuNTVjMS43MSwwLDMuMDksMS4zOSwzLjA5LDMuMDlzLTEuOTIsMy4wNi0zLjYyLDMuMDYiLz4KICAgICAgPHBhdGggY2xhc3M9ImNscy01IiBkPSJNNTMuOTEsOC43NWMwLS4xNC4xMi0uMjYuMjYtLjI2cy4yNy4xMi4yNy4yNi0uMTIuMjctLjI3LjI3LS4yNi0uMTItLjI2LS4yN1oiLz4KICAgICAgPHBhdGggY2xhc3M9ImNscy0zIiBkPSJNNTMuOTEsOC43NWMwLS4xNC4xMi0uMjYuMjYtLjI2cy4yNy4xMi4yNy4yNi0uMTIuMjctLjI3LjI3LS4yNi0uMTItLjI2LS4yN1oiLz4KICAgICAgPGxpbmUgY2xhc3M9ImNscy0xIiB4MT0iMzYuNDMiIHkxPSIxNi45OCIgeDI9IjM2LjQzIiB5Mj0iMTQuMjQiLz4KICAgICAgPGxpbmUgY2xhc3M9ImNscy0xIiB4MT0iMjguMDUiIHkxPSIxNi45OCIgeDI9IjI4LjA1IiB5Mj0iMTQuMjQiLz4KICAgICAgPGxpbmUgY2xhc3M9ImNscy0xIiB4MT0iMTkuNTkiIHkxPSIxNi45OCIgeDI9IjE5LjU5IiB5Mj0iMTQuMjQiLz4KICAgICAgPGxpbmUgY2xhc3M9ImNscy0xIiB4MT0iNDEuNTciIHkxPSIyLjc0IiB4Mj0iNDEuNTciLz4KICAgICAgPGxpbmUgY2xhc3M9ImNscy0xIiB4MT0iMzMuMjgiIHkxPSIyLjc0IiB4Mj0iMzMuMjgiLz4KICAgICAgPGxpbmUgY2xhc3M9ImNscy0xIiB4MT0iMjQuOTkiIHkxPSIyLjc0IiB4Mj0iMjQuOTkiLz4KICAgICAgPGxpbmUgY2xhc3M9ImNscy0xIiB4MT0iMTYuMDgiIHkxPSIyLjc0IiB4Mj0iMTYuMDgiLz4KICAgICAgPGxpbmUgY2xhc3M9ImNscy0xIiB4MT0iNDQuNjMiIHkxPSIxNi45OCIgeDI9IjQ0LjYzIiB5Mj0iMTQuMjQiLz4KICAgICAgPGxpbmUgY2xhc3M9ImNscy0xIiB4MT0iNDkuNDkiIHkxPSIyLjc0IiB4Mj0iNDkuNDkiLz4KICAgICAgPGxpbmUgY2xhc3M9ImNscy00IiB4MT0iNDAuODgiIHkxPSIxNi45OCIgeDI9IjQwLjg4IiB5Mj0iMTQuMjQiLz4KICAgICAgPGxpbmUgY2xhc3M9ImNscy00IiB4MT0iMzIuMzMiIHkxPSIxNi45OCIgeDI9IjMyLjMzIiB5Mj0iMTQuMjQiLz4KICAgICAgPGxpbmUgY2xhc3M9ImNscy00IiB4MT0iMjMuNzkiIHkxPSIxNi45OCIgeDI9IjIzLjc5IiB5Mj0iMTQuMjQiLz4KICAgICAgPGxpbmUgY2xhc3M9ImNscy00IiB4MT0iMjAuNTkiIHkxPSIyLjc0IiB4Mj0iMjAuNTkiLz4KICAgICAgPGxpbmUgY2xhc3M9ImNscy00IiB4MT0iMjkuMTMiIHkxPSIyLjc0IiB4Mj0iMjkuMTMiLz4KICAgICAgPGxpbmUgY2xhc3M9ImNscy00IiB4MT0iMzcuMTYiIHkxPSIyLjc0IiB4Mj0iMzcuMTYiLz4KICAgICAgPGxpbmUgY2xhc3M9ImNscy00IiB4MT0iNDUuNzEiIHkxPSIyLjc0IiB4Mj0iNDUuNzEiLz4KICAgIDwvZz4KICA8L2c+Cjwvc3ZnPg==\" alt=\"S\u0131cakl\u0131k\" width=\"100\" title=\"\"><\/div>\n<div class=\"temp-values\">\n<div>-35\u00b0C \/ +70\u00b0C (OPTIONAL -50\u00b0C \/ +70\u00b0C)<\/div>\n<div>-31\u00b0F \/ +158\u00b0F (OPTIONAL -58\u00b0F \/ +158\u00b0F)<\/div>\n<\/div>\n<\/div>\n<div class=\"marking-section\">\n<div class=\"detail-row\">\n<div class=\"detail-label\">Branding<\/div>\n<div class=\"detail-value\">: Transfer Band or Embossed<\/div>\n<\/div>\n<p><img decoding=\"async\" class=\"marking-image\" src=\"data:image\/png;base64,iVBORw0KGgoAAAANSUhEUgAABf0AAAAoCAYAAABEkVAiAAAACXBIWXMAACE3AAAhNwEzWJ96AAAgAElEQVR4nO3dTWwbZ5on8D8pW0mcde1eA1YwCSa7AMvADJAsmjSQxuQg0ot8zAIS3XCQOchKxx4fIimBHR8sqQ1\/HBwbjqwc3HY6shZYw8aG0mETB2NShwQJYHKADtANpAgMBpgGUkRui53SJk7sWNxD8S29JOuTLH5J\/x8QxJLI4lvFIll83ud9nthf\/9UzLwF4CURERERERERERERENNR2wQr4\/67P4yAiIiIiIiIiIiIiog7F+z0AIiIiIiIiIiIiIiKKBoP+RERERERERERERETbxK5ON5BKp6MYR6TKpRIAQFVVJFTV\/n1F12GaZr+GFZkXajE8j1i\/h0G0I30Wq+F71Po9DCIiIiIiIiIiIkcdBf0\/\/fwOkpoW1Vgi89wzzwIAxnM5TM\/O2L9\/49Dr9oTAsNoL4P3NEezt90CIdqDvAdwe+aXfwyAiIiIiIiIiInLVdnmfVDo9kAH\/7e5QLc6AP1GffBTfxEa\/B0FEREREREREROSBNf2HyFOI4a1NPmVE\/fBNrIbPYpv9HgYREREREREREZGnjmv6C6ZpYmX5RlSbIwfvMuDfsScvX8CImsBPH6\/gwd31fg+HhshHDPgTEZEHVVVhmua26B\/VLUlNQ9UweIyIiIiIAMwtzA9FFZWKruPcmbOOf7t5+1aPR9OetfwqVvP5lt8P+\/i9RBb0X1m+gaXFxag2R01eqMXwdzU27+1ETFHw2MFxAMAv757s82homHwWq+GPMTbvJSIidxcuXYSiKHjt5Vf6PZSBpCgK3r90ERVdx3vHT\/R7OERERER9l9Q0pNLpfg+jI8My\/nKp7Pj7YR+\/l8iC\/lGYnp2NZDvbcfLhnVqwLP+4msDI0yoA4OE99xNi9\/4UAGDTNPHo24rnbby2A1jB9F37kp63lW\/z6DsDm0bV9b7icYPwGn+z0QNj1n2Mqv34ToIem13SOB\/cLQYeBw2XDVi1\/IeJqqoYy2ahKApM08R6oQDDMFxvm1BVVA2j4TaKoiCpaTBNExVdb2scSU2Doigtv\/fbZpDHVhQFmWwWCdV6v6saBoqFgm\/2aPOxWcvnXe8jPvzdGsCHOUZ+2xLcjhngf9zkccnHZi2fd33+xT74aT4\/mkVxrJrHXSwU2tpfr3Mhqv3tlHie3R5HvC6djqe8D17nk9+++p2LfsQYvZ7TiVyu4XkJmpnideHd7eemXal02h53UtPsYxL0+QpyW7\/n1O\/YRHFOJDUNmWzW\/tnrddr8vpDJZpHUNCQ1DUuLVwbyeSQiIiLaziq6jmKhiMmpw67fOwddsVBA1TAwOTXV76G0pZfjH7Cg\/0wk29luQf9Xa3H8l4BZ\/iNPq9j7v\/4nAOD\/\/faYYwmbuJqwb\/Pj6fOOweqRfUn7Nhu\/+QfPwP8u6bb\/5+n\/7HibPadP2Vn2\/\/7f\/h6oB92d7it+DuKXe2WYv\/mHQLcVQfoHd4uut3ny8oWt1QAu25ZvIzzxztv46eMV\/Hj6fNCh05C4Hd\/E9xieLP+JXA4XLl1s+N3cwjyWFq84vjeO53KYnp1p+XtS03Dz9i2USyW8cej1tsYytzDvGryrGgbOnTmLYqHQ8je\/x57I5XBqYb7lIuUCLrrup7hf87GZnp3B+TNnPZf5PffMs47bC3qMVFW1t\/Xay694BrK9jhlgBc+OHTnqOlEhxiQfm+nZGawsLzsuxxS39+N1XIHOj5XbuIuFAk4eP+G6v2HPhaj2t1OZbBbTszOux+PCpYtIpdN46cVftwRG5X1wO97Nt3NSNQz845GjbU3qycfdaR8URcHN27daAsyTU4fxxqHXfSfn\/J4jv\/OiH8Q1rBwET2oafn\/9mj3x4fV8Adb78dzCPCq67rhawO859TtvOzknFEXB1evXWt6fpmdn7Mz95vs1n6er+TzGcxNIpdOYnp1htj8RERFRj4lr8Yqu4+r1a\/0eTmgVXcexI0ftn4ct8N\/r8bNI\/IDbC+CdELX8H94r21nsowcnHG\/z2G+s39dMEz9\/suZ4m9EDGfvfu+sZ8u3avT9lB8nvf\/Bh3zLiRab\/Ly4TGP\/xn\/53SzC\/2RPvTrve5vE3J+3HoO3hewC3h6iWv1NQW5ienRmoD8SEquLq9WsNGaNBpNJpu4SGk+nZGcegltuxURTFDrB2i7ztTh9H7L8Tp8C5MDk1Fdlquqh5jTuTzbrub7vnwiAQwVG1HgxuJn7vlJUddNWIn0R9MsptDG7Ec+KVGeRWmzSpaZhbmA89VqcxRJUoEgV5Wfb5+uSamOxLhDi+Eznr+qxfPbK8zgmngL+Q1DR8+vmdQO9vS4tXAFgTHGHPPSIiIiLqzCAlzbSD4w9noDL9qdWhWhx7Q97n\/uUlPHn5AkYPjCGuJlpK2Yig9YO766i5nHCj2a3g9eiBTNsZ7DFFwZOXLwCwyurcv7zkP\/4PPmz4Oa4mGiYNZJvfBVsaPrIviVg9QOHWwHekXmbIixhHzTTxw7snUTM3EFcT2HP6FGKKgtGDE2wQvI18FN\/ERr8HEZCiKDhVD6aJxurlUgmpdNpeujc9O+NZzqZbrPIyW+9DqprAeC4HwMpoLr9YCjwmEeiT99Haporp2RkkVBXFQuNqHq9jI7b3\/qWL+LsXf93ZjroYy25NomayGawsL\/vep\/mYifuK0hpy+RBhTsp4X8vnsZpfhaqqdka2eP6dSmpYpVdWXcfTaYDZi9u4xfOZyWaRSqdbxtDOuSD0c38B2M+BU0BYURT790lNa1kNo6oJAAicoe+0r+I1KM6LMBnXIphvmqZj4F9RFPv1XSwU7AD25NRhZLJZjOdyOHfmbKDXfPMKgqSm4fDUYSRUFZNTU1hZvjEQJWJEsL4olVJLqKpdRizI0mlR9kZsx4vb+Rv0vA17Tsili8qlElaWb9jP30RuAuO5HKqGEeicLJdKqBoGEvVSa0HeD4mIiIgoGtbq6zIy2Yydce6X0DNIUuk03r90EaZpIqlpeOPQ65ElFvVCr8cfWdB\/cuowUungtdgBqwmB2zJkr87QO8VTiOGtEFn+woO769hjmlbj2t9MNATaxUQAAPz08Yrj\/eNqoiEAHlcTjpMHQTz+20n78X4I2Dy3eWKgYaVAgEkDJ2Llgl9A\/v4HH2J3+lcN9fqFkX3Jhn2RtxV\/WsUT77zNTP9t5JtYDZ8NUZZ\/pl6nHgCOHTlqB3\/KpRKKhQI+\/fyOHYzrdZBlNb\/aEowql8r2xUUmmw1U61tVVTvwdPL4iYbAWBlWoEyUspF5HZuqYeDCpYt2cNkv2NaO5kx\/EQj04nTMVpaX8cXXX9nHTA6wycdGLvFRBqDrup1J7xbgNQyjL6XxvMYtzlsrwHu44Xi0ey4I\/dpfQX7umic05Ax5p+sqMSFQ0YOtmnPbV8OoYnp2BmPZLIBwZVZE4NdpSbA8frkET0XXkflz1r5NkAB16\/tGCeuFAr74+isA1rEzAvYJ6CaxYmm9aZJJlMv59PM7vtuQJw783h86PX\/DnhNibBVdb5mIsT5jrP0OOnl7Y\/kG5hbmA0+CEhEREVE0RDLHyvKy\/R0quawN1CpaPyLBSHy3L5dKyGQzQ9OQt5fjj6y8j6Io9skT9L\/p2RnXhmKmado7H\/a\/7aKdgD9gZaGLgHRzKZrd9eD3o28rvg18H31bsUvhyOV+ghrZl8QT77wNwJpg8GsI3E1i5YJbaR\/A6l3gNakQl2Y+mycPvLZLw+mjIQr4A1vZ5MVCoeV90GrWY32gh52c7ZbVfN4ep5wJ70UEO03TdAzOm6bpOFks9tnpM0IeRzeOjWjYWtF16XHa+zAXTZmtbTSOVWzTynpvDKJVdB1r9cDooF0IjdWDpaZptgQhTdPEjXqWePO42z0XBom8MkEm76tT+RPx904z3MU5EbS5sVAsFDzr8suNaOXbiOs6+TbtMAzD3k6Y0jndIhoaA40Z+lXD8O3hIXObOOglt3NC7J\/b6phioRBqwnTrfWyw3o+IiIiIdgr5Wi+p+Ve9GERiHxRFGcqykb0Yf9\/L+7gtIRGTCO3YDoH\/F2oxvBqwea+Tnz5ewWMHxxFXE9i9P4WH98pW5n99EsAtyx\/Ymhh4UFhH7d9N7NqfwuiBMc\/7OHnyd6cAiLI+H\/rcuntiimKvXPBq4hvVpMTIvmTf+hZQNL6M1fDH2PA07wW23kvdsn\/XC0VkstmB+jAsFopIpdOhxxS28agIWJVLzq\/xpcUrSKXLqHahTIgI5FkB0I36pHeq7RUFzSV\/hK3sb90xGGuV4xi8YlVb563zc7peKNjlf5xWSLTThHZQVF1K\/MgX3XKJGKBxEqDTax150iDMcl6\/Yx5kW91cPixWNKXSKWyYJsqlsuNKIlVV7bI0q\/l8vfTQBKqGEapskLhYb37thZmUSWqa48RBr\/mdE1G93gzDsMseOZXuIiIiIqLuSqXT+LK+elbXdTz3zLOevdYG0fTsDDLZDBKqiqXFK1hZXvbsczhoejH+toP+ImOyW1k64mRrx3PPPBvxaHrvrVpnizBElv6u\/SmMHhzHw3vlhnr0bg18AWD3\/l8BsLLXN+tfYHftTyGmKK49AJo9\/uakXSLHqn3fv2YbYn82jWpbJYrCiisKHnX9UaibLseHK8sf8G\/uKYI5nWTYRk0EkMKOKWiJHEHOPHbSzVVimfoqhnKpDMMw6h\/s2baz0BXFucuLCBS7TWz0u5yNm61VGO7jFpxKwoQ9FwaJrlcwjtZVG5p0vqbS6Yb9lid3djLxRaR5os7pi8p4LofJqcMtqxMS9d4P4tjKF9fjuRye\/5u\/DTQWv\/eXIMKU9hGmZ2cxkZuor3xwL5cZpUw2E9l7ZUXXW85vIiIiIuod8d1ClH+t6Lp9jTYsxLW4WO2+ms8PTdAf6P74O4osv3HodTz3zLOh\/ltavBLV2LetV2txPN9Blr8gAvuPHRxHTFHw+G8nG37vZPTAmB3cf3ivjEffVuyAvQie+4mrCTzx7tv2Y\/WzrA8grVzwyPInEj6Kb+J7DFeW\/04hB\/jk5q9++pWpIJfIKJdKdiZwQlXbXnEhVg40B32HJRsjKu2eC4PEadJLNPG1yhZZn1nNPSGAzkv7AI2rBoZp0kRueNscLHY7F5Kae51SVVVbLqzXQ2Tbiwm3TlbShC3tI0pkJuq9LaZnZxz7K4Tldk6I15u1giKaL4Fiom8YX7tERERE3VKVSlkCW4F4QfSlc\/pZlNMU13FyeU2nbYmfJ6cO2yswRUJGJ98PvMbsNkbxc\/P+Vw0j0P5Pz84CsBJjmrex08Yv63t5H2q0F+3X8m\/28ydr2HP6FGKKgifefXurge8fVlzvI7LzH977Z\/t3D+6u47GD49h9IOPbCBcA9pyeQ6z+JW63Q0PcXhNjYN198rMB4PaQ1fLfSUQt71Q6jfFcDmPZLNYLBZRL5VAZsmG5Bbn8ViiI+8llP6wmPVnfBqRO256cOuxbqqhdXiX1qoYROMjc7rEKq9NzIar97YS4+JNLF8mlYrYmBbbK\/Yh\/B23i62Vy6jAA60J1UFcOiItfIakl7QD5yvJyy\/N07MhRzC3MNzTCfv\/SRYznchjP5RxX2CRUFRVdx7EjRwFYx2Wl3ksiCL8SVX5S6XRLaZ+5hXkkNQ1r+dVATc4B2O8rnXxBcDsnVvOrGM\/loCgKbt6+Ve8TU0SxUOj43FHr16ZEREREO51pmnjt5VdgmiYm6qtVX3v5FQDWNa2uV7CyvAxFUfDp53dw7sxZFAsFKIqCb\/78J7xx6HVUdB1JTcOnn9\/BSy\/+GqZpIpPN2itfxbaArQz\/m7dv4Zs\/\/wmAldxdLpXsbYRVLpUaHkfutfbl11\/hH48cdR3j3MK8vf+TU1OYyE3Y+z+3MA\/T3LBXt3759VdYWryC1XweiqLgi6+\/wvTsDEzTtLc5OTWFuYX5HTX+ZgMb9LdqrDo3DNvODtXieCrC7f38yRoef3MSj785CaBessejxI1o2CsHyH+plwYaPTCGH3web\/TAGEYPjNk\/x9UERg+MBZos6IaRfUl7skOeyCBy8kF8E4NX9Zxk586ctct3iNrd47kcLuAi1vJ5LC1eiTxg226pua3SPltBuHKpjEw2i7FsxjOY5\/XhLjdm9pLUNMftnDtztiVQ51VSb2nxSuDSIe0eq3Z0ci5Etb+dME0TVcNAQlXtjJqtMl1l+7zRpAkT1Z70CR7YVVW1JXiuqgmM53IAwmW195pbdv65M2dbGlYD1jEVX17k24qAdVLTHIPUx44ctc+VdktvtTvp6FTaJ6lp9QC+++TeyeMnsJrPQ1VV3Lx9CwlVxeTU4UDnRthzolwqYS2ft\/8uVltMz86gahj2F5Yw3HpaEBEREe1UG6ZpXw8aTRnihlFtyDY3pdvKWeby\/+W\/y9nlzX3i5L+Jx2y3313z4zT+bHiOUd6nar0HlGCaGy3bMqRtbNT7Rcn3a2cfhn38zQY26D+o9Ye76SnEcCiiLH\/hpz+s2AF\/wLuBrxwgl0vhPLi7jiex1RDXq0ntntNzAKzJBlEq6PE3J\/sW9N+d3sry72dfARp8\/xKr4TNm+Q+8iq7jjUOv27XxZSLj++9ffqUnmdp+RAC3KJXsEAG5dktkyBnJftyy2bdLOY1hOhfcGE1B\/61Mft3+f1LTWlYChLkAFLXrnZimOZRlF0Ut\/iBZ5iJrXRxHp7\/38xwZq5+7awESXUSA3TRNO8huGAZuLN\/A3MJ8wwSRl3bOifeOn4BhVDGRm2gI1Cfq5ZGSWjLUhMkgvy6JiIiI+iFRT8yo6DqmZ2eQ1DQ78Dw5ddj+DiASMOYW5rG0eAXj9SSSC5cuYmX5hr168+r1a1jLr9plISdyVkKJ+LvYXiqdxtLiFaTSqZZthDWWzbY8jti3VDrtOUYrqaRx\/0W5G7H\/4jtRKp3G3IKCpcUrSGqadX28eAUTuYmGbey08Tcb2KD\/TvTWZhzOLRrbt2lU8eDuOkYPjNn\/diMC5M0Nb2umiUffVjCyL4nRAxnc9wj6x9UENo0qfjx9HoDVT2DX\/hR270\/1pba\/WHXQr0kHGh4fMOA\/NOTAdyqdRiabQSabRUJVoSgKTi3MBw6MB+EWFJUzY1v\/pkqleBrrKJr1WXyvUhxr+bydgSGXNBHLA6PmtbouTFZ5O8eqE+2eC1HtLwBM5HKu2crW8+ge3CyXykil03aJE00q7yP+Ly7q5SySKAKmFV2vB3IHN\/j63DPPNvwsVnTMLczj5u1b9tJXmaqqGMtmGwL8XhNd\/SxtlKmP0+rh4L\/iwi0hRuxDp1nzfufE0uIilhYXoda\/9IzVX28AMDk1hdX86sCWiiIiIiIaBs2BXvlnRdMa+jglm37OZLMNyVDNPzf3sRI\/Hzty1L4W\/fLrrzpava0oiuvjBBlju\/v\/\/N\/8LUzTxFo+jy++\/mrHjr+Zb9C\/eflvp1LpYDXenZYeB+W2QmAiN9F2dqUVIAi3dDmMF2oxvBpB814nj\/QKcGAMm995f7HfCpC3NpJ7WCpbQf\/sGO5fXvLczg\/vnkTNNHH\/8hIeOzgOAHjinbd7HvSPKcpWj4KI61\/T9vJlrIY\/xti8dxiVSyWUSyWcO3PWrt3dnPXdKbfPFFFP3onI3nUKIMt1\/d0CzHJNclVV7X2ayOUCfxaVS6WGoOm\/\/uXfXG8b1eq6do5VVMKcC1GuJhz3uLYol0qeQXW5ma9o4iv3FND1CsZhHT95IiCMiq63ZGAPch1\/L6ZpYmV5GRO5CSQ1DZlstuH1MD07G0lGTK+IEmC9LrHU6TlhGAaMfB6r+bxdKktRFGSy2cDbaLeZORERERERBRMg6N+fL09eS4\/9uH2R7yTgUC6Vuhr0f6sWbVmfsOQAudwDoJkoAeTWF+Cnj1fs4P6mUcXPn6z1Ldt\/9\/5f2ePwKklEdDk+\/Fn+Int8JxO1uwE0BNT7cWzEBHcqnXYNtmeymUCBZ8MwUCwUkMlmMZ6b6OpnUa91q\/my27kwaOSgvyjdo0tBU6dmvmGD9aZpDuz+t6tYKNaXxabs14PawXVjv4jJQbkEWC9EeU5UdB1r+Twmp6YCJ\/YAW6sSoqhVSkREREThiFKpiqLg6vVr9rX1MPVbWsvn8d7xE0il07h5+xaKhaLdL2sY9GL8fS\/v060v\/MPk1Vocz3cpyz8oufmun937U\/j5kzXHv92\/\/GHTz1vZ\/o+9OdnboH+9KXGvVxg88llRQYPlo\/gmvsfwZ\/lXdB2pdNo1wJlsKhsyCKIek9vnid+xmcjlMJ6bcMx+bVeQ1QZyrXY\/a\/lVe3WAqqot2eOiTIwcHJbJWbWDFGSr6JX6fjkHC5NSjfIw50kvry3OnTnrOqnkN2bxPMr9Fyr61iS1UzNf+e87nfylREzyiC8w8jlw8\/attld6+hGPE3ZyKZVO2+eNPOkDbL1eU+nUQE9aCaa50fZ9mxvJEREREVH3FQtFu\/FssVAcuuQZAHa51nKpBNM0h24fejH+vgb9Tx4\/MVABqH7YC6uWf7+JLH9Rv99J\/GkVcTWB3QcyrkH\/5ma5crb\/6IExz1UCUdstSvs4lCvqVExRXBsD92r\/qHMbAG5vk1r+W014nIOn4veDVL9blLYIMyavILkceJVvI46NW2b95NRhJDUtss8jObjoFqwTAf\/m8iRuioWCvWJhcuqwY2mO5seWiYzifjctbSY3o3J6bsX+iAtSWTvnQjd0et6USyWk0mk7q6P5nBF1\/cV+DNLz56QqTWQ0E7\/rdOJJ9EBwIr7A9IqYuFKU9rsyuV3gW5OVZfucmJyaQiabwVp+tacrfvwmJ8W+hznu4jOJyT9EREREvWddU1rXk8OUHS+bqCfuica4w6YX4\/cN+r9x6PWuPLBcs7Zbj7WWz0eWHdWtLyWHanE81ZUthyMy\/X\/6+H+41ux\/\/M1J7Dl9KtSqAGubK1u1\/d+dxg\/vnuxorEGIMkQA8PDeP0eyTTmDf\/TAWMPEx+6Qx4QGwwfxTbSfnzhYyqUyxnO5evCwse671eDUCvqu97iMhJuJ+liB4GMStaPfOPS6Y6B1cmrK\/rf8d3FskprWcmwm6r8HoiuxISYzyqWS6+eaqDkvlyfxI0pojOdyLUF\/8VmnKAqmZ2cbJjes31lBxV7XDvcjj3tuYR7vHT9h\/81r3O2eC4NIrEQRWevN45Wb+QLhGw33miFN5MirUlRVtfehk4kL0agXsF7b\/SZPXPWCWO3T+D7mPGEUlQuXLmLDNBten4JorgyEW4WiupzvRERERNQdVcPAay+\/AtM0cfX6tUgbxvZKsVDAsSNHoSgKPv38Dr7585\/6PaRQej1+36B\/L79cRv1YhsPEwiB5CjEcGoAs\/5F9ScTq2XdOTXyFB3eL2HP6FAAr6P3g7nqg7T\/6toJf7pWxa38Kjx0cx\/3LS13Pht9dzyD75V7ZNSM\/rE2jik2jiriawJ7TpxBTFDzSK9i1P2X3QAh6TKj\/\/iVWw2fbJMsfAFbzeZxamLe7zSe1JExzA4qy1w6AWkv3wgV9\/Zqqi+apXpqbqIuSFYB14RF0THP1\/fv08zv1Sd0yDMOoZ8xn7MDTWlMQ3enYVPQKUumUfZ8g+xGU2DevSQR5kiao1fwqJqemoChKy+RFRdftjPHp2RkktSTWC0XsVRQcnjpsZ1iLJYTNonie29HYryCHvYpiBw4nPcbd7rkg9Gt\/ncjlTaqG0ZJkIJr5Au4B0rmFeSQ1DefOnO04iHrz9i0A7SdiiOWpoj7o0uIVAFvZ7GHqyTc\/R4qyF+O5nH1eyO8d4rhN5Cawls\/b13+itFe3iB4MYR+judG2TJQjWlq80jCBt14oYG5hHglVxdXr17CyfKOhSXY3JkHkSeNUOt3QZDypaQ3vL26vt2aqqrpOchERERFRdxjSd431QjFQSdpBI74riu8UnfRu7Ydej7\/vNf13src242h\/MXh0RBa+V2kfoDHovWt\/KlSA+\/4HH2JvvdxOL7L9xWqEqIPw9y8v4cnLFxBTFHsCRPbzxyuRPh51zwfbKOAvnDx+AlevXwPQmOksnD9zNvSqJb+m6kuL\/hO2Xh9k7x0\/EXhMa\/lVO7A2nss5btc0TTvIKPM6NqZpRlbLX85m9jou4m+J+u2DBL4qum5nfY9lMy0rBM6dOYubt2\/ZZYOaL+K8Vr9F8Ty36\/yZs3Z986Dj7uRcAPq7v83k5153OA\/kv7slMogloVE0rI4iQL6yfKM++aTZrzshaGAYcC97I7YjHxs5IN7LrKWKrtuTHJlsNvTEahiGYWAtn8d4LtfyWjFNM9SxDUp+39l63bQ+LyvLy4ETbbb6V+gs70NERETUI0lNQyabhWmamJw63O\/htCWTzaBcKkFRFHv17zDp9fh9g\/7DWBepW6IMALxQi+HVPjfvFURWfJAyOA\/vlev1+TP48fT5wI\/x8F65Z9n+MUWxexQ8jDjr7edP1jCyL2ln9gs108SPp8\/3vGkwtefLWA1\/jA1\/895mxUIBJ4+fsLPaBdM0cf7M2Z7WgPZTLpVCZyWv1rN33790saGBp1DRdbx3\/IRj4Mnr2LiViGmHXIPea5uGYaBqGEioKlLpdODHX82vYm7BulhrbugrGpj+\/vq1luOzsrwc2cRG1AzDCD3uTs6FQSNfWzhlast\/H5YmvkuLi0hqyZYJnGKh4DoRE4bTeWEYBk4eP4ELly42\/F68trpZfme9UKgH4jNdDfoD1uRec+Nf0zRx7MjRrpzv4j1yenbGcTIZQMuKBD\/iS6bbyiMiIiIiip5YiTvMRJnXYdXr8cf++q+eOQ3gd243+Ne\/\/FvPBjPo3JZht+P3myN4vkdB\/7iawMjTKjZdMvlFw9tH3xm+gXixLQB2gDumKNi1L9nwO7\/7iscKct+g2xdGD4zhP\/zhKjaNKv7v\/pd8b99sZF8ScUVxPV5iX3bvTyH+tIrN7ww8uLseWRkh6r7\/PvII32P7Bf0FkXGaUFW7fI5bNqUos9DcZ0VRlEBBMqf+LIJozhrmPvJjewXO5RqSVpAAAAH1SURBVMxmsTQuSOBcPjaiJI7bsREBfLcJX6dxiuPpF\/QX+6AoSsPxEL9zy4CVnxevLNlMNmuPbb1QcD3eUTzPQHvHqpNxy8KcC1Htb9T8Mp\/9\/u503gQ95m6P5ZfoEPR1KgL\/xUIh8Di8Ek78ssPV+kSaeI0XC4VIj4\/beMXF+0sv\/rrl3Al6TAWn94Zm4rXi9x4v63SfFUVBKp1ueA8K+x6a1DR8+vkdAM7HioiIiGgnEWU6B11F112TyIYlCL+WX3VMhBz28Xth0D+EqIL+r9biWBiAWv7b1ZOXL+Cxg+P4+ZO1njQNpuHyUXwTH23D0j5ERNQ\/X379FRKqirV83rHhLVlEvwKvRudERERERNQ5Rp57bC+sWv7UPWLlwkOPpsS0M20AuM2APxERRUyULRrP5YYiW6sf5KbKUZR5IiIiIiIid741\/XlRHq3nazF8H6vh+34PZJv6T1oS\/1VNALBqI9e2Yd12at+t2CY2+j0IIiLadlbzebtWfZUlaxxVDcMuwdWrRtlERERERDuVb3kfomESZY1eIiIioqDkWvfkLKlp2DBN1vInIiIiIuoyBv2JiIiIiIiIiIiIiLYJFpcnIiIiIiIiIiIiItomGPQnIiIiIiIiIiIiItomdgH4C4Av+jsMIiIiIiIiIiIiIiLq1P8HBDLdSeTXPwYAAAAASUVORK5CYII=\" alt=\"Markalama G\u00f6rseli\" title=\"\"><\/p>\n<\/div>\n<div>\n<table style=\"width: 100%;\" cellspacing=\"0\" cellpadding=\"0\">\n<tbody>\n<tr>\n<td style=\"width: 120px; font-weight: bold;\">Norm<\/td>\n<td style=\"width: 400px; text-align: left;\">ISO 1307<\/td>\n<td style=\"width: 120px; font-weight: bold;\">Colour<\/td>\n<td style=\"width: 400px;\">\n<div class=\"color-icons\"><img decoding=\"async\" src=\"data:image\/svg+xml;base64,PHN2ZyB2aWV3Qm94PSIwIDAgMTAwIDEwMCIgeG1sbnM9Imh0dHA6Ly93d3cudzMub3JnLzIwMDAvc3ZnIj4KICA8Y2lyY2xlIGN4PSI1MCIgY3k9IjUwIiByPSI0OSIgZmlsbD0iIzAwMDAwMCIgc3Ryb2tlPSJibGFjayIgc3Ryb2tlLXdpZHRoPSIwLjUiLz4KICA8Y2lyY2xlIGN4PSI1MCIgY3k9IjUwIiByPSIzOCIgZmlsbD0id2hpdGUiIHN0cm9rZT0iYmxhY2siIHN0cm9rZS13aWR0aD0iMC41Ii8+CiAgPGNpcmNsZSBjeD0iNTAiIGN5PSI1MCIgcj0iMzMiIGZpbGw9IiMwMDAwMDAiIHN0cm9rZT0iYmxhY2siIHN0cm9rZS13aWR0aD0iMC41Ii8+CiAgPGNpcmNsZSBjeD0iNTAiIGN5PSI1MCIgcj0iMjIiIGZpbGw9IndoaXRlIiBzdHJva2U9ImJsYWNrIiBzdHJva2Utd2lkdGg9IjAuNSIvPgo8L3N2Zz4=\" alt=\"\" title=\"\"><br \/>\n<img decoding=\"async\" src=\"data:image\/svg+xml;base64,PHN2ZyB2aWV3Qm94PSIwIDAgMTAwIDEwMCIgeG1sbnM9Imh0dHA6Ly93d3cudzMub3JnLzIwMDAvc3ZnIj4KICA8Y2lyY2xlIGN4PSI1MCIgY3k9IjUwIiByPSI0OSIgZmlsbD0iI0EwQTBBMCIgc3Ryb2tlPSJibGFjayIgc3Ryb2tlLXdpZHRoPSIwLjUiLz4KICA8Y2lyY2xlIGN4PSI1MCIgY3k9IjUwIiByPSIzOCIgZmlsbD0id2hpdGUiIHN0cm9rZT0iYmxhY2siIHN0cm9rZS13aWR0aD0iMC41Ii8+CiAgPGNpcmNsZSBjeD0iNTAiIGN5PSI1MCIgcj0iMzMiIGZpbGw9IiMwMDAwMDAiIHN0cm9rZT0iYmxhY2siIHN0cm9rZS13aWR0aD0iMC41Ii8+CiAgPGNpcmNsZSBjeD0iNTAiIGN5PSI1MCIgcj0iMjIiIGZpbGw9IndoaXRlIiBzdHJva2U9ImJsYWNrIiBzdHJva2Utd2lkdGg9IjAuNSIvPgo8L3N2Zz4=\" alt=\"\" title=\"\"><br \/>\n<img decoding=\"async\" src=\"data:image\/svg+xml;base64,PHN2ZyB2aWV3Qm94PSIwIDAgMTAwIDEwMCIgeG1sbnM9Imh0dHA6Ly93d3cudzMub3JnLzIwMDAvc3ZnIj4KICA8Y2lyY2xlIGN4PSI1MCIgY3k9IjUwIiByPSI0OSIgZmlsbD0iI0U4M0YzRiIgc3Ryb2tlPSJibGFjayIgc3Ryb2tlLXdpZHRoPSIwLjUiLz4KICA8Y2lyY2xlIGN4PSI1MCIgY3k9IjUwIiByPSIzOCIgZmlsbD0id2hpdGUiIHN0cm9rZT0iYmxhY2siIHN0cm9rZS13aWR0aD0iMC41Ii8+CiAgPGNpcmNsZSBjeD0iNTAiIGN5PSI1MCIgcj0iMzMiIGZpbGw9IiMwMDAwMDAiIHN0cm9rZT0iYmxhY2siIHN0cm9rZS13aWR0aD0iMC41Ii8+CiAgPGNpcmNsZSBjeD0iNTAiIGN5PSI1MCIgcj0iMjIiIGZpbGw9IndoaXRlIiBzdHJva2U9ImJsYWNrIiBzdHJva2Utd2lkdGg9IjAuNSIvPgo8L3N2Zz4=\" alt=\"\" title=\"\"><\/div>\n<\/td>\n<\/tr>\n<\/tbody>\n<\/table>\n<\/div>\n<\/div>\n<\/div>","protected":false},"excerpt":{"rendered":"<p>&nbsp; \u00dcr\u00fcn Ad\u0131: YAKIT\/10 \u00dcr\u00fcn Kodu: OD441 Petrol \/ Ya\u011f Verici 10 Bar Kullanim Alan\u0131 : Aromatik \u0130\u00e7eri\u011fi %50&#8217;ye Kadar Olan Petrol \u00dcr\u00fcnlerinin Ta\u015f\u0131nmas\u0131 \u0130\u00e7in Alt Katman : Ya\u011f ve Petrol Diren\u00e7li, Siyah NBR. Takviye Katman\u0131 : Y\u00fcksek Mukavemetli Sentetik Tekstil ve Antistatik Bak\u0131r Tel. \u00dcst Katman : A\u015f\u0131nmaya Dayan\u0131kl\u0131 Oksijen, Is\u0131 ve Ya\u011f Ko\u015fullar\u0131na [&#8230;]\n","protected":false},"featured_media":22347,"comment_status":"open","ping_status":"closed","template":"","meta":{"jetpack_post_was_ever_published":false},"product_brand":[],"product_cat":[2364],"product_tag":[],"class_list":{"0":"post-21512","1":"product","2":"type-product","3":"status-publish","4":"has-post-thumbnail","6":"product_cat-sel_akaryakit_hortumlari","8":"first","9":"instock","10":"taxable","11":"shipping-taxable","12":"product-type-simple"},"jetpack-related-posts":[],"jetpack_sharing_enabled":true,"jetpack_likes_enabled":true,"_links":{"self":[{"href":"https:\/\/tuzlahortum.com.tr\/en\/wp-json\/wp\/v2\/product\/21512","targetHints":{"allow":["GET"]}}],"collection":[{"href":"https:\/\/tuzlahortum.com.tr\/en\/wp-json\/wp\/v2\/product"}],"about":[{"href":"https:\/\/tuzlahortum.com.tr\/en\/wp-json\/wp\/v2\/types\/product"}],"replies":[{"embeddable":true,"href":"https:\/\/tuzlahortum.com.tr\/en\/wp-json\/wp\/v2\/comments?post=21512"}],"wp:featuredmedia":[{"embeddable":true,"href":"https:\/\/tuzlahortum.com.tr\/en\/wp-json\/wp\/v2\/media\/22347"}],"wp:attachment":[{"href":"https:\/\/tuzlahortum.com.tr\/en\/wp-json\/wp\/v2\/media?parent=21512"}],"wp:term":[{"taxonomy":"product_brand","embeddable":true,"href":"https:\/\/tuzlahortum.com.tr\/en\/wp-json\/wp\/v2\/product_brand?post=21512"},{"taxonomy":"product_cat","embeddable":true,"href":"https:\/\/tuzlahortum.com.tr\/en\/wp-json\/wp\/v2\/product_cat?post=21512"},{"taxonomy":"product_tag","embeddable":true,"href":"https:\/\/tuzlahortum.com.tr\/en\/wp-json\/wp\/v2\/product_tag?post=21512"}],"curies":[{"name":"wp","href":"https:\/\/api.w.org\/{rel}","templated":true}]}}