{"id":21488,"date":"2025-08-11T11:05:22","date_gmt":"2025-08-11T08:05:22","guid":{"rendered":"https:\/\/tuzlahortum.com.tr\/urun\/raki-sd-10-pe\/"},"modified":"2025-08-20T15:47:01","modified_gmt":"2025-08-20T12:47:01","slug":"raki-sd-10-pe","status":"publish","type":"product","link":"https:\/\/tuzlahortum.com.tr\/en\/product\/raki-sd-10-pe\/","title":{"rendered":"RAKI SD\/10 PE"},"content":{"rendered":"<p>&nbsp;<\/p>\n<div class=\"report-container\">\n<div class=\"report-header\">\n<div class=\"standard-text\">Product Name: Raki SD\/10 PE<\/div>\n<div class=\"standard-text\">Product Code: FSDPE803<\/div>\n<\/div>\n<div class=\"product-image-container\">\n<div class=\"key-feature\">Foodstuff Transceiver UHMW-PE<\/div>\n<\/div>\n<div class=\"horizontal-line\"><\/div>\n<div class=\"product-details\">\n<div class=\"detail-row\">\n<div class=\"detail-label\">Area of Use<\/div>\n<div class=\"detail-value\">: For suction and discharge of foodstuffs with high alcohol content (up to 99\u00b0). Especially suitable for use in breweries and distilleries.<\/div>\n<\/div>\n<div class=\"detail-row\">\n<div class=\"detail-label\">Substrate<\/div>\n<div class=\"detail-value\">: White Color, Non-toxic, Taste and Odor Free, UHMW-PE<\/div>\n<\/div>\n<div class=\"detail-row\">\n<div class=\"detail-label\">Reinforcement Layer<\/div>\n<div class=\"detail-value\">: High Strength Synthetic Textile and Steel Wire Spiral.<\/div>\n<\/div>\n<div class=\"detail-row\">\n<div class=\"detail-label\">Top Layer<\/div>\n<div class=\"detail-value\">: Weather, Oxygen and Abrasion Resistant, Special Synthetic Rubber.<\/div>\n<\/div>\n<\/div>\n<div class=\"datasheet_table\"><img decoding=\"async\" class=\"alignnone size-full\" src=\"https:\/\/tuzlahortum.com.tr\/wp-content\/uploads\/2025\/08\/datasheet264.svg\" alt=\"\" title=\"\"><\/div>\n<div class=\"table-notes\">Sterilization: Steam at 130\u00b0C for 15 minutes maximum, caustic soda (%5) at 60\u00b0C for 15 minutes maximum.<\/div>\n<div class=\"horizontal-line\"><\/div>\n<div class=\"footer\">\n<div class=\"standards-section\">\n<div class=\"standard-item\" style=\"margin-top: 9px;\"><\/div>\n<div class=\"standard-info\"><\/div>\n<\/div>\n<div class=\"temperature-section\">\n<div class=\"temp-icon\"><img decoding=\"async\" src=\"data:image\/svg+xml;base64,PD94bWwgdmVyc2lvbj0iMS4wIiBlbmNvZGluZz0iVVRGLTgiPz4KPHN2ZyBpZD0ia2F0bWFuXzIiIGRhdGEtbmFtZT0ia2F0bWFuIDIiIHhtbG5zPSJodHRwOi8vd3d3LnczLm9yZy8yMDAwL3N2ZyIgdmlld0JveD0iMCAwIDcyLjI3IDE2Ljk4Ij4KICA8ZGVmcz4KICAgIDxzdHlsZT4KICAgICAgLmNscy0xIHsKICAgICAgICBzdHJva2Utd2lkdGg6IC41OXB4OwogICAgICB9CgogICAgICAuY2xzLTEsIC5jbHMtMiwgLmNscy0zLCAuY2xzLTQgewogICAgICAgIGZpbGw6IG5vbmU7CiAgICAgICAgc3Ryb2tlLW1pdGVybGltaXQ6IDMuODY7CiAgICAgIH0KCiAgICAgIC5jbHMtMSwgLmNscy0zLCAuY2xzLTQgewogICAgICAgIHN0cm9rZTogI2E3YTlhYjsKICAgICAgfQoKICAgICAgLmNscy01IHsKICAgICAgICBmaWxsOiAjYTdhOWFiOwogICAgICB9CgogICAgICAuY2xzLTIgewogICAgICAgIHN0cm9rZTogI2ZmZjsKICAgICAgfQoKICAgICAgLmNscy0zIHsKICAgICAgICBzdHJva2Utd2lkdGg6IDIuMDZweDsKICAgICAgfQoKICAgICAgLmNscy00IHsKICAgICAgICBzdHJva2Utd2lkdGg6IC4ycHg7CiAgICAgIH0KICAgIDwvc3R5bGU+CiAgPC9kZWZzPgogIDxnIGlkPSJrYXRtYW5fMSIgZGF0YS1uYW1lPSJrYXRtYW4gMSI+CiAgICA8Zz4KICAgICAgPHBhdGggY2xhc3M9ImNscy0zIiBkPSJNMTEuMzQsMTEuNTdjLS45NCwxLjcxLTIuNzEsMi42Ni00LjgsMi42Ni0zLjA1LDAtNS41MS0yLjQ3LTUuNTEtNS41MlMzLjUsMy4xOSw2LjU1LDMuMTljMS45NCwwLDMuNjUsMSw0LjYzLDIuNTIiLz4KICAgICAgPGNpcmNsZSBjbGFzcz0iY2xzLTUiIGN4PSI2LjU1IiBjeT0iOC42NiIgcj0iMi40Ii8+CiAgICAgIDxjaXJjbGUgY2xhc3M9ImNscy0yIiBjeD0iNi41NSIgY3k9IjguNjYiIHI9IjIuNCIvPgogICAgICA8bGluZSBjbGFzcz0iY2xzLTMiIHgxPSI2OC4zNCIgeTE9IjExLjc2IiB4Mj0iOS45MiIgeTI9IjExLjc2Ii8+CiAgICAgIDxsaW5lIGNsYXNzPSJjbHMtMyIgeDE9IjY4Ljc4IiB5MT0iNS41MSIgeDI9IjkuNzMiIHkyPSI1LjUxIi8+CiAgICAgIDxsaW5lIGNsYXNzPSJjbHMtMyIgeDE9IjU0LjA3IiB5MT0iOC43NSIgeDI9IjguNjQiIHkyPSI4Ljc1Ii8+CiAgICAgIDxwYXRoIGNsYXNzPSJjbHMtMyIgZD0iTTY4LjE1LDUuNTVjMS43MSwwLDMuMDksMS4zOSwzLjA5LDMuMDlzLTEuOTIsMy4wNi0zLjYyLDMuMDYiLz4KICAgICAgPHBhdGggY2xhc3M9ImNscy01IiBkPSJNNTMuOTEsOC43NWMwLS4xNC4xMi0uMjYuMjYtLjI2cy4yNy4xMi4yNy4yNi0uMTIuMjctLjI3LjI3LS4yNi0uMTItLjI2LS4yN1oiLz4KICAgICAgPHBhdGggY2xhc3M9ImNscy0zIiBkPSJNNTMuOTEsOC43NWMwLS4xNC4xMi0uMjYuMjYtLjI2cy4yNy4xMi4yNy4yNi0uMTIuMjctLjI3LjI3LS4yNi0uMTItLjI2LS4yN1oiLz4KICAgICAgPGxpbmUgY2xhc3M9ImNscy0xIiB4MT0iMzYuNDMiIHkxPSIxNi45OCIgeDI9IjM2LjQzIiB5Mj0iMTQuMjQiLz4KICAgICAgPGxpbmUgY2xhc3M9ImNscy0xIiB4MT0iMjguMDUiIHkxPSIxNi45OCIgeDI9IjI4LjA1IiB5Mj0iMTQuMjQiLz4KICAgICAgPGxpbmUgY2xhc3M9ImNscy0xIiB4MT0iMTkuNTkiIHkxPSIxNi45OCIgeDI9IjE5LjU5IiB5Mj0iMTQuMjQiLz4KICAgICAgPGxpbmUgY2xhc3M9ImNscy0xIiB4MT0iNDEuNTciIHkxPSIyLjc0IiB4Mj0iNDEuNTciLz4KICAgICAgPGxpbmUgY2xhc3M9ImNscy0xIiB4MT0iMzMuMjgiIHkxPSIyLjc0IiB4Mj0iMzMuMjgiLz4KICAgICAgPGxpbmUgY2xhc3M9ImNscy0xIiB4MT0iMjQuOTkiIHkxPSIyLjc0IiB4Mj0iMjQuOTkiLz4KICAgICAgPGxpbmUgY2xhc3M9ImNscy0xIiB4MT0iMTYuMDgiIHkxPSIyLjc0IiB4Mj0iMTYuMDgiLz4KICAgICAgPGxpbmUgY2xhc3M9ImNscy0xIiB4MT0iNDQuNjMiIHkxPSIxNi45OCIgeDI9IjQ0LjYzIiB5Mj0iMTQuMjQiLz4KICAgICAgPGxpbmUgY2xhc3M9ImNscy0xIiB4MT0iNDkuNDkiIHkxPSIyLjc0IiB4Mj0iNDkuNDkiLz4KICAgICAgPGxpbmUgY2xhc3M9ImNscy00IiB4MT0iNDAuODgiIHkxPSIxNi45OCIgeDI9IjQwLjg4IiB5Mj0iMTQuMjQiLz4KICAgICAgPGxpbmUgY2xhc3M9ImNscy00IiB4MT0iMzIuMzMiIHkxPSIxNi45OCIgeDI9IjMyLjMzIiB5Mj0iMTQuMjQiLz4KICAgICAgPGxpbmUgY2xhc3M9ImNscy00IiB4MT0iMjMuNzkiIHkxPSIxNi45OCIgeDI9IjIzLjc5IiB5Mj0iMTQuMjQiLz4KICAgICAgPGxpbmUgY2xhc3M9ImNscy00IiB4MT0iMjAuNTkiIHkxPSIyLjc0IiB4Mj0iMjAuNTkiLz4KICAgICAgPGxpbmUgY2xhc3M9ImNscy00IiB4MT0iMjkuMTMiIHkxPSIyLjc0IiB4Mj0iMjkuMTMiLz4KICAgICAgPGxpbmUgY2xhc3M9ImNscy00IiB4MT0iMzcuMTYiIHkxPSIyLjc0IiB4Mj0iMzcuMTYiLz4KICAgICAgPGxpbmUgY2xhc3M9ImNscy00IiB4MT0iNDUuNzEiIHkxPSIyLjc0IiB4Mj0iNDUuNzEiLz4KICAgIDwvZz4KICA8L2c+Cjwvc3ZnPg==\" alt=\"S\u0131cakl\u0131k\" width=\"100\" title=\"\"><\/div>\n<div class=\"temp-values\">\n<div>-40\u00b0C \/ +80\u00b0C<\/div>\n<div>-40\u00b0F \/ +176\u00b0F<\/div>\n<\/div>\n<\/div>\n<div class=\"marking-section\">\n<div class=\"detail-row\">\n<div class=\"detail-label\">Branding<\/div>\n<div class=\"detail-value\">: Transfer Band or Embossed<\/div>\n<\/div>\n<p><img decoding=\"async\" class=\"marking-image\" src=\"data:image\/png;base64,iVBORw0KGgoAAAANSUhEUgAABf0AAAAoCAYAAABEkVAiAAAACXBIWXMAACE3AAAhNwEzWJ96AAAgAElEQVR4nO2dfWwb553nvyRF6sXWOM1ugd6S2jvstnuh2PaaFjDFHHqbXmUzOGCDg1L5nzUQFdIC6wASIAWogXMAy0D8hwNEAmQgOeAknIx1\/1ixVtEUt2tGLJri0FA0sGm7DcW0aQ+LM9kucGgbj2y9UHy5Pzi\/0TPDmeFw+C79PoABmeTMPPPMzPPM83v5\/ly\/C3z2SwCeAsMwDMMwDMMwDMMwDMMwDMMwvcwnfQCWATzf4YYwDMMwDMMwDMMwDMMwDMMwDNMY77k73QKGYRiGYRiGYRiGYRiGYRiGYZoDG\/0ZhmEYhmEYhmEYhmEYhmEY5oTARn+GYRiGYRiGYRiGYRiGYRiGOSH0NbLx4MIcvGPnm9WWplDYyWBv8SYAYGjxGvpGg+p38qXLnWpW03BJEp5K\/hAuSep0Uxjm1FHK5vBJ5PlON4NhGIZhGIZhGIZhGIZhTHFs9B9cmMPg\/Gwz29J0+kaD6IuEO92MpjK4MMsGf4bpEHuLr3e6CQzDMAzDMAzDMAzDMAxjiWN5n26L8D8NuAN+DExPdboZDHMqKSRTyMcTnW4GwzAMwzAMwzAMwzAMw1jSkLwP017OLt3qdBMYhbIso5jOAMCJyyZhjHly42anm8AwTcWrjF1HyVSHW8IwDMMwjFOcZuAXkikcbT9Qg\/no76PtB9hfWml2MxmGYRgDvD1iTyqkMyjLctXnLklCXyhosEX3YbTu7fX216JpRv8nC1dxGNts1u4YHd5ImI3LXcRhbBN7izfhCQVx7v47nW4O02IOY5uqk4dhTgLugB\/DG3dRlmX8IfSVTjeHYRim6zmzdAsHa+v8PmDB2dW3sbf4OkrZXKebcuoopjPYqyNAxTc5AU\/A38IWMQzDMHYY3rjb6SbYYvfSZUOjc18o2DPn8PuRz1V91uvtr0XTjP6NGvzdAT88I4GG21ESIrBPEmc4yr+rKCiDnS96ocMtYVpNWZbV4uAMc1Kgseso+aDDLWEYhul+vJEw+icn4I2E8Unk+U43pysZWrwGX3QcZVnGk4WrnW7OqaMsy3VFAPZFwmz0ZxiGYZgTTtfI+\/RfeqkphYELyRTkS5eb0KLuYWB6Cm4bL2V7izdR3DF3eHhGg7YLAZdlGY9nXgFQcThYHV+MLDHzkOXjCRyurQMA+qen4IuOq9\/tKtdr6Po1eGym1ewv30Y+vqVx8Pii4xiYnjLMiNi1uCf6lIWcnT4mSNvdd7FyHrTAKcu7AIz7gYzHooPMEwrizPVrtrI4al3fvkgYA9MvG15fq\/MX8YwGMbR4zdZvTwsHa3cM09i6DcmGd7qwk6lyYLgkSV2ouyQJZVlGPp7A3uJNy\/Oudzu6183adbC6XjMysH9yAgPTU+o4QccUIy\/7JyfQPzlhuR\/iMLaJw9gmhhavoW80iCc3bpo6jal\/9fNLvf1Ox6pFrXnMGwlXjaX5eAL52D1btSdozDmKbwGw7rd8PIHD2Kat54Cus9G9RtCxqP+NGFyY04zL+XgC+8srlk59lyRhYGZKs10pm0M+voX9pdtV7bd7r1jdF05ppJ\/s9J\/ZPU3b0nNjxeDCHLxj59XjuCQJw6tvAQAeL1ytel7dAT\/OLt0ybRe1yardZliNHwBM99mpazwwXXk2zSQyqG+NnnPxXK3GAad9YgeXJGFwYRZ9o0HTe3RwYU7zzlFIpmz3o9W4WczmujKantYopYdZzed0rYHa43at+6LRa2p1v5fkXRyurVsahe3Msfq2ivdHIZkCpitj8P7SCkf7MwzDMEyXkctm8YtLf42yvIu\/2LiLkdHRTjepbtLvbuFfF67CHfDjKxvfhmTDvtlNtLv9XWP0Z4yhhZcdijsZy5f5o2QKh7FNSBt3axrX8\/GEuq+jZMpy0VwrsqRi7K6k+npCQY2RivZPv6tFWZYhX7psuBjMxxPIxxPwRcdxZumWxvhdq18OVtcxtHjNlnGADGouSYInFEQxncHjV69aLlDN2l1MZyBfugxp425Nw7+d65uPb0HauFtl+GfNbmeUsrme0TR1Iv\/lkqSq8cAlSeifnIAvOo5H0RcNF+1OtnNLkmkbKw6rKUuZuDNLt6qeTzpm\/+QE9pdvY39pBe6RgO2+ONquRLn3jQbRFwnDLUkomvzWqu31QMdqhP7JCcPsL190HL7oOPLxhOKENB9TvRFFv1cZG6z6rS8SxuDCrOnYK2J1ndXfKMei\/tdjdK3p3B7PXDF0ahjdk0DFED0wXTFCPVm4qtnW7r1idV84pZF+qtV\/gPk9Tdu6RwI1jf5k0KXjlGUZnlCwMveNBKqecY\/Qn0bPsS96Ae6A35EhulZ\/9SkSiPro4k5eYzruvsF33rHz6IuE4Y2Eq+Znuna1DKZO+6QWZs+SyNDiNQxMT1UdT9q4azpv6H9r+h0qY5xZCnknECU2Hwv9aTRWWTEwM2X5DNS6plbPPFD7fvdFx03nWbtzrFVb8\/EECsmUMmfMcbQ\/wzAMw3QZ\/xLbxJce\/gYAkIknetLo\/\/\/W1vHso13g0UfI7OwgPDbW6SbVRbvb727p3pmGsRuZb5eyLNvSeywICy2KBHXK\/tJtdQF49s3GZIr2FrVRZF5l0SwuTvPxRN0RYhSpX7CxwDyW9qk4L\/ZsRLaJmvDugL+qzc0qEltMZ3iR1UT2Fl\/vdBNayvDqW5qIvkIypRqKXZJkWjzc6Xa1OLN0y9DQRLIKRCGZQiGZ0jx3ZlkuJw3KsCCK6YzaH4QvOm5ZjIgMt6VsznYkZiXK++2W9zFF+BOFZErTRr1DlxiYmaq6J8VtXZJUZaQ8zbgDfkujLmXw6LEqYE+fme2Xsi8KFhlrjVBPlk+roay8Ws5Cj0HWj1uRuiw0IdLdSZ+Iz5IR5EgDjp81ui8qgSpzto9Fzyn9Ex2V3SRr6VP68DC2qY4p+nmpFt5IGO6AH2VZ7mgNNKPs3WbOseRM7J+cOBVzMsMwDMP0Ev9ucgI\/HfkT\/OTcMP40Oo7U9jZy2WztDbuIT09P4SfnhvGz0DMIBAJIbW9D7gFlBqLd7W9apP\/gwpwtg6mIVQRPKZurSqG1Q6sWk51AXFjVw+DCXJVUkigtc6S8yFst6sRoSDtSEWYUkil1ASCmDDtBXCh5QsGqiHZKLfcE\/KYLbX1EfVmWcbB2R41e2l++jeEaUYF5xQmiPwZF\/Rth1m6KnCqmMyhlc7YkhsyuL0Xh5uMJ033ZyShgKhSSqYbu\/U5ht7iLJxTUROWSLA8ZlfsnJwwjUZ1uRxhJsA1MT6mG7MH5OTyeuaL5vn96CkBlXpAn\/1pjBPZGwji7+pbajv2llarsjKcfflxX3zih3n07jWIVDSn6fbgDfgyvvo1Cjawg75gi7WPwG300p3hd3QE\/+icnakaIN8LA9MsAKsbl3Zkr6rWme4QkfPTXmLYzynKgbR+bOET153xa6J+cwF7a2OHsNalXU9jJVDIFDOYXMmC7JAnugL\/qOSUakW0xGj\/ovveEghiYnjI0qLb7GosGe31fiO9Bhk7OsUoWjpWcn+ZYDvukFoexTUOjNtUDKcsyPol8TX3W6N3EFx3HE5vHMJLDof1QgEQ3RPtTkIdREIxZP1XtQ\/mNnfeKRqVKje53mitpDBUlm+qZY2shvoP6ouMddXAw9ig9zKIgDat\/uy6O19iCYRiG6VX8gQD87\/8IAPAPr34LYxvfxcfnhjH8\/ns9I5MTungBoQ8r76Pfe+4v8dWHv8EHz53H83\/\/7Q63zB7tbn\/zjP7zs0CdmvyHsU3TqOTD2OapXISLOI2WNYIMN\/TynX83gUETAzxFW7kkCS5pWNFETlTJ8tiBItjdAb9tmSIzxIKTRhGnlFpeDy5JUg3o+0srNR0iYmQs9Yc74Me5++8g\/24C+ybGDDJyDExPado9MP2yep+XHmbrqiugP4\/h1bfV4nL5+BZHtTZIs7IvuhUyUpSyOc1inrJeKCrRGx3XGF2cbmfFwdo6XOck1WBENQIINatGkQkTOUqmNIankw71xYGBNnMpm8OjF16sGV1pZcDSQ9eVnKmtNPqL0eWPX9Vqxh+srcMTClYkpC6Oa94PvJGwup2RrNHB2rrtmgSnCV\/0gmk9AbP5nuYyo+KPYnaJXv5HjfJvgQG3lM1hf3kFZxUjt3786ARlWVYNn\/q+EGt6GPWjGunfQF810iflR7JaB8jImO0eOa6zIe7zcOMeBudnlXdH59dgf2lFdTL2dYHRn8YX0rcX2Vu8iYO1dXtG\/zrG3VZAEp8D01Oq45do9hxL76B9kTAb\/XuAw9gmEKv87QkF4QkFUTjh78AMwzAMcEaZ2z\/zaBe5bBZSD0r9nFVqanZbLSi7tKP9juV9SkrjGqFb0rC7EVE\/tFmQBj1QWdSZoRapjY6r0XlOFin7y7fVm\/esiSRDPVDUmzvgNzWO02KzXihKFLDOFqEof1pEA+aSJEboF\/hiWxt9pkS5htJDLp7WCKIc00mFDE\/5+JbhYl7NaNHJTzjdrhYHq+vHxzB5nkTHn0inDXydwMogWKs\/1CK+Jv1pBBn6G8nWqoUnVHnRLKYzhs\/fkTD+GlFMZ0zP\/TTeI7Uwk\/gxk\/YBoBoE9e8nFN1P6L8nQ3axRYU9RWOslbRVO6FsVaOsQMLoPY\/6segg21XEaZ8YORRFaGzXG4c1jo0Gr4GdTF\/R2WcXr4P3arPx8kjIZK2FvuB9pzhSjm02hjZrjqXjOOlvpnN4I2Gcu\/8OimnrbEGGYRjmZPBn83P4+QtfR27xv6Es7+LHyyt4uLPT6WbVxWeWbuHnL3wdn1m6heR37uHHyys9JfXTjvY7jvQ\/im85ivy2S\/\/khJriXA+FnYxp5Fov0WotU6sX+KPtyoten7KgIkmgeihlc6oRj6J9uhlRjsBK4\/pYz99Y+qARijsZoMFniooR2pUFYKohKayTjmqEM3FuHMUThpJcTrerRVmW1Swbz2jQcMxxScNsvFVw6kQlI4yVgdwI0RhkJWXWCLU030VjmVEbXOd6IyW1mzCS+PEK8i1WReFF2Rq9kVevVa9K1pxwZ6rI0fYDQykkvUNUvJfp+aRMAUaLKDdGkLSj\/t4imaD95dvIx7dUaUVR7tIOdC83knlBz1Q9Bn+XJMEXHUcpm0OhzvHaKc2aY0neyh3wd0XmDVMfj154sdNNYBiGYdrAyOgoRv7HfwcA\/ODzX8azj3bx09g9jCjyP71A6OIF4OIFZHZ28CfRVzAM4KfZLP7Tm290umm2aEf7HRv96WWZDEB2oZTdWlhFc590BqanWnLuZFQDzK9bKZvTLD5dpPGofG7XkEcSC82Q9SE8QnRZIZlquiNBn4JvBBm+fF2qd1lSFlZGxQEZexys3TkVC1QaY2rd83qjn9Pt7KAWAzYx3vZfeunUy74R\/ZMTjmQTvCQxsV2fAUt8Jsi52Gw8Nu8tszZ0kwZ4t0PzuZHEDwV05OMJw4xM2rYvFEReF\/m\/v3wbg\/OzVU4A1Vl4ihzSxXQlUqoqW0rfV6PHRn81yv8UOUeMoHdN0dDukiRIG3er3kNJ2tFMgsYd8GtqKbkkqS7ZGRqXGrl365X2cY8E8FTyh2qby7KMxzOvtHxsa9YcK8pb9YWMnfgMwzAMwzDNQpIkfAJguNMN6UIa0vR3ZHAYO39qjfl2cElS04zkeg7W7qh\/mxmFRfkauk4UhXa0nbJl9BczA5ykX5shGhHkS5cxMD2F\/smJlspNiIi1Dtp1zHoQHTakucvURymbY6NyF0I1Rai448Ha+qk1iuXjCfQp8m\/Sxl0crK3XFT2qFvHtwSLVZhwJY\/PZ1bdwsHYHhxv3OFLagvy7CQyM+FWJH3qeSIaEissbUczmFN3nUYDkQpR3imJ6R3UKUISvKP1TaNFzK2aetuoY9UJSRkaFeysSVjvHn8W031vJDNqlG\/ukFp5QEIPzc3BJEkrZnMZYXJZlFHYq99ZhbBOlbA4uaVitlTS4MGuYpdc\/OYGyLONgbR3uQAC+6Hhd87wqm+gwGMBI2ocyOswi+PXrJBrbGq1fQ05f\/fzZijm2kTpVTP2UH8l1r034+jAMw3QfsizjJ69+CwDw7Jtv4FE2i1\/fuIm9gB\/\/5c038P7a\/0T+3QT+6BsT+MLkS\/jfN15HcSeDT09PIXTxAv7h1W9hKJvDn1+\/hnOBgLqvz15\/DSVZxq9v3IRnNIivXn8NP4\/dw+++swnPaBDP3H8Hv9hO4d+PhTX7GHGg8\/9wZ8fwOL6L43hu+puGbSzLu\/jcmxW1k1\/deN30\/Glf+vP\/o29MoC\/+PfxiJ4NPjwbxo7\/5W3Uf9RYo7lT79+Lfw2+a0H49TSvkyzSHwYXZho3khxv3qtKQS2KUf8BvKs1E24lFvnzRC9hPZ9QCYFbopVEOY5sYXJhryoulO+DHwPSUqqF6sLZeKQAqSfBGzsMbvdDSOhHHi7X6ZadaTSmbw+7MFfX\/ZvJDT27chNvk\/vJNTpz6Oht7i693ugkNY1bM+jC22bMF9Q7X1tUxq1+5T8mAkncgP9YK6u33oevXDI03tSTqKmPqrBqtelYxHuXjCRzFtyyvseiwbHWfeUJB0z6pN0PQDgdrd9QiooPzsxicn1WK0G\/hYHXd0gFgJSdoJBvSLVi1247xhyL5RYkfkiE5jG2aZtyQFJ0YPEBO+UI6oxpmKcKXvitlcy3JonIH\/BhafK3SNhMjaieusbhPcqxQ1H9hJ6Ma4sVMgL7RYNW2TrDTJ93A0w8\/Nvxc\/05DPFm4iv2lFc3zXJZ3MTg\/W1WcVkS+dFnzDuzEIej0mvgmXwKglfYZVsbG3UuXTcfiYjqD\/LsJuAN+9E9OwCVJGJiZchyY4I2E1Xd4faZXK+fYbijGfBoo7mQ0UqV26BsNIv\/uyQkAYBiGOQn8fG0dX7j\/g8rfo+s42k7hi+9X1CZSkxPYu3ETXy678JN0BplQEH+6egfDAP4ZQEoaxtjGdyvbLq\/AOxZW95UZHT3e1\/sPkIqOY\/87m\/ji+w\/wQTIF\/\/XX4P9GAKntbc0+SP6nHn5946bmOLuvXsWXyy58kEwhFQqat1FZx9L\/Pxy7V3X+4r6+MPkSDtfW8eWyC\/8M4PnJbwOjo\/jx8opmH89Nf\/NUtV9P1xr995dvn7qIWzJqN0otXfqzJvUCxCgkUTrHd7ESFUULRyunxN7iTfU3tMg8jG1icL452QtDixVDmWjYUhcm8QT2l1YwvPp2SyLxaZHkbYGefz3sL61YPhtWElrFdMZUlqPb6y60mkIy1dECe83C7Doebdsv2tptHCVTeLJwVVPrxCVJqnGikExhd+aVjhq26u13p2NUWZYhX7qskasAKtGkvug4BhfmsDtzxdBARQ7LRrSp7UJOiXaxv7SiGscImlPJWWzmTLGSE2yVlFEzaFQGMR\/bRP\/khEbi51jaZwv9l14y3K6QTAHzs6rsCRmaSNKjmM4Ak8fGPlWar8HCtEBln2aGYgCmhVU7dY1JitAT8GskEimToizLmufEIzhI7OK0T7qZw9imqZFd3zf5+BYG52dNx9RCMqXZVzszgEiXH6g8b3ahcV6c08hxtW9je3J8mkE1t4hWzLFU04JpD5TxZleiqZKtFUT+1attaB3DMAxjl09Fwvila0X9+w8Afvv+A3x87iz+8+go3gsF8dsPP4JvcgLB0VG88\/ln8OcffgTPaBCBQAA\/OTeMzzzaxR9PvoSnRoP4ePk2yrKMp0JBfKLb189Gg\/hlMoU94R1K3MfTF53ZvbxjYc1xfhSp\/H8\/EkZQt\/+nI2FNGwHgl64yXJKEfxu9gE9GAvjt\/R\/gX88N45lAAB8I+wKAvVAQv0xnNMFIT4WC6j5GHLyL2G2\/UR93Q\/v1dK3R\/zRiZoxvFp5QEGffvGW6MBILNYqZAGKavpnGL0HG+OHVt9TouYPVdQxMv9w0mZ8zS7cwuDCHfHwLR\/GEJj26lM1BvnRZo4XaDPS1DroVTyiIocVrnW5GT\/Lkxskv3tvLkGyYL3oBfZEwvJHz6jPeFwnjzNItPDaIDD2JFNMZfBL5GnzRcaUvjouFugN+DK++jUfRF6sMNE6KSfYSTxau4mBtHb7oBXjHzmsMTgPTUyg9zPWkAbRVHCVTqu62JxSERym6aSXtAwBFxXhP7xJ9IW10Ommf08sryc212vHYjdlMxWwOfYAqhaRG8it9VExnKk6BUBClhzl1TGtWZHQ39onI\/vJtzf9d0jB80QuqzMyThdoGyVoR+M2QSnIKvUvrpYrMOEqm8PuRz1V\/Ht9C\/+REU4zoTxauGj7fPMf2PgdrdzAw\/TIOVtdrOmjOXL+mWdswDMMw3cHoWBjyhx8AqOjUYyyM3OQE\/mugkin94j9+H7lsFiGT\/\/s\/\/AC5bBZ+5f\/D7793vK+LFzT7+ur11yDPz2FMkvC\/\/uZv0R9PYHB+Dl\/X7aNe\/uP8nOY4f\/X330Yum8Vf2WkjoDl\/fyCAXPKHx+en29eL\/\/h9yMqc973n\/hJn5V18ZukWRsU+PGXt18NG\/y7Bq2g0N4PBhTlNhA+lD9fSe6QCY0bSP97IeeTjCRSSqZoSMAPTU+hT0oipoC9JLzQLMYITqBixDtfW1UgXO1JE9UCLNbHWQadwB\/zw6OQxXNKwLXkjaeMuR14ZYBVV2GsYGQxOCqWsYrRVDLcVDeI5pSDpuGPZhmZQb79byTrYgcY5MuiRFjb1gy86XmXsI4dlvUV8nVBIpiBfumz4nX6OaibFdAb76Qz2cRxlO7R4TZXGMDL6N5JZaDWmNnqNa2HVbrtjfT6+pdbHIQNfLSMxRaiTXFSfel9VjPp0zuQM6BP0\/kW8kbAqc6LH7P4pC1KFanvkXeRj9yydWZ26xpT1QA4Qta+UbSgaum80iJLS\/\/XORU77pBswuib7S7fxVPKH6J+cqNKW90bC6J+eMpWoNKIs7zajqY44drTaK+BrRr3nUMrmqjJrisr8aXV\/dfMcy9TmYHUd\/ZMTkDbuYnfmiuG1ckkShhavoS8Sxq7JHM0wDMN0Fr2hV298r+f\/tfZF3\/fHExWZGWWd6NTg34w21nv+kiQhtb2Nrz78DQAgk84g5DBLwe4xu739IpZGf6sFWauplZpqhtXCzir9uZH9NoMzLYzy901OqBF9lGpuBC1Cy\/JuVfQVLTjy8QTOWBzLHfCrhYj7JydU7dVmR\/vrIWmLTyLPVyKq4onmGv2VBZuVZmy76L\/0UssMZqcRfR0KpnfIxxM4Sj5QM3u8kXBDUa0uabiJrWsvxXQGj2euqAbKPl1fkLyJkYHwpEKOkVI2h+GNu2ofdJPRqlVzol3IQe6LXlDvfzsGSjVCPeBXDdqibJRYzFeVtGlCvxfTGVNnUjeiZj0o2RSAvp+Oi\/nSvVBvP\/Van9RCzCqlmlKAksXUoTWJE0Rpn3ZnWxzGNpuyZmlkjjWrocG0jrIsY3fmCs6+eQtPJd9DMZ3B0XYKe4s3VammvkgYZVnG45krXGuBYRjmlJPLZvEvsU18KhKGb3ICH8Q2MXTRfmBFN7CzncIfkik8HR3Hz0LPoJTN4d\/0UJBrO9rPkf5dgJUGe7P2T1r7B2vrauFHETGd\/yiZMn0RLMuypePg7NItjRFjcGGuZdH+RtjVsjSiaKE3TNJH9USXMb3Bwdqdri1y2ErIKGc29pABUN83TrezA40d5Uf2tyUjdl8k3HCBWJLg0NPNkl56KHLYo7s+apR\/0pnEijiul1r0vBR2lOtoem85a4M4n3lGAk01+ltJh9hpo1X2XTuMZjT3U5\/XqglEqPdZaFS91wqCM4mK+YoSIdXR6LJpfYlOSrLoaeQai1mCaj8J+xOL+RaUz4pddO6dgu5BUcN+cGEOANT3SZF2BELU6zAUpX162dHa6BzbjhoyzDHFdAaPXngR3kgYg\/OzaqaVeyQA90hAMfY\/OJXvvQzDMIyWX914HV+4\/wP80rWCL334AaQ33+h0k+rmtzNX8OyjXfwsvoWv3f9+p5tTN+1of0eN\/t2sM9ouKM2y1VCadD6e0Czwify79lPA8\/GEqdFf\/7kY7X+4ca9rI9RFQ4e+bwqKZFCrC1NyVFT7oSyU0wgt+DyhIBCr\/p7udb2xwul2tdBEBLfZ6FVSMplMC30qn\/fyIplkJo4cykxQEWCg\/mtrF8oo6xs1NoS3ow314jRLSDQWmxkTycBWjxPMCSTxQ3\/bgaRDPKOVYpAk+UOQrA3t18jw1ysR6o1mgtE7l2+yUhhZX1RWX8yXjaTGkNPkycLVKtmiVr5bkqO7XochPb\/ugN8003h4465GIsoTClYKSz\/MdlVGkhMadcIzjXGkBGiJa4vSw2zXS34xDMMw7afTmcfNgGqI9Squc627BpZGf6sorEbRFxcrPcw25ViihmUzI8X02pjNYmBmqi0PmahlfBjbrFog0ULfFx03lcWha5aPb9XlqKBo\/1I2h8PYZk3deTPKsoz9pduWx6Z7qF6ZDtHwq4\/qpRdk0eDkFIpkJXp9Udfr7C+t9LQhtxEoUrfimLut6YeKLEHFSKwfR51uV4uBmSn174LOoDswPYXD2KbhtdI4C3Sa4XYpJFOqRNieUrRchMYsp1HyzcQXHUfRInKUFvj6\/qfxy2k6P80LrTS2F5IpYH5WiRAPV7XVyGhKDC7MmWZ5iWO6\/t7qFEWlAL1Lkgwz1MTizK2uwSDWwLEbjEH3F0Uz6\/tVlbVporRPr1JIZ+BT6mwA1c+mWMwXsM467AbULA+dc07MWmlUNsSnpJYb3Tft1uhXHd2jwZbLoVAR48PYpqaIsZiJ0wpaMce6DTKAGIZhGIbpLLIs46c3XocnEMCzb76BD8fuYSQSbkrB2HbxcGcH\/2d5BX88+RKeuf8OMrFNPDs91elm2cao\/V+enmrZ8SyN\/u2MwtI7AZpBt+t0uwP+tkW+uwN+1YhysLquOa6o8eyNXjCNZi\/Ju6o+slG2gBmiIW1\/acWx0Z+iu0rZrFpYTDyHvcWb6oKMolprQXIGoFgAAAiHSURBVJHe5BDxGkhLkMHF7j6NEPteLJgoGno4Kqq9FJKpU51tRJk3LkmCtHEX8qXLqhHyzNIt9TnQ95HT7cygAqs0JuXjCY3hwRsJY2jxWkWm7MZNjdGFMqXoeXJqXCBHJp0TFcATC94BzqPkmwX1MVCZ3\/R9TEXUAa1hnPTC7Uq3iLgDfgwtvqbut5XPDNWecQf8OLv6FuRLl9XzGFyYM9XHpsLAntEg9hZf15yjO+DH0PWKo1gfjd5pSLd8cH4W5UeyZh46u\/oWgPZIg4jyfnaPpf+dPjvnSHXAOytOe5Io7mQAQRpQ3xdkRHcp70lGz+ixPFfjRudG90VBML7oODyh4PEzOl+R32nEMO2SJAwuzBrWPyD072itlMcERCkrcykuIwrJlCpNpIfmu8PYpsbJQ0Z1sYhxpU8qfdsKA3or5li6x8qy3FVjLsMwDMOcdn62vILPb3wXAJCJnMdz09\/scIvq59c3buKL7z\/AB\/EEQv\/3V\/Ar76C9wq8WruI\/pD9qW\/tZ07+DDC2+1tbjUUFfKm5Ixncx1dNKs178TpQDqAUZ9VSZHwfR\/mVZVqNs8\/EE8vEE3AE\/PIqhXFykuIWIOj1WTiyXJKnGIUI0uDSi6y0WU\/5D6CvwRsKa9G0jZ0MrqOXE62Tx7najL1Z92ihlc8jHE6rh5lPpf6r6TSGZqtbhdrgd0RcJm0odVJx3r1f9HqgYroc37mqclKKDkhySThDHJU8oiKeS7xn+ptNp8X1Csc8zS7dwZumWahQTC4HS+RBUgNyOkW9wftbUGV1MZ1TDdKs4WF1XjUzn7r9T9T3NXyKU3UDZGqVsDqWHWU2EKgDTTACrcwagkd9oJqITfGjxmmEWW7vkxz6JPF\/3NiR7ApjL93RKsktPp64xoI2ONu6nHeFv436iefn3I59ruD2N7isfT2BIcfSeu\/8OCslURS9ceYexKxEFwHQuAI4L+hKUKTm0eA2eUFCN+HcaSGIXuj71vgNa1cdSndy6eUuU4KS+Fcf2fOyek1OwpBVzrOoo74LsOIZhGIZhjiG5xF2gp6L7RUjVo1dlidwjfiD9Udva727LUZgqvJFw24vCihHmouGGolfFhYUZtOipV4ppYPplw+h2u1AErmjAKWVzVYsqlyRhePXtuh+gynZvVUVyaXRWGzDKkzFR3C8tnoycDUxrOYxttjxNvxd4snDV1MhUTGewO\/NKU7ezoizLqgyYyP7Sima8otoaojGimM40nNm1t3jT9JzKsozdmSsdj1g8SqbUwugE9YVaBFlpqwjNNY1kKhTTGTx+9WrtHzbIwdq6aTZBWZbVzBKR3ZlXNHOSO+CvisxtRTZho5SyOY2Eh57D2GbLnSyNYFSQtp7vTwv6Asf1ft9tkNQiIRbf1n\/XyDH0z\/rB6rqaVTYwPaU6cuqVc6wXMly7A\/66o\/2dIDq+xbGdAl6aTSvmWFUSr8PZcQzDMAzDaHlu+pv4OPZ32It\/D8HR0U43xxHPvvkGPo79HZ4xCBDrBdrdfstIf0qZZypG7mZKHbXCyEv6qlbG6cGFWRwpiwZRoscbCcNrwwnhU17kRU1VlyTVjICilG06dkEpMEXHpt9Y4QkFce7+OxWDbXwLBUGSwKssUETngohZ+1zSsKpPbrQdLVgoUtYKklAyQ9q4i4O1O8jHt9SUbV90HIMLc7YcCnaurxl2I9T0Gr0nEZKZOmk4qYlChpWBmSn0T06oBUUPY5uqgaVZ21nViMnHE6Z6wkDFIH8UT8A3OaHJiikkU8jHEzUNo3b6xuicKNKUspSc7lvze8WoV3LoQCCH1cDMFLxjgg54OoOj7VRVnQXAXtSlWV2dkryLo\/iWbYM5XWcr4yUdy6xWzpOFqygkUxiYnlIieq2vA127\/skJeKMX4I2cV6VSjpIPkI\/dMzSW2a0l5PRa2YGiZ\/unp1TnDGVUmPV5rf4DzO8zO9va\/W0hmYIn4EfRRDaJvi\/Juw07zOzcV4bbdcE1LmVzahuOjO5D4Xuztho\/m876xO6YZbX\/g7V1jdQiPaN7izdtXWurNhR2MjhYXa961kvZHORLlzE4P6c+4\/l4AvvLKzhj8E5dz71uBZ0b1bwyctTVPQ8ovze67\/LxBB7PXFH7luZWO+8tTs\/ZyRxrdn+I23c6O+6041bGX6Byb3imX+5wixiGYZhuIDw21ukmNIQkST19Du1uv+t3gc\/+EMDzRl+y0f+YZhr9+ycnVF1mprv5Q+grKMsypI27prUOmN5if\/n2iTT6M4wRJNlVTGfw6IUXO90chmGYnsMXHcfZ1bcBVKSwWlVQ9yRwdvVt+KLjqvOC6RxPJd9THUb0LmB1\/9JvmiEjxjAMw9inERnpdlJIZwyDO1yShL42ZEM2AyO1h15vfw3eY03\/NkNFsZjup6DUP6BUZ6b3ocLNDHNaoAwuKkjOMAzD1IeotT+4MGcpy3WaEaVLD7tYmuw0QBkXVGODarr1X3qJA18YhmG6jF6XHa5kV\/fuOfR6+2thafS3mxZ9GmiWzurAzFTPFpw4bVBasjdyvsMtYZrF\/tJKx3XZGaadqEV8WWaBYRjGMftLKzizdAu+6Dj2FPkwRgs5mQsWRYyZ1uMO+DF0\/RoKyZSmVtHB2h0MTL\/M14dhGIZhThGW8j5M8\/GEgnCz0b8noPQld8APz0ig081hmgAvcpjThrRxFwCaWpOGYRjmNCJt3MX+8m1+lzDBJUmQNu5id+YKSyC1GZLmIYrpjOF1OLN0Sy20DGglL1neh2EYhmFOHO+x0Z9hGIZhGIZhGIZhehC9HrGVY0oMQCs+zKqOAXfAz\/I\/DMMwDHOyYKM\/wzAMwzAMwzAMwzAMwzAMw5wQ3nN3ugUMwzAMwzAMwzAMwzAMwzAMwzQHNvozDMMwDMMwDMMwDMMwDMMwzAnh\/wN9swAkG8U70AAAAABJRU5ErkJggg==\" alt=\"Markalama G\u00f6rseli\" title=\"\"><\/p>\n<\/div>\n<div>\n<table style=\"width: 100%;\" cellspacing=\"0\" cellpadding=\"0\">\n<tbody>\n<tr>\n<td style=\"width: 120px; font-weight: bold;\">Norm<\/td>\n<td style=\"width: 400px; text-align: left;\">MEETS FDA AND EUROPEAN REQUIREMENTS<br \/>\nISO 1307<\/td>\n<td style=\"width: 120px; font-weight: bold;\">Colour<\/td>\n<td style=\"width: 400px;\">\n<div class=\"color-icons\"><img decoding=\"async\" src=\"data:image\/svg+xml;base64,PHN2ZyB2aWV3Qm94PSIwIDAgMTAwIDEwMCIgeG1sbnM9Imh0dHA6Ly93d3cudzMub3JnLzIwMDAvc3ZnIj4KICA8Y2lyY2xlIGN4PSI1MCIgY3k9IjUwIiByPSI0OSIgZmlsbD0iIzAwMDAwMCIgc3Ryb2tlPSJibGFjayIgc3Ryb2tlLXdpZHRoPSIwLjUiLz4KICA8Y2lyY2xlIGN4PSI1MCIgY3k9IjUwIiByPSIzOCIgZmlsbD0id2hpdGUiIHN0cm9rZT0iYmxhY2siIHN0cm9rZS13aWR0aD0iMC41Ii8+CiAgPGNpcmNsZSBjeD0iNTAiIGN5PSI1MCIgcj0iMzMiIGZpbGw9IiNGRkZGRkYiIHN0cm9rZT0iYmxhY2siIHN0cm9rZS13aWR0aD0iMC41Ii8+CiAgPGNpcmNsZSBjeD0iNTAiIGN5PSI1MCIgcj0iMjIiIGZpbGw9IndoaXRlIiBzdHJva2U9ImJsYWNrIiBzdHJva2Utd2lkdGg9IjAuNSIvPgo8L3N2Zz4=\" alt=\"\" title=\"\"><br \/>\n<img decoding=\"async\" src=\"data:image\/svg+xml;base64,PHN2ZyB2aWV3Qm94PSIwIDAgMTAwIDEwMCIgeG1sbnM9Imh0dHA6Ly93d3cudzMub3JnLzIwMDAvc3ZnIj4KICA8Y2lyY2xlIGN4PSI1MCIgY3k9IjUwIiByPSI0OSIgZmlsbD0iI0U4M0YzRiIgc3Ryb2tlPSJibGFjayIgc3Ryb2tlLXdpZHRoPSIwLjUiLz4KICA8Y2lyY2xlIGN4PSI1MCIgY3k9IjUwIiByPSIzOCIgZmlsbD0id2hpdGUiIHN0cm9rZT0iYmxhY2siIHN0cm9rZS13aWR0aD0iMC41Ii8+CiAgPGNpcmNsZSBjeD0iNTAiIGN5PSI1MCIgcj0iMzMiIGZpbGw9IiNGRkZGRkYiIHN0cm9rZT0iYmxhY2siIHN0cm9rZS13aWR0aD0iMC41Ii8+CiAgPGNpcmNsZSBjeD0iNTAiIGN5PSI1MCIgcj0iMjIiIGZpbGw9IndoaXRlIiBzdHJva2U9ImJsYWNrIiBzdHJva2Utd2lkdGg9IjAuNSIvPgo8L3N2Zz4=\" alt=\"\" title=\"\"><br \/>\n<img decoding=\"async\" src=\"data:image\/svg+xml;base64,PHN2ZyB2aWV3Qm94PSIwIDAgMTAwIDEwMCIgeG1sbnM9Imh0dHA6Ly93d3cudzMub3JnLzIwMDAvc3ZnIj4KICA8Y2lyY2xlIGN4PSI1MCIgY3k9IjUwIiByPSI0OSIgZmlsbD0iIzQ2QTZEOCIgc3Ryb2tlPSJibGFjayIgc3Ryb2tlLXdpZHRoPSIwLjUiLz4KICA8Y2lyY2xlIGN4PSI1MCIgY3k9IjUwIiByPSIzOCIgZmlsbD0id2hpdGUiIHN0cm9rZT0iYmxhY2siIHN0cm9rZS13aWR0aD0iMC41Ii8+CiAgPGNpcmNsZSBjeD0iNTAiIGN5PSI1MCIgcj0iMzMiIGZpbGw9IiNGRkZGRkYiIHN0cm9rZT0iYmxhY2siIHN0cm9rZS13aWR0aD0iMC41Ii8+CiAgPGNpcmNsZSBjeD0iNTAiIGN5PSI1MCIgcj0iMjIiIGZpbGw9IndoaXRlIiBzdHJva2U9ImJsYWNrIiBzdHJva2Utd2lkdGg9IjAuNSIvPgo8L3N2Zz4=\" alt=\"\" title=\"\"><\/div>\n<\/td>\n<\/tr>\n<\/tbody>\n<\/table>\n<\/div>\n<\/div>\n<\/div>","protected":false},"excerpt":{"rendered":"<p>&nbsp; \u00dcr\u00fcn Ad\u0131: RAKI SD\/10 PE \u00dcr\u00fcn Kodu: FSDPE803 G\u0131da Maddesi Al\u0131c\u0131\/Verici UHMW-PE Kullanim Alan\u0131 : Y\u00fcksek alkol oran\u0131na sahip g\u0131da maddelerinin (99\u00b0&#8217;ye kadar) emi\u015f ve bo\u015falt\u0131m\u0131 i\u00e7in. \u00d6zellikle bira fabrikalar\u0131 ve dam\u0131t\u0131mevlerinde kullan\u0131m i\u00e7in uygundur. Alt Katman : Beyaz Renkli, Toksik Olmayan, Tat ve Koku \u0130\u00e7ermeyen, UHMW-PE Takviye Katman\u0131 : Y\u00fcksek Mukavemetli Sentetik Tekstil [&#8230;]\n","protected":false},"featured_media":22331,"comment_status":"open","ping_status":"closed","template":"","meta":{"jetpack_post_was_ever_published":false},"product_brand":[],"product_cat":[2361],"product_tag":[],"class_list":{"0":"post-21488","1":"product","2":"type-product","3":"status-publish","4":"has-post-thumbnail","6":"product_cat-sel_gida_hortumlari","8":"first","9":"instock","10":"taxable","11":"shipping-taxable","12":"product-type-simple"},"jetpack-related-posts":[],"jetpack_sharing_enabled":true,"jetpack_likes_enabled":true,"_links":{"self":[{"href":"https:\/\/tuzlahortum.com.tr\/en\/wp-json\/wp\/v2\/product\/21488","targetHints":{"allow":["GET"]}}],"collection":[{"href":"https:\/\/tuzlahortum.com.tr\/en\/wp-json\/wp\/v2\/product"}],"about":[{"href":"https:\/\/tuzlahortum.com.tr\/en\/wp-json\/wp\/v2\/types\/product"}],"replies":[{"embeddable":true,"href":"https:\/\/tuzlahortum.com.tr\/en\/wp-json\/wp\/v2\/comments?post=21488"}],"wp:featuredmedia":[{"embeddable":true,"href":"https:\/\/tuzlahortum.com.tr\/en\/wp-json\/wp\/v2\/media\/22331"}],"wp:attachment":[{"href":"https:\/\/tuzlahortum.com.tr\/en\/wp-json\/wp\/v2\/media?parent=21488"}],"wp:term":[{"taxonomy":"product_brand","embeddable":true,"href":"https:\/\/tuzlahortum.com.tr\/en\/wp-json\/wp\/v2\/product_brand?post=21488"},{"taxonomy":"product_cat","embeddable":true,"href":"https:\/\/tuzlahortum.com.tr\/en\/wp-json\/wp\/v2\/product_cat?post=21488"},{"taxonomy":"product_tag","embeddable":true,"href":"https:\/\/tuzlahortum.com.tr\/en\/wp-json\/wp\/v2\/product_tag?post=21488"}],"curies":[{"name":"wp","href":"https:\/\/api.w.org\/{rel}","templated":true}]}}