{"id":21452,"date":"2025-08-11T11:01:41","date_gmt":"2025-08-11T08:01:41","guid":{"rendered":"https:\/\/tuzlahortum.com.tr\/urun\/totem-mh\/"},"modified":"2025-08-20T15:50:04","modified_gmt":"2025-08-20T12:50:04","slug":"totem-mh","status":"publish","type":"product","link":"https:\/\/tuzlahortum.com.tr\/en\/product\/totem-mh\/","title":{"rendered":"TOTEM MH"},"content":{"rendered":"<p>&nbsp;<\/p>\n<div class=\"report-container\">\n<div class=\"report-header\">\n<div class=\"standard-text\">Product Name: TOTEM MH<\/div>\n<div class=\"standard-text\">Product Code: ABRF742<\/div>\n<\/div>\n<div class=\"product-image-container\">\n<div class=\"key-feature\">Abrasion Resistant Rubber End Flanged Hose<\/div>\n<\/div>\n<div class=\"horizontal-line\"><\/div>\n<div class=\"product-details\">\n<div class=\"detail-row\">\n<div class=\"detail-label\">Area of Use<\/div>\n<div class=\"detail-value\">: For Suction and Discharge of Abrasive Materials.<\/div>\n<\/div>\n<div class=\"detail-row\">\n<div class=\"detail-label\">Substrate<\/div>\n<div class=\"detail-value\">: Abrasion Resistant Antistatic Natural Rubber<\/div>\n<\/div>\n<div class=\"detail-row\">\n<div class=\"detail-label\">Reinforcement Layer<\/div>\n<div class=\"detail-value\">: High Strength Synthetic Textiles, Steel Wire Spiral and Antistaic Copper Wire.<\/div>\n<\/div>\n<div class=\"detail-row\">\n<div class=\"detail-label\">Top Layer<\/div>\n<div class=\"detail-value\">: Abrasion, Oxygen and Weather Resistant Special Synthetic Rubber.<\/div>\n<\/div>\n<\/div>\n<div class=\"datasheet_table\"><img decoding=\"async\" class=\"alignnone size-full\" src=\"https:\/\/tuzlahortum.com.tr\/wp-content\/uploads\/2025\/08\/datasheet252.svg\" alt=\"\" title=\"\"><\/div>\n<div class=\"table-notes\">Wear loss value: \u2264 60mm\u00b3 according to DIN 53516 standard<\/div>\n<div class=\"horizontal-line\"><\/div>\n<div class=\"footer\">\n<div class=\"standards-section\">\n<div class=\"standard-item\" style=\"margin-top: 9px;\"><\/div>\n<div class=\"standard-info\"><\/div>\n<\/div>\n<div class=\"temperature-section\">\n<div class=\"temp-icon\"><img decoding=\"async\" src=\"data:image\/svg+xml;base64,PD94bWwgdmVyc2lvbj0iMS4wIiBlbmNvZGluZz0iVVRGLTgiPz4KPHN2ZyBpZD0ia2F0bWFuXzIiIGRhdGEtbmFtZT0ia2F0bWFuIDIiIHhtbG5zPSJodHRwOi8vd3d3LnczLm9yZy8yMDAwL3N2ZyIgdmlld0JveD0iMCAwIDcyLjI3IDE2Ljk4Ij4KICA8ZGVmcz4KICAgIDxzdHlsZT4KICAgICAgLmNscy0xIHsKICAgICAgICBzdHJva2Utd2lkdGg6IC41OXB4OwogICAgICB9CgogICAgICAuY2xzLTEsIC5jbHMtMiwgLmNscy0zLCAuY2xzLTQgewogICAgICAgIGZpbGw6IG5vbmU7CiAgICAgICAgc3Ryb2tlLW1pdGVybGltaXQ6IDMuODY7CiAgICAgIH0KCiAgICAgIC5jbHMtMSwgLmNscy0zLCAuY2xzLTQgewogICAgICAgIHN0cm9rZTogI2E3YTlhYjsKICAgICAgfQoKICAgICAgLmNscy01IHsKICAgICAgICBmaWxsOiAjYTdhOWFiOwogICAgICB9CgogICAgICAuY2xzLTIgewogICAgICAgIHN0cm9rZTogI2ZmZjsKICAgICAgfQoKICAgICAgLmNscy0zIHsKICAgICAgICBzdHJva2Utd2lkdGg6IDIuMDZweDsKICAgICAgfQoKICAgICAgLmNscy00IHsKICAgICAgICBzdHJva2Utd2lkdGg6IC4ycHg7CiAgICAgIH0KICAgIDwvc3R5bGU+CiAgPC9kZWZzPgogIDxnIGlkPSJrYXRtYW5fMSIgZGF0YS1uYW1lPSJrYXRtYW4gMSI+CiAgICA8Zz4KICAgICAgPHBhdGggY2xhc3M9ImNscy0zIiBkPSJNMTEuMzQsMTEuNTdjLS45NCwxLjcxLTIuNzEsMi42Ni00LjgsMi42Ni0zLjA1LDAtNS41MS0yLjQ3LTUuNTEtNS41MlMzLjUsMy4xOSw2LjU1LDMuMTljMS45NCwwLDMuNjUsMSw0LjYzLDIuNTIiLz4KICAgICAgPGNpcmNsZSBjbGFzcz0iY2xzLTUiIGN4PSI2LjU1IiBjeT0iOC42NiIgcj0iMi40Ii8+CiAgICAgIDxjaXJjbGUgY2xhc3M9ImNscy0yIiBjeD0iNi41NSIgY3k9IjguNjYiIHI9IjIuNCIvPgogICAgICA8bGluZSBjbGFzcz0iY2xzLTMiIHgxPSI2OC4zNCIgeTE9IjExLjc2IiB4Mj0iOS45MiIgeTI9IjExLjc2Ii8+CiAgICAgIDxsaW5lIGNsYXNzPSJjbHMtMyIgeDE9IjY4Ljc4IiB5MT0iNS41MSIgeDI9IjkuNzMiIHkyPSI1LjUxIi8+CiAgICAgIDxsaW5lIGNsYXNzPSJjbHMtMyIgeDE9IjU0LjA3IiB5MT0iOC43NSIgeDI9IjguNjQiIHkyPSI4Ljc1Ii8+CiAgICAgIDxwYXRoIGNsYXNzPSJjbHMtMyIgZD0iTTY4LjE1LDUuNTVjMS43MSwwLDMuMDksMS4zOSwzLjA5LDMuMDlzLTEuOTIsMy4wNi0zLjYyLDMuMDYiLz4KICAgICAgPHBhdGggY2xhc3M9ImNscy01IiBkPSJNNTMuOTEsOC43NWMwLS4xNC4xMi0uMjYuMjYtLjI2cy4yNy4xMi4yNy4yNi0uMTIuMjctLjI3LjI3LS4yNi0uMTItLjI2LS4yN1oiLz4KICAgICAgPHBhdGggY2xhc3M9ImNscy0zIiBkPSJNNTMuOTEsOC43NWMwLS4xNC4xMi0uMjYuMjYtLjI2cy4yNy4xMi4yNy4yNi0uMTIuMjctLjI3LjI3LS4yNi0uMTItLjI2LS4yN1oiLz4KICAgICAgPGxpbmUgY2xhc3M9ImNscy0xIiB4MT0iMzYuNDMiIHkxPSIxNi45OCIgeDI9IjM2LjQzIiB5Mj0iMTQuMjQiLz4KICAgICAgPGxpbmUgY2xhc3M9ImNscy0xIiB4MT0iMjguMDUiIHkxPSIxNi45OCIgeDI9IjI4LjA1IiB5Mj0iMTQuMjQiLz4KICAgICAgPGxpbmUgY2xhc3M9ImNscy0xIiB4MT0iMTkuNTkiIHkxPSIxNi45OCIgeDI9IjE5LjU5IiB5Mj0iMTQuMjQiLz4KICAgICAgPGxpbmUgY2xhc3M9ImNscy0xIiB4MT0iNDEuNTciIHkxPSIyLjc0IiB4Mj0iNDEuNTciLz4KICAgICAgPGxpbmUgY2xhc3M9ImNscy0xIiB4MT0iMzMuMjgiIHkxPSIyLjc0IiB4Mj0iMzMuMjgiLz4KICAgICAgPGxpbmUgY2xhc3M9ImNscy0xIiB4MT0iMjQuOTkiIHkxPSIyLjc0IiB4Mj0iMjQuOTkiLz4KICAgICAgPGxpbmUgY2xhc3M9ImNscy0xIiB4MT0iMTYuMDgiIHkxPSIyLjc0IiB4Mj0iMTYuMDgiLz4KICAgICAgPGxpbmUgY2xhc3M9ImNscy0xIiB4MT0iNDQuNjMiIHkxPSIxNi45OCIgeDI9IjQ0LjYzIiB5Mj0iMTQuMjQiLz4KICAgICAgPGxpbmUgY2xhc3M9ImNscy0xIiB4MT0iNDkuNDkiIHkxPSIyLjc0IiB4Mj0iNDkuNDkiLz4KICAgICAgPGxpbmUgY2xhc3M9ImNscy00IiB4MT0iNDAuODgiIHkxPSIxNi45OCIgeDI9IjQwLjg4IiB5Mj0iMTQuMjQiLz4KICAgICAgPGxpbmUgY2xhc3M9ImNscy00IiB4MT0iMzIuMzMiIHkxPSIxNi45OCIgeDI9IjMyLjMzIiB5Mj0iMTQuMjQiLz4KICAgICAgPGxpbmUgY2xhc3M9ImNscy00IiB4MT0iMjMuNzkiIHkxPSIxNi45OCIgeDI9IjIzLjc5IiB5Mj0iMTQuMjQiLz4KICAgICAgPGxpbmUgY2xhc3M9ImNscy00IiB4MT0iMjAuNTkiIHkxPSIyLjc0IiB4Mj0iMjAuNTkiLz4KICAgICAgPGxpbmUgY2xhc3M9ImNscy00IiB4MT0iMjkuMTMiIHkxPSIyLjc0IiB4Mj0iMjkuMTMiLz4KICAgICAgPGxpbmUgY2xhc3M9ImNscy00IiB4MT0iMzcuMTYiIHkxPSIyLjc0IiB4Mj0iMzcuMTYiLz4KICAgICAgPGxpbmUgY2xhc3M9ImNscy00IiB4MT0iNDUuNzEiIHkxPSIyLjc0IiB4Mj0iNDUuNzEiLz4KICAgIDwvZz4KICA8L2c+Cjwvc3ZnPg==\" alt=\"S\u0131cakl\u0131k\" width=\"100\" title=\"\"><\/div>\n<div class=\"temp-values\">\n<div>-40\u00b0C \/ +70\u00b0C<\/div>\n<div>-40\u00b0F \/ +158\u00b0F<\/div>\n<\/div>\n<\/div>\n<div class=\"marking-section\">\n<div class=\"detail-row\">\n<div class=\"detail-label\">Branding<\/div>\n<div class=\"detail-value\">: Transfer Band or Embossed<\/div>\n<\/div>\n<p><img decoding=\"async\" class=\"marking-image\" src=\"data:image\/png;base64,iVBORw0KGgoAAAANSUhEUgAABf0AAAAoCAYAAABEkVAiAAAACXBIWXMAACE3AAAhNwEzWJ96AAAgAElEQVR4nO2dT2gbWb7vvzeYEHo8RdM0t81zwe1hspEWndAbCTrN7YWlDN30LCwtErxoWYvk5TbImkv+LGL7vWu7F47NPMcwLy9ZKO6FsReSFi8kTOTwyKXTIG2GziykTYY7PEoXz2VomhrfEILJewvpVz4q1Z9TpZJUcn4fMIktqerUqVNHVd\/z+31\/f\/fLf\/jwv4NhGIZhGIZhGIZhGIZhGIZhmFHn6RiA\/zbsVjAMwzAMwzAMwzAMwzAMwzAM0zsnht0AhmEYhmEYhmEYhmEYhmEYhmGCgUV\/hmEYhmEYhmEYhmEYhmEYhjkmjPW6gVg8HkQ7AqOpadA0DUBn23RdR6NeH1azAiV29tWwm8AwbyX6wQk0XpwcdjMYhmEYhmEYhmEYhmEYxhbfon8imcTq+hoURQmyPT2zuXEbmxsbAIDt3R3j77VqFTMXLg6rWYGRSemY\/\/rHYTeDYd5KNr99l0V\/hmEYhmEYhmEYhmEYJtT4tvfJZGdDJ\/gfd5TxN8h99dOwm8EwbyXN\/TFsfvvusJvBMAzDMAzDMAzDMAzDMI6wp\/8IkfvqJyjjb4bdDIZ5K1n53XvDbgLDMAzDMAzDMAzDMAzDuNKzpz\/RqNeh63pQm5OmVq2Zfq8OvA2DQJ04RCY1+P5lGAaoPT+Fve\/fGXYzGIY5JswvLiASjWJlafnY1BtimKCJRKN8fbgQi8eP7bMPwzAMwxx3ItEo5hcXht0MKezs0lPpNKbTqQG3xjuNeh0rS8tdfx\/19rsRmOj\/5edfBLUpxoLVG38ddhMY5q2Fo\/wZhgkKRVGQyWYBAE1NG3JrGCacxOJxbO\/u4Mqly9irVIbdnFCSSqexur6Gz859Co3nEoZhGIYZORRFQSweH3YzemJSVUf6GEa9\/W4EJvr3SiweD6Sja9XqsYt4iZ19hdiZV4FvVz84gcaf5IuSqh8cYnLisGsbT75\/B9p+ayipE4eY+uRllw1R48VJ6P8p7yZFx1t7fkrq\/crP3iBy+rXxO30u8svXrpZIYj\/00s\/N\/TFofxnraosd1CfmfpVtj93nmWApPx4PffFeRVEQiUah67prVKSX99KcbDenepmza9WqsW83mprWIWA47cf8XpFINApFUVwz0VRVxaSqOm4L8NZ3dsi0ya3fvWwLkDs+p2Oz63+3\/pJtn9W+zMcusy2Z41RVFVPJJBRFga7rKBeLvrIUxe0ArcgLWWGSjpGOxem68JpF6TZ2ZMdwIpk02uTl2MTP6bqOJ5WK5bnwOxfYYe5TM+KxmKFx49YnNAZ7aacTbsegqiqm02nj93KxKLVPOj47wnrPnMvPAQCm06mO8Sd7voCjc2Z3fpzOKSA\/B1shMyYURUEimTTOT1PTsFep2J5\/8\/xGfZTLz+H61WuO+2IYhmEYhgG8PZeHEboHdLvHDSuDbn+oRH+6ee2FzY3wPsD45db1\/kT5N\/50EjO\/mZB+f+6rnzoKCTdenMTMP09AP+gU85XxN7iz\/B8dgvXK\/3wPtR\/kBHwAePF\/\/gwA0u2LnX2F7d\/uG7\/T5zIpHfNf\/+j42Sffv4Prq+937NcPpcfjRqHXP\/zv\/+u62HBl8e+h7Y9196twXpzaQ31q\/jwTHPrBiZGI8o9Eo9je3YGu6\/j4ozOO783l55DJZlGrVm1T9ICWwLC9uwOglcllJa7Q6zKc\/vAXRjvd2Ny4jc2NDen9bBUKlqlu84sLiMXjmLlw0fF7IZefw3Q6jb1KBVcuXbZ9H7Xfre+ckGkTHe\/pD3\/huK3\/de8uJlUVK0vL2CoUbN83nU4jl59zbLfTsTn1f61atbWoke1\/q32Zj522ZR4bInScdu+hqFiRXH4O3ywto1QsSrWP2kKR+iK6ruPG1WuuAnksHgMA7FX2AMD1uigXi1hZWpYS\/93GjtsYVhQF27s7XQ8BjXod169esxVZI9GoMR5F5hcXsFep4MbVax3t9zsX2JHLzzmOjwePHqKpafjHc592vSZzfdCxOC1A2s1DbiiKgjv37hrbtrpe7MbujavXXMcuHZ8dsuN2kIiBQJsbt42\/p9Jp3FxcgKIoUvPw9u4OFEXBlUuXLQV4t3PqNgf3MibEYxFZxZrlOLaa365fvYbt3R1Mp9PY3LjN0f4MwzAMwzgi3kc8ePRwJIX\/K5cuGwsXf\/jj82E3xzODbj8X8g05mZQeyihuO8EfaAmlM7+ZCEV09BMJH\/bS4\/GB77f2\/JSRHcGEl62SYjnGwwpFDTrh9johChlhT3fLZLOWIqwsdHxhP04RMTKARGQ3gsqoM29ze3cH6oCiLDLZWcfIXDusRFOgdc2srq9J90sun7cdayTe5vJ5x23IZnIQ0+m0pwU2v9gJ\/sCRqG\/V9\/Q5u0iVRDKJp8++83XeZKHFCFWd7HqNxuakqlq2ga4fc40or2SyWV+erNu7O47jT1VVy7ELAKvraz1fe3QNDOoaliGTnQXQWvCic5tIJrG6viY9jhLtTByKnh8GdmMiFo87HksuPyd1zYvZzUEETjEMwzAMc7wRrUWHUZM1COgYuP1ysOoYYpTxN32N4FY\/OOzafu35KdR+OAV14hDT5w86XoudPYrcv37rfUMMTXzyEtO\/ar23\/Ptxo+Dp9Vvv48G9fwcApM4fdFnVUFR86vyB68KG23tUm9e0\/TE0Xpy0tdtp7o95ykCQZe\/ZO139J1L+ffALDUywNPfHjDE6SiSSCVuBIxKNSqeQTSUTHdu0iiQXIzCBlnhGRQWdBLSmpqFULNm+bieGmvcHHInAufycY7S7HWKfkKfiKGSLTQmLN7ILOUBLGJq54O\/47M43iYZ+sx+8QH74MtHf4mdutoU3XdexVbiPWrXakWF4a33NMgq8e98tMbKpaR2RtbF43BiLTgKjmEprHmdW10UqncKkqiISjSKXz3s6bq9kstmOtm0V7rf\/PotYPI5JVbXs+0w2a4iX5WLROAbqL7qmrG5s\/c4FZjStCQCW85u4iBGJRru2SWK3rGVXy1an2fE3Ok+ZbBZbhfueIq5FOyQrEZjGnK7r+GZpGZqmQVVVI0o8k52VyjAQzw1Ai8QJTKfTxhwaBosYcfH6fnsMAu79ZIYKsskI\/lbn1AtexwTNO+J8BLTGYi4\/h0lVNTKB3PddQiweb38nDP\/8MQzDMAwTXm4uLrQDYX4OXdcxc+EiMtlZT8+Tw+bOvbvYq+whEo1gc+M2GvU6cvm5kclaGHT7AxP9b62veb5h3ioUbFc37OwC3DhORfFyX\/3kahHTC5MT3aL\/5rfvovbDKcvXiMaLk0YUf+r8QUeR4cQnL3Fj9X2U2j7oteenEDvzylIAJ0F1+lfdCwJmZN5jR+nxOOZPW1v87ElkAvhh7\/t3oB+csD1\/\/dovExyjYOtjhdODf8pDVXpzpD95oIuYxb9cPt8W+GqO4qSmab7ES6vP1KpVw8LBj2BvjrBNJBMjIfqbo\/sTyaSUuBWLxxGJRn19v1r1\/631NUyn04jF41BVdSD2EpnsrKfxkxC89ymdEmiNnaamYXV9DZOqilQ67WiVkhBqAcxcuNhxrLVqFXuVCmLxuKtXPmAtRFpdF1uFghF9n0qn+ir60\/xgtk3Zq1Rw595dJJJJy76nz1lZmexVKsjl8yjb9KvfucAM9blVxLx4A201R0x6FP1LxVLXNrYKBSObYSqZ9LQASWL+dDrl2P6WaN\/qxxqASDTSsVDjhqY1u9pN45Cu4TBA10hT07rOCS1G3bl313Eb4sKB06ISYXVOveBlTKhCsTizrVINdM3IL2KXikVjAWhUFq0ZhmEYhhkOFOgBAB9\/dMbwl0\/8cXRE\/0g0ajzPita8bveHYWHQ7Q\/Mt4K8Jr38OKVBN+p1I23Vy89x8bNUJw6RSYUzXYUEa2X8DW5a+OXf\/PpHQ+zuRxS9V8oO9j39sPZx2y8tCDDhpfb81MguzDhZ\/Miu4ItFU0lACIsgZIaEW8BfG0k8J4ElrMdphtp51G45ix8AmG1HDgeB6DU\/NaAIEUVRkBIKmrpxZN9S7RLESoJ9iFsfkjhsd6\/RqNddhTqvVjK6rhtCOkX89wMx48UqapyyPKyKftHn7MTVzY2Nvt+biefVbFMjnlez\/Y94vffSRipabN6fDDMXLjouNlF\/myO\/xZoQvUDnLSyF0I5qXnQujO1VKpi5cFEqFdpp4WBQ2I0J6mdd1y0X\/8RrXpaj\/YzG9xfDMAzDMMNnUrDAHEUURTECu0bxGAbV\/qEqj04HFolGDf9hLz9h8iTtBTF6PmzUnreE\/Mjp15aR7Mr4G8NOh947TPSDE5YCrpix0A\/sFhTY2if8jGqUP5EQrHkIL9Y+JJiINj1ehaxB0otYR8dKoiYteIQZyrxo1OuG8Ccj9pAwOp1OB\/Zdqeu6YE3R7aceNH78q4\/EemuhfWVpGZsbt6WF+Ea9Ib1vM179\/Om9JHT26x5HHPNWImmjXjcW1+zaMCxxlaD2mec5s72PiCos5PQKZbt6nT\/c+s1te\/2er2LxOOYXF7C9u4NcPm97\/lPptPG6oiiYX1zAnXt3PS3QARAspjqvRy\/ji+zphl2c2GlMBHm91NtzUpi\/pxmGYRiGCRfbuzvGz8yFi\/j4ozNDv3fywqSq4sGjh9je3cFsdhafnfsUn537dGTcXwbVft+if1kiXbYX6AHD68+0x4eLMBI7+8q3lc0gcWpjWNpPXv9PnnWL\/iTK29UD6HWfjRcn0TQV6xUXIILeLxMM5bY11SjiFHFNFhwyQgMtGtSqNeOLP8w+f35FLzqmRr3eEXUZ5mMFxPNTNQThSDTqKgjXqrW+FH0kEXwQPopbhfvQdd2w45HBzkOfqFWr2NzYcIy2FrFaVJOBii9TGq0X6P396mOZxQhaXLNrw7Cvm7qFxQ8J0E1NQ1PTbLMUhr1gMUxo\/rR6wLi1vobt3R1kslmjBsbTZ99ZXnvT6ZThR0qfoeK7Xgqtu12vMsfjxdqH9nnn3l3867PvcOfe3YHMZbR4GwT9nh8YhmEYhjl+kDUgZfdTraFRYrJtm1gqlqBpGjSXemFhYxDt9y36l4pFfPzRGcxcuOjph3Hn1vXwRvmPGlOfvARgbanzpC2+03uCYnLi0Mh0MEf70z4jp1+7Fi9mBo9+cGKko\/wpGtfK4kdWBDEXGiVBfFJVQ5lJpQqWJ16FO9H2pfVv+LMaAFGgrbX\/lbdgooyGIKP9B4l4Myq7cBGUsNYURG8vIiZBi3FPRiiCRgbql1x+bqhj6mjxKWL8jeaGer1uuShA13ovRVwJynSRsZ8JE9NCLQeRWDxuG0hzc3HB9lzPLy50ic+yY178nN9+9GPtM7+4gEQyiUlVRSKZxINHDwMR0K3GhLi4Mt\/24u8VOndhz1JjGIZhGMYdev4mxHs0c\/AQBbbY\/e60LfqdPOaBVqCgeRt+8NJmcxu9HL9RkyCZMOxyEslE1zbetvaL9FTIV0zrZ4Ihk9JZDLbAKfJa\/eDQts8S516i\/Hgc+sEJPPn+HaOgcO35KWj7Y1DG3yBx7iW2SsE+KKXOH2DlxXsoPx7vKIhMiwCp8wdSnvFO9khcFyB4tkrKyPfrXqXSjrBMGJHrZO0jI4KQICZ+0dSqVSSSScTicWiS0dBOUFSBFc32CrdT28TtiMKv3yK+fsTzXvErKJkXZVr\/1trnJ+YarU4LOZFoFLn8HK5ftS76HGa2CgXk8nNSxXeDZK9SwU19wbAumc3OYq9S6ciIccKrn38v2I3hfkQCl4olI8L76bPvjD55Uqm4Wm\/5nQusoLlNFKOPFgRbCwKJZBKRaNS4dvwuGJpRVdVY1BnE+fVDLB5DLp83fleUnxtCt67rxoIgUatWcePqNUyqKrYKBSOjiAqn2xUsnlRVrCwtY6tQMPpb9jySaN3L+aBFDPH7j2qIeQk+ml9c6ClYyW5MaJqGWrVqLKpMJZN4IswjvT7gDaqgOsMwDMMwwbO5cRubGxtQFAUPHj3E9avXDGF+e3cHn537FLquI5fPI5VO4cvPv4Cu67hz7y4URTHuXbZ3d6DrOq5cumy5rQePHuLLz79Ao15HJpvFg0cPAbTu\/\/7x3KfGNvw8F89cuGjZZtIonNpYKpaM43\/67DtsbtzGVqFgua3Z7GzH8f\/hj8+7+vDps+88B0WMevvN9CT69xO\/Kxuj4t9khTL+pkMgZo5wir7OffWTY79Nnz\/AVknB3rMj0Z989RMBR\/mL+1z53XvQ9sfQeHESkdOv0dwfMwobJz55KSX6z\/xmoi\/tY7pp7o9h89t3h92MnikVS8hks22xoSXopkwiiBOidQxBovJUMhGIwEpfelbQl5wVdp8BYIhSsogZAnSsYlZDJBrtq+WHUyF7J8yWRMBR+8Vz7sRW4T5W19cwlUxCUZYDiyIYFLquo1wsYjqdxnQ65WtMptqfNeMk8um6jm+WlrG6vgagJW5msllkslkjA8FpHPrx8\/eL07USNC1xN2FcT4lkEolkEvOLC23rpNu2x+x3LrDCyuLEnM0DzCHazgQQi2d5OSepdKrrASiVThnbCmsmB9W+MtOo13Hl0mVLodh8bTXqdZSLxbbdT8xS9C8Xi8bf9yoVX96wfucktZ0iDRxltTktLBGNet0oEpzL55HLzyEWj0t\/D3gdEytLy8biiaIo7bksjVWsoVwsYnPjtmfhvqlpmGxbiLHozzAMwzCjCd136LoOTQjYa9TrHc9\/jXodmhYTfm90bYcyWa22Jf5rfu4Xt+FH9Be339S0jjab64jp+t862kht0XW9I2DRalua8PuTyl5HXUJxG4rHoKcg2y\/qDE7tJ70liPabCa3ov7K0\/NZlEeS++smyMC7TGykS\/dsWP8r4G0NwnzrXH9FfGX9jCPulx+OYP\/2jsU+29gknx0HwB45uCCLRKBLJJPYqlQ5rH7eVYvpipwKxwGAj4P2wV6lgZWnZ02dEAdacfkdZDWH0+SYRUzw\/dANIWQBu7S4Vi0akfCab9SSshoXNjduYTqcNIdPr\/cKkIA56oVQstoXBuQ5xmbJOEskEvvz8i67PUYFor9Hro4Cu65i5cBHziwvthaSjOSYWj2N7N44rly73vTCY2K90HVhF8tPf6F+vwSJOtaO2CoWRO79es35q1Roy2aztd0m9h0LXvTIlLIrKzN\/lYqkrwn5zYwOZ7CwURUFUUvT3OiZokaE1Z3Ra8VH0\/68\/\/8LTWNLaoj\/DMAzDMKNLLj9nZFfG4nHMLy6gVCwhkUwgFo8jk82iUa93ZD3ruo5EMoFJVTXuW6bTacOGhgIgaFsUEDi\/uIC9yh4y2VnjeZL+T9vwg7gfskWlNovPqtRGEtMpO3NladmwHMpkZwHACDCibZGdJB1\/JjuLWrVqZGSL2xhm+3P5OWwV7ru2P5VOBdZ+M6EV\/d821IlDZFKjFW05SFLnD2yF8thZ56LBkdOvoU4cQtsfQ\/nxOCYnDg3xP\/HJS0cLHSchWJ04NDIHrEica4n+5cfjmP\/6xw5rH1mcMhjKj8eh7fMlHAS156e66i+MMqViCfOLUSSSCUMIoC8kJ6GTCo0CnSv+oqjsR2A103QoUOO0bdF+gr44a9Uqrly67LkNdlYrtMqeSCYso1iDolws2vqIO3nV20WL02JFIpmUEqk2N263C2zO9vU4+4WmaUa0fy4\/h5kLgwsSoOhluh4SyYQhdtPNnLlPSdjrt\/BNmK1aCFWd9H0D74Su623R+JrxkEI3ygCwur6GvY+6j93vXGAH2aaoqoq\/tecsMapGLOYr+v0HgdfMhEFj1b5INIpb62uYTqehaU3L9pNFD0E+9XYMc7GUHmJlC6DZZQnRd2WvIrrTmKAMCwDGPEJ2S4qi4Obigq\/vNoZhGIZhRhdzFixlAxLmbHHKQCbu3Ltr\/F+JRjt+N2+LMpYb9boRtJTL5zs+4we3Nju1UTEdPz3f2m2Ljn+rUDCCALd3d3rKeh719ptxVAxFAWjQ+F3RsIuik0nvdSLIQgpW3Pz6x75t+zgw\/asDxM44i\/uOnz9\/gM1v30Xp8TjUDw6Nv7nhJPrHzr5y3MbUJy+hjL+BfnACm9++a9QlkNkv4ST6U10CpneOS5Q\/8aRSMaJuad6SERunTCllImIEfK+iv6ZpvsQx8TNNTcPq+poh8HmNrrU71kFlNZSKJdt+tBP9qTYDYNXuI19\/uf13RvuPYmadOdrf22c3jPHUikb3fmOl67qwANCy62hl2HQvGA3Szx+A7fXlVJw1KCjKeqtQQCqdxur6mu2Cod+5wGnfZMtCiPus1+tGlgeJ1+Z0aDdWlpa7hO1+3yP2i0a9js2N27hz7y5S6VTHuVBVFdu7OyMTPS5atg3aYqnXMVGrVlGrVrGytGwswpgzANwYxcLsDMMwDMMMH\/F+ZVTt0slmBxjNY+hn+x0VQ4qgGwZ+\/Y7tomqcfGNloGIO\/SB29lXfvOWZFqm26N94cdIQ371E3PuBMglKj8cNUTnRXghgwkP58bhRa+G4QJ59FHUMdNrB2EHCZCwex4s\/\/5vlexLJRCiiWUvFIm4uLhh+yF7aRFYrgLP3OdkjhQVR2LY7P7F4HIqiSIlNYrT\/KIr+YrR\/KxV1eLYiVAj1zr27lgsQg\/Tz90O\/BOtSsYhMdtaI\/u\/38dMYiLR9+4FOu5lGvWFErvst4tuo10N7Hv1Ac9ykqnYsoNKi4KggWvsM2mIpyDGxsrRsLMx5uWboXI3igy7DMAzDMINnZWkZTyoV5PJzmF9cgK7\/zbDTGQV0XceNq9fQqNexur6GXD4PRfl53wOcgmJQ7R9qmPAoRkX1g\/l\/Gs0ofydbHKfXhsHkxCEip18bgr\/a\/t2N7f+xb\/ua8jN38X7q3MsO25hEn2oIMP6gLIzjCFn8AK25VkY4kIksJME8DPM3FZQ0R6i6IRtBGYvHQiX6U5FlN2LxuFS7xWj\/lEVRW1lIYB2GrQdF+yeSSfzNZkyS5QvZQZlRAxLL7K4Jq+LLXvErUMtC23XKmPDbhkHOFST2ilHPYntb579VzLfffTqKiEVg6YHjxtVrHTY4fjNjZKCx4ifTiuZHKsZLiHZEuXw+FIvWTvR6vYxaTQmGYRiGYYYDZSavLC3jD398PuTWeKdRrxvPvFuF+z3bEg2aQbX\/RF+2KkFT02w9Z98mUucPpMTnMEE2O7UfTkE\/6B5C+sEJI3K6F0ueoBEj+6ckMytiZ17Z\/sicN3Nkv+x+mcGwVVKOrUWSaG8gY3UgiixkNWD+ITHCq+1AvyDf5klV9dQmymhoaprlcZIIGJbjJOgcUVSp+YdEa9nFAQC4X7gPwH+hJtE6z65GQT\/RNM24WbI7hiMh0dr6aKrdXzLe7k6FsOk1s2hnVXzZC5S9AfRP0BMXPKwEVzE7xtwGt+Lgdv3SD2hRJxKNItoW9c31Sej1fvdpUNC5Mfcz\/d7rYpWbLYyd730\/EBdg3MaVHbF4HLn8nPEjzgti9rKiKIF7psoiM48A8tcMXbNhWIxnGIZhGGY0oGfdUYmMNxOJRo372OkeAtiGxaDa76h21apVbPYhIKZVuK3zISKofYkPd0EuKvQjXVYZfzOSXv6JT14a0dHf\/O49rN74a8fr3\/zuvY73hoXp8wdYabet39Y+5v1ulRS29gkZzf0xbJX8iQqjgGjxIyM2klBcq1Yxc+Gi5XvIazgWjw1UCLKDvMMj0Sim0ymp6HZRpL5+9Zpt5PfTZ9912V0ME3EBggotmSH\/dC9RsuV2tL9fgW2+bbEEDN5Hm9gq3HdcoDkqztxdk6JVQLP12Scu1wlllcxcuGgprlE6rDlyvBdrH0VRDLtDKsbdDzRNQ7Nd9Ht+caHrGO3aoCgKHjx6iM2N25ZzguivP6iIepoTJlW1a5+6rncU8x0Fmx4qxp5IJjrmOJqze52fxDTuMPQHjUO7zJyg0HXdWPxJpdPG+FXbNR+A\/vQH2Y3OXLhoeU2QJR8gf83QAyNnrTAMwzAM4wTZofczc7PfkPV6Lp\/H02ffDbs5nhl0+11F\/0E9APRjX2FP4c2k9JEUgSOnXyN29hVqP5xC6fE4tL+MHUX\/Pz91FOV\/Vi4aXoby751919WJQ9cCucr4G9y68VfoBycGml0x2z7PYVoAYVrFe60yVY4TK0vL0lYvJHI4LRDUqjWjcGovqKraYb\/QvR\/57wOyMUokk1ICvRgRabcPUQCNxePQTGJmkO2X5Sha3P5c0j69LFbouo6twn2p+j3mY06lU4aP9F6lYru\/VDrlOGZ6\/a6m\/rbbh7iwsb27g61CAbVqDbF4zIhsoaK8diiKYmzj6bPvUC4WUavWoOs6VFXFtHCM5XYGCn1OVmA2jyvydKRFFcrK6Bf3C\/cxv7hgiJI0FySSCeMYSsKxAS2BclJVsbq+1l542xMyZRJG\/1JWjZl+XEuaIOpbiaBUzNfu9Ug0ivnFBTTqdawsLXvat5lUOo3pdArlYsn3QuleZc8owKxpTWOsU9\/KZpDE4rGuvo7FY8Lc3zn+dV1vj\/sjSxxFUfru9SoWW\/Zy7u0Wq8WH2tMf\/qLjtSeVCqbTadxsL2q1rIHmjP\/3Q0SnhdIHjx4a84imaVAUpeOaKXsYL\/T9wKI\/wzAMwzBO0L1VGAI9\/NJ5DMOpQdsLg27\/8fS1GAHUiUPkvvpp2M3wzfw\/\/YiZf54wrHzMgrwy\/ibQWgWiL74VsbOvXEV\/AFLvCZrJET\/Xx5Ha81OuY+o4ICuYqe2oSvqM0\/YAGFGYfgWGSVV1FJk3N+RvRMrFohGFPJVMGt6EdogZDU7UqlVMp9OYSia6xLog2y8LRaPXqjXb94iLFTJ9QWwVCshkZ12j\/e2OmYoQ2eGWMhrEAv3mxm1s71qL\/rqu45ulZayurwFoCdViNC0AfLO07GiNoeu6IRC2hM\/ubQAt0U0cL3TeZBbenMZVrVqVPp9+2SoUkEqnjCK3NCcQjXq9qw17lYoxdmLxuO3Ci5143o9riYr1Ap1FfK1et7KkEqSf2wQAAARsSURBVLOBeuVIvLa\/bt0QF61afXXUXzQuZXA6P1SIWoTGO9nkDIqjzJz+F42nmiCKohjzA1EuFvtil1MulozzMJ1OW86PVufDiaPMBP\/jjGEYhmGY408qnUKjXg+dja0XMtms8dwyigy6\/Y6iv+h5+rbT1LRALR5G0dZHJHL6NbZ\/u48ri3\/f5YmuThziztJ\/jFytAubt4bgW7\/WLGP3uJOSbI+DDEFVIEdqJZBKz2VlXYVRWHAkqqyEIVFU1IpNlFyti8Zi0SOwl2t9MuVjEiotgPgjcov1JiL8p2BEBRwsCMlHY169eQ73esLVD2qtUuhY\/KALXrxhH52ZQmYszFy7izr27Xf1Yq1Zx5dLlrvPcqNfx68+\/sLWVogWhQRbEFqNmrK4X8fUwzGFu6LqOK5cu4869u11j98bVaz3fmzY1Df\/10uWuvlhZWrZc\/CkXi331fn1SqRgZJ\/22V9M0DTeuXusS\/PcqlZ6zPOwoFYvQNA231teMeV2kUa\/juofzmkgmMamqrtlKDMMwDMMwdgEHo8T84oIR9DeKDLr9f\/fLf\/jw\/9m9uL27EwrBIwyQ91UQxM6+wvZv9wPZVtA098eg\/WUMys\/eSIv2Zksf2eK9teetz0R++drW5oje44a5vTLbJvSDE2j86SSA3goPe+27xouT0P\/zBNQPDjE5cei5PXafZ5wpPx7H9dX3h92MQCELERk7Aqv3kqgs83laDLZaCKXt2C2SilYnTpg\/7+avbCeKU1sb9bpQzPWoGK6TUG1ly+K3\/SJWbTJjPl6vFjHmc+l2XsR9WI0Bu\/sAtz6UDRwwe+yb\/yZuy2mfssdJIlmzXQTYz4KFGDVN1jVW+\/zXdm2ILz\/\/wvbachpXXqPc3a4V2bkiEo12ZCnIiOPkhS5ei27tcMNPwIXb9SL7urmPZMagGZkxKbt9v2NXnB\/NyMz5NNYpq4C88IPoHzvo+aNcLOK6aSHNy\/ed+H7A+TtkKpmEoijS4x3o\/Zgj0ahRqJss5+z2bTeW7ty7i0QyadlXDMMwDMOEG7KVHAXsrBTJzjLs2Fl3jnr7XfgXFv0lCVL0f3Dv3zkKnmGGgH5wAr++9F+6slMYhmGChgpC67qOjz86M+zmMMzIQEXJAeCzc5+Goph6GBHrFVBROIZhGIZhGIZp8y\/Hu4plCEmdP2DBn2GGxFZJYcGfYZiBMNWOlJf1XGcYpkWpWESzLfTfHJHot2FAlmz9KB7PMAzDMAzDjD6O6le5WOKiUG2CupkedS9\/hhlVmvtj2CpxjRKGYQZDr37+DPM2s7K0jDv37uJJZW\/YTQktjXodsXi8b\/UHGIZhGIZhmNHG0d6HYRiGYRiG8U6QHucM8zaSSqelimy\/zSSSSS7gyzAMwzAMw1jh7OnPMAzDMAzDMAzDMAzDMAzDMMzIwJ7+DMMwDMMwDMMwDMMwDMMwDHNcYNGfYRiGYRiGYRiGYRiGYRiGYY4JYwCeDrsRDMMwDMMwDMMwDMMwDMMwDMP0zJ\/\/P7GiAMTbGjz\/AAAAAElFTkSuQmCC\" alt=\"Markalama G\u00f6rseli\" title=\"\"><\/p>\n<\/div>\n<div>\n<table style=\"width: 100%;\" cellspacing=\"0\" cellpadding=\"0\">\n<tbody>\n<tr>\n<td style=\"width: 120px; font-weight: bold;\">Norm<\/td>\n<td style=\"width: 400px; text-align: left;\">ISO 1307<\/td>\n<td style=\"width: 120px; font-weight: bold;\">Colour<\/td>\n<td style=\"width: 400px;\">\n<div class=\"color-icons\"><img decoding=\"async\" src=\"data:image\/svg+xml;base64,PHN2ZyB2aWV3Qm94PSIwIDAgMTAwIDEwMCIgeG1sbnM9Imh0dHA6Ly93d3cudzMub3JnLzIwMDAvc3ZnIj4KICA8Y2lyY2xlIGN4PSI1MCIgY3k9IjUwIiByPSI0OSIgZmlsbD0iIzAwMDAwMCIgc3Ryb2tlPSJibGFjayIgc3Ryb2tlLXdpZHRoPSIwLjUiLz4KICA8Y2lyY2xlIGN4PSI1MCIgY3k9IjUwIiByPSIzOCIgZmlsbD0id2hpdGUiIHN0cm9rZT0iYmxhY2siIHN0cm9rZS13aWR0aD0iMC41Ii8+CiAgPGNpcmNsZSBjeD0iNTAiIGN5PSI1MCIgcj0iMzMiIGZpbGw9IiNGRkZGRkYiIHN0cm9rZT0iYmxhY2siIHN0cm9rZS13aWR0aD0iMC41Ii8+CiAgPGNpcmNsZSBjeD0iNTAiIGN5PSI1MCIgcj0iMjIiIGZpbGw9IndoaXRlIiBzdHJva2U9ImJsYWNrIiBzdHJva2Utd2lkdGg9IjAuNSIvPgo8L3N2Zz4=\" alt=\"\" title=\"\"><\/div>\n<\/td>\n<\/tr>\n<\/tbody>\n<\/table>\n<\/div>\n<\/div>\n<\/div>","protected":false},"excerpt":{"rendered":"<p>&nbsp; \u00dcr\u00fcn Ad\u0131: TOTEM MH \u00dcr\u00fcn Kodu: ABRF742 A\u015f\u0131nmaya Dayan\u0131kl\u0131, Kau\u00e7uk U\u00e7lu Flan\u015fl\u0131 Hortum Kullanim Alan\u0131 : A\u015f\u0131nd\u0131r\u0131c\u0131 Malzemelerin Emme ve Bo\u015falt\u0131m\u0131 \u0130\u00e7in. Alt Katman : A\u015f\u0131nmaya Dayan\u0131kl\u0131 Antistatik Do\u011fal Kau\u00e7uk Takviye Katman\u0131 : Y\u00fcksek Mukavemetli Sentetik Tekstil, \u00c7elik Tel Spiral ve Antistaik Bak\u0131r Tel. \u00dcst Katman : A\u015f\u0131nmaya, Oksijene ve Hava Ko\u015fullar\u0131na Dayan\u0131kl\u0131 \u00d6zel [&#8230;]\n","protected":false},"featured_media":22307,"comment_status":"open","ping_status":"closed","template":"","meta":{"jetpack_post_was_ever_published":false},"product_brand":[],"product_cat":[2360],"product_tag":[],"class_list":{"0":"post-21452","1":"product","2":"type-product","3":"status-publish","4":"has-post-thumbnail","6":"product_cat-sel_asinmaya_dayanikli_hortumlar","8":"first","9":"instock","10":"taxable","11":"shipping-taxable","12":"product-type-simple"},"jetpack-related-posts":[],"jetpack_sharing_enabled":true,"jetpack_likes_enabled":true,"_links":{"self":[{"href":"https:\/\/tuzlahortum.com.tr\/en\/wp-json\/wp\/v2\/product\/21452","targetHints":{"allow":["GET"]}}],"collection":[{"href":"https:\/\/tuzlahortum.com.tr\/en\/wp-json\/wp\/v2\/product"}],"about":[{"href":"https:\/\/tuzlahortum.com.tr\/en\/wp-json\/wp\/v2\/types\/product"}],"replies":[{"embeddable":true,"href":"https:\/\/tuzlahortum.com.tr\/en\/wp-json\/wp\/v2\/comments?post=21452"}],"wp:featuredmedia":[{"embeddable":true,"href":"https:\/\/tuzlahortum.com.tr\/en\/wp-json\/wp\/v2\/media\/22307"}],"wp:attachment":[{"href":"https:\/\/tuzlahortum.com.tr\/en\/wp-json\/wp\/v2\/media?parent=21452"}],"wp:term":[{"taxonomy":"product_brand","embeddable":true,"href":"https:\/\/tuzlahortum.com.tr\/en\/wp-json\/wp\/v2\/product_brand?post=21452"},{"taxonomy":"product_cat","embeddable":true,"href":"https:\/\/tuzlahortum.com.tr\/en\/wp-json\/wp\/v2\/product_cat?post=21452"},{"taxonomy":"product_tag","embeddable":true,"href":"https:\/\/tuzlahortum.com.tr\/en\/wp-json\/wp\/v2\/product_tag?post=21452"}],"curies":[{"name":"wp","href":"https:\/\/api.w.org\/{rel}","templated":true}]}}