{"id":21434,"date":"2025-08-11T10:59:50","date_gmt":"2025-08-11T07:59:50","guid":{"rendered":"https:\/\/tuzlahortum.com.tr\/urun\/lymra-hd-pu\/"},"modified":"2025-08-20T15:50:18","modified_gmt":"2025-08-20T12:50:18","slug":"lymra-hd-pu","status":"publish","type":"product","link":"https:\/\/tuzlahortum.com.tr\/en\/product\/lymra-hd-pu\/","title":{"rendered":"LYMRA HD-PU"},"content":{"rendered":"<p>&nbsp;<\/p>\n<div class=\"report-container\">\n<div class=\"report-header\">\n<div class=\"standard-text\">Product Name: LYMRA HD-PU<\/div>\n<div class=\"standard-text\">Product Code: TSA80<\/div>\n<\/div>\n<div class=\"product-image-container\">\n<div class=\"key-feature\">Heavy Duty Anti-Corrosive Receiver and Transmitter PU COATING<\/div>\n<\/div>\n<div class=\"horizontal-line\"><\/div>\n<div class=\"product-details\">\n<div class=\"detail-row\">\n<div class=\"detail-label\">Area of Use<\/div>\n<div class=\"detail-value\">: Used for heavy duty suction and transfer of materials such as water, slurry, dust and gravel in industrial and construction applications. Excellent resistance to abrasive applications.<\/div>\n<\/div>\n<div class=\"detail-row\">\n<div class=\"detail-label\">Reinforcement Layer<\/div>\n<div class=\"detail-value\">: Strong, Flexible Plasticized PVC with Abrasion Resistant Polyurethane Inner Layer. Shock Resistant PVC Spiral.<\/div>\n<\/div>\n<\/div>\n<div class=\"datasheet_table\"><img decoding=\"async\" class=\"alignnone size-full\" src=\"https:\/\/tuzlahortum.com.tr\/wp-content\/uploads\/2025\/08\/datasheet246.svg\" alt=\"\" title=\"\"><\/div>\n<div class=\"table-notes\">On Demand With antistatic copper wire<\/div>\n<div class=\"horizontal-line\"><\/div>\n<div class=\"footer\">\n<div class=\"standards-section\">\n<div class=\"standard-item\" style=\"margin-top: 9px;\"><\/div>\n<div class=\"standard-info\"><\/div>\n<\/div>\n<div class=\"temperature-section\">\n<div class=\"temp-icon\"><img decoding=\"async\" src=\"data:image\/svg+xml;base64,PD94bWwgdmVyc2lvbj0iMS4wIiBlbmNvZGluZz0iVVRGLTgiPz4KPHN2ZyBpZD0ia2F0bWFuXzIiIGRhdGEtbmFtZT0ia2F0bWFuIDIiIHhtbG5zPSJodHRwOi8vd3d3LnczLm9yZy8yMDAwL3N2ZyIgdmlld0JveD0iMCAwIDcyLjI3IDE2Ljk4Ij4KICA8ZGVmcz4KICAgIDxzdHlsZT4KICAgICAgLmNscy0xIHsKICAgICAgICBzdHJva2Utd2lkdGg6IC41OXB4OwogICAgICB9CgogICAgICAuY2xzLTEsIC5jbHMtMiwgLmNscy0zLCAuY2xzLTQgewogICAgICAgIGZpbGw6IG5vbmU7CiAgICAgICAgc3Ryb2tlLW1pdGVybGltaXQ6IDMuODY7CiAgICAgIH0KCiAgICAgIC5jbHMtMSwgLmNscy0zLCAuY2xzLTQgewogICAgICAgIHN0cm9rZTogI2E3YTlhYjsKICAgICAgfQoKICAgICAgLmNscy01IHsKICAgICAgICBmaWxsOiAjYTdhOWFiOwogICAgICB9CgogICAgICAuY2xzLTIgewogICAgICAgIHN0cm9rZTogI2ZmZjsKICAgICAgfQoKICAgICAgLmNscy0zIHsKICAgICAgICBzdHJva2Utd2lkdGg6IDIuMDZweDsKICAgICAgfQoKICAgICAgLmNscy00IHsKICAgICAgICBzdHJva2Utd2lkdGg6IC4ycHg7CiAgICAgIH0KICAgIDwvc3R5bGU+CiAgPC9kZWZzPgogIDxnIGlkPSJrYXRtYW5fMSIgZGF0YS1uYW1lPSJrYXRtYW4gMSI+CiAgICA8Zz4KICAgICAgPHBhdGggY2xhc3M9ImNscy0zIiBkPSJNMTEuMzQsMTEuNTdjLS45NCwxLjcxLTIuNzEsMi42Ni00LjgsMi42Ni0zLjA1LDAtNS41MS0yLjQ3LTUuNTEtNS41MlMzLjUsMy4xOSw2LjU1LDMuMTljMS45NCwwLDMuNjUsMSw0LjYzLDIuNTIiLz4KICAgICAgPGNpcmNsZSBjbGFzcz0iY2xzLTUiIGN4PSI2LjU1IiBjeT0iOC42NiIgcj0iMi40Ii8+CiAgICAgIDxjaXJjbGUgY2xhc3M9ImNscy0yIiBjeD0iNi41NSIgY3k9IjguNjYiIHI9IjIuNCIvPgogICAgICA8bGluZSBjbGFzcz0iY2xzLTMiIHgxPSI2OC4zNCIgeTE9IjExLjc2IiB4Mj0iOS45MiIgeTI9IjExLjc2Ii8+CiAgICAgIDxsaW5lIGNsYXNzPSJjbHMtMyIgeDE9IjY4Ljc4IiB5MT0iNS41MSIgeDI9IjkuNzMiIHkyPSI1LjUxIi8+CiAgICAgIDxsaW5lIGNsYXNzPSJjbHMtMyIgeDE9IjU0LjA3IiB5MT0iOC43NSIgeDI9IjguNjQiIHkyPSI4Ljc1Ii8+CiAgICAgIDxwYXRoIGNsYXNzPSJjbHMtMyIgZD0iTTY4LjE1LDUuNTVjMS43MSwwLDMuMDksMS4zOSwzLjA5LDMuMDlzLTEuOTIsMy4wNi0zLjYyLDMuMDYiLz4KICAgICAgPHBhdGggY2xhc3M9ImNscy01IiBkPSJNNTMuOTEsOC43NWMwLS4xNC4xMi0uMjYuMjYtLjI2cy4yNy4xMi4yNy4yNi0uMTIuMjctLjI3LjI3LS4yNi0uMTItLjI2LS4yN1oiLz4KICAgICAgPHBhdGggY2xhc3M9ImNscy0zIiBkPSJNNTMuOTEsOC43NWMwLS4xNC4xMi0uMjYuMjYtLjI2cy4yNy4xMi4yNy4yNi0uMTIuMjctLjI3LjI3LS4yNi0uMTItLjI2LS4yN1oiLz4KICAgICAgPGxpbmUgY2xhc3M9ImNscy0xIiB4MT0iMzYuNDMiIHkxPSIxNi45OCIgeDI9IjM2LjQzIiB5Mj0iMTQuMjQiLz4KICAgICAgPGxpbmUgY2xhc3M9ImNscy0xIiB4MT0iMjguMDUiIHkxPSIxNi45OCIgeDI9IjI4LjA1IiB5Mj0iMTQuMjQiLz4KICAgICAgPGxpbmUgY2xhc3M9ImNscy0xIiB4MT0iMTkuNTkiIHkxPSIxNi45OCIgeDI9IjE5LjU5IiB5Mj0iMTQuMjQiLz4KICAgICAgPGxpbmUgY2xhc3M9ImNscy0xIiB4MT0iNDEuNTciIHkxPSIyLjc0IiB4Mj0iNDEuNTciLz4KICAgICAgPGxpbmUgY2xhc3M9ImNscy0xIiB4MT0iMzMuMjgiIHkxPSIyLjc0IiB4Mj0iMzMuMjgiLz4KICAgICAgPGxpbmUgY2xhc3M9ImNscy0xIiB4MT0iMjQuOTkiIHkxPSIyLjc0IiB4Mj0iMjQuOTkiLz4KICAgICAgPGxpbmUgY2xhc3M9ImNscy0xIiB4MT0iMTYuMDgiIHkxPSIyLjc0IiB4Mj0iMTYuMDgiLz4KICAgICAgPGxpbmUgY2xhc3M9ImNscy0xIiB4MT0iNDQuNjMiIHkxPSIxNi45OCIgeDI9IjQ0LjYzIiB5Mj0iMTQuMjQiLz4KICAgICAgPGxpbmUgY2xhc3M9ImNscy0xIiB4MT0iNDkuNDkiIHkxPSIyLjc0IiB4Mj0iNDkuNDkiLz4KICAgICAgPGxpbmUgY2xhc3M9ImNscy00IiB4MT0iNDAuODgiIHkxPSIxNi45OCIgeDI9IjQwLjg4IiB5Mj0iMTQuMjQiLz4KICAgICAgPGxpbmUgY2xhc3M9ImNscy00IiB4MT0iMzIuMzMiIHkxPSIxNi45OCIgeDI9IjMyLjMzIiB5Mj0iMTQuMjQiLz4KICAgICAgPGxpbmUgY2xhc3M9ImNscy00IiB4MT0iMjMuNzkiIHkxPSIxNi45OCIgeDI9IjIzLjc5IiB5Mj0iMTQuMjQiLz4KICAgICAgPGxpbmUgY2xhc3M9ImNscy00IiB4MT0iMjAuNTkiIHkxPSIyLjc0IiB4Mj0iMjAuNTkiLz4KICAgICAgPGxpbmUgY2xhc3M9ImNscy00IiB4MT0iMjkuMTMiIHkxPSIyLjc0IiB4Mj0iMjkuMTMiLz4KICAgICAgPGxpbmUgY2xhc3M9ImNscy00IiB4MT0iMzcuMTYiIHkxPSIyLjc0IiB4Mj0iMzcuMTYiLz4KICAgICAgPGxpbmUgY2xhc3M9ImNscy00IiB4MT0iNDUuNzEiIHkxPSIyLjc0IiB4Mj0iNDUuNzEiLz4KICAgIDwvZz4KICA8L2c+Cjwvc3ZnPg==\" alt=\"S\u0131cakl\u0131k\" width=\"100\" title=\"\"><\/div>\n<div class=\"temp-values\">\n<div>-5\u00b0C \/ +60\u00b0C<\/div>\n<div>-23\u00b0F \/ +140\u00b0F<\/div>\n<\/div>\n<\/div>\n<div class=\"marking-section\">\n<div class=\"detail-row\">\n<div class=\"detail-label\">Branding<\/div>\n<div class=\"detail-value\">: Inkjet<\/div>\n<\/div>\n<p><img decoding=\"async\" class=\"marking-image\" src=\"data:image\/png;base64,iVBORw0KGgoAAAANSUhEUgAABf0AAAAzCAYAAAAtgKJ6AAAACXBIWXMAACE3AAAhNwEzWJ96AAAYtElEQVR4nO3dX2hc55nH8V9Lu8ypadBRSOhMdFFpShtZgiJpRBwhxVQgLajYBrsrZWu2MesFx7gXXteEbdfQDV3SpbQhN8EJ1NRZ8K4t4rCWiS4k0NJIqCkaS+yiscLSkW7cM6ELOupCd4a46e7F6D06MzrzTzPSaKTv5yaxdP4852jmSPO87\/s8n\/nXO+9+WdKXBQAAAAAAAAAAGtrnJJ2T9MM6xwEAAAAAAAAAAKr02XoHAAAAAAAAAAAAaoOkPwAAAAAAAAAABwRJfwAAAAAAAAAADojPVbX3\/\/1Jy\/\/5HzUKpTZaWlrU9ORTkiS7qUmzv\/x373vdPTF98sdP6xUaAAAAAAAAAAC7asdJ\/yNHvqCf\/fg1PXr0qJbxVO25Y8d04vS3JEmf\/7PP6\/atW973WtuiOvLFJ+oVGgAAAAAAAAAAu2rH5X2OHDmy7xL+AAAAAAAAAAAcZtWV98nz3LFjtTzcjrQfPVrvEAAAB8DaalJSdpUYAAAAAABAo6hZ0v\/c+b\/RV772bK0OBwDYRZl0WnfH7+jM6JhCllXvcPadDdfVjbeuK2RZuvbqj+odTkVmpqcUjkTU3tFZ71AAAAAAAEAd1CzpH45Eqj7G008\/VYNIpN\/97r9rchwAOKjm52a1kljW5H1Lp0fH6h3OvvMwsSyp8Wb5rySWNTM9JdtuJukPAAAAAMAhVdPyPtW68dZ1\/frDD6s6hr+RL7JuvH1dknT+wsWi281MT2ltNalwOKKRk6cCt3lv\/I5cd13tHZ3q6x9QynE0ef+ebLu5ZOJwJbGs+bnZbcc3xyiktS2qvv6BsmYjT07cUyrlaHBouKJkndlv5MSpggNYhe6j2TdfKGTpaEenumKxsuMoFV8Q227W4NCwmmw75+vmvhb7eS7F41p8sKDunt6axInGkEmnNT83K0nbXjcHQS1e12vJbGmfow2WOA9HnlHIsuS661qKx3lfAwAAAAAkZXN6i\/EFDQ4Na3BouN7hVCyTTuvG29fluq7OjI413ES3vY5\/XyX9sTtM8qqUcCSSTfwnk+obeGFbMnDDdbUYX5Ak7+GQyaS1lkxqTcnAxLPfYjweGIs5RrH4VxLLunT5SslrMInMlfByRUn\/VMrRWjKpTCZdNI5i+wbJDnR8oPMXLlZVQqXYOdaU1MPEss5fuJgzYFHqvkqS665rLZlsuNnMqM783Kwy6bQ3YNSINlxXrruuUMjaNlBXi9e1V88\/2ljvjSbbVl\/\/gGampzQzPUXSHwAAAAAgSV5Obykeb8hcQCrlKOVkJ8SuJBINl\/Tf6\/g\/u6tHR0Np7+iUbTdL2ipt4WceDrbdHJhMC9rHyKTTWiny\/VJSjqOZ6ami2\/iPv5JI7PhctZZyHN0dv7Or58ik0\/qXd27u6jlwcCzF45LUkL\/kjcX4gm68db3oKqGdSjmONyjSiCsh+voHJGUHP6p57gIAAAAADo7uWK8kqSsWU8rZSkA3inA4onAkopBlqb2jQ2urSW24br3DKttex1+zmf4px1HfQGUzIjfcDX3y+HHg97p7evTVZytvDNzS0lLxPtjS3tGh+blZLcUXvMSRYRKFzw8MBO0auI9RThK+NRrdVjrHLH1JOU7JkUj\/rHbXXdeG6+5pwu78yxdzBkM2XFe33vmFUo6jlcSyUo5Tde+L\/HNI2VnbkxP3vARfo410Ym+lHEeuuy4p+37Hdo06y98IWZa6Y71ajC805OwHAAAAAEDtnR4d0+nRMaUcR2++8bokaeTkqYK5vP0mZFleFZD5uVlNbk5+vXT5Sk16ze62vY6\/Zkn\/mzd+rps3fl7RPt09Pfqrvz6vP\/zhf7d976vPPqvOr3fVKjyUqW\/gBc3PzXojfuZF508UFqpxnXKcgon2YqsAiglZlgaHhnXrnZslE\/kmUReORJRyHD1MLNf1wdVk2zp\/4aJ++k+vKZNOaym+oHCB2vrV6Osf0FJ8QSknWwKIBB+KMTO\/2zs6qyo5dZBt3aPGHRRp7+jQYnyh7PJuAAAAAIDD4WPfDP9MunCZ6\/0s5xqKlOrer\/Yi\/rqW91l88ED\/8\/vf1zME5GmybW9269JmOR9J+tVmrfz2js6is+eDkvvVlvbxJ7HNwEO+DddVynEUsiz19b8gqfxeBrspZFnq7snW1C7UiLcWzD3azXMcdpl0uuDSN1MOplwbrltwCZcZvNotlcxir1WcZkCwEpXe01Iqidc8O2rR66LYPQw892qy4usOujbzTDCDpQAAAAAASNnyPoNDw+qO9ao71quZ6SmvR2ajGDlxUt2xXg0ODSsUsjQzPdVQ5W33Iv4dz\/TfcDfU3dOjxQcPqgogk07ryBc\/v+3r\/\/XRRzs6XktLi5qefKqqmA677p7ezea5CY1szkw3yfzuEk0hg0r8mNI+IcvatRFEf5LOJDN3O3lartZo1Fs9gcZx4+3rWksmdf7li9pYd3V3\/Lak7OvYNE32l5+SsonWM6Nj22bQX3vlqiTpH3\/yU703fsfrjxGORLwmzynH0Y23r3vvkcGh4V2puW9iDUpo1zrO+blZzUxPedvadrNGTp7cthplbTWpG29dV2s0qrPfOVfynpqfjZR971975Wpg6StzvZXcV\/+KIXPOn\/34Nbnuus6MvritMa5pmNve0amzL53zvr6SWNbkxIQ3UGnbzfr2S+cCl+xl0mlN3p\/w7reUfW6MnDi1bXtzvsGhYbV3dHrXFrIsffPEqZz4zKqnlPPbhuxNAAAAAADYHeZzsf+zf2tbtCHK5EjZ3Mzp0TFJW5\/ZQ5ala682RvWLvYh\/x0n\/Tx4\/1l\/85Vn9+cg3K9rv00\/\/qJ+89lrJ7RYfPNjRgMJzx47pxOlvVbwftrR3dChkWXLddW\/WqUkqFSods5Vc2l7ixwwYHO3ozElqlcufLA+FgsuRmHO0RqNqsm0vnrXVZE1m61bDJA4bdcnUYbeyvJwz4m0S\/Vf\/7gc5yWkpm+idmba9wbJ8kxP3ct4DKcfRrX++qTOjL+YkpqVscjccidS0XJN5L0sq+ou8FnGaXhN+rruuW+\/cLJiglxR4Tyfvb\/0yrMSG6wbGa9vN25L33vmWN58lvvhMr5O11eS2\/YJWTqwklnUrr7G26657rxv\/AEb+wJF33GQycPtC15ZJp7fFF4484z2XKfsFAAAAAMh3ECaINTXbBSuDNILdir+qmv6f\/ulPOvLFJyra5+mnmYW\/34Usy0vQL8XjSm8mlUyZmkL7tHd0aiWxnFNL31\/ax9SYrtTM9JR3jkKJSi\/xtpmoa22LejXu65303wvmHofDjTEi20jm52Zl281eZ3VTdsYkats7OmVZlh4mlpVJpzU\/N5tdnhWQqJ2fm1U4ElFrW1QriUR2YC2Z1K13fiFJ6o71Ku17z5gZ5LViyj+VquVfbZyZdDrnfXu0ozNn+\/fu3NH3vv+Dbec1s\/fz7+lifEGDQ8PeHyPhcEQb6643Eh6ORAIHBBfjC5slvwbkum5OvIWS\/uZZ0t65dT1mtU5QyTDzNX+vk8mJCe\/a+\/oHstfwIJ7z+jCy8WeT892xXjXZtreduY9Bg0hB15a\/guEg\/PEGAAAAAIfF5MQ9pVKOunt61d7Robvjd5TJpDVyIvuZcPL+PYVCls6+dE4riewExXA4opGTp7QUj2vxwYLaOzrV1z+gmekpra0mA49lWZbe35ykd2Z0TLbdrC9FIvrYcTR5\/55a26I7qjyQSacLxnxmdEwriYQWHyx4x\/fH2BWLedc\/ODSs1raobr1zs+CxUiknOwkxHNHZ75zTSiKh1mjUO0Zf\/0DF+ZRGjz9fzRr51lpLS4ueaWmpeL\/2o0d3IZrD5\/n+AS3GF7ykm5Rt8lvM0c2kv7\/EjyntU07TUFOGw88k9szxC+1nViKYQQGTpAtKhBUzOXGv4ZqbzkxPbZVsKaNOOypj2826dPlvvdeFKS2TcpycLvfPOwN6843XJWUTx0EPZ38JmMGhYa\/Jc8pxcrq1m1ny\/td2LZVarldtnP669KYUkiQtxeO6O35brrue0yjcr+A9TW7NYh85eUohy\/JWGZy\/cLHgtXz38hUv+W3iLdQU3N+3IXemf259fLOfGSCw7Wbva\/6m5\/5rD0ee0d3x21qKx7c9k06PjuUMakjyrq9YmTL\/8ctpcg4AAAAA2L\/8VQaamm1v4tpKYtmb2CplP+OZiWnZz8q9ev\/+vewK8GTSS\/pL2c+o+cfy\/3d+LuJ9RjWrydeSyR0l\/VMpZ9vxTcyp1EBOjCZpbmL8UiTiXf+MsiVt\/RP3wpFIzrFmpqe862\/v7FRXLKaU4+Tcw0qT5o0ef759m\/TvP35cnV\/vqncYh1Y4EpFtN3vJq3AkUnLWqCkL5C\/x4y\/tU4p54wSx7WaNnDgZ+L2VgHOYhF2lSdP9Xnf\/xlvXC34vOxv9cJfwKFW6Rcr+clxLJr1Z1aV0xWI5rx\/T8yL7\/7n10\/1lroJ+Fn0DW\/0u\/CtqzL5b54h5pXFSKWfPV6tUG6d\/EMq\/fVcsppnpKbnuuj4ukPT39wQJRyJqjUa1lkzuaKmbKfflP7aJ13XXt\/38izU5NnH4VzJ5vUTySvtI2V\/O+df+\/v3CAw75\/27v6MwZ0AuKx3\/8oNdyazQqTQfuDgAAAADYZ0xOIRzO5uRMb0zzWXwlsayQZcm2mxUOZ5PI5nvdPTFv1b7\/WN09sW3HClmW91nR\/3k2\/xiVyj+PYWIuFqM\/p5J\/\/f7+ouZYrW3Zz+ghy\/KqXuQf47DFn2\/fJv1Rf88PbCXI+vqLz\/KXcpODDxPL6u6J5ZT2MaVFKmWaexZK3OeX9jGxmDfKSiJRNAl8EIQsS9\/2NRE9rGamp9QajRZP+ieT3nblJP3zf9k1NefOxvYrNbiU\/9A256\/0OLutVnEGDVaYWnVBSfygPyzMHzI7EXR+81wI4l+ZlK+9o9MbhfeS\/gHPHv95gr5mBjBKvfZK\/ZFFKS8AAAAAOFguXb6SM3H12qs\/2vZv8\/8jJ0\/llBbO\/3c5x5Kyn4OvvXXVW0VfqFxxOZpsu6KY82Os5PoHh4a9yZymGXF3rHfbMQ5T\/PlI+qMg\/yze9o6OsvYxdfuX4guyNmtsl1PaR8om9\/1lOt5843WlHMcbHQviXx2QPzvXq+sf0HyzkGINRq+9crWsY5RrZnrKWwqUb3BoOHAplTci6\/9aOFLVQxnF1fK+NsrPqF5xBp231rEUO573LAl4Bpiv+UvlFHr2SNlSRvlldQoNNqytJjU\/O+sNkpajUV5LAAAAAIDyFZtsV2oiXiX\/Nv+\/+CDbezPlODWrNLDbMRtmMp3pH7oYX9Dp0bGqPy83evxGyaT\/bz56qJWHD2tyskrM\/fKXO5rd2X70qL7ybHBd\/3+7+66eeKKyxsPGwPHjanrycDUhLvbCLMQk+LN1qD6QVF5pnyB9\/S\/o7vhtLcYXNHLiZGAM\/qRafpNg13Wz2+xwlvB+NHLyVMUPYFNb\/aAys\/bz78tKYlmu66qvf2BzxcdyTukYKVsH3Yym0vT0cNtwcxsD5\/OXPEs5jjKZ7PvKX8\/fr9BqBkk5DcY3XLdo2a5qHKRnHwAAAACgdkzteJMzCUcie15auBqZdNortWPq6++kD0G97EX8JZP+Kw8f6tcffljTk\/oVSiY\/evRIjx492tExCyX9qxm8aI1GD13Sf6dMiZ9qm8uaHgGZdFqLD+LbErbSVjkOSQVnzRdrGroXTNI9\/7Vu280F741tN9fs\/MX6FByEBp8z01PS9NY921h39bMfvybXXVc4ElFf\/4BWEsveygqznWmaIpXXs+Ig2Vh36x3CvlNslr\/RGo3Kja\/nzMgv9B4OGogK2sc8t0KWte0ZV+iZVqlG+sMNAAAAALC7luJxr7LHyMlTXqmfRjJ5f8Kb\/Hvp8pWGSvhLexN\/Xcv7HP\/GN2RZX9Anjx\/XMwzUmCnxI1WXTPX3CPjV7Gxg0r\/cmaxrq8m6Jf39iWW\/rlhsV3sNhEJbgwxBjUOlreRvo5YK2XBddcd6tRhf8GZV+2dXhyPPSMoOCJhZ2ub75udSrHzUQWPqwO+kKe5ONNIqk3Kajre2RbUYX8gZLCuY2G+LlvVL2\/wszoyObeslUG3Sf8NlcAcAAAAAUJgVavx8iNXgOZ3dir9k0n\/g+PEdz9QuJhyOKPxMS07Cvxbnamlp8f7\/8SeP9eLZs1Udz\/ja156tyXEOA1PiJ5NOqyvWW9WxumIxL6G7tprMSbCZchySdPal4Ea\/S\/G4FuMLgaVd9oJZpSDtfeNNU\/8\/k05rMb6wLQG5tpr07l+jzgRusm2dHh3T4NCw7o7f9hL53bHenJJQZoBlKR7X3fHbkrIDHWdfOtew174T\/vfIXqx+CVpJYlae1GsQrhCvKW+R30Gmt4l\/sDG\/34m5xyuJ5YpG6ndj4Mm8v\/fbvQYAAAAA7L2Z6SltuK6e7x\/QmdEXJWlXJ6PWWiad1uT9CYVCIQ0ODetLkUhDVW7Y6\/hLJv2bnnxq18ra5M\/wr\/W53I0NdX69q2bHQ\/nMDP2d1vM3Wtui3gztpXg8J0FrZubadvO2GbJ+i\/GFutS2XltNanLinjfbudoBkJ0wP4eZ6amc8iFrq0ndeuempOz9a\/SkYCgUyiljZGqz5\/PPcG+kWei11BqNai2Z1Me7mPRvjUal6WyCfyke9\/6I8L8fzCqM\/SDlOMqk0wXr8xum3r9\/4CL\/dWaeUfnXvuG6ujt+WyMnTgXe9411V2rz\/bsGs\/TNc6+phuXCAAAAAACNZ2016a0mT6fTOvvSufoGtAPzc7NeZZGm5ua6TO6txl7HX9fyPthb1165WvB7rdGozl+4WLNznR4d0+nRsZocqysW08z01LaGviahlT\/T1s8\/SLCSWC46OFCtYs04+\/oH6pJYHxwa9h4okxP3vJptfs8PNNZDMsj83Kwy6bS6Y73ZVSHJZE7CVdpqkiJJZ0Zf1N3x23rvzh197\/s\/qFfYdREOR7SWTGptNblrI\/r+wbq747c1P\/eBMunM1sqSaLTqkWzTm2EtmdS1V67q\/MsXd7xqo5xZ\/kZrW3SrX0nA+cKRiDewcnf89uaA29ag1Hvjt3Xp8pWt7Td\/Hu\/fv6eU81vv+bYUj+\/oWvKvqVBjYgAAAADA4eHvHdmonxEb\/Rr2Ov7P7voZgCp1+2bI+xv3mmaapRJ15vv1mO0vZcsd1auhSJNte0u2gnTHehtuZDTI\/NysQpalwaFh717Pz32Qs83ig7gy6bT6+gfUFYtlm7K6uU1ZDwPzfni4y9d9emxr0C\/lOF7CP2RZGjlxqurjt0ajNSuJY14DxQYQjfbOrYHDQs+ekROnvNhMI3Gjr\/+FnG37Bl7wynDNz816DafTmepWophBg2pXWwEAAAAAGl+Tbevq9\/9e51++2HBNb42uWEyXLl\/RpctXGrJU817HX3Km\/28+eqiVhw93PZD9rv3oUX3l2aP1DmNHypm9WqjefKl9QyFLrdFoWfXqC21b6hhNtu3N4E45v1WXYko5jhdbqTdKd0\/psjrm3KEiDUwK3YtCcdt2cza5XIM3cjnxFdIVi6mp2db87KyX3AxHIurrf6GharcV880Tp+S662qybTXZ9mZiP\/fn3t0Ty6mzfmb0Rc1MTxVc\/VHonpvXa7F97LxyKoW2t+3mgq99s89OfubF+Htu5K+GqGWcrW1RnX\/5ove6C1mW19w2f0S72DPAnDv\/nmYHtMa81Rv+8xfaRwr+uZoBwXLeq\/5tCm0fjkT03ctXNDM9pYeJZWXSabV3dKpvYGDbPk22rfMXLmpmekprq0lv28GhYU3e374yp9i1GZl02hvUKWcgAwAAAABw8JmcSSNrxBn+fnsZ\/2f+9c67\/yDph4U2uP\/eu\/r1hx\/uWUD71XPHjunE6W\/VOwwAqNrkxD3Nz83KtpsPXXmjfGurSd1467rCkUhO2Z1CUo6jN994vezt62F+blaTE\/cUsixde\/VH9Q4HAAAAAADsMcr7AMAh0zeQLTFjGmQfZivLm2XCylyR49X\/36dLCTPptNec6SCU7gIAAAAAAJUrWd5n4PjxssrDHHQtLS31DgEAasKUzFqML2jxwcKBKfO0EyaJ76\/VX0gmndavZmfL3r4eTImgkGWR9AcAAAAA4JAqmfRvevIpNT351F7EAgDYIyMnTmotmdTZ75yrdyh1FbKy\/QRKzdw3DXaN\/TrTv72jU92xXrW21a7RMQAAAAAAaCwlk\/4AgIMnZFmHvp6\/JJ2\/cLHiffb7DPrTo2P1DgEAAAAAANQRSX8AAMoQjkTU2hbV4NBwvUMBAAAAAAAoiKQ\/AAAlDA4Nk+wHAAAAAAAN4bP1DgAAAAAAAAAAAAAAAAAAAAAAAAAAAAAAAAAAAAAAAAAAAAAAAAAAAAAAAAAAAAAAAAAAAAAAAAAAAAAAAAAAAAAAAAAAAAAAAAAAAAAAAAAAAAAAAAAAAAAAAAAAAAAAAAAAAAAAAAAAAAAADoD\/B2DIyE5VdJAnAAAAAElFTkSuQmCC\" alt=\"Markalama G\u00f6rseli\" title=\"\"><\/p>\n<\/div>\n<div>\n<table style=\"width: 100%;\" cellspacing=\"0\" cellpadding=\"0\">\n<tbody>\n<tr>\n<td style=\"width: 120px; font-weight: bold;\">Norm<\/td>\n<td style=\"width: 400px; text-align: left;\">ISO 1307<\/td>\n<td style=\"width: 120px; font-weight: bold;\">Colour<\/td>\n<td style=\"width: 400px;\">\n<div class=\"color-icons\"><img decoding=\"async\" src=\"data:image\/svg+xml;base64,PHN2ZyB2aWV3Qm94PSIwIDAgMTAwIDEwMCIgeG1sbnM9Imh0dHA6Ly93d3cudzMub3JnLzIwMDAvc3ZnIj4KICA8Y2lyY2xlIGN4PSI1MCIgY3k9IjUwIiByPSI0OSIgZmlsbD0iIzNGQTY0OCIgc3Ryb2tlPSJibGFjayIgc3Ryb2tlLXdpZHRoPSIwLjUiLz4KICA8Y2lyY2xlIGN4PSI1MCIgY3k9IjUwIiByPSIzOCIgZmlsbD0id2hpdGUiIHN0cm9rZT0iYmxhY2siIHN0cm9rZS13aWR0aD0iMC41Ii8+CiAgPGNpcmNsZSBjeD0iNTAiIGN5PSI1MCIgcj0iMzMiIGZpbGw9IiNGRkQ3MDAiIHN0cm9rZT0iYmxhY2siIHN0cm9rZS13aWR0aD0iMC41Ii8+CiAgPGNpcmNsZSBjeD0iNTAiIGN5PSI1MCIgcj0iMjIiIGZpbGw9IndoaXRlIiBzdHJva2U9ImJsYWNrIiBzdHJva2Utd2lkdGg9IjAuNSIvPgo8L3N2Zz4=\" alt=\"\" title=\"\"><br \/>\n<img decoding=\"async\" src=\"data:image\/svg+xml;base64,PHN2ZyB2aWV3Qm94PSIwIDAgMTAwIDEwMCIgeG1sbnM9Imh0dHA6Ly93d3cudzMub3JnLzIwMDAvc3ZnIj4KICA8Y2lyY2xlIGN4PSI1MCIgY3k9IjUwIiByPSI0OSIgZmlsbD0iI0EwQTBBMCIgc3Ryb2tlPSJibGFjayIgc3Ryb2tlLXdpZHRoPSIwLjUiLz4KICA8Y2lyY2xlIGN4PSI1MCIgY3k9IjUwIiByPSIzOCIgZmlsbD0id2hpdGUiIHN0cm9rZT0iYmxhY2siIHN0cm9rZS13aWR0aD0iMC41Ii8+CiAgPGNpcmNsZSBjeD0iNTAiIGN5PSI1MCIgcj0iMzMiIGZpbGw9IiNGRkQ3MDAiIHN0cm9rZT0iYmxhY2siIHN0cm9rZS13aWR0aD0iMC41Ii8+CiAgPGNpcmNsZSBjeD0iNTAiIGN5PSI1MCIgcj0iMjIiIGZpbGw9IndoaXRlIiBzdHJva2U9ImJsYWNrIiBzdHJva2Utd2lkdGg9IjAuNSIvPgo8L3N2Zz4=\" alt=\"\" title=\"\"><br \/>\n<img decoding=\"async\" src=\"data:image\/svg+xml;base64,PHN2ZyB2aWV3Qm94PSIwIDAgMTAwIDEwMCIgeG1sbnM9Imh0dHA6Ly93d3cudzMub3JnLzIwMDAvc3ZnIj4KICA8Y2lyY2xlIGN4PSI1MCIgY3k9IjUwIiByPSI0OSIgZmlsbD0iI0U4M0YzRiIgc3Ryb2tlPSJibGFjayIgc3Ryb2tlLXdpZHRoPSIwLjUiLz4KICA8Y2lyY2xlIGN4PSI1MCIgY3k9IjUwIiByPSIzOCIgZmlsbD0id2hpdGUiIHN0cm9rZT0iYmxhY2siIHN0cm9rZS13aWR0aD0iMC41Ii8+CiAgPGNpcmNsZSBjeD0iNTAiIGN5PSI1MCIgcj0iMzMiIGZpbGw9IiNGRkQ3MDAiIHN0cm9rZT0iYmxhY2siIHN0cm9rZS13aWR0aD0iMC41Ii8+CiAgPGNpcmNsZSBjeD0iNTAiIGN5PSI1MCIgcj0iMjIiIGZpbGw9IndoaXRlIiBzdHJva2U9ImJsYWNrIiBzdHJva2Utd2lkdGg9IjAuNSIvPgo8L3N2Zz4=\" alt=\"\" title=\"\"><\/div>\n<\/td>\n<\/tr>\n<\/tbody>\n<\/table>\n<\/div>\n<\/div>\n<\/div>","protected":false},"excerpt":{"rendered":"<p>&nbsp; \u00dcr\u00fcn Ad\u0131: LYMRA HD-PU \u00dcr\u00fcn Kodu: TSA80 A\u011f\u0131r Hizmet Anti-A\u015f\u0131nd\u0131r\u0131c\u0131 Al\u0131c\u0131 ve Verici PU KAPLAMA Kullanim Alan\u0131 : End\u00fcstriyel ve in\u015faat uygulamalar\u0131nda su, bulama\u00e7, toz ve \u00e7ak\u0131l gibi malzemelerin a\u011f\u0131r hizmet tipi emi\u015f ve transferi i\u00e7in kullan\u0131l\u0131r. A\u015f\u0131nd\u0131r\u0131c\u0131 uygulamalara kar\u015f\u0131 m\u00fckemmel diren\u00e7 g\u00f6sterir. Takviye Katman\u0131 : G\u00fc\u00e7l\u00fc, Esnek Plastikle\u015ftirilmi\u015f PVC, \u0130\u00e7 Katmanda A\u015f\u0131nmaya Dayan\u0131kl\u0131 [&#8230;]\n","protected":false},"featured_media":22295,"comment_status":"open","ping_status":"closed","template":"","meta":{"jetpack_post_was_ever_published":false},"product_brand":[],"product_cat":[2360],"product_tag":[],"class_list":{"0":"post-21434","1":"product","2":"type-product","3":"status-publish","4":"has-post-thumbnail","6":"product_cat-sel_asinmaya_dayanikli_hortumlar","8":"first","9":"instock","10":"taxable","11":"shipping-taxable","12":"product-type-simple"},"jetpack-related-posts":[{"id":21812,"url":"https:\/\/tuzlahortum.com.tr\/en\/product\/herakles-hd\/","url_meta":{"origin":21434,"position":0},"title":"HERAKLES HD","author":"admin","date":"11 August 2025","format":false,"excerpt":"\u00a0 \u00dcr\u00fcn Ad\u0131: HERAKLES HD \u00dcr\u00fcn Kodu: TSG10 A\u011f\u0131r Hizmet Al\u0131c\u0131 ve Verici Kullanim Alan\u0131 : Tar\u0131m, sanayi uygulamalar\u0131 ve in\u015faatlarda su, tuzlu su, hafif kimyasallar, s\u0131v\u0131lar vb. i\u00e7in a\u011f\u0131r hizmet tipi emme ve iletim. Alt Katman : G\u00fc\u00e7l\u00fc, Esnek ve P\u00fcr\u00fczs\u00fcz Plastikle\u015ftirilmi\u015f PVC. Takviye Katman\u0131 : Darbeye Dayan\u0131kl\u0131 PVC\u2026","rel":"","context":"Similar post","block_context":{"text":"Similar post","link":""},"img":{"alt_text":"","src":"https:\/\/i0.wp.com\/tuzlahortum.com.tr\/wp-content\/uploads\/2025\/08\/PVC_18.png?fit=441%2C441&ssl=1&resize=350%2C200","width":350,"height":200},"classes":[]},{"id":21497,"url":"https:\/\/tuzlahortum.com.tr\/en\/product\/white-hd\/","url_meta":{"origin":21434,"position":1},"title":"WHITE HD","author":"admin","date":"11 August 2025","format":false,"excerpt":"\u00a0 \u00dcr\u00fcn Ad\u0131: WHITE HD \u00dcr\u00fcn Kodu: ABFHD249 A\u011f\u0131r Hizmet G\u0131da Teslimat\u0131 Kullanim Alan\u0131 : Toplu A\u015f\u0131nd\u0131r\u0131c\u0131 \u00dcr\u00fcnlerin (\u015eeker, Un, S\u00fct Tozu, Gran\u00fcller vb.) Bo\u015falt\u0131lmas\u0131 \u0130\u00e7in. Alt Katman : Beyaz Renk, Toksik Olmayan A\u015f\u0131nmaya Dayan\u0131kl\u0131 Do\u011fal Kau\u00e7uk. Takviye Katman\u0131 : Y\u00fcksek Mukavemetli Sentetik Tekstil ve Antistatik Bak\u0131r Tel. \u00dcst Katman\u2026","rel":"","context":"Similar post","block_context":{"text":"Similar post","link":""},"img":{"alt_text":"","src":"https:\/\/i0.wp.com\/tuzlahortum.com.tr\/wp-content\/uploads\/2025\/08\/whitehd-p.png?fit=554%2C554&ssl=1&resize=350%2C200","width":350,"height":200,"srcset":"https:\/\/i0.wp.com\/tuzlahortum.com.tr\/wp-content\/uploads\/2025\/08\/whitehd-p.png?fit=554%2C554&ssl=1&resize=350%2C200 1x, https:\/\/i0.wp.com\/tuzlahortum.com.tr\/wp-content\/uploads\/2025\/08\/whitehd-p.png?fit=554%2C554&ssl=1&resize=525%2C300 1.5x"},"classes":[]},{"id":21956,"url":"https:\/\/tuzlahortum.com.tr\/en\/product\/olympos-hd-oil\/","url_meta":{"origin":21434,"position":2},"title":"OLYMPOS HD-OIL","author":"admin","date":"11 August 2025","format":false,"excerpt":"\u00a0 \u00dcr\u00fcn Ad\u0131: OLYMPOS HD-OIL \u00dcr\u00fcn Kodu: TBO42 A\u011f\u0131r Hizmet \u00d6rg\u00fcl\u00fc PVC Ya\u011f Kullanim Alan\u0131 : End\u00fcstriyel ya\u011flar ve yak\u0131tlar\u0131n a\u011f\u0131r hizmet teslimat\u0131 i\u00e7in. Alt Katman : \u015eeffaf PVC. Takviye Katman\u0131 : Y\u00fcksek Mukavemetli Sentetik Tekstil. \u00dcst Katman : A\u015f\u0131nmaya, Ozona ve Hava Ko\u015fullar\u0131na Dayan\u0131kl\u0131, Kullan\u0131m S\u0131ras\u0131nda Kolay \u0130nceleme \u0130mkan\u0131\u2026","rel":"","context":"Similar post","block_context":{"text":"Similar post","link":""},"img":{"alt_text":"","src":"https:\/\/i0.wp.com\/tuzlahortum.com.tr\/wp-content\/uploads\/2025\/08\/PVC_78.png?fit=446%2C446&ssl=1&resize=350%2C200","width":350,"height":200},"classes":[]},{"id":21893,"url":"https:\/\/tuzlahortum.com.tr\/en\/product\/urartu-pu-ld\/","url_meta":{"origin":21434,"position":3},"title":"URARTU PU-LD","author":"admin","date":"11 August 2025","format":false,"excerpt":"\u00a0 \u00dcr\u00fcn Ad\u0131: URARTU PU-LD \u00dcr\u00fcn Kodu: TSV64 Hafif Hizmet Hava Al\u0131c\u0131\/Verici Kullanim Alan\u0131 : End\u00fcstriyel Havaland\u0131rma ve Hava Ak\u0131\u015f\u0131 Sistemleri; Toz, Hava, Gazlar, Tozlar vb. Emme. Alt Katman : Ester Tabanl\u0131 PU. Takviye Katman\u0131 : Darbeye Dayan\u0131kl\u0131 PVC Spiral. \u00dcst Katman : Ezilmeye, Kimyasal Maddelere, A\u015f\u0131nmaya ve Hava Ko\u015fullar\u0131na\u2026","rel":"","context":"Similar post","block_context":{"text":"Similar post","link":""},"img":{"alt_text":"","src":"https:\/\/i0.wp.com\/tuzlahortum.com.tr\/wp-content\/uploads\/2025\/08\/PVC_52.png?fit=441%2C441&ssl=1&resize=350%2C200","width":350,"height":200},"classes":[]},{"id":21896,"url":"https:\/\/tuzlahortum.com.tr\/en\/product\/urartu-pu-st\/","url_meta":{"origin":21434,"position":4},"title":"URARTU PU-ST","author":"admin","date":"11 August 2025","format":false,"excerpt":"\u00a0 \u00dcr\u00fcn Ad\u0131: URARTU PU-ST \u00dcr\u00fcn Kodu: TSV65 Standart Hizmet A\u015f\u0131nmaya Dayan\u0131kl\u0131 Havaland\u0131rma Kullanim Alan\u0131 : End\u00fcstriyel Havaland\u0131rma ve Hava Ak\u0131\u015f\u0131 Sistemleri; Toz, Hava, Gazlar, Tozlar vb. Emme. Alt Katman : Ester Tabanl\u0131 PU. Takviye Katman\u0131 : Darbeye Dayan\u0131kl\u0131 PVC Spiral. \u00dcst Katman : Ezilmeye, Kimyasal Maddelere, A\u015f\u0131nmaya ve Hava\u2026","rel":"","context":"Similar post","block_context":{"text":"Similar post","link":""},"img":{"alt_text":"","src":"https:\/\/i0.wp.com\/tuzlahortum.com.tr\/wp-content\/uploads\/2025\/08\/PVC_53.png?fit=442%2C442&ssl=1&resize=350%2C200","width":350,"height":200},"classes":[]},{"id":11947,"url":"https:\/\/tuzlahortum.com.tr\/en\/product\/antistatik-granul-hortum\/","url_meta":{"origin":21434,"position":5},"title":"Antistatic Granule Hose","author":"\u0130smail \u00c7elik","date":"17 June 2020","format":false,"excerpt":"Antistatik Gran\u00fcl Hortumu Antistatik Gran\u00fcl Hortumu PVC takviyeli, i\u00e7 y\u00fczeyi d\u00fcz ve PU (poli\u00fcretan) tabakadan mam\u00fcl, PVC spirallerin d\u0131\u015f\u0131 bak\u0131r tel ile sarg\u0131l\u0131 oldu\u011fundan antistatik \u00f6zellikli bir yap\u0131ya sahiptir. Bu \u00f6zellikleri sayesinde, a\u015f\u0131nmaya, kesilmeye, atmosferik partik\u00fcllere ve mikroorganizmalara kar\u015f\u0131 son derece diren\u00e7lidir. Gran\u00fcllerin, a\u015f\u0131nd\u0131r\u0131c\u0131 maddelerin, tozlar\u0131n, tah\u0131l ve kuru g\u0131da\u2026","rel":"","context":"Similar post","block_context":{"text":"Similar post","link":""},"img":{"alt_text":"","src":"https:\/\/i0.wp.com\/tuzlahortum.com.tr\/wp-content\/uploads\/2020\/06\/GRAN%C3%9CL-HORTUM-ANT%C4%B0STAT%C4%B0K.jpg?fit=791%2C361&ssl=1&resize=350%2C200","width":350,"height":200,"srcset":"https:\/\/i0.wp.com\/tuzlahortum.com.tr\/wp-content\/uploads\/2020\/06\/GRAN%C3%9CL-HORTUM-ANT%C4%B0STAT%C4%B0K.jpg?fit=791%2C361&ssl=1&resize=350%2C200 1x, https:\/\/i0.wp.com\/tuzlahortum.com.tr\/wp-content\/uploads\/2020\/06\/GRAN%C3%9CL-HORTUM-ANT%C4%B0STAT%C4%B0K.jpg?fit=791%2C361&ssl=1&resize=525%2C300 1.5x, https:\/\/i0.wp.com\/tuzlahortum.com.tr\/wp-content\/uploads\/2020\/06\/GRAN%C3%9CL-HORTUM-ANT%C4%B0STAT%C4%B0K.jpg?fit=791%2C361&ssl=1&resize=700%2C400 2x"},"classes":[]}],"jetpack_sharing_enabled":true,"jetpack_likes_enabled":true,"_links":{"self":[{"href":"https:\/\/tuzlahortum.com.tr\/en\/wp-json\/wp\/v2\/product\/21434","targetHints":{"allow":["GET"]}}],"collection":[{"href":"https:\/\/tuzlahortum.com.tr\/en\/wp-json\/wp\/v2\/product"}],"about":[{"href":"https:\/\/tuzlahortum.com.tr\/en\/wp-json\/wp\/v2\/types\/product"}],"replies":[{"embeddable":true,"href":"https:\/\/tuzlahortum.com.tr\/en\/wp-json\/wp\/v2\/comments?post=21434"}],"wp:featuredmedia":[{"embeddable":true,"href":"https:\/\/tuzlahortum.com.tr\/en\/wp-json\/wp\/v2\/media\/22295"}],"wp:attachment":[{"href":"https:\/\/tuzlahortum.com.tr\/en\/wp-json\/wp\/v2\/media?parent=21434"}],"wp:term":[{"taxonomy":"product_brand","embeddable":true,"href":"https:\/\/tuzlahortum.com.tr\/en\/wp-json\/wp\/v2\/product_brand?post=21434"},{"taxonomy":"product_cat","embeddable":true,"href":"https:\/\/tuzlahortum.com.tr\/en\/wp-json\/wp\/v2\/product_cat?post=21434"},{"taxonomy":"product_tag","embeddable":true,"href":"https:\/\/tuzlahortum.com.tr\/en\/wp-json\/wp\/v2\/product_tag?post=21434"}],"curies":[{"name":"wp","href":"https:\/\/api.w.org\/{rel}","templated":true}]}}