{"id":21410,"date":"2025-08-11T10:57:20","date_gmt":"2025-08-11T07:57:20","guid":{"rendered":"https:\/\/tuzlahortum.com.tr\/urun\/cimento-sd-10\/"},"modified":"2025-08-20T15:50:39","modified_gmt":"2025-08-20T12:50:39","slug":"cimento-sd-10","status":"publish","type":"product","link":"https:\/\/tuzlahortum.com.tr\/en\/product\/cimento-sd-10\/","title":{"rendered":"CIMENTO SD-10"},"content":{"rendered":"<p>&nbsp;<\/p>\n<div class=\"report-container\">\n<div class=\"report-header\">\n<div class=\"standard-text\">Product Name: CIMENTO SD-10<\/div>\n<div class=\"standard-text\">Product Code: ABCSD741<\/div>\n<\/div>\n<div class=\"product-image-container\">\n<div class=\"key-feature\">Cement Receiver\/Transmitter 10 Bar<\/div>\n<\/div>\n<div class=\"horizontal-line\"><\/div>\n<div class=\"product-details\">\n<div class=\"detail-row\">\n<div class=\"detail-label\">Area of Use<\/div>\n<div class=\"detail-value\">: For suction and discharge of dry bulk materials, sand, gravel, dry cement, etc.<\/div>\n<\/div>\n<div class=\"detail-row\">\n<div class=\"detail-label\">Substrate<\/div>\n<div class=\"detail-value\">: Abrasion Resistant Antistatic Natural Rubber.<\/div>\n<\/div>\n<div class=\"detail-row\">\n<div class=\"detail-label\">Reinforcement Layer<\/div>\n<div class=\"detail-value\">: High Strength Synthetic Textiles, Steel Wire Spiral and Antistaic Copper Wire.<\/div>\n<\/div>\n<div class=\"detail-row\">\n<div class=\"detail-label\">Top Layer<\/div>\n<div class=\"detail-value\">: Abrasion, ozone and weather resistant, micro perforated special synthetic rubber.<\/div>\n<\/div>\n<\/div>\n<div class=\"datasheet_table\"><img decoding=\"async\" class=\"alignnone size-full\" src=\"https:\/\/tuzlahortum.com.tr\/wp-content\/uploads\/2025\/08\/datasheet238.svg\" alt=\"\" title=\"\"><\/div>\n<div class=\"table-notes\">Wear loss value: \u2264 60mm\u00b3 according to DIN 53516 standard<\/div>\n<div class=\"horizontal-line\"><\/div>\n<div class=\"footer\">\n<div class=\"standards-section\">\n<div class=\"standard-item\" style=\"margin-top: 9px;\"><\/div>\n<div class=\"standard-info\"><\/div>\n<\/div>\n<div class=\"temperature-section\">\n<div class=\"temp-icon\"><img decoding=\"async\" src=\"data:image\/svg+xml;base64,PD94bWwgdmVyc2lvbj0iMS4wIiBlbmNvZGluZz0iVVRGLTgiPz4KPHN2ZyBpZD0ia2F0bWFuXzIiIGRhdGEtbmFtZT0ia2F0bWFuIDIiIHhtbG5zPSJodHRwOi8vd3d3LnczLm9yZy8yMDAwL3N2ZyIgdmlld0JveD0iMCAwIDcyLjI3IDE2Ljk4Ij4KICA8ZGVmcz4KICAgIDxzdHlsZT4KICAgICAgLmNscy0xIHsKICAgICAgICBzdHJva2Utd2lkdGg6IC41OXB4OwogICAgICB9CgogICAgICAuY2xzLTEsIC5jbHMtMiwgLmNscy0zLCAuY2xzLTQgewogICAgICAgIGZpbGw6IG5vbmU7CiAgICAgICAgc3Ryb2tlLW1pdGVybGltaXQ6IDMuODY7CiAgICAgIH0KCiAgICAgIC5jbHMtMSwgLmNscy0zLCAuY2xzLTQgewogICAgICAgIHN0cm9rZTogI2E3YTlhYjsKICAgICAgfQoKICAgICAgLmNscy01IHsKICAgICAgICBmaWxsOiAjYTdhOWFiOwogICAgICB9CgogICAgICAuY2xzLTIgewogICAgICAgIHN0cm9rZTogI2ZmZjsKICAgICAgfQoKICAgICAgLmNscy0zIHsKICAgICAgICBzdHJva2Utd2lkdGg6IDIuMDZweDsKICAgICAgfQoKICAgICAgLmNscy00IHsKICAgICAgICBzdHJva2Utd2lkdGg6IC4ycHg7CiAgICAgIH0KICAgIDwvc3R5bGU+CiAgPC9kZWZzPgogIDxnIGlkPSJrYXRtYW5fMSIgZGF0YS1uYW1lPSJrYXRtYW4gMSI+CiAgICA8Zz4KICAgICAgPHBhdGggY2xhc3M9ImNscy0zIiBkPSJNMTEuMzQsMTEuNTdjLS45NCwxLjcxLTIuNzEsMi42Ni00LjgsMi42Ni0zLjA1LDAtNS41MS0yLjQ3LTUuNTEtNS41MlMzLjUsMy4xOSw2LjU1LDMuMTljMS45NCwwLDMuNjUsMSw0LjYzLDIuNTIiLz4KICAgICAgPGNpcmNsZSBjbGFzcz0iY2xzLTUiIGN4PSI2LjU1IiBjeT0iOC42NiIgcj0iMi40Ii8+CiAgICAgIDxjaXJjbGUgY2xhc3M9ImNscy0yIiBjeD0iNi41NSIgY3k9IjguNjYiIHI9IjIuNCIvPgogICAgICA8bGluZSBjbGFzcz0iY2xzLTMiIHgxPSI2OC4zNCIgeTE9IjExLjc2IiB4Mj0iOS45MiIgeTI9IjExLjc2Ii8+CiAgICAgIDxsaW5lIGNsYXNzPSJjbHMtMyIgeDE9IjY4Ljc4IiB5MT0iNS41MSIgeDI9IjkuNzMiIHkyPSI1LjUxIi8+CiAgICAgIDxsaW5lIGNsYXNzPSJjbHMtMyIgeDE9IjU0LjA3IiB5MT0iOC43NSIgeDI9IjguNjQiIHkyPSI4Ljc1Ii8+CiAgICAgIDxwYXRoIGNsYXNzPSJjbHMtMyIgZD0iTTY4LjE1LDUuNTVjMS43MSwwLDMuMDksMS4zOSwzLjA5LDMuMDlzLTEuOTIsMy4wNi0zLjYyLDMuMDYiLz4KICAgICAgPHBhdGggY2xhc3M9ImNscy01IiBkPSJNNTMuOTEsOC43NWMwLS4xNC4xMi0uMjYuMjYtLjI2cy4yNy4xMi4yNy4yNi0uMTIuMjctLjI3LjI3LS4yNi0uMTItLjI2LS4yN1oiLz4KICAgICAgPHBhdGggY2xhc3M9ImNscy0zIiBkPSJNNTMuOTEsOC43NWMwLS4xNC4xMi0uMjYuMjYtLjI2cy4yNy4xMi4yNy4yNi0uMTIuMjctLjI3LjI3LS4yNi0uMTItLjI2LS4yN1oiLz4KICAgICAgPGxpbmUgY2xhc3M9ImNscy0xIiB4MT0iMzYuNDMiIHkxPSIxNi45OCIgeDI9IjM2LjQzIiB5Mj0iMTQuMjQiLz4KICAgICAgPGxpbmUgY2xhc3M9ImNscy0xIiB4MT0iMjguMDUiIHkxPSIxNi45OCIgeDI9IjI4LjA1IiB5Mj0iMTQuMjQiLz4KICAgICAgPGxpbmUgY2xhc3M9ImNscy0xIiB4MT0iMTkuNTkiIHkxPSIxNi45OCIgeDI9IjE5LjU5IiB5Mj0iMTQuMjQiLz4KICAgICAgPGxpbmUgY2xhc3M9ImNscy0xIiB4MT0iNDEuNTciIHkxPSIyLjc0IiB4Mj0iNDEuNTciLz4KICAgICAgPGxpbmUgY2xhc3M9ImNscy0xIiB4MT0iMzMuMjgiIHkxPSIyLjc0IiB4Mj0iMzMuMjgiLz4KICAgICAgPGxpbmUgY2xhc3M9ImNscy0xIiB4MT0iMjQuOTkiIHkxPSIyLjc0IiB4Mj0iMjQuOTkiLz4KICAgICAgPGxpbmUgY2xhc3M9ImNscy0xIiB4MT0iMTYuMDgiIHkxPSIyLjc0IiB4Mj0iMTYuMDgiLz4KICAgICAgPGxpbmUgY2xhc3M9ImNscy0xIiB4MT0iNDQuNjMiIHkxPSIxNi45OCIgeDI9IjQ0LjYzIiB5Mj0iMTQuMjQiLz4KICAgICAgPGxpbmUgY2xhc3M9ImNscy0xIiB4MT0iNDkuNDkiIHkxPSIyLjc0IiB4Mj0iNDkuNDkiLz4KICAgICAgPGxpbmUgY2xhc3M9ImNscy00IiB4MT0iNDAuODgiIHkxPSIxNi45OCIgeDI9IjQwLjg4IiB5Mj0iMTQuMjQiLz4KICAgICAgPGxpbmUgY2xhc3M9ImNscy00IiB4MT0iMzIuMzMiIHkxPSIxNi45OCIgeDI9IjMyLjMzIiB5Mj0iMTQuMjQiLz4KICAgICAgPGxpbmUgY2xhc3M9ImNscy00IiB4MT0iMjMuNzkiIHkxPSIxNi45OCIgeDI9IjIzLjc5IiB5Mj0iMTQuMjQiLz4KICAgICAgPGxpbmUgY2xhc3M9ImNscy00IiB4MT0iMjAuNTkiIHkxPSIyLjc0IiB4Mj0iMjAuNTkiLz4KICAgICAgPGxpbmUgY2xhc3M9ImNscy00IiB4MT0iMjkuMTMiIHkxPSIyLjc0IiB4Mj0iMjkuMTMiLz4KICAgICAgPGxpbmUgY2xhc3M9ImNscy00IiB4MT0iMzcuMTYiIHkxPSIyLjc0IiB4Mj0iMzcuMTYiLz4KICAgICAgPGxpbmUgY2xhc3M9ImNscy00IiB4MT0iNDUuNzEiIHkxPSIyLjc0IiB4Mj0iNDUuNzEiLz4KICAgIDwvZz4KICA8L2c+Cjwvc3ZnPg==\" alt=\"S\u0131cakl\u0131k\" width=\"100\" title=\"\"><\/div>\n<div class=\"temp-values\">\n<div>-40\u00b0C \/ +70\u00b0C<\/div>\n<div>-40\u00b0F \/ +158\u00b0F<\/div>\n<\/div>\n<\/div>\n<div class=\"marking-section\">\n<div class=\"detail-row\">\n<div class=\"detail-label\">Branding<\/div>\n<div class=\"detail-value\">: Embossed or Inkjet<\/div>\n<\/div>\n<p><img decoding=\"async\" class=\"marking-image\" src=\"data:image\/png;base64,iVBORw0KGgoAAAANSUhEUgAABf0AAAAoCAYAAABEkVAiAAAACXBIWXMAACE3AAAhNwEzWJ96AAAgAElEQVR4nO3dT2hbZ7o\/8O8NwZjUPYRSMgYf7u3QbKTFr+FuJOgMDD8i+dIyXVhaJHgRx4v2ZgqyZsifRW0vYmfhOMx1BB1PsnCcRSZZSF78SsuNFO7t0AakzZDMQtq4tIvji28oJZxqQgjB\/BbS+\/o9R+cc\/TtHf+zvB4ZpLOuc9\/yRLD3v8z7PP737L+\/8N4DfgIiIiIiIiIiIiIiIhtnXR\/o9AiIiIiIiIiIiIiIi8geD\/kREREREREREREREBwSD\/kREREREREREREREB8TRbp4ci8cRCof9GosvdgwDuWwWABCJRhGJRuVjW9ksDMPo19B8s770DNrYXr+HQXTomNUjuLBwot\/DICIiIiIiIiIictVx0D8Wj2P99i0\/x+KLUrFoCfqn0nOWx4Y96J+YrCL2\/ot+D4PoUMrcPd7vIRAREREREREREXnquLzPoGX4Hwba2B4++\/Snfg+D6FDa2T2KzZzW72EQERERERERERF5Yk3\/ITKTMFnWh6hPMnePw6zyLZM6p2kaItEoJ82JiIiIiIiIKFBd1fRXZdZuolQs+rW5jpmm2e8hBEIff43Uuef9HgbRoVR6Oorcw7F+D4OGXCwex8qNVRTyeVz4+JN+D4doIITCYZyfPY\/LFy\/1eygDK5VOo1Iuo5DP93soREREROSj7R++7\/cQWpJZu4nM2lrDzyPRKO49uN+HEbVv+szZhrj1sI+\/Gd+C\/qVicSCC\/gcVy\/oQ9Q9r+ZMfTsdjAIBSsdTnkRANjvnFBUSiUZSKJdmTifbF4nGk0nPYMQwG\/YmIiIiIqGW+Bf275dfsSqlYxPSZsz6MaHBETr30rXlv5u5xbD0cg7Fbu\/Shk6+QOvfcdfvTfxgHAMz\/7ieETr6SP996OIbcwzFob+xhfelZ0\/0uf\/4WKt+NIDFZxdRkVf68sj2C5T+91dLY1eeqz7t++UdMjL92fI76e\/f+uGs5plaE3n2FeduEi\/0c6uOvMTVZ7WglRuHxMWzmNJSejO7v8+QrnE+YlvMkiPPuRP\/Fa0ROvXR8XifUc+d0HtTfUccfe\/8F5j\/9yfWaDJuth2OW4xt0oXAYqfQcYvE4AGDHMJBZu+kYTAuFw5hfXGi6za1szvJ88V594eNPPFdX6bqOlRurANDwvtzK+32lXMby1SX57\/nFBYTCYc+VZYlkElPJhByz+Hcr7MfptO2Z2fOyPI9pmniUz+POxh1UyuWm249EowCAR\/XAnTgeu9p2Cy0HQO3H7ETsa\/nqkuNYNU3D\/OICTsfj0DRNHtvy1aWm1ziVnpPPA2rXLZfNYXNjw3UczTj9HY9Eo0il52CapuNKiVg8jpnZ867HKO45t8ftv+ekVCxhc2Oj41WFM7OziNUnf5yOMRaPY35xARO6DqD2+l2+utRSsNfr3Jqmia1sbuCCxpFoVL4uDMOw\/DyVngPQ\/Ho1uy8A72tqf5+xa\/Y+2ex9IxKNYmb2vHxPBoBCPu96PcRYxf1RKZdhmiYmdB2JZJITI0RERETUEdM0ceXiJZim2fL3skEjPrtrmoaVG6vyO+iw6PX4ByboT+7mf+dPlv+VlbcbAsaV7RFcWDiBmYTpGNQVwU7zH9Za5sbuUflYZXvEMiFgZ1aPyAaokfdeWh\/7x5GWA6rqc9XnZe4ex8qVH5337bD9bgK4TufQ2D2KzN3jKD0dlRMLnW4LqJ3Pyytv405Ow\/XLP1rOrXre7UoAcvVJgfWrz7rq\/1B4fAxXVt72rGFf2R7B9B\/GG36n8PgYSk9H8fVfjKHvQWFWjwxVln8oHMa9B\/ctfzgm6oH3SDTSUD5D1Jhvxp6ZLp4Ti8c9A1Cn43HX7beyX7tQOFwP8AHTZ5yD\/hO6LrOG1X+3wisD\/\/qNVUwlk5afaZqGqWQSU8mk63JHdeyapmHHMGRwUxyPExHAnj5ztmmA2X7MbvuPRKOOHyo0TcO9B\/ctH\/rEsZ2Ox\/HRBx9aArLqNu33m\/j5\/GIYiWQCly9esgRsvY65GdM0PZ8rth2LxxuCxLpyH\/zc5Hx67aO2\/VhL18XO6R5SxeJxrN++ZfnZhK5j\/fYtXPj4k6YB+2bnNhaPN71Pe00E9reyWTmRl0gm5WQhgKYfhBPJBCLRKLaaBN471ex9sjZx0fj+Whub9ViEWDyOWDyOQj4vv3i5jdUwDGxu3EEqPYdUeo5BfyIiIiLqiFouspAvDGXQv5AvyO8NM+XzXX3O74dej59dKQdcYrLqGVBvVebucUuAOXTylWW7mzkNhcfHOtp2s1rnWwHXQs89HMPObvDzV83OYenJaMsBYnvGfujkK0ROvUTk1P7ERmV7pKNrUnoyiguLJ9p+nurCwommTWvVxrZi\/Ho9u3\/YguVuNnOaXNEx6ETgVgTIdgzDkg0\/lUxaMk39IMrVuEm0mGHfLjU7uBci0aglWCvK2amB5ZnZ857BSTHedsrghcJhx4Ch39Zv37KsXigVizIIKTIQnMwvLjTcb+pzQ+Gwr\/ecer6drn8kGqnvN9TwmMicN03TcQKjHa2ukLGOLeoZ8Adg2aa9ZGI7+6uUy\/L5pWIRO8rxptJz0Ovnot\/UiZjM2k3583bueU3TcLp+j93ZuOPvANswlUwi4TAp+Jly3dTrIsTi8Za+bIlVMxO67vv7OBEREREdDrquy+9vTt+ZhoEYt6ZpA\/O9ph29Hr9v0Sxd1+FnlWI1G7IdrZRYGBba2J4vtfzVTHttbA\/3\/rgrg9Wlp6MywHvt87c6KiP06PExx1UCQqsNULf\/64e29y14Zfs320\/p6Simfz\/uOQY1iG0\/h2rGe+buccwkzKYZ7ndcrgcA7OweleWQZhLOmaSRUy8bVhWUno7Wnrc9gtKTUZSejjasrGiHNrYHbWzPMehtVo\/ICYnEZNVy7qf\/MI7Sk9Gm98Wg29k9Kl83w2AqmZR\/wJevLskgkZqNPb+44Jgt3GlZtJhSCsZO1\/WWglkn3\/ll2\/sFasFLt2x\/VWZtrSGzWTRLanXfM7PnAdT+Lk2fOdtQhmT99i1ca1IGRwSknbLx7Q159Hp2twiah8LhwP62qdnhW9msLOcj7pepZFJOsqhjVJ9nzx4Xz41Eo65Z5Z00IQJqf+ND4bDjZw5xv4Ud7jsx1nbOo\/3+UM\/JVDLZtPSRk61s1jH4HwqH5cSEem5E6cOJ+uuplfEvX13ybFBVW5nS\/2x\/EayvlMsNn\/fEcTZ7DxHvQTuG0dK56fT9BnB+n1RfqzOz5y1Z+Op7sttrXEwENFMrz5StT97GBq5MExERERENvgldx9fffoOfTRPlchkn3\/klNE3DF199Kb+LDLpYPI6\/fvsN3tQ0ZNZuYnNjA6FwGF989WW\/h9aSXo\/ft0z\/lRur2P7h+7b+d90jmyuXzWH6zNm2\/+dVl3XYtBI8bsWjx8dkRvb60jNLgDny3ksZmDV2j3aUWW7sHkXpqXPJmZ3do6hsj3Qw6vYEne3\/SDkv9nMYOvnK0teg2coGs3pEnpP5T39qWMkxMf4a60vPcO+Pu21d\/8h7Ly3P2cx2HrCOnHqJr\/9iuPdK+G7\/mtp7GYiJimHJkHejrmQYBjHZJLZoqaVeKZdlneuJFgPx7e3XOev0dMDZqJFotGcz++IYl68uNQQnS8UifvOrXzctuSG20UqwzqhPLoiAclArJtRti9rxYp+maeLyxUsySzxmW9URUwK29gCyeO5vP\/jQ9\/GKwK79Q6mateL0gVXXJwB010TZNE3LZ4x2V5ssX11yLAFTG99+DX81CKxm6ndzv5eKRVn+RkxA9Zu4p3LZnOXnW9lsy+WTxGqjfgXBjXrPFGC\/hJcgjm9zY6MhsG8YBn77wYdtfWYt5AsAuitVRERERESHm6ZpmNB1bNU\/g\/uxErrXJurf\/cT3m2FL\/u7l+Psa0ZpKJodyOUYv6OOvO2oM60TUgNfHXztmfk9NVmVZlk4D9Fv\/6RzobjXLvxsiyB1kORlxDkMnXzmew8h7Ly2Z\/17UgLlXJn4njXC1sb39ZsffdT7Z0s6Eg32c6vOGKWiuKj0d7cm96ycRCNp0KHGhlqLxO2DkVuInyEC1CAaKeuC94paR2yw4qWaZt5oZLjJ7gebZzt0Q2y7k845jE8FUtzF4ZSl32uzWi2HsAGgMXNvHZ7\/P1ca43RDlj5z26cU+GWcntuX0gVvtAdENce68tLpCx\/6cTj7LuZW8umyrce9G0zQ5+WSfOOgldcLB6dx5TTS18xoR+5no8HwTEREREQmp9JzshxYKh7GVzXb9XanXxOryVDqNHcPAVjYbyHfQoPRi\/B2n4vp1M0zouuOX3Fpjtvaz0UQn5GHnR1kfwfjf2mUOveveG+Drv3R3PQuPj2HF4edB1\/MHapnlot5+6tzzjoLlzYhzGPY4h+F3X6GyPSJ\/t1\/C9cmHQci0r3w30lWJoX4Ztn4Eanap2yxxEFnXgHOJHxE4FGVi\/CaaWooGur3KTHArZdRMJ\/X8a79fwszsbKBBfxE8rJQrjo8X8gXPMQRxfb3UzmFjXXr7+ELhsOV8i2tQHrIskF6JxeOYX1yw9D7Y3LjjWAZILY+lNicuFYu48PEnLb1G1B4SnWa2iIB\/q6V97M9zKisUBD9fI6K8VSgcHrqMLCIiIiIaHKIMMFCLFVTKZWiahr\/9\/WmfR9Y6UXZ1p76K1jRNJJKlnvTF84PT+GPxAtZv3\/JtHx1HBXPZLCZ0ve3AvK7rLdWKmmjx9w6iyKmXHdXWb8aPhsB2kVMvUdkekTXe1XFXtkdg7B6FNraH0MlXMlvebzMJE1sPx2DsHm2rtn8nvCYUWp1sUCdfxESFn4KY9DhMth6OBXavBkUNePYyECQCULF43FLeRpT2eZTPN21e2olaM8xIfVZ8zrVkit86rYW+X3qpvdIyajPdoIi\/s83uG7cxnI7HoWnt17bvlFreR52EEZ9FMms3kUrPIaw0plInCIZt6aefRNMo+32YSCYbPhhrmiZX0rjd86K\/gRCJRlueGNufbOr8enRS2ueLr760vF+q\/U+CMpVMNC3\/1So16M+6\/kRERETkh5+HKDvejVqmdhgFNe6uam9k1tbarrnfzyXYw2L+d8PV\/FQE+u0lfkR5lCAmMFTa2J4MnAdd298P2tieLKeUuXscFxZOdNRLgfynNmym5sT7ub3EjyjtI2pQB0HU0e5FmTgRXEul53D9xmpbmfeapllK6BwU4lhE46eE0rQ0SKZpyg9E6nUQ\/+1UEkn8tx8Bf03TOmoK3E+6riOVTssM9y1bALpcLzu1U69Pn1m7KY8tlZ5zva4zs7OybJFYjtrqpKOa6d8Jp9I+orm01\/uB\/bUrltR2Q+1rot4Tag3+ew\/uu\/Y\/aUcrJZqIiIiIaHhl1m7KXmumaeLKxUsySaWQz+PKxUvyu5j4t\/gMurmx4fhvp21VymVcuXgJW9ks1m\/fQiqdxvrtWw3baJfbfsSYm41x+eqS5fiXry7J7\/72bYnjNwxDHkMqPWfZxmEbv91gR0cPocRkNZCM\/CBN\/VsVuYdjKNQbBoua7qK0z+lfvcBmrnkwaPoP466Pzf+useGtZQyTVWTuHu9Jtr8fPvv0J1xYOAGgVhpJBP3FKo+pyaovTZypPZs5bSDKIvWaurTPbiubc81SfZTPY35xwVLiRy3t00qQ222\/zUq1iQanE7qOmdnzgZZ129y4IwN2YgmeaZp4lM8jl815lu3ptLRPJ7zK4vldIqhSLqNULCISjWJC17FyYxUrWEWlXEYum2taj3B+ccH18ekzZ5vuOxKNyhI+oonvjmHAMAzsGEYgQX9N0ywZ8b24pp1we02ZpolrDs2oK+UyPvrgQ8vPNzc28PW338hJDqfXciGfl03CxQfZdrmVlWpGrDBQS\/uIAH5t4sJ5dYIoW6Rpb2KqPlGVSs9h+kxn11LXdcwvLgBo7Nmxlc3KSZNINCrfCwr5PB7lC11l\/w9KM2YiIiIi8s9WNis\/x4rEm5yS1CSCy4V8HrG\/x+Vn8XK5jOs3VuV3YtM0Ld+RJ3QdO4Zh2dbmxh0U8nnksll88dWXSKXnLN\/BTdPsqMzMtatLlv1k1m6iVCzK\/biN8U1Ng65PyGC7rk\/ANH+W\/w6FQ\/K7TC6bxfYP31vOx9\/+\/hSxeBybGxuWbczMzg7E+CPRiAzwBzl+u4GNbm1lsx2tChjWpRyANWN9mETeewl9\/DWM3aN49PgYpiarlgmA2PutBf29SqqY\/2i+KCV17jkur7wdaG1\/v8Tef4HrV37E5ZW3LT8vPRlF6ckoMnePY\/7Tn2RTXgqeWT3S0n16EKnZy3ZeJWkMw5CBX1HiRy3t04pusmwzazexUq8pnlm7Gdj7f6lYxJWLlywBX03T5ASAVy1zEZxrt7RPJ3pdFu\/Cx5\/g3oP7DQH2+cUwUuk5ywcmu24mIUrFUj2je8KyLVGvv1wu18sPRlEqFmVZm3azpEXteifD1iQKqN3HbhNx9okA0bBYNPZyep7aNLzX50KsJmr3c+KFjz+RkzWVcgUrN1Zbfg+KRKOe94S9ibppmpg+cxb3Hty3rJaIxeOIxeNIpefw7x9\/0tZklOhpQUREREQHj\/odSdPetDwmVpCXikX52VJNvFPLn2qaZvn8qWlvQlPKn6qPa5omv0Pat9HZMXjvx22Muj5hO37r\/kVyoWEYDcfvlPDltI1+jl9cv6DHbzewQX\/D2BnYLLqgzCTMgQ5UezldD+znHo5harKKR9\/WMteDLu2jGrZs\/6nJKk6\/\/wKPHh9D4dtjqHw3IrPMzeoRXF55GxPjr4eyEe4wuvb5WzCrXVU8O5S2sjlEolGcjseQy2Z7UtpHyNUzaWvZ\/rMd1dtvZ1+lYhGn43FEohFZvxyoBQNXbqzKTAuVWCFwkEr7CKZp4rcffIiYck7EhxSRFV8ul30vg7NTD1CLfe1n8lfk\/4tgtVgJAPiXmd9sFUq\/1crsWCc4YvEYYvE49Ac6ps+cbSlIL86j++P9KW8kPvADjaWK3Jx855cNPyvk81hBbSJPTBB1qpao0jiWSrmM3\/zq15bXiPql6s+3b8mmXURERER0uIXCYXzx1ZcwTVMmpoTCYRkwXr99S\/Z4Amr9qoz6KmdRdtUwDPlcr23VkucS0HUdW9ksCvkCEslEwzbaNTM727CfmfJ5uTq72Ri\/+OpLOVanMYttAcD\/++pLeT5EFv384kLDNg7T+O0GNuh\/2OjjrzGTGN4vfYnJKjZzGkpPRlHZHpHlaqb+rfVM9e3\/+qHrcdiz\/QedNraHqcmqzOivbI\/IyRMA2MxqvgX9M3ePe9arv\/cfu4d2gqGyPSLP+WFUKhabllRxIwJnIsjaTmkfwDkY1w6R7T8zez7whpyGYViW24lsXdHMWNd1S8a0yLgwTbMnAVKvsib3Htzvuna5m0I+L6+3ruuYSiZlE9jzs+cdGy1PnznbcZBVZPSLD0H7qymKyv\/vN\/PttLyP0\/gK+ULg91m3nEpOZdbW5D0wlUxajkHTNMzMziKRTLS1UqRfgWqxmqhSLnfVuLzd8Tu9jk3TxFY25\/l+Z5omcsqkQChcWwkTi8cxoesNjdCJiIiI6PCyB3rV73D2Ffr2ld72f3ttS\/23SGgqFYvY\/uH7rlePtzNm+xjbOX7xb1F+RxyLW7nTwzJ+lWfQv7ZMf8G3nQFoueGiV21iL14ZeF41hJvxqmvth9S550Ndwz108hVCJ1+hsj2Cy9ffhlk9Ar0PWer2bP92Jh0GQejkK7lCQfRJoOAt\/+mtfg9haMmagvE4rtfL37Ra2scP9mz\/Xirk8ygVi5ba54byd6KX9fwHhWEYcuIhlZ4LZKJBBF7FkkrxwWq\/bMv+pIDaMLbdv\/+dToQNKrEqJxaPWYL+84sLskb+MOi0tE+3KuWyL\/dEpVyWpbFqtf4jLX++DGrijoiIiIgOH7EqWgSevVb5DiKRlKMrZXdi8Vi\/h9WyXozfM+jvVec5aEHUJu62hnBQIqde9qR2e2V7xPMx8x9HoL2x13Ej4cRkFcvbb8n9nO5haR+Vmu0fOeXvpMOOR5NXr8faJZojd8JtHPr4a8\/zob0xvJNO3Sg8PubZT2IYqNmn9mxzQSwrE81O\/fQoX5CZ\/kBv6terRLZ\/IpnoeSBQ\/KFWy3YI3dbzF+WDgsyoFssJdV2H0yg7HYPItg+qx4DoJSHKLKmvAdM0ZTNfkWjQr1I0g0S87tXPdWJlBlCbxFIb64pyNEESfRla\/\/390j69nFwMguhN0clrpNfvsURERER0sFy5eEkmnvz122962hvOLx998CEMw4Cu6\/jb35\/2ezht68X4+1rep1IuH6oMSDdBl6HRf\/EaJQCV79yD\/hcWT8DYPYrUuecdB\/1j77\/A8uf7GdOJPjWhtWf7+0Gcw9JT9+CweEz\/RX\/7MogAtm7rD6GWEeqVYSgXdO3z4c\/yVwOy9mxz4c+3b2FC17F8dcn38iRqbWzx715Ss\/1FFvAgaLepsZ2YNAgyYC3uHbVhUa\/H0AlR13+qfr3t4xPNfGdmzwNgkNTNhDIpYu9JkUqnAwv6i+vV7pcL9fe\/\/vYbx98RpaXEipNel9kKUruTJERERERETtQYgmmaGMZPmeIYhrU\/Vi\/G35eulbUaqNkDt3S+E4nJauCBUZHdbewedSwXs5nTZAPZbhrvTiiZ5Pr4644nD\/zw2ac\/AYA8rm6p59Ap8F96Oir31crqguUmTWNF4L7dkk87yjXuVcDdvoLEzxUPQROTQweBmECdcgh6q9mkQUy0qjX8C\/l8X\/7oigz\/IDIUZmZnZca7nVpeRg0odruyQtM0mYEdZKBSBMOnksmGY9Q0TS7xtI9B13UkPErCiGBxUGMv1zPSxfjKSoZ6bb+1f4trs+Pz6ha\/idel04pEe\/miTomlok7notev2f3Jpu6bUzUzoeu49+A+\/nz7luXnarnJIO4PdfWTk04m1Ca4coWIiIiIurC5sYGtbBbziwtIpdO4fmO1J5\/J\/WKaJjJrN1EqFrF++xZS6TTWbZ\/zB1mvx+8Z7SoVi103WWxVEPvKrK25NjUcBNrYXk+azZ5+\/wW0sT2Y1SO4svI2tKVnMiBceHxMZsP7EahPTFZRejLa84xyu9j7LxA59dK3si3qObywcALryjksPR3FhYUTAGrXtFlZo82cVmt6\/HQUqXPPGyZaNnOavCbtTMIUHh\/DNWUyIch+BuqEQubucawvPQMAmNUjuJOrBQ7tKw0GjVk9gs2ccyB3GIl63ZFoFNdvrMrmqZFoVP4RKRWLgQWLRImfR\/lCINtvZnNjAzOz512D852KRKOYX1xAIpnA8tUlS+BV0zTMLy7Ifarntpt6\/mKfYrtBlizaqq+S0DQN9x7cx\/SZszBNE5qmYeXGqgwy2sewcmNVTiZtbmw0rDYRGfZB3W\/27dr\/LcoLiXNYdhiHmJiplMtdB7273ZYIOoumumI1jjrh1E1gOpFMyp4XTvekU7+lILPKxRg0TXMtSeZkxzCQWbvp+JhoRFwqFi3HqK4qUM\/tZ\/WeVaZp+l7yTLx+AODa1aWGmv0zs7PKxFil4fluxHP8Hi8RERERHXybGxuyB+r1G6tyhewwuXLxkkw4\/Ou33yCSHq6eV70e\/8FIcR1SMwkTEz0IjGpje5hJmMjcPQ6zegTTvx+HPv4aZvWIJdtcNJDtRjclZE7+33c8H0+de97WJEnq3HNMPxnvaCx2TufQyUzCbJqdLzLxK9sjuLBwAtrYfh+FyvaI5ZrMJJyDR6Uno57nqxcrSBKTVdls+F8\/+mfZyFlOOvR54qeZa01WWwybQj6PlFErcTOVTGIqmcSOYVgy392CZZFoFNs\/fO+67czazaYTqLlstqNm5177LRWLLa8IM00Tmxt3fP\/gIoJsoXAY9x7ct5QIUUufbGWzlkBcO\/X87z247\/rY5sZGoFm9hmHIRsyhcNixlqB9skhd3ZBKzyGVnpPBblFKRXC757yOGUDTJADnIL\/7407ncH5xAZFoFNNnznadRd\/ttgzDkH0KxCQTAMsqklYDvc3OrTqBowbE7z24L+9XXZ8IvLmv6CfhVpLMidoo2i4SjdSD\/iXLNRCrS6eSSXluNU2T9+lWB+9bzYhJIKA2QbZyY9WymkOdyGm3ie9BKFNERERERETBOzgRryGjj792DegGIXXuuaXGvrF71BLwvH7lx6Gov96OyHsvfW3kaz+HdonJakuTEutXn1ky+M3qEZSejKL0ZLThmnSy8iIxWZXljYKUOvdcTnCIYxDjD5181dP7u12V7ZGOGyUPKtM08e8ff2LJMlaDr1cuXjrwPVTsGed+yKytWXogiAb3asC\/Ui7LjAlBlJ3ppr9BIZ93DZr76crFS65BRKda76ZpYvrMWUvmuQje2u+5oDKSRbNeMcZ2Hx9E6j0UCocty2zt91en7O8Dtcmy2v0diUblJM5UMhl4yR8xjtP1skNByqzdtJQUEvep18qBbpSKRVy5eKlhBYxoPA3sv2e3SkwEDXsDYyIiIiLqj5nZWcwvLuD6jdXAE3yCsnJjFal0Gvce3B\/K5sO9Hr9npn8oHMZ8ffnzYecU1OmGGjDtlZUrPyJy6iVyD8dQejIKbWwPkfdeYiZpugb8RdBce8M6Vr1evz\/0bmtBafF79pIv2ht7LQfm1ee2+rzUuefIwLuZbztjsJ9DoHaOEm2scNDG9rC+9Aylp6PY+s8xlL8bkXXxQydfIfzuK6TOPXdcBaIrfRPsQu++QuxXL3ydvBHXzek6T4y\/xhe3\/weZu8dlTwN9\/DWmJqstrXjop+U\/DX\/zXieVchkfffAhUuk5nI7HoWkaSsUiNjfuOAafTdNsaSLAXlaknckDt99tZRtu2dpuwUhRHy8Wj3mWQml38mP56hIK+QISyURDf4RCvtDQGFmtZ+8VOHULRteyf3Mtj3OnniXudcxe504E8WdmZ2WJFDEGt4mUSrmM337wIaaSScTiMXnMYix3Nu44Hp+fAfucMtsAAAIySURBVPhCPo9QOIyCS0kp8bjbagu3c9LJ5Fize7OV7YtzmkrPWSaNMms3WzpvXr\/jdU8tX12Caf6MWDyGUDgsf3fHMDCVTHT1+veSy+YwMzuLWDzuWOKnnXOq\/r7T68AwDEyfOSvPrWmaeJTP14\/de\/vifbLdezeXzaJULGJm9jwi0ahl1UapWLRMRKiczq+mabIxuNv9TkRERETUjCj5Oaw0TRvKskRCr8f\/T+\/+yzv\/DeA3Tg9GotGmy8QPi3bKTDQTOfUS9\/6468u2iKg9hcfHZA8GoiCk0mmk0nOWmolE1OiLr75EKBzGVjYr+5BQI5GVZZom\/vX\/vNfv4RARERGRT1LpdL+H0BJ73yxBr5cXHgb2krzA8I+\/ia9Z078PetG8l4icXfv8YGb50+CI1cuVtFLPn+gw29y4g5X68uLM2k02qHWgZgNtbtzp82iIiIiIyE\/NeucNOq+eW8Ng2MffDGv691gvGqwSkbPM3eMwdjnXScFRm9x2U8+f6DDIZbOyHM+wZNj0mugDoPZfICIiIiIiasYz+lUqFnHynV\/2aiyHRuaud415IgrGZk7r9xDogJvQ9Y7qfxMdVpcvXkIqPXegM2y6UcjnsZXNolQsBd5cmYiIiIiIDg7Pmv5ERERERERERERERDQ0vmZ5HyIiIiIiIiIiIiKiA4JBfyIiIiIiIiIiIiKiA4JBfyIiIiIiIiIiIiKiA+IogN8DYGdZIiIiIiIiIiIiIqLh9vz\/A5r3eDzQmWqdAAAAAElFTkSuQmCC\" alt=\"Markalama G\u00f6rseli\" title=\"\"><\/p>\n<\/div>\n<div>\n<table style=\"width: 100%;\" cellspacing=\"0\" cellpadding=\"0\">\n<tbody>\n<tr>\n<td style=\"width: 120px; font-weight: bold;\">Norm<\/td>\n<td style=\"width: 400px; text-align: left;\">ISO 1307<\/td>\n<td style=\"width: 120px; font-weight: bold;\">Colour<\/td>\n<td style=\"width: 400px;\">\n<div class=\"color-icons\"><img decoding=\"async\" src=\"data:image\/svg+xml;base64,PHN2ZyB2aWV3Qm94PSIwIDAgMTAwIDEwMCIgeG1sbnM9Imh0dHA6Ly93d3cudzMub3JnLzIwMDAvc3ZnIj4KICA8Y2lyY2xlIGN4PSI1MCIgY3k9IjUwIiByPSI0OSIgZmlsbD0iIzAwMDAwMCIgc3Ryb2tlPSJibGFjayIgc3Ryb2tlLXdpZHRoPSIwLjUiLz4KICA8Y2lyY2xlIGN4PSI1MCIgY3k9IjUwIiByPSIzOCIgZmlsbD0id2hpdGUiIHN0cm9rZT0iYmxhY2siIHN0cm9rZS13aWR0aD0iMC41Ii8+CiAgPGNpcmNsZSBjeD0iNTAiIGN5PSI1MCIgcj0iMzMiIGZpbGw9IiMwMDAwMDAiIHN0cm9rZT0iYmxhY2siIHN0cm9rZS13aWR0aD0iMC41Ii8+CiAgPGNpcmNsZSBjeD0iNTAiIGN5PSI1MCIgcj0iMjIiIGZpbGw9IndoaXRlIiBzdHJva2U9ImJsYWNrIiBzdHJva2Utd2lkdGg9IjAuNSIvPgo8L3N2Zz4=\" alt=\"\" title=\"\"><\/div>\n<\/td>\n<\/tr>\n<\/tbody>\n<\/table>\n<\/div>\n<\/div>\n<\/div>","protected":false},"excerpt":{"rendered":"<p>&nbsp; \u00dcr\u00fcn Ad\u0131: CIMENTO SD-10 \u00dcr\u00fcn Kodu: ABCSD741 \u00c7imento Al\u0131c\u0131\/Verici 10 Bar Kullanim Alan\u0131 : Kuru d\u00f6kme malzemelerin, kumun, \u00e7ak\u0131l\u0131n, kuru \u00e7imentonun vb. emi\u015f ve tahliyesi i\u00e7in. Alt Katman : A\u015f\u0131nmaya Dayan\u0131kl\u0131 Antistatik Do\u011fal Kau\u00e7uk. Takviye Katman\u0131 : Y\u00fcksek Mukavemetli Sentetik Tekstil, \u00c7elik Tel Spiral ve Antistaik Bak\u0131r Tel. \u00dcst Katman : A\u015f\u0131nmaya, ozona ve [&#8230;]\n","protected":false},"featured_media":22280,"comment_status":"open","ping_status":"closed","template":"","meta":{"jetpack_post_was_ever_published":false},"product_brand":[],"product_cat":[2360],"product_tag":[],"class_list":{"0":"post-21410","1":"product","2":"type-product","3":"status-publish","4":"has-post-thumbnail","6":"product_cat-sel_asinmaya_dayanikli_hortumlar","8":"first","9":"instock","10":"taxable","11":"shipping-taxable","12":"product-type-simple"},"jetpack-related-posts":[{"id":21407,"url":"https:\/\/tuzlahortum.com.tr\/en\/product\/cimento-sd-5\/","url_meta":{"origin":21410,"position":0},"title":"CIMENTO SD-5","author":"admin","date":"11 August 2025","format":false,"excerpt":"\u00a0 \u00dcr\u00fcn Ad\u0131: CIMENTO SD-5 \u00dcr\u00fcn Kodu: ABCSD740 \u00c7imento Al\u0131c\u0131\/Verici 5 Bar Kullanim Alan\u0131 : Kuru d\u00f6kme malzemelerin, kumun, \u00e7ak\u0131l\u0131n, kuru \u00e7imentonun vb. emi\u015f ve tahliyesi i\u00e7in. Alt Katman : A\u015f\u0131nmaya Dayan\u0131kl\u0131 Antistatik Do\u011fal Kau\u00e7uk. Takviye Katman\u0131 : Y\u00fcksek Mukavemetli Sentetik Tekstil, \u00c7elik Tel Spiral ve Antistaik Bak\u0131r Tel. \u00dcst\u2026","rel":"","context":"Similar post","block_context":{"text":"Similar post","link":""},"img":{"alt_text":"","src":"https:\/\/i0.wp.com\/tuzlahortum.com.tr\/wp-content\/uploads\/2025\/08\/cimentosd5-p.png?fit=573%2C573&ssl=1&resize=350%2C200","width":350,"height":200,"srcset":"https:\/\/i0.wp.com\/tuzlahortum.com.tr\/wp-content\/uploads\/2025\/08\/cimentosd5-p.png?fit=573%2C573&ssl=1&resize=350%2C200 1x, https:\/\/i0.wp.com\/tuzlahortum.com.tr\/wp-content\/uploads\/2025\/08\/cimentosd5-p.png?fit=573%2C573&ssl=1&resize=525%2C300 1.5x"},"classes":[]},{"id":21413,"url":"https:\/\/tuzlahortum.com.tr\/en\/product\/cimento-sdc\/","url_meta":{"origin":21410,"position":1},"title":"CIMENTO SDC","author":"admin","date":"11 August 2025","format":false,"excerpt":"\u00a0 \u00dcr\u00fcn Ad\u0131: CIMENTO SDC \u00dcr\u00fcn Kodu: ABCC744 \u00c7imento Al\u0131c\u0131\/Verici CORRUGATED Kullanim Alan\u0131 : Kuru d\u00f6kme malzemelerin, kumun, \u00e7ak\u0131l\u0131n, kuru \u00e7imentonun vb. emi\u015f ve tahliyesi i\u00e7in. Alt Katman : A\u015f\u0131nmaya Dayan\u0131kl\u0131 Antistatik Do\u011fal Kau\u00e7uk. Takviye Katman\u0131 : Y\u00fcksek Mukavemetli Sentetik Tekstil, \u00c7elik Tel Spiral ve Antistaik Bak\u0131r Tel. \u00dcst Katman\u2026","rel":"","context":"Similar post","block_context":{"text":"Similar post","link":""},"img":{"alt_text":"","src":"https:\/\/i0.wp.com\/tuzlahortum.com.tr\/wp-content\/uploads\/2025\/08\/cimentosdc-p.png?fit=510%2C510&ssl=1&resize=350%2C200","width":350,"height":200},"classes":[]},{"id":21416,"url":"https:\/\/tuzlahortum.com.tr\/en\/product\/cimento-gr\/","url_meta":{"origin":21410,"position":2},"title":"CIMENTO GR","author":"admin","date":"11 August 2025","format":false,"excerpt":"\u00a0 \u00dcr\u00fcn Ad\u0131: CIMENTO GR \u00dcr\u00fcn Kodu: ABCGR726 \u00c7imento Al\u0131c\u0131\/Verici KANALLI Kullanim Alan\u0131 : Kuru d\u00f6kme malzemelerin, kumun, \u00e7ak\u0131l\u0131n, kuru \u00e7imentonun vb. emi\u015f ve de\u015farj\u0131 i\u00e7in. Alt Katman : A\u015f\u0131nmaya Dayan\u0131kl\u0131 Antistatik Do\u011fal Kau\u00e7uk. Takviye Katman\u0131 : Y\u00fcksek Mukavemetli Sentetik Tekstil, \u00c7elik Tel Spiral ve Antistaik Bak\u0131r Tel. \u00dcst Katman\u2026","rel":"","context":"Similar post","block_context":{"text":"Similar post","link":""},"img":{"alt_text":"","src":"https:\/\/i0.wp.com\/tuzlahortum.com.tr\/wp-content\/uploads\/2025\/08\/cimentogr-p.png?fit=510%2C510&ssl=1&resize=350%2C200","width":350,"height":200},"classes":[]},{"id":21404,"url":"https:\/\/tuzlahortum.com.tr\/en\/product\/cimento\/","url_meta":{"origin":21410,"position":3},"title":"CIMENTO","author":"admin","date":"11 August 2025","format":false,"excerpt":"\u00a0 \u00dcr\u00fcn Ad\u0131: CIMENTO \u00dcr\u00fcn Kodu: ABC731 \u00c7imento Bo\u015faltma Kullanim Alan\u0131 : Kuru d\u00f6kme malzemelerin, kumun, \u00e7ak\u0131l\u0131n, kuru \u00e7imentonun vb. bo\u015falt\u0131lmas\u0131 i\u00e7in. Alt Katman : A\u015f\u0131nmaya Dayan\u0131kl\u0131 Antistatik Do\u011fal Kau\u00e7uk. Takviye Katman\u0131 : Y\u00fcksek Mukavemetli Sentetik Tekstil ve Antistatik Bak\u0131r Tel. \u00dcst Katman : A\u015f\u0131nmaya, ozona ve hava ko\u015fullar\u0131na dayan\u0131kl\u0131,\u2026","rel":"","context":"Similar post","block_context":{"text":"Similar post","link":""},"img":{"alt_text":"","src":"https:\/\/i0.wp.com\/tuzlahortum.com.tr\/wp-content\/uploads\/2025\/08\/cimento-p.png?fit=548%2C548&ssl=1&resize=350%2C200","width":350,"height":200,"srcset":"https:\/\/i0.wp.com\/tuzlahortum.com.tr\/wp-content\/uploads\/2025\/08\/cimento-p.png?fit=548%2C548&ssl=1&resize=350%2C200 1x, https:\/\/i0.wp.com\/tuzlahortum.com.tr\/wp-content\/uploads\/2025\/08\/cimento-p.png?fit=548%2C548&ssl=1&resize=525%2C300 1.5x"},"classes":[]},{"id":21443,"url":"https:\/\/tuzlahortum.com.tr\/en\/product\/pararub-sd\/","url_meta":{"origin":21410,"position":4},"title":"PARARUB SD","author":"admin","date":"11 August 2025","format":false,"excerpt":"\u00dcr\u00fcn Ad\u0131: PARARUB SD \u00dcr\u00fcn Kodu: ABPSD791 A\u015f\u0131nma, Al\u0131c\u0131\/Verici, Pararub Kullanim Alan\u0131 : A\u015f\u0131nd\u0131r\u0131c\u0131 tozlar, gran\u00fcller, kum, \u00e7ak\u0131l, \u00e7imento ve benzeri tozlar\u0131n bo\u015falt\u0131lmas\u0131 i\u00e7in. Alt Katman : A\u015f\u0131nmaya Dayan\u0131kl\u0131 Do\u011fal Kau\u00e7uk (Bej Renk) Takviye Katman\u0131 : Y\u00fcksek Mukavemetli Sentetik Tekstil ve Antistatik Bak\u0131r Tel. \u00dcst Katman : A\u015f\u0131nmaya, ozona ve\u2026","rel":"","context":"Similar post","block_context":{"text":"Similar post","link":""},"img":{"alt_text":"","src":"https:\/\/i0.wp.com\/tuzlahortum.com.tr\/wp-content\/uploads\/2025\/08\/pararubsdc-p-1.png?fit=506%2C506&ssl=1&resize=350%2C200","width":350,"height":200},"classes":[]},{"id":21515,"url":"https:\/\/tuzlahortum.com.tr\/en\/product\/yakit-sd-10\/","url_meta":{"origin":21410,"position":5},"title":"FUEL SD\/10","author":"admin","date":"11 August 2025","format":false,"excerpt":"\u00a0 \u00dcr\u00fcn Ad\u0131: YAKIT SD\/10 \u00dcr\u00fcn Kodu: OSD451 Petrol \/ Ya\u011f Al\u0131c\u0131\/Verici 10 Bar Kullanim Alan\u0131 : Aromatik i\u00e7eri\u011fi %50'ye kadar olan petrol \u00fcr\u00fcnlerinin emi\u015f ve de\u015farj\u0131 i\u00e7in. Alt Katman : Ya\u011f ve Petrol Dayan\u0131kl\u0131, Siyah NBR. Takviye Katman\u0131 : Y\u00fcksek Mukavemetli Sentetik Tekstil, \u00c7elik Tel Spiral ve Antistaik Bak\u0131r\u2026","rel":"","context":"Similar post","block_context":{"text":"Similar post","link":""},"img":{"alt_text":"","src":"https:\/\/i0.wp.com\/tuzlahortum.com.tr\/wp-content\/uploads\/2025\/08\/yakitsd10-p.png?fit=521%2C521&ssl=1&resize=350%2C200","width":350,"height":200},"classes":[]}],"jetpack_sharing_enabled":true,"jetpack_likes_enabled":true,"_links":{"self":[{"href":"https:\/\/tuzlahortum.com.tr\/en\/wp-json\/wp\/v2\/product\/21410","targetHints":{"allow":["GET"]}}],"collection":[{"href":"https:\/\/tuzlahortum.com.tr\/en\/wp-json\/wp\/v2\/product"}],"about":[{"href":"https:\/\/tuzlahortum.com.tr\/en\/wp-json\/wp\/v2\/types\/product"}],"replies":[{"embeddable":true,"href":"https:\/\/tuzlahortum.com.tr\/en\/wp-json\/wp\/v2\/comments?post=21410"}],"wp:featuredmedia":[{"embeddable":true,"href":"https:\/\/tuzlahortum.com.tr\/en\/wp-json\/wp\/v2\/media\/22280"}],"wp:attachment":[{"href":"https:\/\/tuzlahortum.com.tr\/en\/wp-json\/wp\/v2\/media?parent=21410"}],"wp:term":[{"taxonomy":"product_brand","embeddable":true,"href":"https:\/\/tuzlahortum.com.tr\/en\/wp-json\/wp\/v2\/product_brand?post=21410"},{"taxonomy":"product_cat","embeddable":true,"href":"https:\/\/tuzlahortum.com.tr\/en\/wp-json\/wp\/v2\/product_cat?post=21410"},{"taxonomy":"product_tag","embeddable":true,"href":"https:\/\/tuzlahortum.com.tr\/en\/wp-json\/wp\/v2\/product_tag?post=21410"}],"curies":[{"name":"wp","href":"https:\/\/api.w.org\/{rel}","templated":true}]}}