{"id":21371,"date":"2025-08-11T10:53:18","date_gmt":"2025-08-11T07:53:18","guid":{"rendered":"https:\/\/tuzlahortum.com.tr\/urun\/buhar-sw\/"},"modified":"2025-08-20T15:55:12","modified_gmt":"2025-08-20T12:55:12","slug":"buhar-sw","status":"publish","type":"product","link":"https:\/\/tuzlahortum.com.tr\/en\/product\/buhar-sw\/","title":{"rendered":"STEAM SW"},"content":{"rendered":"<p>&nbsp;<\/p>\n<div class=\"report-container\">\n<div class=\"report-header\">\n<div class=\"standard-text\">Product Name: STEAM SW<\/div>\n<div class=\"standard-text\">Product Code: SSW513<\/div>\n<\/div>\n<div class=\"product-image-container\">\n<div class=\"key-feature\">Steel Wire Reinforced Steam 200\u00b0C<\/div>\n<\/div>\n<div class=\"horizontal-line\"><\/div>\n<div class=\"product-details\">\n<div class=\"detail-row\">\n<div class=\"detail-label\">Area of Use<\/div>\n<div class=\"detail-value\">: For saturated steam services in chemical plants, steel mills, refineries, shipyards and all industries at a maximum working pressure of 17 bar (247 PSI).<\/div>\n<\/div>\n<div class=\"detail-row\">\n<div class=\"detail-label\">Substrate<\/div>\n<div class=\"detail-value\">: Saturated vapor resistant EPDM rubber<\/div>\n<\/div>\n<div class=\"detail-row\">\n<div class=\"detail-label\">Reinforcement Layer<\/div>\n<div class=\"detail-value\">: High Strength Steel Wire Cord<\/div>\n<\/div>\n<div class=\"detail-row\">\n<div class=\"detail-label\">Top Layer<\/div>\n<div class=\"detail-value\">: Special micro perforated synthetic rubber resistant to abrasion, heat, steam, oil, ozone and weathering.<\/div>\n<\/div>\n<\/div>\n<div class=\"datasheet_table\"><img decoding=\"async\" class=\"alignnone size-full\" src=\"https:\/\/tuzlahortum.com.tr\/wp-content\/uploads\/2025\/08\/datasheet225.svg\" alt=\"\" title=\"\"><\/div>\n<div class=\"table-notes\">On Demand Butyl tube<\/div>\n<div class=\"horizontal-line\"><\/div>\n<div class=\"footer\">\n<div class=\"standards-section\">\n<div class=\"standard-item\" style=\"margin-top: 9px;\"><\/div>\n<div class=\"standard-info\"><\/div>\n<\/div>\n<div class=\"temperature-section\">\n<div class=\"temp-icon\"><img decoding=\"async\" src=\"data:image\/svg+xml;base64,PD94bWwgdmVyc2lvbj0iMS4wIiBlbmNvZGluZz0iVVRGLTgiPz4KPHN2ZyBpZD0ia2F0bWFuXzIiIGRhdGEtbmFtZT0ia2F0bWFuIDIiIHhtbG5zPSJodHRwOi8vd3d3LnczLm9yZy8yMDAwL3N2ZyIgdmlld0JveD0iMCAwIDcyLjI3IDE2Ljk4Ij4KICA8ZGVmcz4KICAgIDxzdHlsZT4KICAgICAgLmNscy0xIHsKICAgICAgICBzdHJva2Utd2lkdGg6IC41OXB4OwogICAgICB9CgogICAgICAuY2xzLTEsIC5jbHMtMiwgLmNscy0zLCAuY2xzLTQgewogICAgICAgIGZpbGw6IG5vbmU7CiAgICAgICAgc3Ryb2tlLW1pdGVybGltaXQ6IDMuODY7CiAgICAgIH0KCiAgICAgIC5jbHMtMSwgLmNscy0zLCAuY2xzLTQgewogICAgICAgIHN0cm9rZTogI2E3YTlhYjsKICAgICAgfQoKICAgICAgLmNscy01IHsKICAgICAgICBmaWxsOiAjYTdhOWFiOwogICAgICB9CgogICAgICAuY2xzLTIgewogICAgICAgIHN0cm9rZTogI2ZmZjsKICAgICAgfQoKICAgICAgLmNscy0zIHsKICAgICAgICBzdHJva2Utd2lkdGg6IDIuMDZweDsKICAgICAgfQoKICAgICAgLmNscy00IHsKICAgICAgICBzdHJva2Utd2lkdGg6IC4ycHg7CiAgICAgIH0KICAgIDwvc3R5bGU+CiAgPC9kZWZzPgogIDxnIGlkPSJrYXRtYW5fMSIgZGF0YS1uYW1lPSJrYXRtYW4gMSI+CiAgICA8Zz4KICAgICAgPHBhdGggY2xhc3M9ImNscy0zIiBkPSJNMTEuMzQsMTEuNTdjLS45NCwxLjcxLTIuNzEsMi42Ni00LjgsMi42Ni0zLjA1LDAtNS41MS0yLjQ3LTUuNTEtNS41MlMzLjUsMy4xOSw2LjU1LDMuMTljMS45NCwwLDMuNjUsMSw0LjYzLDIuNTIiLz4KICAgICAgPGNpcmNsZSBjbGFzcz0iY2xzLTUiIGN4PSI2LjU1IiBjeT0iOC42NiIgcj0iMi40Ii8+CiAgICAgIDxjaXJjbGUgY2xhc3M9ImNscy0yIiBjeD0iNi41NSIgY3k9IjguNjYiIHI9IjIuNCIvPgogICAgICA8bGluZSBjbGFzcz0iY2xzLTMiIHgxPSI2OC4zNCIgeTE9IjExLjc2IiB4Mj0iOS45MiIgeTI9IjExLjc2Ii8+CiAgICAgIDxsaW5lIGNsYXNzPSJjbHMtMyIgeDE9IjY4Ljc4IiB5MT0iNS41MSIgeDI9IjkuNzMiIHkyPSI1LjUxIi8+CiAgICAgIDxsaW5lIGNsYXNzPSJjbHMtMyIgeDE9IjU0LjA3IiB5MT0iOC43NSIgeDI9IjguNjQiIHkyPSI4Ljc1Ii8+CiAgICAgIDxwYXRoIGNsYXNzPSJjbHMtMyIgZD0iTTY4LjE1LDUuNTVjMS43MSwwLDMuMDksMS4zOSwzLjA5LDMuMDlzLTEuOTIsMy4wNi0zLjYyLDMuMDYiLz4KICAgICAgPHBhdGggY2xhc3M9ImNscy01IiBkPSJNNTMuOTEsOC43NWMwLS4xNC4xMi0uMjYuMjYtLjI2cy4yNy4xMi4yNy4yNi0uMTIuMjctLjI3LjI3LS4yNi0uMTItLjI2LS4yN1oiLz4KICAgICAgPHBhdGggY2xhc3M9ImNscy0zIiBkPSJNNTMuOTEsOC43NWMwLS4xNC4xMi0uMjYuMjYtLjI2cy4yNy4xMi4yNy4yNi0uMTIuMjctLjI3LjI3LS4yNi0uMTItLjI2LS4yN1oiLz4KICAgICAgPGxpbmUgY2xhc3M9ImNscy0xIiB4MT0iMzYuNDMiIHkxPSIxNi45OCIgeDI9IjM2LjQzIiB5Mj0iMTQuMjQiLz4KICAgICAgPGxpbmUgY2xhc3M9ImNscy0xIiB4MT0iMjguMDUiIHkxPSIxNi45OCIgeDI9IjI4LjA1IiB5Mj0iMTQuMjQiLz4KICAgICAgPGxpbmUgY2xhc3M9ImNscy0xIiB4MT0iMTkuNTkiIHkxPSIxNi45OCIgeDI9IjE5LjU5IiB5Mj0iMTQuMjQiLz4KICAgICAgPGxpbmUgY2xhc3M9ImNscy0xIiB4MT0iNDEuNTciIHkxPSIyLjc0IiB4Mj0iNDEuNTciLz4KICAgICAgPGxpbmUgY2xhc3M9ImNscy0xIiB4MT0iMzMuMjgiIHkxPSIyLjc0IiB4Mj0iMzMuMjgiLz4KICAgICAgPGxpbmUgY2xhc3M9ImNscy0xIiB4MT0iMjQuOTkiIHkxPSIyLjc0IiB4Mj0iMjQuOTkiLz4KICAgICAgPGxpbmUgY2xhc3M9ImNscy0xIiB4MT0iMTYuMDgiIHkxPSIyLjc0IiB4Mj0iMTYuMDgiLz4KICAgICAgPGxpbmUgY2xhc3M9ImNscy0xIiB4MT0iNDQuNjMiIHkxPSIxNi45OCIgeDI9IjQ0LjYzIiB5Mj0iMTQuMjQiLz4KICAgICAgPGxpbmUgY2xhc3M9ImNscy0xIiB4MT0iNDkuNDkiIHkxPSIyLjc0IiB4Mj0iNDkuNDkiLz4KICAgICAgPGxpbmUgY2xhc3M9ImNscy00IiB4MT0iNDAuODgiIHkxPSIxNi45OCIgeDI9IjQwLjg4IiB5Mj0iMTQuMjQiLz4KICAgICAgPGxpbmUgY2xhc3M9ImNscy00IiB4MT0iMzIuMzMiIHkxPSIxNi45OCIgeDI9IjMyLjMzIiB5Mj0iMTQuMjQiLz4KICAgICAgPGxpbmUgY2xhc3M9ImNscy00IiB4MT0iMjMuNzkiIHkxPSIxNi45OCIgeDI9IjIzLjc5IiB5Mj0iMTQuMjQiLz4KICAgICAgPGxpbmUgY2xhc3M9ImNscy00IiB4MT0iMjAuNTkiIHkxPSIyLjc0IiB4Mj0iMjAuNTkiLz4KICAgICAgPGxpbmUgY2xhc3M9ImNscy00IiB4MT0iMjkuMTMiIHkxPSIyLjc0IiB4Mj0iMjkuMTMiLz4KICAgICAgPGxpbmUgY2xhc3M9ImNscy00IiB4MT0iMzcuMTYiIHkxPSIyLjc0IiB4Mj0iMzcuMTYiLz4KICAgICAgPGxpbmUgY2xhc3M9ImNscy00IiB4MT0iNDUuNzEiIHkxPSIyLjc0IiB4Mj0iNDUuNzEiLz4KICAgIDwvZz4KICA8L2c+Cjwvc3ZnPg==\" alt=\"S\u0131cakl\u0131k\" width=\"100\" title=\"\"><\/div>\n<div class=\"temp-values\">\n<div>-40\u00b0C \/ +208\u00b0C<\/div>\n<div>-40\u00b0F \/ +406\u00b0F<\/div>\n<\/div>\n<\/div>\n<div class=\"marking-section\">\n<div class=\"detail-row\">\n<div class=\"detail-label\">Branding<\/div>\n<div class=\"detail-value\">: Transfer Band or Embossed<\/div>\n<\/div>\n<p><img decoding=\"async\" class=\"marking-image\" src=\"data:image\/png;base64,iVBORw0KGgoAAAANSUhEUgAABf4AAAAoCAYAAACvpushAAAACXBIWXMAACE3AAAhNwEzWJ96AAAgAElEQVR4nO2dX2wb57nmH\/21c2xz65tTKBrg1D51shygLaAEELFO4gQxCWx0kgtpgMhwzkIi0qQusLIK2M5FJF1Y7gEcGaisAnXtZmVhN4YVgBKwSe0LykFP2rqgsKlw2gDUJi7sXowitFjAxSiubcmS9oJ8P34znBkOh0MNab0\/IIhFzp93Zr75hvN87\/e8Df\/8T996EcCvwDAMwzAMwzAMwzAMwzAMwzBMvfNSY9gRMAzDMAzDMAzDMAzDMAzDMAwTHCz8MwzDMAzDMAzDMAzDMAzDMMxjBAv\/DMMwDMMwDMMwDMMwDMMwDPMY0VzJyoqioC\/Zj6iqBhVPIJw5PYrFbBZRVcXQyLD4fDY1g5lUKsTIguElZQfe+M\/\/EHYYDLMt+eD\/\/h2\/0h+GHQbDMAzDMAzDMAzDMAzDOFKR8H9l+iraFSWoWAIjEomI\/3fGYuLz+cx8WCEFxp7WBozG\/hP2tDaEHQrDbDu+ureOz\/66GnYYDMMwDMMwDMMwDMMwDONKRVY\/tSj6P+688fQuFv0ZJiQufH4PK6ubYYfBMAzDMAzDMAzDMAzDMK6wx38d8eSuJvzgO7vCDoNhtiWf\/XUVH92+H3YYDMMwDMMwDMMwDMMwDFOSiqx+ZJZ0HadOnAxqc75ZzGZhGEbYYVSFU8\/sCTsEhtm2XPj8XtghMAzDMEzNE1VVLGazYYfBbBHvnRvDxPh56Loediih0KNpAPBY1JFjGIZhtp6BwUEMDB4PO4ySzGcyONp7xPa7K9NXTTbrtcrE+HlMjI8XfV7v8ZciMOFf13XMZzJBbY6x8Ow3W\/GSsiPsMBhmW\/LR7fv47C\/s7c8wDMMwTsgvroZh4GjvER4AeMzpjMXQrWmIqipefaUr7HC2HEVR8O7IMFYMg4V\/hmEYhmFqksCE\/yAIapTlaO+Rx24Q4lRHbWX7N7Y9hdZ\/GXRd5tHvr+HRwjXXdVd\/OY6N5S9t19\/5\/Z\/Zbqe5owvNz3Rh46tbWL32E8f90\/pu+wCApv0daHn5TeD+13jwwSnXY6J9O7F5dxlrNz903Z9tDOohtBx8HU37OsRnG8u3sHZzuugc0nGtffI+1m8vOMbodNytL7+Jxv0dJc8fk2NldbOusv0HBgfRo\/WIGiyL2SymJi+LF9Ir01c9bedo7xEMjQwjqqquy505PWor7NC6x95623EWFsXilDkA5Iq0X7h00XW5Uttx+j4SiWBg8Di6NQ2RSARLuo7Lk5cxNTnpGE+p82vdpxtux+0Vt2s0n5l3zAiIqioGBo8jnkgAyIl0N9Jp16xNt33NpmZM5yASiWBoZBjd+UzI+UzGsa0QiqLg7LkxxxmE9D39TphLp\/HOiZNF7ctLuyXm0nO217svmUQ8Ecdceg7zmQyGRoZt11\/SdZw5PWqKIaqqjssTi9kszpwetf2uL5nEwOBx0SYnxs+XFJTofB9OJMR6Z06PYi6dNi1Hsbnt3wkv97RdLEDuWk1NXrb9beanLfqNTY5xYPA4+pJJALnrcerEyaL2Sf0PtTmn8wrksn7fHRkWxzybShW1jceZeCKBgcHjWNJ1zKXT6NY0XJm+ihefe97zOZD7V8MwMDV52bEPiycS6Ev22\/Zz1FdMjJ8vanM9moZurcfx3nfrP6YmL9teeycikQjOnhtDJBIR\/R\/t3wm7ftKtTzEMAxPj50MbYOlL9gOAaf9e+2qZgcFBdMY6i65Z0OfLrs8mqA3T9V\/SdcykZjA1OWlantoI7XvFMNCuKOjRNBb\/GYZhmJpnNpXCTGrG0ztLrVL4XdUj3jfria2Ov6aEf8ae1\/Y\/gaf31talanhit0mktqNpXwean+nCg1\/80HHdhid2u64PABsWcbtxb1vJfcvru+0DyAnlYtm9bdi8u+y4bMl978tt72Fq1HbQw44d2jCaO4oHExrbDmCHNoyWg714mBoVIn7jN9rQsLcNG\/s67IX\/Z3LH07S\/w1b4b9zfgaZ9OeGfKc2VL\/6Or+6thx2GJ947N1b04Iiqav4FvBOnTpwsa3A1qqollyeRy\/oZCWqdsZijUELbdrOFiCcSJWPw+\/2V6asmgaddUTA0MgxFabcVRb2cX68xBYXbNeqMxRBVozj21ttF61yZvmq6dpFIBN2ahsOJhGOWrtu+5jPzpr\/PnhsTQi7FUkoEPJy\/1nZiXCQSwZXpq2LABci1DWVaKcoy9dJuCUVRbPfXn+xHu6JgYvw8IpGI6\/aiqoqjvUfEcZVa3o2+ZNL0A7w9L6AZhuEqONq15QuXLuKdEyeLBmT8xOb1nqbrZBVO44kE4olEUTx+26Kf2GSs7ZPieO2VLtNgg9N5tSaYxBMJnD03ZtpHt6ahXVECGeCrB7q1HizpOl59pQuGYWAmNYOPr19Dt6a5DqYSQyPD4joChcEZRWm3HQg0DMOxLbcrCjpjMXTG5ouE\/6gaRWcsVtRnFb5371OtbdiJqKri55cuij6L2jjF5oTTM9VtnXgigVdf6dpy8V9RFHEfTYyfB1BeXy3Tl+xHJBLBYtb8vKrG+bL22UBugMF6D7crSn5QMm5antoI7Xti\/DzOnhtDX7KfhX+GYRim5qEBcLfkploml3hX+G1Zb8J\/GPFzcd8aZ09rQ81l+1tZv7Ng+k8Wzpv2daD15TdDjK40spDfrB4KZJut\/\/IjNOwsfd2aO7pMov\/G8i1xHonGtgNoVl8oLPO35fznT9lukz5vbDtg+70YUClzVsJ25Kt76\/jgi\/rI9qfp9gDEg1wWPLo1DYr0Il7tWAr\/7iy5fI9LNp+X9f0wMDgoBD06X0RfMlkkGtTS+bVjMZsVMVkFSeuxDElZybTeUl7sjEQi6M9ncPolqqpCDFrSdSFGkaDrBLUDO0GORNTc9xmxzaiqCn9lP7QrSpFIHVVVtCsKljxaGFLGehDQdmjfJDS5\/Sh3a8tyBnoleL2n+5JJU7asfK1ysZrPUxBtsdz+Rm6ftE\/anxxfPJEQx0LL0fXos8Ql29vIx5wbfPM2+6TeiScSmEnNiHNE58zLNemMxUyiv3yuuzXNVsSVz7Hd9nL\/L943XQ+\/M4PfHRn21NcPjQybxO8gkJ898r1C+9tqDufvo9lUSgyY+emr4\/nZQVtVp83aZ0ciEbwrnT86v7LQLw8UWplJpWAYBqKqGurvAIZhGIbxAr2PRVUVhmGYfk\/UA1FVFb\/noqqKJV2vqxm2YcQfWBp5JBJBJBIJNGC\/P8rr6aKX4o2nd2FPa0PYYbhizegHcuLzzu\/\/DA07d6O5owurn7wfQmSlaWx7Cg1728TfTeoLWLs5XXK99TsLtsfdcrAXrV2DueN+pqvktloO9gIANh98jQe\/+KFJjG\/Y24YdXT9CY9sBrN38UHy+cXsBTfs6THGbjmfnbvFvu+\/FdpY5478UFz6\/h5XVzbDD8ASJpovZbFH28dlzY1gxDOi6jm9\/a59pvT\/9+Q4AFH0uU659miy2eMkujicSjrYjh11etiuBhDvZgkBRFJGpmLOQkO0GvJ1fK27nNUjOnB41xStnXvdoPeI7RcqetGauUtYyZW46Uao90LmaS6fFbAPy\/o4n4rbZv0pegHfKbKdtnjk9Kta\/cOki4okEDifipuOwZliTjaA1bprBEU8kTOK0HL+MXUErylLu1rSiNuxWAMuOuGTTQ1nTUVXFx9eviQEKu4xeOV5qy3ImfV8y6asIlIzXe5pimU2lTFnaUVXFe+fGMDV5WXwWRFssJzZrjHL7pJkWuf7mpGm78nI0c0UWASORiPjxLs9QoHZnbV+PM3bH6WXgia7Jkq7jaO8R6Lpu6sMGBo\/jaK+5zzEMA4Zh2L5\/RNUoANiKsPRZqZdca3+hKAo+un4NkUgEhxMJT7MYDMMQNjBWrMXZ6Fns1rfS80eGMtU7YzEoirKlBXbjiTiAnGVaIR7vfbV1OzOpGcd9+TlfXvts6nvt6lKQ\/VSpTP4beXsrr22DYRiGYcJiaGQYQyPDMAxDzMaulwLDxMfXc+4a85kMDj33PID6KdALbH38gWX8R1UVC3\/8A\/705zue\/1v44x9cMyOO9h7x9d\/j8oL15K4m\/OA7u8IOwxcby19iLS\/22wnUtQJl0pMI3rSvw1OmvhNrN6cL25Ky9O1o2LlHZOWv\/vInRRn4m3eX8eCDU7j\/\/g+x+WBFfL6e375dRr\/8md338rXgjH93PvvrKj66fT\/sMDxDD4lTFh9dwzBw7K23y\/bzDiKWxWwWUVUtKfy0K4rts0CeSh8kFJNhGCbfYV3ylrfL+Adq4\/x6gXyfAZhEJ9lz2SpkzKXTePG55ysWjkgEnZVEnFL2KxTXDYflCtssxEwist82QmIViU4EibpuIhRBU2Ursfch6Bjn0umirGnA\/jhpdgIAU1tezGbx43ybdJtR4xUv97SiKMKb3WrNQoKl3OaCaovl9jd27ZOEOnldWk4erJCzrOVMHfpO\/v1J2ycRejvgN\/GGBnjPnB4V15z6VgBC1LYiZ5PL0LJ2gjt9Vm4\/p+frbQDFfYYd8iBGKeQ2XC4zqZRYL+gZBqWQ72HCT19dqv93Wt7P+bLrs2mQz65WwsT4uKeixfQ8qdYsRYZhGIYJGnmmXb3WSJVnijvZONYyWxV\/qFY\/pab9b3dOPVPbFj+lqAdhuSlv7bN2c1pYFJUS7EtBvvulBhAanywI87K1jxVrzQH5vDbtN9cbsGb5W79vyg8GuO2PyVFPBX0BmIrN2rFVM6Eo+1UWLL0IonaZ\/V7EFT9QPPJUfoI+k7N4gdo5v+VgF1PhOBY9r1MuE+PncbT3iEkMKiXQHLbJHCWUvNd+0IVSSWCX7Rlkmx+volJQyQaFQr6lBxwIWXiznhsS09sVpaIBNK\/3dLn3SBBt0U9\/kysGW1z01Su6ZEUUxHLbHXkg1jpAqEt2W3aWSU7Cv\/y33B4qtfkp5163KxYNFCyw5BkHsqWUH0rdK+UMonu1ppKfo4Sfvpr63MVs1naQpBrny7peEM\/3cn7vMAzDMEwtQFaLnbEYhkaGMZtKmQbu64G+ZL+oJdaj9WBqcrKuBjG2Kv6KrH5IHKkWV6av+lqPKiTXM89+sxUvKTvCDuOxRs64X7+zgEfZX6Pl4Oto2t\/huTCv+\/bdiwr7ZfPuMjYffI2GnbvR8A3zbAoaTNi8u4yGfCFiuQBwY34gwK2AMQN8dPs+PvvLathh1CWyGDCfmc\/\/mOgsmfFtZwHj5qlbCQVPcXvBcTGbrdpsg8cFujZOgydW3Gb3RSIR0\/as5DJti61qgvBSnk2l0JdMCnsGyo4vR3yX46kkT8PJSqLUuQOc23IQVlN+7+mtwE9s1WpLjD\/kGg92uNll6fqSaRtAQRRe0nVhkSVbndF3lVBJe5lJpYrudTU\/KyTrcB\/7xVoweTaVKhLlyTKn47vfE9ZKhmHgx6dHXe1t6BzI2Wl++upCbRf7l9xqnq9K+2wZwzBMs45qMRmAYRiGYaxQjSCrTWe9JGhHIhFcuHQRgNk69NPf\/mbLZ0L6Yavir0j4P9p7BP3J\/rICsmZRuuE3a+JxEGtqvaCvF6iIbK2KzJTZv3l3GZt3l7F+ZyEn\/KuHAPi37aAseyrC68TGVwWP\/ZYy6yBsLH+Jpn0d+Qz\/wiAFnXMaxLDOAGjMDxSwv78zK6ubdZftDxREjh5NK+lFW01omvtidtFzBtySrguhnV6WyTZkLp2u2gBAOdTK+S0HO5GL\/t2j9fj2fX\/v3Jh47tt5IttBbcBOcKPra5e17r7NXFurZFrkTGoGfcmkyLCIS8Uqy6Ua3tp0HwDhTcH1ek\/TtfXqNR5EW\/TT39hvpzh7mSmfIIVULxQK\/BbsVVQpqz9XdL1dfEfvHzRg4Jeg7\/VKM9jt+nqqYSLTrWnYE4kICyWZs+fGRBw5G5xO12ddexmDKG59dTnWakSl54ug6yj3RZX0Abqui4J93JcwDMMw9YTVyrYesR5Du8uytUg146\/I6mcxm8WpEyfL8t+vNR\/kWuS1\/U\/g6b2B1V3echr2tqG5owvN+cK1a7\/7sMQa4dCct\/l5lP01gFzRXCCXqW9XGNcLTfs7xCwCWdi3Y\/PBihgUaXn5Tex84z1hPVQKilW2C6KYNx98jbXfTec\/K3zfsHOP8PivBxumsLjyxd\/x1b31sMMom2z+BfjdkWEMDA6GlsFqtdHx4rtNL8iywE\/WPzdsrF\/CoFbOr1fiiQTezWdwyIIKHUd7vpCxn0EVebCfCnA6kSsurNnGQpDND13rqKqWnHFBBTaB0vUD3FjMZrGUF2viiYSr5YRTHF6TGfxAwl2Y2fVe72ld18UP1ivTV9Gjaa7XMIi26Ke\/saNbFPytjf6mHsnZZpnrGVCx6mpBwq\/cH1P\/NCNqLBTuTxoE8CvKVsvGxa8FkaIoYiB2PpMx9Vskss+mUpgYPy8GM+OJhO3zK55ImKb4lyqsTeeyVF\/p1ldbrdXId79Un1qJZZNdn00zB7o1De9JAyDl4jTzimEYhmHKYS6dNtmmToyfx7G33hae\/O+cOClqe1FNJHpuL2azRX87bUv+u1vTRNHfzljMtA0\/uMVcKkbr8c+mUq7H\/86JkzhzehRnz41hYHAQFy5dhJ6vteT3Hare47dSv+ryY8qe1oa6y\/bf9W\/OP7zXbn6ItZvTVdlvY9tT2Pn9n\/lfP5+ZT373mw9WsH5nAU37OtDc0YXVa87iuNO+KeMegBDf3Xh4bRw73zibW1d9QcxCWL+zgPXsr\/Ho99dMhX2J9eVbaIHZ01\/MNFj+smAHtLcNDTv3YPPBirmmwG32+Lfjq3vr+OCL+sv2B3LF8+KJBCKRCAYGj2Ng8DgWs1nMpGYwm0pVNHI\/NDJsu77VVo1eqJd0XYgBJMR1xmKOD6659By6Nc2UYVhq+r8dfu3hvOD3\/DrF5GZf4Qen\/Vh9AskLvTMWE\/8ZhoEb6TRmUjOezrdhGEIc6ksmEYlEHGdC0I9HIDd90W771gKRtM7R3iOO8dB+y\/Hid2IunUZfMomz58YAlJd5OjQyLGaqWGONqqrtdVnMZj0lQUQiEfQl+wGENwBW7j09NXkZA4PH0a4oOHtuDGcxhrl0GjfSc0Xto9K26Le\/sUL7BrwXF2WKuZFOo1vTMJOawWI2ix5NQ1RVTcWRg4ZemMwFzGkWSKF9EeVkqVuJqqq4H4McICqnUG1nLCaseWSWdL2oT5lJpYoGA4CcuE3WZjJnTo+Kzy5PXi4p6Hud7e3WV1v7fuoz5zMZx2dkJYV9Afs+ezaVwsDgcVF7rlvTsKTrmEunMeXhXNjFyBn\/DMMwjF9kgVmZVsTMWMMwEE\/ExW\/qqBqFri9hLp3GXDqNzlinqGOVmzUfx7G33hY1kz6+fs00y7Yv2S\/+jk6qGBg8DgA49tbbYpvxRLzsAfHFbNYxZkqykrdPdZHmMxn86c93TMevXleFBZHd8RvGivi7M9YpjqHju98T24j\/sbzkIjl+2m458dPMynLjjyfigcRvR00L\/36FkXr293\/j6V3Y09oQdhiBsLF8KxCvfCcadu42Ce3l0KQeEh78G5IIvp79NZr2dRQVxS1332ufvO\/J4mg9+ykepkaxQxs2x7evA037OtDy8ptY\/eVPis4jZew37NyNhr1t2Ly7XJhpkD8eYQe0vwPr2U\/FIAHb\/Dhz4fN7WFndDDsMX8xnMjhzelT49AG5l+ihkdxD3IsdixNOD3trVi29kGel\/cxn5oWo7yz85yxeclmBJ00FO8t54a5mUT2\/5zfMQn80MGHlnRMnceHSRZOtA4kdVn9HO945cVJcS1q3lC0EgKJsYABiMIUyILwgC+KVZKIQZPdD7dlJ\/HUS3QDYipuUveoXWTALy16q3Ht6YnwcUTVqyt6nglV9yX4c7T1ius6VtEW\/\/Y0V+oE9m0pVxa5pu3B58jIOJxL4+Hrh90quD6pu26WaLPTMoMEgelmSraeozXi5zk6DqfLAZxAEYVtDgy1WrMdJ94fdjBj5mMqJxW0QpVRfXRjg924QVc758tpnU7bkhUsXxblpVxT0JZPoSyZNnrsMwzAMU23IMq49b\/lJA9ayBSgtJ0Pv0POZDCKRiKh1pOu6WJe2Rf8urFtIPqZ90DbKRd4PWeAVYo6KdwHavpIX02lGYruiwMj\/prMev7ytdkUBpN8h1hmgtI1K4m+37FNR2h3jp\/Mp\/yYtJ375elQSvx01Lfxvt2yJJ3c14Qff2RV2GGWzZuNN37g\/J1w\/8d\/\/J+7\/9L\/VnLUMifbrdxZMGfWUCd\/YdkAI6uWw+eBrPEyNYj37qed1Hi1cyw04qC+gWT0k9g3khP0d2jA2\/7ZsytKXC\/w27m3D+t1lIezTDIaN27nZC01tB\/LCf35goMauRa3w2V9X8dHt+2GHURFTk5O4kU6jL9lvmi4fiUTw80sXcei556u6fzsfX6++2\/OZjBAI6aFXa8+AsM+vGznRsuBbrSjt6NY0XJm+itde6TIJQLqu49VXutCjaTiciJtsdbo1DfOZeVuRw24wfiY1g25Nc\/xROJuayRdd7UdfMonF7KJp2\/G8zY+fLPugBPHFbFb8OCt3sInWt2bPVoqiKEKQDmJwwy9+7uljb72NzlgMPVoPOmMx0TZyA2XDJjHfb1v0G5uVHk0Ty4Z5nh8HaJrzwOBx8QK0Ffaesri\/pOtiIBEoePm3K4p4Sav0ufJjS3HcSimnUG2uzzP3lT1aTz5bfU\/J8+3Wt\/k9JrdtuvXV9PJrGEZZ09iDKOxr12fPZzJ48bnn0a1piOf7IuLsuTHb2RMMwzAMUw0uXLposq\/8+Po1UwIDJVnQLNeoqgphf2hERTwRh5IXnM+eG0Nftt9xW5\/+9jfQ87+fjvYeEevI2yiXUjHn3vntYwRyyReLkujtti3APBvwzOlRMYNw0adwXir+bqCm47ejpoX\/7capZ+rL4oewLUr7CbBDG0ZzRxd2aMO4\/9N\/DXy\/63cW8OAXP3T83s2CqJksdfL+\/sTG8pdCUG\/a14FHd+1nLFj33frym2h5+U007NztS1jffLCCRwvXRGZ\/Y9tTaDn4Opo7ugAALf+lt8iehzL6m\/Z1YP32QlFtgfU7Czk7oP0dwCeQ\/P0549+Oeizoa4cuTflXFEUIru2Kgngi4csnzs1yRcauQKau68JDXS7ea+VGeg7xRAKdsc4ij2avfPtb+2w\/d8r480O559cpJiecYp0YP+9aANXOGiWbXcTQyDAGBo\/bZk7PpFLS1MIEhkaG81mO\/YFlN9J25jMZXJm+WrTtQi0Hb+1SURThex+kUDuXnkNUVV0tPCiDWGY+M4+pyUnbdu1mV1EKEv3DzPYH\/N\/T85mMWIcE\/85YDN2ahjM2wqmftlhJf0Nwtn+wkOfpVkLiPonIQGEwqFD8tyDierX5sc5CMgwDU5OXAx+QLse6Rtf1oufA1OQkPr5+DX3JpMmWhl5ES9VLqRSn+6xUX11u30+Uc77K7bNz13gSU5OTYvYRWQD1Jfu5Th3DMAyzJVhnDVPmP2EVg60JL\/LfpbZFf5NFEAB0pjrRl0xWdAzlxGyNsdzjp7\/PnB4V7yCUgLRd47dSUvgfGhkOtHBdOT8+\/fo1W32nidzJ6\/S1TSB4T2aZZ7\/ZipeUHVXbfhisfvI+mju6fGfPV4uGvW1CBG9sO4DWl980L3B\/Bdi5G83qIc9WRWsL19CS305LR5f9YEgZbCx\/iYep3AtGc0eX8P43LZPP6G9se0ry978lZjDQAADNBKBZDpzxX8xHt+\/js7+shh1G4JBITaJ0Ttisjoe1XDCPMvetuPv8p3EWY4gnEtiTFxJq3bZtK8+vH2ZTKZPHvhtz6TR0XcfH169VpVitLAITJEiVk2UfpiBOGc3VplqDG+VS6T1NkBj88fVrYrqsm3jqpS0GEVuPNFOFs\/3rl0KB33YYFhuYQr9TmFYuz4xyg16+qok8hd7vvihjvi+ZRGcsBj3fL16ZvlrVwuOE0\/1cqq+m2V7l1Eso93xV0mfTIAAQ\/LswwzAMw9QKhZnPuRl1kUjE9nd1LTOXTptsjqz2QrXOVsRfUvin6SNh4He\/ToML1pGWWuJYHVr8lEIW+smOBgA2739d1nY2Ah4waFYPFf6dz6i3w05sd2Lz7nLBrudgb8XCP\/Fo4ZpjjHReGva22Yr6mw9WsHl3Ofe9dMxc2LeYxyXb3wnKpq8mcn9NL\/zFyzj7bpPQTw+5ID2Uq02Q59dJzPBTjJKELq\/PvcVsFku6vmXPSRJ+vApetSKIV5sgBzco872cGgpEpfe0DBXSpOtXilJtMYjYONu\/PqCp63IRZxkS+eW2Ig8aL+V9bRcjOWuYWrKQC8LfHwAMI5fwIdtq0QwI2cueLOCCwK0\/KdVXy5lw5VyPoM5XOdxIp021fbxQ60kLDMMwDAPknlevvpLTmgYGBwOdJb9VTE1Oihl5V6avlv3MDputij90q59a+gEeFq\/tfwLP\/mNr2GFsGbI43fCNNttlKCMfADb\/FqzwX46g36Qe8uzXv7ZwDU3qC2jYuRvNHV1VLWwMFCx7GtsOiEGWYjugW2ja24aW\/OAB2\/wU8\/PP7+Gre+thh1H3eJlNVWowdyY1g6GR3It9OVmA5UKChV2x2dznqmm5rWQrMsr94kWoyVki5KaGulkTAYXzTAUUrVyZvmqymaoV+5tqUu7gBg0I2d1\/5E8JlG855bTN4mXCSgypLDbO9q8dCm3Y\/npR8eejvUdshX\/DMGAYBjpjMdFXyMtls1nEEwnRn\/sZRK0W5djW+NnubCpl6ofJbisIFrOLppo8MqX6ajmLbeGPfyj6vjMWE\/2\/9fPcvmtTWKffFGH8dmAYhmGYSqil30d+qfdjqGb8oQn\/85mMyUdqu7KnteGxzPYHYMoyt7KxfAuNbQfQ\/Iy9QC7b75BlTRA07NwjsuPXPnlfFMIt2n\/Xj3LxqS94Fv7Xs5+KDHun47Lbz9on75sKDMtQrJsPimdJyAMoNJhhFXuH6NwAAAplSURBVPbX7yygSX1B+p5tfmRWVjfxwRePR7Z\/XzKJ2VTK9oWzEoszr9ALuZPVGtkOuPv8FzLrqvlsoG3HEwkoimISiXo0TcQoH0fY59cPdkKaoijojMVsxRilxKw4st\/r+O73xHlQLMsbhiFEH9lHuVKPac72tycreZhb2zLNQvErkvm5pwcGBx0HfKztsZK2WGl\/U062v7Xtkmhp\/XHudTnGjK7rMAwDkUgEPZpmag9UABZwb8dU4FcW\/wvfLebrx8TE\/mqFaACFaoHiZxC1RZoJUA0KA+hmi7tq9tVBnS8r8UQCuq7btrFyBjfpvPM9zzAMw9QyOR\/5efRoPRgaGYZhrKAv2R92WGVB7+W55I4VRCJ7Aktu2Aq2Ov6Swv9WZh8Gva\/5TMZXlttW8sbTu\/DkrqawwwicJvUQdmg5AW\/zwddFmeiPFq6htWsQTfs6sEMbxuovx4X43XKwV9jbrGd\/7SiK+6Ex74UP5DL0neoOULFcEt698ijv9U\/e+25Ce8vBXrQcfB1N+zuw+sn7RQMMLQd7Rd0Ap8GH9TsLpsEB6\/6sf9dKnYVa4b2FFaysboYdRsUoioKhkWH0aD1FvsQ9miYeItUS02W\/bfLEtTKfyQhhxsl+gwpzkhBULWQbkQuXLuJo7xEYhoGoquLd\/MDDDYuQEeb59QPFDMB0vgcGj6M7n+1sFeYvXLoIwPk46Br2JZOYGB8XBQ9z382L5ciyaWhkWBQVpox+WRCZTc2Y1iN6tB60KwpmUymxPGf72+PUljtjMdGW\/cye8XNP9+QLYUbVKH58etQksL53bqzIm9tvW6y0v\/Ga7U9icl+yX2xDHhik4yOxkKwx5zOZvIjdAyB4kfJx5EY6jW5Nw7sjw8jmvWaVfJsGctfT7ZlA14r+bf2OsLYnakt+a8pUur4agHUNefsDhb6e+k1FaS+KNygK7d48c85LX72k67b3HlkRLek6ZlMzRd8Hcb7sGBoZxp5IBD8+PWqKWf5NYPesslKLg0sMwzAMY4V01\/lMxndd1TCZz2TEO6ZhrDjaftYqYcQfutXPdubJXU04+vQ\/hB1Gxez6N3ex69HN6eLPfp8TyMkWx8nHfu13xetWQrOUGe8mgq8vfoqWg6+jYW9bSQFfxlTk9+DrokCvHZSF39h2ADvfOGsS7hvbnkLDzt2F7d780HYbG1\/dci3aax1wcZrhsB354u4jfHT7fthhBMLhfGZvVFVxZfqqEM\/lrNklXfctTLv9IDjae0SICW7bn8\/M54U4d9\/tQ8897yvGcpkYP4+z58YQVVVbqwFZlKjk\/Lp5JQY5MO12jW5Iwi8dy8DgcQwMHhcxy1mNdoILfd4Zi2Fg8Dh6tB7siUTEtZevKVk2dWua2C6dJ\/Ny9qJQZ6wT7YqCmdSMEFBIEG9XFNtzWouD\/J2xmOP1n89kipId5CyPs+fGcPbcmOn7ifHzttn01rYse+PLBSrLiY18wcu5pw\/nazZQsV2qK0CZ94C5dofftujFcsqtv+nOC\/IA8O+\/\/U3RumQvNZeeE6Lqp7\/9jTgWwDwwSPULyJ6EinLRMd+ooYLftcrE+Hl05wdVPr5+rai+Q6mBMLlg76JloEUWYa2Z2NSn292PXqhkfT+Ffd3u2yUpY51mAnVrWt4KKZdAE2Q2n939SvsE3PtqXddt+zKyItJtBg2CKIRsR1RVxXbPnhvDuyPDWMxmTQOMQOm6Q35qFjAMwzBMGFASS5AJAVuJHHcksifESPwRRvyNW7IXxpZj39mFPa0NYYdRVdbvLNgWut18sIIHv\/ihrYUN8TA1GnghWrIfKrVd+fum\/d6z\/qnIL5ArHNyw0\/lGfvi\/3hHLAkDDzt1o2teBpn0dJtH\/YWrUceBB\/nzD4Zhk+58gbZPqnfcWqjcFfquZmpw0iXvteQsNWfz7wVtvV23\/ZDPgloXnJBKExUwq5fgif8aSrRz2+a2E2VTKJKAc7T1iEr8oK9ppeZmZVMpUSFMWc+VrPzU5aVpOPk+Ps01PWMykUiaxSRZM3zlx0tfsGT\/39DsnTprioAx4aieL2awoXgX4b4tb1d\/kpkHnttMuWc7YtWP5b\/mYpyYnOfvXA7olA1xuw1OTkyXFVLktWM+3+bsl1ApBFqq1PoMWs1lxzvqSSTG4FjR2Anm1qFZh38Vs1tRPUuFh+ZjeOXGy5H1cKFZfemYAwzAMw4TJlemrGBgcLEoyqheiqooLly5iaGTYtk5crRNG\/CUz\/utx6ke1cPKS9cOz32zFa\/ufCGRbYbB5\/2v37PH7X+NR9lNXn\/uN5S9x\/6f\/ita8NU7D3rZc1vvtBaz9btpRnN+4u4z1OwslRWyKb\/N+bnChYW+bEMrXF0v79q\/d\/BCNTx4wFSD2su+1300DT+SE+8b9HY42PZsPVvDgg1No2t+B5o4uNLY9hca2A7n9LN\/CxvKXWP3kfdeZCRvLt8RxPpIGEWTWs5\/m7JLufx2obVI98yv9IT77y2rYYQTKmdOjmEvPoUfrweF8wT3KQp8YP+\/40uomqHjp7+hlmTJknZBFNC\/7Lmc5v9+fOnESur4krGUWs1lMjJ+3nZFQ7vndqqw\/t2s0m5opEk4Xs1m8+koXujUNPVqPEDfmMxnb5a0c7T2CoZFhkUk6NXnZNnOTlqNzNZdOY2L8vCcRmo5JXraS82m3PSt0Le28mSmj2+vzn5b3EpNdDG4xOnG09wgGBgdFW55LpzE1ebloe+XEVu49bRgGjvYeQY+m4XAibqoxMJeeM9n50Od+26Kf\/sZ6fE7IMR57621hSSS3Y7v7ndp8VFXzNiczJQtcMwUmxsexmM3m7aJULGazmJq87MnaSxa67a771ORkkRc9YH9ve+kv3Na3i81ue4qiCI9dr\/uxg2xzrG3y2FtvF\/XBU5OXMTB43NSXVNK30uyu\/mS\/mLJeyfbczqef8+W1z6bB075kP+KJBNoVRWzDrh+1u6bU37nNaGQYhmGYWiCqqlsyaF9N6Llbr2x1\/A3\/\/E\/fehHAr5wWcLMp2G7Q9O8g+B+H9+LZf2wNZFsMw5THf\/3f\/w9f3VsPOwyGYRiGYZi6RFEU\/HveBuvF556vam2eWiaeSODCpYtY0vUtsytkGIZhHh+ss15rFbf6PXINrVrGKTmo3uMvwUvs8R8Cr+1\/gkV\/hgmJn39+j0V\/hmEYhmGYCtDzs5Tkou\/bEaqdcDlfG4VhGIZhysGnmFtTeJmhWcvUe\/ylYI\/\/LWZPawOOfWdX2GEwzLZkZXUTH3xxL+wwGIZhGIZh6h6qzUAe99sNqmViGEbJAsAMwzAMwzBhUDLj\/9vf2rcVcWwb9rQ04qPbD8IOg2G2Jf\/nr6tYWd0MOwyGYRiGYZi6h7IU5cLd2wmqDQR4qwvBMAzDMAyz1ZT0+GcYhmEYhmEYhmEYK5FIhEVvhmEYhmGY2uQltvphGIZhGIZhGIZhyoZFf4ZhGIZhmNqFhX+GYRiGYRiGYRiGYRiGYRiGeYxg4Z9hGIZhGIZhGIZhGIZhGIZhHiOaAfwHgJfCDoRhGIZhGIZhGIZhGIZhGIZhmIr5j\/8Pfrwhprxlo1EAAAAASUVORK5CYII=\" alt=\"Markalama G\u00f6rseli\" title=\"\"><\/p>\n<\/div>\n<div>\n<table style=\"width: 100%;\" cellspacing=\"0\" cellpadding=\"0\">\n<tbody>\n<tr>\n<td style=\"width: 120px; font-weight: bold;\">Norm<\/td>\n<td style=\"width: 400px; text-align: left;\">BS 5342 TYPE 2 CLASS A<br \/>\nISO 1307<\/td>\n<td style=\"width: 120px; font-weight: bold;\">Colour<\/td>\n<td style=\"width: 400px;\">\n<div class=\"color-icons\"><img decoding=\"async\" src=\"data:image\/svg+xml;base64,PHN2ZyB2aWV3Qm94PSIwIDAgMTAwIDEwMCIgeG1sbnM9Imh0dHA6Ly93d3cudzMub3JnLzIwMDAvc3ZnIj4KICA8Y2lyY2xlIGN4PSI1MCIgY3k9IjUwIiByPSI0OSIgZmlsbD0iIzAwMDAwMCIgc3Ryb2tlPSJibGFjayIgc3Ryb2tlLXdpZHRoPSIwLjUiLz4KICA8Y2lyY2xlIGN4PSI1MCIgY3k9IjUwIiByPSIzOCIgZmlsbD0id2hpdGUiIHN0cm9rZT0iYmxhY2siIHN0cm9rZS13aWR0aD0iMC41Ii8+CiAgPGNpcmNsZSBjeD0iNTAiIGN5PSI1MCIgcj0iMzMiIGZpbGw9IiMwMDAwMDAiIHN0cm9rZT0iYmxhY2siIHN0cm9rZS13aWR0aD0iMC41Ii8+CiAgPGNpcmNsZSBjeD0iNTAiIGN5PSI1MCIgcj0iMjIiIGZpbGw9IndoaXRlIiBzdHJva2U9ImJsYWNrIiBzdHJva2Utd2lkdGg9IjAuNSIvPgo8L3N2Zz4=\" alt=\"\" title=\"\"><\/div>\n<\/td>\n<\/tr>\n<\/tbody>\n<\/table>\n<\/div>\n<\/div>\n<\/div>","protected":false},"excerpt":{"rendered":"<p>&nbsp; \u00dcr\u00fcn Ad\u0131: BUHAR SW \u00dcr\u00fcn Kodu: SSW513 \u00c7elik Tel Takviyeli Buhar 200\u00b0C Kullanim Alan\u0131 : Kimyasal tesislerde, \u00e7elik fabrikalar\u0131nda, rafinerilerde, tersanelerde ve t\u00fcm sanayilerde maksimum 17 bar (247 PSI) \u00e7al\u0131\u015fma bas\u0131nc\u0131nda doymu\u015f buhar hizmetleri i\u00e7in. Alt Katman : Doymu\u015f buhara dayan\u0131kl\u0131 EPDM kau\u00e7uk Takviye Katman\u0131 : Y\u00fcksek Mukavemetli \u00c7elik Tel Kordlu \u00dcst Katman : [&#8230;]\n","protected":false},"featured_media":22254,"comment_status":"open","ping_status":"closed","template":"","meta":{"jetpack_post_was_ever_published":false},"product_brand":[],"product_cat":[2358],"product_tag":[],"class_list":{"0":"post-21371","1":"product","2":"type-product","3":"status-publish","4":"has-post-thumbnail","6":"product_cat-sel_buhar_hortumlari","8":"first","9":"instock","10":"taxable","11":"shipping-taxable","12":"product-type-simple"},"jetpack-related-posts":[],"jetpack_sharing_enabled":true,"jetpack_likes_enabled":true,"_links":{"self":[{"href":"https:\/\/tuzlahortum.com.tr\/en\/wp-json\/wp\/v2\/product\/21371","targetHints":{"allow":["GET"]}}],"collection":[{"href":"https:\/\/tuzlahortum.com.tr\/en\/wp-json\/wp\/v2\/product"}],"about":[{"href":"https:\/\/tuzlahortum.com.tr\/en\/wp-json\/wp\/v2\/types\/product"}],"replies":[{"embeddable":true,"href":"https:\/\/tuzlahortum.com.tr\/en\/wp-json\/wp\/v2\/comments?post=21371"}],"wp:featuredmedia":[{"embeddable":true,"href":"https:\/\/tuzlahortum.com.tr\/en\/wp-json\/wp\/v2\/media\/22254"}],"wp:attachment":[{"href":"https:\/\/tuzlahortum.com.tr\/en\/wp-json\/wp\/v2\/media?parent=21371"}],"wp:term":[{"taxonomy":"product_brand","embeddable":true,"href":"https:\/\/tuzlahortum.com.tr\/en\/wp-json\/wp\/v2\/product_brand?post=21371"},{"taxonomy":"product_cat","embeddable":true,"href":"https:\/\/tuzlahortum.com.tr\/en\/wp-json\/wp\/v2\/product_cat?post=21371"},{"taxonomy":"product_tag","embeddable":true,"href":"https:\/\/tuzlahortum.com.tr\/en\/wp-json\/wp\/v2\/product_tag?post=21371"}],"curies":[{"name":"wp","href":"https:\/\/api.w.org\/{rel}","templated":true}]}}